{"id":12818,"date":"2024-06-07T15:24:33","date_gmt":"2024-06-07T13:24:33","guid":{"rendered":"https:\/\/www.myvaldetravers.ch\/?page_id=12818"},"modified":"2024-06-14T13:41:39","modified_gmt":"2024-06-14T11:41:39","slug":"workshops-mit-pferden-chevalparcoeur","status":"publish","type":"page","link":"https:\/\/www.myvaldetravers.ch\/de\/workshops-mit-pferden-chevalparcoeur\/","title":{"rendered":"Workshops mit Pferden &#8211; Chevalparcoeur"},"content":{"rendered":"<p>[vc_row][vc_column][vc_column_text]<\/p>\n<h2>Teilen Sie einen authentischen Moment mit den Pferden<\/h2>\n<p>Chevalparcoeur l\u00e4dt Sie zu einer authentischen Begegnung mit den Pferden ein, in einer gesch\u00fctzten Natur im Herzen des Val-de-Travers. Lassen Sie sich von den Tieren f\u00fchren, um Ihre pers\u00f6nlichen Ressourcen, Ihre St\u00e4rken und Ihre wahre Natur zu entdecken.<\/p>\n<p>Das ganze Jahr \u00fcber werden verschiedene Workshops angeboten, die Ihnen eine bereichernde Erfahrung erm\u00f6glichen. Ob Sie nun auf der Suche nach pers\u00f6nlicher Entwicklung sind oder einfach nur einen Moment der Entspannung im Einklang mit der Natur und dem Tier suchen, Sie werden vor Ort ein aufmerksames Team vorfinden, das Ihnen zuh\u00f6rt.<\/p>\n<p>Erleben Sie dieses sch\u00f6ne Abenteuer und lassen Sie sich von den Pferden bei einem der folgenden Workshops den Weg zu sich selbst zeigen:<\/p>\n<ul>\n<li>Entdeckungsfr\u00fchst\u00fcck<\/li>\n<li>Im Herzen des Selbst mit dem Pferd als F\u00fchrer<\/li>\n<li>\u00dcbergang zum Leben<\/li>\n<li>Zur\u00fcck zum Pferd<\/li>\n<li>Der Fluss unserer Emotionen &#8211; tauchen, ohne zu ertrinken<\/li>\n<li>Mutter und Sohn\/Tochter \/ Vater und Tochter\/Sohn &#8211; Gegens\u00e4tze oder Komplizen?<\/li>\n<li><\/li>\n<\/ul>\n<p><a href=\"https:\/\/www.chevalparcoeur.ch\/\">Hier<\/a> finden Sie alle Vorschl\u00e4ge f\u00fcr Aktivit\u00e4ten.[\/vc_column_text][vc_column_text]<\/p>\n<h5>Kontaktdaten des Partners<\/h5>\n<p>Chevalparcoeur<br \/>\n2406 La Ch\u00e2tagne NE<br \/>\nT 078 794 05 08<br \/>\n<a href=\"https:\/\/www.chevalparcoeur.ch\/\" target=\"_blank\" rel=\"noopener noreferrer\">www.chevalparcoeur.ch<\/a>[\/vc_column_text][\/vc_column][\/vc_row][vc_row][vc_column][vc_empty_space hide_on_mobile=&#8221;&#8221;][vc_separator]<div class=\"cq-dagallery-container\" style=\"width:100%;margin:0 auto;\"><ul class=\"cq-dagallery\" data-gallerywidth=\"100%\" data-width=\"270\" data-height=\"450\" data-color=\"#ffffff\" data-background=\"#00bfff\" data-opacity=\"0.8\"><li class=\"\" data-width=\"270\" data-height=\"450\" data-margin=\"10px\" style=\"margin:10px\"><a class=\"normal\" href=\"https:\/\/www.myvaldetravers.ch\/wp-content\/uploads\/2024\/06\/QCVS8216.jpg\" rel=\"1281822\"><img src='https:\/\/www.myvaldetravers.ch\/wp-content\/uploads\/2024\/06\/QCVS8216-270x180.jpg' width='270' height='450' \/><\/a><div class=\"dagallery-info\" style=\"padding:20px;color:#ffffff;background-color:#00bfff\"><\/div><\/li><li class=\"\" data-width=\"270\" data-height=\"450\" data-margin=\"10px\" style=\"margin:10px\"><a class=\"normal\" href=\"https:\/\/www.myvaldetravers.ch\/wp-content\/uploads\/2024\/06\/BDKR5387.jpg\" rel=\"1281822\"><img src='https:\/\/www.myvaldetravers.ch\/wp-content\/uploads\/2024\/06\/BDKR5387-270x203.jpg' width='270' height='450' \/><\/a><div class=\"dagallery-info\" style=\"padding:20px;color:#ffffff;background-color:#00bfff\"><\/div><\/li><li class=\"\" data-width=\"270\" data-height=\"450\" data-margin=\"10px\" style=\"margin:10px\"><a class=\"normal\" href=\"https:\/\/www.myvaldetravers.ch\/wp-content\/uploads\/2024\/06\/290123-4V9A1774-Modifier.jpg\" rel=\"1281822\"><img src='https:\/\/www.myvaldetravers.ch\/wp-content\/uploads\/2024\/06\/290123-4V9A1774-Modifier-270x405.jpg' width='270' height='450' \/><\/a><div class=\"dagallery-info\" style=\"padding:20px;color:#ffffff;background-color:#00bfff\"><\/div><\/li><\/ul><\/div>[\/vc_column][\/vc_row][vc_row][vc_column][\/vc_column][\/vc_row]<\/p>\n","protected":false},"excerpt":{"rendered":"<p>[vc_row][vc_column][vc_column_text] Teilen Sie einen authentischen Moment mit den Pferden Chevalparcoeur l\u00e4dt Sie zu einer authentischen Begegnung mit den Pferden ein, in einer gesch\u00fctzten Natur im Herzen des Val-de-Travers. Lassen Sie&hellip;<\/p>\n","protected":false},"author":73,"featured_media":12991,"parent":0,"menu_order":0,"comment_status":"closed","ping_status":"closed","template":"","meta":{"footnotes":""},"yoast_head":"<!-- This site is optimized with the Yoast SEO plugin v23.5 - https:\/\/yoast.com\/wordpress\/plugins\/seo\/ -->\n<title>Workshops mit Pferden - Chevalparcoeur - Destination Val-de-Travers<\/title>\n<meta name=\"description\" content=\"Authentische Begegnungen mit Pferden im Herzen des Val-de-Travers! Chevalparcoeur bietet ganzj\u00e4hrig Workshops in der Natur an.\" \/>\n<meta name=\"robots\" content=\"index, follow, max-snippet:-1, max-image-preview:large, max-video-preview:-1\" \/>\n<link rel=\"canonical\" href=\"https:\/\/www.myvaldetravers.ch\/de\/workshops-mit-pferden-chevalparcoeur\/\" \/>\n<meta property=\"og:locale\" content=\"de_DE\" \/>\n<meta property=\"og:type\" content=\"article\" \/>\n<meta property=\"og:title\" content=\"Workshops mit Pferden - Chevalparcoeur - Destination Val-de-Travers\" \/>\n<meta property=\"og:description\" content=\"Authentische Begegnungen mit Pferden im Herzen des Val-de-Travers! Chevalparcoeur bietet ganzj\u00e4hrig Workshops in der Natur an.\" \/>\n<meta property=\"og:url\" content=\"https:\/\/www.myvaldetravers.ch\/de\/workshops-mit-pferden-chevalparcoeur\/\" \/>\n<meta property=\"og:site_name\" content=\"Destination Val-de-Travers\" \/>\n<meta property=\"article:publisher\" content=\"https:\/\/www.facebook.com\/DestinationValdeTravers\/\" \/>\n<meta property=\"article:modified_time\" content=\"2024-06-14T11:41:39+00:00\" \/>\n<meta property=\"og:image\" content=\"https:\/\/www.myvaldetravers.ch\/wp-content\/uploads\/2024\/06\/QCVS8216.jpg\" \/>\n\t<meta property=\"og:image:width\" content=\"1600\" \/>\n\t<meta property=\"og:image:height\" content=\"1067\" \/>\n\t<meta property=\"og:image:type\" content=\"image\/jpeg\" \/>\n<meta name=\"twitter:card\" content=\"summary_large_image\" \/>\n<meta name=\"twitter:label1\" content=\"Gesch\u00e4tzte Lesezeit\" \/>\n\t<meta name=\"twitter:data1\" content=\"2\u00a0Minuten\" \/>\n<script type=\"application\/ld+json\" class=\"yoast-schema-graph\">{\"@context\":\"https:\/\/schema.org\",\"@graph\":[{\"@type\":\"WebPage\",\"@id\":\"https:\/\/www.myvaldetravers.ch\/de\/workshops-mit-pferden-chevalparcoeur\/\",\"url\":\"https:\/\/www.myvaldetravers.ch\/de\/workshops-mit-pferden-chevalparcoeur\/\",\"name\":\"Workshops mit Pferden - Chevalparcoeur - Destination Val-de-Travers\",\"isPartOf\":{\"@id\":\"https:\/\/www.myvaldetravers.ch\/de\/#website\"},\"primaryImageOfPage\":{\"@id\":\"https:\/\/www.myvaldetravers.ch\/de\/workshops-mit-pferden-chevalparcoeur\/#primaryimage\"},\"image\":{\"@id\":\"https:\/\/www.myvaldetravers.ch\/de\/workshops-mit-pferden-chevalparcoeur\/#primaryimage\"},\"thumbnailUrl\":\"https:\/\/www.myvaldetravers.ch\/wp-content\/uploads\/2024\/06\/QCVS8216.jpg\",\"datePublished\":\"2024-06-07T13:24:33+00:00\",\"dateModified\":\"2024-06-14T11:41:39+00:00\",\"description\":\"Authentische Begegnungen mit Pferden im Herzen des Val-de-Travers! Chevalparcoeur bietet ganzj\u00e4hrig Workshops in der Natur an.\",\"breadcrumb\":{\"@id\":\"https:\/\/www.myvaldetravers.ch\/de\/workshops-mit-pferden-chevalparcoeur\/#breadcrumb\"},\"inLanguage\":\"de\",\"potentialAction\":[{\"@type\":\"ReadAction\",\"target\":[\"https:\/\/www.myvaldetravers.ch\/de\/workshops-mit-pferden-chevalparcoeur\/\"]}]},{\"@type\":\"ImageObject\",\"inLanguage\":\"de\",\"@id\":\"https:\/\/www.myvaldetravers.ch\/de\/workshops-mit-pferden-chevalparcoeur\/#primaryimage\",\"url\":\"https:\/\/www.myvaldetravers.ch\/wp-content\/uploads\/2024\/06\/QCVS8216.jpg\",\"contentUrl\":\"https:\/\/www.myvaldetravers.ch\/wp-content\/uploads\/2024\/06\/QCVS8216.jpg\",\"width\":1600,\"height\":1067,\"caption\":\"Chevalparcoeur\"},{\"@type\":\"BreadcrumbList\",\"@id\":\"https:\/\/www.myvaldetravers.ch\/de\/workshops-mit-pferden-chevalparcoeur\/#breadcrumb\",\"itemListElement\":[{\"@type\":\"ListItem\",\"position\":1,\"name\":\"Accueil\",\"item\":\"https:\/\/www.myvaldetravers.ch\/de\/\"},{\"@type\":\"ListItem\",\"position\":2,\"name\":\"Workshops mit Pferden &#8211; Chevalparcoeur\"}]},{\"@type\":\"WebSite\",\"@id\":\"https:\/\/www.myvaldetravers.ch\/de\/#website\",\"url\":\"https:\/\/www.myvaldetravers.ch\/de\/\",\"name\":\"Destination Val-de-Travers\",\"description\":\"Il y a toujours quelque chose \u00e0 faire au Val-de-Travers.\",\"potentialAction\":[{\"@type\":\"SearchAction\",\"target\":{\"@type\":\"EntryPoint\",\"urlTemplate\":\"https:\/\/www.myvaldetravers.ch\/de\/?s={search_term_string}\"},\"query-input\":{\"@type\":\"PropertyValueSpecification\",\"valueRequired\":true,\"valueName\":\"search_term_string\"}}],\"inLanguage\":\"de\"}]}<\/script>\n<!-- \/ Yoast SEO plugin. -->","yoast_head_json":{"title":"Workshops mit Pferden - Chevalparcoeur - Destination Val-de-Travers","description":"Authentische Begegnungen mit Pferden im Herzen des Val-de-Travers! Chevalparcoeur bietet ganzj\u00e4hrig Workshops in der Natur an.","robots":{"index":"index","follow":"follow","max-snippet":"max-snippet:-1","max-image-preview":"max-image-preview:large","max-video-preview":"max-video-preview:-1"},"canonical":"https:\/\/www.myvaldetravers.ch\/de\/workshops-mit-pferden-chevalparcoeur\/","og_locale":"de_DE","og_type":"article","og_title":"Workshops mit Pferden - Chevalparcoeur - Destination Val-de-Travers","og_description":"Authentische Begegnungen mit Pferden im Herzen des Val-de-Travers! Chevalparcoeur bietet ganzj\u00e4hrig Workshops in der Natur an.","og_url":"https:\/\/www.myvaldetravers.ch\/de\/workshops-mit-pferden-chevalparcoeur\/","og_site_name":"Destination Val-de-Travers","article_publisher":"https:\/\/www.facebook.com\/DestinationValdeTravers\/","article_modified_time":"2024-06-14T11:41:39+00:00","og_image":[{"width":1600,"height":1067,"url":"https:\/\/www.myvaldetravers.ch\/wp-content\/uploads\/2024\/06\/QCVS8216.jpg","type":"image\/jpeg"}],"twitter_card":"summary_large_image","twitter_misc":{"Gesch\u00e4tzte Lesezeit":"2\u00a0Minuten"},"schema":{"@context":"https:\/\/schema.org","@graph":[{"@type":"WebPage","@id":"https:\/\/www.myvaldetravers.ch\/de\/workshops-mit-pferden-chevalparcoeur\/","url":"https:\/\/www.myvaldetravers.ch\/de\/workshops-mit-pferden-chevalparcoeur\/","name":"Workshops mit Pferden - Chevalparcoeur - Destination Val-de-Travers","isPartOf":{"@id":"https:\/\/www.myvaldetravers.ch\/de\/#website"},"primaryImageOfPage":{"@id":"https:\/\/www.myvaldetravers.ch\/de\/workshops-mit-pferden-chevalparcoeur\/#primaryimage"},"image":{"@id":"https:\/\/www.myvaldetravers.ch\/de\/workshops-mit-pferden-chevalparcoeur\/#primaryimage"},"thumbnailUrl":"https:\/\/www.myvaldetravers.ch\/wp-content\/uploads\/2024\/06\/QCVS8216.jpg","datePublished":"2024-06-07T13:24:33+00:00","dateModified":"2024-06-14T11:41:39+00:00","description":"Authentische Begegnungen mit Pferden im Herzen des Val-de-Travers! Chevalparcoeur bietet ganzj\u00e4hrig Workshops in der Natur an.","breadcrumb":{"@id":"https:\/\/www.myvaldetravers.ch\/de\/workshops-mit-pferden-chevalparcoeur\/#breadcrumb"},"inLanguage":"de","potentialAction":[{"@type":"ReadAction","target":["https:\/\/www.myvaldetravers.ch\/de\/workshops-mit-pferden-chevalparcoeur\/"]}]},{"@type":"ImageObject","inLanguage":"de","@id":"https:\/\/www.myvaldetravers.ch\/de\/workshops-mit-pferden-chevalparcoeur\/#primaryimage","url":"https:\/\/www.myvaldetravers.ch\/wp-content\/uploads\/2024\/06\/QCVS8216.jpg","contentUrl":"https:\/\/www.myvaldetravers.ch\/wp-content\/uploads\/2024\/06\/QCVS8216.jpg","width":1600,"height":1067,"caption":"Chevalparcoeur"},{"@type":"BreadcrumbList","@id":"https:\/\/www.myvaldetravers.ch\/de\/workshops-mit-pferden-chevalparcoeur\/#breadcrumb","itemListElement":[{"@type":"ListItem","position":1,"name":"Accueil","item":"https:\/\/www.myvaldetravers.ch\/de\/"},{"@type":"ListItem","position":2,"name":"Workshops mit Pferden &#8211; Chevalparcoeur"}]},{"@type":"WebSite","@id":"https:\/\/www.myvaldetravers.ch\/de\/#website","url":"https:\/\/www.myvaldetravers.ch\/de\/","name":"Destination Val-de-Travers","description":"Il y a toujours quelque chose \u00e0 faire au Val-de-Travers.","potentialAction":[{"@type":"SearchAction","target":{"@type":"EntryPoint","urlTemplate":"https:\/\/www.myvaldetravers.ch\/de\/?s={search_term_string}"},"query-input":{"@type":"PropertyValueSpecification","valueRequired":true,"valueName":"search_term_string"}}],"inLanguage":"de"}]}},"_links":{"self":[{"href":"https:\/\/www.myvaldetravers.ch\/de\/wp-json\/wp\/v2\/pages\/12818"}],"collection":[{"href":"https:\/\/www.myvaldetravers.ch\/de\/wp-json\/wp\/v2\/pages"}],"about":[{"href":"https:\/\/www.myvaldetravers.ch\/de\/wp-json\/wp\/v2\/types\/page"}],"author":[{"embeddable":true,"href":"https:\/\/www.myvaldetravers.ch\/de\/wp-json\/wp\/v2\/users\/73"}],"replies":[{"embeddable":true,"href":"https:\/\/www.myvaldetravers.ch\/de\/wp-json\/wp\/v2\/comments?post=12818"}],"version-history":[{"count":3,"href":"https:\/\/www.myvaldetravers.ch\/de\/wp-json\/wp\/v2\/pages\/12818\/revisions"}],"predecessor-version":[{"id":13001,"href":"https:\/\/www.myvaldetravers.ch\/de\/wp-json\/wp\/v2\/pages\/12818\/revisions\/13001"}],"wp:featuredmedia":[{"embeddable":true,"href":"https:\/\/www.myvaldetravers.ch\/de\/wp-json\/wp\/v2\/media\/12991"}],"wp:attachment":[{"href":"https:\/\/www.myvaldetravers.ch\/de\/wp-json\/wp\/v2\/media?parent=12818"}],"curies":[{"name":"wp","href":"https:\/\/api.w.org\/{rel}","templated":true}]}}