{"id":13982,"date":"2025-03-13T10:54:31","date_gmt":"2025-03-13T09:54:31","guid":{"rendered":"https:\/\/www.myvaldetravers.ch\/?page_id=13982"},"modified":"2025-11-10T14:10:24","modified_gmt":"2025-11-10T13:10:24","slug":"pension-beauregard","status":"publish","type":"page","link":"https:\/\/www.myvaldetravers.ch\/de\/pension-beauregard\/","title":{"rendered":"Pension Beauregard"},"content":{"rendered":"<p>[vc_row css=&#8221;.vc_custom_1554128789554{margin-top: -0.3em !important;}&#8221;][vc_column width=&#8221;2\/3&#8243;][vc_column_text]Dieses Geb\u00e4ude aus dem 17. Jahrhundert, ein ehemaliges Caf\u00e9, ist eines der \u00e4ltesten erhaltenen zivilen Geb\u00e4ude im Val-de-Travers.<\/p>\n<p>Im Jahr 2003 wurde es von der Association du Mus\u00e9e r\u00e9gional d&#8217;histoire et d&#8217;artisanat du Val-de-Travers erworben, um einen Raum f\u00fcr Ausstellungen regionaler K\u00fcnstler zu reservieren.<\/p>\n<h5>Praktische Tipps<\/h5>\n<p>Die Pension Beauregard kann f\u00fcr kulturelle Veranstaltungen zum Preis von CHF 200.- + CHF 42.- pro Miettag gemietet werden.<\/p>\n<p>F\u00fcr weitere Informationen wenden Sie sich bitte an die Verantwortliche: <a href=\"mailto:maryline.cavin@bluewin.ch\">maryline.cavin@bluewin.ch<\/a>.<\/p>\n<h5>\u00d6ffnungszeiten und Details<\/h5>\n<p>Bis zum 2. November samstags und sonntags von 14.00 bis 17.00 Uhr ge\u00f6ffnet.<\/p>\n<h5>Kontaktdaten des Partner<\/h5>\n<p>Pension Beauregard<br \/>\nGrande Rue 10<br \/>\n2114 Fleurier<br \/>\n<a href=\"http:\/\/www.mrvt.ch\" target=\"_blank\" rel=\"noopener noreferrer\">www.mrvt.ch<\/a>[\/vc_column_text][\/vc_column][vc_column width=&#8221;1\/3&#8243; css=&#8221;.vc_custom_1554128972031{background-color: #f6f6f7 !important;}&#8221; el_class=&#8221;colonne-info-droite&#8221;][vc_single_image image=&#8221;7069&#8243; alignment=&#8221;center&#8221;][vc_column_text]<\/p>\n<p style=\"text-align: center;\">Mus\u00e9e certifi\u00e9\u00a0<em><a href=\"https:\/\/www.myvaldetravers.ch\/de\/2025\/03\/12\/swisstainable\/\" target=\"_blank\" rel=\"noopener\">Swisstainable<\/a><\/em><\/p>\n<p>[\/vc_column_text][vc_empty_space hide_on_mobile=&#8221;&#8221;][\/vc_column][\/vc_row]<\/p>\n","protected":false},"excerpt":{"rendered":"<p>[vc_row css=&#8221;.vc_custom_1554128789554{margin-top: -0.3em !important;}&#8221;][vc_column width=&#8221;2\/3&#8243;][vc_column_text]Dieses Geb\u00e4ude aus dem 17. Jahrhundert, ein ehemaliges Caf\u00e9, ist eines der \u00e4ltesten erhaltenen zivilen Geb\u00e4ude im Val-de-Travers. Im Jahr 2003 wurde es von der Association&hellip;<\/p>\n","protected":false},"author":73,"featured_media":13988,"parent":0,"menu_order":0,"comment_status":"closed","ping_status":"closed","template":"","meta":{"footnotes":""},"yoast_head":"<!-- This site is optimized with the Yoast SEO plugin v23.5 - https:\/\/yoast.com\/wordpress\/plugins\/seo\/ -->\n<title>Pension Beauregard - Destination Val-de-Travers<\/title>\n<meta name=\"description\" content=\"Plongez au coeur de la pr\u00e9histoire avec l&#039;exposition temporaire &quot;N\u00e9andertal&quot; au Val-de-Travers \u00e0 la Pension Beauregard.\" \/>\n<meta name=\"robots\" content=\"index, follow, max-snippet:-1, max-image-preview:large, max-video-preview:-1\" \/>\n<link rel=\"canonical\" href=\"https:\/\/www.myvaldetravers.ch\/de\/pension-beauregard\/\" \/>\n<meta property=\"og:locale\" content=\"de_DE\" \/>\n<meta property=\"og:type\" content=\"article\" \/>\n<meta property=\"og:title\" content=\"Pension Beauregard - Destination Val-de-Travers\" \/>\n<meta property=\"og:description\" content=\"Plongez au coeur de la pr\u00e9histoire avec l&#039;exposition temporaire &quot;N\u00e9andertal&quot; au Val-de-Travers \u00e0 la Pension Beauregard.\" \/>\n<meta property=\"og:url\" content=\"https:\/\/www.myvaldetravers.ch\/de\/pension-beauregard\/\" \/>\n<meta property=\"og:site_name\" content=\"Destination Val-de-Travers\" \/>\n<meta property=\"article:publisher\" content=\"https:\/\/www.facebook.com\/DestinationValdeTravers\/\" \/>\n<meta property=\"article:modified_time\" content=\"2025-11-10T13:10:24+00:00\" \/>\n<meta property=\"og:image\" content=\"https:\/\/www.myvaldetravers.ch\/wp-content\/uploads\/2025\/03\/pensiobeauregard.jpg\" \/>\n\t<meta property=\"og:image:width\" content=\"680\" \/>\n\t<meta property=\"og:image:height\" content=\"366\" \/>\n\t<meta property=\"og:image:type\" content=\"image\/jpeg\" \/>\n<meta name=\"twitter:card\" content=\"summary_large_image\" \/>\n<meta name=\"twitter:label1\" content=\"Gesch\u00e4tzte Lesezeit\" \/>\n\t<meta name=\"twitter:data1\" content=\"2\u00a0Minuten\" \/>\n<script type=\"application\/ld+json\" class=\"yoast-schema-graph\">{\"@context\":\"https:\/\/schema.org\",\"@graph\":[{\"@type\":\"WebPage\",\"@id\":\"https:\/\/www.myvaldetravers.ch\/de\/pension-beauregard\/\",\"url\":\"https:\/\/www.myvaldetravers.ch\/de\/pension-beauregard\/\",\"name\":\"Pension Beauregard - Destination Val-de-Travers\",\"isPartOf\":{\"@id\":\"https:\/\/www.myvaldetravers.ch\/de\/#website\"},\"primaryImageOfPage\":{\"@id\":\"https:\/\/www.myvaldetravers.ch\/de\/pension-beauregard\/#primaryimage\"},\"image\":{\"@id\":\"https:\/\/www.myvaldetravers.ch\/de\/pension-beauregard\/#primaryimage\"},\"thumbnailUrl\":\"https:\/\/www.myvaldetravers.ch\/wp-content\/uploads\/2025\/03\/pensiobeauregard.jpg\",\"datePublished\":\"2025-03-13T09:54:31+00:00\",\"dateModified\":\"2025-11-10T13:10:24+00:00\",\"description\":\"Plongez au coeur de la pr\u00e9histoire avec l'exposition temporaire \\\"N\u00e9andertal\\\" au Val-de-Travers \u00e0 la Pension Beauregard.\",\"breadcrumb\":{\"@id\":\"https:\/\/www.myvaldetravers.ch\/de\/pension-beauregard\/#breadcrumb\"},\"inLanguage\":\"de\",\"potentialAction\":[{\"@type\":\"ReadAction\",\"target\":[\"https:\/\/www.myvaldetravers.ch\/de\/pension-beauregard\/\"]}]},{\"@type\":\"ImageObject\",\"inLanguage\":\"de\",\"@id\":\"https:\/\/www.myvaldetravers.ch\/de\/pension-beauregard\/#primaryimage\",\"url\":\"https:\/\/www.myvaldetravers.ch\/wp-content\/uploads\/2025\/03\/pensiobeauregard.jpg\",\"contentUrl\":\"https:\/\/www.myvaldetravers.ch\/wp-content\/uploads\/2025\/03\/pensiobeauregard.jpg\",\"width\":680,\"height\":366},{\"@type\":\"BreadcrumbList\",\"@id\":\"https:\/\/www.myvaldetravers.ch\/de\/pension-beauregard\/#breadcrumb\",\"itemListElement\":[{\"@type\":\"ListItem\",\"position\":1,\"name\":\"Accueil\",\"item\":\"https:\/\/www.myvaldetravers.ch\/de\/\"},{\"@type\":\"ListItem\",\"position\":2,\"name\":\"Pension Beauregard\"}]},{\"@type\":\"WebSite\",\"@id\":\"https:\/\/www.myvaldetravers.ch\/de\/#website\",\"url\":\"https:\/\/www.myvaldetravers.ch\/de\/\",\"name\":\"Destination Val-de-Travers\",\"description\":\"Il y a toujours quelque chose \u00e0 faire au Val-de-Travers.\",\"potentialAction\":[{\"@type\":\"SearchAction\",\"target\":{\"@type\":\"EntryPoint\",\"urlTemplate\":\"https:\/\/www.myvaldetravers.ch\/de\/?s={search_term_string}\"},\"query-input\":{\"@type\":\"PropertyValueSpecification\",\"valueRequired\":true,\"valueName\":\"search_term_string\"}}],\"inLanguage\":\"de\"}]}<\/script>\n<!-- \/ Yoast SEO plugin. -->","yoast_head_json":{"title":"Pension Beauregard - Destination Val-de-Travers","description":"Plongez au coeur de la pr\u00e9histoire avec l'exposition temporaire \"N\u00e9andertal\" au Val-de-Travers \u00e0 la Pension Beauregard.","robots":{"index":"index","follow":"follow","max-snippet":"max-snippet:-1","max-image-preview":"max-image-preview:large","max-video-preview":"max-video-preview:-1"},"canonical":"https:\/\/www.myvaldetravers.ch\/de\/pension-beauregard\/","og_locale":"de_DE","og_type":"article","og_title":"Pension Beauregard - Destination Val-de-Travers","og_description":"Plongez au coeur de la pr\u00e9histoire avec l'exposition temporaire \"N\u00e9andertal\" au Val-de-Travers \u00e0 la Pension Beauregard.","og_url":"https:\/\/www.myvaldetravers.ch\/de\/pension-beauregard\/","og_site_name":"Destination Val-de-Travers","article_publisher":"https:\/\/www.facebook.com\/DestinationValdeTravers\/","article_modified_time":"2025-11-10T13:10:24+00:00","og_image":[{"width":680,"height":366,"url":"https:\/\/www.myvaldetravers.ch\/wp-content\/uploads\/2025\/03\/pensiobeauregard.jpg","type":"image\/jpeg"}],"twitter_card":"summary_large_image","twitter_misc":{"Gesch\u00e4tzte Lesezeit":"2\u00a0Minuten"},"schema":{"@context":"https:\/\/schema.org","@graph":[{"@type":"WebPage","@id":"https:\/\/www.myvaldetravers.ch\/de\/pension-beauregard\/","url":"https:\/\/www.myvaldetravers.ch\/de\/pension-beauregard\/","name":"Pension Beauregard - Destination Val-de-Travers","isPartOf":{"@id":"https:\/\/www.myvaldetravers.ch\/de\/#website"},"primaryImageOfPage":{"@id":"https:\/\/www.myvaldetravers.ch\/de\/pension-beauregard\/#primaryimage"},"image":{"@id":"https:\/\/www.myvaldetravers.ch\/de\/pension-beauregard\/#primaryimage"},"thumbnailUrl":"https:\/\/www.myvaldetravers.ch\/wp-content\/uploads\/2025\/03\/pensiobeauregard.jpg","datePublished":"2025-03-13T09:54:31+00:00","dateModified":"2025-11-10T13:10:24+00:00","description":"Plongez au coeur de la pr\u00e9histoire avec l'exposition temporaire \"N\u00e9andertal\" au Val-de-Travers \u00e0 la Pension Beauregard.","breadcrumb":{"@id":"https:\/\/www.myvaldetravers.ch\/de\/pension-beauregard\/#breadcrumb"},"inLanguage":"de","potentialAction":[{"@type":"ReadAction","target":["https:\/\/www.myvaldetravers.ch\/de\/pension-beauregard\/"]}]},{"@type":"ImageObject","inLanguage":"de","@id":"https:\/\/www.myvaldetravers.ch\/de\/pension-beauregard\/#primaryimage","url":"https:\/\/www.myvaldetravers.ch\/wp-content\/uploads\/2025\/03\/pensiobeauregard.jpg","contentUrl":"https:\/\/www.myvaldetravers.ch\/wp-content\/uploads\/2025\/03\/pensiobeauregard.jpg","width":680,"height":366},{"@type":"BreadcrumbList","@id":"https:\/\/www.myvaldetravers.ch\/de\/pension-beauregard\/#breadcrumb","itemListElement":[{"@type":"ListItem","position":1,"name":"Accueil","item":"https:\/\/www.myvaldetravers.ch\/de\/"},{"@type":"ListItem","position":2,"name":"Pension Beauregard"}]},{"@type":"WebSite","@id":"https:\/\/www.myvaldetravers.ch\/de\/#website","url":"https:\/\/www.myvaldetravers.ch\/de\/","name":"Destination Val-de-Travers","description":"Il y a toujours quelque chose \u00e0 faire au Val-de-Travers.","potentialAction":[{"@type":"SearchAction","target":{"@type":"EntryPoint","urlTemplate":"https:\/\/www.myvaldetravers.ch\/de\/?s={search_term_string}"},"query-input":{"@type":"PropertyValueSpecification","valueRequired":true,"valueName":"search_term_string"}}],"inLanguage":"de"}]}},"_links":{"self":[{"href":"https:\/\/www.myvaldetravers.ch\/de\/wp-json\/wp\/v2\/pages\/13982"}],"collection":[{"href":"https:\/\/www.myvaldetravers.ch\/de\/wp-json\/wp\/v2\/pages"}],"about":[{"href":"https:\/\/www.myvaldetravers.ch\/de\/wp-json\/wp\/v2\/types\/page"}],"author":[{"embeddable":true,"href":"https:\/\/www.myvaldetravers.ch\/de\/wp-json\/wp\/v2\/users\/73"}],"replies":[{"embeddable":true,"href":"https:\/\/www.myvaldetravers.ch\/de\/wp-json\/wp\/v2\/comments?post=13982"}],"version-history":[{"count":4,"href":"https:\/\/www.myvaldetravers.ch\/de\/wp-json\/wp\/v2\/pages\/13982\/revisions"}],"predecessor-version":[{"id":14590,"href":"https:\/\/www.myvaldetravers.ch\/de\/wp-json\/wp\/v2\/pages\/13982\/revisions\/14590"}],"wp:featuredmedia":[{"embeddable":true,"href":"https:\/\/www.myvaldetravers.ch\/de\/wp-json\/wp\/v2\/media\/13988"}],"wp:attachment":[{"href":"https:\/\/www.myvaldetravers.ch\/de\/wp-json\/wp\/v2\/media?parent=13982"}],"curies":[{"name":"wp","href":"https:\/\/api.w.org\/{rel}","templated":true}]}}