{"id":14790,"date":"2026-05-04T14:13:03","date_gmt":"2026-05-04T12:13:03","guid":{"rendered":"https:\/\/www.myvaldetravers.ch\/?page_id=14790"},"modified":"2026-05-05T14:56:57","modified_gmt":"2026-05-05T12:56:57","slug":"vacances-famille-val-de-travers","status":"publish","type":"page","link":"https:\/\/www.myvaldetravers.ch\/de\/vacances-famille-val-de-travers\/","title":{"rendered":"FAMILIENFERIEN IM VAL-DE-TRAVERS"},"content":{"rendered":"<p>[vc_row css=&#8221;.vc_custom_1554128789554{margin-top: -0.3em !important;}&#8221;][vc_column][vc_column_text]<\/p>\n<h2>IHRE FAMILIENFERIEN IM VAL-DE-TRAVERS<\/h2>\n<p>Entdecken Sie das Val-de-Travers mit der Familie: ein Reiseziel, an dem Natur, Abenteuer und Geselligkeit aufeinandertreffen!<\/p>\n<p>Im Herzen des Val-de-Travers, zwischen dem majest\u00e4tischen Creux du Van und unber\u00fchrten Landschaften, finden Sie alles, was Sie f\u00fcr gelungene Familienferien brauchen. Ob Sie kinderfreundliche Wanderungen, spielerische Aktivit\u00e4ten, Babysitting-Angebote oder einfach eine passende Unterkunft und ein einladendes Restaurant suchen \u2013 auf dieser Seite finden Sie alle n\u00fctzlichen Informationen, um Ihre n\u00e4chste Reise ins Val-de-Travers zu planen.<\/p>\n<p>Alle auf den folgenden Seiten vorgestellten Anbieter haben die Familiencharta von Destination Val-de-Travers unterzeichnet und sind daher besonders familienfreundlich.[\/vc_column_text][vc_separator][\/vc_column][\/vc_row][vc_row][vc_column][vc_empty_space hide_on_mobile=&#8221;&#8221;][vc_column_text]<\/p>\n<h3>AKTIVIT\u00c4TEN UND FREIZEIT<\/h3>\n<p>[\/vc_column_text][vc_empty_space hide_on_mobile=&#8221;&#8221;][vc_row_inner][vc_column_inner width=&#8221;1\/4&#8243;][vc_empty_space hide_on_mobile=&#8221;&#8221;][vc_column_text]<\/p>\n<figure id=\"attachment_13110\" aria-describedby=\"caption-attachment-13110\" style=\"width: 300px\" class=\"wp-caption alignnone\"><a href=\"https:\/\/www.myvaldetravers.ch\/de\/familienaktivitaeten\/\" target=\"_blank\" rel=\"noopener\"><img loading=\"lazy\" decoding=\"async\" class=\"wp-image-13110 size-full\" src=\"https:\/\/www.myvaldetravers.ch\/wp-content\/uploads\/2024\/07\/2.png\" alt=\"\" width=\"300\" height=\"169\" srcset=\"https:\/\/www.myvaldetravers.ch\/wp-content\/uploads\/2024\/07\/2.png 300w, https:\/\/www.myvaldetravers.ch\/wp-content\/uploads\/2024\/07\/2-270x152.png 270w\" sizes=\"(max-width: 300px) 100vw, 300px\" \/><\/a><figcaption id=\"caption-attachment-13110\" class=\"wp-caption-text\">Familienaktivit\u00e4ten f\u00fcr den Sommer<\/figcaption><\/figure>\n<p>[\/vc_column_text][\/vc_column_inner][vc_column_inner width=&#8221;1\/4&#8243;][vc_empty_space hide_on_mobile=&#8221;&#8221;][vc_column_text]<\/p>\n<figure id=\"attachment_14833\" aria-describedby=\"caption-attachment-14833\" style=\"width: 300px\" class=\"wp-caption alignnone\"><a href=\"https:\/\/www.myvaldetravers.ch\/de\/?page_id=14887\" target=\"_blank\" rel=\"noopener\"><img loading=\"lazy\" decoding=\"async\" class=\"wp-image-14833 size-full\" src=\"https:\/\/www.myvaldetravers.ch\/wp-content\/uploads\/2026\/02\/300-x-169-site-desti-9.png\" alt=\"\" width=\"300\" height=\"169\" srcset=\"https:\/\/www.myvaldetravers.ch\/wp-content\/uploads\/2026\/02\/300-x-169-site-desti-9.png 300w, https:\/\/www.myvaldetravers.ch\/wp-content\/uploads\/2026\/02\/300-x-169-site-desti-9-270x152.png 270w\" sizes=\"(max-width: 300px) 100vw, 300px\" \/><\/a><figcaption id=\"caption-attachment-14833\" class=\"wp-caption-text\">Veranstaltungen<\/figcaption><\/figure>\n<p>[\/vc_column_text][\/vc_column_inner][vc_column_inner width=&#8221;1\/4&#8243;][vc_empty_space hide_on_mobile=&#8221;&#8221;][vc_column_text]<\/p>\n<figure id=\"attachment_14798\" aria-describedby=\"caption-attachment-14798\" style=\"width: 300px\" class=\"wp-caption alignnone\"><a href=\"https:\/\/www.myvaldetravers.ch\/de\/?page_id=14715\" target=\"_blank\" rel=\"noopener\"><img loading=\"lazy\" decoding=\"async\" class=\"wp-image-14798 size-full\" src=\"https:\/\/www.myvaldetravers.ch\/wp-content\/uploads\/2026\/02\/300-x-169-site-desti-1.png\" alt=\"\" width=\"300\" height=\"169\" srcset=\"https:\/\/www.myvaldetravers.ch\/wp-content\/uploads\/2026\/02\/300-x-169-site-desti-1.png 300w, https:\/\/www.myvaldetravers.ch\/wp-content\/uploads\/2026\/02\/300-x-169-site-desti-1-270x152.png 270w\" sizes=\"(max-width: 300px) 100vw, 300px\" \/><\/a><figcaption id=\"caption-attachment-14798\" class=\"wp-caption-text\">Kinderbetreuung<\/figcaption><\/figure>\n<p>[\/vc_column_text][\/vc_column_inner][vc_column_inner width=&#8221;1\/4&#8243;][vc_empty_space hide_on_mobile=&#8221;&#8221;][vc_column_text]<\/p>\n<figure id=\"attachment_5546\" aria-describedby=\"caption-attachment-5546\" style=\"width: 300px\" class=\"wp-caption alignnone\"><a href=\"https:\/\/www.myvaldetravers.ch\/de\/familienaktivitaeten-winter\/\" target=\"_blank\" rel=\"noopener\"><img loading=\"lazy\" decoding=\"async\" class=\"wp-image-5546 size-full\" src=\"https:\/\/www.myvaldetravers.ch\/wp-content\/uploads\/2021\/01\/6-1.jpg\" alt=\"Arbal\u00e8te de la Robella\" width=\"300\" height=\"169\" srcset=\"https:\/\/www.myvaldetravers.ch\/wp-content\/uploads\/2021\/01\/6-1.jpg 300w, https:\/\/www.myvaldetravers.ch\/wp-content\/uploads\/2021\/01\/6-1-270x152.jpg 270w\" sizes=\"(max-width: 300px) 100vw, 300px\" \/><\/a><figcaption id=\"caption-attachment-5546\" class=\"wp-caption-text\">Familienaktivit\u00e4ten im Winter<\/figcaption><\/figure>\n<p>[\/vc_column_text][\/vc_column_inner][\/vc_row_inner][vc_empty_space hide_on_mobile=&#8221;&#8221;][\/vc_column][\/vc_row][vc_row][vc_column][vc_empty_space hide_on_mobile=&#8221;&#8221;][vc_column_text]<\/p>\n<h3>PICKNICK- UND SPIELPL\u00c4TZE<\/h3>\n<p>[\/vc_column_text][vc_empty_space hide_on_mobile=&#8221;&#8221;][vc_row_inner][vc_column_inner width=&#8221;1\/4&#8243;][vc_empty_space hide_on_mobile=&#8221;&#8221;][vc_column_text]<\/p>\n<figure id=\"attachment_14802\" aria-describedby=\"caption-attachment-14802\" style=\"width: 300px\" class=\"wp-caption alignnone\"><a href=\"https:\/\/www.myvaldetravers.ch\/de\/?page_id=15293\" target=\"_blank\" rel=\"noopener\"><img loading=\"lazy\" decoding=\"async\" class=\"wp-image-14802 size-full\" src=\"https:\/\/www.myvaldetravers.ch\/wp-content\/uploads\/2026\/02\/300-x-169-site-desti-3.png\" alt=\"\" width=\"300\" height=\"169\" srcset=\"https:\/\/www.myvaldetravers.ch\/wp-content\/uploads\/2026\/02\/300-x-169-site-desti-3.png 300w, https:\/\/www.myvaldetravers.ch\/wp-content\/uploads\/2026\/02\/300-x-169-site-desti-3-270x152.png 270w\" sizes=\"(max-width: 300px) 100vw, 300px\" \/><\/a><figcaption id=\"caption-attachment-14802\" class=\"wp-caption-text\">Picknickpl\u00e4tze<\/figcaption><\/figure>\n<p>[\/vc_column_text][\/vc_column_inner][vc_column_inner width=&#8221;1\/4&#8243;][vc_empty_space hide_on_mobile=&#8221;&#8221;][vc_column_text]<\/p>\n<figure id=\"attachment_14805\" aria-describedby=\"caption-attachment-14805\" style=\"width: 300px\" class=\"wp-caption alignnone\"><a href=\"https:\/\/www.myvaldetravers.ch\/de\/?page_id=15063\" target=\"_blank\" rel=\"noopener\"><img loading=\"lazy\" decoding=\"async\" class=\"wp-image-14805 size-full\" src=\"https:\/\/www.myvaldetravers.ch\/wp-content\/uploads\/2026\/02\/300-x-169-site-desti-2.png\" alt=\"\" width=\"300\" height=\"169\" srcset=\"https:\/\/www.myvaldetravers.ch\/wp-content\/uploads\/2026\/02\/300-x-169-site-desti-2.png 300w, https:\/\/www.myvaldetravers.ch\/wp-content\/uploads\/2026\/02\/300-x-169-site-desti-2-270x152.png 270w\" sizes=\"(max-width: 300px) 100vw, 300px\" \/><\/a><figcaption id=\"caption-attachment-14805\" class=\"wp-caption-text\">Spielpl\u00e4tze<\/figcaption><\/figure>\n<p>[\/vc_column_text][\/vc_column_inner][vc_column_inner width=&#8221;1\/4&#8243;][\/vc_column_inner][vc_column_inner width=&#8221;1\/4&#8243;][\/vc_column_inner][\/vc_row_inner][vc_empty_space hide_on_mobile=&#8221;&#8221;][\/vc_column][\/vc_row][vc_row][vc_column][vc_empty_space hide_on_mobile=&#8221;&#8221;][vc_column_text]<\/p>\n<h3>RESTAURANTS UND UNTERK\u00dcNFTE F\u00dcR FAMILIEN<\/h3>\n<p>[\/vc_column_text][vc_empty_space hide_on_mobile=&#8221;&#8221;][vc_row_inner][vc_column_inner width=&#8221;1\/4&#8243;][vc_empty_space hide_on_mobile=&#8221;&#8221;][vc_column_text]<\/p>\n<figure id=\"attachment_14808\" aria-describedby=\"caption-attachment-14808\" style=\"width: 300px\" class=\"wp-caption alignnone\"><a href=\"https:\/\/www.myvaldetravers.ch\/de\/?page_id=14867\" target=\"_blank\" rel=\"noopener\"><img loading=\"lazy\" decoding=\"async\" class=\"wp-image-14808 size-full\" src=\"https:\/\/www.myvaldetravers.ch\/wp-content\/uploads\/2026\/02\/300-x-169-site-desti-5.png\" alt=\"\" width=\"300\" height=\"169\" srcset=\"https:\/\/www.myvaldetravers.ch\/wp-content\/uploads\/2026\/02\/300-x-169-site-desti-5.png 300w, https:\/\/www.myvaldetravers.ch\/wp-content\/uploads\/2026\/02\/300-x-169-site-desti-5-270x152.png 270w\" sizes=\"(max-width: 300px) 100vw, 300px\" \/><\/a><figcaption id=\"caption-attachment-14808\" class=\"wp-caption-text\">Family-friendly Restaurant<\/figcaption><\/figure>\n<p>[\/vc_column_text][\/vc_column_inner][vc_column_inner width=&#8221;1\/4&#8243;][vc_empty_space hide_on_mobile=&#8221;&#8221;][vc_column_text]<\/p>\n<figure id=\"attachment_14811\" aria-describedby=\"caption-attachment-14811\" style=\"width: 300px\" class=\"wp-caption alignnone\"><a href=\"http:\/\/myvaldetravers.ch\/hebergements-famille\/\" target=\"_blank\" rel=\"noopener\"><img loading=\"lazy\" decoding=\"async\" class=\"wp-image-14811 size-full\" src=\"https:\/\/www.myvaldetravers.ch\/wp-content\/uploads\/2026\/02\/300-x-169-site-desti-4.png\" alt=\"\" width=\"300\" height=\"169\" srcset=\"https:\/\/www.myvaldetravers.ch\/wp-content\/uploads\/2026\/02\/300-x-169-site-desti-4.png 300w, https:\/\/www.myvaldetravers.ch\/wp-content\/uploads\/2026\/02\/300-x-169-site-desti-4-270x152.png 270w\" sizes=\"(max-width: 300px) 100vw, 300px\" \/><\/a><figcaption id=\"caption-attachment-14811\" class=\"wp-caption-text\">Family-friendly Unterk\u00fcnfte<\/figcaption><\/figure>\n<p>[\/vc_column_text][\/vc_column_inner][vc_column_inner width=&#8221;1\/4&#8243;][\/vc_column_inner][vc_column_inner width=&#8221;1\/4&#8243;][\/vc_column_inner][\/vc_row_inner][vc_empty_space hide_on_mobile=&#8221;&#8221;][\/vc_column][\/vc_row][vc_row][vc_column][vc_empty_space hide_on_mobile=&#8221;&#8221;][vc_column_text]<\/p>\n<h3>SICH IM VAL-DE-TRAVERS FORTBEWEGEN<\/h3>\n<p>[\/vc_column_text][vc_empty_space hide_on_mobile=&#8221;&#8221;][vc_row_inner][vc_column_inner width=&#8221;1\/4&#8243;][vc_empty_space hide_on_mobile=&#8221;&#8221;][vc_column_text]<\/p>\n<figure id=\"attachment_14817\" aria-describedby=\"caption-attachment-14817\" style=\"width: 300px\" class=\"wp-caption alignnone\"><a href=\"https:\/\/www.myvaldetravers.ch\/de\/?page_id=15072\" target=\"_blank\" rel=\"noopener\"><img loading=\"lazy\" decoding=\"async\" class=\"wp-image-14817 size-full\" src=\"https:\/\/www.myvaldetravers.ch\/wp-content\/uploads\/2026\/02\/300-x-169-site-desti-6.png\" alt=\"\" width=\"300\" height=\"169\" srcset=\"https:\/\/www.myvaldetravers.ch\/wp-content\/uploads\/2026\/02\/300-x-169-site-desti-6.png 300w, https:\/\/www.myvaldetravers.ch\/wp-content\/uploads\/2026\/02\/300-x-169-site-desti-6-270x152.png 270w\" sizes=\"(max-width: 300px) 100vw, 300px\" \/><\/a><figcaption id=\"caption-attachment-14817\" class=\"wp-caption-text\">Wander- und Fahrradrouten f\u00fcr Familien<\/figcaption><\/figure>\n<p>[\/vc_column_text][\/vc_column_inner][vc_column_inner width=&#8221;1\/4&#8243;][vc_empty_space hide_on_mobile=&#8221;&#8221;][vc_column_text]<\/p>\n<figure id=\"attachment_14823\" aria-describedby=\"caption-attachment-14823\" style=\"width: 300px\" class=\"wp-caption alignnone\"><a href=\"https:\/\/www.myvaldetravers.ch\/de\/erlebnisse\/oev\/\" target=\"_blank\" rel=\"noopener\"><img loading=\"lazy\" decoding=\"async\" class=\"wp-image-14823 size-full\" src=\"https:\/\/www.myvaldetravers.ch\/wp-content\/uploads\/2026\/02\/300-x-169-site-desti-7.png\" alt=\"\" width=\"300\" height=\"169\" srcset=\"https:\/\/www.myvaldetravers.ch\/wp-content\/uploads\/2026\/02\/300-x-169-site-desti-7.png 300w, https:\/\/www.myvaldetravers.ch\/wp-content\/uploads\/2026\/02\/300-x-169-site-desti-7-270x152.png 270w\" sizes=\"(max-width: 300px) 100vw, 300px\" \/><\/a><figcaption id=\"caption-attachment-14823\" class=\"wp-caption-text\">\u00d6ffentliche Verkehrsmittel<\/figcaption><\/figure>\n<p>[\/vc_column_text][\/vc_column_inner][vc_column_inner width=&#8221;1\/4&#8243;][vc_empty_space hide_on_mobile=&#8221;&#8221;][vc_column_text]<\/p>\n<figure id=\"attachment_14827\" aria-describedby=\"caption-attachment-14827\" style=\"width: 300px\" class=\"wp-caption alignnone\"><a href=\"https:\/\/www.val-de-travers.ch\/page\/mobilite\" target=\"_blank\" rel=\"noopener\"><img loading=\"lazy\" decoding=\"async\" class=\"wp-image-14827 size-full\" src=\"https:\/\/www.myvaldetravers.ch\/wp-content\/uploads\/2026\/02\/300-x-169-site-desti-8.png\" alt=\"\" width=\"300\" height=\"169\" srcset=\"https:\/\/www.myvaldetravers.ch\/wp-content\/uploads\/2026\/02\/300-x-169-site-desti-8.png 300w, https:\/\/www.myvaldetravers.ch\/wp-content\/uploads\/2026\/02\/300-x-169-site-desti-8-270x152.png 270w\" sizes=\"(max-width: 300px) 100vw, 300px\" \/><\/a><figcaption id=\"caption-attachment-14827\" class=\"wp-caption-text\">Mobility CarSharing<\/figcaption><\/figure>\n<p>[\/vc_column_text][\/vc_column_inner][vc_column_inner width=&#8221;1\/4&#8243;][vc_empty_space hide_on_mobile=&#8221;&#8221;][\/vc_column_inner][\/vc_row_inner][vc_empty_space hide_on_mobile=&#8221;&#8221;][\/vc_column][\/vc_row]<\/p>\n","protected":false},"excerpt":{"rendered":"<p>[vc_row css=&#8221;.vc_custom_1554128789554{margin-top: -0.3em !important;}&#8221;][vc_column][vc_column_text] IHRE FAMILIENFERIEN IM VAL-DE-TRAVERS Entdecken Sie das Val-de-Travers mit der Familie: ein Reiseziel, an dem Natur, Abenteuer und Geselligkeit aufeinandertreffen! Im Herzen des Val-de-Travers, zwischen dem&hellip;<\/p>\n","protected":false},"author":73,"featured_media":14560,"parent":0,"menu_order":0,"comment_status":"closed","ping_status":"closed","template":"","meta":{"footnotes":""},"yoast_head":"<!-- This site is optimized with the Yoast SEO plugin v23.5 - https:\/\/yoast.com\/wordpress\/plugins\/seo\/ -->\n<title>Ihre Familienferien im Val-de-Travers<\/title>\n<meta name=\"description\" content=\"In der N\u00e4he von Neuch\u00e2tel erwarten Sie zahlreiche Aktivit\u00e4ten f\u00fcr die ganze Familie \u2013 f\u00fcr unvergessliche Ferien voller Entdeckungen.\" \/>\n<meta name=\"robots\" content=\"index, follow, max-snippet:-1, max-image-preview:large, max-video-preview:-1\" \/>\n<link rel=\"canonical\" href=\"https:\/\/www.myvaldetravers.ch\/de\/vacances-famille-val-de-travers\/\" \/>\n<meta property=\"og:locale\" content=\"de_DE\" \/>\n<meta property=\"og:type\" content=\"article\" \/>\n<meta property=\"og:title\" content=\"Ihre Familienferien im Val-de-Travers\" \/>\n<meta property=\"og:description\" content=\"In der N\u00e4he von Neuch\u00e2tel erwarten Sie zahlreiche Aktivit\u00e4ten f\u00fcr die ganze Familie \u2013 f\u00fcr unvergessliche Ferien voller Entdeckungen.\" \/>\n<meta property=\"og:url\" content=\"https:\/\/www.myvaldetravers.ch\/de\/vacances-famille-val-de-travers\/\" \/>\n<meta property=\"og:site_name\" content=\"Destination Val-de-Travers\" \/>\n<meta property=\"article:publisher\" content=\"https:\/\/www.facebook.com\/DestinationValdeTravers\/\" \/>\n<meta property=\"article:modified_time\" content=\"2026-05-05T12:56:57+00:00\" \/>\n<meta property=\"og:image\" content=\"https:\/\/www.myvaldetravers.ch\/wp-content\/uploads\/2025\/07\/Desti_VDT_LR-1C0A4208-1024x682.jpg\" \/>\n\t<meta property=\"og:image:width\" content=\"1024\" \/>\n\t<meta property=\"og:image:height\" content=\"682\" \/>\n\t<meta property=\"og:image:type\" content=\"image\/jpeg\" \/>\n<meta name=\"twitter:card\" content=\"summary_large_image\" \/>\n<meta name=\"twitter:label1\" content=\"Gesch\u00e4tzte Lesezeit\" \/>\n\t<meta name=\"twitter:data1\" content=\"4\u00a0Minuten\" \/>\n<script type=\"application\/ld+json\" class=\"yoast-schema-graph\">{\"@context\":\"https:\/\/schema.org\",\"@graph\":[{\"@type\":\"WebPage\",\"@id\":\"https:\/\/www.myvaldetravers.ch\/de\/vacances-famille-val-de-travers\/\",\"url\":\"https:\/\/www.myvaldetravers.ch\/de\/vacances-famille-val-de-travers\/\",\"name\":\"Ihre Familienferien im Val-de-Travers\",\"isPartOf\":{\"@id\":\"https:\/\/www.myvaldetravers.ch\/de\/#website\"},\"primaryImageOfPage\":{\"@id\":\"https:\/\/www.myvaldetravers.ch\/de\/vacances-famille-val-de-travers\/#primaryimage\"},\"image\":{\"@id\":\"https:\/\/www.myvaldetravers.ch\/de\/vacances-famille-val-de-travers\/#primaryimage\"},\"thumbnailUrl\":\"https:\/\/www.myvaldetravers.ch\/wp-content\/uploads\/2025\/07\/Desti_VDT_LR-1C0A4208.jpg\",\"datePublished\":\"2026-05-04T12:13:03+00:00\",\"dateModified\":\"2026-05-05T12:56:57+00:00\",\"description\":\"In der N\u00e4he von Neuch\u00e2tel erwarten Sie zahlreiche Aktivit\u00e4ten f\u00fcr die ganze Familie \u2013 f\u00fcr unvergessliche Ferien voller Entdeckungen.\",\"breadcrumb\":{\"@id\":\"https:\/\/www.myvaldetravers.ch\/de\/vacances-famille-val-de-travers\/#breadcrumb\"},\"inLanguage\":\"de\",\"potentialAction\":[{\"@type\":\"ReadAction\",\"target\":[\"https:\/\/www.myvaldetravers.ch\/de\/vacances-famille-val-de-travers\/\"]}]},{\"@type\":\"ImageObject\",\"inLanguage\":\"de\",\"@id\":\"https:\/\/www.myvaldetravers.ch\/de\/vacances-famille-val-de-travers\/#primaryimage\",\"url\":\"https:\/\/www.myvaldetravers.ch\/wp-content\/uploads\/2025\/07\/Desti_VDT_LR-1C0A4208.jpg\",\"contentUrl\":\"https:\/\/www.myvaldetravers.ch\/wp-content\/uploads\/2025\/07\/Desti_VDT_LR-1C0A4208.jpg\",\"width\":2000,\"height\":1333,\"caption\":\"Photo \u00e9t\u00e9 Vall\u00e9e Tamara Berger\"},{\"@type\":\"BreadcrumbList\",\"@id\":\"https:\/\/www.myvaldetravers.ch\/de\/vacances-famille-val-de-travers\/#breadcrumb\",\"itemListElement\":[{\"@type\":\"ListItem\",\"position\":1,\"name\":\"Accueil\",\"item\":\"https:\/\/www.myvaldetravers.ch\/de\/\"},{\"@type\":\"ListItem\",\"position\":2,\"name\":\"FAMILIENFERIEN IM VAL-DE-TRAVERS\"}]},{\"@type\":\"WebSite\",\"@id\":\"https:\/\/www.myvaldetravers.ch\/de\/#website\",\"url\":\"https:\/\/www.myvaldetravers.ch\/de\/\",\"name\":\"Destination Val-de-Travers\",\"description\":\"Il y a toujours quelque chose \u00e0 faire au Val-de-Travers.\",\"potentialAction\":[{\"@type\":\"SearchAction\",\"target\":{\"@type\":\"EntryPoint\",\"urlTemplate\":\"https:\/\/www.myvaldetravers.ch\/de\/?s={search_term_string}\"},\"query-input\":{\"@type\":\"PropertyValueSpecification\",\"valueRequired\":true,\"valueName\":\"search_term_string\"}}],\"inLanguage\":\"de\"}]}<\/script>\n<!-- \/ Yoast SEO plugin. -->","yoast_head_json":{"title":"Ihre Familienferien im Val-de-Travers","description":"In der N\u00e4he von Neuch\u00e2tel erwarten Sie zahlreiche Aktivit\u00e4ten f\u00fcr die ganze Familie \u2013 f\u00fcr unvergessliche Ferien voller Entdeckungen.","robots":{"index":"index","follow":"follow","max-snippet":"max-snippet:-1","max-image-preview":"max-image-preview:large","max-video-preview":"max-video-preview:-1"},"canonical":"https:\/\/www.myvaldetravers.ch\/de\/vacances-famille-val-de-travers\/","og_locale":"de_DE","og_type":"article","og_title":"Ihre Familienferien im Val-de-Travers","og_description":"In der N\u00e4he von Neuch\u00e2tel erwarten Sie zahlreiche Aktivit\u00e4ten f\u00fcr die ganze Familie \u2013 f\u00fcr unvergessliche Ferien voller Entdeckungen.","og_url":"https:\/\/www.myvaldetravers.ch\/de\/vacances-famille-val-de-travers\/","og_site_name":"Destination Val-de-Travers","article_publisher":"https:\/\/www.facebook.com\/DestinationValdeTravers\/","article_modified_time":"2026-05-05T12:56:57+00:00","og_image":[{"width":1024,"height":682,"url":"https:\/\/www.myvaldetravers.ch\/wp-content\/uploads\/2025\/07\/Desti_VDT_LR-1C0A4208-1024x682.jpg","type":"image\/jpeg"}],"twitter_card":"summary_large_image","twitter_misc":{"Gesch\u00e4tzte Lesezeit":"4\u00a0Minuten"},"schema":{"@context":"https:\/\/schema.org","@graph":[{"@type":"WebPage","@id":"https:\/\/www.myvaldetravers.ch\/de\/vacances-famille-val-de-travers\/","url":"https:\/\/www.myvaldetravers.ch\/de\/vacances-famille-val-de-travers\/","name":"Ihre Familienferien im Val-de-Travers","isPartOf":{"@id":"https:\/\/www.myvaldetravers.ch\/de\/#website"},"primaryImageOfPage":{"@id":"https:\/\/www.myvaldetravers.ch\/de\/vacances-famille-val-de-travers\/#primaryimage"},"image":{"@id":"https:\/\/www.myvaldetravers.ch\/de\/vacances-famille-val-de-travers\/#primaryimage"},"thumbnailUrl":"https:\/\/www.myvaldetravers.ch\/wp-content\/uploads\/2025\/07\/Desti_VDT_LR-1C0A4208.jpg","datePublished":"2026-05-04T12:13:03+00:00","dateModified":"2026-05-05T12:56:57+00:00","description":"In der N\u00e4he von Neuch\u00e2tel erwarten Sie zahlreiche Aktivit\u00e4ten f\u00fcr die ganze Familie \u2013 f\u00fcr unvergessliche Ferien voller Entdeckungen.","breadcrumb":{"@id":"https:\/\/www.myvaldetravers.ch\/de\/vacances-famille-val-de-travers\/#breadcrumb"},"inLanguage":"de","potentialAction":[{"@type":"ReadAction","target":["https:\/\/www.myvaldetravers.ch\/de\/vacances-famille-val-de-travers\/"]}]},{"@type":"ImageObject","inLanguage":"de","@id":"https:\/\/www.myvaldetravers.ch\/de\/vacances-famille-val-de-travers\/#primaryimage","url":"https:\/\/www.myvaldetravers.ch\/wp-content\/uploads\/2025\/07\/Desti_VDT_LR-1C0A4208.jpg","contentUrl":"https:\/\/www.myvaldetravers.ch\/wp-content\/uploads\/2025\/07\/Desti_VDT_LR-1C0A4208.jpg","width":2000,"height":1333,"caption":"Photo \u00e9t\u00e9 Vall\u00e9e Tamara Berger"},{"@type":"BreadcrumbList","@id":"https:\/\/www.myvaldetravers.ch\/de\/vacances-famille-val-de-travers\/#breadcrumb","itemListElement":[{"@type":"ListItem","position":1,"name":"Accueil","item":"https:\/\/www.myvaldetravers.ch\/de\/"},{"@type":"ListItem","position":2,"name":"FAMILIENFERIEN IM VAL-DE-TRAVERS"}]},{"@type":"WebSite","@id":"https:\/\/www.myvaldetravers.ch\/de\/#website","url":"https:\/\/www.myvaldetravers.ch\/de\/","name":"Destination Val-de-Travers","description":"Il y a toujours quelque chose \u00e0 faire au Val-de-Travers.","potentialAction":[{"@type":"SearchAction","target":{"@type":"EntryPoint","urlTemplate":"https:\/\/www.myvaldetravers.ch\/de\/?s={search_term_string}"},"query-input":{"@type":"PropertyValueSpecification","valueRequired":true,"valueName":"search_term_string"}}],"inLanguage":"de"}]}},"_links":{"self":[{"href":"https:\/\/www.myvaldetravers.ch\/de\/wp-json\/wp\/v2\/pages\/14790"}],"collection":[{"href":"https:\/\/www.myvaldetravers.ch\/de\/wp-json\/wp\/v2\/pages"}],"about":[{"href":"https:\/\/www.myvaldetravers.ch\/de\/wp-json\/wp\/v2\/types\/page"}],"author":[{"embeddable":true,"href":"https:\/\/www.myvaldetravers.ch\/de\/wp-json\/wp\/v2\/users\/73"}],"replies":[{"embeddable":true,"href":"https:\/\/www.myvaldetravers.ch\/de\/wp-json\/wp\/v2\/comments?post=14790"}],"version-history":[{"count":6,"href":"https:\/\/www.myvaldetravers.ch\/de\/wp-json\/wp\/v2\/pages\/14790\/revisions"}],"predecessor-version":[{"id":15340,"href":"https:\/\/www.myvaldetravers.ch\/de\/wp-json\/wp\/v2\/pages\/14790\/revisions\/15340"}],"wp:featuredmedia":[{"embeddable":true,"href":"https:\/\/www.myvaldetravers.ch\/de\/wp-json\/wp\/v2\/media\/14560"}],"wp:attachment":[{"href":"https:\/\/www.myvaldetravers.ch\/de\/wp-json\/wp\/v2\/media?parent=14790"}],"curies":[{"name":"wp","href":"https:\/\/api.w.org\/{rel}","templated":true}]}}