{"id":14867,"date":"2026-05-05T14:04:33","date_gmt":"2026-05-05T12:04:33","guid":{"rendered":"https:\/\/www.myvaldetravers.ch\/?page_id=14867"},"modified":"2026-05-05T14:04:33","modified_gmt":"2026-05-05T12:04:33","slug":"restaurants-famille","status":"publish","type":"page","link":"https:\/\/www.myvaldetravers.ch\/de\/restaurants-famille\/","title":{"rendered":"FAMILY-FRIENDLY RESTAURANTS IM VAL-DE-TRAVERS"},"content":{"rendered":"<p>[vc_row][vc_column][vc_column_text]Die \u201eFamily-Friendly\u201c-Restaurants heissen Familien und Kinder herzlich willkommen. Alle diese Betriebe haben die Familiencharta von Destination Val-de-Travers sowie die spezifische Gastronomie-Charta unterzeichnet und garantieren:<\/p>\n<ul>\n<li>3 ausgewogene und attraktive Kindermen\u00fcs<\/li>\n<li>mindestens einen Hochstuhl<\/li>\n<li>kindgerechtes Geschirr<\/li>\n<li>eine Spielecke\/B\u00fccher oder ein Malset<\/li>\n<li>einen zug\u00e4nglichen Wickeltisch<\/li>\n<li>M\u00f6glichkeiten zum Aufw\u00e4rmen von Mahlzeiten oder Babyfl\u00e4schchen<\/li>\n<\/ul>\n<p>Guten Appetit im Val-de-Travers![\/vc_column_text][vc_separator][\/vc_column][\/vc_row][vc_row][vc_column width=&#8221;1\/2&#8243;][vc_column_text]<\/p>\n<h6>Auberge de Noiraigue, Noiraigue<\/h6>\n<p>Die 2021 vollst\u00e4ndig renovierte Auberge ist ideal gelegen am Ausgangspunkt der Wanderungen in Richtung Areuse-Schluchten und Creux du Van. Wir verf\u00fcgen \u00fcber 4 Hotelzimmer mit Dusche und WC im Zimmer sowie \u00fcber eine Gruppenunterkunft und Doppel- und Dreibettzimmer mit Dusche und WC auf der Etage. Eine Sauna und ein Aufenthaltsraum exklusiv f\u00fcr Hotelg\u00e4ste stehen Ihnen ebenfalls zur Verf\u00fcgung.<\/p>\n<p>Place de la Gare 4<br \/>\n2103 Noiraigue<br \/>\nT 032 566 13 60<br \/>\n<a href=\"mailto:info@aubergedenoiraigue.ch\">info@aubergedenoiraigue.ch<\/a><br \/>\n<a href=\"https:\/\/aubergedenoiraigue.ch\/\" target=\"_blank\" rel=\"noopener\">www.aubergedenoiraigue.ch<\/a>[\/vc_column_text][vc_single_image image=&#8221;15160&#8243;][\/vc_column][vc_column width=&#8221;1\/2&#8243;][vc_gallery interval=&#8221;3&#8243; images=&#8221;14104,9543&#8243; img_size=&#8221;large&#8221; el_class=&#8221;testgalerie2&#8243;][\/vc_column][\/vc_row][vc_row][vc_column width=&#8221;1\/2&#8243;][vc_separator][vc_column_text]<\/p>\n<h6>Caf\u00e9 des Mines, Travers<\/h6>\n<p>Zwischen Travers und Couvet empf\u00e4ngt Sie das Caf\u00e9 des Mines in einer warmen und gem\u00fctlichen Atmosph\u00e4re. Vor oder nach Ihrem <a href=\"https:\/\/www.myvaldetravers.ch\/de\/erlebnisse\/asphaltminen\/#\/\">Besuch der Asphaltminen<\/a> k\u00f6nnen Sie hier die Hausspezialit\u00e4t geniessen: im Asphalt gegarter Schinken.<\/p>\n<p>Site de la Presta<br \/>\n2105 Travers<br \/>\nT 032 864 90 64<br \/>\n<a href=\"mailto:info@gout-region.ch\" target=\"_blank\" rel=\"noopener\">info@gout-region.ch<\/a><br \/>\n<a href=\"https:\/\/www.mines-asphalte.ch\/de\/cafe-des-mines\/\" target=\"_blank\" rel=\"noopener\">www.mines-asphalte.ch<\/a>[\/vc_column_text][vc_single_image image=&#8221;9012&#8243;][vc_single_image image=&#8221;15160&#8243;][\/vc_column][vc_column width=&#8221;1\/2&#8243;][vc_separator color=&#8221;white&#8221;][vc_gallery interval=&#8221;3&#8243; images=&#8221;8010,8022,8025,8019,1533,1535,14695&#8243; img_size=&#8221;large&#8221; el_class=&#8221;testgalerie2&#8243;][\/vc_column][\/vc_row][vc_row][vc_column width=&#8221;1\/2&#8243;][vc_separator][vc_column_text]<\/p>\n<h6>H\u00f4tel Restaurant de l&#8217;Aigle, Couvet<\/h6>\n<p>Das gesamte Team des H\u00f4tel de l\u2019Aigle empf\u00e4ngt Sie in einer warmen, authentischen und famili\u00e4ren Atmosph\u00e4re. Das Haus bietet regionale K\u00fcche, eine schattige Terrasse und einen sch\u00f6nen, baumbestandenen Garten.<\/p>\n<p>Grand-rue 27<br \/>\n2108 Couvet<br \/>\nT 032 864 90 64<br \/>\n<a href=\"mailto:info@gout-region.ch\" target=\"_blank\" rel=\"noopener noreferrer\">info@gout-region.ch<\/a><br \/>\n<a href=\"https:\/\/www.hotel-aigle.ch\/de\/\" target=\"_blank\" rel=\"noopener noreferrer\">www.hotel-aigle.ch<\/a>[\/vc_column_text][vc_single_image image=&#8221;9012&#8243;][vc_single_image image=&#8221;15160&#8243;][\/vc_column][vc_column width=&#8221;1\/2&#8243;][vc_text_separator title=&#8221;&#8221; color=&#8221;white&#8221;][vc_gallery interval=&#8221;3&#8243; images=&#8221;14171,14699,14186,3205,14671,14665&#8243; img_size=&#8221;large&#8221;][\/vc_column][\/vc_row][vc_row][vc_column width=&#8221;1\/2&#8243;][vc_separator][vc_column_text]<\/p>\n<h6>Le Self de Christophe, Couvet<\/h6>\n<p>Im ersten Stock des Sportkomplexes espaceVAL gelegen, bietet Ihnen das Self de Christophe jeden Mittag ein t\u00e4glich wechselndes Men\u00fc, das mit Sorgfalt und Grossz\u00fcgigkeit zubereitet wird. Kleiner Hunger nach dem Schwimmen? Das Self serviert Ihnen jederzeit Snacks und hausgemachte Backwaren.<\/p>\n<p>Clos Pury 15<br \/>\n2108 Couvet<br \/>\nT 032 863 11 65<br \/>\n<a href=\"mailto:leselfdechristophe@hotmail.com\">leselfdechristophe@hotmail.com<\/a><br \/>\n<a href=\"https:\/\/leselfdechristophe.ch\/\">www.leselfdechristophe.ch<\/a>[\/vc_column_text][vc_single_image image=&#8221;15160&#8243;][\/vc_column][vc_column width=&#8221;1\/2&#8243;][vc_separator color=&#8221;white&#8221;][vc_gallery interval=&#8221;3&#8243; images=&#8221;14860,14857&#8243; img_size=&#8221;large&#8221;][\/vc_column][\/vc_row][vc_row][vc_column width=&#8221;1\/2&#8243;][vc_separator][vc_column_text]<\/p>\n<h6><strong>\u00c0 c\u00f4t\u00e9: caf\u00e9, concerts et expositions, M\u00f4tiers<\/strong><\/h6>\n<p>A C\u00f4t\u00e9? Das ist ein altes Haus mit einer langen Wirtshaustradition im Zentrum des Dorfes M\u00f4tiers, nur wenige Schritte vom Bahnhof entfernt und gegen\u00fcber dem Priorat. A C\u00f4t\u00e9 ist zu einem Ort mit vielen Facetten geworden: ein helles kleines Caf\u00e9, ein gem\u00fctlicher Saal und eine sch\u00f6ne Terrasse, ge\u00f6ffnet am Wochenende und zeitweise mit Ausstellungen, Konzerten und \u2013 zur Ap\u00e9rozeit \u2013 Begegnungen mit Menschen mit faszinierenden Lebenswegen.<\/p>\n<p>rue Centrale 8<br \/>\n2112 M\u00f4tiers<br \/>\nT 079 240 13 13<br \/>\n<a href=\"https:\/\/www.a-cote-motiers.ch\/Deutsch\/\">www.a-cote-motiers.ch<\/a>[\/vc_column_text][vc_single_image image=&#8221;9012&#8243;][vc_single_image image=&#8221;15160&#8243;][\/vc_column][vc_column width=&#8221;1\/2&#8243;][vc_text_separator title=&#8221;&#8221; color=&#8221;white&#8221;][vc_gallery interval=&#8221;3&#8243; images=&#8221;4573,4576&#8243; img_size=&#8221;large&#8221;][\/vc_column][\/vc_row][vc_row][vc_column width=&#8221;1\/2&#8243;][vc_separator][vc_column_text]<\/p>\n<h6>Cr\u00eaperie Bach &amp; Buck, Fleurier<\/h6>\n<p>Herzhafte und s\u00fcsse Cr\u00eapes mit durchgehendem Angebot \u2013 das ist Bach &amp; Buck. Jeden Monat werden eine aktuelle herzhafte und eine s\u00fcsse Cr\u00eape des Monats angeboten.<\/p>\n<p>Place d&#8217;Armes 6<br \/>\n2114 Fleurier<br \/>\nT 032 860 10 35<br \/>\n<a href=\"mailto:contactfleurier@bachetbuck.ch\">contactfleurier@bachetbuck.ch<\/a><br \/>\n<a href=\"https:\/\/www.bachetbuck.ch\/fleurier\/cr%C3%AAperie-de-fleurier\/\">www.bachetbuck.ch<\/a>[\/vc_column_text][vc_single_image image=&#8221;15160&#8243;][\/vc_column][vc_column width=&#8221;1\/2&#8243;][vc_text_separator title=&#8221;&#8221; color=&#8221;white&#8221;][vc_gallery interval=&#8221;3&#8243; images=&#8221;8040,8043&#8243; img_size=&#8221;large&#8221; el_class=&#8221;testgalerie&#8221;][\/vc_column][\/vc_row][vc_row][vc_column width=&#8221;1\/2&#8243;][vc_separator][vc_column_text]<\/p>\n<h6>Le Snack 67, Fleurier<\/h6>\n<p>Das Snack 67 empf\u00e4ngt Sie in einer warmen und ungezwungenen Atmosph\u00e4re. Jeden Tag wird ein Tagesmen\u00fc angeboten, und am Abend erwartet Sie eine kleine Speisekarte. Ein Billardtisch, Tischfussball und Dart sorgen f\u00fcr Unterhaltung bei den Gr\u00f6sseren, w\u00e4hrend sich die Kleinen im Kugelparcours austoben k\u00f6nnen.<\/p>\n<p>Rue de la Place-d&#8217;Armes 3<br \/>\n2114 Fleurier<br \/>\nT 032 861 27 98[\/vc_column_text][vc_single_image image=&#8221;15160&#8243;][\/vc_column][vc_column width=&#8221;1\/2&#8243;][vc_separator color=&#8221;white&#8221;][vc_gallery interval=&#8221;3&#8243; images=&#8221;14854,14848,14851&#8243; img_size=&#8221;large&#8221;][\/vc_column][\/vc_row][vc_row][vc_column width=&#8221;1\/2&#8243;][vc_separator][vc_column_text]<\/p>\n<h6>H\u00f4tel de Ville &#8211; Salt &amp; Pepper, Les Verri\u00e8res<\/h6>\n<p>Das H\u00f4tel de Ville Les Verri\u00e8res ist die ideale Wahl f\u00fcr G\u00e4ste, die Charme und Ruhe verbinden m\u00f6chten \u2013 an einem praktischen Ausgangspunkt zur Entdeckung des Val-de-Travers. Das Hotel verf\u00fcgt \u00fcber 9 komfortable Zimmer und bietet einen aufmerksamen, pers\u00f6nlichen Service.<\/p>\n<p>Das halb-gastronomische Restaurant (mit k\u00f6stlichen Morchel-Spezialit\u00e4ten sowie indischen Gerichten) besticht durch sein originelles Ambiente mit zwei S\u00e4len und einer grossen Terrasse. Im ersten Stock befinden sich zudem ein Museum und eine Galerie \u00fcber die Bourbaki-Armee. Zu Fuss oder mit dem Velo lassen sich die zahlreichen ungew\u00f6hnlichen, sch\u00f6nen und interessanten Orte zwischen Les Verri\u00e8res und dem Val-de-Travers besonders gut entdecken.<\/p>\n<p>La Croix-Blanche 48<br \/>\n2126 Les Verri\u00e8res<br \/>\nT 032 866 10 00<br \/>\n<a href=\"mailto:info@hoteldeville-suisse.ch\">info@hoteldeville-suisse.ch<\/a><br \/>\n<a href=\"http:\/\/hoteldeville-suisse.ch\/\" target=\"_blank\" rel=\"noopener noreferrer\">www.hoteldeville-suisse.ch<\/a>[\/vc_column_text][vc_single_image image=&#8221;15160&#8243;][\/vc_column][vc_column width=&#8221;1\/2&#8243;][vc_text_separator title=&#8221;&#8221; color=&#8221;white&#8221;][vc_gallery interval=&#8221;3&#8243; images=&#8221;2796&#8243; img_size=&#8221;large&#8221;][\/vc_column][\/vc_row][vc_row][vc_column width=&#8221;1\/2&#8243;][vc_separator][vc_column_text]<\/p>\n<h6>Restaurant H\u00f4tel Les Cernets, Les Cernets<\/h6>\n<p>Eine authentische und ungezwungene Umgebung f\u00fcr genussvolle und gesellige Momente. Das Restaurant legt grossen Wert auf eine Speisekarte mit frischen regionalen Produkten, die sich im Laufe der Jahreszeiten ver\u00e4ndert. In einer zauberhaften, l\u00e4ndlichen Umgebung l\u00e4dt die wundersch\u00f6ne Terrasse zum Entspannen ein. Zwei Gastr\u00e4ume stehen Ihnen f\u00fcr die Organisation Ihrer Anl\u00e4sse zur Verf\u00fcgung \u2013 ganz nach Ihren W\u00fcnschen.<\/p>\n<p>Das Konzept <i>La Cabane \u00e0 BBQ<\/i> (ab 6 Personen) im Freien ist ausschliesslich auf Reservation verf\u00fcgbar. Z\u00f6gern Sie nicht, ein Angebot anzufordern.<\/p>\n<p>Les Petits Cernets 201<br \/>\n2126 Les Verri\u00e8res<br \/>\nT 032 866 12 65<br \/>\n<a href=\"mailto:info@hotel-lescernets.ch\">info@hotel-lescernets.ch<\/a><br \/>\n<a href=\"https:\/\/hotel-lescernets.ch\/\" target=\"_blank\" rel=\"noopener\">www.hotel-lescernets.ch<\/a>[\/vc_column_text][vc_single_image image=&#8221;15160&#8243;][\/vc_column][vc_column width=&#8221;1\/2&#8243;][vc_text_separator title=&#8221;&#8221; color=&#8221;white&#8221;][vc_gallery interval=&#8221;3&#8243; images=&#8221;10654,10672,10666&#8243; img_size=&#8221;large&#8221; el_class=&#8221;testgalerie2&#8243;][\/vc_column][\/vc_row]<\/p>\n","protected":false},"excerpt":{"rendered":"<p>[vc_row][vc_column][vc_column_text]Die \u201eFamily-Friendly\u201c-Restaurants heissen Familien und Kinder herzlich willkommen. Alle diese Betriebe haben die Familiencharta von Destination Val-de-Travers sowie die spezifische Gastronomie-Charta unterzeichnet und garantieren: 3 ausgewogene und attraktive Kindermen\u00fcs mindestens&hellip;<\/p>\n","protected":false},"author":73,"featured_media":3851,"parent":0,"menu_order":0,"comment_status":"closed","ping_status":"closed","template":"","meta":{"footnotes":""},"yoast_head":"<!-- This site is optimized with the Yoast SEO plugin v23.5 - https:\/\/yoast.com\/wordpress\/plugins\/seo\/ -->\n<title>Familienrestaurants im Val-de-Travers<\/title>\n<meta name=\"description\" content=\"Das Val-de-Travers bietet zahlreiche familienfreundliche Restaurants, die alle der spezifischen Familiencharta beigetreten sind.\" \/>\n<meta name=\"robots\" content=\"index, follow, max-snippet:-1, max-image-preview:large, max-video-preview:-1\" \/>\n<link rel=\"canonical\" href=\"https:\/\/www.myvaldetravers.ch\/de\/restaurants-famille\/\" \/>\n<meta property=\"og:locale\" content=\"de_DE\" \/>\n<meta property=\"og:type\" content=\"article\" \/>\n<meta property=\"og:title\" content=\"Familienrestaurants im Val-de-Travers\" \/>\n<meta property=\"og:description\" content=\"Das Val-de-Travers bietet zahlreiche familienfreundliche Restaurants, die alle der spezifischen Familiencharta beigetreten sind.\" \/>\n<meta property=\"og:url\" content=\"https:\/\/www.myvaldetravers.ch\/de\/restaurants-famille\/\" \/>\n<meta property=\"og:site_name\" content=\"Destination Val-de-Travers\" \/>\n<meta property=\"article:publisher\" content=\"https:\/\/www.facebook.com\/DestinationValdeTravers\/\" \/>\n<meta property=\"og:image\" content=\"https:\/\/www.myvaldetravers.ch\/wp-content\/uploads\/2020\/05\/P1140554-1024x576.jpg\" \/>\n\t<meta property=\"og:image:width\" content=\"1024\" \/>\n\t<meta property=\"og:image:height\" content=\"576\" \/>\n\t<meta property=\"og:image:type\" content=\"image\/jpeg\" \/>\n<meta name=\"twitter:card\" content=\"summary_large_image\" \/>\n<meta name=\"twitter:label1\" content=\"Gesch\u00e4tzte Lesezeit\" \/>\n\t<meta name=\"twitter:data1\" content=\"13\u00a0Minuten\" \/>\n<script type=\"application\/ld+json\" class=\"yoast-schema-graph\">{\"@context\":\"https:\/\/schema.org\",\"@graph\":[{\"@type\":\"WebPage\",\"@id\":\"https:\/\/www.myvaldetravers.ch\/de\/restaurants-famille\/\",\"url\":\"https:\/\/www.myvaldetravers.ch\/de\/restaurants-famille\/\",\"name\":\"Familienrestaurants im Val-de-Travers\",\"isPartOf\":{\"@id\":\"https:\/\/www.myvaldetravers.ch\/de\/#website\"},\"primaryImageOfPage\":{\"@id\":\"https:\/\/www.myvaldetravers.ch\/de\/restaurants-famille\/#primaryimage\"},\"image\":{\"@id\":\"https:\/\/www.myvaldetravers.ch\/de\/restaurants-famille\/#primaryimage\"},\"thumbnailUrl\":\"https:\/\/www.myvaldetravers.ch\/wp-content\/uploads\/2020\/05\/P1140554.jpg\",\"datePublished\":\"2026-05-05T12:04:33+00:00\",\"dateModified\":\"2026-05-05T12:04:33+00:00\",\"description\":\"Das Val-de-Travers bietet zahlreiche familienfreundliche Restaurants, die alle der spezifischen Familiencharta beigetreten sind.\",\"breadcrumb\":{\"@id\":\"https:\/\/www.myvaldetravers.ch\/de\/restaurants-famille\/#breadcrumb\"},\"inLanguage\":\"de\",\"potentialAction\":[{\"@type\":\"ReadAction\",\"target\":[\"https:\/\/www.myvaldetravers.ch\/de\/restaurants-famille\/\"]}]},{\"@type\":\"ImageObject\",\"inLanguage\":\"de\",\"@id\":\"https:\/\/www.myvaldetravers.ch\/de\/restaurants-famille\/#primaryimage\",\"url\":\"https:\/\/www.myvaldetravers.ch\/wp-content\/uploads\/2020\/05\/P1140554.jpg\",\"contentUrl\":\"https:\/\/www.myvaldetravers.ch\/wp-content\/uploads\/2020\/05\/P1140554.jpg\",\"width\":2560,\"height\":1440,\"caption\":\"Restaurant H\u00f4tel de ville, Les Verri\u00e8res, Val-de-Travers\"},{\"@type\":\"BreadcrumbList\",\"@id\":\"https:\/\/www.myvaldetravers.ch\/de\/restaurants-famille\/#breadcrumb\",\"itemListElement\":[{\"@type\":\"ListItem\",\"position\":1,\"name\":\"Accueil\",\"item\":\"https:\/\/www.myvaldetravers.ch\/de\/\"},{\"@type\":\"ListItem\",\"position\":2,\"name\":\"FAMILY-FRIENDLY RESTAURANTS IM VAL-DE-TRAVERS\"}]},{\"@type\":\"WebSite\",\"@id\":\"https:\/\/www.myvaldetravers.ch\/de\/#website\",\"url\":\"https:\/\/www.myvaldetravers.ch\/de\/\",\"name\":\"Destination Val-de-Travers\",\"description\":\"Il y a toujours quelque chose \u00e0 faire au Val-de-Travers.\",\"potentialAction\":[{\"@type\":\"SearchAction\",\"target\":{\"@type\":\"EntryPoint\",\"urlTemplate\":\"https:\/\/www.myvaldetravers.ch\/de\/?s={search_term_string}\"},\"query-input\":{\"@type\":\"PropertyValueSpecification\",\"valueRequired\":true,\"valueName\":\"search_term_string\"}}],\"inLanguage\":\"de\"}]}<\/script>\n<!-- \/ Yoast SEO plugin. -->","yoast_head_json":{"title":"Familienrestaurants im Val-de-Travers","description":"Das Val-de-Travers bietet zahlreiche familienfreundliche Restaurants, die alle der spezifischen Familiencharta beigetreten sind.","robots":{"index":"index","follow":"follow","max-snippet":"max-snippet:-1","max-image-preview":"max-image-preview:large","max-video-preview":"max-video-preview:-1"},"canonical":"https:\/\/www.myvaldetravers.ch\/de\/restaurants-famille\/","og_locale":"de_DE","og_type":"article","og_title":"Familienrestaurants im Val-de-Travers","og_description":"Das Val-de-Travers bietet zahlreiche familienfreundliche Restaurants, die alle der spezifischen Familiencharta beigetreten sind.","og_url":"https:\/\/www.myvaldetravers.ch\/de\/restaurants-famille\/","og_site_name":"Destination Val-de-Travers","article_publisher":"https:\/\/www.facebook.com\/DestinationValdeTravers\/","og_image":[{"width":1024,"height":576,"url":"https:\/\/www.myvaldetravers.ch\/wp-content\/uploads\/2020\/05\/P1140554-1024x576.jpg","type":"image\/jpeg"}],"twitter_card":"summary_large_image","twitter_misc":{"Gesch\u00e4tzte Lesezeit":"13\u00a0Minuten"},"schema":{"@context":"https:\/\/schema.org","@graph":[{"@type":"WebPage","@id":"https:\/\/www.myvaldetravers.ch\/de\/restaurants-famille\/","url":"https:\/\/www.myvaldetravers.ch\/de\/restaurants-famille\/","name":"Familienrestaurants im Val-de-Travers","isPartOf":{"@id":"https:\/\/www.myvaldetravers.ch\/de\/#website"},"primaryImageOfPage":{"@id":"https:\/\/www.myvaldetravers.ch\/de\/restaurants-famille\/#primaryimage"},"image":{"@id":"https:\/\/www.myvaldetravers.ch\/de\/restaurants-famille\/#primaryimage"},"thumbnailUrl":"https:\/\/www.myvaldetravers.ch\/wp-content\/uploads\/2020\/05\/P1140554.jpg","datePublished":"2026-05-05T12:04:33+00:00","dateModified":"2026-05-05T12:04:33+00:00","description":"Das Val-de-Travers bietet zahlreiche familienfreundliche Restaurants, die alle der spezifischen Familiencharta beigetreten sind.","breadcrumb":{"@id":"https:\/\/www.myvaldetravers.ch\/de\/restaurants-famille\/#breadcrumb"},"inLanguage":"de","potentialAction":[{"@type":"ReadAction","target":["https:\/\/www.myvaldetravers.ch\/de\/restaurants-famille\/"]}]},{"@type":"ImageObject","inLanguage":"de","@id":"https:\/\/www.myvaldetravers.ch\/de\/restaurants-famille\/#primaryimage","url":"https:\/\/www.myvaldetravers.ch\/wp-content\/uploads\/2020\/05\/P1140554.jpg","contentUrl":"https:\/\/www.myvaldetravers.ch\/wp-content\/uploads\/2020\/05\/P1140554.jpg","width":2560,"height":1440,"caption":"Restaurant H\u00f4tel de ville, Les Verri\u00e8res, Val-de-Travers"},{"@type":"BreadcrumbList","@id":"https:\/\/www.myvaldetravers.ch\/de\/restaurants-famille\/#breadcrumb","itemListElement":[{"@type":"ListItem","position":1,"name":"Accueil","item":"https:\/\/www.myvaldetravers.ch\/de\/"},{"@type":"ListItem","position":2,"name":"FAMILY-FRIENDLY RESTAURANTS IM VAL-DE-TRAVERS"}]},{"@type":"WebSite","@id":"https:\/\/www.myvaldetravers.ch\/de\/#website","url":"https:\/\/www.myvaldetravers.ch\/de\/","name":"Destination Val-de-Travers","description":"Il y a toujours quelque chose \u00e0 faire au Val-de-Travers.","potentialAction":[{"@type":"SearchAction","target":{"@type":"EntryPoint","urlTemplate":"https:\/\/www.myvaldetravers.ch\/de\/?s={search_term_string}"},"query-input":{"@type":"PropertyValueSpecification","valueRequired":true,"valueName":"search_term_string"}}],"inLanguage":"de"}]}},"_links":{"self":[{"href":"https:\/\/www.myvaldetravers.ch\/de\/wp-json\/wp\/v2\/pages\/14867"}],"collection":[{"href":"https:\/\/www.myvaldetravers.ch\/de\/wp-json\/wp\/v2\/pages"}],"about":[{"href":"https:\/\/www.myvaldetravers.ch\/de\/wp-json\/wp\/v2\/types\/page"}],"author":[{"embeddable":true,"href":"https:\/\/www.myvaldetravers.ch\/de\/wp-json\/wp\/v2\/users\/73"}],"replies":[{"embeddable":true,"href":"https:\/\/www.myvaldetravers.ch\/de\/wp-json\/wp\/v2\/comments?post=14867"}],"version-history":[{"count":5,"href":"https:\/\/www.myvaldetravers.ch\/de\/wp-json\/wp\/v2\/pages\/14867\/revisions"}],"predecessor-version":[{"id":15334,"href":"https:\/\/www.myvaldetravers.ch\/de\/wp-json\/wp\/v2\/pages\/14867\/revisions\/15334"}],"wp:featuredmedia":[{"embeddable":true,"href":"https:\/\/www.myvaldetravers.ch\/de\/wp-json\/wp\/v2\/media\/3851"}],"wp:attachment":[{"href":"https:\/\/www.myvaldetravers.ch\/de\/wp-json\/wp\/v2\/media?parent=14867"}],"curies":[{"name":"wp","href":"https:\/\/api.w.org\/{rel}","templated":true}]}}