{"id":14873,"date":"2026-02-20T11:56:00","date_gmt":"2026-02-20T10:56:00","guid":{"rendered":"https:\/\/www.myvaldetravers.ch\/?page_id=14873"},"modified":"2026-05-05T14:46:39","modified_gmt":"2026-05-05T12:46:39","slug":"hebergements-famille","status":"publish","type":"page","link":"https:\/\/www.myvaldetravers.ch\/de\/hebergements-famille\/","title":{"rendered":"Unterk\u00fcnfte f\u00fcr Familien im Val-de-Travers"},"content":{"rendered":"<p>[vc_row][vc_column][vc_column_text]<\/p>\n<p data-start=\"0\" data-end=\"250\">Im Val-de-Travers finden Sie zahlreiche Unterk\u00fcnfte, die besonders auf Familien ausgerichtet sind. Alle diese Betriebe haben die Familiencharta von Destination Val-de-Travers sowie die spezifische Beherbergungs-Charta unterzeichnet und garantieren:<\/p>\n<ul data-start=\"252\" data-end=\"488\">\n<li data-section-id=\"164cool\" data-start=\"252\" data-end=\"288\">ein Babybett oder ein Bettgitter<\/li>\n<li data-section-id=\"24fmvv\" data-start=\"289\" data-end=\"308\">einen Hochstuhl<\/li>\n<li data-section-id=\"77x9hr\" data-start=\"309\" data-end=\"335\">kindgerechtes Geschirr<\/li>\n<li data-section-id=\"1fwhma6\" data-start=\"336\" data-end=\"432\">Informationen zu familienfreundlichen Infrastrukturen in der N\u00e4he (Spielpl\u00e4tze, Aktivit\u00e4ten)<\/li>\n<li data-section-id=\"1j58nx5\" data-start=\"433\" data-end=\"488\">die systematische Abgabe der Neuch\u00e2tel Tourist Card<\/li>\n<\/ul>\n<p data-start=\"490\" data-end=\"527\" data-is-last-node=\"\" data-is-only-node=\"\">Sch\u00f6nen Aufenthalt im Val-de-Travers!<\/p>\n<p>[\/vc_column_text][vc_separator][\/vc_column][\/vc_row][vc_row][vc_column width=&#8221;1\/2&#8243;][vc_column_text]<\/p>\n<h6>H\u00f4tel de l&#8217;Aigle, Couvet<\/h6>\n<p>Das gesamte Team des H\u00f4tel de l\u2019Aigle empf\u00e4ngt Sie in einer warmen, authentischen und famili\u00e4ren Atmosph\u00e4re. Das Haus bietet 18 ruhige und komfortable Zimmer, regionale K\u00fcche, eine schattige Terrasse und einen sch\u00f6nen, baumbestandenen Garten.<\/p>\n<p>Grande Rue 27<br \/>\n2108 Couvet<br \/>\nT 032 864 90 50<br \/>\n<a href=\"mailto:info@gout-region.ch\" target=\"_blank\" rel=\"noopener noreferrer\">info@gout-region.ch<\/a><br \/>\n<a href=\"https:\/\/www.hotel-aigle.ch\/de\/\" target=\"_blank\" rel=\"noopener noreferrer\">www.hotel-aigle.ch<\/a>[\/vc_column_text][vc_empty_space alter_height=&#8221;small&#8221; hide_on_mobile=&#8221;&#8221;]<div class=\"sc_item_button sc_button_wrap\"><a href=\"https:\/\/www.hotel-aigle.ch\/de\/jetzt-buchen\/#room\" id=\"sc_button_1845449339\" class=\"sc_button sc_button_default sc_button_size_normal sc_button_icon_left\"><span class=\"sc_button_text\"><span class=\"sc_button_title\">Buchen<\/span><\/span><!-- \/.sc_button_text --><\/a><!-- \/.sc_button --><\/div><!-- \/.sc_item_button -->[vc_single_image image=&#8221;9009&#8243; img_size=&#8221;full&#8221;][vc_single_image image=&#8221;15160&#8243; img_size=&#8221;full&#8221;][\/vc_column][vc_column width=&#8221;1\/2&#8243;][vc_gallery interval=&#8221;3&#8243; images=&#8221;14659,2758,14656,14677,14160,14668,14662&#8243; img_size=&#8221;large&#8221;][\/vc_column][\/vc_row][vc_row][vc_column width=&#8221;1\/2&#8243;][vc_separator][vc_column_text]<\/p>\n<h6>Auberge de Jeunesse Val-de-Travers, Couvet<\/h6>\n<p>Ideal f\u00fcr einen Aufenthalt allein, zu zweit, mit der Familie oder mit Freunden \u2013 und perfekt f\u00fcr die Organisation eines Lagers. Die Unterkunft verf\u00fcgt \u00fcber 15 Zimmer mit 1 bis 4 Betten. Ein Aufenthaltsraum mit Zugang zu einer grossen Terrasse bietet einen herrlichen Blick auf das Val-de-Travers.<\/p>\n<p>Clos-Pury 15<br \/>\n2108 Couvet<br \/>\nT 032 864 90 68<br \/>\n<a href=\"mailto:valdetravers@youthhostel.ch\"><span class=\"inline overflow-hidden text-ellipsis border-b-2 border-transparent pb-1 leading-none text-sjhBlack group-hover:border-b-2 group-hover:border-element group-hover:text-element\">valdetravers@youthhostel.ch<br \/>\n<\/span><\/a><a href=\"https:\/\/espaceval.ch\/de\/jugendherberge-val-de-travers\/\" target=\"_blank\" rel=\"noopener noreferrer\">www.espaceval.ch\/auberge-jeunesse-val-de-travers<\/a>[\/vc_column_text][vc_empty_space alter_height=&#8221;small&#8221; hide_on_mobile=&#8221;&#8221;]<div class=\"sc_item_button sc_button_wrap\"><a href=\"https:\/\/espaceval.ch\/de\/lodge\/\" id=\"sc_button_1720368831\" class=\"sc_button sc_button_default sc_button_size_normal sc_button_icon_left\"><span class=\"sc_button_text\"><span class=\"sc_button_title\">Bunchen<\/span><\/span><!-- \/.sc_button_text --><\/a><!-- \/.sc_button --><\/div><!-- \/.sc_item_button -->[vc_single_image image=&#8221;9009&#8243; img_size=&#8221;full&#8221;][vc_single_image image=&#8221;15160&#8243; img_size=&#8221;full&#8221;][\/vc_column][vc_column width=&#8221;1\/2&#8243;][vc_separator color=&#8221;white&#8221;][vc_gallery interval=&#8221;3&#8243; images=&#8221;12172,12175,12178,12181&#8243; img_size=&#8221;large&#8221;][\/vc_column][\/vc_row][vc_row][vc_column width=&#8221;1\/2&#8243;][vc_separator][vc_column_text]<\/p>\n<h6>APPARTEMENTs DE VACANCES \u00e0 la Ferme des Buffles, Travers<\/h6>\n<p>In Travers gelegen bietet Ihnen die Ferme des Buffles zwei Ferienwohnungen mit 1,5 und 4,5 Zimmern in ruhiger Lage, etwa 800 m vom Dorf entfernt. Dorf, Bahnhof und Einkaufsm\u00f6glichkeiten sind in 10\u201315 Minuten zu Fuss erreichbar. Parkpl\u00e4tze, WLAN und eine Waschmaschine stehen zur Verf\u00fcgung. Der Hofladen \u201eLe Petit Buffle\u201c befindet sich direkt vor Ort und bietet eine grosse Auswahl an B\u00fcffelprodukten sowie weiteren regionalen Spezialit\u00e4ten. Kinder kommen hier voll auf ihre Kosten mit Schaukel, Rutschbahn, Trampolin und der M\u00f6glichkeit, bei der Pflege der Kaninchen mitzuhelfen. Auch die B\u00fcffel k\u00f6nnen besucht werden \u2013 helfende H\u00e4nde sind willkommen!<\/p>\n<p><b>4-Zimmer-Wohnung<\/b><br \/>\nIdeal f\u00fcr 1\u20132 Familien oder gemeinsam reisende Freunde. Dank der Raumaufteilung haben auch zwei Familien gen\u00fcgend Privatsph\u00e4re. Es ist auch m\u00f6glich, nur einen Teil der Wohnung zu mieten.<\/p>\n<p>Ausstattung:<br \/>\n\u2013 2 Schlafzimmer mit Doppelbett und Balkonzugang<br \/>\n\u2013 1 Studio mit K\u00fcche, Essbereich, TV, Doppelbett, Schlafsofa f\u00fcr 2 Personen, WC\/Dusche, Balkonzugang<br \/>\n\u2013 1 WC\/Dusche vom Flur aus zug\u00e4nglich<br \/>\n\u2013 1 Studio mit K\u00fcche, Essbereich, Doppelbett, WC\/Dusche, Terrassenzugang, rollstuhlgerecht<\/p>\n<p><b>1,5-Zimmer-Wohnung<\/b><br \/>\nDie vollst\u00e4ndig ausgestattete 1,5-Zimmer-Wohnung bietet Platz f\u00fcr bis zu f\u00fcnf Personen und verf\u00fcgt \u00fcber allen Komfort: Internet, TV, Essbereich, ausgestattete K\u00fcche und Badezimmer mit Badewanne. Ideal f\u00fcr Paare und kleine Familien.<\/p>\n<p>Sara et Georges St\u00e4hli<\/p>\n<p>Les Quarres 3<br \/>\n2105 Travers<br \/>\nT: 079 138 27 29<br \/>\n<a href=\"mailto:info@staehliproduitsfermiers.ch\">info@staehliproduitsfermiers.ch<\/a><br \/>\n<a href=\"https:\/\/www.staehliproduitsfermiers.ch\">www.staehliproduitsfermiers.ch\u00a0<\/a>[\/vc_column_text][vc_empty_space alter_height=&#8221;small&#8221; hide_on_mobile=&#8221;&#8221;]<div class=\"sc_item_button sc_button_wrap\"><a href=\"mailto:info@staehliproduitsfermiers.ch\" id=\"sc_button_1395724317\" class=\"sc_button sc_button_default sc_button_size_normal sc_button_icon_left\"><span class=\"sc_button_text\"><span class=\"sc_button_title\">Bunchen<\/span><\/span><!-- \/.sc_button_text --><\/a><!-- \/.sc_button --><\/div><!-- \/.sc_item_button -->[vc_single_image image=&#8221;9009&#8243; img_size=&#8221;full&#8221;][vc_single_image image=&#8221;15160&#8243; img_size=&#8221;full&#8221;][\/vc_column][vc_column width=&#8221;1\/2&#8243;][vc_separator color=&#8221;white&#8221;][vc_gallery interval=&#8221;3&#8243; images=&#8221;10196,10193,10190,10187,10181,10184,10228&#8243; img_size=&#8221;large&#8221; el_class=&#8221;testgalerie&#8221;][\/vc_column][\/vc_row][vc_row][vc_column width=&#8221;1\/2&#8243;][vc_separator][vc_column_text]<\/p>\n<h6>B&amp;B VILLA MONCALME, TRAVERS<\/h6>\n<p>Bed &amp; Breakfasts und Ferienstudios<\/p>\n<p>Jean-Paul Beuret<br \/>\nLes Ligni\u00e8res 16<br \/>\n2105 Travers<br \/>\nT 079 563 22 78 &amp; 032 863 24 07<br \/>\n<a href=\"mailto:info@villamoncalme.ch\" target=\"_blank\" rel=\"noopener noreferrer\">info@villamoncalme.ch<\/a><br \/>\n<a href=\"http:\/\/www.villamoncalme.ch\/moncalme\/de\/index.shtml\" target=\"_blank\" rel=\"noopener noreferrer\">www.villamoncalme.ch<\/a>[\/vc_column_text][vc_empty_space alter_height=&#8221;small&#8221; hide_on_mobile=&#8221;&#8221;]<div class=\"sc_item_button sc_button_wrap\"><a href=\"https:\/\/www.villamoncalme.ch\/moncalme\/de\/index.shtml\" id=\"sc_button_927570895\" class=\"sc_button sc_button_default sc_button_size_normal sc_button_icon_left\"><span class=\"sc_button_text\"><span class=\"sc_button_title\">Bunchen<\/span><\/span><!-- \/.sc_button_text --><\/a><!-- \/.sc_button --><\/div><!-- \/.sc_item_button -->[vc_single_image image=&#8221;9009&#8243; img_size=&#8221;full&#8221;][vc_single_image image=&#8221;15160&#8243; img_size=&#8221;full&#8221;][\/vc_column][vc_column width=&#8221;1\/2&#8243;][vc_separator color=&#8221;white&#8221;][vc_gallery interval=&#8221;3&#8243; images=&#8221;2717,2719,2721&#8243; img_size=&#8221;large&#8221; el_class=&#8221;testgalerie&#8221;][\/vc_column][\/vc_row][vc_row][vc_column width=&#8221;1\/2&#8243;][vc_separator][vc_column_text]<\/p>\n<h6><strong>H\u00f4tel Restaurant Swiss-Lodge les Cernets<\/strong><\/h6>\n<p>Aussergew\u00f6hnliche N\u00e4chte \u2013 anders \u00fcbernachten. Erleben Sie die Magie von Tausendundeiner Nacht im Pays des F\u00e9es.<\/p>\n<p data-start=\"0\" data-end=\"463\">Eingebettet im Herzen der Neuenburger Berge l\u00e4dt Sie dieser moderne, familiengef\u00fchrte Landbetrieb zu einem Aufenthalt in perfekter Harmonie mit der Natur ein. Entdecken Sie die Zimmer, in denen sich zeitgem\u00e4sser Komfort harmonisch mit der Authentizit\u00e4t des Ortes verbindet \u2013 ein ruhiger R\u00fcckzugsort f\u00fcr die ganze Familie. Entspannen Sie im Panorama-Aussensauna, der mit Holz beheizt wird, und lassen Sie sich von der Magie der umliegenden Landschaft verzaubern.<\/p>\n<p data-start=\"465\" data-end=\"668\">F\u00fcr einen besonders intimen Aufenthalt w\u00e4hlen Sie das Tiny House im Panorama-Fass \u2013 ein gem\u00fctlicher R\u00fcckzugsort mitten in der Natur, in dem jedes Detail f\u00fcr ein unvergessliches Erlebnis durchdacht ist.<\/p>\n<p data-start=\"670\" data-end=\"855\">Erkunden Sie die umliegenden Wanderwege, entdecken Sie die unber\u00fchrte Natur und lassen Sie den Tag bei regionaler K\u00fcche mit dem Label \u00abFait Maison\u00bb in der Table de Matisse ausklingen.<\/p>\n<p data-start=\"857\" data-end=\"882\">Das Hotel verf\u00fcgt \u00fcber:<\/p>\n<ul data-start=\"883\" data-end=\"1208\">\n<li data-section-id=\"11t93cb\" data-start=\"883\" data-end=\"918\">6 vollst\u00e4ndig renovierte Zimmer<\/li>\n<li data-section-id=\"1x9x3wb\" data-start=\"919\" data-end=\"937\">2 Budgetzimmer<\/li>\n<li data-section-id=\"29rgku\" data-start=\"938\" data-end=\"996\">Flachbildfernseher (80 cm mit direktem Netflix-Zugang)<\/li>\n<li data-section-id=\"ux3673\" data-start=\"997\" data-end=\"1029\">WLAN (mehrere Zugangspunkte)<\/li>\n<li data-section-id=\"xkbdd0\" data-start=\"1030\" data-end=\"1062\">Ladestation f\u00fcr Elektroautos<\/li>\n<li data-section-id=\"1qsuq0z\" data-start=\"1063\" data-end=\"1092\">Ladestationen f\u00fcr E-Bikes<\/li>\n<li data-section-id=\"ntxnbt\" data-start=\"1093\" data-end=\"1127\">BBQ-H\u00fctte und Raclette-Bereich<\/li>\n<li data-section-id=\"10q1f30\" data-start=\"1128\" data-end=\"1158\">2 E-Mountainbikes (Alegro)<\/li>\n<li data-section-id=\"16bh2iu\" data-start=\"1159\" data-end=\"1208\">Stellpl\u00e4tze f\u00fcr Wohnmobile mit Stromanschluss<\/li>\n<\/ul>\n<p data-start=\"1210\" data-end=\"1349\" data-is-last-node=\"\" data-is-only-node=\"\">Lassen Sie sich von der Sch\u00f6nheit der Neuenburger Berge verzaubern und schaffen Sie unvergessliche Erinnerungen in diesem kleinen Paradies.<\/p>\n<p>Famille Baertscher-Bettosini<\/p>\n<p>Les Petits Cernets 201<br \/>\n2126 Les Verri\u00e8res<br \/>\nT 032 866 12 65<br \/>\n<a href=\"mailto:info@hotel-lescernets.ch\">info@hotel-lescernets.ch<\/a><br \/>\n<a href=\"https:\/\/hotel-lescernets.ch\/\" target=\"_blank\" rel=\"noopener\">www.hotel-lescernets.ch<\/a>[\/vc_column_text][vc_empty_space alter_height=&#8221;small&#8221; hide_on_mobile=&#8221;&#8221;]<div class=\"sc_item_button sc_button_wrap\"><a href=\"mailto:info@hotel-lescernets.ch\" id=\"sc_button_1007437053\" class=\"sc_button sc_button_default sc_button_size_normal sc_button_icon_left\"><span class=\"sc_button_text\"><span class=\"sc_button_title\">Bunchen<\/span><\/span><!-- \/.sc_button_text --><\/a><!-- \/.sc_button --><\/div><!-- \/.sc_item_button -->[vc_single_image image=&#8221;9006&#8243; img_size=&#8221;full&#8221;][vc_single_image image=&#8221;15160&#8243; img_size=&#8221;full&#8221;][\/vc_column][vc_column width=&#8221;1\/2&#8243;][vc_separator color=&#8221;white&#8221;][vc_gallery interval=&#8221;3&#8243; images=&#8221;12619,12616,12622,12625,12628,12613,12631,12634&#8243; img_size=&#8221;large&#8221; el_class=&#8221;testgalerie&#8221;][\/vc_column][\/vc_row][vc_row][vc_column width=&#8221;1\/2&#8243;][vc_separator][vc_column_text]<\/p>\n<h6>H\u00f4tel de Ville &#8211; Salt &amp; Pepper, Les Verri\u00e8res<\/h6>\n<p data-start=\"115\" data-end=\"391\">Das H\u00f4tel de Ville Les Verri\u00e8res ist die ideale Wahl f\u00fcr G\u00e4ste, die Charme und Ruhe miteinander verbinden m\u00f6chten \u2013 an einem praktischen Standort, um das Val-de-Travers zu entdecken. Das Haus verf\u00fcgt \u00fcber 9 komfortable Zimmer sowie einen aufmerksamen und pers\u00f6nlichen Service.<\/p>\n<p data-start=\"393\" data-end=\"778\">Das halb-gastronomische Restaurant mit seinem originellen Ambiente, zwei Gastr\u00e4umen und einer grossen Terrasse beherbergt im ersten Stock zudem ein Museum und eine Galerie \u00fcber die Bourbaki-Armee. Ob zu Fuss oder mit dem Fahrrad \u2013 es gibt nichts Sch\u00f6neres, als die zahlreichen ungew\u00f6hnlichen, reizvollen und interessanten Orte zwischen Les Verri\u00e8res und dem Val-de-Travers zu erkunden.<\/p>\n<p>La Croix-Blanche 48<\/p>\n<p>2126 Les Verri\u00e8res<br \/>\nT 032 866 10 00<br \/>\n<a href=\"mailto:info@hoteldeville-suisse.ch\">info@hoteldeville-suisse.ch<\/a><br \/>\n<a href=\"http:\/\/hoteldeville-suisse.ch\/\" target=\"_blank\" rel=\"noopener noreferrer\">www.hoteldeville-suisse.ch<\/a>[\/vc_column_text][vc_empty_space alter_height=&#8221;small&#8221; hide_on_mobile=&#8221;&#8221;]<div class=\"sc_item_button sc_button_wrap\"><a href=\"http:\/\/hoteldeville-suisse.ch\/\" id=\"sc_button_836708498\" class=\"sc_button sc_button_default sc_button_size_normal sc_button_icon_left\"><span class=\"sc_button_text\"><span class=\"sc_button_title\">Bunchen<\/span><\/span><!-- \/.sc_button_text --><\/a><!-- \/.sc_button --><\/div><!-- \/.sc_item_button -->[vc_single_image image=&#8221;15160&#8243; img_size=&#8221;full&#8221;][\/vc_column][vc_column width=&#8221;1\/2&#8243;][vc_separator color=&#8221;white&#8221;][vc_gallery interval=&#8221;3&#8243; images=&#8221;3821,3824,3827,3836,3839,3848,3851&#8243; img_size=&#8221;large&#8221;][\/vc_column][\/vc_row][vc_row][vc_column width=&#8221;1\/2&#8243;][vc_separator][vc_column_text][vc_column_text]W\u00e4hrend eines Aufenthalts in einer offiziellen Unterkunft im Kanton Neuenburg erhalten Sie als Gegenleistung f\u00fcr die Kurtaxe die <a href=\"https:\/\/www.j3l.ch\/de\/Z10779\/neuenburg-tourist-card\">Neuch\u00e2tel Tourist Card<\/a>, die Ihnen Zugang zu zahlreichen Attraktionen im gesamten Kanton bietet. Dar\u00fcber hinaus nutzen Sie mit dieser Karte die \u00f6ffentlichen Verkehrsmittel im gesamten Kanton Neuenburg kostenlos.[\/vc_column_text][\/vc_column][vc_column width=&#8221;1\/2&#8243;][vc_separator color=&#8221;white&#8221;][vc_single_image image=&#8221;10200&#8243; img_size=&#8221;&#8221; onclick=&#8221;custom_link&#8221; img_link_target=&#8221;_blank&#8221; css_animation=&#8221;flipInX&#8221; link=&#8221;https:\/\/www.j3l.ch\/fr\/Z10779\/neuchatel-tourist-card-page&#8221;][\/vc_column][\/vc_row]<\/p>\n","protected":false},"excerpt":{"rendered":"<p>[vc_row][vc_column][vc_column_text] Im Val-de-Travers finden Sie zahlreiche Unterk\u00fcnfte, die besonders auf Familien ausgerichtet sind. Alle diese Betriebe haben die Familiencharta von Destination Val-de-Travers sowie die spezifische Beherbergungs-Charta unterzeichnet und garantieren: ein&hellip;<\/p>\n","protected":false},"author":73,"featured_media":2766,"parent":0,"menu_order":0,"comment_status":"closed","ping_status":"closed","template":"","meta":{"footnotes":""},"yoast_head":"<!-- This site is optimized with the Yoast SEO plugin v23.5 - https:\/\/yoast.com\/wordpress\/plugins\/seo\/ -->\n<title>Unterk\u00fcnfte f\u00fcr Familien im Val-de-Travers<\/title>\n<meta name=\"description\" content=\"Genie\u00dfen Sie einen Familienaufenthalt im Val-de-Travers in einer unserer speziell auf Familien ausgerichteten Unterk\u00fcnfte.\" \/>\n<meta name=\"robots\" content=\"index, follow, max-snippet:-1, max-image-preview:large, max-video-preview:-1\" \/>\n<link rel=\"canonical\" href=\"https:\/\/www.myvaldetravers.ch\/de\/hebergements-famille\/\" \/>\n<meta property=\"og:locale\" content=\"de_DE\" \/>\n<meta property=\"og:type\" content=\"article\" \/>\n<meta property=\"og:title\" content=\"Unterk\u00fcnfte f\u00fcr Familien im Val-de-Travers\" \/>\n<meta property=\"og:description\" content=\"Genie\u00dfen Sie einen Familienaufenthalt im Val-de-Travers in einer unserer speziell auf Familien ausgerichteten Unterk\u00fcnfte.\" \/>\n<meta property=\"og:url\" content=\"https:\/\/www.myvaldetravers.ch\/de\/hebergements-famille\/\" \/>\n<meta property=\"og:site_name\" content=\"Destination Val-de-Travers\" \/>\n<meta property=\"article:publisher\" content=\"https:\/\/www.facebook.com\/DestinationValdeTravers\/\" \/>\n<meta property=\"article:modified_time\" content=\"2026-05-05T12:46:39+00:00\" \/>\n<meta property=\"og:image\" content=\"https:\/\/www.myvaldetravers.ch\/wp-content\/uploads\/2019\/10\/H\u00f4tel-de-lAigle-suite-coin-salon.jpg\" \/>\n\t<meta property=\"og:image:width\" content=\"3035\" \/>\n\t<meta property=\"og:image:height\" content=\"1708\" \/>\n\t<meta property=\"og:image:type\" content=\"image\/jpeg\" \/>\n<meta name=\"twitter:card\" content=\"summary_large_image\" \/>\n<meta name=\"twitter:label1\" content=\"Gesch\u00e4tzte Lesezeit\" \/>\n\t<meta name=\"twitter:data1\" content=\"15\u00a0Minuten\" \/>\n<script type=\"application\/ld+json\" class=\"yoast-schema-graph\">{\"@context\":\"https:\/\/schema.org\",\"@graph\":[{\"@type\":\"WebPage\",\"@id\":\"https:\/\/www.myvaldetravers.ch\/de\/hebergements-famille\/\",\"url\":\"https:\/\/www.myvaldetravers.ch\/de\/hebergements-famille\/\",\"name\":\"Unterk\u00fcnfte f\u00fcr Familien im Val-de-Travers\",\"isPartOf\":{\"@id\":\"https:\/\/www.myvaldetravers.ch\/de\/#website\"},\"primaryImageOfPage\":{\"@id\":\"https:\/\/www.myvaldetravers.ch\/de\/hebergements-famille\/#primaryimage\"},\"image\":{\"@id\":\"https:\/\/www.myvaldetravers.ch\/de\/hebergements-famille\/#primaryimage\"},\"thumbnailUrl\":\"https:\/\/www.myvaldetravers.ch\/wp-content\/uploads\/2019\/10\/H\u00f4tel-de-lAigle-suite-coin-salon.jpg\",\"datePublished\":\"2026-02-20T10:56:00+00:00\",\"dateModified\":\"2026-05-05T12:46:39+00:00\",\"description\":\"Genie\u00dfen Sie einen Familienaufenthalt im Val-de-Travers in einer unserer speziell auf Familien ausgerichteten Unterk\u00fcnfte.\",\"breadcrumb\":{\"@id\":\"https:\/\/www.myvaldetravers.ch\/de\/hebergements-famille\/#breadcrumb\"},\"inLanguage\":\"de\",\"potentialAction\":[{\"@type\":\"ReadAction\",\"target\":[\"https:\/\/www.myvaldetravers.ch\/de\/hebergements-famille\/\"]}]},{\"@type\":\"ImageObject\",\"inLanguage\":\"de\",\"@id\":\"https:\/\/www.myvaldetravers.ch\/de\/hebergements-famille\/#primaryimage\",\"url\":\"https:\/\/www.myvaldetravers.ch\/wp-content\/uploads\/2019\/10\/H\u00f4tel-de-lAigle-suite-coin-salon.jpg\",\"contentUrl\":\"https:\/\/www.myvaldetravers.ch\/wp-content\/uploads\/2019\/10\/H\u00f4tel-de-lAigle-suite-coin-salon.jpg\",\"width\":3035,\"height\":1708,\"caption\":\"H\u00f4tel de l'Aigle, Couvet, Val-de-Travers - suite coin salon\"},{\"@type\":\"BreadcrumbList\",\"@id\":\"https:\/\/www.myvaldetravers.ch\/de\/hebergements-famille\/#breadcrumb\",\"itemListElement\":[{\"@type\":\"ListItem\",\"position\":1,\"name\":\"Accueil\",\"item\":\"https:\/\/www.myvaldetravers.ch\/de\/\"},{\"@type\":\"ListItem\",\"position\":2,\"name\":\"Unterk\u00fcnfte f\u00fcr Familien im Val-de-Travers\"}]},{\"@type\":\"WebSite\",\"@id\":\"https:\/\/www.myvaldetravers.ch\/de\/#website\",\"url\":\"https:\/\/www.myvaldetravers.ch\/de\/\",\"name\":\"Destination Val-de-Travers\",\"description\":\"Il y a toujours quelque chose \u00e0 faire au Val-de-Travers.\",\"potentialAction\":[{\"@type\":\"SearchAction\",\"target\":{\"@type\":\"EntryPoint\",\"urlTemplate\":\"https:\/\/www.myvaldetravers.ch\/de\/?s={search_term_string}\"},\"query-input\":{\"@type\":\"PropertyValueSpecification\",\"valueRequired\":true,\"valueName\":\"search_term_string\"}}],\"inLanguage\":\"de\"}]}<\/script>\n<!-- \/ Yoast SEO plugin. -->","yoast_head_json":{"title":"Unterk\u00fcnfte f\u00fcr Familien im Val-de-Travers","description":"Genie\u00dfen Sie einen Familienaufenthalt im Val-de-Travers in einer unserer speziell auf Familien ausgerichteten Unterk\u00fcnfte.","robots":{"index":"index","follow":"follow","max-snippet":"max-snippet:-1","max-image-preview":"max-image-preview:large","max-video-preview":"max-video-preview:-1"},"canonical":"https:\/\/www.myvaldetravers.ch\/de\/hebergements-famille\/","og_locale":"de_DE","og_type":"article","og_title":"Unterk\u00fcnfte f\u00fcr Familien im Val-de-Travers","og_description":"Genie\u00dfen Sie einen Familienaufenthalt im Val-de-Travers in einer unserer speziell auf Familien ausgerichteten Unterk\u00fcnfte.","og_url":"https:\/\/www.myvaldetravers.ch\/de\/hebergements-famille\/","og_site_name":"Destination Val-de-Travers","article_publisher":"https:\/\/www.facebook.com\/DestinationValdeTravers\/","article_modified_time":"2026-05-05T12:46:39+00:00","og_image":[{"width":3035,"height":1708,"url":"https:\/\/www.myvaldetravers.ch\/wp-content\/uploads\/2019\/10\/H\u00f4tel-de-lAigle-suite-coin-salon.jpg","type":"image\/jpeg"}],"twitter_card":"summary_large_image","twitter_misc":{"Gesch\u00e4tzte Lesezeit":"15\u00a0Minuten"},"schema":{"@context":"https:\/\/schema.org","@graph":[{"@type":"WebPage","@id":"https:\/\/www.myvaldetravers.ch\/de\/hebergements-famille\/","url":"https:\/\/www.myvaldetravers.ch\/de\/hebergements-famille\/","name":"Unterk\u00fcnfte f\u00fcr Familien im Val-de-Travers","isPartOf":{"@id":"https:\/\/www.myvaldetravers.ch\/de\/#website"},"primaryImageOfPage":{"@id":"https:\/\/www.myvaldetravers.ch\/de\/hebergements-famille\/#primaryimage"},"image":{"@id":"https:\/\/www.myvaldetravers.ch\/de\/hebergements-famille\/#primaryimage"},"thumbnailUrl":"https:\/\/www.myvaldetravers.ch\/wp-content\/uploads\/2019\/10\/H\u00f4tel-de-lAigle-suite-coin-salon.jpg","datePublished":"2026-02-20T10:56:00+00:00","dateModified":"2026-05-05T12:46:39+00:00","description":"Genie\u00dfen Sie einen Familienaufenthalt im Val-de-Travers in einer unserer speziell auf Familien ausgerichteten Unterk\u00fcnfte.","breadcrumb":{"@id":"https:\/\/www.myvaldetravers.ch\/de\/hebergements-famille\/#breadcrumb"},"inLanguage":"de","potentialAction":[{"@type":"ReadAction","target":["https:\/\/www.myvaldetravers.ch\/de\/hebergements-famille\/"]}]},{"@type":"ImageObject","inLanguage":"de","@id":"https:\/\/www.myvaldetravers.ch\/de\/hebergements-famille\/#primaryimage","url":"https:\/\/www.myvaldetravers.ch\/wp-content\/uploads\/2019\/10\/H\u00f4tel-de-lAigle-suite-coin-salon.jpg","contentUrl":"https:\/\/www.myvaldetravers.ch\/wp-content\/uploads\/2019\/10\/H\u00f4tel-de-lAigle-suite-coin-salon.jpg","width":3035,"height":1708,"caption":"H\u00f4tel de l'Aigle, Couvet, Val-de-Travers - suite coin salon"},{"@type":"BreadcrumbList","@id":"https:\/\/www.myvaldetravers.ch\/de\/hebergements-famille\/#breadcrumb","itemListElement":[{"@type":"ListItem","position":1,"name":"Accueil","item":"https:\/\/www.myvaldetravers.ch\/de\/"},{"@type":"ListItem","position":2,"name":"Unterk\u00fcnfte f\u00fcr Familien im Val-de-Travers"}]},{"@type":"WebSite","@id":"https:\/\/www.myvaldetravers.ch\/de\/#website","url":"https:\/\/www.myvaldetravers.ch\/de\/","name":"Destination Val-de-Travers","description":"Il y a toujours quelque chose \u00e0 faire au Val-de-Travers.","potentialAction":[{"@type":"SearchAction","target":{"@type":"EntryPoint","urlTemplate":"https:\/\/www.myvaldetravers.ch\/de\/?s={search_term_string}"},"query-input":{"@type":"PropertyValueSpecification","valueRequired":true,"valueName":"search_term_string"}}],"inLanguage":"de"}]}},"_links":{"self":[{"href":"https:\/\/www.myvaldetravers.ch\/de\/wp-json\/wp\/v2\/pages\/14873"}],"collection":[{"href":"https:\/\/www.myvaldetravers.ch\/de\/wp-json\/wp\/v2\/pages"}],"about":[{"href":"https:\/\/www.myvaldetravers.ch\/de\/wp-json\/wp\/v2\/types\/page"}],"author":[{"embeddable":true,"href":"https:\/\/www.myvaldetravers.ch\/de\/wp-json\/wp\/v2\/users\/73"}],"replies":[{"embeddable":true,"href":"https:\/\/www.myvaldetravers.ch\/de\/wp-json\/wp\/v2\/comments?post=14873"}],"version-history":[{"count":8,"href":"https:\/\/www.myvaldetravers.ch\/de\/wp-json\/wp\/v2\/pages\/14873\/revisions"}],"predecessor-version":[{"id":15339,"href":"https:\/\/www.myvaldetravers.ch\/de\/wp-json\/wp\/v2\/pages\/14873\/revisions\/15339"}],"wp:featuredmedia":[{"embeddable":true,"href":"https:\/\/www.myvaldetravers.ch\/de\/wp-json\/wp\/v2\/media\/2766"}],"wp:attachment":[{"href":"https:\/\/www.myvaldetravers.ch\/de\/wp-json\/wp\/v2\/media?parent=14873"}],"curies":[{"name":"wp","href":"https:\/\/api.w.org\/{rel}","templated":true}]}}