{"id":15063,"date":"2026-05-05T10:19:26","date_gmt":"2026-05-05T08:19:26","guid":{"rendered":"https:\/\/www.myvaldetravers.ch\/?page_id=15063"},"modified":"2026-05-05T10:19:26","modified_gmt":"2026-05-05T08:19:26","slug":"places-de-jeux","status":"publish","type":"page","link":"https:\/\/www.myvaldetravers.ch\/de\/places-de-jeux\/","title":{"rendered":"SPIELPL\u00c4TZE IM VAL-DE-TRAVERS"},"content":{"rendered":"<p>[vc_row][vc_column][vc_column_text]Jedes Dorf im Val-de-Travers verf\u00fcgt \u00fcber familienfreundliche Infrastrukturen wie Spielpl\u00e4tze. Diese Orte laden zu gemeinsamen, unbeschwerten Momenten in den Ferien ein.<\/p>\n<p>Entdecken Sie unten f\u00fcnf Spielpl\u00e4tze f\u00fcr Kinder von 0 bis 12 Jahren in der N\u00e4he wichtiger touristischer Einrichtungen. Alle weiteren Spielpl\u00e4tze im Val-de-Travers sind auf der <a href=\"https:\/\/sitn.ne.ch\/theme\/main?lang=fr&amp;baselayer_ref=blank&amp;tree_group_layers_gp_photos_360=&amp;map_x=2538020&amp;map_y=1196535&amp;map_zoom=4&amp;tree_enable_poi_place_pique_nique=true&amp;tree_enable_pi09_places_jeux=true&amp;tree_groups=gp_points_interets%2Cgp_photos_360%2Cgp_main%2Cgp_base_layers\">Website des SITN<\/a> aufgef\u00fchrt.[\/vc_column_text][vc_separator][vc_column_text]<\/p>\n<h3>PIKTOGRAMME<\/h3>\n<p>Die auf den Spielpl\u00e4tzen vorhandenen Einrichtungen sind mit folgenden Piktogrammen gekennzeichnet.[\/vc_column_text][vc_empty_space alter_height=&#8221;small&#8221; hide_on_mobile=&#8221;&#8221;][vc_row_inner][vc_column_inner width=&#8221;1\/4&#8243;][vc_single_image image=&#8221;15117&#8243;][vc_empty_space hide_on_mobile=&#8221;&#8221;][vc_column_text]Verf\u00fcgt \u00fcber mindestens eine Schaukel[\/vc_column_text][\/vc_column_inner][vc_column_inner width=&#8221;1\/4&#8243;][vc_single_image image=&#8221;15120&#8243;][vc_empty_space hide_on_mobile=&#8221;&#8221;][vc_column_text]Verf\u00fcgt \u00fcber eine Rutschbahn[\/vc_column_text][\/vc_column_inner][vc_column_inner width=&#8221;1\/4&#8243;][vc_single_image image=&#8221;15123&#8243;][vc_empty_space hide_on_mobile=&#8221;&#8221;][vc_column_text]Verf\u00fcgt \u00fcber eine Wippe[\/vc_column_text][\/vc_column_inner][vc_column_inner width=&#8221;1\/4&#8243;][vc_single_image image=&#8221;15126&#8243;][vc_empty_space hide_on_mobile=&#8221;&#8221;][vc_column_text]Verf\u00fcgt \u00fcber eine Seilrutsche[\/vc_column_text][\/vc_column_inner][\/vc_row_inner][vc_empty_space alter_height=&#8221;small&#8221; hide_on_mobile=&#8221;&#8221;][\/vc_column][\/vc_row][vc_row][vc_column width=&#8221;1\/2&#8243;][vc_separator][vc_column_text]<\/p>\n<h6>SPIELPLATZ LA ROBELLA, IN BUTTES<\/h6>\n<p><a href=\"https:\/\/sitn.ne.ch\/theme\/main?lang=fr&amp;baselayer_ref=blank&amp;tree_groups=gp_points_interets%2Cgp_photos_360%2Cgp_main%2Cgp_base_layers&amp;tree_group_layers_gp_photos_360=&amp;map_x=2533027&amp;map_y=1193253&amp;map_zoom=8&amp;tree_enable_poi_place_pique_nique=true&amp;tree_enable_pi09_places_jeux=true\" target=\"_blank\" rel=\"noopener\">Standort<\/a>[\/vc_column_text][vc_row_inner][vc_column_inner width=&#8221;1\/4&#8243;][vc_single_image image=&#8221;15117&#8243;][vc_empty_space hide_on_mobile=&#8221;&#8221;][\/vc_column_inner][vc_column_inner width=&#8221;1\/4&#8243;][vc_single_image image=&#8221;15120&#8243;][vc_empty_space hide_on_mobile=&#8221;&#8221;][\/vc_column_inner][vc_column_inner width=&#8221;1\/4&#8243;][vc_empty_space hide_on_mobile=&#8221;&#8221;][\/vc_column_inner][vc_column_inner width=&#8221;1\/4&#8243;][vc_empty_space hide_on_mobile=&#8221;&#8221;][\/vc_column_inner][\/vc_row_inner][\/vc_column][vc_column width=&#8221;1\/2&#8243;][vc_separator color=&#8221;white&#8221;][vc_gallery interval=&#8221;3&#8243; img_size=&#8221;large&#8221;][\/vc_column][\/vc_row][vc_row][vc_column width=&#8221;1\/2&#8243;][vc_separator][vc_column_text]<\/p>\n<div class=\"text-base my-auto mx-auto [--thread-content-margin:var(--thread-content-margin-xs,calc(var(--spacing)*4))] @w-sm\/main:[--thread-content-margin:var(--thread-content-margin-sm,calc(var(--spacing)*6))] @w-lg\/main:[--thread-content-margin:var(--thread-content-margin-lg,calc(var(--spacing)*16))] px-(--thread-content-margin)\">\n<div class=\"[--thread-content-max-width:40rem] @w-lg\/main:[--thread-content-max-width:48rem] mx-auto max-w-(--thread-content-max-width) flex-1 group\/turn-messages focus-visible:outline-hidden relative flex w-full min-w-0 flex-col agent-turn\">\n<div class=\"flex max-w-full flex-col gap-4 grow\">\n<div class=\"min-h-8 text-message relative flex w-full flex-col items-end gap-2 text-start break-words whitespace-normal outline-none keyboard-focused:focus-ring [.text-message+&amp;]:mt-1\" dir=\"auto\" data-message-author-role=\"assistant\" data-message-id=\"9e13e870-0ac8-4fda-979a-44baea5b9a1a\" data-message-model-slug=\"gpt-5-3\">\n<div class=\"flex w-full flex-col gap-1 empty:hidden\">\n<div class=\"markdown prose dark:prose-invert w-full wrap-break-word light markdown-new-styling\">\n<h6 data-start=\"0\" data-end=\"22\">SPIELPLATZ IN FLEURIER<\/h6>\n<\/div>\n<\/div>\n<\/div>\n<\/div>\n<\/div>\n<\/div>\n<p><a href=\"https:\/\/sitn.ne.ch\/theme\/main?lang=fr&amp;baselayer_ref=blank&amp;tree_groups=gp_points_interets%2Cgp_photos_360%2Cgp_main%2Cgp_base_layers&amp;tree_group_layers_gp_photos_360=&amp;map_x=2535202&amp;map_y=1194771&amp;map_zoom=8&amp;tree_enable_poi_place_pique_nique=true&amp;tree_enable_pi09_places_jeux=true\" target=\"_blank\" rel=\"noopener\">Standort<\/a>[\/vc_column_text][vc_row_inner][vc_column_inner width=&#8221;1\/4&#8243;][vc_single_image image=&#8221;15117&#8243;][vc_empty_space hide_on_mobile=&#8221;&#8221;][\/vc_column_inner][vc_column_inner width=&#8221;1\/4&#8243;][vc_single_image image=&#8221;15120&#8243;][vc_empty_space hide_on_mobile=&#8221;&#8221;][\/vc_column_inner][vc_column_inner width=&#8221;1\/4&#8243;][vc_single_image image=&#8221;15123&#8243;][vc_empty_space hide_on_mobile=&#8221;&#8221;][\/vc_column_inner][vc_column_inner width=&#8221;1\/4&#8243;][vc_empty_space hide_on_mobile=&#8221;&#8221;][\/vc_column_inner][\/vc_row_inner][\/vc_column][vc_column width=&#8221;1\/2&#8243;][vc_separator color=&#8221;white&#8221;][vc_gallery interval=&#8221;3&#8243; img_size=&#8221;large&#8221;][\/vc_column][\/vc_row][vc_row][vc_column width=&#8221;1\/2&#8243;][vc_separator][vc_column_text]<\/p>\n<h6>SPIELPLATZ IN M\u00d4TIERS<\/h6>\n<p><a href=\"https:\/\/sitn.ne.ch\/theme\/main?lang=fr&amp;baselayer_ref=blank&amp;tree_groups=gp_points_interets%2Cgp_photos_360%2Cgp_main%2Cgp_base_layers&amp;tree_group_layers_gp_photos_360=&amp;map_x=2537283&amp;map_y=1195732&amp;map_zoom=8&amp;tree_enable_poi_place_pique_nique=true&amp;tree_enable_pi09_places_jeux=true\" target=\"_blank\" rel=\"noopener\">Standort<\/a>[\/vc_column_text][vc_row_inner][vc_column_inner width=&#8221;1\/4&#8243;][vc_single_image image=&#8221;15117&#8243;][vc_empty_space hide_on_mobile=&#8221;&#8221;][\/vc_column_inner][vc_column_inner width=&#8221;1\/4&#8243;][vc_single_image image=&#8221;15120&#8243;][vc_empty_space hide_on_mobile=&#8221;&#8221;][\/vc_column_inner][vc_column_inner width=&#8221;1\/4&#8243;][vc_single_image image=&#8221;15123&#8243;][vc_empty_space hide_on_mobile=&#8221;&#8221;][\/vc_column_inner][vc_column_inner width=&#8221;1\/4&#8243;][vc_empty_space hide_on_mobile=&#8221;&#8221;][\/vc_column_inner][\/vc_row_inner][\/vc_column][vc_column width=&#8221;1\/2&#8243;][vc_separator color=&#8221;white&#8221;][vc_gallery interval=&#8221;3&#8243; img_size=&#8221;large&#8221;][\/vc_column][\/vc_row][vc_row][vc_column width=&#8221;1\/2&#8243;][vc_separator][vc_column_text]<\/p>\n<h6>SPIELPLATZ IN COUVET<\/h6>\n<p><a href=\"https:\/\/sitn.ne.ch\/theme\/main?lang=fr&amp;baselayer_ref=blank&amp;tree_groups=gp_points_interets%2Cgp_photos_360%2Cgp_main%2Cgp_base_layers&amp;tree_group_layers_gp_photos_360=&amp;map_x=2538839&amp;map_y=1197520&amp;map_zoom=9&amp;tree_enable_poi_place_pique_nique=true&amp;tree_enable_pi09_places_jeux=true\" target=\"_blank\" rel=\"noopener\">Standort<\/a><\/p>\n<p>Toiletten stehen im H\u00f4tel de l\u2019Aigle zur Verf\u00fcgung.[\/vc_column_text][vc_row_inner][vc_column_inner width=&#8221;1\/4&#8243;][vc_single_image image=&#8221;15117&#8243;][vc_empty_space hide_on_mobile=&#8221;&#8221;][\/vc_column_inner][vc_column_inner width=&#8221;1\/4&#8243;][vc_single_image image=&#8221;15120&#8243;][vc_empty_space hide_on_mobile=&#8221;&#8221;][\/vc_column_inner][vc_column_inner width=&#8221;1\/4&#8243;][vc_single_image image=&#8221;15126&#8243;][vc_empty_space hide_on_mobile=&#8221;&#8221;][\/vc_column_inner][vc_column_inner width=&#8221;1\/4&#8243;][vc_empty_space hide_on_mobile=&#8221;&#8221;][\/vc_column_inner][\/vc_row_inner][\/vc_column][vc_column width=&#8221;1\/2&#8243;][vc_separator color=&#8221;white&#8221;][vc_gallery interval=&#8221;3&#8243; images=&#8221;14807&#8243; img_size=&#8221;large&#8221;][\/vc_column][\/vc_row][vc_row][vc_column width=&#8221;1\/2&#8243;][vc_separator][vc_column_text]<\/p>\n<h6>ASPHALTMINEN, TRAVERS<\/h6>\n<p><a href=\"https:\/\/sitn.ne.ch\/theme\/main?lang=fr&amp;baselayer_ref=blank&amp;tree_group_layers_gp_photos_360=&amp;map_x=2540384&amp;map_y=1198033&amp;map_zoom=9&amp;tree_groups=gp_points_interets%2Cgp_photos_360%2Cgp_main%2Cgp_base_layers&amp;tree_enable_pi09_places_jeux=true&amp;tree_enable_poi_place_pique_nique=true\" target=\"_blank\" rel=\"noopener\">Standort<\/a><\/p>\n<p>Toiletten stehen in den Asphaltminen zur Verf\u00fcgung.[\/vc_column_text][vc_row_inner][vc_column_inner width=&#8221;1\/4&#8243;][vc_single_image image=&#8221;15117&#8243;][vc_empty_space hide_on_mobile=&#8221;&#8221;][\/vc_column_inner][vc_column_inner width=&#8221;1\/4&#8243;][vc_single_image image=&#8221;15120&#8243;][vc_empty_space hide_on_mobile=&#8221;&#8221;][\/vc_column_inner][vc_column_inner width=&#8221;1\/4&#8243;][vc_empty_space hide_on_mobile=&#8221;&#8221;][\/vc_column_inner][vc_column_inner width=&#8221;1\/4&#8243;][vc_empty_space hide_on_mobile=&#8221;&#8221;][\/vc_column_inner][\/vc_row_inner][\/vc_column][vc_column width=&#8221;1\/2&#8243;][vc_separator color=&#8221;white&#8221;][vc_gallery interval=&#8221;3&#8243; img_size=&#8221;large&#8221;][\/vc_column][\/vc_row]<\/p>\n","protected":false},"excerpt":{"rendered":"<p>[vc_row][vc_column][vc_column_text]Jedes Dorf im Val-de-Travers verf\u00fcgt \u00fcber familienfreundliche Infrastrukturen wie Spielpl\u00e4tze. Diese Orte laden zu gemeinsamen, unbeschwerten Momenten in den Ferien ein. Entdecken Sie unten f\u00fcnf Spielpl\u00e4tze f\u00fcr Kinder von 0&hellip;<\/p>\n","protected":false},"author":73,"featured_media":14560,"parent":0,"menu_order":0,"comment_status":"closed","ping_status":"closed","template":"","meta":{"footnotes":""},"yoast_head":"<!-- This site is optimized with the Yoast SEO plugin v23.5 - https:\/\/yoast.com\/wordpress\/plugins\/seo\/ -->\n<title>Spielpl\u00e4tze des Val-de-Travers<\/title>\n<meta name=\"description\" content=\"Zahlreiche Spielpl\u00e4tze sind im Val-de-Travers verteilt \u2013 ideal, um einfache und sch\u00f6ne Familienmomente zu erleben.\" \/>\n<meta name=\"robots\" content=\"index, follow, max-snippet:-1, max-image-preview:large, max-video-preview:-1\" \/>\n<link rel=\"canonical\" href=\"https:\/\/www.myvaldetravers.ch\/de\/places-de-jeux\/\" \/>\n<meta property=\"og:locale\" content=\"de_DE\" \/>\n<meta property=\"og:type\" content=\"article\" \/>\n<meta property=\"og:title\" content=\"Spielpl\u00e4tze des Val-de-Travers\" \/>\n<meta property=\"og:description\" content=\"Zahlreiche Spielpl\u00e4tze sind im Val-de-Travers verteilt \u2013 ideal, um einfache und sch\u00f6ne Familienmomente zu erleben.\" \/>\n<meta property=\"og:url\" content=\"https:\/\/www.myvaldetravers.ch\/de\/places-de-jeux\/\" \/>\n<meta property=\"og:site_name\" content=\"Destination Val-de-Travers\" \/>\n<meta property=\"article:publisher\" content=\"https:\/\/www.facebook.com\/DestinationValdeTravers\/\" \/>\n<meta property=\"og:image\" content=\"https:\/\/www.myvaldetravers.ch\/wp-content\/uploads\/2025\/07\/Desti_VDT_LR-1C0A4208-1024x682.jpg\" \/>\n\t<meta property=\"og:image:width\" content=\"1024\" \/>\n\t<meta property=\"og:image:height\" content=\"682\" \/>\n\t<meta property=\"og:image:type\" content=\"image\/jpeg\" \/>\n<meta name=\"twitter:card\" content=\"summary_large_image\" \/>\n<meta name=\"twitter:label1\" content=\"Gesch\u00e4tzte Lesezeit\" \/>\n\t<meta name=\"twitter:data1\" content=\"5\u00a0Minuten\" \/>\n<script type=\"application\/ld+json\" class=\"yoast-schema-graph\">{\"@context\":\"https:\/\/schema.org\",\"@graph\":[{\"@type\":\"WebPage\",\"@id\":\"https:\/\/www.myvaldetravers.ch\/de\/places-de-jeux\/\",\"url\":\"https:\/\/www.myvaldetravers.ch\/de\/places-de-jeux\/\",\"name\":\"Spielpl\u00e4tze des Val-de-Travers\",\"isPartOf\":{\"@id\":\"https:\/\/www.myvaldetravers.ch\/de\/#website\"},\"primaryImageOfPage\":{\"@id\":\"https:\/\/www.myvaldetravers.ch\/de\/places-de-jeux\/#primaryimage\"},\"image\":{\"@id\":\"https:\/\/www.myvaldetravers.ch\/de\/places-de-jeux\/#primaryimage\"},\"thumbnailUrl\":\"https:\/\/www.myvaldetravers.ch\/wp-content\/uploads\/2025\/07\/Desti_VDT_LR-1C0A4208.jpg\",\"datePublished\":\"2026-05-05T08:19:26+00:00\",\"dateModified\":\"2026-05-05T08:19:26+00:00\",\"description\":\"Zahlreiche Spielpl\u00e4tze sind im Val-de-Travers verteilt \u2013 ideal, um einfache und sch\u00f6ne Familienmomente zu erleben.\",\"breadcrumb\":{\"@id\":\"https:\/\/www.myvaldetravers.ch\/de\/places-de-jeux\/#breadcrumb\"},\"inLanguage\":\"de\",\"potentialAction\":[{\"@type\":\"ReadAction\",\"target\":[\"https:\/\/www.myvaldetravers.ch\/de\/places-de-jeux\/\"]}]},{\"@type\":\"ImageObject\",\"inLanguage\":\"de\",\"@id\":\"https:\/\/www.myvaldetravers.ch\/de\/places-de-jeux\/#primaryimage\",\"url\":\"https:\/\/www.myvaldetravers.ch\/wp-content\/uploads\/2025\/07\/Desti_VDT_LR-1C0A4208.jpg\",\"contentUrl\":\"https:\/\/www.myvaldetravers.ch\/wp-content\/uploads\/2025\/07\/Desti_VDT_LR-1C0A4208.jpg\",\"width\":2000,\"height\":1333,\"caption\":\"Photo \u00e9t\u00e9 Vall\u00e9e Tamara Berger\"},{\"@type\":\"BreadcrumbList\",\"@id\":\"https:\/\/www.myvaldetravers.ch\/de\/places-de-jeux\/#breadcrumb\",\"itemListElement\":[{\"@type\":\"ListItem\",\"position\":1,\"name\":\"Accueil\",\"item\":\"https:\/\/www.myvaldetravers.ch\/de\/\"},{\"@type\":\"ListItem\",\"position\":2,\"name\":\"SPIELPL\u00c4TZE IM VAL-DE-TRAVERS\"}]},{\"@type\":\"WebSite\",\"@id\":\"https:\/\/www.myvaldetravers.ch\/de\/#website\",\"url\":\"https:\/\/www.myvaldetravers.ch\/de\/\",\"name\":\"Destination Val-de-Travers\",\"description\":\"Il y a toujours quelque chose \u00e0 faire au Val-de-Travers.\",\"potentialAction\":[{\"@type\":\"SearchAction\",\"target\":{\"@type\":\"EntryPoint\",\"urlTemplate\":\"https:\/\/www.myvaldetravers.ch\/de\/?s={search_term_string}\"},\"query-input\":{\"@type\":\"PropertyValueSpecification\",\"valueRequired\":true,\"valueName\":\"search_term_string\"}}],\"inLanguage\":\"de\"}]}<\/script>\n<!-- \/ Yoast SEO plugin. -->","yoast_head_json":{"title":"Spielpl\u00e4tze des Val-de-Travers","description":"Zahlreiche Spielpl\u00e4tze sind im Val-de-Travers verteilt \u2013 ideal, um einfache und sch\u00f6ne Familienmomente zu erleben.","robots":{"index":"index","follow":"follow","max-snippet":"max-snippet:-1","max-image-preview":"max-image-preview:large","max-video-preview":"max-video-preview:-1"},"canonical":"https:\/\/www.myvaldetravers.ch\/de\/places-de-jeux\/","og_locale":"de_DE","og_type":"article","og_title":"Spielpl\u00e4tze des Val-de-Travers","og_description":"Zahlreiche Spielpl\u00e4tze sind im Val-de-Travers verteilt \u2013 ideal, um einfache und sch\u00f6ne Familienmomente zu erleben.","og_url":"https:\/\/www.myvaldetravers.ch\/de\/places-de-jeux\/","og_site_name":"Destination Val-de-Travers","article_publisher":"https:\/\/www.facebook.com\/DestinationValdeTravers\/","og_image":[{"width":1024,"height":682,"url":"https:\/\/www.myvaldetravers.ch\/wp-content\/uploads\/2025\/07\/Desti_VDT_LR-1C0A4208-1024x682.jpg","type":"image\/jpeg"}],"twitter_card":"summary_large_image","twitter_misc":{"Gesch\u00e4tzte Lesezeit":"5\u00a0Minuten"},"schema":{"@context":"https:\/\/schema.org","@graph":[{"@type":"WebPage","@id":"https:\/\/www.myvaldetravers.ch\/de\/places-de-jeux\/","url":"https:\/\/www.myvaldetravers.ch\/de\/places-de-jeux\/","name":"Spielpl\u00e4tze des Val-de-Travers","isPartOf":{"@id":"https:\/\/www.myvaldetravers.ch\/de\/#website"},"primaryImageOfPage":{"@id":"https:\/\/www.myvaldetravers.ch\/de\/places-de-jeux\/#primaryimage"},"image":{"@id":"https:\/\/www.myvaldetravers.ch\/de\/places-de-jeux\/#primaryimage"},"thumbnailUrl":"https:\/\/www.myvaldetravers.ch\/wp-content\/uploads\/2025\/07\/Desti_VDT_LR-1C0A4208.jpg","datePublished":"2026-05-05T08:19:26+00:00","dateModified":"2026-05-05T08:19:26+00:00","description":"Zahlreiche Spielpl\u00e4tze sind im Val-de-Travers verteilt \u2013 ideal, um einfache und sch\u00f6ne Familienmomente zu erleben.","breadcrumb":{"@id":"https:\/\/www.myvaldetravers.ch\/de\/places-de-jeux\/#breadcrumb"},"inLanguage":"de","potentialAction":[{"@type":"ReadAction","target":["https:\/\/www.myvaldetravers.ch\/de\/places-de-jeux\/"]}]},{"@type":"ImageObject","inLanguage":"de","@id":"https:\/\/www.myvaldetravers.ch\/de\/places-de-jeux\/#primaryimage","url":"https:\/\/www.myvaldetravers.ch\/wp-content\/uploads\/2025\/07\/Desti_VDT_LR-1C0A4208.jpg","contentUrl":"https:\/\/www.myvaldetravers.ch\/wp-content\/uploads\/2025\/07\/Desti_VDT_LR-1C0A4208.jpg","width":2000,"height":1333,"caption":"Photo \u00e9t\u00e9 Vall\u00e9e Tamara Berger"},{"@type":"BreadcrumbList","@id":"https:\/\/www.myvaldetravers.ch\/de\/places-de-jeux\/#breadcrumb","itemListElement":[{"@type":"ListItem","position":1,"name":"Accueil","item":"https:\/\/www.myvaldetravers.ch\/de\/"},{"@type":"ListItem","position":2,"name":"SPIELPL\u00c4TZE IM VAL-DE-TRAVERS"}]},{"@type":"WebSite","@id":"https:\/\/www.myvaldetravers.ch\/de\/#website","url":"https:\/\/www.myvaldetravers.ch\/de\/","name":"Destination Val-de-Travers","description":"Il y a toujours quelque chose \u00e0 faire au Val-de-Travers.","potentialAction":[{"@type":"SearchAction","target":{"@type":"EntryPoint","urlTemplate":"https:\/\/www.myvaldetravers.ch\/de\/?s={search_term_string}"},"query-input":{"@type":"PropertyValueSpecification","valueRequired":true,"valueName":"search_term_string"}}],"inLanguage":"de"}]}},"_links":{"self":[{"href":"https:\/\/www.myvaldetravers.ch\/de\/wp-json\/wp\/v2\/pages\/15063"}],"collection":[{"href":"https:\/\/www.myvaldetravers.ch\/de\/wp-json\/wp\/v2\/pages"}],"about":[{"href":"https:\/\/www.myvaldetravers.ch\/de\/wp-json\/wp\/v2\/types\/page"}],"author":[{"embeddable":true,"href":"https:\/\/www.myvaldetravers.ch\/de\/wp-json\/wp\/v2\/users\/73"}],"replies":[{"embeddable":true,"href":"https:\/\/www.myvaldetravers.ch\/de\/wp-json\/wp\/v2\/comments?post=15063"}],"version-history":[{"count":4,"href":"https:\/\/www.myvaldetravers.ch\/de\/wp-json\/wp\/v2\/pages\/15063\/revisions"}],"predecessor-version":[{"id":15330,"href":"https:\/\/www.myvaldetravers.ch\/de\/wp-json\/wp\/v2\/pages\/15063\/revisions\/15330"}],"wp:featuredmedia":[{"embeddable":true,"href":"https:\/\/www.myvaldetravers.ch\/de\/wp-json\/wp\/v2\/media\/14560"}],"wp:attachment":[{"href":"https:\/\/www.myvaldetravers.ch\/de\/wp-json\/wp\/v2\/media?parent=15063"}],"curies":[{"name":"wp","href":"https:\/\/api.w.org\/{rel}","templated":true}]}}