{"id":15072,"date":"2026-05-05T11:49:17","date_gmt":"2026-05-05T09:49:17","guid":{"rendered":"https:\/\/www.myvaldetravers.ch\/?page_id=15072"},"modified":"2026-05-05T11:49:17","modified_gmt":"2026-05-05T09:49:17","slug":"randonnees-velo-famille","status":"publish","type":"page","link":"https:\/\/www.myvaldetravers.ch\/de\/randonnees-velo-famille\/","title":{"rendered":"WANDERUNGEN UND VELOWEGE F\u00dcR FAMILIEN"},"content":{"rendered":"<p>[vc_row][vc_column][vc_column_text]Das Val-de-Travers bietet zahlreiche Wanderwege und Velorouten. Ob gem\u00fctliche Spazierg\u00e4nge, anspruchsvollere Strecken oder spektakul\u00e4re Routen \u2013 hier finden Sie garantiert eine Tour, die zu Ihrer Familie passt.[\/vc_column_text][vc_separator][\/vc_column][\/vc_row][vc_row][vc_column][vc_column_text]<\/p>\n<h3>PIKTOGRAMME<\/h3>\n<p>Um Ihnen die Suche nach der idealen Route zu erleichtern, werden Piktogramme verwendet. Hier ist ihre Bedeutung.[\/vc_column_text][vc_empty_space alter_height=&#8221;small&#8221; hide_on_mobile=&#8221;&#8221;][vc_row_inner][vc_column_inner width=&#8221;1\/3&#8243;][vc_single_image image=&#8221;15088&#8243;][vc_empty_space hide_on_mobile=&#8221;&#8221;][vc_column_text]Wanderroute[\/vc_column_text][vc_empty_space alter_height=&#8221;small&#8221; hide_on_mobile=&#8221;&#8221;][\/vc_column_inner][vc_column_inner width=&#8221;1\/3&#8243;][vc_single_image image=&#8221;15082&#8243;][vc_empty_space hide_on_mobile=&#8221;&#8221;][vc_column_text]Veloroute[\/vc_column_text][vc_empty_space alter_height=&#8221;small&#8221; hide_on_mobile=&#8221;&#8221;][\/vc_column_inner][vc_column_inner width=&#8221;1\/3&#8243;][vc_single_image image=&#8221;15085&#8243;][vc_empty_space hide_on_mobile=&#8221;&#8221;][vc_column_text]Mountainbike-Route[\/vc_column_text][vc_empty_space alter_height=&#8221;small&#8221; hide_on_mobile=&#8221;&#8221;][\/vc_column_inner][\/vc_row_inner][vc_row_inner][vc_column_inner width=&#8221;1\/3&#8243;][vc_single_image image=&#8221;15079&#8243;][vc_empty_space hide_on_mobile=&#8221;&#8221;][vc_column_text]Mit Kinderwagen m\u00f6glich[\/vc_column_text][vc_empty_space alter_height=&#8221;small&#8221; hide_on_mobile=&#8221;&#8221;][\/vc_column_inner][vc_column_inner width=&#8221;1\/3&#8243;][vc_single_image image=&#8221;15076&#8243;][vc_empty_space hide_on_mobile=&#8221;&#8221;][vc_column_text]Parkplatz in der N\u00e4he[\/vc_column_text][vc_empty_space alter_height=&#8221;small&#8221; hide_on_mobile=&#8221;&#8221;][\/vc_column_inner][vc_column_inner width=&#8221;1\/3&#8243;][\/vc_column_inner][\/vc_row_inner][vc_empty_space alter_height=&#8221;small&#8221; hide_on_mobile=&#8221;&#8221;][\/vc_column][\/vc_row][vc_row][vc_column width=&#8221;1\/2&#8243;][vc_separator][vc_column_text]<\/p>\n<h6>DER CREUX DU VAN ZU FUSS<\/h6>\n<p>Von Noiraigue aus machen Sie sich auf den Weg zum Creux du Van und nehmen die ber\u00fchmten 14 Kehren in Angriff. Die Aussicht, die sich Ihnen im Felskessel oben bietet, ist die rund 800 H\u00f6henmeter mehr als wert.<\/p>\n<p>F\u00fcr weniger Wagemutige ist es m\u00f6glich, den Creux du Van von Couvet aus mit dem Auto zu erreichen und auf dem Parkplatz \u201eVers chez les Favres\u201c zu parkieren.<\/p>\n<p><a href=\"https:\/\/www.j3l.ch\/de\/V1600\/erlebnisse\/sport-freizeit\/wandern\/creux-du-van\">Link zur Route<\/a><\/p>\n<p><strong>N\u00e4chste Haltestelle des \u00f6ffentlichen Verkehrs<\/strong>: Noiraigue<\/p>\n<p><strong>Niveau<\/strong>: Mittel bis schwierig[\/vc_column_text][vc_row_inner][vc_column_inner width=&#8221;1\/4&#8243;][vc_single_image image=&#8221;15088&#8243;][vc_empty_space hide_on_mobile=&#8221;&#8221;][\/vc_column_inner][vc_column_inner width=&#8221;1\/4&#8243;][vc_single_image image=&#8221;15076&#8243;][vc_empty_space hide_on_mobile=&#8221;&#8221;][\/vc_column_inner][vc_column_inner width=&#8221;1\/4&#8243;][vc_empty_space hide_on_mobile=&#8221;&#8221;][\/vc_column_inner][vc_column_inner width=&#8221;1\/4&#8243;][vc_empty_space hide_on_mobile=&#8221;&#8221;][\/vc_column_inner][\/vc_row_inner][\/vc_column][vc_column width=&#8221;1\/2&#8243;][vc_separator color=&#8221;white&#8221;][vc_gallery interval=&#8221;3&#8243; images=&#8221;9348,7799,7806,7815&#8243; img_size=&#8221;large&#8221;][\/vc_column][\/vc_row][vc_row][vc_column width=&#8221;1\/2&#8243;][vc_separator][vc_column_text]<\/p>\n<h6>CREUX DU VAN TOUR (VELO)<\/h6>\n<p>Von den Asphaltminen oder von Noiraigue aus entdecken Sie den Creux du Van mit dem Velo: eine abwechslungsreiche Rundtour durch W\u00e4lder, Weiden und mit beeindruckenden Ausblicken auf die Alpen. Eine gut zug\u00e4ngliche Route, unber\u00fchrte Landschaften und eine angenehme Abfahrt f\u00fcr den R\u00fcckweg.<\/p>\n<p><a href=\"https:\/\/schweizmobil.ch\/de\/veloland\/route-412\">Link zur Route<\/a><\/p>\n<p><strong>N\u00e4chste Haltestellen des \u00f6ffentlichen Verkehrs<\/strong>: Noiraigue, La Presta &#8211; Mines d&#8217;asphalte<\/p>\n<p><strong>Niveau<\/strong>: Mittel[\/vc_column_text][vc_row_inner][vc_column_inner width=&#8221;1\/4&#8243;][vc_single_image image=&#8221;15082&#8243;][vc_empty_space hide_on_mobile=&#8221;&#8221;][\/vc_column_inner][vc_column_inner width=&#8221;1\/4&#8243;][vc_single_image image=&#8221;15076&#8243;][vc_empty_space hide_on_mobile=&#8221;&#8221;][\/vc_column_inner][vc_column_inner width=&#8221;1\/4&#8243;][vc_empty_space hide_on_mobile=&#8221;&#8221;][\/vc_column_inner][vc_column_inner width=&#8221;1\/4&#8243;][vc_empty_space hide_on_mobile=&#8221;&#8221;][\/vc_column_inner][\/vc_row_inner][\/vc_column][vc_column width=&#8221;1\/2&#8243;][vc_separator color=&#8221;white&#8221;][vc_gallery interval=&#8221;3&#8243; images=&#8221;12352,12355,12358&#8243; img_size=&#8221;large&#8221;][\/vc_column][\/vc_row][vc_row][vc_column width=&#8221;1\/2&#8243;][vc_separator][vc_column_text]<\/p>\n<h6>DIE AREUSE-SCHLUCHTEN<\/h6>\n<p>Zwischen Noiraigue und Champ-du-Moulin f\u00fchrt Sie der Wanderweg durch die Areuse-Schluchten, inklusive der ber\u00fchmten engen Passage des Saut-de-Brot.<\/p>\n<p>Die Areuse-Schluchten sind ein gesch\u00fctztes Gebiet: Bitte beachten Sie die Regeln (kein Feuer, Hunde an der Leine usw.).<\/p>\n<p><a href=\"https:\/\/schweizmobil.ch\/de\/wanderland\/route-289\" target=\"_blank\" rel=\"noopener\">Link zur Wanderroute<\/a><br \/>\n<a href=\"https:\/\/schweizmobil.ch\/de\/veloland\/route-94\/etappe-1\" target=\"_blank\" rel=\"noopener\">Link zur Veloroute<\/a><\/p>\n<p><strong>N\u00e4chste Haltestellen des \u00f6ffentlichen Verkehrs<\/strong>: Noiraigue, Champ-du-Moulin<\/p>\n<p><strong>Niveau<\/strong>: Mittel bis schwierig[\/vc_column_text][vc_row_inner][vc_column_inner width=&#8221;1\/4&#8243;][vc_single_image image=&#8221;15088&#8243;][vc_empty_space hide_on_mobile=&#8221;&#8221;][\/vc_column_inner][vc_column_inner width=&#8221;1\/4&#8243;][vc_single_image image=&#8221;15082&#8243;][vc_empty_space hide_on_mobile=&#8221;&#8221;][\/vc_column_inner][vc_column_inner width=&#8221;1\/4&#8243;][vc_single_image image=&#8221;15076&#8243;][vc_empty_space hide_on_mobile=&#8221;&#8221;][\/vc_column_inner][vc_column_inner width=&#8221;1\/4&#8243;][vc_empty_space hide_on_mobile=&#8221;&#8221;][\/vc_column_inner][\/vc_row_inner][\/vc_column][vc_column width=&#8221;1\/2&#8243;][vc_separator color=&#8221;white&#8221;][vc_gallery interval=&#8221;3&#8243; images=&#8221;12854,9436,8319&#8243; img_size=&#8221;large&#8221;][\/vc_column][\/vc_row][vc_row][vc_column width=&#8221;1\/2&#8243;][vc_separator][vc_column_text]<\/p>\n<h6>PO\u00cbTA-RAISSE-SCHLUCHTEN, M\u00d4TIERS<\/h6>\n<p>Oberhalb von M\u00f4tiers f\u00fchren Sie die wilden Schluchten der Po\u00ebta-Raisse bis zur Picknickh\u00fctte oder weiter bis zum oberen Ende der Schlucht. Sie entdecken beeindruckende Kalksteinformationen. Diese Wanderung ist ein Bergweg mit Handl\u00e4ufen und Treppen.<\/p>\n<p><a href=\"https:\/\/www.j3l.ch\/de\/V1605\/erlebnisse\/sport-freizeit\/wandern\/poeta-raisse-schluchten\">Link zur Route<\/a><\/p>\n<p><strong>N\u00e4chste Haltestelle des \u00f6ffentlichen Verkehrs<\/strong>: M\u00f4tiers, NE<\/p>\n<p><strong>Niveau<\/strong>: Schwierig[\/vc_column_text][vc_row_inner][vc_column_inner width=&#8221;1\/4&#8243;][vc_single_image image=&#8221;15088&#8243;][vc_empty_space hide_on_mobile=&#8221;&#8221;][\/vc_column_inner][vc_column_inner width=&#8221;1\/4&#8243;][vc_single_image image=&#8221;15076&#8243;][vc_empty_space hide_on_mobile=&#8221;&#8221;][\/vc_column_inner][vc_column_inner width=&#8221;1\/4&#8243;][vc_empty_space hide_on_mobile=&#8221;&#8221;][\/vc_column_inner][vc_column_inner width=&#8221;1\/4&#8243;][vc_empty_space hide_on_mobile=&#8221;&#8221;][\/vc_column_inner][\/vc_row_inner][\/vc_column][vc_column width=&#8221;1\/2&#8243;][vc_separator color=&#8221;white&#8221;][vc_gallery interval=&#8221;3&#8243; images=&#8221;2046,15107&#8243; img_size=&#8221;large&#8221;][\/vc_column][\/vc_row][vc_row][vc_column width=&#8221;1\/2&#8243;][vc_separator][vc_column_text]<\/p>\n<h6>KUGELBAHN-PARCOURS LA ROBELLA, BUTTES<\/h6>\n<p>La Robella Val-de-Travers erwartet Sie mit seinem neuen Kugelbahn-Parcours. Fahren Sie mit dem Sessellift hinauf und nutzen Sie bei der Abfahrt nach Buttes die Kugelbahnen.<\/p>\n<p><a href=\"https:\/\/www.robella.ch\/de\/kugelspiele\/\">Link zur Route<\/a><\/p>\n<p><strong>N\u00e4chste Haltestelle des \u00f6ffentlichen Verkehrs<\/strong>: Buttes<\/p>\n<p><strong>Niveau<\/strong>: Schwierig[\/vc_column_text][vc_row_inner][vc_column_inner width=&#8221;1\/4&#8243;][vc_single_image image=&#8221;15088&#8243;][vc_empty_space hide_on_mobile=&#8221;&#8221;][\/vc_column_inner][vc_column_inner width=&#8221;1\/4&#8243;][vc_single_image image=&#8221;15085&#8243;][vc_empty_space hide_on_mobile=&#8221;&#8221;][\/vc_column_inner][vc_column_inner width=&#8221;1\/4&#8243;][vc_single_image image=&#8221;15076&#8243;][vc_empty_space hide_on_mobile=&#8221;&#8221;][\/vc_column_inner][vc_column_inner width=&#8221;1\/4&#8243;][vc_empty_space hide_on_mobile=&#8221;&#8221;][\/vc_column_inner][\/vc_row_inner][\/vc_column][vc_column width=&#8221;1\/2&#8243;][vc_separator color=&#8221;white&#8221;][vc_gallery interval=&#8221;3&#8243; images=&#8221;15104,15101&#8243; img_size=&#8221;large&#8221;][\/vc_column][\/vc_row][vc_row][vc_column width=&#8221;1\/2&#8243;][vc_separator][vc_column_text]<\/p>\n<h6>PLAT DE RIAUX \u00dcBER DEN WASSERFALL VON M\u00d4TIERS<\/h6>\n<p>Erreichen Sie den wundersch\u00f6nen Picknickplatz Plat de Riaux \u00fcber den Wasserfall von M\u00f4tiers.<\/p>\n<p><a href=\"https:\/\/schweizmobil.ch\/de\/tour\/2148732?photos=yes&amp;detours=yes&amp;season=summer&amp;bgLayer=pk&amp;resolution=1.91&amp;E=2537387&amp;N=1195468&amp;logos=yes\">Link zur Route<\/a><\/p>\n<p><strong>N\u00e4chste Haltestelle des \u00f6ffentlichen Verkehrs<\/strong>: M\u00f4tiers<\/p>\n<p><strong>Niveau<\/strong>: Leicht bis mittel[\/vc_column_text][vc_row_inner][vc_column_inner width=&#8221;1\/4&#8243;][vc_single_image image=&#8221;15088&#8243;][vc_empty_space hide_on_mobile=&#8221;&#8221;][\/vc_column_inner][vc_column_inner width=&#8221;1\/4&#8243;][vc_single_image image=&#8221;15076&#8243;][vc_empty_space hide_on_mobile=&#8221;&#8221;][\/vc_column_inner][vc_column_inner width=&#8221;1\/4&#8243;][vc_empty_space hide_on_mobile=&#8221;&#8221;][\/vc_column_inner][vc_column_inner width=&#8221;1\/4&#8243;][vc_empty_space hide_on_mobile=&#8221;&#8221;][\/vc_column_inner][\/vc_row_inner][\/vc_column][vc_column width=&#8221;1\/2&#8243;][vc_separator color=&#8221;white&#8221;][vc_gallery interval=&#8221;3&#8243; images=&#8221;2043,15049,15052&#8243; img_size=&#8221;large&#8221;][\/vc_column][\/vc_row][vc_row][vc_column width=&#8221;1\/2&#8243;][vc_separator][vc_column_text]<\/p>\n<h6>DIE QUELLE UND DIE WASSERR\u00c4DER DER AREUSE, ST-SULPICE<\/h6>\n<p>Erfrischender Spaziergang zur Quelle der Areuse, mit R\u00fcckweg \u00fcber die Wasserr\u00e4der. <a href=\"https:\/\/www.myvaldetravers.ch\/de\/erlebnisse\/vw-museum\/\">Empfohlener Halt beim VW-Schrottmuseum.<\/a><\/p>\n<p><a href=\"https:\/\/www.j3l.ch\/de\/V3035\/erlebnisse\/sport-freizeit\/wandern\/die-raeder-der-areuse\">Link zur Route<\/a><\/p>\n<p><strong>N\u00e4chste Haltestelle des \u00f6ffentlichen Verkehrs<\/strong>: St-Sulpice NE, Terminus<\/p>\n<p><strong>Niveau<\/strong>: Leicht[\/vc_column_text][vc_row_inner][vc_column_inner width=&#8221;1\/4&#8243;][vc_single_image image=&#8221;15088&#8243;][vc_empty_space hide_on_mobile=&#8221;&#8221;][\/vc_column_inner][vc_column_inner width=&#8221;1\/4&#8243;][vc_single_image image=&#8221;15082&#8243;][vc_empty_space hide_on_mobile=&#8221;&#8221;][\/vc_column_inner][vc_column_inner width=&#8221;1\/4&#8243;][vc_single_image image=&#8221;15079&#8243;][vc_empty_space hide_on_mobile=&#8221;&#8221;][\/vc_column_inner][vc_column_inner width=&#8221;1\/4&#8243;][vc_single_image image=&#8221;15076&#8243;][vc_empty_space hide_on_mobile=&#8221;&#8221;][\/vc_column_inner][\/vc_row_inner][\/vc_column][vc_column width=&#8221;1\/2&#8243;][vc_separator color=&#8221;white&#8221;][vc_gallery interval=&#8221;3&#8243; images=&#8221;1597,1595&#8243; img_size=&#8221;large&#8221;][\/vc_column][\/vc_row][vc_row][vc_column width=&#8221;1\/2&#8243;][vc_separator][vc_column_text]<\/p>\n<h6>F\u00c9EN-RUNDWEG, LA C\u00d4TE-AUX-F\u00c9ES<\/h6>\n<p>Wander- oder Mountainbike-Rundtour durch die Alpenweiden des Hochplateaus von La C\u00f4te-aux-F\u00e9es. Vier Einkehrm\u00f6glichkeiten in Bergrestaurants! Abwechslungsreiche Landschaften und geringe Steigungen.<\/p>\n<p><a href=\"https:\/\/www.lacote-aux-fees.ch\/fileadmin\/SICO\/LaCote-aux-Fees\/Cote_aux_Fees_depliant_parcours_VTT.pdf\" target=\"_blank\" rel=\"noopener\">Link zur Route<\/a><\/p>\n<p><strong>N\u00e4chste Haltestelle des \u00f6ffentlichen Verkehrs<\/strong>: La C\u00f4te-aux-F\u00e9es, Poste<\/p>\n<p><strong>Niveau<\/strong>: Mittel[\/vc_column_text][vc_row_inner][vc_column_inner width=&#8221;1\/4&#8243;][vc_single_image image=&#8221;15088&#8243;][vc_empty_space hide_on_mobile=&#8221;&#8221;][\/vc_column_inner][vc_column_inner width=&#8221;1\/4&#8243;][vc_single_image image=&#8221;15082&#8243;][vc_empty_space hide_on_mobile=&#8221;&#8221;][\/vc_column_inner][vc_column_inner width=&#8221;1\/4&#8243;][vc_single_image image=&#8221;15085&#8243;][vc_empty_space hide_on_mobile=&#8221;&#8221;][\/vc_column_inner][vc_column_inner width=&#8221;1\/4&#8243;][vc_single_image image=&#8221;15076&#8243;][vc_empty_space hide_on_mobile=&#8221;&#8221;][\/vc_column_inner][\/vc_row_inner][\/vc_column][vc_column width=&#8221;1\/2&#8243;][vc_separator color=&#8221;white&#8221;][vc_gallery interval=&#8221;3&#8243; images=&#8221;6876&#8243; img_size=&#8221;large&#8221;][\/vc_column][\/vc_row][vc_row][vc_column width=&#8221;1\/2&#8243;][vc_separator][vc_column_text]<\/p>\n<h6>DER AREUSE-WEG<\/h6>\n<p>Das Val-de-Travers ist ein Tal mit flachem Boden \u2013 ideal, um Landschaften und touristische Angebote mit dem Velo auf signalisierten Routen zu entdecken. Zahlreiche Start- und Endpunkte erm\u00f6glichen flexible Touren mit einfacher R\u00fcckkehr per \u00f6ffentlichem Verkehr.<\/p>\n<p><a href=\"https:\/\/schweizmobil.ch\/de\/veloland\/route-94\/etappe-1\">Link zur Veloroute<\/a><\/p>\n<p><strong>N\u00e4chste Haltestellen des \u00f6ffentlichen Verkehrs<\/strong>: Buttes, Fleurier, M\u00f4tiers NE, Couvet NE, Travers, Noiraigue<\/p>\n<p><strong>Niveau<\/strong>: Leicht[\/vc_column_text][vc_row_inner][vc_column_inner width=&#8221;1\/4&#8243;][vc_single_image image=&#8221;15088&#8243;][vc_empty_space hide_on_mobile=&#8221;&#8221;][\/vc_column_inner][vc_column_inner width=&#8221;1\/4&#8243;][vc_single_image image=&#8221;15082&#8243;][vc_empty_space hide_on_mobile=&#8221;&#8221;][\/vc_column_inner][vc_column_inner width=&#8221;1\/4&#8243;][vc_single_image image=&#8221;15079&#8243;][vc_empty_space hide_on_mobile=&#8221;&#8221;][\/vc_column_inner][vc_column_inner width=&#8221;1\/4&#8243;][vc_single_image image=&#8221;15076&#8243;][vc_empty_space hide_on_mobile=&#8221;&#8221;][\/vc_column_inner][\/vc_row_inner][\/vc_column][vc_column width=&#8221;1\/2&#8243;][vc_separator color=&#8221;white&#8221;][vc_gallery interval=&#8221;3&#8243; images=&#8221;9439,11269&#8243; img_size=&#8221;large&#8221;][\/vc_column][\/vc_row]<\/p>\n","protected":false},"excerpt":{"rendered":"<p>[vc_row][vc_column][vc_column_text]Das Val-de-Travers bietet zahlreiche Wanderwege und Velorouten. Ob gem\u00fctliche Spazierg\u00e4nge, anspruchsvollere Strecken oder spektakul\u00e4re Routen \u2013 hier finden Sie garantiert eine Tour, die zu Ihrer Familie passt.[\/vc_column_text][vc_separator][\/vc_column][\/vc_row][vc_row][vc_column][vc_column_text] PIKTOGRAMME Um Ihnen&hellip;<\/p>\n","protected":false},"author":73,"featured_media":12364,"parent":0,"menu_order":0,"comment_status":"closed","ping_status":"closed","template":"","meta":{"footnotes":""},"yoast_head":"<!-- This site is optimized with the Yoast SEO plugin v23.5 - https:\/\/yoast.com\/wordpress\/plugins\/seo\/ -->\n<title>Wanderungen und Velotouren f\u00fcr Familien im Val-de-Travers<\/title>\n<meta name=\"description\" content=\"Familienfreundliche Wanderungen und Velotouren im Val-de-Travers \u2013 die sch\u00f6nsten Routen f\u00fcr Gross und Klein entdecken\" \/>\n<meta name=\"robots\" content=\"index, follow, max-snippet:-1, max-image-preview:large, max-video-preview:-1\" \/>\n<link rel=\"canonical\" href=\"https:\/\/www.myvaldetravers.ch\/de\/randonnees-velo-famille\/\" \/>\n<meta property=\"og:locale\" content=\"de_DE\" \/>\n<meta property=\"og:type\" content=\"article\" \/>\n<meta property=\"og:title\" content=\"Wanderungen und Velotouren f\u00fcr Familien im Val-de-Travers\" \/>\n<meta property=\"og:description\" content=\"Familienfreundliche Wanderungen und Velotouren im Val-de-Travers \u2013 die sch\u00f6nsten Routen f\u00fcr Gross und Klein entdecken\" \/>\n<meta property=\"og:url\" content=\"https:\/\/www.myvaldetravers.ch\/de\/randonnees-velo-famille\/\" \/>\n<meta property=\"og:site_name\" content=\"Destination Val-de-Travers\" \/>\n<meta property=\"article:publisher\" content=\"https:\/\/www.facebook.com\/DestinationValdeTravers\/\" \/>\n<meta property=\"og:image\" content=\"https:\/\/www.myvaldetravers.ch\/wp-content\/uploads\/2024\/03\/c-Suisse-Tourisme-Dominik-Baur-8-scaled.jpg\" \/>\n\t<meta property=\"og:image:width\" content=\"2560\" \/>\n\t<meta property=\"og:image:height\" content=\"1707\" \/>\n\t<meta property=\"og:image:type\" content=\"image\/jpeg\" \/>\n<meta name=\"twitter:card\" content=\"summary_large_image\" \/>\n<meta name=\"twitter:label1\" content=\"Gesch\u00e4tzte Lesezeit\" \/>\n\t<meta name=\"twitter:data1\" content=\"15\u00a0Minuten\" \/>\n<script type=\"application\/ld+json\" class=\"yoast-schema-graph\">{\"@context\":\"https:\/\/schema.org\",\"@graph\":[{\"@type\":\"WebPage\",\"@id\":\"https:\/\/www.myvaldetravers.ch\/de\/randonnees-velo-famille\/\",\"url\":\"https:\/\/www.myvaldetravers.ch\/de\/randonnees-velo-famille\/\",\"name\":\"Wanderungen und Velotouren f\u00fcr Familien im Val-de-Travers\",\"isPartOf\":{\"@id\":\"https:\/\/www.myvaldetravers.ch\/de\/#website\"},\"primaryImageOfPage\":{\"@id\":\"https:\/\/www.myvaldetravers.ch\/de\/randonnees-velo-famille\/#primaryimage\"},\"image\":{\"@id\":\"https:\/\/www.myvaldetravers.ch\/de\/randonnees-velo-famille\/#primaryimage\"},\"thumbnailUrl\":\"https:\/\/www.myvaldetravers.ch\/wp-content\/uploads\/2024\/03\/c-Suisse-Tourisme-Dominik-Baur-8-scaled.jpg\",\"datePublished\":\"2026-05-05T09:49:17+00:00\",\"dateModified\":\"2026-05-05T09:49:17+00:00\",\"description\":\"Familienfreundliche Wanderungen und Velotouren im Val-de-Travers \u2013 die sch\u00f6nsten Routen f\u00fcr Gross und Klein entdecken\",\"breadcrumb\":{\"@id\":\"https:\/\/www.myvaldetravers.ch\/de\/randonnees-velo-famille\/#breadcrumb\"},\"inLanguage\":\"de\",\"potentialAction\":[{\"@type\":\"ReadAction\",\"target\":[\"https:\/\/www.myvaldetravers.ch\/de\/randonnees-velo-famille\/\"]}]},{\"@type\":\"ImageObject\",\"inLanguage\":\"de\",\"@id\":\"https:\/\/www.myvaldetravers.ch\/de\/randonnees-velo-famille\/#primaryimage\",\"url\":\"https:\/\/www.myvaldetravers.ch\/wp-content\/uploads\/2024\/03\/c-Suisse-Tourisme-Dominik-Baur-8-scaled.jpg\",\"contentUrl\":\"https:\/\/www.myvaldetravers.ch\/wp-content\/uploads\/2024\/03\/c-Suisse-Tourisme-Dominik-Baur-8-scaled.jpg\",\"width\":2560,\"height\":1707,\"caption\":\"Zwei Personen in Fahrradkleidung geniessen die Aussicht und steht auf einem Felsen beim Creux du Van, aufgenommen im Gegenlicht am Vormiitag.\"},{\"@type\":\"BreadcrumbList\",\"@id\":\"https:\/\/www.myvaldetravers.ch\/de\/randonnees-velo-famille\/#breadcrumb\",\"itemListElement\":[{\"@type\":\"ListItem\",\"position\":1,\"name\":\"Accueil\",\"item\":\"https:\/\/www.myvaldetravers.ch\/de\/\"},{\"@type\":\"ListItem\",\"position\":2,\"name\":\"WANDERUNGEN UND VELOWEGE F\u00dcR FAMILIEN\"}]},{\"@type\":\"WebSite\",\"@id\":\"https:\/\/www.myvaldetravers.ch\/de\/#website\",\"url\":\"https:\/\/www.myvaldetravers.ch\/de\/\",\"name\":\"Destination Val-de-Travers\",\"description\":\"Il y a toujours quelque chose \u00e0 faire au Val-de-Travers.\",\"potentialAction\":[{\"@type\":\"SearchAction\",\"target\":{\"@type\":\"EntryPoint\",\"urlTemplate\":\"https:\/\/www.myvaldetravers.ch\/de\/?s={search_term_string}\"},\"query-input\":{\"@type\":\"PropertyValueSpecification\",\"valueRequired\":true,\"valueName\":\"search_term_string\"}}],\"inLanguage\":\"de\"}]}<\/script>\n<!-- \/ Yoast SEO plugin. -->","yoast_head_json":{"title":"Wanderungen und Velotouren f\u00fcr Familien im Val-de-Travers","description":"Familienfreundliche Wanderungen und Velotouren im Val-de-Travers \u2013 die sch\u00f6nsten Routen f\u00fcr Gross und Klein entdecken","robots":{"index":"index","follow":"follow","max-snippet":"max-snippet:-1","max-image-preview":"max-image-preview:large","max-video-preview":"max-video-preview:-1"},"canonical":"https:\/\/www.myvaldetravers.ch\/de\/randonnees-velo-famille\/","og_locale":"de_DE","og_type":"article","og_title":"Wanderungen und Velotouren f\u00fcr Familien im Val-de-Travers","og_description":"Familienfreundliche Wanderungen und Velotouren im Val-de-Travers \u2013 die sch\u00f6nsten Routen f\u00fcr Gross und Klein entdecken","og_url":"https:\/\/www.myvaldetravers.ch\/de\/randonnees-velo-famille\/","og_site_name":"Destination Val-de-Travers","article_publisher":"https:\/\/www.facebook.com\/DestinationValdeTravers\/","og_image":[{"width":2560,"height":1707,"url":"https:\/\/www.myvaldetravers.ch\/wp-content\/uploads\/2024\/03\/c-Suisse-Tourisme-Dominik-Baur-8-scaled.jpg","type":"image\/jpeg"}],"twitter_card":"summary_large_image","twitter_misc":{"Gesch\u00e4tzte Lesezeit":"15\u00a0Minuten"},"schema":{"@context":"https:\/\/schema.org","@graph":[{"@type":"WebPage","@id":"https:\/\/www.myvaldetravers.ch\/de\/randonnees-velo-famille\/","url":"https:\/\/www.myvaldetravers.ch\/de\/randonnees-velo-famille\/","name":"Wanderungen und Velotouren f\u00fcr Familien im Val-de-Travers","isPartOf":{"@id":"https:\/\/www.myvaldetravers.ch\/de\/#website"},"primaryImageOfPage":{"@id":"https:\/\/www.myvaldetravers.ch\/de\/randonnees-velo-famille\/#primaryimage"},"image":{"@id":"https:\/\/www.myvaldetravers.ch\/de\/randonnees-velo-famille\/#primaryimage"},"thumbnailUrl":"https:\/\/www.myvaldetravers.ch\/wp-content\/uploads\/2024\/03\/c-Suisse-Tourisme-Dominik-Baur-8-scaled.jpg","datePublished":"2026-05-05T09:49:17+00:00","dateModified":"2026-05-05T09:49:17+00:00","description":"Familienfreundliche Wanderungen und Velotouren im Val-de-Travers \u2013 die sch\u00f6nsten Routen f\u00fcr Gross und Klein entdecken","breadcrumb":{"@id":"https:\/\/www.myvaldetravers.ch\/de\/randonnees-velo-famille\/#breadcrumb"},"inLanguage":"de","potentialAction":[{"@type":"ReadAction","target":["https:\/\/www.myvaldetravers.ch\/de\/randonnees-velo-famille\/"]}]},{"@type":"ImageObject","inLanguage":"de","@id":"https:\/\/www.myvaldetravers.ch\/de\/randonnees-velo-famille\/#primaryimage","url":"https:\/\/www.myvaldetravers.ch\/wp-content\/uploads\/2024\/03\/c-Suisse-Tourisme-Dominik-Baur-8-scaled.jpg","contentUrl":"https:\/\/www.myvaldetravers.ch\/wp-content\/uploads\/2024\/03\/c-Suisse-Tourisme-Dominik-Baur-8-scaled.jpg","width":2560,"height":1707,"caption":"Zwei Personen in Fahrradkleidung geniessen die Aussicht und steht auf einem Felsen beim Creux du Van, aufgenommen im Gegenlicht am Vormiitag."},{"@type":"BreadcrumbList","@id":"https:\/\/www.myvaldetravers.ch\/de\/randonnees-velo-famille\/#breadcrumb","itemListElement":[{"@type":"ListItem","position":1,"name":"Accueil","item":"https:\/\/www.myvaldetravers.ch\/de\/"},{"@type":"ListItem","position":2,"name":"WANDERUNGEN UND VELOWEGE F\u00dcR FAMILIEN"}]},{"@type":"WebSite","@id":"https:\/\/www.myvaldetravers.ch\/de\/#website","url":"https:\/\/www.myvaldetravers.ch\/de\/","name":"Destination Val-de-Travers","description":"Il y a toujours quelque chose \u00e0 faire au Val-de-Travers.","potentialAction":[{"@type":"SearchAction","target":{"@type":"EntryPoint","urlTemplate":"https:\/\/www.myvaldetravers.ch\/de\/?s={search_term_string}"},"query-input":{"@type":"PropertyValueSpecification","valueRequired":true,"valueName":"search_term_string"}}],"inLanguage":"de"}]}},"_links":{"self":[{"href":"https:\/\/www.myvaldetravers.ch\/de\/wp-json\/wp\/v2\/pages\/15072"}],"collection":[{"href":"https:\/\/www.myvaldetravers.ch\/de\/wp-json\/wp\/v2\/pages"}],"about":[{"href":"https:\/\/www.myvaldetravers.ch\/de\/wp-json\/wp\/v2\/types\/page"}],"author":[{"embeddable":true,"href":"https:\/\/www.myvaldetravers.ch\/de\/wp-json\/wp\/v2\/users\/73"}],"replies":[{"embeddable":true,"href":"https:\/\/www.myvaldetravers.ch\/de\/wp-json\/wp\/v2\/comments?post=15072"}],"version-history":[{"count":4,"href":"https:\/\/www.myvaldetravers.ch\/de\/wp-json\/wp\/v2\/pages\/15072\/revisions"}],"predecessor-version":[{"id":15331,"href":"https:\/\/www.myvaldetravers.ch\/de\/wp-json\/wp\/v2\/pages\/15072\/revisions\/15331"}],"wp:featuredmedia":[{"embeddable":true,"href":"https:\/\/www.myvaldetravers.ch\/de\/wp-json\/wp\/v2\/media\/12364"}],"wp:attachment":[{"href":"https:\/\/www.myvaldetravers.ch\/de\/wp-json\/wp\/v2\/media?parent=15072"}],"curies":[{"name":"wp","href":"https:\/\/api.w.org\/{rel}","templated":true}]}}