{"id":15293,"date":"2026-05-05T09:53:08","date_gmt":"2026-05-05T07:53:08","guid":{"rendered":"https:\/\/www.myvaldetravers.ch\/?page_id=15293"},"modified":"2026-05-05T15:12:22","modified_gmt":"2026-05-05T13:12:22","slug":"places-pique-niques","status":"publish","type":"page","link":"https:\/\/www.myvaldetravers.ch\/de\/places-pique-niques\/","title":{"rendered":"PICKNICKPL\u00c4TZE IM VAL-DE-TRAVERS"},"content":{"rendered":"<p>[vc_row][vc_column][vc_column_text]Im Val-de-Travers gibt es zahlreiche Picknickpl\u00e4tze \u2013 ideal f\u00fcr eine Pause w\u00e4hrend einer Aktivit\u00e4t oder einer Wanderung.<\/p>\n<p>Einige Picknickpl\u00e4tze werden von der Gemeinde mit Holz versorgt. Haben Sie bemerkt, dass <strong>kein Holz mehr vorhanden ist?<\/strong> <a href=\"https:\/\/forms.office.com\/Pages\/ResponsePage.aspx?id=tWiydMmeIEWCA4pN3_UcIgM7LN2-uO5MjESZuUmBHhdUNlc3RUxOVThFSzQxSVdHRTk2UFpLRE9QQiQlQCN0PWcu\">Lassen Sie es uns wissen!<\/a>[\/vc_column_text][vc_separator][\/vc_column][\/vc_row][vc_row][vc_column][vc_column_text]<\/p>\n<h3>PIKTOGRAMME<\/h3>\n<p>Um Ihnen die Suche nach dem idealen Picknickplatz zu erleichtern, werden Piktogramme verwendet. Hier ist ihre Bedeutung.[\/vc_column_text][vc_empty_space alter_height=&#8221;small&#8221; hide_on_mobile=&#8221;&#8221;][vc_row_inner][vc_column_inner width=&#8221;1\/4&#8243;][vc_single_image image=&#8221;15037&#8243;][vc_empty_space hide_on_mobile=&#8221;&#8221;][vc_column_text]Der Picknickplatz ist zu mindestens 50 % seiner Fl\u00e4che schattig.[\/vc_column_text][vc_empty_space alter_height=&#8221;small&#8221; hide_on_mobile=&#8221;&#8221;][\/vc_column_inner][vc_column_inner width=&#8221;1\/4&#8243;][vc_single_image image=&#8221;15034&#8243;][vc_empty_space hide_on_mobile=&#8221;&#8221;][vc_column_text]Ein Grill oder eine Feuerstelle steht f\u00fcr das Grillen zur Verf\u00fcgung.[\/vc_column_text][vc_empty_space alter_height=&#8221;small&#8221; hide_on_mobile=&#8221;&#8221;][\/vc_column_inner][vc_column_inner width=&#8221;1\/4&#8243;][vc_single_image image=&#8221;15031&#8243;][vc_empty_space hide_on_mobile=&#8221;&#8221;][vc_column_text]Ein Holzvorrat steht zur Verf\u00fcgung.[\/vc_column_text][vc_empty_space alter_height=&#8221;small&#8221; hide_on_mobile=&#8221;&#8221;][\/vc_column_inner][vc_column_inner width=&#8221;1\/4&#8243;][vc_single_image image=&#8221;15040&#8243;][vc_empty_space hide_on_mobile=&#8221;&#8221;][vc_column_text]\u00d6ffentliche Toiletten sind vor Ort oder in der N\u00e4he verf\u00fcgbar.[\/vc_column_text][vc_empty_space alter_height=&#8221;small&#8221; hide_on_mobile=&#8221;&#8221;][\/vc_column_inner][\/vc_row_inner][vc_empty_space alter_height=&#8221;small&#8221; hide_on_mobile=&#8221;&#8221;][\/vc_column][\/vc_row][vc_row][vc_column width=&#8221;1\/2&#8243;][vc_separator][vc_column_text]<\/p>\n<h6>La Presta &#8211; Jardin des mineurs, Couvet<\/h6>\n<p>Die im Jardin des Mineurs bei den Asphaltminen gelegene Picknickstelle ist ideal f\u00fcr Familien. Toiletten stehen bei den Asphaltminen zur Verf\u00fcgung.<\/p>\n<p>Kapazit\u00e4t: 16 Personen<\/p>\n<p><a href=\"https:\/\/sitn.ne.ch\/theme\/main?lang=fr&amp;baselayer_ref=blank&amp;tree_group_layers_gp_photos_360=&amp;map_x=2541248&amp;map_y=1198477&amp;map_zoom=7&amp;tree_enable_poi_place_pique_nique=true&amp;tree_groups=gp_points_interets%2Cgp_photos_360%2Cgp_main%2Cgp_base_layers\">Standort<\/a><\/p>\n<p>[\/vc_column_text][vc_empty_space hide_on_mobile=&#8221;&#8221;][vc_row_inner][vc_column_inner width=&#8221;1\/4&#8243;][vc_single_image image=&#8221;15037&#8243;][vc_empty_space hide_on_mobile=&#8221;&#8221;][\/vc_column_inner][vc_column_inner width=&#8221;1\/4&#8243;][vc_single_image image=&#8221;15034&#8243;][vc_empty_space hide_on_mobile=&#8221;&#8221;][\/vc_column_inner][vc_column_inner width=&#8221;1\/4&#8243;][vc_single_image image=&#8221;15031&#8243;][vc_empty_space hide_on_mobile=&#8221;&#8221;][\/vc_column_inner][vc_column_inner width=&#8221;1\/4&#8243;][vc_single_image image=&#8221;15040&#8243;][vc_empty_space hide_on_mobile=&#8221;&#8221;][\/vc_column_inner][\/vc_row_inner][\/vc_column][vc_column width=&#8221;1\/2&#8243;][vc_separator color=&#8221;white&#8221;][vc_gallery interval=&#8221;3&#8243; images=&#8221;15045&#8243; img_size=&#8221;large&#8221; onclick=&#8221;&#8221;][\/vc_column][\/vc_row][vc_row][vc_column width=&#8221;1\/2&#8243;][vc_separator][vc_column_text]<\/p>\n<h6>Plat de Riaux, M\u00f4tiers<\/h6>\n<p>Le Plat de Riaux ist ein idyllischer Ort mit zahlreichen Tischen, alle \u00fcberdacht. Die Umgebung \u2013 ohne nahegelegene Stra\u00dfe und am Ufer eines Baches \u2013 bietet einen idealen Rahmen zum Entspannen.<\/p>\n<p>Kapazit\u00e4t: 60 Personen<\/p>\n<p><a href=\"https:\/\/sitn.ne.ch\/theme\/main?lang=fr&amp;baselayer_ref=blank&amp;tree_group_layers_gp_photos_360=&amp;map_x=2537943&amp;map_y=1195173&amp;map_zoom=8&amp;tree_enable_poi_place_pique_nique=true&amp;tree_groups=gp_points_interets%2Cgp_photos_360%2Cgp_main%2Cgp_base_layers\">Standort<\/a><\/p>\n<p>[\/vc_column_text][vc_empty_space hide_on_mobile=&#8221;&#8221;][vc_row_inner][vc_column_inner width=&#8221;1\/4&#8243;][vc_single_image image=&#8221;15037&#8243;][vc_empty_space hide_on_mobile=&#8221;&#8221;][\/vc_column_inner][vc_column_inner width=&#8221;1\/4&#8243;][vc_single_image image=&#8221;15034&#8243;][vc_empty_space hide_on_mobile=&#8221;&#8221;][\/vc_column_inner][vc_column_inner width=&#8221;1\/4&#8243;][vc_single_image image=&#8221;15031&#8243;][vc_empty_space hide_on_mobile=&#8221;&#8221;][\/vc_column_inner][vc_column_inner width=&#8221;1\/4&#8243;][vc_single_image image=&#8221;15040&#8243;][vc_empty_space hide_on_mobile=&#8221;&#8221;][\/vc_column_inner][\/vc_row_inner][\/vc_column][vc_column width=&#8221;1\/2&#8243;][vc_separator color=&#8221;white&#8221;][vc_gallery interval=&#8221;3&#8243; images=&#8221;15049,15055,15052&#8243; img_size=&#8221;large&#8221; onclick=&#8221;&#8221;][\/vc_column][\/vc_row][vc_row][vc_column width=&#8221;1\/2&#8243;][vc_separator][vc_column_text]<\/p>\n<h6>La Roche du Ch\u00e2teau &#8211; d\u00e9part de la Po\u00ebta-Raisse, M\u00f4tiers<\/h6>\n<p>Am Ausgangspunkt des Wanderwegs zur Po\u00ebta-Raisse gelegen, ist dieser Picknickplatz vollst\u00e4ndig \u00fcberdacht.<\/p>\n<p>Kapazit\u00e4t: 24 Personen<\/p>\n<p><a href=\"https:\/\/sitn.ne.ch\/theme\/main?lang=fr&amp;baselayer_ref=blank&amp;tree_group_layers_gp_photos_360=&amp;map_x=2537943&amp;map_y=1195173&amp;map_zoom=8&amp;tree_enable_poi_place_pique_nique=true&amp;tree_groups=gp_points_interets%2Cgp_photos_360%2Cgp_main%2Cgp_base_layers\">Standort<\/a><\/p>\n<p>[\/vc_column_text][vc_empty_space hide_on_mobile=&#8221;&#8221;][vc_row_inner][vc_column_inner width=&#8221;1\/4&#8243;][vc_single_image image=&#8221;15037&#8243;][vc_empty_space hide_on_mobile=&#8221;&#8221;][\/vc_column_inner][vc_column_inner width=&#8221;1\/4&#8243;][vc_single_image image=&#8221;15034&#8243;][vc_empty_space hide_on_mobile=&#8221;&#8221;][\/vc_column_inner][vc_column_inner width=&#8221;1\/4&#8243;][vc_empty_space hide_on_mobile=&#8221;&#8221;][\/vc_column_inner][vc_column_inner width=&#8221;1\/4&#8243;][vc_empty_space hide_on_mobile=&#8221;&#8221;][\/vc_column_inner][\/vc_row_inner][\/vc_column][vc_column width=&#8221;1\/2&#8243;][vc_separator color=&#8221;white&#8221;][\/vc_column][\/vc_row][vc_row][vc_column width=&#8221;1\/2&#8243;][vc_separator][vc_column_text]<\/p>\n<h6>La Plata &#8211; La Robella, Buttes<\/h6>\n<p>Am Fu\u00dfe der Station La Robella gelegen, ist dieser Picknickplatz ideal f\u00fcr eine Pause vor einer Rodelabfahrt oder einer Minigolfpartie mit der Familie! Toiletten stehen in der Auberge des F\u00e9es zur Verf\u00fcgung.<\/p>\n<p>Kapazit\u00e4t: 24 Personen<\/p>\n<p><a href=\"https:\/\/sitn.ne.ch\/theme\/main?lang=fr&amp;baselayer_ref=blank&amp;tree_group_layers_gp_photos_360=&amp;map_x=2532978&amp;map_y=1193050&amp;map_zoom=9&amp;tree_enable_poi_place_pique_nique=true&amp;tree_groups=gp_points_interets%2Cgp_photos_360%2Cgp_main%2Cgp_base_layers\">Standort<\/a><\/p>\n<p>[\/vc_column_text][vc_empty_space hide_on_mobile=&#8221;&#8221;][vc_row_inner][vc_column_inner width=&#8221;1\/4&#8243;][vc_single_image image=&#8221;15037&#8243;][vc_empty_space hide_on_mobile=&#8221;&#8221;][\/vc_column_inner][vc_column_inner width=&#8221;1\/4&#8243;][vc_single_image image=&#8221;15034&#8243;][vc_empty_space hide_on_mobile=&#8221;&#8221;][\/vc_column_inner][vc_column_inner width=&#8221;1\/4&#8243;][vc_single_image image=&#8221;15040&#8243;][vc_empty_space hide_on_mobile=&#8221;&#8221;][\/vc_column_inner][vc_column_inner width=&#8221;1\/4&#8243;][vc_empty_space hide_on_mobile=&#8221;&#8221;][\/vc_column_inner][\/vc_row_inner][\/vc_column][vc_column width=&#8221;1\/2&#8243;][vc_separator color=&#8221;white&#8221;][\/vc_column][\/vc_row][vc_row][vc_column width=&#8221;1\/2&#8243;][vc_separator][vc_column_text]<\/p>\n<h6>Le Rochat &#8211; La Robella, Buttes<\/h6>\n<p>Am Ende des <a href=\"https:\/\/www.robella.ch\/de\/kugelspiele\/\">Kugelbahn-Parcours<\/a> k\u00f6nnen Sie diesen sch\u00f6nen Picknickplatz f\u00fcr eine Pause nutzen, bevor Sie wieder zur Station La Robella hinuntergehen.<\/p>\n<p>Kapazit\u00e4t: 24 Personen<\/p>\n<p><a href=\"https:\/\/sitn.ne.ch\/theme\/main?lang=fr&amp;baselayer_ref=blank&amp;tree_group_layers_gp_photos_360=&amp;map_x=2533213&amp;map_y=1193249&amp;map_zoom=6&amp;tree_enable_poi_place_pique_nique=true&amp;tree_groups=gp_points_interets%2Cgp_photos_360%2Cgp_main%2Cgp_base_layers\">Standort<\/a>[\/vc_column_text][vc_empty_space hide_on_mobile=&#8221;&#8221;][vc_row_inner][vc_column_inner width=&#8221;1\/4&#8243;][vc_single_image image=&#8221;15037&#8243;][vc_empty_space hide_on_mobile=&#8221;&#8221;][\/vc_column_inner][vc_column_inner width=&#8221;1\/4&#8243;][vc_single_image image=&#8221;15034&#8243;][vc_empty_space hide_on_mobile=&#8221;&#8221;][\/vc_column_inner][vc_column_inner width=&#8221;1\/4&#8243;][vc_single_image image=&#8221;15031&#8243;][vc_empty_space hide_on_mobile=&#8221;&#8221;][\/vc_column_inner][vc_column_inner width=&#8221;1\/4&#8243;][vc_empty_space hide_on_mobile=&#8221;&#8221;][\/vc_column_inner][\/vc_row_inner][\/vc_column][vc_column width=&#8221;1\/2&#8243;][vc_separator color=&#8221;white&#8221;][\/vc_column][\/vc_row][vc_row][vc_column width=&#8221;1\/2&#8243;][vc_separator][vc_column_text]<\/p>\n<h6>P\u00e2turages de Derri\u00e8re le Cr\u00eat, Saint-Olivier<\/h6>\n<p>Dieser wundersch\u00f6ne Picknickplatz in den H\u00f6hen des Val-de-Travers bietet einen herrlichen Blick auf das Tal.<\/p>\n<p>Kapazit\u00e4t: 12 Personen<\/p>\n<p><a href=\"https:\/\/sitn.ne.ch\/theme\/main?lang=fr&amp;baselayer_ref=blank&amp;tree_group_layers_gp_photos_360=&amp;map_x=2528745&amp;map_y=1189986&amp;map_zoom=6&amp;tree_enable_poi_place_pique_nique=true&amp;tree_groups=gp_points_interets%2Cgp_photos_360%2Cgp_main%2Cgp_base_layers\">Standort<\/a><\/p>\n<p>[\/vc_column_text][vc_empty_space hide_on_mobile=&#8221;&#8221;][vc_row_inner][vc_column_inner width=&#8221;1\/4&#8243;][vc_single_image image=&#8221;15037&#8243;][vc_empty_space hide_on_mobile=&#8221;&#8221;][\/vc_column_inner][vc_column_inner width=&#8221;1\/4&#8243;][vc_single_image image=&#8221;15034&#8243;][vc_empty_space hide_on_mobile=&#8221;&#8221;][\/vc_column_inner][vc_column_inner width=&#8221;1\/4&#8243;][vc_empty_space hide_on_mobile=&#8221;&#8221;][\/vc_column_inner][vc_column_inner width=&#8221;1\/4&#8243;][vc_empty_space hide_on_mobile=&#8221;&#8221;][\/vc_column_inner][\/vc_row_inner][\/vc_column][vc_column width=&#8221;1\/2&#8243;][vc_separator color=&#8221;white&#8221;][\/vc_column][\/vc_row]<\/p>\n","protected":false},"excerpt":{"rendered":"<p>[vc_row][vc_column][vc_column_text]Im Val-de-Travers gibt es zahlreiche Picknickpl\u00e4tze \u2013 ideal f\u00fcr eine Pause w\u00e4hrend einer Aktivit\u00e4t oder einer Wanderung. Einige Picknickpl\u00e4tze werden von der Gemeinde mit Holz versorgt. Haben Sie bemerkt, dass&hellip;<\/p>\n","protected":false},"author":73,"featured_media":15045,"parent":0,"menu_order":0,"comment_status":"closed","ping_status":"closed","template":"","meta":{"footnotes":""},"yoast_head":"<!-- This site is optimized with the Yoast SEO plugin v23.5 - https:\/\/yoast.com\/wordpress\/plugins\/seo\/ -->\n<title>Picknickpl\u00e4tze des Val-de-Travers<\/title>\n<meta name=\"description\" content=\"Das Val-de-Travers bietet zahlreiche einladende Picknickpl\u00e4tze \u2013 ideal f\u00fcr eine entspannte Pause vor einer Aktivit\u00e4t oder Wanderung.\" \/>\n<meta name=\"robots\" content=\"index, follow, max-snippet:-1, max-image-preview:large, max-video-preview:-1\" \/>\n<link rel=\"canonical\" href=\"https:\/\/www.myvaldetravers.ch\/de\/places-pique-niques\/\" \/>\n<meta property=\"og:locale\" content=\"de_DE\" \/>\n<meta property=\"og:type\" content=\"article\" \/>\n<meta property=\"og:title\" content=\"Picknickpl\u00e4tze des Val-de-Travers\" \/>\n<meta property=\"og:description\" content=\"Das Val-de-Travers bietet zahlreiche einladende Picknickpl\u00e4tze \u2013 ideal f\u00fcr eine entspannte Pause vor einer Aktivit\u00e4t oder Wanderung.\" \/>\n<meta property=\"og:url\" content=\"https:\/\/www.myvaldetravers.ch\/de\/places-pique-niques\/\" \/>\n<meta property=\"og:site_name\" content=\"Destination Val-de-Travers\" \/>\n<meta property=\"article:publisher\" content=\"https:\/\/www.facebook.com\/DestinationValdeTravers\/\" \/>\n<meta property=\"article:modified_time\" content=\"2026-05-05T13:12:22+00:00\" \/>\n<meta property=\"og:image\" content=\"https:\/\/www.myvaldetravers.ch\/wp-content\/uploads\/2026\/03\/IMG_2902-scaled.jpg\" \/>\n\t<meta property=\"og:image:width\" content=\"2560\" \/>\n\t<meta property=\"og:image:height\" content=\"1920\" \/>\n\t<meta property=\"og:image:type\" content=\"image\/jpeg\" \/>\n<meta name=\"twitter:card\" content=\"summary_large_image\" \/>\n<meta name=\"twitter:label1\" content=\"Gesch\u00e4tzte Lesezeit\" \/>\n\t<meta name=\"twitter:data1\" content=\"3\u00a0Minuten\" \/>\n<script type=\"application\/ld+json\" class=\"yoast-schema-graph\">{\"@context\":\"https:\/\/schema.org\",\"@graph\":[{\"@type\":\"WebPage\",\"@id\":\"https:\/\/www.myvaldetravers.ch\/de\/places-pique-niques\/\",\"url\":\"https:\/\/www.myvaldetravers.ch\/de\/places-pique-niques\/\",\"name\":\"Picknickpl\u00e4tze des Val-de-Travers\",\"isPartOf\":{\"@id\":\"https:\/\/www.myvaldetravers.ch\/de\/#website\"},\"primaryImageOfPage\":{\"@id\":\"https:\/\/www.myvaldetravers.ch\/de\/places-pique-niques\/#primaryimage\"},\"image\":{\"@id\":\"https:\/\/www.myvaldetravers.ch\/de\/places-pique-niques\/#primaryimage\"},\"thumbnailUrl\":\"https:\/\/www.myvaldetravers.ch\/wp-content\/uploads\/2026\/03\/IMG_2902-scaled.jpg\",\"datePublished\":\"2026-05-05T07:53:08+00:00\",\"dateModified\":\"2026-05-05T13:12:22+00:00\",\"description\":\"Das Val-de-Travers bietet zahlreiche einladende Picknickpl\u00e4tze \u2013 ideal f\u00fcr eine entspannte Pause vor einer Aktivit\u00e4t oder Wanderung.\",\"breadcrumb\":{\"@id\":\"https:\/\/www.myvaldetravers.ch\/de\/places-pique-niques\/#breadcrumb\"},\"inLanguage\":\"de\",\"potentialAction\":[{\"@type\":\"ReadAction\",\"target\":[\"https:\/\/www.myvaldetravers.ch\/de\/places-pique-niques\/\"]}]},{\"@type\":\"ImageObject\",\"inLanguage\":\"de\",\"@id\":\"https:\/\/www.myvaldetravers.ch\/de\/places-pique-niques\/#primaryimage\",\"url\":\"https:\/\/www.myvaldetravers.ch\/wp-content\/uploads\/2026\/03\/IMG_2902-scaled.jpg\",\"contentUrl\":\"https:\/\/www.myvaldetravers.ch\/wp-content\/uploads\/2026\/03\/IMG_2902-scaled.jpg\",\"width\":2560,\"height\":1920},{\"@type\":\"BreadcrumbList\",\"@id\":\"https:\/\/www.myvaldetravers.ch\/de\/places-pique-niques\/#breadcrumb\",\"itemListElement\":[{\"@type\":\"ListItem\",\"position\":1,\"name\":\"Accueil\",\"item\":\"https:\/\/www.myvaldetravers.ch\/de\/\"},{\"@type\":\"ListItem\",\"position\":2,\"name\":\"PICKNICKPL\u00c4TZE IM VAL-DE-TRAVERS\"}]},{\"@type\":\"WebSite\",\"@id\":\"https:\/\/www.myvaldetravers.ch\/de\/#website\",\"url\":\"https:\/\/www.myvaldetravers.ch\/de\/\",\"name\":\"Destination Val-de-Travers\",\"description\":\"Il y a toujours quelque chose \u00e0 faire au Val-de-Travers.\",\"potentialAction\":[{\"@type\":\"SearchAction\",\"target\":{\"@type\":\"EntryPoint\",\"urlTemplate\":\"https:\/\/www.myvaldetravers.ch\/de\/?s={search_term_string}\"},\"query-input\":{\"@type\":\"PropertyValueSpecification\",\"valueRequired\":true,\"valueName\":\"search_term_string\"}}],\"inLanguage\":\"de\"}]}<\/script>\n<!-- \/ Yoast SEO plugin. -->","yoast_head_json":{"title":"Picknickpl\u00e4tze des Val-de-Travers","description":"Das Val-de-Travers bietet zahlreiche einladende Picknickpl\u00e4tze \u2013 ideal f\u00fcr eine entspannte Pause vor einer Aktivit\u00e4t oder Wanderung.","robots":{"index":"index","follow":"follow","max-snippet":"max-snippet:-1","max-image-preview":"max-image-preview:large","max-video-preview":"max-video-preview:-1"},"canonical":"https:\/\/www.myvaldetravers.ch\/de\/places-pique-niques\/","og_locale":"de_DE","og_type":"article","og_title":"Picknickpl\u00e4tze des Val-de-Travers","og_description":"Das Val-de-Travers bietet zahlreiche einladende Picknickpl\u00e4tze \u2013 ideal f\u00fcr eine entspannte Pause vor einer Aktivit\u00e4t oder Wanderung.","og_url":"https:\/\/www.myvaldetravers.ch\/de\/places-pique-niques\/","og_site_name":"Destination Val-de-Travers","article_publisher":"https:\/\/www.facebook.com\/DestinationValdeTravers\/","article_modified_time":"2026-05-05T13:12:22+00:00","og_image":[{"width":2560,"height":1920,"url":"https:\/\/www.myvaldetravers.ch\/wp-content\/uploads\/2026\/03\/IMG_2902-scaled.jpg","type":"image\/jpeg"}],"twitter_card":"summary_large_image","twitter_misc":{"Gesch\u00e4tzte Lesezeit":"3\u00a0Minuten"},"schema":{"@context":"https:\/\/schema.org","@graph":[{"@type":"WebPage","@id":"https:\/\/www.myvaldetravers.ch\/de\/places-pique-niques\/","url":"https:\/\/www.myvaldetravers.ch\/de\/places-pique-niques\/","name":"Picknickpl\u00e4tze des Val-de-Travers","isPartOf":{"@id":"https:\/\/www.myvaldetravers.ch\/de\/#website"},"primaryImageOfPage":{"@id":"https:\/\/www.myvaldetravers.ch\/de\/places-pique-niques\/#primaryimage"},"image":{"@id":"https:\/\/www.myvaldetravers.ch\/de\/places-pique-niques\/#primaryimage"},"thumbnailUrl":"https:\/\/www.myvaldetravers.ch\/wp-content\/uploads\/2026\/03\/IMG_2902-scaled.jpg","datePublished":"2026-05-05T07:53:08+00:00","dateModified":"2026-05-05T13:12:22+00:00","description":"Das Val-de-Travers bietet zahlreiche einladende Picknickpl\u00e4tze \u2013 ideal f\u00fcr eine entspannte Pause vor einer Aktivit\u00e4t oder Wanderung.","breadcrumb":{"@id":"https:\/\/www.myvaldetravers.ch\/de\/places-pique-niques\/#breadcrumb"},"inLanguage":"de","potentialAction":[{"@type":"ReadAction","target":["https:\/\/www.myvaldetravers.ch\/de\/places-pique-niques\/"]}]},{"@type":"ImageObject","inLanguage":"de","@id":"https:\/\/www.myvaldetravers.ch\/de\/places-pique-niques\/#primaryimage","url":"https:\/\/www.myvaldetravers.ch\/wp-content\/uploads\/2026\/03\/IMG_2902-scaled.jpg","contentUrl":"https:\/\/www.myvaldetravers.ch\/wp-content\/uploads\/2026\/03\/IMG_2902-scaled.jpg","width":2560,"height":1920},{"@type":"BreadcrumbList","@id":"https:\/\/www.myvaldetravers.ch\/de\/places-pique-niques\/#breadcrumb","itemListElement":[{"@type":"ListItem","position":1,"name":"Accueil","item":"https:\/\/www.myvaldetravers.ch\/de\/"},{"@type":"ListItem","position":2,"name":"PICKNICKPL\u00c4TZE IM VAL-DE-TRAVERS"}]},{"@type":"WebSite","@id":"https:\/\/www.myvaldetravers.ch\/de\/#website","url":"https:\/\/www.myvaldetravers.ch\/de\/","name":"Destination Val-de-Travers","description":"Il y a toujours quelque chose \u00e0 faire au Val-de-Travers.","potentialAction":[{"@type":"SearchAction","target":{"@type":"EntryPoint","urlTemplate":"https:\/\/www.myvaldetravers.ch\/de\/?s={search_term_string}"},"query-input":{"@type":"PropertyValueSpecification","valueRequired":true,"valueName":"search_term_string"}}],"inLanguage":"de"}]}},"_links":{"self":[{"href":"https:\/\/www.myvaldetravers.ch\/de\/wp-json\/wp\/v2\/pages\/15293"}],"collection":[{"href":"https:\/\/www.myvaldetravers.ch\/de\/wp-json\/wp\/v2\/pages"}],"about":[{"href":"https:\/\/www.myvaldetravers.ch\/de\/wp-json\/wp\/v2\/types\/page"}],"author":[{"embeddable":true,"href":"https:\/\/www.myvaldetravers.ch\/de\/wp-json\/wp\/v2\/users\/73"}],"replies":[{"embeddable":true,"href":"https:\/\/www.myvaldetravers.ch\/de\/wp-json\/wp\/v2\/comments?post=15293"}],"version-history":[{"count":8,"href":"https:\/\/www.myvaldetravers.ch\/de\/wp-json\/wp\/v2\/pages\/15293\/revisions"}],"predecessor-version":[{"id":15345,"href":"https:\/\/www.myvaldetravers.ch\/de\/wp-json\/wp\/v2\/pages\/15293\/revisions\/15345"}],"wp:featuredmedia":[{"embeddable":true,"href":"https:\/\/www.myvaldetravers.ch\/de\/wp-json\/wp\/v2\/media\/15045"}],"wp:attachment":[{"href":"https:\/\/www.myvaldetravers.ch\/de\/wp-json\/wp\/v2\/media?parent=15293"}],"curies":[{"name":"wp","href":"https:\/\/api.w.org\/{rel}","templated":true}]}}