{"id":2174,"date":"2019-04-25T06:55:52","date_gmt":"2019-04-25T04:55:52","guid":{"rendered":"https:\/\/www.myvaldetravers.ch\/experiences\/centre-dinterpretation-du-creux-du-van\/"},"modified":"2021-03-05T11:20:53","modified_gmt":"2021-03-05T10:20:53","slug":"interpretationszentrum-des-creux-du-van","status":"publish","type":"page","link":"https:\/\/www.myvaldetravers.ch\/de\/erlebnisse\/interpretationszentrum-des-creux-du-van\/","title":{"rendered":"INTERPRETATIONSZENTRUM DES CREUX DU VAN"},"content":{"rendered":"<p>[vc_row css=&#8221;.vc_custom_1554128789554{margin-top: -0.3em !important;}&#8221;][vc_column width=&#8221;2\/3&#8243;][vc_column_text]Im Interpretationszentrum des Creux du Van der Ferme Robert entdecken Sie die Geheimnisse des einzigartigen Creux du Van, seiner Felsw\u00e4nde und seines Naturschutzgebiets, seiner permanent gefrorenen Ger\u00f6llhalden und seiner Tier- und Pflanzenwelt.<br \/>\nKurze Filme, Ausstellungen und ein virtuelles 3D-Modell erkl\u00e4ren die Zusammenh\u00e4nge und die Geschichte dieses aussergew\u00f6hnlichen Orts.<\/p>\n<h5>PRAKTISCHE TIPPS<\/h5>\n<p>Aufstiegsm\u00f6glichkeit zur Ferme Robert zu Fuss oder mit Velo\/E-Bike ab Bahnhof Noiraigue.<\/p>\n<h5>\u00d6FFNUNGSZEITEN UND DETAILS<\/h5>\n<div class=\"tm_pb_column tm_pb_column_1_2 tm_pb_column_7 col-xs-12 col-sm-6 col-md-6 col-lg-6 col-xl-6\">\n<div class=\"tm_pb_text tm_pb_module tm_pb_bg_layout_light tm_pb_text_align_left tm_pb_text_6\">\n<p>Interpretationszentrum Creux du Van bei der Ferme Robert:<\/p>\n<\/div>\n<\/div>\n<div class=\"tm_pb_column tm_pb_column_1_2 tm_pb_column_8 col-xs-12 col-sm-6 col-md-6 col-lg-6 col-xl-6\">\n<div class=\"tm_pb_text tm_pb_module tm_pb_bg_layout_light tm_pb_text_align_left tm_pb_text_7\">\n<ul>\n<li style=\"list-style-type: none;\">\n<ul>\n<li>Ge\u00f6ffnet von Miite Mai bis Ende September, an Wochenenden und Feiertagen.<\/li>\n<\/ul>\n<\/li>\n<\/ul>\n<p>\u00dcbrige Tage auf Anfrage ge\u00f6ffnet: <a href=\"https:\/\/www.ferme-robert.ch\/gegend\/\" target=\"_blank\" rel=\"noopener noreferrer\">www.ferme-robert.ch<\/a><\/p>\n<\/div>\n<\/div>\n<h5>KONTAKTDATEN DES PARTNERS<\/h5>\n<p>ASSOCIATION DES AMIS DE LA FERME ROBERT<br \/>\n2103 Noiraigue<br \/>\nT 032 853 19 58<br \/>\n<a href=\"https:\/\/www.ferme-robert.ch\/gegend\/\" target=\"_blank\" rel=\"noopener noreferrer\">www.ferme-robert.ch<\/a>[\/vc_column_text][\/vc_column][vc_column width=&#8221;1\/3&#8243; css=&#8221;.vc_custom_1554128972031{background-color: #f6f6f7 !important;}&#8221; el_class=&#8221;colonne-info-droite&#8221;][vc_column_text]<\/p>\n<h5><a href=\"https:\/\/www.myvaldetravers.ch\/de\/freizeitkarte\/\" target=\"_blank\" rel=\"noopener noreferrer\">Freizeitkarte Val-de-Travers<\/a><\/h5>\n<p><strong>Inbegriffen in der <a href=\"https:\/\/www.myvaldetravers.ch\/de\/freizeitkarte\/\" target=\"_blank\" rel=\"noopener noreferrer\">Freizeitkarte<\/a>:<\/strong><\/p>\n<p>Freier Eintritt ins Interpretationszentrum Creux du Van (gratis auch ohne Freizeitpass)<\/p>\n<p><a href=\"https:\/\/www.ferme-robert.ch\/gegend\/\" target=\"_blank\" rel=\"noopener noreferrer\">www.ferme-robert.ch<\/a>[\/vc_column_text][\/vc_column][\/vc_row][vc_row][vc_column][vc_column_text][\/vc_column_text][vc_separator]<div class=\"cq-dagallery-container\" style=\"width:100%;margin:0 auto;\"><ul class=\"cq-dagallery\" data-gallerywidth=\"100%\" data-width=\"270\" data-height=\"\" data-color=\"#ffffff\" data-background=\"#00bfff\" data-opacity=\"0.8\"><li class=\"\" data-width=\"270\" data-height=\"\" data-margin=\"10px\" style=\"margin:10px\"><a class=\"normal\" href=\"https:\/\/www.myvaldetravers.ch\/wp-content\/uploads\/2019\/04\/ferme-robert-3-1-e1556168292813.jpg\" rel=\"217486\"><img src='https:\/\/www.myvaldetravers.ch\/wp-content\/uploads\/2019\/04\/ferme-robert-3-1-e1556168292813-270x152.jpg' width='270' height='' \/><\/a><div class=\"dagallery-info\" style=\"padding:20px;color:#ffffff;background-color:#00bfff\"><\/div><\/li><li class=\"\" data-width=\"270\" data-height=\"\" data-margin=\"10px\" style=\"margin:10px\"><a class=\"normal\" href=\"https:\/\/www.myvaldetravers.ch\/wp-content\/uploads\/2019\/04\/ferme-robert-576x480.jpg\" rel=\"217486\"><img src='https:\/\/www.myvaldetravers.ch\/wp-content\/uploads\/2019\/04\/ferme-robert-576x480-270x152.jpg' width='270' height='' \/><\/a><div class=\"dagallery-info\" style=\"padding:20px;color:#ffffff;background-color:#00bfff\"><\/div><\/li><li class=\"\" data-width=\"270\" data-height=\"\" data-margin=\"10px\" style=\"margin:10px\"><a class=\"normal\" href=\"https:\/\/www.myvaldetravers.ch\/wp-content\/uploads\/2019\/04\/ferme-robert-2.jpg\" rel=\"217486\"><img src='https:\/\/www.myvaldetravers.ch\/wp-content\/uploads\/2019\/04\/ferme-robert-2-270x152.jpg' width='270' height='' \/><\/a><div class=\"dagallery-info\" style=\"padding:20px;color:#ffffff;background-color:#00bfff\"><\/div><\/li><\/ul><\/div>[\/vc_column][\/vc_row]<\/p>\n","protected":false},"excerpt":{"rendered":"<p>[vc_row css=&#8221;.vc_custom_1554128789554{margin-top: -0.3em !important;}&#8221;][vc_column width=&#8221;2\/3&#8243;][vc_column_text]Im Interpretationszentrum des Creux du Van der Ferme Robert entdecken Sie die Geheimnisse des einzigartigen Creux du Van, seiner Felsw\u00e4nde und seines Naturschutzgebiets, seiner permanent gefrorenen&hellip;<\/p>\n","protected":false},"author":73,"featured_media":1779,"parent":2155,"menu_order":0,"comment_status":"closed","ping_status":"closed","template":"","meta":{"footnotes":""},"yoast_head":"<!-- This site is optimized with the Yoast SEO plugin v23.5 - https:\/\/yoast.com\/wordpress\/plugins\/seo\/ -->\n<title>Interpretationszentrum Creux du Van, Val-de-Travers<\/title>\n<meta name=\"description\" content=\"Im Interpretationszentrum des Creux du Van der Ferme Robert entdecken Sie die Geheimnisse des einzigartigen Creux du Van.\" \/>\n<meta name=\"robots\" content=\"index, follow, max-snippet:-1, max-image-preview:large, max-video-preview:-1\" \/>\n<link rel=\"canonical\" href=\"https:\/\/www.myvaldetravers.ch\/de\/erlebnisse\/interpretationszentrum-des-creux-du-van\/\" \/>\n<meta property=\"og:locale\" content=\"de_DE\" \/>\n<meta property=\"og:type\" content=\"article\" \/>\n<meta property=\"og:title\" content=\"Interpretationszentrum Creux du Van, Val-de-Travers\" \/>\n<meta property=\"og:description\" content=\"Im Interpretationszentrum des Creux du Van der Ferme Robert entdecken Sie die Geheimnisse des einzigartigen Creux du Van.\" \/>\n<meta property=\"og:url\" content=\"https:\/\/www.myvaldetravers.ch\/de\/erlebnisse\/interpretationszentrum-des-creux-du-van\/\" \/>\n<meta property=\"og:site_name\" content=\"Destination Val-de-Travers\" \/>\n<meta property=\"article:publisher\" content=\"https:\/\/www.facebook.com\/DestinationValdeTravers\/\" \/>\n<meta property=\"article:modified_time\" content=\"2021-03-05T10:20:53+00:00\" \/>\n<meta property=\"og:image\" content=\"https:\/\/www.myvaldetravers.ch\/wp-content\/uploads\/2019\/04\/ferme-robert-2.jpg\" \/>\n\t<meta property=\"og:image:width\" content=\"599\" \/>\n\t<meta property=\"og:image:height\" content=\"337\" \/>\n\t<meta property=\"og:image:type\" content=\"image\/jpeg\" \/>\n<meta name=\"twitter:card\" content=\"summary_large_image\" \/>\n<meta name=\"twitter:label1\" content=\"Gesch\u00e4tzte Lesezeit\" \/>\n\t<meta name=\"twitter:data1\" content=\"1\u00a0Minute\" \/>\n<script type=\"application\/ld+json\" class=\"yoast-schema-graph\">{\"@context\":\"https:\/\/schema.org\",\"@graph\":[{\"@type\":\"WebPage\",\"@id\":\"https:\/\/www.myvaldetravers.ch\/de\/erlebnisse\/interpretationszentrum-des-creux-du-van\/\",\"url\":\"https:\/\/www.myvaldetravers.ch\/de\/erlebnisse\/interpretationszentrum-des-creux-du-van\/\",\"name\":\"Interpretationszentrum Creux du Van, Val-de-Travers\",\"isPartOf\":{\"@id\":\"https:\/\/www.myvaldetravers.ch\/de\/#website\"},\"primaryImageOfPage\":{\"@id\":\"https:\/\/www.myvaldetravers.ch\/de\/erlebnisse\/interpretationszentrum-des-creux-du-van\/#primaryimage\"},\"image\":{\"@id\":\"https:\/\/www.myvaldetravers.ch\/de\/erlebnisse\/interpretationszentrum-des-creux-du-van\/#primaryimage\"},\"thumbnailUrl\":\"https:\/\/www.myvaldetravers.ch\/wp-content\/uploads\/2019\/04\/ferme-robert-2.jpg\",\"datePublished\":\"2019-04-25T04:55:52+00:00\",\"dateModified\":\"2021-03-05T10:20:53+00:00\",\"description\":\"Im Interpretationszentrum des Creux du Van der Ferme Robert entdecken Sie die Geheimnisse des einzigartigen Creux du Van.\",\"breadcrumb\":{\"@id\":\"https:\/\/www.myvaldetravers.ch\/de\/erlebnisse\/interpretationszentrum-des-creux-du-van\/#breadcrumb\"},\"inLanguage\":\"de\",\"potentialAction\":[{\"@type\":\"ReadAction\",\"target\":[\"https:\/\/www.myvaldetravers.ch\/de\/erlebnisse\/interpretationszentrum-des-creux-du-van\/\"]}]},{\"@type\":\"ImageObject\",\"inLanguage\":\"de\",\"@id\":\"https:\/\/www.myvaldetravers.ch\/de\/erlebnisse\/interpretationszentrum-des-creux-du-van\/#primaryimage\",\"url\":\"https:\/\/www.myvaldetravers.ch\/wp-content\/uploads\/2019\/04\/ferme-robert-2.jpg\",\"contentUrl\":\"https:\/\/www.myvaldetravers.ch\/wp-content\/uploads\/2019\/04\/ferme-robert-2.jpg\",\"width\":599,\"height\":337,\"caption\":\"Ferme Robert, Creux du Van, Val-de-travers\"},{\"@type\":\"BreadcrumbList\",\"@id\":\"https:\/\/www.myvaldetravers.ch\/de\/erlebnisse\/interpretationszentrum-des-creux-du-van\/#breadcrumb\",\"itemListElement\":[{\"@type\":\"ListItem\",\"position\":1,\"name\":\"Accueil\",\"item\":\"https:\/\/www.myvaldetravers.ch\/de\/\"},{\"@type\":\"ListItem\",\"position\":2,\"name\":\"Erlebnisse\",\"item\":\"https:\/\/www.myvaldetravers.ch\/de\/erlebnisse\/\"},{\"@type\":\"ListItem\",\"position\":3,\"name\":\"INTERPRETATIONSZENTRUM DES CREUX DU VAN\"}]},{\"@type\":\"WebSite\",\"@id\":\"https:\/\/www.myvaldetravers.ch\/de\/#website\",\"url\":\"https:\/\/www.myvaldetravers.ch\/de\/\",\"name\":\"Destination Val-de-Travers\",\"description\":\"Il y a toujours quelque chose \u00e0 faire au Val-de-Travers.\",\"potentialAction\":[{\"@type\":\"SearchAction\",\"target\":{\"@type\":\"EntryPoint\",\"urlTemplate\":\"https:\/\/www.myvaldetravers.ch\/de\/?s={search_term_string}\"},\"query-input\":{\"@type\":\"PropertyValueSpecification\",\"valueRequired\":true,\"valueName\":\"search_term_string\"}}],\"inLanguage\":\"de\"}]}<\/script>\n<!-- \/ Yoast SEO plugin. -->","yoast_head_json":{"title":"Interpretationszentrum Creux du Van, Val-de-Travers","description":"Im Interpretationszentrum des Creux du Van der Ferme Robert entdecken Sie die Geheimnisse des einzigartigen Creux du Van.","robots":{"index":"index","follow":"follow","max-snippet":"max-snippet:-1","max-image-preview":"max-image-preview:large","max-video-preview":"max-video-preview:-1"},"canonical":"https:\/\/www.myvaldetravers.ch\/de\/erlebnisse\/interpretationszentrum-des-creux-du-van\/","og_locale":"de_DE","og_type":"article","og_title":"Interpretationszentrum Creux du Van, Val-de-Travers","og_description":"Im Interpretationszentrum des Creux du Van der Ferme Robert entdecken Sie die Geheimnisse des einzigartigen Creux du Van.","og_url":"https:\/\/www.myvaldetravers.ch\/de\/erlebnisse\/interpretationszentrum-des-creux-du-van\/","og_site_name":"Destination Val-de-Travers","article_publisher":"https:\/\/www.facebook.com\/DestinationValdeTravers\/","article_modified_time":"2021-03-05T10:20:53+00:00","og_image":[{"width":599,"height":337,"url":"https:\/\/www.myvaldetravers.ch\/wp-content\/uploads\/2019\/04\/ferme-robert-2.jpg","type":"image\/jpeg"}],"twitter_card":"summary_large_image","twitter_misc":{"Gesch\u00e4tzte Lesezeit":"1\u00a0Minute"},"schema":{"@context":"https:\/\/schema.org","@graph":[{"@type":"WebPage","@id":"https:\/\/www.myvaldetravers.ch\/de\/erlebnisse\/interpretationszentrum-des-creux-du-van\/","url":"https:\/\/www.myvaldetravers.ch\/de\/erlebnisse\/interpretationszentrum-des-creux-du-van\/","name":"Interpretationszentrum Creux du Van, Val-de-Travers","isPartOf":{"@id":"https:\/\/www.myvaldetravers.ch\/de\/#website"},"primaryImageOfPage":{"@id":"https:\/\/www.myvaldetravers.ch\/de\/erlebnisse\/interpretationszentrum-des-creux-du-van\/#primaryimage"},"image":{"@id":"https:\/\/www.myvaldetravers.ch\/de\/erlebnisse\/interpretationszentrum-des-creux-du-van\/#primaryimage"},"thumbnailUrl":"https:\/\/www.myvaldetravers.ch\/wp-content\/uploads\/2019\/04\/ferme-robert-2.jpg","datePublished":"2019-04-25T04:55:52+00:00","dateModified":"2021-03-05T10:20:53+00:00","description":"Im Interpretationszentrum des Creux du Van der Ferme Robert entdecken Sie die Geheimnisse des einzigartigen Creux du Van.","breadcrumb":{"@id":"https:\/\/www.myvaldetravers.ch\/de\/erlebnisse\/interpretationszentrum-des-creux-du-van\/#breadcrumb"},"inLanguage":"de","potentialAction":[{"@type":"ReadAction","target":["https:\/\/www.myvaldetravers.ch\/de\/erlebnisse\/interpretationszentrum-des-creux-du-van\/"]}]},{"@type":"ImageObject","inLanguage":"de","@id":"https:\/\/www.myvaldetravers.ch\/de\/erlebnisse\/interpretationszentrum-des-creux-du-van\/#primaryimage","url":"https:\/\/www.myvaldetravers.ch\/wp-content\/uploads\/2019\/04\/ferme-robert-2.jpg","contentUrl":"https:\/\/www.myvaldetravers.ch\/wp-content\/uploads\/2019\/04\/ferme-robert-2.jpg","width":599,"height":337,"caption":"Ferme Robert, Creux du Van, Val-de-travers"},{"@type":"BreadcrumbList","@id":"https:\/\/www.myvaldetravers.ch\/de\/erlebnisse\/interpretationszentrum-des-creux-du-van\/#breadcrumb","itemListElement":[{"@type":"ListItem","position":1,"name":"Accueil","item":"https:\/\/www.myvaldetravers.ch\/de\/"},{"@type":"ListItem","position":2,"name":"Erlebnisse","item":"https:\/\/www.myvaldetravers.ch\/de\/erlebnisse\/"},{"@type":"ListItem","position":3,"name":"INTERPRETATIONSZENTRUM DES CREUX DU VAN"}]},{"@type":"WebSite","@id":"https:\/\/www.myvaldetravers.ch\/de\/#website","url":"https:\/\/www.myvaldetravers.ch\/de\/","name":"Destination Val-de-Travers","description":"Il y a toujours quelque chose \u00e0 faire au Val-de-Travers.","potentialAction":[{"@type":"SearchAction","target":{"@type":"EntryPoint","urlTemplate":"https:\/\/www.myvaldetravers.ch\/de\/?s={search_term_string}"},"query-input":{"@type":"PropertyValueSpecification","valueRequired":true,"valueName":"search_term_string"}}],"inLanguage":"de"}]}},"_links":{"self":[{"href":"https:\/\/www.myvaldetravers.ch\/de\/wp-json\/wp\/v2\/pages\/2174"}],"collection":[{"href":"https:\/\/www.myvaldetravers.ch\/de\/wp-json\/wp\/v2\/pages"}],"about":[{"href":"https:\/\/www.myvaldetravers.ch\/de\/wp-json\/wp\/v2\/types\/page"}],"author":[{"embeddable":true,"href":"https:\/\/www.myvaldetravers.ch\/de\/wp-json\/wp\/v2\/users\/73"}],"replies":[{"embeddable":true,"href":"https:\/\/www.myvaldetravers.ch\/de\/wp-json\/wp\/v2\/comments?post=2174"}],"version-history":[{"count":10,"href":"https:\/\/www.myvaldetravers.ch\/de\/wp-json\/wp\/v2\/pages\/2174\/revisions"}],"predecessor-version":[{"id":5755,"href":"https:\/\/www.myvaldetravers.ch\/de\/wp-json\/wp\/v2\/pages\/2174\/revisions\/5755"}],"up":[{"embeddable":true,"href":"https:\/\/www.myvaldetravers.ch\/de\/wp-json\/wp\/v2\/pages\/2155"}],"wp:featuredmedia":[{"embeddable":true,"href":"https:\/\/www.myvaldetravers.ch\/de\/wp-json\/wp\/v2\/media\/1779"}],"wp:attachment":[{"href":"https:\/\/www.myvaldetravers.ch\/de\/wp-json\/wp\/v2\/media?parent=2174"}],"curies":[{"name":"wp","href":"https:\/\/api.w.org\/{rel}","templated":true}]}}