{"id":2175,"date":"2019-04-22T14:17:18","date_gmt":"2019-04-22T12:17:18","guid":{"rendered":"https:\/\/www.myvaldetravers.ch\/experiences\/sport-detente\/"},"modified":"2025-04-23T09:05:43","modified_gmt":"2025-04-23T07:05:43","slug":"sport-entspannung","status":"publish","type":"page","link":"https:\/\/www.myvaldetravers.ch\/de\/erlebnisse\/sport-entspannung\/","title":{"rendered":"espaceVAL &#8211; Sport &#038; Entspannung"},"content":{"rendered":"<p>[vc_row css=&#8221;.vc_custom_1554128789554{margin-top: -0.3em !important;}&#8221;][vc_column width=&#8221;2\/3&#8243;][vc_column_text]EspaceVAL befindet sich im Herzen von Val-de-Travers und l\u00e4sst Sie neue Emotionen erleben.<br \/>\nEntdecken Sie einen einladenden, dynamischen, verj\u00fcngenden, lebendigen, kulturellen und professionellen Raum.<\/p>\n<p>Kindern, Erwachsenen, Familien, Unternehmen, Verb\u00e4nden, Vereinen und Veranstaltern werden zahlreiche Dienstleistungen angeboten, die auf drei Achsen verteilt sind (Vitalit\u00e4t \/ Aktivit\u00e4t \/ Freizeit).<\/p>\n<p>Entfliehen Sie der Natur und genie\u00dfen Sie eine aussergew\u00f6hnliche Umgebung im Innen- und Au\u00dfenbereich, indem Sie die vielen Facetten von EspaceVAL erkunden.<\/p>\n<h5>\u00d6FFNUNGSZEITEN UND DETAILS<\/h5>\n<p><strong>Empfang &#8211; Cafeteria:<\/strong><br \/>\nMontag bis Freitag, ge\u00f6ffnet von 8:00 bis 19:00 Uhr.<br \/>\nSamstag, Sonntag, Feiertage und Schulsommerferien: 9:00-17:00 Uhr.<\/p>\n<p><strong>Schwimmbad und Wellnessbereich:<br \/>\n<\/strong>Montag bis Freitag ge\u00f6ffnet von 08:00 bis 20:00 Uhr &#8211; Wellness ge\u00f6ffnet ab 09:00 Uhr<br \/>\nTicketkauf bis 19:00 Uhr, Verlassen der Umkleidekabinen um 20:15 Uhr<\/p>\n<p>Wochenenden, Feiertage, Schulsommerferien ge\u00f6ffnet von 09:00 bis 18:00 Uhr<br \/>\nTicketkauf bis 17:00 Uhr, Verlassen der Umkleidekabinen um 18:15 Uhr<\/p>\n<p><strong>Kletterwand<\/strong>:<br \/>\nMontag bis Freitag, ge\u00f6ffnet von 08:00 bis 22:00 Uhr (R\u00fcckgabe des Materials bis 19.00 Uhr).<br \/>\nAn Wochenenden, Feiertagen und in den Sommerschulferien von 09:00 bis 19:00 Uhr ge\u00f6ffnet (R\u00fcckgabe des Materials bis 17.00 Uhr)<\/p>\n<p><strong>Fitness:<\/strong><br \/>\nMontag bis Freitag, ge\u00f6ffnet von 06:30 bis 22:00 Uhr.<br \/>\nAn Wochenenden von 08:00 bis 19:00 Uhr ge\u00f6ffnet.<\/p>\n<p>\u00dcbersetzt mit www.DeepL.com\/Translator (kostenlose Version)<\/p>\n<h5>KONTAKTDATEN DES PARTNERS<\/h5>\n<p>espaceVAL<br \/>\nClos-Pury 15<br \/>\n2108 Couvet<br \/>\nT 032 889 69 19<br \/>\n<a href=\"https:\/\/espaceval.ch\/\" target=\"_blank\" rel=\"noopener noreferrer\">www.espaceval.ch<\/a>[\/vc_column_text][\/vc_column][vc_column width=&#8221;1\/3&#8243; css=&#8221;.vc_custom_1554128972031{background-color: #f6f6f7 !important;}&#8221; el_class=&#8221;colonne-info-droite&#8221;][vc_single_image image=&#8221;7071&#8243; alignment=&#8221;center&#8221;][vc_column_text]<\/p>\n<p style=\"text-align: center;\">Aktivit\u00e4t zertifiziert <a href=\"https:\/\/www.myvaldetravers.ch\/de\/2025\/03\/12\/swisstainable\/\" target=\"_blank\" rel=\"noopener\"><em>Swisstainable<\/em><\/a><\/p>\n<p>[\/vc_column_text][vc_empty_space hide_on_mobile=&#8221;&#8221;][vc_column_text]<\/p>\n<h5><a href=\"https:\/\/www.myvaldetravers.ch\/de\/freizeitkarte\/\" target=\"_blank\" rel=\"noopener noreferrer\">FREIZEITKARTE VAL-DE-TRAVERS<\/a><\/h5>\n<p><strong>Inbegriffen in der\u00a0<a href=\"https:\/\/www.myvaldetravers.ch\/de\/freizeitkarte\/\" target=\"_blank\" rel=\"noopener noreferrer\">Freizeitkarte<\/a>:<\/strong><\/p>\n<ul>\n<li>Schwimmbad und Wellnessbereich<\/li>\n<li>Kletterwand<\/li>\n<li>Klettersteige Taschen<\/li>\n<\/ul>\n<p><a href=\"https:\/\/espaceval.ch\/\" target=\"_blank\" rel=\"noopener noreferrer\">www.espaceval.ch<\/a>[\/vc_column_text][\/vc_column][\/vc_row][vc_row disable_element=&#8221;yes&#8221;][vc_column][vc_empty_space hide_on_mobile=&#8221;&#8221;][vc_column_text]<\/p>\n<h5>Buchen Sie Ihre Billette online<\/h5>\n<p>F\u00fcr\u00a0<strong>Gruppenbuchungen<\/strong> kontaktieren Sie bitte espaceVAL <strong>direkt<\/strong>\u00a0per\u00a0<a href=\"tel:004138631060\">Telephon<\/a>\u00a0der\u00a0<a href=\"mailto:info@espaceval.ch\">E-mail<\/a>.[\/vc_column_text][vc_row_inner][vc_column_inner][vc_raw_js]JTNDJTIxLS0lMjBTVEFSVCUyMEVpbm1hbGlnJTIwYXVmJTIwZGVyJTIwU2VpdGUlMjB6dSUyMHBsYXR6aWVyZW4lMjAtLSUzRSUwQSUzQ3NjcmlwdCUzRSUwQXdpbmRvdy5UV0VCU0hPUCUyMCUzRCUyMCU3QiUwQWNvbmZpZyUzQSUyMCUyN05ldWNoYXRlbC1TZXJ2aWNlUHJvdmlkZXJfdGRzJTI3JTJDJTBBbGFuZ3VhZ2UlM0ElMjAlMjdkZSUyNyUyQyUwQXRoZW1lJTNBJTIwJTdCJTBBc3RpY2t5JTNBJTIwJTdCJTBBb2Zmc2V0JTNBJTIwMjAlMkMlMEElN0QlMEElN0QlMEElN0QlMEElM0MlMkZzY3JpcHQlM0UlMEElMEElM0NzdHlsZSUzRSUwQSUyM3R3ZWJzaG9wJTIwJTdCJTBBLS10dy1idXR0b24tY29sb3IlM0ElMjAlMjNjY2QzMDAlM0IlMEEtLXR3LWJ1dHRvbi10ZXh0LWNvbG9yJTNBJTIwJTIzZmZmJTNCJTBBLS10dy1idXR0b24tcHJpY2UtY29sb3IlM0ElMjAlMjNjY2QzMDAlM0IlMEEtLXR3LWJ1dHRvbi1wcmljZS10ZXh0LWNvbG9yJTNBJTIwJTIzZmZmJTNCJTBBLS10dy1ib3gtY29sb3IlM0ElMjAlMjNjY2QzMDAlM0IlMEEtLXR3LWJveC10ZXh0LWNvbG9yJTNBJTIwJTIzZmZmJTNCJTBBLS10dy1ib29raW5nLWNvbG9yJTNBJTIwJTIzY2NkMzAwJTNCJTBBLS10dy1ib29raW5nLXRleHQtY29sb3IlM0ElMjAlMjNmZmYlM0IlMEElN0QlMEElM0MlMkZzdHlsZSUzRSUwQSUzQ3NjcmlwdCUyMHNyYyUzRCUyMmh0dHBzJTNBJTJGJTJGdHdlYnNob3AudG9tYXMtdHJhdmVsLmNvbSUyRmFwcCUyRmV4cGVyaWVuY2UlMkZ3aWRnZXQlMkZhcHAuanMlMjIlM0UlM0MlMkZzY3JpcHQlM0UlMEElM0MlMjEtLSUyMEVOREUlMjBFaW5tYWxpZ2VyJTIwQmxvY2slMjAtLSUzRSUyMA==[\/vc_raw_js][\/vc_column_inner][\/vc_row_inner][vc_row_inner][vc_column_inner width=&#8221;1\/2&#8243;][vc_empty_space alter_height=&#8221;small&#8221; hide_on_mobile=&#8221;&#8221;][vc_column_text]<\/p>\n<h6>Innenschwimmbad ohne Wellness<\/h6>\n<p>[\/vc_column_text][vc_empty_space hide_on_mobile=&#8221;&#8221;][vc_raw_js]JTNDJTIxLS0lMjBTVEFSVCUyMENvbnRlbnRlaW5iaW5kdW5nJTIwV2lkZ2V0JTIwLS0lM0UlMEElM0N0d3MtZXhwZXJpZW5jZS13aWRnZXQlMjBkYXRhLWlkJTNEJTIyVERTMDAwMjAwMTM1MzkyOTA5NjclMjIlM0UlM0MlMkZ0d3MtZXhwZXJpZW5jZS13aWRnZXQlM0UlMEElM0MlMjEtLSUyMEVOREUlMjBDb250ZW50ZWluYmluZHVuZyUyMFdpZGdldCUyMC0tJTNFJTBBJTBB[\/vc_raw_js][\/vc_column_inner][vc_column_inner width=&#8221;1\/2&#8243;][vc_empty_space alter_height=&#8221;small&#8221; hide_on_mobile=&#8221;&#8221;][vc_column_text]<\/p>\n<h6>Innenschwimmbad mit Wellness<\/h6>\n<p>[\/vc_column_text][vc_empty_space hide_on_mobile=&#8221;&#8221;][vc_raw_js]JTNDJTIxLS0lMjBTVEFSVCUyMENvbnRlbnRlaW5iaW5kdW5nJTIwV2lkZ2V0JTIwLS0lM0UlMEElM0N0d3MtZXhwZXJpZW5jZS13aWRnZXQlMjBkYXRhLWlkJTNEJTIyVERTMDAwMjAwMTM1MzkzNzg1OTklMjIlM0UlM0MlMkZ0d3MtZXhwZXJpZW5jZS13aWRnZXQlM0UlMEElM0MlMjEtLSUyMEVOREUlMjBDb250ZW50ZWluYmluZHVuZyUyMFdpZGdldCUyMC0tJTNFJTBBJTBB[\/vc_raw_js][\/vc_column_inner][\/vc_row_inner][\/vc_column][\/vc_row][vc_row][vc_column][vc_column_text][\/vc_column_text][vc_separator]<div class=\"cq-dagallery-container\" style=\"width:100%;margin:0 auto;\"><ul class=\"cq-dagallery\" data-gallerywidth=\"100%\" data-width=\"270\" data-height=\"\" data-color=\"#ffffff\" data-background=\"#00bfff\" data-opacity=\"0.8\"><li class=\"\" data-width=\"270\" data-height=\"\" data-margin=\"10px\" style=\"margin:10px\"><a class=\"normal\" href=\"https:\/\/www.myvaldetravers.ch\/wp-content\/uploads\/2021\/01\/DJI_0029_Revelateur.jpg\" rel=\"21753\"><img src='https:\/\/www.myvaldetravers.ch\/wp-content\/uploads\/2021\/01\/DJI_0029_Revelateur-270x180.jpg' width='270' height='' \/><\/a><div class=\"dagallery-info\" style=\"padding:20px;color:#ffffff;background-color:#00bfff\"><\/div><\/li><li class=\"\" data-width=\"270\" data-height=\"\" data-margin=\"10px\" style=\"margin:10px\"><a class=\"normal\" href=\"https:\/\/www.myvaldetravers.ch\/wp-content\/uploads\/2021\/01\/DJI_0051_Revelateur.jpg\" rel=\"21753\"><img src='https:\/\/www.myvaldetravers.ch\/wp-content\/uploads\/2021\/01\/DJI_0051_Revelateur-270x180.jpg' width='270' height='' \/><\/a><div class=\"dagallery-info\" style=\"padding:20px;color:#ffffff;background-color:#00bfff\"><\/div><\/li><li class=\"\" data-width=\"270\" data-height=\"\" data-margin=\"10px\" style=\"margin:10px\"><a class=\"normal\" href=\"https:\/\/www.myvaldetravers.ch\/wp-content\/uploads\/2021\/01\/en-angle.jpg\" rel=\"21753\"><img src='https:\/\/www.myvaldetravers.ch\/wp-content\/uploads\/2021\/01\/en-angle-270x180.jpg' width='270' height='' \/><\/a><div class=\"dagallery-info\" style=\"padding:20px;color:#ffffff;background-color:#00bfff\"><\/div><\/li><li class=\"\" data-width=\"270\" data-height=\"\" data-margin=\"10px\" style=\"margin:10px\"><a class=\"normal\" href=\"https:\/\/www.myvaldetravers.ch\/wp-content\/uploads\/2021\/01\/bain-froid.jpg\" rel=\"21753\"><img src='https:\/\/www.myvaldetravers.ch\/wp-content\/uploads\/2021\/01\/bain-froid-270x180.jpg' width='270' height='' \/><\/a><div class=\"dagallery-info\" style=\"padding:20px;color:#ffffff;background-color:#00bfff\"><\/div><\/li><li class=\"\" data-width=\"270\" data-height=\"\" data-margin=\"10px\" style=\"margin:10px\"><a class=\"normal\" href=\"https:\/\/www.myvaldetravers.ch\/wp-content\/uploads\/2021\/01\/Hammam.jpg\" rel=\"21753\"><img src='https:\/\/www.myvaldetravers.ch\/wp-content\/uploads\/2021\/01\/Hammam-270x180.jpg' width='270' height='' \/><\/a><div class=\"dagallery-info\" style=\"padding:20px;color:#ffffff;background-color:#00bfff\"><\/div><\/li><li class=\"\" data-width=\"270\" data-height=\"\" data-margin=\"10px\" style=\"margin:10px\"><a class=\"normal\" href=\"https:\/\/www.myvaldetravers.ch\/wp-content\/uploads\/2021\/01\/salle-de-repos.jpg\" rel=\"21753\"><img src='https:\/\/www.myvaldetravers.ch\/wp-content\/uploads\/2021\/01\/salle-de-repos-270x180.jpg' width='270' height='' \/><\/a><div class=\"dagallery-info\" style=\"padding:20px;color:#ffffff;background-color:#00bfff\"><\/div><\/li><li class=\"\" data-width=\"270\" data-height=\"\" data-margin=\"10px\" style=\"margin:10px\"><a class=\"normal\" href=\"https:\/\/www.myvaldetravers.ch\/wp-content\/uploads\/2021\/01\/Sauna.jpg\" rel=\"21753\"><img src='https:\/\/www.myvaldetravers.ch\/wp-content\/uploads\/2021\/01\/Sauna-270x180.jpg' width='270' height='' \/><\/a><div class=\"dagallery-info\" style=\"padding:20px;color:#ffffff;background-color:#00bfff\"><\/div><\/li><li class=\"\" data-width=\"270\" data-height=\"\" data-margin=\"10px\" style=\"margin:10px\"><a class=\"normal\" href=\"https:\/\/www.myvaldetravers.ch\/wp-content\/uploads\/2021\/01\/escalade-securite.jpg\" rel=\"21753\"><img src='https:\/\/www.myvaldetravers.ch\/wp-content\/uploads\/2021\/01\/escalade-securite-270x180.jpg' width='270' height='' \/><\/a><div class=\"dagallery-info\" style=\"padding:20px;color:#ffffff;background-color:#00bfff\"><\/div><\/li><\/ul><\/div>[\/vc_column][\/vc_row]<\/p>\n","protected":false},"excerpt":{"rendered":"<p>[vc_row css=&#8221;.vc_custom_1554128789554{margin-top: -0.3em !important;}&#8221;][vc_column width=&#8221;2\/3&#8243;][vc_column_text]EspaceVAL befindet sich im Herzen von Val-de-Travers und l\u00e4sst Sie neue Emotionen erleben. Entdecken Sie einen einladenden, dynamischen, verj\u00fcngenden, lebendigen, kulturellen und professionellen Raum. Kindern, Erwachsenen,&hellip;<\/p>\n","protected":false},"author":73,"featured_media":5409,"parent":2155,"menu_order":0,"comment_status":"closed","ping_status":"closed","template":"","meta":{"footnotes":""},"yoast_head":"<!-- This site is optimized with the Yoast SEO plugin v23.5 - https:\/\/yoast.com\/wordpress\/plugins\/seo\/ -->\n<title>Sportzentrum Espace Val, Couvet, Val-de-Travers<\/title>\n<meta name=\"description\" content=\"EspaceVAL ist das Sport- und Wellnesszentrum des Val-de-Travers. Es werden zahlreiche Dienstleistungen f\u00fcr alle Altersgruppen angeboten.\" \/>\n<meta name=\"robots\" content=\"index, follow, max-snippet:-1, max-image-preview:large, max-video-preview:-1\" \/>\n<link rel=\"canonical\" href=\"https:\/\/www.myvaldetravers.ch\/de\/erlebnisse\/sport-entspannung\/\" \/>\n<meta property=\"og:locale\" content=\"de_DE\" \/>\n<meta property=\"og:type\" content=\"article\" \/>\n<meta property=\"og:title\" content=\"Sportzentrum Espace Val, Couvet, Val-de-Travers\" \/>\n<meta property=\"og:description\" content=\"EspaceVAL ist das Sport- und Wellnesszentrum des Val-de-Travers. Es werden zahlreiche Dienstleistungen f\u00fcr alle Altersgruppen angeboten.\" \/>\n<meta property=\"og:url\" content=\"https:\/\/www.myvaldetravers.ch\/de\/erlebnisse\/sport-entspannung\/\" \/>\n<meta property=\"og:site_name\" content=\"Destination Val-de-Travers\" \/>\n<meta property=\"article:publisher\" content=\"https:\/\/www.facebook.com\/DestinationValdeTravers\/\" \/>\n<meta property=\"article:modified_time\" content=\"2025-04-23T07:05:43+00:00\" \/>\n<meta property=\"og:image\" content=\"https:\/\/www.myvaldetravers.ch\/wp-content\/uploads\/2021\/01\/DJI_0029_Revelateur.jpg\" \/>\n\t<meta property=\"og:image:width\" content=\"823\" \/>\n\t<meta property=\"og:image:height\" content=\"549\" \/>\n\t<meta property=\"og:image:type\" content=\"image\/jpeg\" \/>\n<meta name=\"twitter:card\" content=\"summary_large_image\" \/>\n<meta name=\"twitter:label1\" content=\"Gesch\u00e4tzte Lesezeit\" \/>\n\t<meta name=\"twitter:data1\" content=\"2\u00a0Minuten\" \/>\n<script type=\"application\/ld+json\" class=\"yoast-schema-graph\">{\"@context\":\"https:\/\/schema.org\",\"@graph\":[{\"@type\":\"WebPage\",\"@id\":\"https:\/\/www.myvaldetravers.ch\/de\/erlebnisse\/sport-entspannung\/\",\"url\":\"https:\/\/www.myvaldetravers.ch\/de\/erlebnisse\/sport-entspannung\/\",\"name\":\"Sportzentrum Espace Val, Couvet, Val-de-Travers\",\"isPartOf\":{\"@id\":\"https:\/\/www.myvaldetravers.ch\/de\/#website\"},\"primaryImageOfPage\":{\"@id\":\"https:\/\/www.myvaldetravers.ch\/de\/erlebnisse\/sport-entspannung\/#primaryimage\"},\"image\":{\"@id\":\"https:\/\/www.myvaldetravers.ch\/de\/erlebnisse\/sport-entspannung\/#primaryimage\"},\"thumbnailUrl\":\"https:\/\/www.myvaldetravers.ch\/wp-content\/uploads\/2021\/01\/DJI_0029_Revelateur.jpg\",\"datePublished\":\"2019-04-22T12:17:18+00:00\",\"dateModified\":\"2025-04-23T07:05:43+00:00\",\"description\":\"EspaceVAL ist das Sport- und Wellnesszentrum des Val-de-Travers. Es werden zahlreiche Dienstleistungen f\u00fcr alle Altersgruppen angeboten.\",\"breadcrumb\":{\"@id\":\"https:\/\/www.myvaldetravers.ch\/de\/erlebnisse\/sport-entspannung\/#breadcrumb\"},\"inLanguage\":\"de\",\"potentialAction\":[{\"@type\":\"ReadAction\",\"target\":[\"https:\/\/www.myvaldetravers.ch\/de\/erlebnisse\/sport-entspannung\/\"]}]},{\"@type\":\"ImageObject\",\"inLanguage\":\"de\",\"@id\":\"https:\/\/www.myvaldetravers.ch\/de\/erlebnisse\/sport-entspannung\/#primaryimage\",\"url\":\"https:\/\/www.myvaldetravers.ch\/wp-content\/uploads\/2021\/01\/DJI_0029_Revelateur.jpg\",\"contentUrl\":\"https:\/\/www.myvaldetravers.ch\/wp-content\/uploads\/2021\/01\/DJI_0029_Revelateur.jpg\",\"width\":823,\"height\":549,\"caption\":\"espaceVAL ext\u00e9rieur rapproch\u00e9\"},{\"@type\":\"BreadcrumbList\",\"@id\":\"https:\/\/www.myvaldetravers.ch\/de\/erlebnisse\/sport-entspannung\/#breadcrumb\",\"itemListElement\":[{\"@type\":\"ListItem\",\"position\":1,\"name\":\"Accueil\",\"item\":\"https:\/\/www.myvaldetravers.ch\/de\/\"},{\"@type\":\"ListItem\",\"position\":2,\"name\":\"Erlebnisse\",\"item\":\"https:\/\/www.myvaldetravers.ch\/de\/erlebnisse\/\"},{\"@type\":\"ListItem\",\"position\":3,\"name\":\"espaceVAL &#8211; Sport &#038; Entspannung\"}]},{\"@type\":\"WebSite\",\"@id\":\"https:\/\/www.myvaldetravers.ch\/de\/#website\",\"url\":\"https:\/\/www.myvaldetravers.ch\/de\/\",\"name\":\"Destination Val-de-Travers\",\"description\":\"Il y a toujours quelque chose \u00e0 faire au Val-de-Travers.\",\"potentialAction\":[{\"@type\":\"SearchAction\",\"target\":{\"@type\":\"EntryPoint\",\"urlTemplate\":\"https:\/\/www.myvaldetravers.ch\/de\/?s={search_term_string}\"},\"query-input\":{\"@type\":\"PropertyValueSpecification\",\"valueRequired\":true,\"valueName\":\"search_term_string\"}}],\"inLanguage\":\"de\"}]}<\/script>\n<!-- \/ Yoast SEO plugin. -->","yoast_head_json":{"title":"Sportzentrum Espace Val, Couvet, Val-de-Travers","description":"EspaceVAL ist das Sport- und Wellnesszentrum des Val-de-Travers. Es werden zahlreiche Dienstleistungen f\u00fcr alle Altersgruppen angeboten.","robots":{"index":"index","follow":"follow","max-snippet":"max-snippet:-1","max-image-preview":"max-image-preview:large","max-video-preview":"max-video-preview:-1"},"canonical":"https:\/\/www.myvaldetravers.ch\/de\/erlebnisse\/sport-entspannung\/","og_locale":"de_DE","og_type":"article","og_title":"Sportzentrum Espace Val, Couvet, Val-de-Travers","og_description":"EspaceVAL ist das Sport- und Wellnesszentrum des Val-de-Travers. Es werden zahlreiche Dienstleistungen f\u00fcr alle Altersgruppen angeboten.","og_url":"https:\/\/www.myvaldetravers.ch\/de\/erlebnisse\/sport-entspannung\/","og_site_name":"Destination Val-de-Travers","article_publisher":"https:\/\/www.facebook.com\/DestinationValdeTravers\/","article_modified_time":"2025-04-23T07:05:43+00:00","og_image":[{"width":823,"height":549,"url":"https:\/\/www.myvaldetravers.ch\/wp-content\/uploads\/2021\/01\/DJI_0029_Revelateur.jpg","type":"image\/jpeg"}],"twitter_card":"summary_large_image","twitter_misc":{"Gesch\u00e4tzte Lesezeit":"2\u00a0Minuten"},"schema":{"@context":"https:\/\/schema.org","@graph":[{"@type":"WebPage","@id":"https:\/\/www.myvaldetravers.ch\/de\/erlebnisse\/sport-entspannung\/","url":"https:\/\/www.myvaldetravers.ch\/de\/erlebnisse\/sport-entspannung\/","name":"Sportzentrum Espace Val, Couvet, Val-de-Travers","isPartOf":{"@id":"https:\/\/www.myvaldetravers.ch\/de\/#website"},"primaryImageOfPage":{"@id":"https:\/\/www.myvaldetravers.ch\/de\/erlebnisse\/sport-entspannung\/#primaryimage"},"image":{"@id":"https:\/\/www.myvaldetravers.ch\/de\/erlebnisse\/sport-entspannung\/#primaryimage"},"thumbnailUrl":"https:\/\/www.myvaldetravers.ch\/wp-content\/uploads\/2021\/01\/DJI_0029_Revelateur.jpg","datePublished":"2019-04-22T12:17:18+00:00","dateModified":"2025-04-23T07:05:43+00:00","description":"EspaceVAL ist das Sport- und Wellnesszentrum des Val-de-Travers. Es werden zahlreiche Dienstleistungen f\u00fcr alle Altersgruppen angeboten.","breadcrumb":{"@id":"https:\/\/www.myvaldetravers.ch\/de\/erlebnisse\/sport-entspannung\/#breadcrumb"},"inLanguage":"de","potentialAction":[{"@type":"ReadAction","target":["https:\/\/www.myvaldetravers.ch\/de\/erlebnisse\/sport-entspannung\/"]}]},{"@type":"ImageObject","inLanguage":"de","@id":"https:\/\/www.myvaldetravers.ch\/de\/erlebnisse\/sport-entspannung\/#primaryimage","url":"https:\/\/www.myvaldetravers.ch\/wp-content\/uploads\/2021\/01\/DJI_0029_Revelateur.jpg","contentUrl":"https:\/\/www.myvaldetravers.ch\/wp-content\/uploads\/2021\/01\/DJI_0029_Revelateur.jpg","width":823,"height":549,"caption":"espaceVAL ext\u00e9rieur rapproch\u00e9"},{"@type":"BreadcrumbList","@id":"https:\/\/www.myvaldetravers.ch\/de\/erlebnisse\/sport-entspannung\/#breadcrumb","itemListElement":[{"@type":"ListItem","position":1,"name":"Accueil","item":"https:\/\/www.myvaldetravers.ch\/de\/"},{"@type":"ListItem","position":2,"name":"Erlebnisse","item":"https:\/\/www.myvaldetravers.ch\/de\/erlebnisse\/"},{"@type":"ListItem","position":3,"name":"espaceVAL &#8211; Sport &#038; Entspannung"}]},{"@type":"WebSite","@id":"https:\/\/www.myvaldetravers.ch\/de\/#website","url":"https:\/\/www.myvaldetravers.ch\/de\/","name":"Destination Val-de-Travers","description":"Il y a toujours quelque chose \u00e0 faire au Val-de-Travers.","potentialAction":[{"@type":"SearchAction","target":{"@type":"EntryPoint","urlTemplate":"https:\/\/www.myvaldetravers.ch\/de\/?s={search_term_string}"},"query-input":{"@type":"PropertyValueSpecification","valueRequired":true,"valueName":"search_term_string"}}],"inLanguage":"de"}]}},"_links":{"self":[{"href":"https:\/\/www.myvaldetravers.ch\/de\/wp-json\/wp\/v2\/pages\/2175"}],"collection":[{"href":"https:\/\/www.myvaldetravers.ch\/de\/wp-json\/wp\/v2\/pages"}],"about":[{"href":"https:\/\/www.myvaldetravers.ch\/de\/wp-json\/wp\/v2\/types\/page"}],"author":[{"embeddable":true,"href":"https:\/\/www.myvaldetravers.ch\/de\/wp-json\/wp\/v2\/users\/73"}],"replies":[{"embeddable":true,"href":"https:\/\/www.myvaldetravers.ch\/de\/wp-json\/wp\/v2\/comments?post=2175"}],"version-history":[{"count":31,"href":"https:\/\/www.myvaldetravers.ch\/de\/wp-json\/wp\/v2\/pages\/2175\/revisions"}],"predecessor-version":[{"id":14130,"href":"https:\/\/www.myvaldetravers.ch\/de\/wp-json\/wp\/v2\/pages\/2175\/revisions\/14130"}],"up":[{"embeddable":true,"href":"https:\/\/www.myvaldetravers.ch\/de\/wp-json\/wp\/v2\/pages\/2155"}],"wp:featuredmedia":[{"embeddable":true,"href":"https:\/\/www.myvaldetravers.ch\/de\/wp-json\/wp\/v2\/media\/5409"}],"wp:attachment":[{"href":"https:\/\/www.myvaldetravers.ch\/de\/wp-json\/wp\/v2\/media?parent=2175"}],"curies":[{"name":"wp","href":"https:\/\/api.w.org\/{rel}","templated":true}]}}