{"id":2176,"date":"2019-04-25T06:38:51","date_gmt":"2019-04-25T04:38:51","guid":{"rendered":"https:\/\/www.myvaldetravers.ch\/experiences\/chocolat\/"},"modified":"2025-06-18T14:51:24","modified_gmt":"2025-06-18T12:51:24","slug":"schokolade","status":"publish","type":"page","link":"https:\/\/www.myvaldetravers.ch\/de\/erlebnisse\/schokolade\/","title":{"rendered":"Schokoladen-Spezialit\u00e4ten des Val-de-Travers"},"content":{"rendered":"<p>[vc_row css=&#8221;.vc_custom_1554128789554{margin-top: -0.3em !important;}&#8221;][vc_column width=&#8221;2\/3&#8243;][vc_column_text]Lieben Sie Schokolade? Dann werden Sie auch die Stangen, Girolles oder N\u00e4gel des Val-de-Travers lieben \u2013 alles regionale Schokoladespezialit\u00e4ten zum Degustieren, Geniessen und Verschenken.<br \/>\nKosten Sie die Kreationen von Jacot, Perrenoud et Seydoux in der <a href=\"https:\/\/www.gout-region.ch\/de\/\" target=\"_blank\" rel=\"noopener noreferrer\">Boutique von Go\u00fbt\u2009&amp;\u2009R\u00e9gion<\/a> im Bahnhof Noiraigue, Dort f\u00fchrt Sie auch ein Film in die Geheimnisse der Schweizer Schokoladeherstellung ein.<\/p>\n<h5>PRAKTISCHE TIPPS<\/h5>\n<p>An heissen Sommertagen umwickeln Sie die Schokoladen am besten mit einem Kleidungsst\u00fcck im Rucksack\u2026<\/p>\n<p>Die \u00d6ffnungszeiten der Boutique finden Sie <a href=\"https:\/\/www.gout-region.ch\/wp-content\/uploads\/2025\/03\/Horaires-boutique-Noiraigue-1-1.pdf\" target=\"_blank\" rel=\"noopener\">hier<\/a>.<\/p>\n<h5>KONTAKTDATEN DES PARTNERS<\/h5>\n<p>GO\u00dbT &amp; R\u00c9GION<br \/>\nBoutique de la gare<br \/>\n2103 Noiraigue<br \/>\nT 032 864 90 64<br \/>\n<a href=\"https:\/\/www.gout-region.ch\/de\/\" target=\"_blank\" rel=\"noopener noreferrer\">www.gout-region.ch<\/a>[\/vc_column_text][\/vc_column][vc_column width=&#8221;1\/3&#8243; css=&#8221;.vc_custom_1554128972031{background-color: #f6f6f7 !important;}&#8221; el_class=&#8221;colonne-info-droite&#8221;][vc_column_text]<\/p>\n<h5><strong><a href=\"https:\/\/www.myvaldetravers.ch\/de\/freizeitkarte\/\">Freizeitkarte Val-de-Travers<\/a><\/strong><\/h5>\n<p><strong>Inbegriffen in der <\/strong><strong><a href=\"https:\/\/www.myvaldetravers.ch\/de\/freizeitkarte\/\">Freizeitkarte<\/a><\/strong><strong>:<\/strong><\/p>\n<p>Schokoladen-Degustation, mit Film<\/p>\n<p><a href=\"http:\/\/www.gout-region.ch\/de\/\" target=\"_blank\" rel=\"noopener noreferrer\">www.gout-region.ch<\/a>[\/vc_column_text][\/vc_column][\/vc_row][vc_row][vc_column][vc_column_text][\/vc_column_text][vc_separator]<div class=\"cq-dagallery-container\" style=\"width:100%;margin:0 auto;\"><ul class=\"cq-dagallery\" data-gallerywidth=\"100%\" data-width=\"270\" data-height=\"\" data-color=\"#ffffff\" data-background=\"#00bfff\" data-opacity=\"0.8\"><li class=\"\" data-width=\"270\" data-height=\"\" data-margin=\"10px\" style=\"margin:10px\"><a class=\"normal\" href=\"https:\/\/www.myvaldetravers.ch\/wp-content\/uploads\/2019\/04\/NOI_Boutique_Photos_Pablo_28.04.2014_10-1.jpg\" rel=\"217645\"><img src='https:\/\/www.myvaldetravers.ch\/wp-content\/uploads\/2019\/04\/NOI_Boutique_Photos_Pablo_28.04.2014_10-1-270x152.jpg' width='270' height='' \/><\/a><div class=\"dagallery-info\" style=\"padding:20px;color:#ffffff;background-color:#00bfff\"><\/div><\/li><\/ul><\/div>[\/vc_column][\/vc_row]<\/p>\n","protected":false},"excerpt":{"rendered":"<p>[vc_row css=&#8221;.vc_custom_1554128789554{margin-top: -0.3em !important;}&#8221;][vc_column width=&#8221;2\/3&#8243;][vc_column_text]Lieben Sie Schokolade? Dann werden Sie auch die Stangen, Girolles oder N\u00e4gel des Val-de-Travers lieben \u2013 alles regionale Schokoladespezialit\u00e4ten zum Degustieren, Geniessen und Verschenken. Kosten Sie&hellip;<\/p>\n","protected":false},"author":73,"featured_media":1767,"parent":2155,"menu_order":0,"comment_status":"closed","ping_status":"closed","template":"","meta":{"footnotes":""},"yoast_head":"<!-- This site is optimized with the Yoast SEO plugin v23.5 - https:\/\/yoast.com\/wordpress\/plugins\/seo\/ -->\n<title>Schokoladen-Degustation im Val-de-Travers<\/title>\n<meta name=\"description\" content=\"Degustieren Sie die k\u00f6stlichen regionalen Schokoladespezialit\u00e4ten des Val-de-Travers in der Boutique von Go\u00fbt\u2009&amp;\u2009R\u00e9gion im Bahnhof Noiraigue.\" \/>\n<meta name=\"robots\" content=\"index, follow, max-snippet:-1, max-image-preview:large, max-video-preview:-1\" \/>\n<link rel=\"canonical\" href=\"https:\/\/www.myvaldetravers.ch\/de\/erlebnisse\/schokolade\/\" \/>\n<meta property=\"og:locale\" content=\"de_DE\" \/>\n<meta property=\"og:type\" content=\"article\" \/>\n<meta property=\"og:title\" content=\"Schokoladen-Degustation im Val-de-Travers\" \/>\n<meta property=\"og:description\" content=\"Degustieren Sie die k\u00f6stlichen regionalen Schokoladespezialit\u00e4ten des Val-de-Travers in der Boutique von Go\u00fbt\u2009&amp;\u2009R\u00e9gion im Bahnhof Noiraigue.\" \/>\n<meta property=\"og:url\" content=\"https:\/\/www.myvaldetravers.ch\/de\/erlebnisse\/schokolade\/\" \/>\n<meta property=\"og:site_name\" content=\"Destination Val-de-Travers\" \/>\n<meta property=\"article:publisher\" content=\"https:\/\/www.facebook.com\/DestinationValdeTravers\/\" \/>\n<meta property=\"article:modified_time\" content=\"2025-06-18T12:51:24+00:00\" \/>\n<meta property=\"og:image\" content=\"https:\/\/www.myvaldetravers.ch\/wp-content\/uploads\/2019\/04\/NOI_Boutique_Photos_Pablo_28.04.2014_10-1024x576.jpg\" \/>\n\t<meta property=\"og:image:width\" content=\"1024\" \/>\n\t<meta property=\"og:image:height\" content=\"576\" \/>\n\t<meta property=\"og:image:type\" content=\"image\/jpeg\" \/>\n<meta name=\"twitter:card\" content=\"summary_large_image\" \/>\n<meta name=\"twitter:label1\" content=\"Gesch\u00e4tzte Lesezeit\" \/>\n\t<meta name=\"twitter:data1\" content=\"1\u00a0Minute\" \/>\n<script type=\"application\/ld+json\" class=\"yoast-schema-graph\">{\"@context\":\"https:\/\/schema.org\",\"@graph\":[{\"@type\":\"WebPage\",\"@id\":\"https:\/\/www.myvaldetravers.ch\/de\/erlebnisse\/schokolade\/\",\"url\":\"https:\/\/www.myvaldetravers.ch\/de\/erlebnisse\/schokolade\/\",\"name\":\"Schokoladen-Degustation im Val-de-Travers\",\"isPartOf\":{\"@id\":\"https:\/\/www.myvaldetravers.ch\/de\/#website\"},\"primaryImageOfPage\":{\"@id\":\"https:\/\/www.myvaldetravers.ch\/de\/erlebnisse\/schokolade\/#primaryimage\"},\"image\":{\"@id\":\"https:\/\/www.myvaldetravers.ch\/de\/erlebnisse\/schokolade\/#primaryimage\"},\"thumbnailUrl\":\"https:\/\/www.myvaldetravers.ch\/wp-content\/uploads\/2019\/04\/NOI_Boutique_Photos_Pablo_28.04.2014_10.jpg\",\"datePublished\":\"2019-04-25T04:38:51+00:00\",\"dateModified\":\"2025-06-18T12:51:24+00:00\",\"description\":\"Degustieren Sie die k\u00f6stlichen regionalen Schokoladespezialit\u00e4ten des Val-de-Travers in der Boutique von Go\u00fbt\u2009&\u2009R\u00e9gion im Bahnhof Noiraigue.\",\"breadcrumb\":{\"@id\":\"https:\/\/www.myvaldetravers.ch\/de\/erlebnisse\/schokolade\/#breadcrumb\"},\"inLanguage\":\"de\",\"potentialAction\":[{\"@type\":\"ReadAction\",\"target\":[\"https:\/\/www.myvaldetravers.ch\/de\/erlebnisse\/schokolade\/\"]}]},{\"@type\":\"ImageObject\",\"inLanguage\":\"de\",\"@id\":\"https:\/\/www.myvaldetravers.ch\/de\/erlebnisse\/schokolade\/#primaryimage\",\"url\":\"https:\/\/www.myvaldetravers.ch\/wp-content\/uploads\/2019\/04\/NOI_Boutique_Photos_Pablo_28.04.2014_10.jpg\",\"contentUrl\":\"https:\/\/www.myvaldetravers.ch\/wp-content\/uploads\/2019\/04\/NOI_Boutique_Photos_Pablo_28.04.2014_10.jpg\",\"width\":6939,\"height\":3904,\"caption\":\"Schokolade \/ Chocolat Val-de-travers\"},{\"@type\":\"BreadcrumbList\",\"@id\":\"https:\/\/www.myvaldetravers.ch\/de\/erlebnisse\/schokolade\/#breadcrumb\",\"itemListElement\":[{\"@type\":\"ListItem\",\"position\":1,\"name\":\"Accueil\",\"item\":\"https:\/\/www.myvaldetravers.ch\/de\/\"},{\"@type\":\"ListItem\",\"position\":2,\"name\":\"Erlebnisse\",\"item\":\"https:\/\/www.myvaldetravers.ch\/de\/erlebnisse\/\"},{\"@type\":\"ListItem\",\"position\":3,\"name\":\"Schokoladen-Spezialit\u00e4ten des Val-de-Travers\"}]},{\"@type\":\"WebSite\",\"@id\":\"https:\/\/www.myvaldetravers.ch\/de\/#website\",\"url\":\"https:\/\/www.myvaldetravers.ch\/de\/\",\"name\":\"Destination Val-de-Travers\",\"description\":\"Il y a toujours quelque chose \u00e0 faire au Val-de-Travers.\",\"potentialAction\":[{\"@type\":\"SearchAction\",\"target\":{\"@type\":\"EntryPoint\",\"urlTemplate\":\"https:\/\/www.myvaldetravers.ch\/de\/?s={search_term_string}\"},\"query-input\":{\"@type\":\"PropertyValueSpecification\",\"valueRequired\":true,\"valueName\":\"search_term_string\"}}],\"inLanguage\":\"de\"}]}<\/script>\n<!-- \/ Yoast SEO plugin. -->","yoast_head_json":{"title":"Schokoladen-Degustation im Val-de-Travers","description":"Degustieren Sie die k\u00f6stlichen regionalen Schokoladespezialit\u00e4ten des Val-de-Travers in der Boutique von Go\u00fbt\u2009&\u2009R\u00e9gion im Bahnhof Noiraigue.","robots":{"index":"index","follow":"follow","max-snippet":"max-snippet:-1","max-image-preview":"max-image-preview:large","max-video-preview":"max-video-preview:-1"},"canonical":"https:\/\/www.myvaldetravers.ch\/de\/erlebnisse\/schokolade\/","og_locale":"de_DE","og_type":"article","og_title":"Schokoladen-Degustation im Val-de-Travers","og_description":"Degustieren Sie die k\u00f6stlichen regionalen Schokoladespezialit\u00e4ten des Val-de-Travers in der Boutique von Go\u00fbt\u2009&\u2009R\u00e9gion im Bahnhof Noiraigue.","og_url":"https:\/\/www.myvaldetravers.ch\/de\/erlebnisse\/schokolade\/","og_site_name":"Destination Val-de-Travers","article_publisher":"https:\/\/www.facebook.com\/DestinationValdeTravers\/","article_modified_time":"2025-06-18T12:51:24+00:00","og_image":[{"width":1024,"height":576,"url":"https:\/\/www.myvaldetravers.ch\/wp-content\/uploads\/2019\/04\/NOI_Boutique_Photos_Pablo_28.04.2014_10-1024x576.jpg","type":"image\/jpeg"}],"twitter_card":"summary_large_image","twitter_misc":{"Gesch\u00e4tzte Lesezeit":"1\u00a0Minute"},"schema":{"@context":"https:\/\/schema.org","@graph":[{"@type":"WebPage","@id":"https:\/\/www.myvaldetravers.ch\/de\/erlebnisse\/schokolade\/","url":"https:\/\/www.myvaldetravers.ch\/de\/erlebnisse\/schokolade\/","name":"Schokoladen-Degustation im Val-de-Travers","isPartOf":{"@id":"https:\/\/www.myvaldetravers.ch\/de\/#website"},"primaryImageOfPage":{"@id":"https:\/\/www.myvaldetravers.ch\/de\/erlebnisse\/schokolade\/#primaryimage"},"image":{"@id":"https:\/\/www.myvaldetravers.ch\/de\/erlebnisse\/schokolade\/#primaryimage"},"thumbnailUrl":"https:\/\/www.myvaldetravers.ch\/wp-content\/uploads\/2019\/04\/NOI_Boutique_Photos_Pablo_28.04.2014_10.jpg","datePublished":"2019-04-25T04:38:51+00:00","dateModified":"2025-06-18T12:51:24+00:00","description":"Degustieren Sie die k\u00f6stlichen regionalen Schokoladespezialit\u00e4ten des Val-de-Travers in der Boutique von Go\u00fbt\u2009&\u2009R\u00e9gion im Bahnhof Noiraigue.","breadcrumb":{"@id":"https:\/\/www.myvaldetravers.ch\/de\/erlebnisse\/schokolade\/#breadcrumb"},"inLanguage":"de","potentialAction":[{"@type":"ReadAction","target":["https:\/\/www.myvaldetravers.ch\/de\/erlebnisse\/schokolade\/"]}]},{"@type":"ImageObject","inLanguage":"de","@id":"https:\/\/www.myvaldetravers.ch\/de\/erlebnisse\/schokolade\/#primaryimage","url":"https:\/\/www.myvaldetravers.ch\/wp-content\/uploads\/2019\/04\/NOI_Boutique_Photos_Pablo_28.04.2014_10.jpg","contentUrl":"https:\/\/www.myvaldetravers.ch\/wp-content\/uploads\/2019\/04\/NOI_Boutique_Photos_Pablo_28.04.2014_10.jpg","width":6939,"height":3904,"caption":"Schokolade \/ Chocolat Val-de-travers"},{"@type":"BreadcrumbList","@id":"https:\/\/www.myvaldetravers.ch\/de\/erlebnisse\/schokolade\/#breadcrumb","itemListElement":[{"@type":"ListItem","position":1,"name":"Accueil","item":"https:\/\/www.myvaldetravers.ch\/de\/"},{"@type":"ListItem","position":2,"name":"Erlebnisse","item":"https:\/\/www.myvaldetravers.ch\/de\/erlebnisse\/"},{"@type":"ListItem","position":3,"name":"Schokoladen-Spezialit\u00e4ten des Val-de-Travers"}]},{"@type":"WebSite","@id":"https:\/\/www.myvaldetravers.ch\/de\/#website","url":"https:\/\/www.myvaldetravers.ch\/de\/","name":"Destination Val-de-Travers","description":"Il y a toujours quelque chose \u00e0 faire au Val-de-Travers.","potentialAction":[{"@type":"SearchAction","target":{"@type":"EntryPoint","urlTemplate":"https:\/\/www.myvaldetravers.ch\/de\/?s={search_term_string}"},"query-input":{"@type":"PropertyValueSpecification","valueRequired":true,"valueName":"search_term_string"}}],"inLanguage":"de"}]}},"_links":{"self":[{"href":"https:\/\/www.myvaldetravers.ch\/de\/wp-json\/wp\/v2\/pages\/2176"}],"collection":[{"href":"https:\/\/www.myvaldetravers.ch\/de\/wp-json\/wp\/v2\/pages"}],"about":[{"href":"https:\/\/www.myvaldetravers.ch\/de\/wp-json\/wp\/v2\/types\/page"}],"author":[{"embeddable":true,"href":"https:\/\/www.myvaldetravers.ch\/de\/wp-json\/wp\/v2\/users\/73"}],"replies":[{"embeddable":true,"href":"https:\/\/www.myvaldetravers.ch\/de\/wp-json\/wp\/v2\/comments?post=2176"}],"version-history":[{"count":10,"href":"https:\/\/www.myvaldetravers.ch\/de\/wp-json\/wp\/v2\/pages\/2176\/revisions"}],"predecessor-version":[{"id":14333,"href":"https:\/\/www.myvaldetravers.ch\/de\/wp-json\/wp\/v2\/pages\/2176\/revisions\/14333"}],"up":[{"embeddable":true,"href":"https:\/\/www.myvaldetravers.ch\/de\/wp-json\/wp\/v2\/pages\/2155"}],"wp:featuredmedia":[{"embeddable":true,"href":"https:\/\/www.myvaldetravers.ch\/de\/wp-json\/wp\/v2\/media\/1767"}],"wp:attachment":[{"href":"https:\/\/www.myvaldetravers.ch\/de\/wp-json\/wp\/v2\/media?parent=2176"}],"curies":[{"name":"wp","href":"https:\/\/api.w.org\/{rel}","templated":true}]}}