{"id":2178,"date":"2019-04-18T07:41:35","date_gmt":"2019-04-18T05:41:35","guid":{"rendered":"https:\/\/www.myvaldetravers.ch\/experiences\/absinthe\/"},"modified":"2025-07-30T13:59:16","modified_gmt":"2025-07-30T11:59:16","slug":"absinth-degustation","status":"publish","type":"page","link":"https:\/\/www.myvaldetravers.ch\/de\/absinth-degustation\/","title":{"rendered":"Absinth degustation"},"content":{"rendered":"<p>[vc_row css=&#8221;.vc_custom_1554128789554{margin-top: -0.3em !important;}&#8221;][vc_column width=&#8221;2\/3&#8243;][vc_column_text]Une fois troubl\u00e9e, l\u2019absinthe rend notre imagination fertile. Cette boisson a marqu\u00e9 le d\u00e9veloppement \u00e9conomique de la r\u00e9gion du Val-de-Travers depuis la fin du 18e si\u00e8cle.<\/p>\n<p>D\u00e9couvrez-en toutes les saveurs dans une distillerie et passez un moment privil\u00e9gi\u00e9 en compagnie de ces passionn\u00e9s. Ne manquez pas l&#8217;offre <a href=\"https:\/\/www.myvaldetravers.ch\/de\/100-women\/\" target=\"_blank\" rel=\"noopener\">100% Women<\/a> vous permettant de passer un moment privil\u00e9gi\u00e9 avec une distillatrice.[\/vc_column_text][\/vc_column][vc_column width=&#8221;1\/3&#8243; css=&#8221;.vc_custom_1554128972031{background-color: #f6f6f7 !important;}&#8221; el_class=&#8221;colonne-info-droite&#8221;][vc_column_text]<\/p>\n<h5><a href=\"https:\/\/www.myvaldetravers.ch\/de\/freizeitkarte\/\" target=\"_blank\" rel=\"noopener noreferrer\">FREIZEITKARTE VAL-DE-TRAVERS<\/a><\/h5>\n<p><strong>Inbegriffen in der\u00a0<a href=\"https:\/\/www.myvaldetravers.ch\/de\/freizeitkarte\/\" target=\"_blank\" rel=\"noopener noreferrer\">Freizeitkarte<\/a>:<\/strong><\/p>\n<p>Absinth-Degustation (2cl) oder ein alkoholfreies Getr\u00e4nk in den angegebenen Ort:<\/p>\n<ul>\n<li><a href=\"http:\/\/maison-absinthe.ch\/page.php?id=de12\" target=\"_blank\" rel=\"noopener noreferrer\">Museum Maison de l\u2019Absinthe, M\u00f4tiers<\/a><\/li>\n<li><a href=\"https:\/\/www.hotel-aigle.ch\/de\/kontakt\/\" target=\"_blank\" rel=\"noopener noreferrer\">H\u00f4tel de l\u2019Aigle, Couvet<\/a><\/li>\n<li><a href=\"http:\/\/www.gout-region.ch\/de\/\" target=\"_blank\" rel=\"noopener noreferrer\">Boutique de la gare de Noiraigue<\/a><\/li>\n<li><a href=\"http:\/\/hoteldeville-suisse.ch\/\" target=\"_blank\" rel=\"noopener noreferrer\">H\u00f4tel de Ville, Les Verri\u00e8res<\/a><\/li>\n<\/ul>\n<p>[\/vc_column_text][\/vc_column][\/vc_row][vc_row][vc_column][vc_column_text]<\/p>\n<h5>Verkostungen in einer Destillerie<\/h5>\n<p>Wenn Sie die T\u00fcr einer Brennerei \u00f6ffnen, treffen Sie leidenschaftliche Whisky-Liebhaber, h\u00f6ren Familiengeschichten und Geschichten aus dem Untergrund und probieren vor allem ein wohlschmeckendes und raffiniertes Getr\u00e4nk! Im Val-de-Travers gibt es zahlreiche Brennereien, die Sie besuchen k\u00f6nnen.[\/vc_column_text][vc_empty_space hide_on_mobile=&#8221;&#8221;][vc_row_inner][vc_column_inner width=&#8221;1\/3&#8243;][vc_column_text]<strong>Brennerei Artemisia, Couvet<\/strong><\/p>\n<p style=\"text-align: left;\">Wenn man Claude-Alain Bugnon fragt, warum er Destillateur geworden ist, antwortet er: &#8220;Warum nicht?&#8221;. Im Jahr 2004 teilte er seine T\u00e4tigkeit zwischen der \u00d6lindustrie und der Destillation von Absinth f\u00fcr den Export auf. Mit der Legalisierung des Absinths am 1. M\u00e4rz 2005 gab er schliesslich die \u00d6lindustrie auf, um sich seiner Brennerei zu widmen.<\/p>\n<p>Grande Rue 32a<br \/>\n2108 Couvet<br \/>\nT 032 863 36 46<br \/>\n<a href=\"mailto:info@absinthe-suisse.ch\" target=\"_blank\" rel=\"noopener\">info@absinthe-suisse.ch<\/a><br \/>\n<a href=\"https:\/\/absinthe-suisse.com\/fr\/absinthe-distillerie\/\" target=\"_blank\" rel=\"noopener\">www.absinthe-suisse.com<\/a>[\/vc_column_text][vc_single_image image=&#8221;8609&#8243;][\/vc_column_inner][vc_column_inner width=&#8221;1\/3&#8243;][vc_column_text]<strong>Brennerei Persoz, Couvet<\/strong><\/p>\n<p>Bei der Legalisierung des Absinths im Jahr 2005 treten nur M\u00e4nner aus dem Schatten. F\u00fcr Jean-Michel Persoz, Mitglied des Komitees f\u00fcr die Legalisierung, ist die Geschichte des Absinths seit jeher mit Frauen verbunden. In seiner Familie war es seine Gro\u00dfmutter Lucie, die heimlich destillierte. Nachdem er das Familienrezept geerbt hatte, beschloss er, die Fackel an seine Frau Gaudentia weiterzugeben. Sie wurde die erste legale Destillateurin der Schweiz und f\u00fchrt heute eine seit Generationen bestehende Familientradition fort.<\/p>\n<p>Rue Pierre Dubied 3<br \/>\n2108 Couvet<br \/>\nT 032 863 30 88<br \/>\n<a href=\"mailto:info@absinthelaptite.ch\">info@absinthelaptite.ch<\/a><br \/>\n<a href=\"https:\/\/www.absinthelaptite.ch\/\" target=\"_blank\" rel=\"noopener\">www.absinthelaptite.ch<\/a>[\/vc_column_text][vc_single_image image=&#8221;8619&#8243;][\/vc_column_inner][vc_column_inner width=&#8221;1\/3&#8243;][vc_column_text]<strong>Destillerie Martin La Valote, Boveresse<\/strong><\/p>\n<p>Philippe stammt aus einer Familie, in der sowohl die Frauen als auch die M\u00e4nner seit mehr oder weniger 100 Jahren destillieren. Wie er sagt, &#8220;bin ich als Kind ein bisschen hineingefallen&#8221;. Nachdem er seinem Vater bei Besichtigungen auf Deutsch und Englisch geholfen hatte, verliess er den multinationalen Konzern, in dem er arbeitete, und trat die Nachfolge seines Vaters an.<\/p>\n<p>Rue du Nessert 3<br \/>\n2108 Couvet<br \/>\nT 032 861 26 54<br \/>\n<a href=\"mailto:info@absinthe-originale.ch\">info@absinthe-originale.ch<\/a><br \/>\n<a href=\"https:\/\/www.absinthe-originale.ch\/absinthe-la-valote-martin-val-de-travers\/\" target=\"_blank\" rel=\"noopener\">www.absinthe-originale.ch<\/a>[\/vc_column_text][vc_single_image image=&#8221;8602&#8243;][\/vc_column_inner][\/vc_row_inner][vc_empty_space hide_on_mobile=&#8221;&#8221;][vc_row_inner][vc_column_inner width=&#8221;1\/3&#8243;][vc_column_text]<strong>Brennerei Bovet, M\u00f4tiers<\/strong><\/p>\n<p>Fran\u00e7oise hat die heimlichen Stunden ihres Vaters Willy Bovet miterlebt. Ab 2010 gab er sein Know-how geduldig an sie weiter. Die Absinthes werden handwerklich hergestellt, &#8220;vom Feld bis in die Flasche&#8221;, wie sie uns sagt. Einer der Destillierkolben aus der Zeit der Prohibition, der noch immer in Betrieb ist.<\/p>\n<p>Rue de la Gare 5<br \/>\n2112 M\u00f4tiers<br \/>\nT 032 861 25 02 \u2013 079 385 40 52<br \/>\n<a href=\"mailto:info@absinte-bovet.ch\">info@absinte-bovet.ch<\/a><br \/>\n<a href=\"https:\/\/absinthe-bovet.ch\/\" target=\"_blank\" rel=\"noopener\">www.absinthe-bovet.ch<\/a>[\/vc_column_text][vc_single_image image=&#8221;8607&#8243;][\/vc_column_inner][vc_column_inner width=&#8221;1\/3&#8243;][vc_column_text]<strong>Brennerei &#8220;Celle \u00e0 Guilloud&#8221;, Fleurier<\/strong><\/p>\n<p>Aus Leidenschaft und durch die Sch\u00f6nheiten des Zufalls wurde Pierre-Andr\u00e9 Matthey zum Destillateur. Er kannte Daniel Guilloud, der ihn auf einer Terrasse fragte: &#8220;Wie geht es dir?&#8221;, worauf Pierre-Andr\u00e9 antwortete: &#8220;Eines Tages werde ich dein Gesch\u00e4ft kaufen&#8221;. Guillouds Antwort lautete: &#8220;Es steht zum Verkauf&#8221;.<\/p>\n<p>Grande Rue 29<br \/>\n2114 Fleurier<br \/>\nT 079 568 52 35<br \/>\n<a href=\"mailto:daniel.guilloud@bluewin.ch\" target=\"_blank\" rel=\"noopener\">daniel.guilloud@bluewin.ch<\/a><br \/>\n<a href=\"https:\/\/www.absinthecelleaguilloud.ch\/\" target=\"_blank\" rel=\"noopener\">www.absinthecelleaguilloud.ch<\/a>[\/vc_column_text][vc_single_image image=&#8221;10610&#8243;][\/vc_column_inner][vc_column_inner width=&#8221;1\/3&#8243;][vc_column_text]<strong>Distillerie Stillerie, Fleurier<\/strong><\/p>\n<p>Die Geschichte beginnt an der Quelle&#8230; Ein Brunnen, drei Freunde und eine Leidenschaft: Absinth!<\/p>\n<p>In einem Gespr\u00e4ch wurde ihnen ihr erstes Rezept \u00fcberreicht, die erste Zutat f\u00fcr das Abenteuer, das uns ins Land der Feen f\u00fchren sollte. Einige Jahre und Versuche sp\u00e4ter haben sie das Rezept, aus dem sp\u00e4ter der Clairvoyante wurde, angepasst und verfeinert und einen zweiten Absinth kreiert: die Dame blanche.<\/p>\n<p>Rue du Grenier 11A<br \/>\nCH-2114 Fleurier<br \/>\n<a href=\"mailto:info@distilleriestillerie.ch\">info@distilleriestillerie.ch<\/a><br \/>\n<a href=\"https:\/\/distilleriestillerie.ch\/\" target=\"_blank\" rel=\"noopener\">www.distilleriestillerie.ch<\/a>[\/vc_column_text][vc_single_image image=&#8221;10581&#8243;][\/vc_column_inner][\/vc_row_inner][\/vc_column][\/vc_row][vc_row][vc_column][vc_column_text][\/vc_column_text][vc_separator]<div class=\"cq-dagallery-container\" style=\"width:100%;margin:0 auto;\"><ul class=\"cq-dagallery\" data-gallerywidth=\"100%\" data-width=\"270\" data-height=\"\" data-color=\"#ffffff\" data-background=\"#00bfff\" data-opacity=\"0.8\"><li class=\"\" data-width=\"270\" data-height=\"\" data-margin=\"10px\" style=\"margin:10px\"><a class=\"normal\" href=\"https:\/\/www.myvaldetravers.ch\/wp-content\/uploads\/2019\/04\/Mabs_Fontaine_Louis_GPE7281_PRINCIP.jpg\" rel=\"217865\"><img src='https:\/\/www.myvaldetravers.ch\/wp-content\/uploads\/2019\/04\/Mabs_Fontaine_Louis_GPE7281_PRINCIP-270x152.jpg' width='270' height='' \/><\/a><div class=\"dagallery-info\" style=\"padding:20px;color:#ffffff;background-color:#00bfff\"><\/div><\/li><li class=\"\" data-width=\"270\" data-height=\"\" data-margin=\"10px\" style=\"margin:10px\"><a class=\"normal\" href=\"https:\/\/www.myvaldetravers.ch\/wp-content\/uploads\/2019\/04\/Mabs_Fotos2019_alambic_distillateur.jpg\" rel=\"217865\"><img src='https:\/\/www.myvaldetravers.ch\/wp-content\/uploads\/2019\/04\/Mabs_Fotos2019_alambic_distillateur-270x152.jpg' width='270' height='' \/><\/a><div class=\"dagallery-info\" style=\"padding:20px;color:#ffffff;background-color:#00bfff\"><\/div><\/li><li class=\"\" data-width=\"270\" data-height=\"\" data-margin=\"10px\" style=\"margin:10px\"><a class=\"normal\" href=\"https:\/\/www.myvaldetravers.ch\/wp-content\/uploads\/2019\/04\/Mabs_Fotos2019_MG_3485.jpg\" rel=\"217865\"><img src='https:\/\/www.myvaldetravers.ch\/wp-content\/uploads\/2019\/04\/Mabs_Fotos2019_MG_3485-270x152.jpg' width='270' height='' \/><\/a><div class=\"dagallery-info\" style=\"padding:20px;color:#ffffff;background-color:#00bfff\"><\/div><\/li><li class=\"\" data-width=\"270\" data-height=\"\" data-margin=\"10px\" style=\"margin:10px\"><a class=\"normal\" href=\"https:\/\/www.myvaldetravers.ch\/wp-content\/uploads\/2019\/04\/Mabs_Fotos2019_MG_3775.jpg\" rel=\"217865\"><img src='https:\/\/www.myvaldetravers.ch\/wp-content\/uploads\/2019\/04\/Mabs_Fotos2019_MG_3775-270x152.jpg' width='270' height='' \/><\/a><div class=\"dagallery-info\" style=\"padding:20px;color:#ffffff;background-color:#00bfff\"><\/div><\/li><li class=\"\" data-width=\"270\" data-height=\"\" data-margin=\"10px\" style=\"margin:10px\"><a class=\"normal\" href=\"https:\/\/www.myvaldetravers.ch\/wp-content\/uploads\/2019\/04\/Mabs_Fotos2019_MG_3854.jpg\" rel=\"217865\"><img src='https:\/\/www.myvaldetravers.ch\/wp-content\/uploads\/2019\/04\/Mabs_Fotos2019_MG_3854-270x152.jpg' width='270' height='' \/><\/a><div class=\"dagallery-info\" style=\"padding:20px;color:#ffffff;background-color:#00bfff\"><\/div><\/li><li class=\"\" data-width=\"270\" data-height=\"\" data-margin=\"10px\" style=\"margin:10px\"><a class=\"normal\" href=\"https:\/\/www.myvaldetravers.ch\/wp-content\/uploads\/2019\/04\/p298552_819993372_4.jpg\" rel=\"217865\"><img src='https:\/\/www.myvaldetravers.ch\/wp-content\/uploads\/2019\/04\/p298552_819993372_4-270x180.jpg' width='270' height='' \/><\/a><div class=\"dagallery-info\" style=\"padding:20px;color:#ffffff;background-color:#00bfff\"><\/div><\/li><\/ul><\/div>[\/vc_column][\/vc_row]<\/p>\n","protected":false},"excerpt":{"rendered":"<p>[vc_row css=&#8221;.vc_custom_1554128789554{margin-top: -0.3em !important;}&#8221;][vc_column width=&#8221;2\/3&#8243;][vc_column_text]Une fois troubl\u00e9e, l\u2019absinthe rend notre imagination fertile. Cette boisson a marqu\u00e9 le d\u00e9veloppement \u00e9conomique de la r\u00e9gion du Val-de-Travers depuis la fin du 18e si\u00e8cle.&hellip;<\/p>\n","protected":false},"author":73,"featured_media":8614,"parent":0,"menu_order":0,"comment_status":"closed","ping_status":"closed","template":"","meta":{"footnotes":""},"yoast_head":"<!-- This site is optimized with the Yoast SEO plugin v23.5 - https:\/\/yoast.com\/wordpress\/plugins\/seo\/ -->\n<title>Absinth-Degustation im Val-de-Travers<\/title>\n<meta name=\"description\" content=\"Entdecken Sie den vollen Geschmack der gr\u00fcnen Fee, des Absinth, in den Restaurants, Caf\u00e9s und Boutiquen des Val-de-Travers.\" \/>\n<meta name=\"robots\" content=\"index, follow, max-snippet:-1, max-image-preview:large, max-video-preview:-1\" \/>\n<link rel=\"canonical\" href=\"https:\/\/www.myvaldetravers.ch\/de\/absinth-degustation\/\" \/>\n<meta property=\"og:locale\" content=\"de_DE\" \/>\n<meta property=\"og:type\" content=\"article\" \/>\n<meta property=\"og:title\" content=\"Absinth-Degustation im Val-de-Travers\" \/>\n<meta property=\"og:description\" content=\"Entdecken Sie den vollen Geschmack der gr\u00fcnen Fee, des Absinth, in den Restaurants, Caf\u00e9s und Boutiquen des Val-de-Travers.\" \/>\n<meta property=\"og:url\" content=\"https:\/\/www.myvaldetravers.ch\/de\/absinth-degustation\/\" \/>\n<meta property=\"og:site_name\" content=\"Destination Val-de-Travers\" \/>\n<meta property=\"article:publisher\" content=\"https:\/\/www.facebook.com\/DestinationValdeTravers\/\" \/>\n<meta property=\"article:modified_time\" content=\"2025-07-30T11:59:16+00:00\" \/>\n<meta property=\"og:image\" content=\"https:\/\/www.myvaldetravers.ch\/wp-content\/uploads\/2022\/05\/Desti_VDT_LR-HX6F0272.jpg\" \/>\n\t<meta property=\"og:image:width\" content=\"2000\" \/>\n\t<meta property=\"og:image:height\" content=\"1333\" \/>\n\t<meta property=\"og:image:type\" content=\"image\/jpeg\" \/>\n<meta name=\"twitter:card\" content=\"summary_large_image\" \/>\n<meta name=\"twitter:label1\" content=\"Gesch\u00e4tzte Lesezeit\" \/>\n\t<meta name=\"twitter:data1\" content=\"6\u00a0Minuten\" \/>\n<script type=\"application\/ld+json\" class=\"yoast-schema-graph\">{\"@context\":\"https:\/\/schema.org\",\"@graph\":[{\"@type\":\"WebPage\",\"@id\":\"https:\/\/www.myvaldetravers.ch\/de\/absinth-degustation\/\",\"url\":\"https:\/\/www.myvaldetravers.ch\/de\/absinth-degustation\/\",\"name\":\"Absinth-Degustation im Val-de-Travers\",\"isPartOf\":{\"@id\":\"https:\/\/www.myvaldetravers.ch\/de\/#website\"},\"primaryImageOfPage\":{\"@id\":\"https:\/\/www.myvaldetravers.ch\/de\/absinth-degustation\/#primaryimage\"},\"image\":{\"@id\":\"https:\/\/www.myvaldetravers.ch\/de\/absinth-degustation\/#primaryimage\"},\"thumbnailUrl\":\"https:\/\/www.myvaldetravers.ch\/wp-content\/uploads\/2022\/05\/Desti_VDT_LR-HX6F0272.jpg\",\"datePublished\":\"2019-04-18T05:41:35+00:00\",\"dateModified\":\"2025-07-30T11:59:16+00:00\",\"description\":\"Entdecken Sie den vollen Geschmack der gr\u00fcnen Fee, des Absinth, in den Restaurants, Caf\u00e9s und Boutiquen des Val-de-Travers.\",\"breadcrumb\":{\"@id\":\"https:\/\/www.myvaldetravers.ch\/de\/absinth-degustation\/#breadcrumb\"},\"inLanguage\":\"de\",\"potentialAction\":[{\"@type\":\"ReadAction\",\"target\":[\"https:\/\/www.myvaldetravers.ch\/de\/absinth-degustation\/\"]}]},{\"@type\":\"ImageObject\",\"inLanguage\":\"de\",\"@id\":\"https:\/\/www.myvaldetravers.ch\/de\/absinth-degustation\/#primaryimage\",\"url\":\"https:\/\/www.myvaldetravers.ch\/wp-content\/uploads\/2022\/05\/Desti_VDT_LR-HX6F0272.jpg\",\"contentUrl\":\"https:\/\/www.myvaldetravers.ch\/wp-content\/uploads\/2022\/05\/Desti_VDT_LR-HX6F0272.jpg\",\"width\":2000,\"height\":1333},{\"@type\":\"BreadcrumbList\",\"@id\":\"https:\/\/www.myvaldetravers.ch\/de\/absinth-degustation\/#breadcrumb\",\"itemListElement\":[{\"@type\":\"ListItem\",\"position\":1,\"name\":\"Accueil\",\"item\":\"https:\/\/www.myvaldetravers.ch\/de\/\"},{\"@type\":\"ListItem\",\"position\":2,\"name\":\"Absinth degustation\"}]},{\"@type\":\"WebSite\",\"@id\":\"https:\/\/www.myvaldetravers.ch\/de\/#website\",\"url\":\"https:\/\/www.myvaldetravers.ch\/de\/\",\"name\":\"Destination Val-de-Travers\",\"description\":\"Il y a toujours quelque chose \u00e0 faire au Val-de-Travers.\",\"potentialAction\":[{\"@type\":\"SearchAction\",\"target\":{\"@type\":\"EntryPoint\",\"urlTemplate\":\"https:\/\/www.myvaldetravers.ch\/de\/?s={search_term_string}\"},\"query-input\":{\"@type\":\"PropertyValueSpecification\",\"valueRequired\":true,\"valueName\":\"search_term_string\"}}],\"inLanguage\":\"de\"}]}<\/script>\n<!-- \/ Yoast SEO plugin. -->","yoast_head_json":{"title":"Absinth-Degustation im Val-de-Travers","description":"Entdecken Sie den vollen Geschmack der gr\u00fcnen Fee, des Absinth, in den Restaurants, Caf\u00e9s und Boutiquen des Val-de-Travers.","robots":{"index":"index","follow":"follow","max-snippet":"max-snippet:-1","max-image-preview":"max-image-preview:large","max-video-preview":"max-video-preview:-1"},"canonical":"https:\/\/www.myvaldetravers.ch\/de\/absinth-degustation\/","og_locale":"de_DE","og_type":"article","og_title":"Absinth-Degustation im Val-de-Travers","og_description":"Entdecken Sie den vollen Geschmack der gr\u00fcnen Fee, des Absinth, in den Restaurants, Caf\u00e9s und Boutiquen des Val-de-Travers.","og_url":"https:\/\/www.myvaldetravers.ch\/de\/absinth-degustation\/","og_site_name":"Destination Val-de-Travers","article_publisher":"https:\/\/www.facebook.com\/DestinationValdeTravers\/","article_modified_time":"2025-07-30T11:59:16+00:00","og_image":[{"width":2000,"height":1333,"url":"https:\/\/www.myvaldetravers.ch\/wp-content\/uploads\/2022\/05\/Desti_VDT_LR-HX6F0272.jpg","type":"image\/jpeg"}],"twitter_card":"summary_large_image","twitter_misc":{"Gesch\u00e4tzte Lesezeit":"6\u00a0Minuten"},"schema":{"@context":"https:\/\/schema.org","@graph":[{"@type":"WebPage","@id":"https:\/\/www.myvaldetravers.ch\/de\/absinth-degustation\/","url":"https:\/\/www.myvaldetravers.ch\/de\/absinth-degustation\/","name":"Absinth-Degustation im Val-de-Travers","isPartOf":{"@id":"https:\/\/www.myvaldetravers.ch\/de\/#website"},"primaryImageOfPage":{"@id":"https:\/\/www.myvaldetravers.ch\/de\/absinth-degustation\/#primaryimage"},"image":{"@id":"https:\/\/www.myvaldetravers.ch\/de\/absinth-degustation\/#primaryimage"},"thumbnailUrl":"https:\/\/www.myvaldetravers.ch\/wp-content\/uploads\/2022\/05\/Desti_VDT_LR-HX6F0272.jpg","datePublished":"2019-04-18T05:41:35+00:00","dateModified":"2025-07-30T11:59:16+00:00","description":"Entdecken Sie den vollen Geschmack der gr\u00fcnen Fee, des Absinth, in den Restaurants, Caf\u00e9s und Boutiquen des Val-de-Travers.","breadcrumb":{"@id":"https:\/\/www.myvaldetravers.ch\/de\/absinth-degustation\/#breadcrumb"},"inLanguage":"de","potentialAction":[{"@type":"ReadAction","target":["https:\/\/www.myvaldetravers.ch\/de\/absinth-degustation\/"]}]},{"@type":"ImageObject","inLanguage":"de","@id":"https:\/\/www.myvaldetravers.ch\/de\/absinth-degustation\/#primaryimage","url":"https:\/\/www.myvaldetravers.ch\/wp-content\/uploads\/2022\/05\/Desti_VDT_LR-HX6F0272.jpg","contentUrl":"https:\/\/www.myvaldetravers.ch\/wp-content\/uploads\/2022\/05\/Desti_VDT_LR-HX6F0272.jpg","width":2000,"height":1333},{"@type":"BreadcrumbList","@id":"https:\/\/www.myvaldetravers.ch\/de\/absinth-degustation\/#breadcrumb","itemListElement":[{"@type":"ListItem","position":1,"name":"Accueil","item":"https:\/\/www.myvaldetravers.ch\/de\/"},{"@type":"ListItem","position":2,"name":"Absinth degustation"}]},{"@type":"WebSite","@id":"https:\/\/www.myvaldetravers.ch\/de\/#website","url":"https:\/\/www.myvaldetravers.ch\/de\/","name":"Destination Val-de-Travers","description":"Il y a toujours quelque chose \u00e0 faire au Val-de-Travers.","potentialAction":[{"@type":"SearchAction","target":{"@type":"EntryPoint","urlTemplate":"https:\/\/www.myvaldetravers.ch\/de\/?s={search_term_string}"},"query-input":{"@type":"PropertyValueSpecification","valueRequired":true,"valueName":"search_term_string"}}],"inLanguage":"de"}]}},"_links":{"self":[{"href":"https:\/\/www.myvaldetravers.ch\/de\/wp-json\/wp\/v2\/pages\/2178"}],"collection":[{"href":"https:\/\/www.myvaldetravers.ch\/de\/wp-json\/wp\/v2\/pages"}],"about":[{"href":"https:\/\/www.myvaldetravers.ch\/de\/wp-json\/wp\/v2\/types\/page"}],"author":[{"embeddable":true,"href":"https:\/\/www.myvaldetravers.ch\/de\/wp-json\/wp\/v2\/users\/73"}],"replies":[{"embeddable":true,"href":"https:\/\/www.myvaldetravers.ch\/de\/wp-json\/wp\/v2\/comments?post=2178"}],"version-history":[{"count":21,"href":"https:\/\/www.myvaldetravers.ch\/de\/wp-json\/wp\/v2\/pages\/2178\/revisions"}],"predecessor-version":[{"id":14433,"href":"https:\/\/www.myvaldetravers.ch\/de\/wp-json\/wp\/v2\/pages\/2178\/revisions\/14433"}],"wp:featuredmedia":[{"embeddable":true,"href":"https:\/\/www.myvaldetravers.ch\/de\/wp-json\/wp\/v2\/media\/8614"}],"wp:attachment":[{"href":"https:\/\/www.myvaldetravers.ch\/de\/wp-json\/wp\/v2\/media?parent=2178"}],"curies":[{"name":"wp","href":"https:\/\/api.w.org\/{rel}","templated":true}]}}