{"id":2179,"date":"2019-04-29T12:44:07","date_gmt":"2019-04-29T10:44:07","guid":{"rendered":"https:\/\/www.myvaldetravers.ch\/experiences\/hebergements\/"},"modified":"2019-05-24T14:20:27","modified_gmt":"2019-05-24T12:20:27","slug":"unterkunft-im-val-de-travers","status":"publish","type":"page","link":"https:\/\/www.myvaldetravers.ch\/de\/erlebnisse\/unterkunft-im-val-de-travers\/","title":{"rendered":"UNTERKUNFT IM VAL-DE-TRAVERS"},"content":{"rendered":"<p>[vc_row css=&#8221;.vc_custom_1554128789554{margin-top: -0.3em !important;}&#8221;][vc_column width=&#8221;2\/3&#8243;][vc_column_text css=&#8221;.vc_custom_1558699482888{border-radius: 5px !important;}&#8221;]Das Unterkunftsnetz des Val-de-Travers befindet sich in voller Entwicklung.<br \/>\nNachfolgend finden Sie die Mitglieder von Destination Val-de-Travers.<\/p>\n<p>Weitere Hotels im Val-de-Travers finden Sie bei <a href=\"https:\/\/www.j3l.ch\/fr\/\" target=\"_blank\" rel=\"noopener noreferrer\">Tourisme neuch\u00e2telois.\u00a0<\/a><\/p>\n<table width=\"575\">\n<tbody>\n<tr>\n<td width=\"575\">\n<h6>H\u00d4TEL DE VILLE LES VERRI\u00c8RES<\/h6>\n<p>Croix Blanche 48<br \/>\n2126 Les Verri\u00e8res<br \/>\nT 032 866 10 00<br \/>\n<a href=\"mailto:hoteldeville-lesverrieres@bluewin.ch\" target=\"_blank\" rel=\"noopener noreferrer\">hoteldeville-lesverrieres@bluewin.ch<\/a><br \/>\n<a href=\"http:\/\/www.hoteldeville-lesverrieres.ch\" target=\"_blank\" rel=\"noopener noreferrer\">www.hoteldeville-lesverrieres.ch<\/a><\/td>\n<\/tr>\n<tr>\n<td width=\"575\">\n<h6>H\u00d4TEL DE L\u2019AIGLE<\/h6>\n<p>Grande Rue 27<br \/>\n2108 Couvet<br \/>\nT 032 864 90 50<br \/>\n<a href=\"mailto:info@gout-region.ch\" target=\"_blank\" rel=\"noopener noreferrer\">info@gout-region.ch<\/a><br \/>\n<a href=\"http:\/\/www.hotel-aigle.ch\" target=\"_blank\" rel=\"noopener noreferrer\">www.hotel-aigle.ch<\/a><\/td>\n<\/tr>\n<tr>\n<td width=\"575\">\n<h6>H\u00d4TEL-RESTAURANT DE LA POSTE<\/h6>\n<p>2117 La C\u00f4te-aux-F\u00e9es<br \/>\nT 032 865 10 94<br \/>\n<a href=\"mailto:restaurant-guenat@bluewin.ch\" target=\"_blank\" rel=\"noopener noreferrer\">restaurant-guenat@bluewin.ch<\/a><br \/>\n<a href=\"http:\/\/www.restaurant-guenat.ch\" target=\"_blank\" rel=\"noopener noreferrer\">www.restaurant-guenat.ch<\/a><\/td>\n<\/tr>\n<tr>\n<td width=\"575\">\n<h6>\u00c0 C\u00d4T\u00c9, CHAMBRES D&#8217;H\u00d4TES<\/h6>\n<p>G\u00e9rard B\u00e9tant<br \/>\nrue Centrale 8<br \/>\n2112 M\u00f4tiers<br \/>\nT 079 240 13 13<\/td>\n<\/tr>\n<tr>\n<td width=\"575\">\n<h6>CENTRE SPORTIF REGIONAL DU VAL-DE-TRAVERS<\/h6>\n<p>Clos-Pury 15<br \/>\n2108 Couvet<br \/>\nT 032 889 69 19<br \/>\n<a href=\"mailto:centresportif.vdt@ne.ch\" target=\"_blank\" rel=\"noopener noreferrer\">centresportif.vdt@ne.ch<\/a><br \/>\n<a href=\"http:\/\/www.centresportif-vdt.ch\" target=\"_blank\" rel=\"noopener noreferrer\">www.centresportif-vdt.ch<\/a><\/td>\n<\/tr>\n<tr>\n<td width=\"575\">\n<h6>B&amp;B VILLA MONCALME<\/h6>\n<p>Jean-Paul Beuret<br \/>\nLes Ligni\u00e8res 16<br \/>\n2105 Travers<br \/>\nT 079 563 22 78<br \/>\n<a href=\"mailto:info@villamoncalme.ch\" target=\"_blank\" rel=\"noopener noreferrer\">info@villamoncalme.ch<\/a><br \/>\n<a href=\"http:\/\/www.villamoncalme.ch\" target=\"_blank\" rel=\"noopener noreferrer\">www.villamoncalme.ch<\/a><\/td>\n<\/tr>\n<tr>\n<td width=\"575\">\n<h6>H\u00d4TEL-GRILL LE CR\u00caT DE L&#8217;ANNEAU<\/h6>\n<p>2105 Travers<br \/>\nT 032 863 11 11<br \/>\n<a href=\"mailto:info@hotel-grill-le-cret.ch\" target=\"_blank\" rel=\"noopener noreferrer\">info@hotel-grill-le-cret.ch<\/a><br \/>\n<a href=\"http:\/\/www.hotel-grill-le-cret.ch\" target=\"_blank\" rel=\"noopener noreferrer\">www.hotel-grill-le-cret.ch<\/a><\/td>\n<\/tr>\n<\/tbody>\n<\/table>\n<p>[\/vc_column_text][\/vc_column][vc_column width=&#8221;1\/3&#8243; css=&#8221;.vc_custom_1554128972031{background-color: #f6f6f7 !important;}&#8221; el_class=&#8221;colonne-info-droite&#8221;][vc_column_text]<\/p>\n<h5><strong><a href=\"https:\/\/www.myvaldetravers.ch\/de\/freizeitkarte\/\">Freizeitkarte Val-de-Travers<\/a><\/strong><\/h5>\n<p><strong>Inbegriffen in der <\/strong><strong><a href=\"https:\/\/www.myvaldetravers.ch\/de\/freizeitkarte\/\">Freizeitkarte<\/a><\/strong><strong>:<\/strong><\/p>\n<p><strong>Zwei Tage mit einer \u00dcbernachtung<\/strong><\/p>\n<ul>\n<li>Nehmen Sie unsere Dienstleistung 2 Tage\u00a0in Anspruch;\u00a0Unterkunft \u00abbudget\u00bb im Doppelzimmer mit Fr\u00fchst\u00fcck<br \/>\nCHF 114.00<\/li>\n<li>Zuschlag f\u00fcr \u00dcbernachtung im Hotel*** vor Ort zu bezahlen<br \/>\nCHF 40.00<\/li>\n<li>Die Unterkunft der Kinder wird vor Ort und nach Tarifen des jeweiligen Anbieters geregelts.<\/li>\n<\/ul>\n<p>[\/vc_column_text][\/vc_column][\/vc_row][vc_row][vc_column][vc_column_text][\/vc_column_text][vc_separator]<div class=\"cq-dagallery-container\" style=\"width:100%;margin:0 auto;\"><ul class=\"cq-dagallery\" data-gallerywidth=\"100%\" data-width=\"270\" data-height=\"\" data-color=\"#ffffff\" data-background=\"#00bfff\" data-opacity=\"0.8\"><\/ul><\/div>[\/vc_column][\/vc_row]<\/p>\n","protected":false},"excerpt":{"rendered":"<p>[vc_row css=&#8221;.vc_custom_1554128789554{margin-top: -0.3em !important;}&#8221;][vc_column width=&#8221;2\/3&#8243;][vc_column_text css=&#8221;.vc_custom_1558699482888{border-radius: 5px !important;}&#8221;]Das Unterkunftsnetz des Val-de-Travers befindet sich in voller Entwicklung. Nachfolgend finden Sie die Mitglieder von Destination Val-de-Travers. Weitere Hotels im Val-de-Travers finden Sie&hellip;<\/p>\n","protected":false},"author":73,"featured_media":1877,"parent":2155,"menu_order":0,"comment_status":"closed","ping_status":"closed","template":"","meta":{"footnotes":""},"yoast_head":"<!-- This site is optimized with the Yoast SEO plugin v23.5 - https:\/\/yoast.com\/wordpress\/plugins\/seo\/ -->\n<title>UNTERKUNFT IM VAL-DE-TRAVERS - Destination Val-de-Travers<\/title>\n<meta name=\"robots\" content=\"index, follow, max-snippet:-1, max-image-preview:large, max-video-preview:-1\" \/>\n<link rel=\"canonical\" href=\"https:\/\/www.myvaldetravers.ch\/de\/erlebnisse\/unterkunft-im-val-de-travers\/\" \/>\n<meta property=\"og:locale\" content=\"de_DE\" \/>\n<meta property=\"og:type\" content=\"article\" \/>\n<meta property=\"og:title\" content=\"UNTERKUNFT IM VAL-DE-TRAVERS - Destination Val-de-Travers\" \/>\n<meta property=\"og:description\" content=\"[vc_row css=&#8221;.vc_custom_1554128789554{margin-top: -0.3em !important;}&#8221;][vc_column width=&#8221;2\/3&#8243;][vc_column_text css=&#8221;.vc_custom_1558699482888{border-radius: 5px !important;}&#8221;]Das Unterkunftsnetz des Val-de-Travers befindet sich in voller Entwicklung. Nachfolgend finden Sie die Mitglieder von Destination Val-de-Travers. Weitere Hotels im Val-de-Travers finden Sie&hellip;\" \/>\n<meta property=\"og:url\" content=\"https:\/\/www.myvaldetravers.ch\/de\/erlebnisse\/unterkunft-im-val-de-travers\/\" \/>\n<meta property=\"og:site_name\" content=\"Destination Val-de-Travers\" \/>\n<meta property=\"article:publisher\" content=\"https:\/\/www.facebook.com\/DestinationValdeTravers\/\" \/>\n<meta property=\"article:modified_time\" content=\"2019-05-24T12:20:27+00:00\" \/>\n<meta property=\"og:image\" content=\"https:\/\/www.myvaldetravers.ch\/wp-content\/uploads\/2019\/04\/Val-de-Travers-Grand-\u00e9cran.jpg\" \/>\n\t<meta property=\"og:image:width\" content=\"799\" \/>\n\t<meta property=\"og:image:height\" content=\"450\" \/>\n\t<meta property=\"og:image:type\" content=\"image\/jpeg\" \/>\n<meta name=\"twitter:card\" content=\"summary_large_image\" \/>\n<meta name=\"twitter:label1\" content=\"Gesch\u00e4tzte Lesezeit\" \/>\n\t<meta name=\"twitter:data1\" content=\"1\u00a0Minute\" \/>\n<script type=\"application\/ld+json\" class=\"yoast-schema-graph\">{\"@context\":\"https:\/\/schema.org\",\"@graph\":[{\"@type\":\"WebPage\",\"@id\":\"https:\/\/www.myvaldetravers.ch\/de\/erlebnisse\/unterkunft-im-val-de-travers\/\",\"url\":\"https:\/\/www.myvaldetravers.ch\/de\/erlebnisse\/unterkunft-im-val-de-travers\/\",\"name\":\"UNTERKUNFT IM VAL-DE-TRAVERS - Destination Val-de-Travers\",\"isPartOf\":{\"@id\":\"https:\/\/www.myvaldetravers.ch\/de\/#website\"},\"primaryImageOfPage\":{\"@id\":\"https:\/\/www.myvaldetravers.ch\/de\/erlebnisse\/unterkunft-im-val-de-travers\/#primaryimage\"},\"image\":{\"@id\":\"https:\/\/www.myvaldetravers.ch\/de\/erlebnisse\/unterkunft-im-val-de-travers\/#primaryimage\"},\"thumbnailUrl\":\"https:\/\/www.myvaldetravers.ch\/wp-content\/uploads\/2019\/04\/Val-de-Travers-Grand-\u00e9cran.jpg\",\"datePublished\":\"2019-04-29T10:44:07+00:00\",\"dateModified\":\"2019-05-24T12:20:27+00:00\",\"breadcrumb\":{\"@id\":\"https:\/\/www.myvaldetravers.ch\/de\/erlebnisse\/unterkunft-im-val-de-travers\/#breadcrumb\"},\"inLanguage\":\"de\",\"potentialAction\":[{\"@type\":\"ReadAction\",\"target\":[\"https:\/\/www.myvaldetravers.ch\/de\/erlebnisse\/unterkunft-im-val-de-travers\/\"]}]},{\"@type\":\"ImageObject\",\"inLanguage\":\"de\",\"@id\":\"https:\/\/www.myvaldetravers.ch\/de\/erlebnisse\/unterkunft-im-val-de-travers\/#primaryimage\",\"url\":\"https:\/\/www.myvaldetravers.ch\/wp-content\/uploads\/2019\/04\/Val-de-Travers-Grand-\u00e9cran.jpg\",\"contentUrl\":\"https:\/\/www.myvaldetravers.ch\/wp-content\/uploads\/2019\/04\/Val-de-Travers-Grand-\u00e9cran.jpg\",\"width\":799,\"height\":450,\"caption\":\"Val-de-Travers\"},{\"@type\":\"BreadcrumbList\",\"@id\":\"https:\/\/www.myvaldetravers.ch\/de\/erlebnisse\/unterkunft-im-val-de-travers\/#breadcrumb\",\"itemListElement\":[{\"@type\":\"ListItem\",\"position\":1,\"name\":\"Accueil\",\"item\":\"https:\/\/www.myvaldetravers.ch\/de\/\"},{\"@type\":\"ListItem\",\"position\":2,\"name\":\"Erlebnisse\",\"item\":\"https:\/\/www.myvaldetravers.ch\/de\/erlebnisse\/\"},{\"@type\":\"ListItem\",\"position\":3,\"name\":\"UNTERKUNFT IM VAL-DE-TRAVERS\"}]},{\"@type\":\"WebSite\",\"@id\":\"https:\/\/www.myvaldetravers.ch\/de\/#website\",\"url\":\"https:\/\/www.myvaldetravers.ch\/de\/\",\"name\":\"Destination Val-de-Travers\",\"description\":\"Il y a toujours quelque chose \u00e0 faire au Val-de-Travers.\",\"potentialAction\":[{\"@type\":\"SearchAction\",\"target\":{\"@type\":\"EntryPoint\",\"urlTemplate\":\"https:\/\/www.myvaldetravers.ch\/de\/?s={search_term_string}\"},\"query-input\":{\"@type\":\"PropertyValueSpecification\",\"valueRequired\":true,\"valueName\":\"search_term_string\"}}],\"inLanguage\":\"de\"}]}<\/script>\n<!-- \/ Yoast SEO plugin. -->","yoast_head_json":{"title":"UNTERKUNFT IM VAL-DE-TRAVERS - Destination Val-de-Travers","robots":{"index":"index","follow":"follow","max-snippet":"max-snippet:-1","max-image-preview":"max-image-preview:large","max-video-preview":"max-video-preview:-1"},"canonical":"https:\/\/www.myvaldetravers.ch\/de\/erlebnisse\/unterkunft-im-val-de-travers\/","og_locale":"de_DE","og_type":"article","og_title":"UNTERKUNFT IM VAL-DE-TRAVERS - Destination Val-de-Travers","og_description":"[vc_row css=&#8221;.vc_custom_1554128789554{margin-top: -0.3em !important;}&#8221;][vc_column width=&#8221;2\/3&#8243;][vc_column_text css=&#8221;.vc_custom_1558699482888{border-radius: 5px !important;}&#8221;]Das Unterkunftsnetz des Val-de-Travers befindet sich in voller Entwicklung. Nachfolgend finden Sie die Mitglieder von Destination Val-de-Travers. Weitere Hotels im Val-de-Travers finden Sie&hellip;","og_url":"https:\/\/www.myvaldetravers.ch\/de\/erlebnisse\/unterkunft-im-val-de-travers\/","og_site_name":"Destination Val-de-Travers","article_publisher":"https:\/\/www.facebook.com\/DestinationValdeTravers\/","article_modified_time":"2019-05-24T12:20:27+00:00","og_image":[{"width":799,"height":450,"url":"https:\/\/www.myvaldetravers.ch\/wp-content\/uploads\/2019\/04\/Val-de-Travers-Grand-\u00e9cran.jpg","type":"image\/jpeg"}],"twitter_card":"summary_large_image","twitter_misc":{"Gesch\u00e4tzte Lesezeit":"1\u00a0Minute"},"schema":{"@context":"https:\/\/schema.org","@graph":[{"@type":"WebPage","@id":"https:\/\/www.myvaldetravers.ch\/de\/erlebnisse\/unterkunft-im-val-de-travers\/","url":"https:\/\/www.myvaldetravers.ch\/de\/erlebnisse\/unterkunft-im-val-de-travers\/","name":"UNTERKUNFT IM VAL-DE-TRAVERS - Destination Val-de-Travers","isPartOf":{"@id":"https:\/\/www.myvaldetravers.ch\/de\/#website"},"primaryImageOfPage":{"@id":"https:\/\/www.myvaldetravers.ch\/de\/erlebnisse\/unterkunft-im-val-de-travers\/#primaryimage"},"image":{"@id":"https:\/\/www.myvaldetravers.ch\/de\/erlebnisse\/unterkunft-im-val-de-travers\/#primaryimage"},"thumbnailUrl":"https:\/\/www.myvaldetravers.ch\/wp-content\/uploads\/2019\/04\/Val-de-Travers-Grand-\u00e9cran.jpg","datePublished":"2019-04-29T10:44:07+00:00","dateModified":"2019-05-24T12:20:27+00:00","breadcrumb":{"@id":"https:\/\/www.myvaldetravers.ch\/de\/erlebnisse\/unterkunft-im-val-de-travers\/#breadcrumb"},"inLanguage":"de","potentialAction":[{"@type":"ReadAction","target":["https:\/\/www.myvaldetravers.ch\/de\/erlebnisse\/unterkunft-im-val-de-travers\/"]}]},{"@type":"ImageObject","inLanguage":"de","@id":"https:\/\/www.myvaldetravers.ch\/de\/erlebnisse\/unterkunft-im-val-de-travers\/#primaryimage","url":"https:\/\/www.myvaldetravers.ch\/wp-content\/uploads\/2019\/04\/Val-de-Travers-Grand-\u00e9cran.jpg","contentUrl":"https:\/\/www.myvaldetravers.ch\/wp-content\/uploads\/2019\/04\/Val-de-Travers-Grand-\u00e9cran.jpg","width":799,"height":450,"caption":"Val-de-Travers"},{"@type":"BreadcrumbList","@id":"https:\/\/www.myvaldetravers.ch\/de\/erlebnisse\/unterkunft-im-val-de-travers\/#breadcrumb","itemListElement":[{"@type":"ListItem","position":1,"name":"Accueil","item":"https:\/\/www.myvaldetravers.ch\/de\/"},{"@type":"ListItem","position":2,"name":"Erlebnisse","item":"https:\/\/www.myvaldetravers.ch\/de\/erlebnisse\/"},{"@type":"ListItem","position":3,"name":"UNTERKUNFT IM VAL-DE-TRAVERS"}]},{"@type":"WebSite","@id":"https:\/\/www.myvaldetravers.ch\/de\/#website","url":"https:\/\/www.myvaldetravers.ch\/de\/","name":"Destination Val-de-Travers","description":"Il y a toujours quelque chose \u00e0 faire au Val-de-Travers.","potentialAction":[{"@type":"SearchAction","target":{"@type":"EntryPoint","urlTemplate":"https:\/\/www.myvaldetravers.ch\/de\/?s={search_term_string}"},"query-input":{"@type":"PropertyValueSpecification","valueRequired":true,"valueName":"search_term_string"}}],"inLanguage":"de"}]}},"_links":{"self":[{"href":"https:\/\/www.myvaldetravers.ch\/de\/wp-json\/wp\/v2\/pages\/2179"}],"collection":[{"href":"https:\/\/www.myvaldetravers.ch\/de\/wp-json\/wp\/v2\/pages"}],"about":[{"href":"https:\/\/www.myvaldetravers.ch\/de\/wp-json\/wp\/v2\/types\/page"}],"author":[{"embeddable":true,"href":"https:\/\/www.myvaldetravers.ch\/de\/wp-json\/wp\/v2\/users\/73"}],"replies":[{"embeddable":true,"href":"https:\/\/www.myvaldetravers.ch\/de\/wp-json\/wp\/v2\/comments?post=2179"}],"version-history":[{"count":5,"href":"https:\/\/www.myvaldetravers.ch\/de\/wp-json\/wp\/v2\/pages\/2179\/revisions"}],"predecessor-version":[{"id":2430,"href":"https:\/\/www.myvaldetravers.ch\/de\/wp-json\/wp\/v2\/pages\/2179\/revisions\/2430"}],"up":[{"embeddable":true,"href":"https:\/\/www.myvaldetravers.ch\/de\/wp-json\/wp\/v2\/pages\/2155"}],"wp:featuredmedia":[{"embeddable":true,"href":"https:\/\/www.myvaldetravers.ch\/de\/wp-json\/wp\/v2\/media\/1877"}],"wp:attachment":[{"href":"https:\/\/www.myvaldetravers.ch\/de\/wp-json\/wp\/v2\/media?parent=2179"}],"curies":[{"name":"wp","href":"https:\/\/api.w.org\/{rel}","templated":true}]}}