{"id":2182,"date":"2019-04-08T12:22:57","date_gmt":"2019-04-08T10:22:57","guid":{"rendered":"https:\/\/www.myvaldetravers.ch\/experiences\/mines-dasphalte-de-travers\/"},"modified":"2026-03-23T15:07:44","modified_gmt":"2026-03-23T14:07:44","slug":"asphaltminen","status":"publish","type":"page","link":"https:\/\/www.myvaldetravers.ch\/de\/erlebnisse\/asphaltminen\/","title":{"rendered":"Die Asphaltminen von Travers"},"content":{"rendered":"<p>[vc_row][vc_column][vc_column_text el_class=&#8221;edsi&#8221;]<p><strong>Eine Reise ins Innere der Erde auf den Spuren der Minenarbeiter vergangener Zeiten.<\/strong><\/p><p>In einem Labyrinth unterirdischer Stollen hallt im Mauerwerk noch heute die harte Arbeit der Bergleute und Pferde nach, die hier den kostbaren Asphalt abbauten. Fassen Sie Helm und Taschenlampe und tauchen Sie ein in die Geschichte des Asphaltabbaus, bevor Sie die ber\u00fchmte lokale Spezialit\u00e4t probieren: einen in Asphalt gekochten Schinken!\r<br \/>\r<br \/>Setzen Sie Ihren Tag mit der Ausstellung Asphalt Story fort, in der Sie erfahren, wie die Lagerst\u00e4tte entstand und sich bewegte, oder gehen Sie mit Ihrer Forschertasche auf die Suche nach den Tieren in unserem Biotop, der Garten der Minenarbeiter!<\/p><h5>Gut zu wissen<\/h5>* Anreise mit den \u00f6ffentlichen Verkehrsmitteln: SBB-Bahnhof von La Presta - Mines d'asphalte\r<br \/>* Alle Besichtigungen sind gef\u00fchrt (Deutsch, Franz\u00f6sisch, auch auf Anfrage, Englisch, Italienisch)\r<br \/>* 1 km Fussmarsch. Temperatur: 8\u00b0C\r<br \/>* Gruppen das ganze Jahr \u00fcber mit Reservation\r<br \/>* Mit Ihrer Eintrittskarte zu den Asphaltminen haben Sie freien Zugang zur Ausstellung Asphalt Story und zum Minengarten.<h5>Kontaktdaten des Partners<\/h5><span class='text-uppercase'>Mines d'asphalte<\/span><br>Site de la Presta<br>2105 Travers<br><a href='tel:+41 32 864 90 64'>+41 32 864 90 64<\/a><br><a href='mailto:info@gout-region.ch'>info@gout-region.ch<\/a><br><a href='https:\/\/www.mines-asphalte.ch' target='_blank'>www.mines-asphalte.ch<\/a><br><h5>\u00d6ffnungszeiten<\/h5><h5>Preise<\/h5><div class='edsi-title'>Preise Einzelg\u00e4ste<\/div><div class='edsi-price-container'><div class='edsi-tarif'>Erwachsene<\/div><div class='edsi-prix'>CHF\u00a021.00<\/div><div class='edsi-tarif'>Studenten<\/div><div class='edsi-prix'>CHF\u00a017.50<\/div><div class='edsi-tarif'>Kinder (bis zu 16 Jahren)<\/div><div class='edsi-prix'>CHF\u00a015.00<\/div><div class='edsi-tarif'>Familien (2 Erwachsene + 2-3 Kinder)<\/div><div class='edsi-prix'>CHF\u00a060.00<\/div><\/div><div class='edsi-title'>Gruppentarife (ab 10 Personen)<\/div><div class='edsi-price-container'><div class='edsi-tarif'>Erwachsene<\/div><div class='edsi-prix'>CHF\u00a017.50<\/div><div class='edsi-tarif'>Studenten<\/div><div class='edsi-prix'>CHF\u00a014.50<\/div><div class='edsi-tarif'>Kinder (bis zu 16 Jahren)<\/div><div class='edsi-prix'>CHF\u00a011.00<\/div><div class='edsi-tarif'>Kleine Gruppe (max. 9 Personen)<\/div><div class='edsi-prix'>CHF\u00a0160.00<\/div><\/div><h5>Karte<\/h5><div id='map' style='width:500px;height:300px;'><\/div>\n<script type=\"text\/javascript\" src=\"https:\/\/maps.googleapis.com\/maps\/api\/js?key=AIzaSyCTPTigCnFjWZE6vEYcD0SnK25h1MzvSMk\"><\/script>\n\n<script>\n  var markerCenter = new google.maps.LatLng(46.931034115543,6.6567887296692);\n  var marker = null;\n\n function initialize() {\n  var mapProp = {\n   center: markerCenter,\n   zoom: 13,\n   mapTypeId: google.maps.MapTypeId.ROADMAP\n   };\n  var map = new google.maps.Map(document.getElementById(\"map\"),mapProp);\n\n   var marker = new google.maps.Marker({\n\t position: markerCenter,\n\t \/\/ animation: google.maps.Animation.BOUNCE,\n   });\n   marker.setMap(map);\n   \n   var infowindow = new google.maps.InfoWindow();\n   infowindow.setContent(\"Asphaltminen\");\n   infowindow.open(map, marker);\n\n }\n\n google.maps.event.addDomListener(window, 'load', initialize);\n<\/script>\n[\/vc_column_text][\/vc_column][\/vc_row][vc_row css=&#8221;.vc_custom_1554128789554{margin-top: -0.3em !important;}&#8221;][vc_column width=&#8221;2\/3&#8243;][vc_column_text]In den Asphaltminen des Val-de-Travers betreten Sie eine faszinierende Welt und entdecken die\u00a0<a href=\"https:\/\/www.mines-asphalte.ch\/de\/besichtigung\/\" target=\"_blank\" rel=\"noopener noreferrer\">unterirdischen Galerien<\/a>, in denen die Minenarbeiter dem Berg seit fast drei Jahrhunderten ein seltenes und kostbares Mineral entrissen haben: den Asphalt.<\/p>\n<p>Nutzen Sie Ihren Besuch, um die Spezialit\u00e4t des Hauses zu geniessen:\u00a0<a href=\"https:\/\/www.mines-asphalte.ch\/de\/menu\/\" target=\"_blank\" rel=\"noopener noreferrer\">Schinken in Asphalt gekocht<\/a>!<\/p>\n<p>Auf dem Gel\u00e4nde der Asphaltminen k\u00f6nnen Sie auch die neue Dauerausstellung <a href=\"https:\/\/www.mines-asphalte.ch\/de\/asphalt-story\/\">Asphalt Story<\/a> oder <a href=\"https:\/\/www.mines-asphalte.ch\/de\/garten\/\" target=\"_blank\" rel=\"noopener noreferrer\">der Garten der Minenarbeiter<\/a>, ein Biotop mit interaktivem Lehrpfad, besuchen oder als Gruppe mit den Spielen \u201e<a href=\"https:\/\/www.mines-asphalte.ch\/de\/raetsel\/\" target=\"_blank\" rel=\"noopener noreferrer\">R\u00e4tsel im Val-de-Travers<\/a>\u201c Ihre detektivischen F\u00e4higkeiten testen.<\/p>\n<h5>Praktische Tipps<\/h5>\n<p>Am Besten reservieren Sie im Voraus, insbesondere an Wochenenden im Juni und September, unter 032 864 90 64 oder<a href=\"mailto:info@gout-region.ch\" target=\"_blank\" rel=\"noopener noreferrer\">\u00a0info@gout-region.ch\u00a0<\/a><\/p>\n<h5>\u00d6ffnungszeiten und Details<\/h5>\n<p><strong>Vom 1. April bis 1. November<\/strong><\/p>\n<p>T\u00e4gliche F\u00fchrungen um 10.30 und 14.00 Uhr<\/p>\n<p>Zus\u00e4tzliche F\u00fchrungen im Juli und August: T\u00e4glich um 12.00 und 16.00 Uhr<\/p>\n<p><strong>Vom 2. November bis 31. Dezember<\/strong><\/p>\n<p>F\u00fchrungen\u00a0von Donnerstag bis Sonntag um 14.00 Uhr<\/p>\n<p><strong>Vom 1. Januar bis 31. M\u00e4rz<\/strong><\/p>\n<p>F\u00fchrungen von Freitag bis Sonntag um 14.00 Uhr<\/p>\n<p>Sie finden die detaillierten \u00d6ffnungszeiten auf der\u00a0<a href=\"https:\/\/www.mines-asphalte.ch\/de\/kontakt\/\">Webseite der Asphaltminen<\/a>.<\/p>\n<h5>Kontaktdaten des Partners<\/h5>\n<p>MINES D\u2019ASPHALTE DE LA PRESTA<br \/>\nSite de La Presta<br \/>\n2105 Travers<br \/>\nT 032 864 90 64<br \/>\n<a href=\"https:\/\/www.mines-asphalte.ch\/de\/\" target=\"_blank\" rel=\"noopener noreferrer\">www.mines-asphalte.ch<\/a>[\/vc_column_text][\/vc_column][vc_column width=&#8221;1\/3&#8243; css=&#8221;.vc_custom_1554128972031{background-color: #f6f6f7 !important;}&#8221; el_class=&#8221;colonne-info-droite&#8221;][vc_single_image image=&#8221;11699&#8243; alignment=&#8221;center&#8221;][vc_column_text]<\/p>\n<div class=\"wpb_text_column wpb_content_element \">\n<div class=\"wpb_wrapper\">\n<p style=\"text-align: center;\">Aktivit\u00e4t zertifiziert\u00a0<a href=\"https:\/\/www.mines-asphalte.ch\/de\/garten-minenarbeiter-swisstainable\/\"><em>Swisstainable\u00a0 <\/em><\/a>Level II<\/p>\n<\/div>\n<\/div>\n<p>[\/vc_column_text][vc_empty_space hide_on_mobile=&#8221;&#8221;][vc_single_image image=&#8221;15160&#8243; alignment=&#8221;center&#8221;][vc_column_text]<\/p>\n<div class=\"wpb_text_column wpb_content_element \">\n<div class=\"wpb_wrapper\">\n<p style=\"text-align: center;\">Die perfekte Aktivit\u00e4t f\u00fcr Familien<\/p>\n<\/div>\n<\/div>\n<p>[\/vc_column_text][vc_empty_space hide_on_mobile=&#8221;&#8221;][vc_column_text]<\/p>\n<h5><a href=\"https:\/\/www.myvaldetravers.ch\/de\/freizeitkarte\/\" target=\"_blank\" rel=\"noopener noreferrer\">FREIZEITKARTE VAL-DE-TRAVERS<\/a><\/h5>\n<p><strong>Inbegriffen in der\u00a0<a href=\"https:\/\/www.myvaldetravers.ch\/de\/freizeitkarte\/\" target=\"_blank\" rel=\"noopener noreferrer\">Freizeitkarte<\/a>:<\/strong><\/p>\n<p>F\u00fchrung durch Mine (Dauer etwa 1\u00bd Stunde) und freier Eintritt ins Museum<\/p>\n<p><a href=\"https:\/\/www.mines-asphalte.ch\/de\/\" target=\"_blank\" rel=\"noopener noreferrer\">www.mines-asphalte.ch<\/a>[\/vc_column_text][vc_empty_space alter_height=&#8221;small&#8221; hide_on_mobile=&#8221;&#8221;][vc_column_text]<\/p>\n<h5>Buchen Sie Ihre Billette online<\/h5>\n<p>F\u00fcr <strong>Gruppenbuchungen<\/strong> kontaktieren Sie bitte die Asphaltminen direkt per <a href=\"tel:0041328649064\">Telefon<\/a> oder <a href=\"mailto:info@mines-asphalte.ch\">E-Mail<\/a>.[\/vc_column_text][vc_raw_js]JTNDc2NyaXB0JTNFJTBBd2luZG93LlRXRUJTSE9QJTIwJTNEJTIwJTdCJTBBY29uZmlnJTNBJTIwJTI3TmV1Y2hhdGVsLVNlcnZpY2VQcm92aWRlcl90ZHMlMjclMkMlMEFsYW5ndWFnZSUzQSUyMCUyN2RlJTI3JTJDJTBBdGhlbWUlM0ElMjAlN0IlMEFzdGlja3klM0ElMjAlN0IlMEFvZmZzZXQlM0ElMjAyMCUyQyUwQXpJbmRleCUzQSUyMDIlMEElN0QlMEElN0QlMEElN0QlMEElM0MlMkZzY3JpcHQlM0UlMEElM0NzdHlsZSUzRSUwQSUyM3R3ZWJzaG9wJTIwJTdCJTBBLS10dy1idXR0b24tY29sb3IlM0ElMjAlMjNDQ0QzMDAlM0IlMEEtLXR3LWJ1dHRvbi10ZXh0LWNvbG9yJTNBJTIwJTIzZmZmJTNCJTBBLS10dy1idXR0b24tcHJpY2UtY29sb3IlM0ElMjAlMjNDQ0QzMDAlM0IlMEEtLXR3LWJ1dHRvbi1wcmljZS10ZXh0LWNvbG9yJTNBJTIwJTIzZmZmJTNCJTBBLS10dy1ib3gtY29sb3IlM0ElMjAlMjNDQ0QzMDAlM0IlMEEtLXR3LWJveC10ZXh0LWNvbG9yJTNBJTIwJTIzZmZmJTNCJTBBLS10dy1ib29raW5nLWNvbG9yJTNBJTIwJTIzQ0NEMzAwJTNCJTBBLS10dy1ib29raW5nLXRleHQtY29sb3IlM0ElMjAlMjNmZmYlM0IlMEElN0QlMEElM0MlMkZzdHlsZSUzRSUwQSUzQ3R3cy1leHBlcmllbmNlLXdpZGdldCUyMGRhdGEtaWQlM0QlMjJURFMwMDAyMDAxMzE5NDUyNTU2MiUyMiUzRSUzQyUyRnR3cy1leHBlcmllbmNlLXdpZGdldCUzRSUwQSUzQ3NjcmlwdCUyMHNyYyUzRCUyMmh0dHBzJTNBJTJGJTJGdHdlYnNob3AudG9tYXMtdHJhdmVsLmNvbSUyRmFwcCUyRmV4cGVyaWVuY2UlMkZ3aWRnZXQlMkZhcHAuanMlMjIlM0UlM0MlMkZzY3JpcHQlM0UlMEE=[\/vc_raw_js][\/vc_column][\/vc_row][vc_row][vc_column][vc_column_text][\/vc_column_text][vc_separator]<div class=\"cq-dagallery-container\" style=\"width:100%;margin:0 auto;\"><ul class=\"cq-dagallery\" data-gallerywidth=\"100%\" data-width=\"270\" data-height=\"\" data-color=\"#ffffff\" data-background=\"#00bfff\" data-opacity=\"0.8\"><li class=\"\" data-width=\"270\" data-height=\"\" data-margin=\"10px\" style=\"margin:10px\"><a class=\"normal\" href=\"https:\/\/www.myvaldetravers.ch\/wp-content\/uploads\/2019\/04\/MIN_Galeries-des-Mines-2.jpg\" rel=\"218280\"><img src='https:\/\/www.myvaldetravers.ch\/wp-content\/uploads\/2019\/04\/MIN_Galeries-des-Mines-2-270x152.jpg' width='270' height='' \/><\/a><div class=\"dagallery-info\" style=\"padding:20px;color:#ffffff;background-color:#00bfff\"><\/div><\/li><li class=\"\" data-width=\"270\" data-height=\"\" data-margin=\"10px\" style=\"margin:10px\"><a class=\"normal\" href=\"https:\/\/www.myvaldetravers.ch\/wp-content\/uploads\/2019\/04\/MIN_Galeries-des-Mines.jpg\" rel=\"218280\"><img src='https:\/\/www.myvaldetravers.ch\/wp-content\/uploads\/2019\/04\/MIN_Galeries-des-Mines-270x152.jpg' width='270' height='' \/><\/a><div class=\"dagallery-info\" style=\"padding:20px;color:#ffffff;background-color:#00bfff\"><\/div><\/li><li class=\"\" data-width=\"270\" data-height=\"\" data-margin=\"10px\" style=\"margin:10px\"><a class=\"normal\" href=\"https:\/\/www.myvaldetravers.ch\/wp-content\/uploads\/2019\/04\/MIN_Galeries-des-Mines_copyr_SpotMagazine.jpg\" rel=\"218280\"><img src='https:\/\/www.myvaldetravers.ch\/wp-content\/uploads\/2019\/04\/MIN_Galeries-des-Mines_copyr_SpotMagazine-270x152.jpg' width='270' height='' \/><\/a><div class=\"dagallery-info\" style=\"padding:20px;color:#ffffff;background-color:#00bfff\"><\/div><\/li><li class=\"\" data-width=\"270\" data-height=\"\" data-margin=\"10px\" style=\"margin:10px\"><a class=\"normal\" href=\"https:\/\/www.myvaldetravers.ch\/wp-content\/uploads\/2025\/12\/IMG_5609_modifie-1-scaled.jpg\" rel=\"218280\"><img src='https:\/\/www.myvaldetravers.ch\/wp-content\/uploads\/2025\/12\/IMG_5609_modifie-1-scaled-270x180.jpg' width='270' height='' \/><\/a><div class=\"dagallery-info\" style=\"padding:20px;color:#ffffff;background-color:#00bfff\"><\/div><\/li><li class=\"\" data-width=\"270\" data-height=\"\" data-margin=\"10px\" style=\"margin:10px\"><a class=\"normal\" href=\"https:\/\/www.myvaldetravers.ch\/wp-content\/uploads\/2025\/12\/JDM-im.09.19_5926-scaled.jpg\" rel=\"218280\"><img src='https:\/\/www.myvaldetravers.ch\/wp-content\/uploads\/2025\/12\/JDM-im.09.19_5926-scaled-270x180.jpg' width='270' height='' \/><\/a><div class=\"dagallery-info\" style=\"padding:20px;color:#ffffff;background-color:#00bfff\"><\/div><\/li><li class=\"\" data-width=\"270\" data-height=\"\" data-margin=\"10px\" style=\"margin:10px\"><a class=\"normal\" href=\"https:\/\/www.myvaldetravers.ch\/wp-content\/uploads\/2025\/12\/AST_ENS_8180-scaled.jpg\" rel=\"218280\"><img src='https:\/\/www.myvaldetravers.ch\/wp-content\/uploads\/2025\/12\/AST_ENS_8180-scaled-270x180.jpg' width='270' height='' \/><\/a><div class=\"dagallery-info\" style=\"padding:20px;color:#ffffff;background-color:#00bfff\"><\/div><\/li><\/ul><\/div>[\/vc_column][\/vc_row]<\/p>\n","protected":false},"excerpt":{"rendered":"<p>[vc_row][vc_column][vc_column_text el_class=&#8221;edsi&#8221;][\/vc_column_text][\/vc_column][\/vc_row][vc_row css=&#8221;.vc_custom_1554128789554{margin-top: -0.3em !important;}&#8221;][vc_column width=&#8221;2\/3&#8243;][vc_column_text]In den Asphaltminen des Val-de-Travers betreten Sie eine faszinierende Welt und entdecken die\u00a0unterirdischen Galerien, in denen die Minenarbeiter dem Berg seit fast drei Jahrhunderten ein&hellip;<\/p>\n","protected":false},"author":73,"featured_media":1543,"parent":2155,"menu_order":0,"comment_status":"closed","ping_status":"closed","template":"","meta":{"footnotes":""},"yoast_head":"<!-- This site is optimized with the Yoast SEO plugin v23.5 - https:\/\/yoast.com\/wordpress\/plugins\/seo\/ -->\n<title>Ausflug im Jura: Die Asphaltminen des Val-de-Travers<\/title>\n<meta name=\"description\" content=\"Was ist am Sonntag zu tun? Betreten Sie eine faszinierende Welt und entdecken Sie die unterirdischen Stollen der Asphaltminen in Travers.\" \/>\n<meta name=\"robots\" content=\"index, follow, max-snippet:-1, max-image-preview:large, max-video-preview:-1\" \/>\n<link rel=\"canonical\" href=\"https:\/\/www.myvaldetravers.ch\/de\/erlebnisse\/asphaltminen\/\" \/>\n<meta property=\"og:locale\" content=\"de_DE\" \/>\n<meta property=\"og:type\" content=\"article\" \/>\n<meta property=\"og:title\" content=\"Ausflug im Jura: Die Asphaltminen des Val-de-Travers\" \/>\n<meta property=\"og:description\" content=\"Was ist am Sonntag zu tun? Betreten Sie eine faszinierende Welt und entdecken Sie die unterirdischen Stollen der Asphaltminen in Travers.\" \/>\n<meta property=\"og:url\" content=\"https:\/\/www.myvaldetravers.ch\/de\/erlebnisse\/asphaltminen\/\" \/>\n<meta property=\"og:site_name\" content=\"Destination Val-de-Travers\" \/>\n<meta property=\"article:publisher\" content=\"https:\/\/www.facebook.com\/DestinationValdeTravers\/\" \/>\n<meta property=\"article:modified_time\" content=\"2026-03-23T14:07:44+00:00\" \/>\n<meta property=\"og:image\" content=\"https:\/\/www.myvaldetravers.ch\/wp-content\/uploads\/2019\/04\/A_Mines-Aspahalte.jpg\" \/>\n\t<meta property=\"og:image:width\" content=\"3035\" \/>\n\t<meta property=\"og:image:height\" content=\"916\" \/>\n\t<meta property=\"og:image:type\" content=\"image\/jpeg\" \/>\n<meta name=\"twitter:card\" content=\"summary_large_image\" \/>\n<meta name=\"twitter:label1\" content=\"Gesch\u00e4tzte Lesezeit\" \/>\n\t<meta name=\"twitter:data1\" content=\"4\u00a0Minuten\" \/>\n<script type=\"application\/ld+json\" class=\"yoast-schema-graph\">{\"@context\":\"https:\/\/schema.org\",\"@graph\":[{\"@type\":\"WebPage\",\"@id\":\"https:\/\/www.myvaldetravers.ch\/de\/erlebnisse\/asphaltminen\/\",\"url\":\"https:\/\/www.myvaldetravers.ch\/de\/erlebnisse\/asphaltminen\/\",\"name\":\"Ausflug im Jura: Die Asphaltminen des Val-de-Travers\",\"isPartOf\":{\"@id\":\"https:\/\/www.myvaldetravers.ch\/de\/#website\"},\"primaryImageOfPage\":{\"@id\":\"https:\/\/www.myvaldetravers.ch\/de\/erlebnisse\/asphaltminen\/#primaryimage\"},\"image\":{\"@id\":\"https:\/\/www.myvaldetravers.ch\/de\/erlebnisse\/asphaltminen\/#primaryimage\"},\"thumbnailUrl\":\"https:\/\/www.myvaldetravers.ch\/wp-content\/uploads\/2019\/04\/A_Mines-Aspahalte.jpg\",\"datePublished\":\"2019-04-08T10:22:57+00:00\",\"dateModified\":\"2026-03-23T14:07:44+00:00\",\"description\":\"Was ist am Sonntag zu tun? Betreten Sie eine faszinierende Welt und entdecken Sie die unterirdischen Stollen der Asphaltminen in Travers.\",\"breadcrumb\":{\"@id\":\"https:\/\/www.myvaldetravers.ch\/de\/erlebnisse\/asphaltminen\/#breadcrumb\"},\"inLanguage\":\"de\",\"potentialAction\":[{\"@type\":\"ReadAction\",\"target\":[\"https:\/\/www.myvaldetravers.ch\/de\/erlebnisse\/asphaltminen\/\"]}]},{\"@type\":\"ImageObject\",\"inLanguage\":\"de\",\"@id\":\"https:\/\/www.myvaldetravers.ch\/de\/erlebnisse\/asphaltminen\/#primaryimage\",\"url\":\"https:\/\/www.myvaldetravers.ch\/wp-content\/uploads\/2019\/04\/A_Mines-Aspahalte.jpg\",\"contentUrl\":\"https:\/\/www.myvaldetravers.ch\/wp-content\/uploads\/2019\/04\/A_Mines-Aspahalte.jpg\",\"width\":3035,\"height\":916,\"caption\":\"Mines d'asphalte, Val-de-Travers\"},{\"@type\":\"BreadcrumbList\",\"@id\":\"https:\/\/www.myvaldetravers.ch\/de\/erlebnisse\/asphaltminen\/#breadcrumb\",\"itemListElement\":[{\"@type\":\"ListItem\",\"position\":1,\"name\":\"Accueil\",\"item\":\"https:\/\/www.myvaldetravers.ch\/de\/\"},{\"@type\":\"ListItem\",\"position\":2,\"name\":\"Erlebnisse\",\"item\":\"https:\/\/www.myvaldetravers.ch\/de\/erlebnisse\/\"},{\"@type\":\"ListItem\",\"position\":3,\"name\":\"Die Asphaltminen von Travers\"}]},{\"@type\":\"WebSite\",\"@id\":\"https:\/\/www.myvaldetravers.ch\/de\/#website\",\"url\":\"https:\/\/www.myvaldetravers.ch\/de\/\",\"name\":\"Destination Val-de-Travers\",\"description\":\"Il y a toujours quelque chose \u00e0 faire au Val-de-Travers.\",\"potentialAction\":[{\"@type\":\"SearchAction\",\"target\":{\"@type\":\"EntryPoint\",\"urlTemplate\":\"https:\/\/www.myvaldetravers.ch\/de\/?s={search_term_string}\"},\"query-input\":{\"@type\":\"PropertyValueSpecification\",\"valueRequired\":true,\"valueName\":\"search_term_string\"}}],\"inLanguage\":\"de\"}]}<\/script>\n<!-- \/ Yoast SEO plugin. -->","yoast_head_json":{"title":"Ausflug im Jura: Die Asphaltminen des Val-de-Travers","description":"Was ist am Sonntag zu tun? Betreten Sie eine faszinierende Welt und entdecken Sie die unterirdischen Stollen der Asphaltminen in Travers.","robots":{"index":"index","follow":"follow","max-snippet":"max-snippet:-1","max-image-preview":"max-image-preview:large","max-video-preview":"max-video-preview:-1"},"canonical":"https:\/\/www.myvaldetravers.ch\/de\/erlebnisse\/asphaltminen\/","og_locale":"de_DE","og_type":"article","og_title":"Ausflug im Jura: Die Asphaltminen des Val-de-Travers","og_description":"Was ist am Sonntag zu tun? Betreten Sie eine faszinierende Welt und entdecken Sie die unterirdischen Stollen der Asphaltminen in Travers.","og_url":"https:\/\/www.myvaldetravers.ch\/de\/erlebnisse\/asphaltminen\/","og_site_name":"Destination Val-de-Travers","article_publisher":"https:\/\/www.facebook.com\/DestinationValdeTravers\/","article_modified_time":"2026-03-23T14:07:44+00:00","og_image":[{"width":3035,"height":916,"url":"https:\/\/www.myvaldetravers.ch\/wp-content\/uploads\/2019\/04\/A_Mines-Aspahalte.jpg","type":"image\/jpeg"}],"twitter_card":"summary_large_image","twitter_misc":{"Gesch\u00e4tzte Lesezeit":"4\u00a0Minuten"},"schema":{"@context":"https:\/\/schema.org","@graph":[{"@type":"WebPage","@id":"https:\/\/www.myvaldetravers.ch\/de\/erlebnisse\/asphaltminen\/","url":"https:\/\/www.myvaldetravers.ch\/de\/erlebnisse\/asphaltminen\/","name":"Ausflug im Jura: Die Asphaltminen des Val-de-Travers","isPartOf":{"@id":"https:\/\/www.myvaldetravers.ch\/de\/#website"},"primaryImageOfPage":{"@id":"https:\/\/www.myvaldetravers.ch\/de\/erlebnisse\/asphaltminen\/#primaryimage"},"image":{"@id":"https:\/\/www.myvaldetravers.ch\/de\/erlebnisse\/asphaltminen\/#primaryimage"},"thumbnailUrl":"https:\/\/www.myvaldetravers.ch\/wp-content\/uploads\/2019\/04\/A_Mines-Aspahalte.jpg","datePublished":"2019-04-08T10:22:57+00:00","dateModified":"2026-03-23T14:07:44+00:00","description":"Was ist am Sonntag zu tun? Betreten Sie eine faszinierende Welt und entdecken Sie die unterirdischen Stollen der Asphaltminen in Travers.","breadcrumb":{"@id":"https:\/\/www.myvaldetravers.ch\/de\/erlebnisse\/asphaltminen\/#breadcrumb"},"inLanguage":"de","potentialAction":[{"@type":"ReadAction","target":["https:\/\/www.myvaldetravers.ch\/de\/erlebnisse\/asphaltminen\/"]}]},{"@type":"ImageObject","inLanguage":"de","@id":"https:\/\/www.myvaldetravers.ch\/de\/erlebnisse\/asphaltminen\/#primaryimage","url":"https:\/\/www.myvaldetravers.ch\/wp-content\/uploads\/2019\/04\/A_Mines-Aspahalte.jpg","contentUrl":"https:\/\/www.myvaldetravers.ch\/wp-content\/uploads\/2019\/04\/A_Mines-Aspahalte.jpg","width":3035,"height":916,"caption":"Mines d'asphalte, Val-de-Travers"},{"@type":"BreadcrumbList","@id":"https:\/\/www.myvaldetravers.ch\/de\/erlebnisse\/asphaltminen\/#breadcrumb","itemListElement":[{"@type":"ListItem","position":1,"name":"Accueil","item":"https:\/\/www.myvaldetravers.ch\/de\/"},{"@type":"ListItem","position":2,"name":"Erlebnisse","item":"https:\/\/www.myvaldetravers.ch\/de\/erlebnisse\/"},{"@type":"ListItem","position":3,"name":"Die Asphaltminen von Travers"}]},{"@type":"WebSite","@id":"https:\/\/www.myvaldetravers.ch\/de\/#website","url":"https:\/\/www.myvaldetravers.ch\/de\/","name":"Destination Val-de-Travers","description":"Il y a toujours quelque chose \u00e0 faire au Val-de-Travers.","potentialAction":[{"@type":"SearchAction","target":{"@type":"EntryPoint","urlTemplate":"https:\/\/www.myvaldetravers.ch\/de\/?s={search_term_string}"},"query-input":{"@type":"PropertyValueSpecification","valueRequired":true,"valueName":"search_term_string"}}],"inLanguage":"de"}]}},"_links":{"self":[{"href":"https:\/\/www.myvaldetravers.ch\/de\/wp-json\/wp\/v2\/pages\/2182"}],"collection":[{"href":"https:\/\/www.myvaldetravers.ch\/de\/wp-json\/wp\/v2\/pages"}],"about":[{"href":"https:\/\/www.myvaldetravers.ch\/de\/wp-json\/wp\/v2\/types\/page"}],"author":[{"embeddable":true,"href":"https:\/\/www.myvaldetravers.ch\/de\/wp-json\/wp\/v2\/users\/73"}],"replies":[{"embeddable":true,"href":"https:\/\/www.myvaldetravers.ch\/de\/wp-json\/wp\/v2\/comments?post=2182"}],"version-history":[{"count":51,"href":"https:\/\/www.myvaldetravers.ch\/de\/wp-json\/wp\/v2\/pages\/2182\/revisions"}],"predecessor-version":[{"id":15200,"href":"https:\/\/www.myvaldetravers.ch\/de\/wp-json\/wp\/v2\/pages\/2182\/revisions\/15200"}],"up":[{"embeddable":true,"href":"https:\/\/www.myvaldetravers.ch\/de\/wp-json\/wp\/v2\/pages\/2155"}],"wp:featuredmedia":[{"embeddable":true,"href":"https:\/\/www.myvaldetravers.ch\/de\/wp-json\/wp\/v2\/media\/1543"}],"wp:attachment":[{"href":"https:\/\/www.myvaldetravers.ch\/de\/wp-json\/wp\/v2\/media?parent=2182"}],"curies":[{"name":"wp","href":"https:\/\/api.w.org\/{rel}","templated":true}]}}