{"id":2213,"date":"2019-04-18T09:22:47","date_gmt":"2019-04-18T07:22:47","guid":{"rendered":"https:\/\/www.myvaldetravers.ch\/experiences\/musee-des-mascarons\/"},"modified":"2025-03-12T15:42:47","modified_gmt":"2025-03-12T14:42:47","slug":"museum-der-mascarons","status":"publish","type":"page","link":"https:\/\/www.myvaldetravers.ch\/de\/erlebnisse\/museum-der-mascarons\/","title":{"rendered":"MASCARONS-MUSEUM"},"content":{"rendered":"<p>[vc_row][vc_column][vc_column_text el_class=&#8221;edsi&#8221;]<p><strong>Dieses Mitte des 18. Jahrhunderts neu erbaute Patrizierhaus verdankt seinen Namen den gemeisselten Masken, welche die Keilsteine seiner Fensterb\u00f6gen schm\u00fccken.<\/strong><\/p><p>Mit einem schlichten zeitgen\u00f6ssischen Museumskonzept wird dem Besucher in den zehn Ausstellungss\u00e4len der Dauerausstellung die reiche Vergangenheit der Uhrenindustrie im Val-de-Travers anschaulich vermittelt. Auch in den Wechselausstellungen werden stets Themen behandelt, die eng mit der Region verbunden sind.<\/p><h5>Gut zu wissen<\/h5>- Anreise mit den \u00f6ffentlichen Verkehrsmitteln: SBB-Bahnhof von M\u00f4tiers\r<br \/>- F\u00fchrungen auf Anfrage\r<br \/>- Sonder\u00f6ffnung auf Reservierung f\u00fcr Gruppen ab 10 Personen<h5>Kontaktdaten des Partners<\/h5><span class='text-uppercase'>Mus\u00e9e des Mascarons<\/span><br>Grande-Rue 14<br>2112 M\u00f4tiers<br><a href='tel:+41 32 861 35 51'>+41 32 861 35 51<\/a><br><a href='mailto:info@mrvt.ch'>info@mrvt.ch<\/a><br><a href='https:\/\/www.mrvt.ch' target='_blank'>www.mrvt.ch<\/a><br><h5>\u00d6ffnungszeiten<\/h5><h5>Preise<\/h5><div class='edsi-title'>Preise Einzelg\u00e4ste<\/div><div class='edsi-price-container'><div class='edsi-tarif'>Erwachsene<\/div><div class='edsi-prix'>CHF\u00a08.00<\/div><div class='edsi-tarif'>AHV, Studenten<\/div><div class='edsi-prix'>CHF\u00a05.00<\/div><div class='edsi-tarif'>Kinder (bis zu 16 Jahren)<\/div><div class='edsi-prix'><\/div><\/div><div class='edsi-title'>Gruppentarife (ab 10 Personen)<\/div><div class='edsi-price-container'><div class='edsi-tarif'>Erwachsene<\/div><div class='edsi-prix'>CHF\u00a06.00<\/div><div class='edsi-tarif'>AHV, Studenten<\/div><div class='edsi-prix'>CHF\u00a04.00<\/div><div class='edsi-tarif'>Kinder (bis zu 16 Jahren)<\/div><div class='edsi-prix'><\/div><\/div><div class='edsi-title'>F\u00fchrung<\/div><div class='edsi-price-container'><div class='edsi-tarif'>Ab 10 Personen (Max. 15 Personen)<\/div><div class='edsi-prix'>CHF\u00a050.00<\/div><\/div><h5>Karte<\/h5><div id='map' style='width:500px;height:300px;'><\/div>\n<script type=\"text\/javascript\" src=\"https:\/\/maps.googleapis.com\/maps\/api\/js?key=AIzaSyCTPTigCnFjWZE6vEYcD0SnK25h1MzvSMk\"><\/script>\n\n<script>\n  var markerCenter = new google.maps.LatLng(46.909657682655,6.6119849614715);\n  var marker = null;\n\n function initialize() {\n  var mapProp = {\n   center: markerCenter,\n   zoom: 13,\n   mapTypeId: google.maps.MapTypeId.ROADMAP\n   };\n  var map = new google.maps.Map(document.getElementById(\"map\"),mapProp);\n\n   var marker = new google.maps.Marker({\n\t position: markerCenter,\n\t \/\/ animation: google.maps.Animation.BOUNCE,\n   });\n   marker.setMap(map);\n   \n   var infowindow = new google.maps.InfoWindow();\n   infowindow.setContent(\"Regionalmuseum Val-de-Travers - Maskaron-Museum\");\n   infowindow.open(map, marker);\n\n }\n\n google.maps.event.addDomListener(window, 'load', initialize);\n<\/script>\n[\/vc_column_text][\/vc_column][\/vc_row][vc_row css=&#8221;.vc_custom_1554128789554{margin-top: -0.3em !important;}&#8221;][vc_column width=&#8221;2\/3&#8243;][vc_column_text]Dieses im 18. Jh. rekonstruierte Patrizierhaus verdankt seinen Namen den als Masken gemeisselten Schlusssteinen seiner Fenster.<\/p>\n<p>In einer Reihe von schlichten, zeitgem\u00e4ssen Museumss\u00e4len zeigt die Dauerausstellung die reiche Vergangenheit der Uhrenfabrikation im Val-de-Travers von ihren Anf\u00e4ngen bis zur Krise der 1970er Jahre. Dazu behandelt eine tempor\u00e4re Ausstellung jeweils ein spezifisches Thema der Region.<\/p>\n<h5>Tempor\u00e4re Ausstellung<\/h5>\n<p>Tauchen Sie ein in das Herz der Urzeit!<\/p>\n<p>Entdecken Sie eine geheimnisvolle H\u00f6hle und ihre Verbindungen zu unserer Neandertaler-Vergangenheit, lernen Sie die Menschen kennen, die einige ihrer Geheimnisse enth\u00fcllt haben, bewundern Sie fesselnde Fotografien und erleben Sie eine v\u00f6llig neue, immersive Erfahrung! Ein Abenteuer, das Sie sich nicht entgehen lassen sollten!<\/p>\n<p>Ausstellung samstags und sonntags von 14.00 bis 17.00 Uhr ge\u00f6ffnet (bis zum 2. November 25).<\/p>\n<p>&nbsp;<\/p>\n<h5>PRAKTISCHE TIPPS<\/h5>\n<p>Aufschlag CHF 100.- von 10 bis 15 Personen.<br \/>\nRundgang in franz\u00f6sisch, deutsch, englisch.<\/p>\n<h5>\u00d6FFNUNGSZEITEN<\/h5>\n<div class=\"tm_pb_column tm_pb_column_1_2 tm_pb_column_7 col-xs-12 col-sm-6 col-md-6 col-lg-6 col-xl-6\">\n<div class=\"tm_pb_text tm_pb_module tm_pb_bg_layout_light tm_pb_text_align_left tm_pb_text_6\">\n<p>Ge\u00f6ffnet von April bis Dezember am Samstag und Sonntag 14-17 Uhr.<\/p>\n<p>F\u00fchrungen ausserhalb der \u00d6ffnungszeiten nur bei Reservation T 032 861 35 51 oder\u00a0<a href=\"mailto:info@mrvt.ch\">info@mrvt.ch<\/a>.<\/p>\n<\/div>\n<\/div>\n<h5>KONTAKTDATEN DES PARTNERS<\/h5>\n<p>MUS\u00c9E DES MASCARONS<br \/>\nGrande Rue 14<br \/>\n2112 M\u00f4tiers<br \/>\nT 032 861 35 51<br \/>\n<a href=\"http:\/\/www.mrvt.ch\" target=\"_blank\" rel=\"noopener noreferrer\">www.mrvt.ch<\/a>[\/vc_column_text][\/vc_column][vc_column width=&#8221;1\/3&#8243; css=&#8221;.vc_custom_1554128972031{background-color: #f6f6f7 !important;}&#8221; el_class=&#8221;colonne-info-droite&#8221;][vc_single_image image=&#8221;7069&#8243; alignment=&#8221;center&#8221;][vc_column_text]<\/p>\n<p style=\"text-align: center;\">Museum zertifiziert\u00a0<em><a href=\"https:\/\/www.myvaldetravers.ch\/de\/2021\/07\/07\/swisstainable\/\" target=\"_blank\" rel=\"noopener\">Swisstainable<\/a><\/em><\/p>\n<p>[\/vc_column_text][vc_empty_space hide_on_mobile=&#8221;&#8221;][vc_column_text]<\/p>\n<h5><a href=\"https:\/\/www.myvaldetravers.ch\/de\/freizeitkarte\/\" target=\"_blank\" rel=\"noopener noreferrer\">Freizeitkarte Val-de-Travers<\/a><\/h5>\n<p><strong>Inbegriffen in der <a href=\"https:\/\/www.myvaldetravers.ch\/de\/freizeitkarte\/\" target=\"_blank\" rel=\"noopener noreferrer\">Freizeitkarte<\/a>:<\/strong><\/p>\n<p>Freier Eintritt w\u00e4hrend der \u00d6ffnungszeiten.<\/p>\n<p><a href=\"http:\/\/www.mrvt.ch\" target=\"_blank\" rel=\"noopener noreferrer\">www.mrvt.ch<\/a>[\/vc_column_text][\/vc_column][\/vc_row][vc_row][vc_column][vc_column_text][\/vc_column_text][vc_separator]<div class=\"cq-dagallery-container\" style=\"width:100%;margin:0 auto;\"><ul class=\"cq-dagallery\" data-gallerywidth=\"100%\" data-width=\"270\" data-height=\"\" data-color=\"#ffffff\" data-background=\"#00bfff\" data-opacity=\"0.8\"><li class=\"\" data-width=\"270\" data-height=\"\" data-margin=\"10px\" style=\"margin:10px\"><a class=\"normal\" href=\"https:\/\/www.myvaldetravers.ch\/wp-content\/uploads\/2019\/04\/170928_MMascarons_copyr_SpotMagazine_lr037.jpg\" rel=\"221388\"><img src='https:\/\/www.myvaldetravers.ch\/wp-content\/uploads\/2019\/04\/170928_MMascarons_copyr_SpotMagazine_lr037-270x152.jpg' width='270' height='' \/><\/a><div class=\"dagallery-info\" style=\"padding:20px;color:#ffffff;background-color:#00bfff\"><\/div><\/li><li class=\"\" data-width=\"270\" data-height=\"\" data-margin=\"10px\" style=\"margin:10px\"><a class=\"normal\" href=\"https:\/\/www.myvaldetravers.ch\/wp-content\/uploads\/2019\/04\/170928_MMascarons_copyr_SpotMagazine_lr038.jpg\" rel=\"221388\"><img src='https:\/\/www.myvaldetravers.ch\/wp-content\/uploads\/2019\/04\/170928_MMascarons_copyr_SpotMagazine_lr038-270x152.jpg' width='270' height='' \/><\/a><div class=\"dagallery-info\" style=\"padding:20px;color:#ffffff;background-color:#00bfff\"><\/div><\/li><li class=\"\" data-width=\"270\" data-height=\"\" data-margin=\"10px\" style=\"margin:10px\"><a class=\"normal\" href=\"https:\/\/www.myvaldetravers.ch\/wp-content\/uploads\/2019\/04\/170928_MMascarons_copyr_SpotMagazine_lr039.jpg\" rel=\"221388\"><img src='https:\/\/www.myvaldetravers.ch\/wp-content\/uploads\/2019\/04\/170928_MMascarons_copyr_SpotMagazine_lr039-270x152.jpg' width='270' height='' \/><\/a><div class=\"dagallery-info\" style=\"padding:20px;color:#ffffff;background-color:#00bfff\"><\/div><\/li><li class=\"\" data-width=\"270\" data-height=\"\" data-margin=\"10px\" style=\"margin:10px\"><a class=\"normal\" href=\"https:\/\/www.myvaldetravers.ch\/wp-content\/uploads\/2019\/04\/170928_MMascarons_copyr_SpotMagazine_lr040.jpg\" rel=\"221388\"><img src='https:\/\/www.myvaldetravers.ch\/wp-content\/uploads\/2019\/04\/170928_MMascarons_copyr_SpotMagazine_lr040-270x152.jpg' width='270' height='' \/><\/a><div class=\"dagallery-info\" style=\"padding:20px;color:#ffffff;background-color:#00bfff\"><\/div><\/li><li class=\"\" data-width=\"270\" data-height=\"\" data-margin=\"10px\" style=\"margin:10px\"><a class=\"normal\" href=\"https:\/\/www.myvaldetravers.ch\/wp-content\/uploads\/2019\/04\/MRVT_Mascarons_exterieur-1.jpg\" rel=\"221388\"><img src='https:\/\/www.myvaldetravers.ch\/wp-content\/uploads\/2019\/04\/MRVT_Mascarons_exterieur-1-270x152.jpg' width='270' height='' \/><\/a><div class=\"dagallery-info\" style=\"padding:20px;color:#ffffff;background-color:#00bfff\"><\/div><\/li><\/ul><\/div>[\/vc_column][\/vc_row]<\/p>\n","protected":false},"excerpt":{"rendered":"<p>[vc_row][vc_column][vc_column_text el_class=&#8221;edsi&#8221;][\/vc_column_text][\/vc_column][\/vc_row][vc_row css=&#8221;.vc_custom_1554128789554{margin-top: -0.3em !important;}&#8221;][vc_column width=&#8221;2\/3&#8243;][vc_column_text]Dieses im 18. Jh. rekonstruierte Patrizierhaus verdankt seinen Namen den als Masken gemeisselten Schlusssteinen seiner Fenster. In einer Reihe von schlichten, zeitgem\u00e4ssen Museumss\u00e4len zeigt die&hellip;<\/p>\n","protected":false},"author":73,"featured_media":1621,"parent":2155,"menu_order":0,"comment_status":"closed","ping_status":"closed","template":"","meta":{"footnotes":""},"yoast_head":"<!-- This site is optimized with the Yoast SEO plugin v23.5 - https:\/\/yoast.com\/wordpress\/plugins\/seo\/ -->\n<title>Museum der Uhrenindustrie im Val-de-Travers<\/title>\n<meta name=\"description\" content=\"Die Dauerausstellung des Mus\u00e9e des Mascarons in Motiers zeigt die reiche Geschichte der Uhrenindustrie im Val-de-Travers.\" \/>\n<meta name=\"robots\" content=\"index, follow, max-snippet:-1, max-image-preview:large, max-video-preview:-1\" \/>\n<link rel=\"canonical\" href=\"https:\/\/www.myvaldetravers.ch\/de\/erlebnisse\/museum-der-mascarons\/\" \/>\n<meta property=\"og:locale\" content=\"de_DE\" \/>\n<meta property=\"og:type\" content=\"article\" \/>\n<meta property=\"og:title\" content=\"Museum der Uhrenindustrie im Val-de-Travers\" \/>\n<meta property=\"og:description\" content=\"Die Dauerausstellung des Mus\u00e9e des Mascarons in Motiers zeigt die reiche Geschichte der Uhrenindustrie im Val-de-Travers.\" \/>\n<meta property=\"og:url\" content=\"https:\/\/www.myvaldetravers.ch\/de\/erlebnisse\/museum-der-mascarons\/\" \/>\n<meta property=\"og:site_name\" content=\"Destination Val-de-Travers\" \/>\n<meta property=\"article:publisher\" content=\"https:\/\/www.facebook.com\/DestinationValdeTravers\/\" \/>\n<meta property=\"article:modified_time\" content=\"2025-03-12T14:42:47+00:00\" \/>\n<meta property=\"og:image\" content=\"https:\/\/www.myvaldetravers.ch\/wp-content\/uploads\/2019\/04\/MRVT_Mascarons_exterieur.jpg\" \/>\n\t<meta property=\"og:image:width\" content=\"1409\" \/>\n\t<meta property=\"og:image:height\" content=\"792\" \/>\n\t<meta property=\"og:image:type\" content=\"image\/jpeg\" \/>\n<meta name=\"twitter:card\" content=\"summary_large_image\" \/>\n<meta name=\"twitter:label1\" content=\"Gesch\u00e4tzte Lesezeit\" \/>\n\t<meta name=\"twitter:data1\" content=\"1\u00a0Minute\" \/>\n<script type=\"application\/ld+json\" class=\"yoast-schema-graph\">{\"@context\":\"https:\/\/schema.org\",\"@graph\":[{\"@type\":\"WebPage\",\"@id\":\"https:\/\/www.myvaldetravers.ch\/de\/erlebnisse\/museum-der-mascarons\/\",\"url\":\"https:\/\/www.myvaldetravers.ch\/de\/erlebnisse\/museum-der-mascarons\/\",\"name\":\"Museum der Uhrenindustrie im Val-de-Travers\",\"isPartOf\":{\"@id\":\"https:\/\/www.myvaldetravers.ch\/de\/#website\"},\"primaryImageOfPage\":{\"@id\":\"https:\/\/www.myvaldetravers.ch\/de\/erlebnisse\/museum-der-mascarons\/#primaryimage\"},\"image\":{\"@id\":\"https:\/\/www.myvaldetravers.ch\/de\/erlebnisse\/museum-der-mascarons\/#primaryimage\"},\"thumbnailUrl\":\"https:\/\/www.myvaldetravers.ch\/wp-content\/uploads\/2019\/04\/MRVT_Mascarons_exterieur.jpg\",\"datePublished\":\"2019-04-18T07:22:47+00:00\",\"dateModified\":\"2025-03-12T14:42:47+00:00\",\"description\":\"Die Dauerausstellung des Mus\u00e9e des Mascarons in Motiers zeigt die reiche Geschichte der Uhrenindustrie im Val-de-Travers.\",\"breadcrumb\":{\"@id\":\"https:\/\/www.myvaldetravers.ch\/de\/erlebnisse\/museum-der-mascarons\/#breadcrumb\"},\"inLanguage\":\"de\",\"potentialAction\":[{\"@type\":\"ReadAction\",\"target\":[\"https:\/\/www.myvaldetravers.ch\/de\/erlebnisse\/museum-der-mascarons\/\"]}]},{\"@type\":\"ImageObject\",\"inLanguage\":\"de\",\"@id\":\"https:\/\/www.myvaldetravers.ch\/de\/erlebnisse\/museum-der-mascarons\/#primaryimage\",\"url\":\"https:\/\/www.myvaldetravers.ch\/wp-content\/uploads\/2019\/04\/MRVT_Mascarons_exterieur.jpg\",\"contentUrl\":\"https:\/\/www.myvaldetravers.ch\/wp-content\/uploads\/2019\/04\/MRVT_Mascarons_exterieur.jpg\",\"width\":1409,\"height\":792,\"caption\":\"Mus\u00e9e des Mascarons, Motiers, val-de-travers\"},{\"@type\":\"BreadcrumbList\",\"@id\":\"https:\/\/www.myvaldetravers.ch\/de\/erlebnisse\/museum-der-mascarons\/#breadcrumb\",\"itemListElement\":[{\"@type\":\"ListItem\",\"position\":1,\"name\":\"Accueil\",\"item\":\"https:\/\/www.myvaldetravers.ch\/de\/\"},{\"@type\":\"ListItem\",\"position\":2,\"name\":\"Erlebnisse\",\"item\":\"https:\/\/www.myvaldetravers.ch\/de\/erlebnisse\/\"},{\"@type\":\"ListItem\",\"position\":3,\"name\":\"MASCARONS-MUSEUM\"}]},{\"@type\":\"WebSite\",\"@id\":\"https:\/\/www.myvaldetravers.ch\/de\/#website\",\"url\":\"https:\/\/www.myvaldetravers.ch\/de\/\",\"name\":\"Destination Val-de-Travers\",\"description\":\"Il y a toujours quelque chose \u00e0 faire au Val-de-Travers.\",\"potentialAction\":[{\"@type\":\"SearchAction\",\"target\":{\"@type\":\"EntryPoint\",\"urlTemplate\":\"https:\/\/www.myvaldetravers.ch\/de\/?s={search_term_string}\"},\"query-input\":{\"@type\":\"PropertyValueSpecification\",\"valueRequired\":true,\"valueName\":\"search_term_string\"}}],\"inLanguage\":\"de\"}]}<\/script>\n<!-- \/ Yoast SEO plugin. -->","yoast_head_json":{"title":"Museum der Uhrenindustrie im Val-de-Travers","description":"Die Dauerausstellung des Mus\u00e9e des Mascarons in Motiers zeigt die reiche Geschichte der Uhrenindustrie im Val-de-Travers.","robots":{"index":"index","follow":"follow","max-snippet":"max-snippet:-1","max-image-preview":"max-image-preview:large","max-video-preview":"max-video-preview:-1"},"canonical":"https:\/\/www.myvaldetravers.ch\/de\/erlebnisse\/museum-der-mascarons\/","og_locale":"de_DE","og_type":"article","og_title":"Museum der Uhrenindustrie im Val-de-Travers","og_description":"Die Dauerausstellung des Mus\u00e9e des Mascarons in Motiers zeigt die reiche Geschichte der Uhrenindustrie im Val-de-Travers.","og_url":"https:\/\/www.myvaldetravers.ch\/de\/erlebnisse\/museum-der-mascarons\/","og_site_name":"Destination Val-de-Travers","article_publisher":"https:\/\/www.facebook.com\/DestinationValdeTravers\/","article_modified_time":"2025-03-12T14:42:47+00:00","og_image":[{"width":1409,"height":792,"url":"https:\/\/www.myvaldetravers.ch\/wp-content\/uploads\/2019\/04\/MRVT_Mascarons_exterieur.jpg","type":"image\/jpeg"}],"twitter_card":"summary_large_image","twitter_misc":{"Gesch\u00e4tzte Lesezeit":"1\u00a0Minute"},"schema":{"@context":"https:\/\/schema.org","@graph":[{"@type":"WebPage","@id":"https:\/\/www.myvaldetravers.ch\/de\/erlebnisse\/museum-der-mascarons\/","url":"https:\/\/www.myvaldetravers.ch\/de\/erlebnisse\/museum-der-mascarons\/","name":"Museum der Uhrenindustrie im Val-de-Travers","isPartOf":{"@id":"https:\/\/www.myvaldetravers.ch\/de\/#website"},"primaryImageOfPage":{"@id":"https:\/\/www.myvaldetravers.ch\/de\/erlebnisse\/museum-der-mascarons\/#primaryimage"},"image":{"@id":"https:\/\/www.myvaldetravers.ch\/de\/erlebnisse\/museum-der-mascarons\/#primaryimage"},"thumbnailUrl":"https:\/\/www.myvaldetravers.ch\/wp-content\/uploads\/2019\/04\/MRVT_Mascarons_exterieur.jpg","datePublished":"2019-04-18T07:22:47+00:00","dateModified":"2025-03-12T14:42:47+00:00","description":"Die Dauerausstellung des Mus\u00e9e des Mascarons in Motiers zeigt die reiche Geschichte der Uhrenindustrie im Val-de-Travers.","breadcrumb":{"@id":"https:\/\/www.myvaldetravers.ch\/de\/erlebnisse\/museum-der-mascarons\/#breadcrumb"},"inLanguage":"de","potentialAction":[{"@type":"ReadAction","target":["https:\/\/www.myvaldetravers.ch\/de\/erlebnisse\/museum-der-mascarons\/"]}]},{"@type":"ImageObject","inLanguage":"de","@id":"https:\/\/www.myvaldetravers.ch\/de\/erlebnisse\/museum-der-mascarons\/#primaryimage","url":"https:\/\/www.myvaldetravers.ch\/wp-content\/uploads\/2019\/04\/MRVT_Mascarons_exterieur.jpg","contentUrl":"https:\/\/www.myvaldetravers.ch\/wp-content\/uploads\/2019\/04\/MRVT_Mascarons_exterieur.jpg","width":1409,"height":792,"caption":"Mus\u00e9e des Mascarons, Motiers, val-de-travers"},{"@type":"BreadcrumbList","@id":"https:\/\/www.myvaldetravers.ch\/de\/erlebnisse\/museum-der-mascarons\/#breadcrumb","itemListElement":[{"@type":"ListItem","position":1,"name":"Accueil","item":"https:\/\/www.myvaldetravers.ch\/de\/"},{"@type":"ListItem","position":2,"name":"Erlebnisse","item":"https:\/\/www.myvaldetravers.ch\/de\/erlebnisse\/"},{"@type":"ListItem","position":3,"name":"MASCARONS-MUSEUM"}]},{"@type":"WebSite","@id":"https:\/\/www.myvaldetravers.ch\/de\/#website","url":"https:\/\/www.myvaldetravers.ch\/de\/","name":"Destination Val-de-Travers","description":"Il y a toujours quelque chose \u00e0 faire au Val-de-Travers.","potentialAction":[{"@type":"SearchAction","target":{"@type":"EntryPoint","urlTemplate":"https:\/\/www.myvaldetravers.ch\/de\/?s={search_term_string}"},"query-input":{"@type":"PropertyValueSpecification","valueRequired":true,"valueName":"search_term_string"}}],"inLanguage":"de"}]}},"_links":{"self":[{"href":"https:\/\/www.myvaldetravers.ch\/de\/wp-json\/wp\/v2\/pages\/2213"}],"collection":[{"href":"https:\/\/www.myvaldetravers.ch\/de\/wp-json\/wp\/v2\/pages"}],"about":[{"href":"https:\/\/www.myvaldetravers.ch\/de\/wp-json\/wp\/v2\/types\/page"}],"author":[{"embeddable":true,"href":"https:\/\/www.myvaldetravers.ch\/de\/wp-json\/wp\/v2\/users\/73"}],"replies":[{"embeddable":true,"href":"https:\/\/www.myvaldetravers.ch\/de\/wp-json\/wp\/v2\/comments?post=2213"}],"version-history":[{"count":15,"href":"https:\/\/www.myvaldetravers.ch\/de\/wp-json\/wp\/v2\/pages\/2213\/revisions"}],"predecessor-version":[{"id":13970,"href":"https:\/\/www.myvaldetravers.ch\/de\/wp-json\/wp\/v2\/pages\/2213\/revisions\/13970"}],"up":[{"embeddable":true,"href":"https:\/\/www.myvaldetravers.ch\/de\/wp-json\/wp\/v2\/pages\/2155"}],"wp:featuredmedia":[{"embeddable":true,"href":"https:\/\/www.myvaldetravers.ch\/de\/wp-json\/wp\/v2\/media\/1621"}],"wp:attachment":[{"href":"https:\/\/www.myvaldetravers.ch\/de\/wp-json\/wp\/v2\/media?parent=2213"}],"curies":[{"name":"wp","href":"https:\/\/api.w.org\/{rel}","templated":true}]}}