{"id":2215,"date":"2019-05-10T15:53:34","date_gmt":"2019-05-10T13:53:34","guid":{"rendered":"https:\/\/www.myvaldetravers.ch\/experiences\/parcours-didactique-bourbaki-les-verrieres\/"},"modified":"2023-09-28T15:34:13","modified_gmt":"2023-09-28T13:34:13","slug":"bourbaki-lehrpfad","status":"publish","type":"page","link":"https:\/\/www.myvaldetravers.ch\/de\/erlebnisse\/bourbaki-lehrpfad\/","title":{"rendered":"BOURBAKI PARCOURS &#038; PANORAMA"},"content":{"rendered":"<p>[vc_row][vc_column][vc_column_text el_class=&#8221;edsi&#8221;]<p><strong>Memorialweg f\u00fcr den Empfang von 90'000 \u00dcberlebenden der franz\u00f6sischen Ost-Armee im Winter 1871.<\/strong><\/p><p>Dieser Lehrpfad wird vor allem von Geschichtsfans gesch\u00e4tzt. Er l\u00e4sst ein f\u00fcr die Schweiz wichtiges historisches Ereignis wieder aufleben und zeugt von der damals erbrachten humanit\u00e4ren Hilfe: Im Winter 1871 fanden 90 000 Soldaten der franz\u00f6sischen Ostarmee unter General Bourbaki in der Schweiz Zuflucht.<\/p><h5>Gut zu wissen<\/h5><h5>Karte<\/h5><div id='map' style='width:500px;height:300px;'><\/div>\n<script type=\"text\/javascript\" src=\"https:\/\/maps.googleapis.com\/maps\/api\/js?key=AIzaSyCTPTigCnFjWZE6vEYcD0SnK25h1MzvSMk\"><\/script>\n\n<script>\n  var markerCenter = new google.maps.LatLng(46.905070525497,6.479563541642);\n  var marker = null;\n\n function initialize() {\n  var mapProp = {\n   center: markerCenter,\n   zoom: 13,\n   mapTypeId: google.maps.MapTypeId.ROADMAP\n   };\n  var map = new google.maps.Map(document.getElementById(\"map\"),mapProp);\n\n   var marker = new google.maps.Marker({\n\t position: markerCenter,\n\t \/\/ animation: google.maps.Animation.BOUNCE,\n   });\n   marker.setMap(map);\n   \n   var infowindow = new google.maps.InfoWindow();\n   infowindow.setContent(\"Auf den Spuren der Bourbakis\");\n   infowindow.open(map, marker);\n\n }\n\n google.maps.event.addDomListener(window, 'load', initialize);\n<\/script>\n[\/vc_column_text][\/vc_column][\/vc_row][vc_row css=&#8221;.vc_custom_1554128789554{margin-top: -0.3em !important;}&#8221;][vc_column width=&#8221;2\/3&#8243;][vc_column_text]\u00abLes Verri\u00e8res &#8211; Au c\u0153ur des \u00e9v\u00e9nements\u00bb: Entdecken Sie den didaktischen Parcours, auf den Spuren humanit\u00e4rer Tradition, Gastfreundschaft und Schweizer Neutralit\u00e4t!<\/p>\n<p>Der Parcours w\u00fcrdigt das Rote Kreuz f\u00fcr seinen ersten Einsatz vor Ort und die Schweizer Bev\u00f6lkerung und Gemeinden f\u00fcr die Gastfreundschaft, mit der sie im Februar 1871 rund 90&#8217;000 Soldaten der franz\u00f6sischen Ostarmee willkommen hiessen.<\/p>\n<p>Kommen Sie und entdecken Sie eine der vergessenen Episoden der j\u00fcngeren Schweizer Geschichte im Sinne des Mottos des Vereins Bourbaki Les Verri\u00e8res \u00abHumanit\u00e4t &#8211; Gastfreundschaft &#8211; Neutralit\u00e4t\u00bb.<\/p>\n<p>Abfahrt vom Bahnhof f\u00fcr einen 5 km langen Spaziergang oder eine Radtour durch Orte, die sich seit 150 Jahren nicht ver\u00e4ndert haben. Das Bourbaki Museum im Rathaus von Verri\u00e8res pr\u00e4sentiert Objekte und Gem\u00e4lde aus der Zeit der Bourbaki-Armee, darunter eine majest\u00e4tische Nachbildung des Panoramas von Edouard Castres.<\/p>\n<h5>PRAKTISCHE TIPPS<\/h5>\n<p>Die Besichtigung des Wandgem\u00e4ldes, des Panorama Bourbaki von Edouard Castres im 1. Stock des H\u00f4tel-de-Ville (h\u00f4tel-restaurant), lohnt sich fraglos! Diese Reproduktion ist teilweise genauer und lesbarer als das Original, das sich im Bourbaki-Museum in Luzern befindet. Es ist m\u00f6glich, in diesem Saal eine Veranstaltung oder ein Essen abzuhalten (Anfrage beim Wirt).<\/p>\n<p>Dieser Lehrpfad kann auch mit dem Velo bestritten werden.<\/p>\n<p>Mit \u00f6ffentlichen Verkehrsmitteln erreichbar und mit zahlreichen Parkpl\u00e4tzen in der N\u00e4he.<\/p>\n<p>F\u00fchrungen f\u00fcr Gruppen nach Anmeldung.<\/p>\n<p>Jeden 1. Februar: Verpassen Sie nicht den Gedenktag, der den Bourbaki-Soldaten und der Schweizer Armee, dem Roten Kreuz sowie dem Schweizer und franz\u00f6sischen Volk gewidmet ist.<\/p>\n<h5>\u00d6FFNUNGSZEITEN UND DETAILS<\/h5>\n<p>\u00d6ffenticher markierter Lehrpfad.<\/p>\n<p>Nutzen Sie die Route, um eine Bourbaki-Men\u00fc im Restaurant <a href=\"https:\/\/hoteldeville-suisse.ch\/restaurant\/\" target=\"_blank\" rel=\"noopener\">H\u00f4tel de Ville<\/a> zu probieren, f\u00fcr CHF 36.00:<\/p>\n<p>Salat des Chefs, oder Bourbaki-Suppe<br \/>\n***<br \/>\nRindsragout mit Pinot Noir, Kartoffelgratin, geschmortes Gem\u00fcse<\/p>\n<h5>KONTAKTDATEN DES PARTNERS<\/h5>\n<p><a href=\"http:\/\/www.bourbaki-verrieres.ch\" target=\"_blank\" rel=\"noopener noreferrer\">www.bourbaki-verrieres.ch<\/a>[\/vc_column_text][\/vc_column][vc_column width=&#8221;1\/3&#8243; css=&#8221;.vc_custom_1554128972031{background-color: #f6f6f7 !important;}&#8221; el_class=&#8221;colonne-info-droite&#8221;][vc_column_text]<\/p>\n<h5><a href=\"https:\/\/www.myvaldetravers.ch\/de\/freizeitkarte\/\" target=\"_blank\" rel=\"noopener noreferrer\">Freizeitkarte Val-de-Travers<\/a><\/h5>\n<p><strong>Inbegriffen in der <a href=\"https:\/\/www.myvaldetravers.ch\/de\/freizeitkarte\/\" target=\"_blank\" rel=\"noopener noreferrer\">Freizeitkarte<\/a>:<\/strong><\/p>\n<p>\u00d6ffentlich zug\u00e4nglicher, markierter Lehrpfad (gratis auch ohne Freizeitpass). Besichtigung des Bourbaki-Wandpanoramas im Rathaus von Les Verri\u00e8res w\u00e4hrend der \u00d6fnungszeiten.<\/p>\n<p><a href=\"http:\/\/www.bourbaki-verrieres.ch\" target=\"_blank\" rel=\"noopener noreferrer\">www.bourbaki-verrieres.ch<\/a>[\/vc_column_text][\/vc_column][\/vc_row][vc_row][vc_column][vc_column_text][\/vc_column_text][vc_separator]<div class=\"cq-dagallery-container\" style=\"width:100%;margin:0 auto;\"><ul class=\"cq-dagallery\" data-gallerywidth=\"100%\" data-width=\"270\" data-height=\"\" data-color=\"#ffffff\" data-background=\"#00bfff\" data-opacity=\"0.8\"><li class=\"\" data-width=\"270\" data-height=\"\" data-margin=\"10px\" style=\"margin:10px\"><a class=\"normal\" href=\"https:\/\/www.myvaldetravers.ch\/wp-content\/uploads\/2019\/06\/11-hommage-bachelin-1.jpg\" rel=\"221562\"><img src='https:\/\/www.myvaldetravers.ch\/wp-content\/uploads\/2019\/06\/11-hommage-bachelin-1-270x152.jpg' width='270' height='' \/><\/a><div class=\"dagallery-info\" style=\"padding:20px;color:#ffffff;background-color:#00bfff\"><\/div><\/li><li class=\"\" data-width=\"270\" data-height=\"\" data-margin=\"10px\" style=\"margin:10px\"><a class=\"normal\" href=\"https:\/\/www.myvaldetravers.ch\/wp-content\/uploads\/2019\/06\/10-panorama-hdv-1.jpg\" rel=\"221562\"><img src='https:\/\/www.myvaldetravers.ch\/wp-content\/uploads\/2019\/06\/10-panorama-hdv-1-270x152.jpg' width='270' height='' \/><\/a><div class=\"dagallery-info\" style=\"padding:20px;color:#ffffff;background-color:#00bfff\"><\/div><\/li><li class=\"\" data-width=\"270\" data-height=\"\" data-margin=\"10px\" style=\"margin:10px\"><a class=\"normal\" href=\"https:\/\/www.myvaldetravers.ch\/wp-content\/uploads\/2019\/06\/09-coeur-evenements-1.jpg\" rel=\"221562\"><img src='https:\/\/www.myvaldetravers.ch\/wp-content\/uploads\/2019\/06\/09-coeur-evenements-1-270x152.jpg' width='270' height='' \/><\/a><div class=\"dagallery-info\" style=\"padding:20px;color:#ffffff;background-color:#00bfff\"><\/div><\/li><li class=\"\" data-width=\"270\" data-height=\"\" data-margin=\"10px\" style=\"margin:10px\"><a class=\"normal\" href=\"https:\/\/www.myvaldetravers.ch\/wp-content\/uploads\/2019\/06\/08-bourbaki-honneur_paysage.jpg\" rel=\"221562\"><img src='https:\/\/www.myvaldetravers.ch\/wp-content\/uploads\/2019\/06\/08-bourbaki-honneur_paysage-270x152.jpg' width='270' height='' \/><\/a><div class=\"dagallery-info\" style=\"padding:20px;color:#ffffff;background-color:#00bfff\"><\/div><\/li><li class=\"\" data-width=\"270\" data-height=\"\" data-margin=\"10px\" style=\"margin:10px\"><a class=\"normal\" href=\"https:\/\/www.myvaldetravers.ch\/wp-content\/uploads\/2019\/06\/07-vue-du-wagon-1.jpg\" rel=\"221562\"><img src='https:\/\/www.myvaldetravers.ch\/wp-content\/uploads\/2019\/06\/07-vue-du-wagon-1-270x152.jpg' width='270' height='' \/><\/a><div class=\"dagallery-info\" style=\"padding:20px;color:#ffffff;background-color:#00bfff\"><\/div><\/li><li class=\"\" data-width=\"270\" data-height=\"\" data-margin=\"10px\" style=\"margin:10px\"><a class=\"normal\" href=\"https:\/\/www.myvaldetravers.ch\/wp-content\/uploads\/2019\/06\/01-panneau-entree-1.jpg\" rel=\"221562\"><img src='https:\/\/www.myvaldetravers.ch\/wp-content\/uploads\/2019\/06\/01-panneau-entree-1-270x152.jpg' width='270' height='' \/><\/a><div class=\"dagallery-info\" style=\"padding:20px;color:#ffffff;background-color:#00bfff\"><\/div><\/li><li class=\"\" data-width=\"270\" data-height=\"\" data-margin=\"10px\" style=\"margin:10px\"><a class=\"normal\" href=\"https:\/\/www.myvaldetravers.ch\/wp-content\/uploads\/2019\/06\/02-panneau-kiosque-1.jpg\" rel=\"221562\"><img src='https:\/\/www.myvaldetravers.ch\/wp-content\/uploads\/2019\/06\/02-panneau-kiosque-1-270x152.jpg' width='270' height='' \/><\/a><div class=\"dagallery-info\" style=\"padding:20px;color:#ffffff;background-color:#00bfff\"><\/div><\/li><li class=\"\" data-width=\"270\" data-height=\"\" data-margin=\"10px\" style=\"margin:10px\"><a class=\"normal\" href=\"https:\/\/www.myvaldetravers.ch\/wp-content\/uploads\/2019\/06\/03-Croix-Blanhe-48-1.jpg\" rel=\"221562\"><img src='https:\/\/www.myvaldetravers.ch\/wp-content\/uploads\/2019\/06\/03-Croix-Blanhe-48-1-270x152.jpg' width='270' height='' \/><\/a><div class=\"dagallery-info\" style=\"padding:20px;color:#ffffff;background-color:#00bfff\"><\/div><\/li><li class=\"\" data-width=\"270\" data-height=\"\" data-margin=\"10px\" style=\"margin:10px\"><a class=\"normal\" href=\"https:\/\/www.myvaldetravers.ch\/wp-content\/uploads\/2019\/06\/04-drapeaux-temple-1.jpg\" rel=\"221562\"><img src='https:\/\/www.myvaldetravers.ch\/wp-content\/uploads\/2019\/06\/04-drapeaux-temple-1-270x152.jpg' width='270' height='' \/><\/a><div class=\"dagallery-info\" style=\"padding:20px;color:#ffffff;background-color:#00bfff\"><\/div><\/li><li class=\"\" data-width=\"270\" data-height=\"\" data-margin=\"10px\" style=\"margin:10px\"><a class=\"normal\" href=\"https:\/\/www.myvaldetravers.ch\/wp-content\/uploads\/2019\/06\/05-commemoration-souvenir-1.jpg\" rel=\"221562\"><img src='https:\/\/www.myvaldetravers.ch\/wp-content\/uploads\/2019\/06\/05-commemoration-souvenir-1-270x152.jpg' width='270' height='' \/><\/a><div class=\"dagallery-info\" style=\"padding:20px;color:#ffffff;background-color:#00bfff\"><\/div><\/li><li class=\"\" data-width=\"270\" data-height=\"\" data-margin=\"10px\" style=\"margin:10px\"><a class=\"normal\" href=\"https:\/\/www.myvaldetravers.ch\/wp-content\/uploads\/2019\/06\/06-moulin-188communes_paysage.jpg\" rel=\"221562\"><img src='https:\/\/www.myvaldetravers.ch\/wp-content\/uploads\/2019\/06\/06-moulin-188communes_paysage-270x152.jpg' width='270' height='' \/><\/a><div class=\"dagallery-info\" style=\"padding:20px;color:#ffffff;background-color:#00bfff\"><\/div><\/li><li class=\"\" data-width=\"270\" data-height=\"\" data-margin=\"10px\" style=\"margin:10px\"><a class=\"normal\" href=\"https:\/\/www.myvaldetravers.ch\/wp-content\/uploads\/2019\/06\/Bourbaki-paysage.jpg\" rel=\"221562\"><img src='https:\/\/www.myvaldetravers.ch\/wp-content\/uploads\/2019\/06\/Bourbaki-paysage-270x152.jpg' width='270' height='' \/><\/a><div class=\"dagallery-info\" style=\"padding:20px;color:#ffffff;background-color:#00bfff\"><\/div><\/li><li class=\"\" data-width=\"270\" data-height=\"\" data-margin=\"10px\" style=\"margin:10px\"><a class=\"normal\" href=\"https:\/\/www.myvaldetravers.ch\/wp-content\/uploads\/2019\/06\/12-art-des-valeurs-1.jpg\" rel=\"221562\"><img src='https:\/\/www.myvaldetravers.ch\/wp-content\/uploads\/2019\/06\/12-art-des-valeurs-1-270x152.jpg' width='270' height='' \/><\/a><div class=\"dagallery-info\" style=\"padding:20px;color:#ffffff;background-color:#00bfff\"><\/div><\/li><\/ul><\/div>[\/vc_column][\/vc_row]<\/p>\n","protected":false},"excerpt":{"rendered":"<p>[vc_row][vc_column][vc_column_text el_class=&#8221;edsi&#8221;][\/vc_column_text][\/vc_column][\/vc_row][vc_row css=&#8221;.vc_custom_1554128789554{margin-top: -0.3em !important;}&#8221;][vc_column width=&#8221;2\/3&#8243;][vc_column_text]\u00abLes Verri\u00e8res &#8211; Au c\u0153ur des \u00e9v\u00e9nements\u00bb: Entdecken Sie den didaktischen Parcours, auf den Spuren humanit\u00e4rer Tradition, Gastfreundschaft und Schweizer Neutralit\u00e4t! Der Parcours w\u00fcrdigt das&hellip;<\/p>\n","protected":false},"author":73,"featured_media":2635,"parent":2155,"menu_order":0,"comment_status":"closed","ping_status":"closed","template":"","meta":{"footnotes":""},"yoast_head":"<!-- This site is optimized with the Yoast SEO plugin v23.5 - https:\/\/yoast.com\/wordpress\/plugins\/seo\/ -->\n<title>Ausflug im Jura: Bourbaki Panorama im Val-de-Travers<\/title>\n<meta name=\"description\" content=\"Entdecken Sie den Bourbaki-Parcours, das Museum und Edouard Castres Wandpanorama in Les Verri\u00e8res im Val-de-Travers.\" \/>\n<meta name=\"robots\" content=\"index, follow, max-snippet:-1, max-image-preview:large, max-video-preview:-1\" \/>\n<link rel=\"canonical\" href=\"https:\/\/www.myvaldetravers.ch\/de\/erlebnisse\/bourbaki-lehrpfad\/\" \/>\n<meta property=\"og:locale\" content=\"de_DE\" \/>\n<meta property=\"og:type\" content=\"article\" \/>\n<meta property=\"og:title\" content=\"Ausflug im Jura: Bourbaki Panorama im Val-de-Travers\" \/>\n<meta property=\"og:description\" content=\"Entdecken Sie den Bourbaki-Parcours, das Museum und Edouard Castres Wandpanorama in Les Verri\u00e8res im Val-de-Travers.\" \/>\n<meta property=\"og:url\" content=\"https:\/\/www.myvaldetravers.ch\/de\/erlebnisse\/bourbaki-lehrpfad\/\" \/>\n<meta property=\"og:site_name\" content=\"Destination Val-de-Travers\" \/>\n<meta property=\"article:publisher\" content=\"https:\/\/www.facebook.com\/DestinationValdeTravers\/\" \/>\n<meta property=\"article:modified_time\" content=\"2023-09-28T13:34:13+00:00\" \/>\n<meta property=\"og:image\" content=\"https:\/\/www.myvaldetravers.ch\/wp-content\/uploads\/2019\/06\/12-art-des-valeurs-1.jpg\" \/>\n\t<meta property=\"og:image:width\" content=\"4603\" \/>\n\t<meta property=\"og:image:height\" content=\"2590\" \/>\n\t<meta property=\"og:image:type\" content=\"image\/jpeg\" \/>\n<meta name=\"twitter:card\" content=\"summary_large_image\" \/>\n<meta name=\"twitter:label1\" content=\"Gesch\u00e4tzte Lesezeit\" \/>\n\t<meta name=\"twitter:data1\" content=\"2\u00a0Minuten\" \/>\n<script type=\"application\/ld+json\" class=\"yoast-schema-graph\">{\"@context\":\"https:\/\/schema.org\",\"@graph\":[{\"@type\":\"WebPage\",\"@id\":\"https:\/\/www.myvaldetravers.ch\/de\/erlebnisse\/bourbaki-lehrpfad\/\",\"url\":\"https:\/\/www.myvaldetravers.ch\/de\/erlebnisse\/bourbaki-lehrpfad\/\",\"name\":\"Ausflug im Jura: Bourbaki Panorama im Val-de-Travers\",\"isPartOf\":{\"@id\":\"https:\/\/www.myvaldetravers.ch\/de\/#website\"},\"primaryImageOfPage\":{\"@id\":\"https:\/\/www.myvaldetravers.ch\/de\/erlebnisse\/bourbaki-lehrpfad\/#primaryimage\"},\"image\":{\"@id\":\"https:\/\/www.myvaldetravers.ch\/de\/erlebnisse\/bourbaki-lehrpfad\/#primaryimage\"},\"thumbnailUrl\":\"https:\/\/www.myvaldetravers.ch\/wp-content\/uploads\/2019\/06\/12-art-des-valeurs-1.jpg\",\"datePublished\":\"2019-05-10T13:53:34+00:00\",\"dateModified\":\"2023-09-28T13:34:13+00:00\",\"description\":\"Entdecken Sie den Bourbaki-Parcours, das Museum und Edouard Castres Wandpanorama in Les Verri\u00e8res im Val-de-Travers.\",\"breadcrumb\":{\"@id\":\"https:\/\/www.myvaldetravers.ch\/de\/erlebnisse\/bourbaki-lehrpfad\/#breadcrumb\"},\"inLanguage\":\"de\",\"potentialAction\":[{\"@type\":\"ReadAction\",\"target\":[\"https:\/\/www.myvaldetravers.ch\/de\/erlebnisse\/bourbaki-lehrpfad\/\"]}]},{\"@type\":\"ImageObject\",\"inLanguage\":\"de\",\"@id\":\"https:\/\/www.myvaldetravers.ch\/de\/erlebnisse\/bourbaki-lehrpfad\/#primaryimage\",\"url\":\"https:\/\/www.myvaldetravers.ch\/wp-content\/uploads\/2019\/06\/12-art-des-valeurs-1.jpg\",\"contentUrl\":\"https:\/\/www.myvaldetravers.ch\/wp-content\/uploads\/2019\/06\/12-art-des-valeurs-1.jpg\",\"width\":4603,\"height\":2590,\"caption\":\"Bourbaki-Panorama, val-de-Travers\"},{\"@type\":\"BreadcrumbList\",\"@id\":\"https:\/\/www.myvaldetravers.ch\/de\/erlebnisse\/bourbaki-lehrpfad\/#breadcrumb\",\"itemListElement\":[{\"@type\":\"ListItem\",\"position\":1,\"name\":\"Accueil\",\"item\":\"https:\/\/www.myvaldetravers.ch\/de\/\"},{\"@type\":\"ListItem\",\"position\":2,\"name\":\"Erlebnisse\",\"item\":\"https:\/\/www.myvaldetravers.ch\/de\/erlebnisse\/\"},{\"@type\":\"ListItem\",\"position\":3,\"name\":\"BOURBAKI PARCOURS &#038; PANORAMA\"}]},{\"@type\":\"WebSite\",\"@id\":\"https:\/\/www.myvaldetravers.ch\/de\/#website\",\"url\":\"https:\/\/www.myvaldetravers.ch\/de\/\",\"name\":\"Destination Val-de-Travers\",\"description\":\"Il y a toujours quelque chose \u00e0 faire au Val-de-Travers.\",\"potentialAction\":[{\"@type\":\"SearchAction\",\"target\":{\"@type\":\"EntryPoint\",\"urlTemplate\":\"https:\/\/www.myvaldetravers.ch\/de\/?s={search_term_string}\"},\"query-input\":{\"@type\":\"PropertyValueSpecification\",\"valueRequired\":true,\"valueName\":\"search_term_string\"}}],\"inLanguage\":\"de\"}]}<\/script>\n<!-- \/ Yoast SEO plugin. -->","yoast_head_json":{"title":"Ausflug im Jura: Bourbaki Panorama im Val-de-Travers","description":"Entdecken Sie den Bourbaki-Parcours, das Museum und Edouard Castres Wandpanorama in Les Verri\u00e8res im Val-de-Travers.","robots":{"index":"index","follow":"follow","max-snippet":"max-snippet:-1","max-image-preview":"max-image-preview:large","max-video-preview":"max-video-preview:-1"},"canonical":"https:\/\/www.myvaldetravers.ch\/de\/erlebnisse\/bourbaki-lehrpfad\/","og_locale":"de_DE","og_type":"article","og_title":"Ausflug im Jura: Bourbaki Panorama im Val-de-Travers","og_description":"Entdecken Sie den Bourbaki-Parcours, das Museum und Edouard Castres Wandpanorama in Les Verri\u00e8res im Val-de-Travers.","og_url":"https:\/\/www.myvaldetravers.ch\/de\/erlebnisse\/bourbaki-lehrpfad\/","og_site_name":"Destination Val-de-Travers","article_publisher":"https:\/\/www.facebook.com\/DestinationValdeTravers\/","article_modified_time":"2023-09-28T13:34:13+00:00","og_image":[{"width":4603,"height":2590,"url":"https:\/\/www.myvaldetravers.ch\/wp-content\/uploads\/2019\/06\/12-art-des-valeurs-1.jpg","type":"image\/jpeg"}],"twitter_card":"summary_large_image","twitter_misc":{"Gesch\u00e4tzte Lesezeit":"2\u00a0Minuten"},"schema":{"@context":"https:\/\/schema.org","@graph":[{"@type":"WebPage","@id":"https:\/\/www.myvaldetravers.ch\/de\/erlebnisse\/bourbaki-lehrpfad\/","url":"https:\/\/www.myvaldetravers.ch\/de\/erlebnisse\/bourbaki-lehrpfad\/","name":"Ausflug im Jura: Bourbaki Panorama im Val-de-Travers","isPartOf":{"@id":"https:\/\/www.myvaldetravers.ch\/de\/#website"},"primaryImageOfPage":{"@id":"https:\/\/www.myvaldetravers.ch\/de\/erlebnisse\/bourbaki-lehrpfad\/#primaryimage"},"image":{"@id":"https:\/\/www.myvaldetravers.ch\/de\/erlebnisse\/bourbaki-lehrpfad\/#primaryimage"},"thumbnailUrl":"https:\/\/www.myvaldetravers.ch\/wp-content\/uploads\/2019\/06\/12-art-des-valeurs-1.jpg","datePublished":"2019-05-10T13:53:34+00:00","dateModified":"2023-09-28T13:34:13+00:00","description":"Entdecken Sie den Bourbaki-Parcours, das Museum und Edouard Castres Wandpanorama in Les Verri\u00e8res im Val-de-Travers.","breadcrumb":{"@id":"https:\/\/www.myvaldetravers.ch\/de\/erlebnisse\/bourbaki-lehrpfad\/#breadcrumb"},"inLanguage":"de","potentialAction":[{"@type":"ReadAction","target":["https:\/\/www.myvaldetravers.ch\/de\/erlebnisse\/bourbaki-lehrpfad\/"]}]},{"@type":"ImageObject","inLanguage":"de","@id":"https:\/\/www.myvaldetravers.ch\/de\/erlebnisse\/bourbaki-lehrpfad\/#primaryimage","url":"https:\/\/www.myvaldetravers.ch\/wp-content\/uploads\/2019\/06\/12-art-des-valeurs-1.jpg","contentUrl":"https:\/\/www.myvaldetravers.ch\/wp-content\/uploads\/2019\/06\/12-art-des-valeurs-1.jpg","width":4603,"height":2590,"caption":"Bourbaki-Panorama, val-de-Travers"},{"@type":"BreadcrumbList","@id":"https:\/\/www.myvaldetravers.ch\/de\/erlebnisse\/bourbaki-lehrpfad\/#breadcrumb","itemListElement":[{"@type":"ListItem","position":1,"name":"Accueil","item":"https:\/\/www.myvaldetravers.ch\/de\/"},{"@type":"ListItem","position":2,"name":"Erlebnisse","item":"https:\/\/www.myvaldetravers.ch\/de\/erlebnisse\/"},{"@type":"ListItem","position":3,"name":"BOURBAKI PARCOURS &#038; PANORAMA"}]},{"@type":"WebSite","@id":"https:\/\/www.myvaldetravers.ch\/de\/#website","url":"https:\/\/www.myvaldetravers.ch\/de\/","name":"Destination Val-de-Travers","description":"Il y a toujours quelque chose \u00e0 faire au Val-de-Travers.","potentialAction":[{"@type":"SearchAction","target":{"@type":"EntryPoint","urlTemplate":"https:\/\/www.myvaldetravers.ch\/de\/?s={search_term_string}"},"query-input":{"@type":"PropertyValueSpecification","valueRequired":true,"valueName":"search_term_string"}}],"inLanguage":"de"}]}},"_links":{"self":[{"href":"https:\/\/www.myvaldetravers.ch\/de\/wp-json\/wp\/v2\/pages\/2215"}],"collection":[{"href":"https:\/\/www.myvaldetravers.ch\/de\/wp-json\/wp\/v2\/pages"}],"about":[{"href":"https:\/\/www.myvaldetravers.ch\/de\/wp-json\/wp\/v2\/types\/page"}],"author":[{"embeddable":true,"href":"https:\/\/www.myvaldetravers.ch\/de\/wp-json\/wp\/v2\/users\/73"}],"replies":[{"embeddable":true,"href":"https:\/\/www.myvaldetravers.ch\/de\/wp-json\/wp\/v2\/comments?post=2215"}],"version-history":[{"count":15,"href":"https:\/\/www.myvaldetravers.ch\/de\/wp-json\/wp\/v2\/pages\/2215\/revisions"}],"predecessor-version":[{"id":11881,"href":"https:\/\/www.myvaldetravers.ch\/de\/wp-json\/wp\/v2\/pages\/2215\/revisions\/11881"}],"up":[{"embeddable":true,"href":"https:\/\/www.myvaldetravers.ch\/de\/wp-json\/wp\/v2\/pages\/2155"}],"wp:featuredmedia":[{"embeddable":true,"href":"https:\/\/www.myvaldetravers.ch\/de\/wp-json\/wp\/v2\/media\/2635"}],"wp:attachment":[{"href":"https:\/\/www.myvaldetravers.ch\/de\/wp-json\/wp\/v2\/media?parent=2215"}],"curies":[{"name":"wp","href":"https:\/\/api.w.org\/{rel}","templated":true}]}}