{"id":2217,"date":"2019-04-29T11:26:28","date_gmt":"2019-04-29T09:26:28","guid":{"rendered":"https:\/\/www.myvaldetravers.ch\/experiences\/pays-de-labsinthe\/"},"modified":"2024-05-08T10:45:47","modified_gmt":"2024-05-08T08:45:47","slug":"absinth-land","status":"publish","type":"page","link":"https:\/\/www.myvaldetravers.ch\/de\/erlebnisse\/absinth-land\/","title":{"rendered":"Val-de-Travers: Das Land des Absinths"},"content":{"rendered":"<p>[vc_row css=&#8221;.vc_custom_1554128789554{margin-top: -0.3em !important;}&#8221;][vc_column][vc_column_text]<\/p>\n<h2>Val-de-Travers: Im Land des Absinth<\/h2>\n<p>Der ber\u00fchmte Absinth ist eine Spezialit\u00e4t zwischen Mythos und gelebter Realit\u00e4t, ein genussvoller Teil unserer Kultur und ein absolutes Muss f\u00fcr Ihren Aufenthalt im Val-de-Travers!<\/p>\n<p>Das Val-de-Travers wurde zu einer der &#8220;Kulinarishe Genussorte&#8221; der Schweiz ernannt, da das Getr\u00e4nk so emblematisch ist. Dies bedeutet f\u00fcr den Besucher, dass er in die Geschm\u00e4cker, das Kulturerbe und die Kultur der Region eintauchen kann.<\/p>\n<p>Entdecken Sie den Absinth aus dem Val-de-Travers!<\/p>\n<p><a href=\"https:\/\/www.myvaldetravers.ch\/de\/erlebnisse\/absinth-land\/logo-val-de-travers-2\/\" rel=\"attachment wp-att-12545\"><img loading=\"lazy\" decoding=\"async\" class=\"alignnone wp-image-12545\" src=\"https:\/\/www.myvaldetravers.ch\/wp-content\/uploads\/2024\/05\/Logo-Val-de-Travers.png\" alt=\"\" width=\"159\" height=\"159\" srcset=\"https:\/\/www.myvaldetravers.ch\/wp-content\/uploads\/2024\/05\/Logo-Val-de-Travers.png 3375w, https:\/\/www.myvaldetravers.ch\/wp-content\/uploads\/2024\/05\/Logo-Val-de-Travers-300x300.png 300w, https:\/\/www.myvaldetravers.ch\/wp-content\/uploads\/2024\/05\/Logo-Val-de-Travers-1024x1024.png 1024w, https:\/\/www.myvaldetravers.ch\/wp-content\/uploads\/2024\/05\/Logo-Val-de-Travers-150x150.png 150w, https:\/\/www.myvaldetravers.ch\/wp-content\/uploads\/2024\/05\/Logo-Val-de-Travers-768x768.png 768w, https:\/\/www.myvaldetravers.ch\/wp-content\/uploads\/2024\/05\/Logo-Val-de-Travers-1536x1536.png 1536w, https:\/\/www.myvaldetravers.ch\/wp-content\/uploads\/2024\/05\/Logo-Val-de-Travers-2048x2048.png 2048w, https:\/\/www.myvaldetravers.ch\/wp-content\/uploads\/2024\/05\/Logo-Val-de-Travers-65x65.png 65w, https:\/\/www.myvaldetravers.ch\/wp-content\/uploads\/2024\/05\/Logo-Val-de-Travers-370x370.png 370w, https:\/\/www.myvaldetravers.ch\/wp-content\/uploads\/2024\/05\/Logo-Val-de-Travers-90x90.png 90w, https:\/\/www.myvaldetravers.ch\/wp-content\/uploads\/2024\/05\/Logo-Val-de-Travers-322x322.png 322w, https:\/\/www.myvaldetravers.ch\/wp-content\/uploads\/2024\/05\/Logo-Val-de-Travers-360x360.png 360w, https:\/\/www.myvaldetravers.ch\/wp-content\/uploads\/2024\/05\/Logo-Val-de-Travers-760x760.png 760w\" sizes=\"(max-width: 159px) 100vw, 159px\" \/><\/a>[\/vc_column_text][vc_separator][vc_empty_space hide_on_mobile=&#8221;&#8221;][\/vc_column][\/vc_row][vc_row][vc_column width=&#8221;1\/4&#8243;][vc_column_text]<\/p>\n<figure id=\"attachment_1821\" aria-describedby=\"caption-attachment-1821\" style=\"width: 300px\" class=\"wp-caption alignnone\"><a href=\"https:\/\/www.myvaldetravers.ch\/de\/experiences\/maison-de-l-absinthe\/\" target=\"_blank\" rel=\"noopener noreferrer\"><img loading=\"lazy\" decoding=\"async\" class=\"wp-image-1821 size-medium\" src=\"https:\/\/www.myvaldetravers.ch\/wp-content\/uploads\/2019\/04\/Mabs_matin2_YK-3-300x169.jpg\" alt=\"\" width=\"300\" height=\"169\" srcset=\"https:\/\/www.myvaldetravers.ch\/wp-content\/uploads\/2019\/04\/Mabs_matin2_YK-3-300x169.jpg 300w, https:\/\/www.myvaldetravers.ch\/wp-content\/uploads\/2019\/04\/Mabs_matin2_YK-3-768x432.jpg 768w, https:\/\/www.myvaldetravers.ch\/wp-content\/uploads\/2019\/04\/Mabs_matin2_YK-3-1024x576.jpg 1024w, https:\/\/www.myvaldetravers.ch\/wp-content\/uploads\/2019\/04\/Mabs_matin2_YK-3-370x208.jpg 370w, https:\/\/www.myvaldetravers.ch\/wp-content\/uploads\/2019\/04\/Mabs_matin2_YK-3-1170x658.jpg 1170w, https:\/\/www.myvaldetravers.ch\/wp-content\/uploads\/2019\/04\/Mabs_matin2_YK-3-760x428.jpg 760w, https:\/\/www.myvaldetravers.ch\/wp-content\/uploads\/2019\/04\/Mabs_matin2_YK-3-270x152.jpg 270w\" sizes=\"(max-width: 300px) 100vw, 300px\" \/><\/a><figcaption id=\"caption-attachment-1821\" class=\"wp-caption-text\">Maison de l&#8217;Absinthe<\/figcaption><\/figure>\n<p>[\/vc_column_text][vc_empty_space hide_on_mobile=&#8221;&#8221;][\/vc_column][vc_column width=&#8221;1\/4&#8243;][vc_column_text]<\/p>\n<figure id=\"attachment_1818\" aria-describedby=\"caption-attachment-1818\" style=\"width: 300px\" class=\"wp-caption alignnone\"><a href=\"https:\/\/www.myvaldetravers.ch\/de\/erfahrungen\/absinth-trocknerei\/\" target=\"_blank\" rel=\"noopener\"><img loading=\"lazy\" decoding=\"async\" class=\"wp-image-1818 size-medium\" src=\"https:\/\/www.myvaldetravers.ch\/wp-content\/uploads\/2019\/04\/p298552_655617491_4-1-1-300x169.jpg\" alt=\"\" width=\"300\" height=\"169\" srcset=\"https:\/\/www.myvaldetravers.ch\/wp-content\/uploads\/2019\/04\/p298552_655617491_4-1-1-300x169.jpg 300w, https:\/\/www.myvaldetravers.ch\/wp-content\/uploads\/2019\/04\/p298552_655617491_4-1-1-768x432.jpg 768w, https:\/\/www.myvaldetravers.ch\/wp-content\/uploads\/2019\/04\/p298552_655617491_4-1-1-370x208.jpg 370w, https:\/\/www.myvaldetravers.ch\/wp-content\/uploads\/2019\/04\/p298552_655617491_4-1-1-760x427.jpg 760w, https:\/\/www.myvaldetravers.ch\/wp-content\/uploads\/2019\/04\/p298552_655617491_4-1-1-270x152.jpg 270w, https:\/\/www.myvaldetravers.ch\/wp-content\/uploads\/2019\/04\/p298552_655617491_4-1-1.jpg 799w\" sizes=\"(max-width: 300px) 100vw, 300px\" \/><\/a><figcaption id=\"caption-attachment-1818\" class=\"wp-caption-text\">Absinth-Trocknerei<\/figcaption><\/figure>\n<p>[\/vc_column_text][vc_empty_space hide_on_mobile=&#8221;&#8221;][\/vc_column][vc_column width=&#8221;1\/4&#8243;][vc_column_text]<\/p>\n<figure id=\"attachment_1567\" aria-describedby=\"caption-attachment-1567\" style=\"width: 300px\" class=\"wp-caption alignnone\"><a href=\"https:\/\/www.myvaldetravers.ch\/de\/absinth-degustation\/\" target=\"_blank\" rel=\"noopener\"><img loading=\"lazy\" decoding=\"async\" class=\"wp-image-1567 size-medium\" title=\"Guillaume Perret \/ lundi13, pour l\u2019Association Pays de l\u2019absinthe\" src=\"https:\/\/www.myvaldetravers.ch\/wp-content\/uploads\/2019\/04\/Mabs_Fotos2019_MG_3485-300x169.jpg\" alt=\"Maison de l'Absinthe, Motiers, Val-de-Travers\" width=\"300\" height=\"169\" srcset=\"https:\/\/www.myvaldetravers.ch\/wp-content\/uploads\/2019\/04\/Mabs_Fotos2019_MG_3485-300x169.jpg 300w, https:\/\/www.myvaldetravers.ch\/wp-content\/uploads\/2019\/04\/Mabs_Fotos2019_MG_3485-768x432.jpg 768w, https:\/\/www.myvaldetravers.ch\/wp-content\/uploads\/2019\/04\/Mabs_Fotos2019_MG_3485-1024x576.jpg 1024w, https:\/\/www.myvaldetravers.ch\/wp-content\/uploads\/2019\/04\/Mabs_Fotos2019_MG_3485-370x208.jpg 370w, https:\/\/www.myvaldetravers.ch\/wp-content\/uploads\/2019\/04\/Mabs_Fotos2019_MG_3485-1170x658.jpg 1170w, https:\/\/www.myvaldetravers.ch\/wp-content\/uploads\/2019\/04\/Mabs_Fotos2019_MG_3485-760x428.jpg 760w, https:\/\/www.myvaldetravers.ch\/wp-content\/uploads\/2019\/04\/Mabs_Fotos2019_MG_3485-270x152.jpg 270w\" sizes=\"(max-width: 300px) 100vw, 300px\" \/><\/a><figcaption id=\"caption-attachment-1567\" class=\"wp-caption-text\">Absinth Degustation<\/figcaption><\/figure>\n<p>[\/vc_column_text][vc_empty_space hide_on_mobile=&#8221;&#8221;][\/vc_column][vc_column width=&#8221;1\/4&#8243;][\/vc_column][\/vc_row][vc_row][vc_column width=&#8221;1\/4&#8243;][vc_column_text]<\/p>\n<figure id=\"attachment_11130\" aria-describedby=\"caption-attachment-11130\" style=\"width: 300px\" class=\"wp-caption alignnone\"><a href=\"https:\/\/www.absintheenfete.ch\/#\/\" target=\"_blank\" rel=\"noopener\"><img loading=\"lazy\" decoding=\"async\" class=\"wp-image-11130 size-full\" src=\"https:\/\/www.myvaldetravers.ch\/wp-content\/uploads\/2023\/04\/AeF_logo300.jpg\" alt=\"\" width=\"300\" height=\"169\" srcset=\"https:\/\/www.myvaldetravers.ch\/wp-content\/uploads\/2023\/04\/AeF_logo300.jpg 300w, https:\/\/www.myvaldetravers.ch\/wp-content\/uploads\/2023\/04\/AeF_logo300-270x152.jpg 270w\" sizes=\"(max-width: 300px) 100vw, 300px\" \/><\/a><figcaption id=\"caption-attachment-11130\" class=\"wp-caption-text\">Absinthe en f\u00eate<\/figcaption><\/figure>\n<p>[\/vc_column_text][vc_empty_space hide_on_mobile=&#8221;&#8221;][\/vc_column][vc_column width=&#8221;1\/4&#8243;][vc_column_text]<\/p>\n<figure id=\"attachment_1816\" aria-describedby=\"caption-attachment-1816\" style=\"width: 300px\" class=\"wp-caption alignnone\"><a href=\"https:\/\/www.myvaldetravers.ch\/de\/erlebnisse\/absinthbrennereien\/\" target=\"_blank\" rel=\"noopener\"><img loading=\"lazy\" decoding=\"async\" class=\"wp-image-1816 size-medium\" src=\"https:\/\/www.myvaldetravers.ch\/wp-content\/uploads\/2019\/04\/Mabs_Fotos2019_alambic_distillateur-1-300x169.jpg\" alt=\"Maison de l'Absinthe, Motiers, Val-de-Travers\" width=\"300\" height=\"169\" srcset=\"https:\/\/www.myvaldetravers.ch\/wp-content\/uploads\/2019\/04\/Mabs_Fotos2019_alambic_distillateur-1-300x169.jpg 300w, https:\/\/www.myvaldetravers.ch\/wp-content\/uploads\/2019\/04\/Mabs_Fotos2019_alambic_distillateur-1-768x432.jpg 768w, https:\/\/www.myvaldetravers.ch\/wp-content\/uploads\/2019\/04\/Mabs_Fotos2019_alambic_distillateur-1-1024x576.jpg 1024w, https:\/\/www.myvaldetravers.ch\/wp-content\/uploads\/2019\/04\/Mabs_Fotos2019_alambic_distillateur-1-370x208.jpg 370w, https:\/\/www.myvaldetravers.ch\/wp-content\/uploads\/2019\/04\/Mabs_Fotos2019_alambic_distillateur-1-1170x658.jpg 1170w, https:\/\/www.myvaldetravers.ch\/wp-content\/uploads\/2019\/04\/Mabs_Fotos2019_alambic_distillateur-1-760x428.jpg 760w, https:\/\/www.myvaldetravers.ch\/wp-content\/uploads\/2019\/04\/Mabs_Fotos2019_alambic_distillateur-1-270x152.jpg 270w\" sizes=\"(max-width: 300px) 100vw, 300px\" \/><\/a><figcaption id=\"caption-attachment-1816\" class=\"wp-caption-text\">Destillateure<\/figcaption><\/figure>\n<p>[\/vc_column_text][vc_empty_space hide_on_mobile=&#8221;&#8221;][\/vc_column][vc_column width=&#8221;1\/4&#8243;][vc_column_text]<\/p>\n<figure id=\"attachment_5617\" aria-describedby=\"caption-attachment-5617\" style=\"width: 299px\" class=\"wp-caption alignnone\"><a href=\"https:\/\/www.j3l.ch\/de\/V1614\/wanderweg-der-route-de-l-absinthe\" target=\"_blank\" rel=\"noopener\"><img loading=\"lazy\" decoding=\"async\" class=\"wp-image-5617 size-full\" title=\"Fontaine des F\u00e9es, Buttes \/ \u00a9 Guillaume Perret\" src=\"https:\/\/www.myvaldetravers.ch\/wp-content\/uploads\/2021\/01\/GPE1046181-1.jpg\" alt=\"Fontaine des F\u00e9es, Buttes \/ \u00a9 Guillaume Perret\" width=\"299\" height=\"169\" srcset=\"https:\/\/www.myvaldetravers.ch\/wp-content\/uploads\/2021\/01\/GPE1046181-1.jpg 299w, https:\/\/www.myvaldetravers.ch\/wp-content\/uploads\/2021\/01\/GPE1046181-1-270x152.jpg 270w\" sizes=\"(max-width: 299px) 100vw, 299px\" \/><\/a><figcaption id=\"caption-attachment-5617\" class=\"wp-caption-text\">Absinth-Strasse<\/figcaption><\/figure>\n<p>[\/vc_column_text][vc_empty_space hide_on_mobile=&#8221;&#8221;][\/vc_column][\/vc_row]<\/p>\n","protected":false},"excerpt":{"rendered":"<p>[vc_row css=&#8221;.vc_custom_1554128789554{margin-top: -0.3em !important;}&#8221;][vc_column][vc_column_text] Val-de-Travers: Im Land des Absinth Der ber\u00fchmte Absinth ist eine Spezialit\u00e4t zwischen Mythos und gelebter Realit\u00e4t, ein genussvoller Teil unserer Kultur und ein absolutes Muss f\u00fcr&hellip;<\/p>\n","protected":false},"author":73,"featured_media":1579,"parent":2155,"menu_order":0,"comment_status":"closed","ping_status":"closed","template":"","meta":{"footnotes":""},"yoast_head":"<!-- This site is optimized with the Yoast SEO plugin v23.5 - https:\/\/yoast.com\/wordpress\/plugins\/seo\/ -->\n<title>Val-de-Travers: Im Land des Absinths<\/title>\n<meta name=\"description\" content=\"Von der Herstellung bis zur Degustation: Der ber\u00fchmte Absinth ist ein Muss bei Ihrem Aufenthalt im Val-de-Travers.\" \/>\n<meta name=\"robots\" content=\"index, follow, max-snippet:-1, max-image-preview:large, max-video-preview:-1\" \/>\n<link rel=\"canonical\" href=\"https:\/\/www.myvaldetravers.ch\/de\/erlebnisse\/absinth-land\/\" \/>\n<meta property=\"og:locale\" content=\"de_DE\" \/>\n<meta property=\"og:type\" content=\"article\" \/>\n<meta property=\"og:title\" content=\"Val-de-Travers: Im Land des Absinths\" \/>\n<meta property=\"og:description\" content=\"Von der Herstellung bis zur Degustation: Der ber\u00fchmte Absinth ist ein Muss bei Ihrem Aufenthalt im Val-de-Travers.\" \/>\n<meta property=\"og:url\" content=\"https:\/\/www.myvaldetravers.ch\/de\/erlebnisse\/absinth-land\/\" \/>\n<meta property=\"og:site_name\" content=\"Destination Val-de-Travers\" \/>\n<meta property=\"article:publisher\" content=\"https:\/\/www.facebook.com\/DestinationValdeTravers\/\" \/>\n<meta property=\"article:modified_time\" content=\"2024-05-08T08:45:47+00:00\" \/>\n<meta property=\"og:image\" content=\"https:\/\/www.myvaldetravers.ch\/wp-content\/uploads\/2019\/04\/p298552_819993372_4.jpg\" \/>\n\t<meta property=\"og:image:width\" content=\"800\" \/>\n\t<meta property=\"og:image:height\" content=\"533\" \/>\n\t<meta property=\"og:image:type\" content=\"image\/jpeg\" \/>\n<meta name=\"twitter:card\" content=\"summary_large_image\" \/>\n<meta name=\"twitter:label1\" content=\"Gesch\u00e4tzte Lesezeit\" \/>\n\t<meta name=\"twitter:data1\" content=\"2\u00a0Minuten\" \/>\n<script type=\"application\/ld+json\" class=\"yoast-schema-graph\">{\"@context\":\"https:\/\/schema.org\",\"@graph\":[{\"@type\":\"WebPage\",\"@id\":\"https:\/\/www.myvaldetravers.ch\/de\/erlebnisse\/absinth-land\/\",\"url\":\"https:\/\/www.myvaldetravers.ch\/de\/erlebnisse\/absinth-land\/\",\"name\":\"Val-de-Travers: Im Land des Absinths\",\"isPartOf\":{\"@id\":\"https:\/\/www.myvaldetravers.ch\/de\/#website\"},\"primaryImageOfPage\":{\"@id\":\"https:\/\/www.myvaldetravers.ch\/de\/erlebnisse\/absinth-land\/#primaryimage\"},\"image\":{\"@id\":\"https:\/\/www.myvaldetravers.ch\/de\/erlebnisse\/absinth-land\/#primaryimage\"},\"thumbnailUrl\":\"https:\/\/www.myvaldetravers.ch\/wp-content\/uploads\/2019\/04\/p298552_819993372_4.jpg\",\"datePublished\":\"2019-04-29T09:26:28+00:00\",\"dateModified\":\"2024-05-08T08:45:47+00:00\",\"description\":\"Von der Herstellung bis zur Degustation: Der ber\u00fchmte Absinth ist ein Muss bei Ihrem Aufenthalt im Val-de-Travers.\",\"breadcrumb\":{\"@id\":\"https:\/\/www.myvaldetravers.ch\/de\/erlebnisse\/absinth-land\/#breadcrumb\"},\"inLanguage\":\"de\",\"potentialAction\":[{\"@type\":\"ReadAction\",\"target\":[\"https:\/\/www.myvaldetravers.ch\/de\/erlebnisse\/absinth-land\/\"]}]},{\"@type\":\"ImageObject\",\"inLanguage\":\"de\",\"@id\":\"https:\/\/www.myvaldetravers.ch\/de\/erlebnisse\/absinth-land\/#primaryimage\",\"url\":\"https:\/\/www.myvaldetravers.ch\/wp-content\/uploads\/2019\/04\/p298552_819993372_4.jpg\",\"contentUrl\":\"https:\/\/www.myvaldetravers.ch\/wp-content\/uploads\/2019\/04\/p298552_819993372_4.jpg\",\"width\":800,\"height\":533,\"caption\":\"Guillaume Perret \/ lundi13, pour l'Association Pays de l'absinthe\"},{\"@type\":\"BreadcrumbList\",\"@id\":\"https:\/\/www.myvaldetravers.ch\/de\/erlebnisse\/absinth-land\/#breadcrumb\",\"itemListElement\":[{\"@type\":\"ListItem\",\"position\":1,\"name\":\"Accueil\",\"item\":\"https:\/\/www.myvaldetravers.ch\/de\/\"},{\"@type\":\"ListItem\",\"position\":2,\"name\":\"Erlebnisse\",\"item\":\"https:\/\/www.myvaldetravers.ch\/de\/erlebnisse\/\"},{\"@type\":\"ListItem\",\"position\":3,\"name\":\"Val-de-Travers: Das Land des Absinths\"}]},{\"@type\":\"WebSite\",\"@id\":\"https:\/\/www.myvaldetravers.ch\/de\/#website\",\"url\":\"https:\/\/www.myvaldetravers.ch\/de\/\",\"name\":\"Destination Val-de-Travers\",\"description\":\"Il y a toujours quelque chose \u00e0 faire au Val-de-Travers.\",\"potentialAction\":[{\"@type\":\"SearchAction\",\"target\":{\"@type\":\"EntryPoint\",\"urlTemplate\":\"https:\/\/www.myvaldetravers.ch\/de\/?s={search_term_string}\"},\"query-input\":{\"@type\":\"PropertyValueSpecification\",\"valueRequired\":true,\"valueName\":\"search_term_string\"}}],\"inLanguage\":\"de\"}]}<\/script>\n<!-- \/ Yoast SEO plugin. -->","yoast_head_json":{"title":"Val-de-Travers: Im Land des Absinths","description":"Von der Herstellung bis zur Degustation: Der ber\u00fchmte Absinth ist ein Muss bei Ihrem Aufenthalt im Val-de-Travers.","robots":{"index":"index","follow":"follow","max-snippet":"max-snippet:-1","max-image-preview":"max-image-preview:large","max-video-preview":"max-video-preview:-1"},"canonical":"https:\/\/www.myvaldetravers.ch\/de\/erlebnisse\/absinth-land\/","og_locale":"de_DE","og_type":"article","og_title":"Val-de-Travers: Im Land des Absinths","og_description":"Von der Herstellung bis zur Degustation: Der ber\u00fchmte Absinth ist ein Muss bei Ihrem Aufenthalt im Val-de-Travers.","og_url":"https:\/\/www.myvaldetravers.ch\/de\/erlebnisse\/absinth-land\/","og_site_name":"Destination Val-de-Travers","article_publisher":"https:\/\/www.facebook.com\/DestinationValdeTravers\/","article_modified_time":"2024-05-08T08:45:47+00:00","og_image":[{"width":800,"height":533,"url":"https:\/\/www.myvaldetravers.ch\/wp-content\/uploads\/2019\/04\/p298552_819993372_4.jpg","type":"image\/jpeg"}],"twitter_card":"summary_large_image","twitter_misc":{"Gesch\u00e4tzte Lesezeit":"2\u00a0Minuten"},"schema":{"@context":"https:\/\/schema.org","@graph":[{"@type":"WebPage","@id":"https:\/\/www.myvaldetravers.ch\/de\/erlebnisse\/absinth-land\/","url":"https:\/\/www.myvaldetravers.ch\/de\/erlebnisse\/absinth-land\/","name":"Val-de-Travers: Im Land des Absinths","isPartOf":{"@id":"https:\/\/www.myvaldetravers.ch\/de\/#website"},"primaryImageOfPage":{"@id":"https:\/\/www.myvaldetravers.ch\/de\/erlebnisse\/absinth-land\/#primaryimage"},"image":{"@id":"https:\/\/www.myvaldetravers.ch\/de\/erlebnisse\/absinth-land\/#primaryimage"},"thumbnailUrl":"https:\/\/www.myvaldetravers.ch\/wp-content\/uploads\/2019\/04\/p298552_819993372_4.jpg","datePublished":"2019-04-29T09:26:28+00:00","dateModified":"2024-05-08T08:45:47+00:00","description":"Von der Herstellung bis zur Degustation: Der ber\u00fchmte Absinth ist ein Muss bei Ihrem Aufenthalt im Val-de-Travers.","breadcrumb":{"@id":"https:\/\/www.myvaldetravers.ch\/de\/erlebnisse\/absinth-land\/#breadcrumb"},"inLanguage":"de","potentialAction":[{"@type":"ReadAction","target":["https:\/\/www.myvaldetravers.ch\/de\/erlebnisse\/absinth-land\/"]}]},{"@type":"ImageObject","inLanguage":"de","@id":"https:\/\/www.myvaldetravers.ch\/de\/erlebnisse\/absinth-land\/#primaryimage","url":"https:\/\/www.myvaldetravers.ch\/wp-content\/uploads\/2019\/04\/p298552_819993372_4.jpg","contentUrl":"https:\/\/www.myvaldetravers.ch\/wp-content\/uploads\/2019\/04\/p298552_819993372_4.jpg","width":800,"height":533,"caption":"Guillaume Perret \/ lundi13, pour l'Association Pays de l'absinthe"},{"@type":"BreadcrumbList","@id":"https:\/\/www.myvaldetravers.ch\/de\/erlebnisse\/absinth-land\/#breadcrumb","itemListElement":[{"@type":"ListItem","position":1,"name":"Accueil","item":"https:\/\/www.myvaldetravers.ch\/de\/"},{"@type":"ListItem","position":2,"name":"Erlebnisse","item":"https:\/\/www.myvaldetravers.ch\/de\/erlebnisse\/"},{"@type":"ListItem","position":3,"name":"Val-de-Travers: Das Land des Absinths"}]},{"@type":"WebSite","@id":"https:\/\/www.myvaldetravers.ch\/de\/#website","url":"https:\/\/www.myvaldetravers.ch\/de\/","name":"Destination Val-de-Travers","description":"Il y a toujours quelque chose \u00e0 faire au Val-de-Travers.","potentialAction":[{"@type":"SearchAction","target":{"@type":"EntryPoint","urlTemplate":"https:\/\/www.myvaldetravers.ch\/de\/?s={search_term_string}"},"query-input":{"@type":"PropertyValueSpecification","valueRequired":true,"valueName":"search_term_string"}}],"inLanguage":"de"}]}},"_links":{"self":[{"href":"https:\/\/www.myvaldetravers.ch\/de\/wp-json\/wp\/v2\/pages\/2217"}],"collection":[{"href":"https:\/\/www.myvaldetravers.ch\/de\/wp-json\/wp\/v2\/pages"}],"about":[{"href":"https:\/\/www.myvaldetravers.ch\/de\/wp-json\/wp\/v2\/types\/page"}],"author":[{"embeddable":true,"href":"https:\/\/www.myvaldetravers.ch\/de\/wp-json\/wp\/v2\/users\/73"}],"replies":[{"embeddable":true,"href":"https:\/\/www.myvaldetravers.ch\/de\/wp-json\/wp\/v2\/comments?post=2217"}],"version-history":[{"count":22,"href":"https:\/\/www.myvaldetravers.ch\/de\/wp-json\/wp\/v2\/pages\/2217\/revisions"}],"predecessor-version":[{"id":12547,"href":"https:\/\/www.myvaldetravers.ch\/de\/wp-json\/wp\/v2\/pages\/2217\/revisions\/12547"}],"up":[{"embeddable":true,"href":"https:\/\/www.myvaldetravers.ch\/de\/wp-json\/wp\/v2\/pages\/2155"}],"wp:featuredmedia":[{"embeddable":true,"href":"https:\/\/www.myvaldetravers.ch\/de\/wp-json\/wp\/v2\/media\/1579"}],"wp:attachment":[{"href":"https:\/\/www.myvaldetravers.ch\/de\/wp-json\/wp\/v2\/media?parent=2217"}],"curies":[{"name":"wp","href":"https:\/\/api.w.org\/{rel}","templated":true}]}}