{"id":2218,"date":"2019-04-18T09:28:52","date_gmt":"2019-04-18T07:28:52","guid":{"rendered":"https:\/\/www.myvaldetravers.ch\/experiences\/piscine\/"},"modified":"2023-09-28T15:38:52","modified_gmt":"2023-09-28T13:38:52","slug":"freiluftbad","status":"publish","type":"page","link":"https:\/\/www.myvaldetravers.ch\/de\/erlebnisse\/freiluftbad\/","title":{"rendered":"SCHWIMMBAD IM VAL-DE-TRAVERS"},"content":{"rendered":"<p>[vc_row][vc_column][vc_column_text el_class=&#8221;edsi&#8221;]<p><strong>Im Herzen des Val-de-Travers gelegene Freibad Les Combes bietet Entspannung und Erfrischung.<\/strong><\/p><p>Das Freibad Les Combes bietet mit seiner grossz\u00fcgigen Anlage, einem Lern- und einem Olympiabecken sowie Sprungbrettern in verschiedenen H\u00f6hen Entspannung und Wasserspass f\u00fcr die ganze Familie. Der Wassergarten wird vor allem die j\u00fcngste Generation entz\u00fccken.<\/p><h5>Gut zu wissen<\/h5>Duschen, Umkleidekabinen und Schlie\u00dff\u00e4cher\r<br \/>Restaurant und Picknick erlaubt\r<br \/>Freibad (50M)\r<br \/>Kinderbecken\r<br \/>Lehrschwimmbecken\r<br \/>Sprungturm (1, 3 und 5M)\r<br \/>Tischtennis, Beachvolley, Spielplatz und Fussball\r<br \/>Die \u00d6ffnungszeiten k\u00f6nnen w\u00e4hrend der Schulferien variieren<h5>Kontaktdaten des Partners<\/h5><span class='text-uppercase'>Piscine des Combes<\/span><br>Route cantonale<br>2113 Boveresse<br><a href='tel:+41 32 863 10 60'>+41 32 863 10 60<\/a><br><a href='mailto:espaceval@ne.ch'>espaceval@ne.ch<\/a><br><a href='https:\/\/espaceval.ch' target='_blank'>espaceval.ch<\/a><br><h5>\u00d6ffnungszeiten<\/h5><h5>Preise<\/h5><div class='edsi-title'>Preise Einzelg\u00e4ste<\/div><div class='edsi-price-container'><div class='edsi-tarif'>Erwachsene<\/div><div class='edsi-prix'>CHF\u00a07.00<\/div><div class='edsi-tarif'>AHV, Studenten<\/div><div class='edsi-prix'>CHF\u00a05.00<\/div><div class='edsi-tarif'>Kinder (zwischen 6 und 15 Jahren)<\/div><div class='edsi-prix'>CHF\u00a03.50<\/div><\/div><h5>Karte<\/h5><div id='map' style='width:500px;height:300px;'><\/div>\n<script type=\"text\/javascript\" src=\"https:\/\/maps.googleapis.com\/maps\/api\/js?key=AIzaSyCTPTigCnFjWZE6vEYcD0SnK25h1MzvSMk\"><\/script>\n\n<script>\n  var markerCenter = new google.maps.LatLng(46.920834221279,6.6128844022751);\n  var marker = null;\n\n function initialize() {\n  var mapProp = {\n   center: markerCenter,\n   zoom: 13,\n   mapTypeId: google.maps.MapTypeId.ROADMAP\n   };\n  var map = new google.maps.Map(document.getElementById(\"map\"),mapProp);\n\n   var marker = new google.maps.Marker({\n\t position: markerCenter,\n\t \/\/ animation: google.maps.Animation.BOUNCE,\n   });\n   marker.setMap(map);\n   \n   var infowindow = new google.maps.InfoWindow();\n   infowindow.setContent(\"Schwimmbad Combes\");\n   infowindow.open(map, marker);\n\n }\n\n google.maps.event.addDomListener(window, 'load', initialize);\n<\/script>\n[\/vc_column_text][\/vc_column][\/vc_row][vc_row css=&#8221;.vc_custom_1554128789554{margin-top: -0.3em !important;}&#8221;][vc_column width=&#8221;2\/3&#8243;][vc_column_text]Das Freiluft-Schwimmbad des Val-de-Travers befindet sich zwischen Couvet und Boveresse in einem idyllischen Rahmen auf 15&#8217;000 m2. Es bietet weitr\u00e4umige Einrichtungen f\u00fcr Jung und Alt, eine angenehme Wassertemperatur von 24\u00b0C und einen Wassergarten f\u00fcr Kinder.<\/p>\n<h5>\u00d6FFNUNGSZEITEN UND DETAILS<\/h5>\n<div class=\"tm_pb_column tm_pb_column_1_2 tm_pb_column_8 col-xs-12 col-sm-6 col-md-6 col-lg-6 col-xl-6\">\n<div class=\"tm_pb_text tm_pb_module tm_pb_bg_layout_light tm_pb_text_align_left tm_pb_text_7\">\n<p>Piscine des Combes (zwischen Boveresse und Couvet) ge\u00f6ffnet vom Ende Mai bis Anfang September t\u00e4glich von 9.30 bis 19 Uhr.<\/p>\n<\/div>\n<\/div>\n<h5>KONTAKTDATEN DES PARTNERS<\/h5>\n<p>Freibad &#8220;des Combes&#8221;<br \/>\nZwischen Couvet und Boveresse<br \/>\nT 032 863 10 60<br \/>\n<a href=\"https:\/\/espaceval.ch\/piscine-2\/\" target=\"_blank\" rel=\"noopener noreferrer\">www.espaceval.ch\/piscines<\/a>[\/vc_column_text][\/vc_column][vc_column width=&#8221;1\/3&#8243; css=&#8221;.vc_custom_1554128972031{background-color: #f6f6f7 !important;}&#8221; el_class=&#8221;colonne-info-droite&#8221;][vc_column_text]<\/p>\n<h5><a href=\"https:\/\/www.myvaldetravers.ch\/de\/freizeitkarte\/\" target=\"_blank\" rel=\"noopener noreferrer\">Freizeitkarte Val-de-Travers<\/a><\/h5>\n<p><strong>Inbegriffen in der <a href=\"https:\/\/www.myvaldetravers.ch\/de\/freizeitkarte\/\" target=\"_blank\" rel=\"noopener noreferrer\">Freizeitkarte<\/a>:<\/strong><\/p>\n<p>Freier Eintritt ins Schwimmbad.<\/p>\n<p><a href=\"https:\/\/espaceval.ch\/piscines\/\" target=\"_blank\" rel=\"noopener noreferrer\">www.espaceval.ch\/piscines<\/a>[\/vc_column_text][vc_empty_space hide_on_mobile=&#8221;&#8221;][\/vc_column][\/vc_row][vc_row disable_element=&#8221;yes&#8221;][vc_column][vc_column_text]<\/p>\n<h5>BUCHEN SIE IHRE BILLETTE ONLINE<\/h5>\n<p>F\u00fcr\u00a0<strong>Gruppenbuchungen<\/strong>\u00a0kontaktieren Sie bitte espaceVAL direkt per\u00a0<a href=\"tel:0041328631060\">Telefon<\/a>\u00a0oder\u00a0<a href=\"mailto:info@espaceval.ch\">E-Mail<\/a>.[\/vc_column_text][vc_empty_space hide_on_mobile=&#8221;&#8221;][vc_raw_js]JTNDc2NyaXB0JTNFJTBBd2luZG93LlRXRUJTSE9QJTIwJTNEJTIwJTdCJTBBY29uZmlnJTNBJTIwJTI3TmV1Y2hhdGVsLVNlcnZpY2VQcm92aWRlcl90ZHMlMjclMkMlMEFsYW5ndWFnZSUzQSUyMCUyN2RlJTI3JTJDJTBBdGhlbWUlM0ElMjAlN0IlMEFzdGlja3klM0ElMjAlN0IlMEFvZmZzZXQlM0ElMjAyMCUyQyUwQXpJbmRleCUzQSUyMDIlMEElN0QlMEElN0QlMEElN0QlMEElM0MlMkZzY3JpcHQlM0UlMEElMEElM0NzdHlsZSUzRSUwQSUyM3R3ZWJzaG9wJTIwJTdCJTBBLS10dy1idXR0b24tY29sb3IlM0ElMjAlMjNjZGQzMDAlM0IlMEEtLXR3LWJ1dHRvbi10ZXh0LWNvbG9yJTNBJTIwJTIzZmZmJTNCJTBBLS10dy1idXR0b24tcHJpY2UtY29sb3IlM0ElMjAlMjNjZGQzMDAlM0IlMEEtLXR3LWJ1dHRvbi1wcmljZS10ZXh0LWNvbG9yJTNBJTIwJTIzZmZmJTNCJTBBLS10dy1ib3gtY29sb3IlM0ElMjAlMjNjZGQzMDAlM0IlMEEtLXR3LWJveC10ZXh0LWNvbG9yJTNBJTIwJTIzZmZmJTNCJTBBLS10dy1ib29raW5nLWNvbG9yJTNBJTIwJTIzY2RkMzAwJTNCJTBBLS10dy1ib29raW5nLXRleHQtY29sb3IlM0ElMjAlMjMzMzMlM0IlMEElN0QlMEElM0MlMkZzdHlsZSUzRSUwQSUzQ3R3cy1leHBlcmllbmNlLXdpZGdldCUyMGRhdGEtaWQlM0QlMjJURFMwMDAyMDAxMzIzODg5OTczMSUyMiUzRSUzQyUyRnR3cy1leHBlcmllbmNlLXdpZGdldCUzRSUwQSUzQ3NjcmlwdCUyMHNyYyUzRCUyMmh0dHBzJTNBJTJGJTJGdHdlYnNob3AudG9tYXMtdHJhdmVsLmNvbSUyRmFwcCUyRmV4cGVyaWVuY2UlMkZ3aWRnZXQlMkZhcHAuanMlMjIlM0UlM0MlMkZzY3JpcHQlM0UlMEE=[\/vc_raw_js][\/vc_column][\/vc_row][vc_row][vc_column][vc_column_text][\/vc_column_text][vc_separator]<div class=\"cq-dagallery-container\" style=\"width:100%;margin:0 auto;\"><ul class=\"cq-dagallery\" data-gallerywidth=\"100%\" data-width=\"270\" data-height=\"\" data-color=\"#ffffff\" data-background=\"#00bfff\" data-opacity=\"0.8\"><li class=\"\" data-width=\"270\" data-height=\"\" data-margin=\"10px\" style=\"margin:10px\"><a class=\"normal\" href=\"https:\/\/www.myvaldetravers.ch\/wp-content\/uploads\/2019\/04\/Piscine_Combes_JMM2019-1.jpg\" rel=\"221841\"><img src='https:\/\/www.myvaldetravers.ch\/wp-content\/uploads\/2019\/04\/Piscine_Combes_JMM2019-1-270x152.jpg' width='270' height='' \/><\/a><div class=\"dagallery-info\" style=\"padding:20px;color:#ffffff;background-color:#00bfff\"><\/div><\/li><\/ul><\/div>[\/vc_column][\/vc_row]<\/p>\n","protected":false},"excerpt":{"rendered":"<p>[vc_row][vc_column][vc_column_text el_class=&#8221;edsi&#8221;][\/vc_column_text][\/vc_column][\/vc_row][vc_row css=&#8221;.vc_custom_1554128789554{margin-top: -0.3em !important;}&#8221;][vc_column width=&#8221;2\/3&#8243;][vc_column_text]Das Freiluft-Schwimmbad des Val-de-Travers befindet sich zwischen Couvet und Boveresse in einem idyllischen Rahmen auf 15&#8217;000 m2. Es bietet weitr\u00e4umige Einrichtungen f\u00fcr Jung und Alt,&hellip;<\/p>\n","protected":false},"author":73,"featured_media":1633,"parent":2155,"menu_order":0,"comment_status":"closed","ping_status":"closed","template":"","meta":{"footnotes":""},"yoast_head":"<!-- This site is optimized with the Yoast SEO plugin v23.5 - https:\/\/yoast.com\/wordpress\/plugins\/seo\/ -->\n<title>Schwimmbad im Val-de-Travers: Piscine des Combes<\/title>\n<meta name=\"description\" content=\"Das grosse Freibad des Val-de-Travers befindet sich zwischen Couvet und Boveresse mit weitr\u00e4umigen Einrichtungen f\u00fcr Jung und Alt.\" \/>\n<meta name=\"robots\" content=\"index, follow, max-snippet:-1, max-image-preview:large, max-video-preview:-1\" \/>\n<link rel=\"canonical\" href=\"https:\/\/www.myvaldetravers.ch\/de\/erlebnisse\/freiluftbad\/\" \/>\n<meta property=\"og:locale\" content=\"de_DE\" \/>\n<meta property=\"og:type\" content=\"article\" \/>\n<meta property=\"og:title\" content=\"Schwimmbad im Val-de-Travers: Piscine des Combes\" \/>\n<meta property=\"og:description\" content=\"Das grosse Freibad des Val-de-Travers befindet sich zwischen Couvet und Boveresse mit weitr\u00e4umigen Einrichtungen f\u00fcr Jung und Alt.\" \/>\n<meta property=\"og:url\" content=\"https:\/\/www.myvaldetravers.ch\/de\/erlebnisse\/freiluftbad\/\" \/>\n<meta property=\"og:site_name\" content=\"Destination Val-de-Travers\" \/>\n<meta property=\"article:publisher\" content=\"https:\/\/www.facebook.com\/DestinationValdeTravers\/\" \/>\n<meta property=\"article:modified_time\" content=\"2023-09-28T13:38:52+00:00\" \/>\n<meta property=\"og:image\" content=\"https:\/\/www.myvaldetravers.ch\/wp-content\/uploads\/2019\/04\/Piscine_Combes_JMM2019.jpg\" \/>\n\t<meta property=\"og:image:width\" content=\"1023\" \/>\n\t<meta property=\"og:image:height\" content=\"575\" \/>\n\t<meta property=\"og:image:type\" content=\"image\/jpeg\" \/>\n<meta name=\"twitter:card\" content=\"summary_large_image\" \/>\n<meta name=\"twitter:label1\" content=\"Gesch\u00e4tzte Lesezeit\" \/>\n\t<meta name=\"twitter:data1\" content=\"1\u00a0Minute\" \/>\n<script type=\"application\/ld+json\" class=\"yoast-schema-graph\">{\"@context\":\"https:\/\/schema.org\",\"@graph\":[{\"@type\":\"WebPage\",\"@id\":\"https:\/\/www.myvaldetravers.ch\/de\/erlebnisse\/freiluftbad\/\",\"url\":\"https:\/\/www.myvaldetravers.ch\/de\/erlebnisse\/freiluftbad\/\",\"name\":\"Schwimmbad im Val-de-Travers: Piscine des Combes\",\"isPartOf\":{\"@id\":\"https:\/\/www.myvaldetravers.ch\/de\/#website\"},\"primaryImageOfPage\":{\"@id\":\"https:\/\/www.myvaldetravers.ch\/de\/erlebnisse\/freiluftbad\/#primaryimage\"},\"image\":{\"@id\":\"https:\/\/www.myvaldetravers.ch\/de\/erlebnisse\/freiluftbad\/#primaryimage\"},\"thumbnailUrl\":\"https:\/\/www.myvaldetravers.ch\/wp-content\/uploads\/2019\/04\/Piscine_Combes_JMM2019.jpg\",\"datePublished\":\"2019-04-18T07:28:52+00:00\",\"dateModified\":\"2023-09-28T13:38:52+00:00\",\"description\":\"Das grosse Freibad des Val-de-Travers befindet sich zwischen Couvet und Boveresse mit weitr\u00e4umigen Einrichtungen f\u00fcr Jung und Alt.\",\"breadcrumb\":{\"@id\":\"https:\/\/www.myvaldetravers.ch\/de\/erlebnisse\/freiluftbad\/#breadcrumb\"},\"inLanguage\":\"de\",\"potentialAction\":[{\"@type\":\"ReadAction\",\"target\":[\"https:\/\/www.myvaldetravers.ch\/de\/erlebnisse\/freiluftbad\/\"]}]},{\"@type\":\"ImageObject\",\"inLanguage\":\"de\",\"@id\":\"https:\/\/www.myvaldetravers.ch\/de\/erlebnisse\/freiluftbad\/#primaryimage\",\"url\":\"https:\/\/www.myvaldetravers.ch\/wp-content\/uploads\/2019\/04\/Piscine_Combes_JMM2019.jpg\",\"contentUrl\":\"https:\/\/www.myvaldetravers.ch\/wp-content\/uploads\/2019\/04\/Piscine_Combes_JMM2019.jpg\",\"width\":1023,\"height\":575,\"caption\":\"Freibad \/ piscine Combes, Val-de-Travers\"},{\"@type\":\"BreadcrumbList\",\"@id\":\"https:\/\/www.myvaldetravers.ch\/de\/erlebnisse\/freiluftbad\/#breadcrumb\",\"itemListElement\":[{\"@type\":\"ListItem\",\"position\":1,\"name\":\"Accueil\",\"item\":\"https:\/\/www.myvaldetravers.ch\/de\/\"},{\"@type\":\"ListItem\",\"position\":2,\"name\":\"Erlebnisse\",\"item\":\"https:\/\/www.myvaldetravers.ch\/de\/erlebnisse\/\"},{\"@type\":\"ListItem\",\"position\":3,\"name\":\"SCHWIMMBAD IM VAL-DE-TRAVERS\"}]},{\"@type\":\"WebSite\",\"@id\":\"https:\/\/www.myvaldetravers.ch\/de\/#website\",\"url\":\"https:\/\/www.myvaldetravers.ch\/de\/\",\"name\":\"Destination Val-de-Travers\",\"description\":\"Il y a toujours quelque chose \u00e0 faire au Val-de-Travers.\",\"potentialAction\":[{\"@type\":\"SearchAction\",\"target\":{\"@type\":\"EntryPoint\",\"urlTemplate\":\"https:\/\/www.myvaldetravers.ch\/de\/?s={search_term_string}\"},\"query-input\":{\"@type\":\"PropertyValueSpecification\",\"valueRequired\":true,\"valueName\":\"search_term_string\"}}],\"inLanguage\":\"de\"}]}<\/script>\n<!-- \/ Yoast SEO plugin. -->","yoast_head_json":{"title":"Schwimmbad im Val-de-Travers: Piscine des Combes","description":"Das grosse Freibad des Val-de-Travers befindet sich zwischen Couvet und Boveresse mit weitr\u00e4umigen Einrichtungen f\u00fcr Jung und Alt.","robots":{"index":"index","follow":"follow","max-snippet":"max-snippet:-1","max-image-preview":"max-image-preview:large","max-video-preview":"max-video-preview:-1"},"canonical":"https:\/\/www.myvaldetravers.ch\/de\/erlebnisse\/freiluftbad\/","og_locale":"de_DE","og_type":"article","og_title":"Schwimmbad im Val-de-Travers: Piscine des Combes","og_description":"Das grosse Freibad des Val-de-Travers befindet sich zwischen Couvet und Boveresse mit weitr\u00e4umigen Einrichtungen f\u00fcr Jung und Alt.","og_url":"https:\/\/www.myvaldetravers.ch\/de\/erlebnisse\/freiluftbad\/","og_site_name":"Destination Val-de-Travers","article_publisher":"https:\/\/www.facebook.com\/DestinationValdeTravers\/","article_modified_time":"2023-09-28T13:38:52+00:00","og_image":[{"width":1023,"height":575,"url":"https:\/\/www.myvaldetravers.ch\/wp-content\/uploads\/2019\/04\/Piscine_Combes_JMM2019.jpg","type":"image\/jpeg"}],"twitter_card":"summary_large_image","twitter_misc":{"Gesch\u00e4tzte Lesezeit":"1\u00a0Minute"},"schema":{"@context":"https:\/\/schema.org","@graph":[{"@type":"WebPage","@id":"https:\/\/www.myvaldetravers.ch\/de\/erlebnisse\/freiluftbad\/","url":"https:\/\/www.myvaldetravers.ch\/de\/erlebnisse\/freiluftbad\/","name":"Schwimmbad im Val-de-Travers: Piscine des Combes","isPartOf":{"@id":"https:\/\/www.myvaldetravers.ch\/de\/#website"},"primaryImageOfPage":{"@id":"https:\/\/www.myvaldetravers.ch\/de\/erlebnisse\/freiluftbad\/#primaryimage"},"image":{"@id":"https:\/\/www.myvaldetravers.ch\/de\/erlebnisse\/freiluftbad\/#primaryimage"},"thumbnailUrl":"https:\/\/www.myvaldetravers.ch\/wp-content\/uploads\/2019\/04\/Piscine_Combes_JMM2019.jpg","datePublished":"2019-04-18T07:28:52+00:00","dateModified":"2023-09-28T13:38:52+00:00","description":"Das grosse Freibad des Val-de-Travers befindet sich zwischen Couvet und Boveresse mit weitr\u00e4umigen Einrichtungen f\u00fcr Jung und Alt.","breadcrumb":{"@id":"https:\/\/www.myvaldetravers.ch\/de\/erlebnisse\/freiluftbad\/#breadcrumb"},"inLanguage":"de","potentialAction":[{"@type":"ReadAction","target":["https:\/\/www.myvaldetravers.ch\/de\/erlebnisse\/freiluftbad\/"]}]},{"@type":"ImageObject","inLanguage":"de","@id":"https:\/\/www.myvaldetravers.ch\/de\/erlebnisse\/freiluftbad\/#primaryimage","url":"https:\/\/www.myvaldetravers.ch\/wp-content\/uploads\/2019\/04\/Piscine_Combes_JMM2019.jpg","contentUrl":"https:\/\/www.myvaldetravers.ch\/wp-content\/uploads\/2019\/04\/Piscine_Combes_JMM2019.jpg","width":1023,"height":575,"caption":"Freibad \/ piscine Combes, Val-de-Travers"},{"@type":"BreadcrumbList","@id":"https:\/\/www.myvaldetravers.ch\/de\/erlebnisse\/freiluftbad\/#breadcrumb","itemListElement":[{"@type":"ListItem","position":1,"name":"Accueil","item":"https:\/\/www.myvaldetravers.ch\/de\/"},{"@type":"ListItem","position":2,"name":"Erlebnisse","item":"https:\/\/www.myvaldetravers.ch\/de\/erlebnisse\/"},{"@type":"ListItem","position":3,"name":"SCHWIMMBAD IM VAL-DE-TRAVERS"}]},{"@type":"WebSite","@id":"https:\/\/www.myvaldetravers.ch\/de\/#website","url":"https:\/\/www.myvaldetravers.ch\/de\/","name":"Destination Val-de-Travers","description":"Il y a toujours quelque chose \u00e0 faire au Val-de-Travers.","potentialAction":[{"@type":"SearchAction","target":{"@type":"EntryPoint","urlTemplate":"https:\/\/www.myvaldetravers.ch\/de\/?s={search_term_string}"},"query-input":{"@type":"PropertyValueSpecification","valueRequired":true,"valueName":"search_term_string"}}],"inLanguage":"de"}]}},"_links":{"self":[{"href":"https:\/\/www.myvaldetravers.ch\/de\/wp-json\/wp\/v2\/pages\/2218"}],"collection":[{"href":"https:\/\/www.myvaldetravers.ch\/de\/wp-json\/wp\/v2\/pages"}],"about":[{"href":"https:\/\/www.myvaldetravers.ch\/de\/wp-json\/wp\/v2\/types\/page"}],"author":[{"embeddable":true,"href":"https:\/\/www.myvaldetravers.ch\/de\/wp-json\/wp\/v2\/users\/73"}],"replies":[{"embeddable":true,"href":"https:\/\/www.myvaldetravers.ch\/de\/wp-json\/wp\/v2\/comments?post=2218"}],"version-history":[{"count":15,"href":"https:\/\/www.myvaldetravers.ch\/de\/wp-json\/wp\/v2\/pages\/2218\/revisions"}],"predecessor-version":[{"id":11885,"href":"https:\/\/www.myvaldetravers.ch\/de\/wp-json\/wp\/v2\/pages\/2218\/revisions\/11885"}],"up":[{"embeddable":true,"href":"https:\/\/www.myvaldetravers.ch\/de\/wp-json\/wp\/v2\/pages\/2155"}],"wp:featuredmedia":[{"embeddable":true,"href":"https:\/\/www.myvaldetravers.ch\/de\/wp-json\/wp\/v2\/media\/1633"}],"wp:attachment":[{"href":"https:\/\/www.myvaldetravers.ch\/de\/wp-json\/wp\/v2\/media?parent=2218"}],"curies":[{"name":"wp","href":"https:\/\/api.w.org\/{rel}","templated":true}]}}