{"id":2221,"date":"2019-04-22T16:22:57","date_gmt":"2019-04-22T14:22:57","guid":{"rendered":"https:\/\/www.myvaldetravers.ch\/experiences\/rvt-historique\/"},"modified":"2025-03-28T08:51:20","modified_gmt":"2025-03-28T07:51:20","slug":"historischer-zug","status":"publish","type":"page","link":"https:\/\/www.myvaldetravers.ch\/de\/erlebnisse\/historischer-zug\/","title":{"rendered":"Der Historische Zug des Val-de-Travers"},"content":{"rendered":"<p>[vc_row css=&#8221;.vc_custom_1554128789554{margin-top: -0.3em !important;}&#8221;][vc_column width=&#8221;2\/3&#8243;][vc_column_text]<\/p>\n<h2>Entdeckung des Eisenbahnerbes im Val-de-Travers<\/h2>\n<p>Seit 2005 engagiert sich der Verein RVT-Historique f\u00fcr die Bewahrung und Wiederbelebung des Eisenbahnerbes im Val-de-Travers. Dank dem Einsatz zahlreicher Freiwilliger konnte eine historische elektrische Triebwagenkomposition aus den Jahren 1944\u201345, \u00abL\u2019\u00c9tincelante\u00bb, vor dem Abbruch gerettet werden. Sorgf\u00e4ltig restauriert, erm\u00f6glicht dieses einzigartige St\u00fcck Industriekultur heute eine authentische Reise in die Vergangenheit der Regionalz\u00fcge.<\/p>\n<p>Das ganze Jahr \u00fcber organisiert RVT-Historique nostalgische Ausfahrten mit diesen historischen Z\u00fcge. Die Fahrten laden dazu ein, die vielf\u00e4ltige Landschaft des Val-de-Travers mit seinen Schluchten, W\u00e4ldern und charmanten D\u00f6rfern neu zu entdecken.<\/p>\n<h3>Entdeckungstag im Feenland<\/h3>\n<p>Ab Neuch\u00e2tel fahren Sie mit dem Nostalgiezug ins Val-de-Travers \u2013 geniessen Sie unterwegs Kaffee und Gipfeli, w\u00e4hrend Sie die wilde Landschaft entlang der \u00abFranco-Suisse\u00bb-Bahnlinie durch die Areuseschlucht und am Creux du Van vorbeif\u00fchrt. In La Presta angekommen, besuchen Sie die Asphaltminen und kosten den ber\u00fchmten im Asphalt gegarten Schinken. Am Nachmittag bringt Sie die historische Dampfbahn des Val-de-Travers zum Depot in St-Sulpice. Danach geht es mit dem Nostalgiezug weiter nach M\u00f4tiers, wo Sie das Maison de l\u2019Absinthe entdecken. Die R\u00fcckreise nach Neuch\u00e2tel erfolgt mit dem regul\u00e4ren Zug der SBB f\u00fcr 18:20 Uhr.<\/p>\n<h4>Datum 2025<\/h4>\n<ul>\n<li>10. Mai<\/li>\n<li>7. Juni<\/li>\n<li>4. Oktober<\/li>\n<\/ul>\n<p>[\/vc_column_text][vc_column_text]<\/p>\n<h5>Buchen Sie Ihre Billette online<\/h5>\n<p><strong>Fahrkarte f\u00fcr den Sonderzug &#8220;Entdeckungstag im Land der Feen&#8221;.<\/strong><\/p>\n<p>F\u00fcr\u00a0<strong>Gruppenbuchungen<\/strong> kontaktieren Sie bitte die RVT-Historique direkt per <a href=\"tel:0041795632278\">Telephon<\/a>\u00a0der\u00a0<a href=\"mailto:info@rvt-historique.ch\">E-mail<\/a>.[\/vc_column_text][vc_raw_js]JTNDc2NyaXB0JTNFJTBBd2luZG93LlRXRUJTSE9QJTIwJTNEJTIwJTdCJTBBY29uZmlnJTNBJTIwJTI3TmV1Y2hhdGVsLVNlcnZpY2VQcm92aWRlcl90ZHMlMjclMkMlMEFsYW5ndWFnZSUzQSUyMCUyN2RlJTI3JTJDJTBBdGhlbWUlM0ElMjAlN0IlMEFzdGlja3klM0ElMjAlN0IlMEFvZmZzZXQlM0ElMjAyMCUyQyUwQXpJbmRleCUzQSUyMDIlMEElN0QlMEElN0QlMEElN0QlMEElM0MlMkZzY3JpcHQlM0UlMEElMEElM0NzdHlsZSUzRSUwQSUyM3R3ZWJzaG9wJTIwJTdCJTBBLS10dy1idXR0b24tY29sb3IlM0ElMjAlMjNDREQzMDAlM0IlMEEtLXR3LWJ1dHRvbi10ZXh0LWNvbG9yJTNBJTIwJTIzZmZmJTNCJTBBLS10dy1idXR0b24tcHJpY2UtY29sb3IlM0ElMjAlMjNDREQzMDAlM0IlMEEtLXR3LWJ1dHRvbi1wcmljZS10ZXh0LWNvbG9yJTNBJTIwJTIzZmZmJTNCJTBBLS10dy1ib3gtY29sb3IlM0ElMjAlMjNDREQzMDAlM0IlMEEtLXR3LWJveC10ZXh0LWNvbG9yJTNBJTIwJTIzZmZmJTNCJTBBLS10dy1ib29raW5nLWNvbG9yJTNBJTIwJTIzQ0REMzAwJTNCJTBBLS10dy1ib29raW5nLXRleHQtY29sb3IlM0ElMjAlMjNmZmYlM0IlMEElN0QlMEElM0MlMkZzdHlsZSUzRSUwQSUzQ3R3cy1leHBlcmllbmNlLXdpZGdldCUyMGRhdGEtaWQlM0QlMjJURFMwMDAyMDAxMzczOTY4NzM4OSUyMiUzRSUzQyUyRnR3cy1leHBlcmllbmNlLXdpZGdldCUzRSUwQSUzQ3NjcmlwdCUyMHNyYyUzRCUyMmh0dHBzJTNBJTJGJTJGdHdlYnNob3AudG9tYXMtdHJhdmVsLmNvbSUyRmFwcCUyRmV4cGVyaWVuY2UlMkZ3aWRnZXQlMkZhcHAuanMlMjIlM0UlM0MlMkZzY3JpcHQlM0UlMEE=[\/vc_raw_js][vc_empty_space alter_height=&#8221;medium&#8221; hide_on_mobile=&#8221;&#8221;][vc_column_text]<\/p>\n<h4 data-start=\"40\" data-end=\"766\">Fahrplan<\/h4>\n<ul>\n<li>09:50 Uhr: Abfahrt ab Neuch\u00e2tel mit dem Nostalgiezug von RVT-Historique; Kaffee und Gipfeli werden w\u00e4hrend der Fahrt serviert<\/li>\n<li>10:55 Uhr: Ankunft in La Presta \u2013 Asphaltminen<\/li>\n<li>11:00 Uhr: Gef\u00fchrte Besichtigung der Asphaltminen<\/li>\n<li>12:30 Uhr: Mittagessen im Caf\u00e9 des Mines<\/li>\n<li>13:55 Uhr: Abfahrt mit der Dampfbahn des VVT \u00fcber Travers und Fleurier nach St-Sulpice<\/li>\n<li>15:20 Uhr: Ankunft in St-Sulpice; individueller Besuch des Dampfzug-Depots und Museums<\/li>\n<li>15:40 Uhr: Abfahrt ab St-Sulpice mit dem Nostalgiezug von RVT-Historique<\/li>\n<li>15:55 Uhr: Ankunft in M\u00f4tiers<\/li>\n<li>16:00 Uhr: Freier Besuch und Degustation im Maison de l\u2019Absinthe in M\u00f4tiers. Alternativ ist auch ein Glas Mauler-Champagner anstelle von Absinth m\u00f6glich<\/li>\n<\/ul>\n<p>Sie reisen dabei in zwei verschiedenen Z\u00fcgen: dem Nostalgiezug und der Dampfbahn. Weitere Informationen und Fahrpl\u00e4ne finden Sie hier.[\/vc_column_text][vc_empty_space alter_height=&#8221;medium&#8221; hide_on_mobile=&#8221;&#8221;][vc_column_text]<\/p>\n<h3>Kontaktdaten des Partners<\/h3>\n<p>ASSOCIATION RVT-HISTORIQUE<br \/>\nRue des Ligni\u00e8res 16<br \/>\n2105 Travers<br \/>\nT 032 863 21 87 &amp; 079 563 22 78<br \/>\n<a href=\"http:\/\/www.rvt-historique.ch\/de\/index.shtml\" target=\"_blank\" rel=\"noopener noreferrer\">www.rvt-historique.ch<\/a>[\/vc_column_text][\/vc_column][vc_column width=&#8221;1\/3&#8243; css=&#8221;.vc_custom_1554128972031{background-color: #f6f6f7 !important;}&#8221; el_class=&#8221;colonne-info-droite&#8221;][vc_column_text]<\/p>\n<h5><a href=\"https:\/\/www.myvaldetravers.ch\/de\/freizeitkarte\/\" target=\"_blank\" rel=\"noopener noreferrer\">Freizeitkarte Val-de-Travers<\/a><\/h5>\n<p><strong>Inbegriffen in der <a href=\"https:\/\/www.myvaldetravers.ch\/de\/freizeitkarte\/\" target=\"_blank\" rel=\"noopener noreferrer\">Freizeitkarte<\/a>:<\/strong><\/p>\n<p>Freie Fahrt zwischen Neuenburg und dem Val-de-Travers im \u00abl\u2019Etincelante\u00bb.<\/p>\n<p><a href=\"http:\/\/www.rvt-historique.ch\/de\/index.shtml\" target=\"_blank\" rel=\"noopener noreferrer\">www.rvt-historique.ch<\/a>[\/vc_column_text][vc_empty_space hide_on_mobile=&#8221;&#8221;][\/vc_column][\/vc_row][vc_row][vc_column][vc_column_text][\/vc_column_text][vc_separator]<div class=\"cq-dagallery-container\" style=\"width:100%;margin:0 auto;\"><ul class=\"cq-dagallery\" data-gallerywidth=\"100%\" data-width=\"270\" data-height=\"\" data-color=\"#ffffff\" data-background=\"#00bfff\" data-opacity=\"0.8\"><li class=\"\" data-width=\"270\" data-height=\"\" data-margin=\"10px\" style=\"margin:10px\"><a class=\"normal\" href=\"https:\/\/www.myvaldetravers.ch\/wp-content\/uploads\/2019\/04\/RVT_Histo_20061005_Fleurier_ABDe_VVT_Be44_Tem_2912_JPB.jpg\" rel=\"2221100\"><img src='https:\/\/www.myvaldetravers.ch\/wp-content\/uploads\/2019\/04\/RVT_Histo_20061005_Fleurier_ABDe_VVT_Be44_Tem_2912_JPB-270x152.jpg' width='270' height='' \/><\/a><div class=\"dagallery-info\" style=\"padding:20px;color:#ffffff;background-color:#00bfff\"><\/div><\/li><li class=\"\" data-width=\"270\" data-height=\"\" data-margin=\"10px\" style=\"margin:10px\"><a class=\"normal\" href=\"https:\/\/www.myvaldetravers.ch\/wp-content\/uploads\/2019\/04\/RVT_Histo_20070512_Bar_6045_Pfeiffer_JPB.jpg\" rel=\"2221100\"><img src='https:\/\/www.myvaldetravers.ch\/wp-content\/uploads\/2019\/04\/RVT_Histo_20070512_Bar_6045_Pfeiffer_JPB-270x152.jpg' width='270' height='' \/><\/a><div class=\"dagallery-info\" style=\"padding:20px;color:#ffffff;background-color:#00bfff\"><\/div><\/li><li class=\"\" data-width=\"270\" data-height=\"\" data-margin=\"10px\" style=\"margin:10px\"><a class=\"normal\" href=\"https:\/\/www.myvaldetravers.ch\/wp-content\/uploads\/2019\/04\/RVT_Histo_20070623NoiFurcil3945_B_JPB2019.jpg\" rel=\"2221100\"><img src='https:\/\/www.myvaldetravers.ch\/wp-content\/uploads\/2019\/04\/RVT_Histo_20070623NoiFurcil3945_B_JPB2019-270x152.jpg' width='270' height='' \/><\/a><div class=\"dagallery-info\" style=\"padding:20px;color:#ffffff;background-color:#00bfff\"><\/div><\/li><li class=\"\" data-width=\"270\" data-height=\"\" data-margin=\"10px\" style=\"margin:10px\"><a class=\"normal\" href=\"https:\/\/www.myvaldetravers.ch\/wp-content\/uploads\/2019\/04\/RVT_Histo_20090613_Auv_Bole_1712_JPB2019-1.jpg\" rel=\"2221100\"><img src='https:\/\/www.myvaldetravers.ch\/wp-content\/uploads\/2019\/04\/RVT_Histo_20090613_Auv_Bole_1712_JPB2019-1-270x152.jpg' width='270' height='' \/><\/a><div class=\"dagallery-info\" style=\"padding:20px;color:#ffffff;background-color:#00bfff\"><\/div><\/li><li class=\"\" data-width=\"270\" data-height=\"\" data-margin=\"10px\" style=\"margin:10px\"><a class=\"normal\" href=\"https:\/\/www.myvaldetravers.ch\/wp-content\/uploads\/2019\/04\/RVT_Histo_20140703_Fle_Ntel_Conseil_Federal_SR553B_JPB2019.jpg\" rel=\"2221100\"><img src='https:\/\/www.myvaldetravers.ch\/wp-content\/uploads\/2019\/04\/RVT_Histo_20140703_Fle_Ntel_Conseil_Federal_SR553B_JPB2019-270x152.jpg' width='270' height='' \/><\/a><div class=\"dagallery-info\" style=\"padding:20px;color:#ffffff;background-color:#00bfff\"><\/div><\/li><li class=\"\" data-width=\"270\" data-height=\"\" data-margin=\"10px\" style=\"margin:10px\"><a class=\"normal\" href=\"https:\/\/www.myvaldetravers.ch\/wp-content\/uploads\/2019\/04\/RVT_Histo_ABDe_VVT_Be44_Tem_2912_JPB2019.jpg\" rel=\"2221100\"><img src='https:\/\/www.myvaldetravers.ch\/wp-content\/uploads\/2019\/04\/RVT_Histo_ABDe_VVT_Be44_Tem_2912_JPB2019-270x152.jpg' width='270' height='' \/><\/a><div class=\"dagallery-info\" style=\"padding:20px;color:#ffffff;background-color:#00bfff\"><\/div><\/li><li class=\"\" data-width=\"270\" data-height=\"\" data-margin=\"10px\" style=\"margin:10px\"><a class=\"normal\" href=\"https:\/\/www.myvaldetravers.ch\/wp-content\/uploads\/2019\/04\/RVT_Histo_SRbar_groupe_170039B_JPB2019.jpg\" rel=\"2221100\"><img src='https:\/\/www.myvaldetravers.ch\/wp-content\/uploads\/2019\/04\/RVT_Histo_SRbar_groupe_170039B_JPB2019-270x152.jpg' width='270' height='' \/><\/a><div class=\"dagallery-info\" style=\"padding:20px;color:#ffffff;background-color:#00bfff\"><\/div><\/li><li class=\"\" data-width=\"270\" data-height=\"\" data-margin=\"10px\" style=\"margin:10px\"><a class=\"normal\" href=\"https:\/\/www.myvaldetravers.ch\/wp-content\/uploads\/2019\/04\/RVT_historique_NtelABDeSR_FG071_080608.jpg\" rel=\"2221100\"><img src='https:\/\/www.myvaldetravers.ch\/wp-content\/uploads\/2019\/04\/RVT_historique_NtelABDeSR_FG071_080608-270x152.jpg' width='270' height='' \/><\/a><div class=\"dagallery-info\" style=\"padding:20px;color:#ffffff;background-color:#00bfff\"><\/div><\/li><\/ul><\/div>[\/vc_column][\/vc_row]<\/p>\n","protected":false},"excerpt":{"rendered":"<p>[vc_row css=&#8221;.vc_custom_1554128789554{margin-top: -0.3em !important;}&#8221;][vc_column width=&#8221;2\/3&#8243;][vc_column_text] Entdeckung des Eisenbahnerbes im Val-de-Travers Seit 2005 engagiert sich der Verein RVT-Historique f\u00fcr die Bewahrung und Wiederbelebung des Eisenbahnerbes im Val-de-Travers. Dank dem Einsatz zahlreicher&hellip;<\/p>\n","protected":false},"author":73,"featured_media":1695,"parent":2155,"menu_order":0,"comment_status":"closed","ping_status":"closed","template":"","meta":{"footnotes":""},"yoast_head":"<!-- This site is optimized with the Yoast SEO plugin v23.5 - https:\/\/yoast.com\/wordpress\/plugins\/seo\/ -->\n<title>Fahrt im historischen Zug des Val-de-Travers<\/title>\n<meta name=\"description\" content=\"Erleben Sie eine Bahnfahrt wie anno dazumal, als das Reisen mit dem Zug noch eine Sensation war!\" \/>\n<meta name=\"robots\" content=\"index, follow, max-snippet:-1, max-image-preview:large, max-video-preview:-1\" \/>\n<link rel=\"canonical\" href=\"https:\/\/www.myvaldetravers.ch\/de\/erlebnisse\/historischer-zug\/\" \/>\n<meta property=\"og:locale\" content=\"de_DE\" \/>\n<meta property=\"og:type\" content=\"article\" \/>\n<meta property=\"og:title\" content=\"Fahrt im historischen Zug des Val-de-Travers\" \/>\n<meta property=\"og:description\" content=\"Erleben Sie eine Bahnfahrt wie anno dazumal, als das Reisen mit dem Zug noch eine Sensation war!\" \/>\n<meta property=\"og:url\" content=\"https:\/\/www.myvaldetravers.ch\/de\/erlebnisse\/historischer-zug\/\" \/>\n<meta property=\"og:site_name\" content=\"Destination Val-de-Travers\" \/>\n<meta property=\"article:publisher\" content=\"https:\/\/www.facebook.com\/DestinationValdeTravers\/\" \/>\n<meta property=\"article:modified_time\" content=\"2025-03-28T07:51:20+00:00\" \/>\n<meta property=\"og:image\" content=\"https:\/\/www.myvaldetravers.ch\/wp-content\/uploads\/2019\/04\/RVT_Histo_20090613_Auv_Bole_1712_JPB2019.jpg\" \/>\n\t<meta property=\"og:image:width\" content=\"3557\" \/>\n\t<meta property=\"og:image:height\" content=\"2000\" \/>\n\t<meta property=\"og:image:type\" content=\"image\/jpeg\" \/>\n<meta name=\"twitter:card\" content=\"summary_large_image\" \/>\n<meta name=\"twitter:label1\" content=\"Gesch\u00e4tzte Lesezeit\" \/>\n\t<meta name=\"twitter:data1\" content=\"3\u00a0Minuten\" \/>\n<script type=\"application\/ld+json\" class=\"yoast-schema-graph\">{\"@context\":\"https:\/\/schema.org\",\"@graph\":[{\"@type\":\"WebPage\",\"@id\":\"https:\/\/www.myvaldetravers.ch\/de\/erlebnisse\/historischer-zug\/\",\"url\":\"https:\/\/www.myvaldetravers.ch\/de\/erlebnisse\/historischer-zug\/\",\"name\":\"Fahrt im historischen Zug des Val-de-Travers\",\"isPartOf\":{\"@id\":\"https:\/\/www.myvaldetravers.ch\/de\/#website\"},\"primaryImageOfPage\":{\"@id\":\"https:\/\/www.myvaldetravers.ch\/de\/erlebnisse\/historischer-zug\/#primaryimage\"},\"image\":{\"@id\":\"https:\/\/www.myvaldetravers.ch\/de\/erlebnisse\/historischer-zug\/#primaryimage\"},\"thumbnailUrl\":\"https:\/\/www.myvaldetravers.ch\/wp-content\/uploads\/2019\/04\/RVT_Histo_20090613_Auv_Bole_1712_JPB2019.jpg\",\"datePublished\":\"2019-04-22T14:22:57+00:00\",\"dateModified\":\"2025-03-28T07:51:20+00:00\",\"description\":\"Erleben Sie eine Bahnfahrt wie anno dazumal, als das Reisen mit dem Zug noch eine Sensation war!\",\"breadcrumb\":{\"@id\":\"https:\/\/www.myvaldetravers.ch\/de\/erlebnisse\/historischer-zug\/#breadcrumb\"},\"inLanguage\":\"de\",\"potentialAction\":[{\"@type\":\"ReadAction\",\"target\":[\"https:\/\/www.myvaldetravers.ch\/de\/erlebnisse\/historischer-zug\/\"]}]},{\"@type\":\"ImageObject\",\"inLanguage\":\"de\",\"@id\":\"https:\/\/www.myvaldetravers.ch\/de\/erlebnisse\/historischer-zug\/#primaryimage\",\"url\":\"https:\/\/www.myvaldetravers.ch\/wp-content\/uploads\/2019\/04\/RVT_Histo_20090613_Auv_Bole_1712_JPB2019.jpg\",\"contentUrl\":\"https:\/\/www.myvaldetravers.ch\/wp-content\/uploads\/2019\/04\/RVT_Histo_20090613_Auv_Bole_1712_JPB2019.jpg\",\"width\":3557,\"height\":2000,\"caption\":\"RVT Zug \/ train historique, Val-de-Travers\"},{\"@type\":\"BreadcrumbList\",\"@id\":\"https:\/\/www.myvaldetravers.ch\/de\/erlebnisse\/historischer-zug\/#breadcrumb\",\"itemListElement\":[{\"@type\":\"ListItem\",\"position\":1,\"name\":\"Accueil\",\"item\":\"https:\/\/www.myvaldetravers.ch\/de\/\"},{\"@type\":\"ListItem\",\"position\":2,\"name\":\"Erlebnisse\",\"item\":\"https:\/\/www.myvaldetravers.ch\/de\/erlebnisse\/\"},{\"@type\":\"ListItem\",\"position\":3,\"name\":\"Der Historische Zug des Val-de-Travers\"}]},{\"@type\":\"WebSite\",\"@id\":\"https:\/\/www.myvaldetravers.ch\/de\/#website\",\"url\":\"https:\/\/www.myvaldetravers.ch\/de\/\",\"name\":\"Destination Val-de-Travers\",\"description\":\"Il y a toujours quelque chose \u00e0 faire au Val-de-Travers.\",\"potentialAction\":[{\"@type\":\"SearchAction\",\"target\":{\"@type\":\"EntryPoint\",\"urlTemplate\":\"https:\/\/www.myvaldetravers.ch\/de\/?s={search_term_string}\"},\"query-input\":{\"@type\":\"PropertyValueSpecification\",\"valueRequired\":true,\"valueName\":\"search_term_string\"}}],\"inLanguage\":\"de\"}]}<\/script>\n<!-- \/ Yoast SEO plugin. -->","yoast_head_json":{"title":"Fahrt im historischen Zug des Val-de-Travers","description":"Erleben Sie eine Bahnfahrt wie anno dazumal, als das Reisen mit dem Zug noch eine Sensation war!","robots":{"index":"index","follow":"follow","max-snippet":"max-snippet:-1","max-image-preview":"max-image-preview:large","max-video-preview":"max-video-preview:-1"},"canonical":"https:\/\/www.myvaldetravers.ch\/de\/erlebnisse\/historischer-zug\/","og_locale":"de_DE","og_type":"article","og_title":"Fahrt im historischen Zug des Val-de-Travers","og_description":"Erleben Sie eine Bahnfahrt wie anno dazumal, als das Reisen mit dem Zug noch eine Sensation war!","og_url":"https:\/\/www.myvaldetravers.ch\/de\/erlebnisse\/historischer-zug\/","og_site_name":"Destination Val-de-Travers","article_publisher":"https:\/\/www.facebook.com\/DestinationValdeTravers\/","article_modified_time":"2025-03-28T07:51:20+00:00","og_image":[{"width":3557,"height":2000,"url":"https:\/\/www.myvaldetravers.ch\/wp-content\/uploads\/2019\/04\/RVT_Histo_20090613_Auv_Bole_1712_JPB2019.jpg","type":"image\/jpeg"}],"twitter_card":"summary_large_image","twitter_misc":{"Gesch\u00e4tzte Lesezeit":"3\u00a0Minuten"},"schema":{"@context":"https:\/\/schema.org","@graph":[{"@type":"WebPage","@id":"https:\/\/www.myvaldetravers.ch\/de\/erlebnisse\/historischer-zug\/","url":"https:\/\/www.myvaldetravers.ch\/de\/erlebnisse\/historischer-zug\/","name":"Fahrt im historischen Zug des Val-de-Travers","isPartOf":{"@id":"https:\/\/www.myvaldetravers.ch\/de\/#website"},"primaryImageOfPage":{"@id":"https:\/\/www.myvaldetravers.ch\/de\/erlebnisse\/historischer-zug\/#primaryimage"},"image":{"@id":"https:\/\/www.myvaldetravers.ch\/de\/erlebnisse\/historischer-zug\/#primaryimage"},"thumbnailUrl":"https:\/\/www.myvaldetravers.ch\/wp-content\/uploads\/2019\/04\/RVT_Histo_20090613_Auv_Bole_1712_JPB2019.jpg","datePublished":"2019-04-22T14:22:57+00:00","dateModified":"2025-03-28T07:51:20+00:00","description":"Erleben Sie eine Bahnfahrt wie anno dazumal, als das Reisen mit dem Zug noch eine Sensation war!","breadcrumb":{"@id":"https:\/\/www.myvaldetravers.ch\/de\/erlebnisse\/historischer-zug\/#breadcrumb"},"inLanguage":"de","potentialAction":[{"@type":"ReadAction","target":["https:\/\/www.myvaldetravers.ch\/de\/erlebnisse\/historischer-zug\/"]}]},{"@type":"ImageObject","inLanguage":"de","@id":"https:\/\/www.myvaldetravers.ch\/de\/erlebnisse\/historischer-zug\/#primaryimage","url":"https:\/\/www.myvaldetravers.ch\/wp-content\/uploads\/2019\/04\/RVT_Histo_20090613_Auv_Bole_1712_JPB2019.jpg","contentUrl":"https:\/\/www.myvaldetravers.ch\/wp-content\/uploads\/2019\/04\/RVT_Histo_20090613_Auv_Bole_1712_JPB2019.jpg","width":3557,"height":2000,"caption":"RVT Zug \/ train historique, Val-de-Travers"},{"@type":"BreadcrumbList","@id":"https:\/\/www.myvaldetravers.ch\/de\/erlebnisse\/historischer-zug\/#breadcrumb","itemListElement":[{"@type":"ListItem","position":1,"name":"Accueil","item":"https:\/\/www.myvaldetravers.ch\/de\/"},{"@type":"ListItem","position":2,"name":"Erlebnisse","item":"https:\/\/www.myvaldetravers.ch\/de\/erlebnisse\/"},{"@type":"ListItem","position":3,"name":"Der Historische Zug des Val-de-Travers"}]},{"@type":"WebSite","@id":"https:\/\/www.myvaldetravers.ch\/de\/#website","url":"https:\/\/www.myvaldetravers.ch\/de\/","name":"Destination Val-de-Travers","description":"Il y a toujours quelque chose \u00e0 faire au Val-de-Travers.","potentialAction":[{"@type":"SearchAction","target":{"@type":"EntryPoint","urlTemplate":"https:\/\/www.myvaldetravers.ch\/de\/?s={search_term_string}"},"query-input":{"@type":"PropertyValueSpecification","valueRequired":true,"valueName":"search_term_string"}}],"inLanguage":"de"}]}},"_links":{"self":[{"href":"https:\/\/www.myvaldetravers.ch\/de\/wp-json\/wp\/v2\/pages\/2221"}],"collection":[{"href":"https:\/\/www.myvaldetravers.ch\/de\/wp-json\/wp\/v2\/pages"}],"about":[{"href":"https:\/\/www.myvaldetravers.ch\/de\/wp-json\/wp\/v2\/types\/page"}],"author":[{"embeddable":true,"href":"https:\/\/www.myvaldetravers.ch\/de\/wp-json\/wp\/v2\/users\/73"}],"replies":[{"embeddable":true,"href":"https:\/\/www.myvaldetravers.ch\/de\/wp-json\/wp\/v2\/comments?post=2221"}],"version-history":[{"count":16,"href":"https:\/\/www.myvaldetravers.ch\/de\/wp-json\/wp\/v2\/pages\/2221\/revisions"}],"predecessor-version":[{"id":14076,"href":"https:\/\/www.myvaldetravers.ch\/de\/wp-json\/wp\/v2\/pages\/2221\/revisions\/14076"}],"up":[{"embeddable":true,"href":"https:\/\/www.myvaldetravers.ch\/de\/wp-json\/wp\/v2\/pages\/2155"}],"wp:featuredmedia":[{"embeddable":true,"href":"https:\/\/www.myvaldetravers.ch\/de\/wp-json\/wp\/v2\/media\/1695"}],"wp:attachment":[{"href":"https:\/\/www.myvaldetravers.ch\/de\/wp-json\/wp\/v2\/media?parent=2221"}],"curies":[{"name":"wp","href":"https:\/\/api.w.org\/{rel}","templated":true}]}}