{"id":2222,"date":"2019-04-18T09:18:38","date_gmt":"2019-04-18T07:18:38","guid":{"rendered":"https:\/\/www.myvaldetravers.ch\/experiences\/sechoir-absinthe\/"},"modified":"2023-09-28T15:41:17","modified_gmt":"2023-09-28T13:41:17","slug":"absinth-trocknerei","status":"publish","type":"page","link":"https:\/\/www.myvaldetravers.ch\/de\/erlebnisse\/absinth-trocknerei\/","title":{"rendered":"ABSINTH-TROCKNEREI"},"content":{"rendered":"<p>[vc_row][vc_column][vc_column_text el_class=&#8221;edsi&#8221;]<p><strong>Entdecken und besichtigen Sie einen der letzten Absinth-Trocknungschuppen im Val-de-Travers.<\/strong><\/p><p>Das Heimatmuseum des Val-de-Travers bietet Ihnen Gelegenheit, den Absinth-Trocknungsschuppen in Boveresse zu entdecken. Besonders beeindruckend ist die Architektur des Geb\u00e4udes, welches fr\u00fcher zur Trocknung der Absinthpflanzen genutzt wurde. Das 1893 von den Br\u00fcdern Barrelet aus Boveresse errichtete Geb\u00e4ude ging 1998 in den Besitz des ehemaligen Vereins des Landesmuseums f\u00fcr Geschichte und Kunsthandwerk des Val-de-Travers \u00fcber und steht seither unter Denkmalschutz.<\/p><h5>Gut zu wissen<\/h5>- F\u00fcr Gruppen zwischen 10 und 15 Personen auf Reservation<h5>Kontaktdaten des Partners<\/h5><span class='text-uppercase'>S\u00e9choir \u00e0 absinthe<\/span><br>Route de M\u00f4tiers 1a<br>2113 Boveresse<br><a href='tel:+41 32 861 35 51'>+41 32 861 35 51<\/a><br><a href='mailto:info@mrvt.ch'>info@mrvt.ch<\/a><br><a href='https:\/\/www.mrvt.ch\/le-musee\/le-sechoir-absinthe' target='_blank'>www.mrvt.ch\/le-musee\/le-sechoir-absinthe<\/a><br><h5>Preise<\/h5><div class='edsi-title'>Preise Einzelg\u00e4ste<\/div><div class='edsi-price-container'><div class='edsi-tarif'>Erwachsene<\/div><div class='edsi-prix'>CHF\u00a05.00<\/div><div class='edsi-tarif'>Kinder (bis zu 16 Jahren)<\/div><div class='edsi-prix'><\/div><\/div><div class='edsi-title'>F\u00fchrung<\/div><div class='edsi-price-container'><div class='edsi-tarif'>Bis zu 10 Personen pro F\u00fchrer<\/div><div class='edsi-prix'>CHF\u00a0100.00<\/div><\/div><h5>Karte<\/h5><div id='map' style='width:500px;height:300px;'><\/div>\n<script type=\"text\/javascript\" src=\"https:\/\/maps.googleapis.com\/maps\/api\/js?key=AIzaSyCTPTigCnFjWZE6vEYcD0SnK25h1MzvSMk\"><\/script>\n\n<script>\n  var markerCenter = new google.maps.LatLng(46.916920988725,6.601694226265);\n  var marker = null;\n\n function initialize() {\n  var mapProp = {\n   center: markerCenter,\n   zoom: 13,\n   mapTypeId: google.maps.MapTypeId.ROADMAP\n   };\n  var map = new google.maps.Map(document.getElementById(\"map\"),mapProp);\n\n   var marker = new google.maps.Marker({\n\t position: markerCenter,\n\t \/\/ animation: google.maps.Animation.BOUNCE,\n   });\n   marker.setMap(map);\n   \n   var infowindow = new google.maps.InfoWindow();\n   infowindow.setContent(\"Absinth-Trocknungsschuppen\");\n   infowindow.open(map, marker);\n\n }\n\n google.maps.event.addDomListener(window, 'load', initialize);\n<\/script>\n[\/vc_column_text][\/vc_column][\/vc_row][vc_row css=&#8221;.vc_custom_1554128789554{margin-top: -0.3em !important;}&#8221;][vc_column width=&#8221;2\/3&#8243;][vc_column_text]Das Regionalmuseum des Val-de-Travers l\u00e4dt Sie ein, die Absinth-Trocknerei von Boveresse zu entdecken \u2013 eine der letzten im Val-de-Travers. Das Geb\u00e4ude mit seiner erstaunlichen, historischen Architektur wurde 1893 von den Gebr\u00fcdern Barrelet von Boveresse erbaut und 1998 unter Denkmalschutz gestellt, als es von der Vereinigung des Regionalen Museums f\u00fcr Geschichte und Handwerk des Val-de-Travers erworben wurde.<\/p>\n<p>Die Trocknerei zeigt viele Gegenst\u00e4nde im Zusammenhang mit dem Anbau und der Trocknung der Absinth-Pflanzen, sowie einige Landwirtschafts- und Pferdefahrzeuge. Ein didaktischer Lehrgang erkl\u00e4rt die ehemalige wirtschaftliche Bedeutung des Absinth f\u00fcr das Val-de-Travers. Zur Trocknerei geh\u00f6rt auch ein Garten, in dem Sie die Pflanzen kennenlernen, die f\u00fcr die Herstellung von Absinth verwendet werden.<\/p>\n<p>Die Trocknerei hat ihre urspr\u00fcngliche Form beibehalten, ohne Heizung oder Isolierung, und ist daher nur in den Sommermonaten ge\u00f6ffnet.<\/p>\n<h5>PRAKTISCHE TIPPS<\/h5>\n<p>Gruppen ab 10 Personen: F\u00fchrung mit Reservierung unter 032 861 35 51 oder <a href=\"mailto:info@mrvt.ch\">info@mrvt.ch<\/a><br \/>\nZuschlag f\u00fcr F\u00fchrungen: CHF 50 f\u00fcr 10 bis 15 Personen.<br \/>\nKurs in Franz\u00f6sisch, Deutsch, Englisch.<\/p>\n<h5>\u00d6FFNUNGSZEITEN UND DETAILS<\/h5>\n<p>Die Absinth-Trocknerei in Boveresse ist von Mai bis Oktober am ersten Sonntag des Monats von 11 bis 17 Uhr ge\u00f6ffnet.<\/p>\n<h5>KONTAKTDATEN DES PARTNERS<\/h5>\n<p>S\u00c9CHOIR \u00c0 ABSINTHE<br \/>\nRte de M\u00f4tiers 1a<br \/>\n2113 Boveresse<br \/>\nT 032 861 35 51<br \/>\n<a href=\"mailto:info@mrvt.ch\">info@mrvt.ch<\/a><br \/>\n<a href=\"http:\/\/www.mrvt.ch\" target=\"_blank\" rel=\"noopener noreferrer\">www.mrvt.ch<\/a>[\/vc_column_text][\/vc_column][vc_column width=&#8221;1\/3&#8243; css=&#8221;.vc_custom_1554128972031{background-color: #f6f6f7 !important;}&#8221; el_class=&#8221;colonne-info-droite&#8221;][vc_single_image image=&#8221;7069&#8243; alignment=&#8221;center&#8221;][vc_column_text]<\/p>\n<p style=\"text-align: center;\">Museum zertifiziert\u00a0<em><a href=\"https:\/\/www.myvaldetravers.ch\/de\/2021\/07\/07\/swisstainable\/\" target=\"_blank\" rel=\"noopener\">Swisstainable<\/a><\/em><\/p>\n<p>[\/vc_column_text][vc_empty_space hide_on_mobile=&#8221;&#8221;][vc_column_text]<\/p>\n<h5><a href=\"https:\/\/www.myvaldetravers.ch\/de\/freizeitkarte\/\" target=\"_blank\" rel=\"noopener noreferrer\">Freizeitkarte Val-de-Travers<\/a><\/h5>\n<p><strong>Inbegriffen in der <a href=\"https:\/\/www.myvaldetravers.ch\/de\/freizeitkarte\/\" target=\"_blank\" rel=\"noopener noreferrer\">Freizeitkarte<\/a>:<\/strong><\/p>\n<p>Freier Eintritt w\u00e4hrend der \u00d6ffnungszeiten.<\/p>\n<p><a href=\"http:\/\/www.mrvt.ch\" target=\"_blank\" rel=\"noopener noreferrer\">www.mrvt.ch<\/a>[\/vc_column_text][\/vc_column][\/vc_row][vc_row][vc_column][vc_column_text][\/vc_column_text][vc_separator]<div class=\"cq-dagallery-container\" style=\"width:100%;margin:0 auto;\"><ul class=\"cq-dagallery\" data-gallerywidth=\"100%\" data-width=\"270\" data-height=\"\" data-color=\"#ffffff\" data-background=\"#00bfff\" data-opacity=\"0.8\"><li class=\"\" data-width=\"270\" data-height=\"\" data-margin=\"10px\" style=\"margin:10px\"><a class=\"normal\" href=\"https:\/\/www.myvaldetravers.ch\/wp-content\/uploads\/2019\/06\/S\u00e9choir-avec-coeur_paysage.jpg\" rel=\"222217\"><img src='https:\/\/www.myvaldetravers.ch\/wp-content\/uploads\/2019\/06\/S\u00e9choir-avec-coeur_paysage-270x152.jpg' width='270' height='' \/><\/a><div class=\"dagallery-info\" style=\"padding:20px;color:#ffffff;background-color:#00bfff\"><\/div><\/li><li class=\"\" data-width=\"270\" data-height=\"\" data-margin=\"10px\" style=\"margin:10px\"><a class=\"normal\" href=\"https:\/\/www.myvaldetravers.ch\/wp-content\/uploads\/2019\/06\/AeF_8.jpg\" rel=\"222217\"><img src='https:\/\/www.myvaldetravers.ch\/wp-content\/uploads\/2019\/06\/AeF_8-270x152.jpg' width='270' height='' \/><\/a><div class=\"dagallery-info\" style=\"padding:20px;color:#ffffff;background-color:#00bfff\"><\/div><\/li><li class=\"\" data-width=\"270\" data-height=\"\" data-margin=\"10px\" style=\"margin:10px\"><a class=\"normal\" href=\"https:\/\/www.myvaldetravers.ch\/wp-content\/uploads\/2019\/06\/AeF_6.jpg\" rel=\"222217\"><img src='https:\/\/www.myvaldetravers.ch\/wp-content\/uploads\/2019\/06\/AeF_6-270x152.jpg' width='270' height='' \/><\/a><div class=\"dagallery-info\" style=\"padding:20px;color:#ffffff;background-color:#00bfff\"><\/div><\/li><li class=\"\" data-width=\"270\" data-height=\"\" data-margin=\"10px\" style=\"margin:10px\"><a class=\"normal\" href=\"https:\/\/www.myvaldetravers.ch\/wp-content\/uploads\/2019\/06\/AeF_5.jpg\" rel=\"222217\"><img src='https:\/\/www.myvaldetravers.ch\/wp-content\/uploads\/2019\/06\/AeF_5-270x152.jpg' width='270' height='' \/><\/a><div class=\"dagallery-info\" style=\"padding:20px;color:#ffffff;background-color:#00bfff\"><\/div><\/li><li class=\"\" data-width=\"270\" data-height=\"\" data-margin=\"10px\" style=\"margin:10px\"><a class=\"normal\" href=\"https:\/\/www.myvaldetravers.ch\/wp-content\/uploads\/2019\/06\/AeF_4.jpg\" rel=\"222217\"><img src='https:\/\/www.myvaldetravers.ch\/wp-content\/uploads\/2019\/06\/AeF_4-270x152.jpg' width='270' height='' \/><\/a><div class=\"dagallery-info\" style=\"padding:20px;color:#ffffff;background-color:#00bfff\"><\/div><\/li><\/ul><\/div>[\/vc_column][\/vc_row]<\/p>\n","protected":false},"excerpt":{"rendered":"<p>[vc_row][vc_column][vc_column_text el_class=&#8221;edsi&#8221;][\/vc_column_text][\/vc_column][\/vc_row][vc_row css=&#8221;.vc_custom_1554128789554{margin-top: -0.3em !important;}&#8221;][vc_column width=&#8221;2\/3&#8243;][vc_column_text]Das Regionalmuseum des Val-de-Travers l\u00e4dt Sie ein, die Absinth-Trocknerei von Boveresse zu entdecken \u2013 eine der letzten im Val-de-Travers. Das Geb\u00e4ude mit seiner erstaunlichen, historischen&hellip;<\/p>\n","protected":false},"author":73,"featured_media":2650,"parent":2155,"menu_order":0,"comment_status":"closed","ping_status":"closed","template":"","meta":{"footnotes":""},"yoast_head":"<!-- This site is optimized with the Yoast SEO plugin v23.5 - https:\/\/yoast.com\/wordpress\/plugins\/seo\/ -->\n<title>Ausflug im Jura: Absinth-Trocknerei im Val-de-Travers<\/title>\n<meta name=\"description\" content=\"Entdecken Sie die historische Absinth-Trocknerei in Boveresse und erfahren Sie mehr zur Geschichte des Absinth im Val-de-Travers.\" \/>\n<meta name=\"robots\" content=\"index, follow, max-snippet:-1, max-image-preview:large, max-video-preview:-1\" \/>\n<link rel=\"canonical\" href=\"https:\/\/www.myvaldetravers.ch\/de\/erlebnisse\/absinth-trocknerei\/\" \/>\n<meta property=\"og:locale\" content=\"de_DE\" \/>\n<meta property=\"og:type\" content=\"article\" \/>\n<meta property=\"og:title\" content=\"Ausflug im Jura: Absinth-Trocknerei im Val-de-Travers\" \/>\n<meta property=\"og:description\" content=\"Entdecken Sie die historische Absinth-Trocknerei in Boveresse und erfahren Sie mehr zur Geschichte des Absinth im Val-de-Travers.\" \/>\n<meta property=\"og:url\" content=\"https:\/\/www.myvaldetravers.ch\/de\/erlebnisse\/absinth-trocknerei\/\" \/>\n<meta property=\"og:site_name\" content=\"Destination Val-de-Travers\" \/>\n<meta property=\"article:publisher\" content=\"https:\/\/www.facebook.com\/DestinationValdeTravers\/\" \/>\n<meta property=\"article:modified_time\" content=\"2023-09-28T13:41:17+00:00\" \/>\n<meta property=\"og:image\" content=\"https:\/\/www.myvaldetravers.ch\/wp-content\/uploads\/2019\/06\/AeF_8.jpg\" \/>\n\t<meta property=\"og:image:width\" content=\"1367\" \/>\n\t<meta property=\"og:image:height\" content=\"769\" \/>\n\t<meta property=\"og:image:type\" content=\"image\/jpeg\" \/>\n<meta name=\"twitter:card\" content=\"summary_large_image\" \/>\n<meta name=\"twitter:label1\" content=\"Gesch\u00e4tzte Lesezeit\" \/>\n\t<meta name=\"twitter:data1\" content=\"2\u00a0Minuten\" \/>\n<script type=\"application\/ld+json\" class=\"yoast-schema-graph\">{\"@context\":\"https:\/\/schema.org\",\"@graph\":[{\"@type\":\"WebPage\",\"@id\":\"https:\/\/www.myvaldetravers.ch\/de\/erlebnisse\/absinth-trocknerei\/\",\"url\":\"https:\/\/www.myvaldetravers.ch\/de\/erlebnisse\/absinth-trocknerei\/\",\"name\":\"Ausflug im Jura: Absinth-Trocknerei im Val-de-Travers\",\"isPartOf\":{\"@id\":\"https:\/\/www.myvaldetravers.ch\/de\/#website\"},\"primaryImageOfPage\":{\"@id\":\"https:\/\/www.myvaldetravers.ch\/de\/erlebnisse\/absinth-trocknerei\/#primaryimage\"},\"image\":{\"@id\":\"https:\/\/www.myvaldetravers.ch\/de\/erlebnisse\/absinth-trocknerei\/#primaryimage\"},\"thumbnailUrl\":\"https:\/\/www.myvaldetravers.ch\/wp-content\/uploads\/2019\/06\/AeF_8.jpg\",\"datePublished\":\"2019-04-18T07:18:38+00:00\",\"dateModified\":\"2023-09-28T13:41:17+00:00\",\"description\":\"Entdecken Sie die historische Absinth-Trocknerei in Boveresse und erfahren Sie mehr zur Geschichte des Absinth im Val-de-Travers.\",\"breadcrumb\":{\"@id\":\"https:\/\/www.myvaldetravers.ch\/de\/erlebnisse\/absinth-trocknerei\/#breadcrumb\"},\"inLanguage\":\"de\",\"potentialAction\":[{\"@type\":\"ReadAction\",\"target\":[\"https:\/\/www.myvaldetravers.ch\/de\/erlebnisse\/absinth-trocknerei\/\"]}]},{\"@type\":\"ImageObject\",\"inLanguage\":\"de\",\"@id\":\"https:\/\/www.myvaldetravers.ch\/de\/erlebnisse\/absinth-trocknerei\/#primaryimage\",\"url\":\"https:\/\/www.myvaldetravers.ch\/wp-content\/uploads\/2019\/06\/AeF_8.jpg\",\"contentUrl\":\"https:\/\/www.myvaldetravers.ch\/wp-content\/uploads\/2019\/06\/AeF_8.jpg\",\"width\":1367,\"height\":769,\"caption\":\"Sechoir \/ Absinth-Trocknerei, Val-de-Travers\"},{\"@type\":\"BreadcrumbList\",\"@id\":\"https:\/\/www.myvaldetravers.ch\/de\/erlebnisse\/absinth-trocknerei\/#breadcrumb\",\"itemListElement\":[{\"@type\":\"ListItem\",\"position\":1,\"name\":\"Accueil\",\"item\":\"https:\/\/www.myvaldetravers.ch\/de\/\"},{\"@type\":\"ListItem\",\"position\":2,\"name\":\"Erlebnisse\",\"item\":\"https:\/\/www.myvaldetravers.ch\/de\/erlebnisse\/\"},{\"@type\":\"ListItem\",\"position\":3,\"name\":\"ABSINTH-TROCKNEREI\"}]},{\"@type\":\"WebSite\",\"@id\":\"https:\/\/www.myvaldetravers.ch\/de\/#website\",\"url\":\"https:\/\/www.myvaldetravers.ch\/de\/\",\"name\":\"Destination Val-de-Travers\",\"description\":\"Il y a toujours quelque chose \u00e0 faire au Val-de-Travers.\",\"potentialAction\":[{\"@type\":\"SearchAction\",\"target\":{\"@type\":\"EntryPoint\",\"urlTemplate\":\"https:\/\/www.myvaldetravers.ch\/de\/?s={search_term_string}\"},\"query-input\":{\"@type\":\"PropertyValueSpecification\",\"valueRequired\":true,\"valueName\":\"search_term_string\"}}],\"inLanguage\":\"de\"}]}<\/script>\n<!-- \/ Yoast SEO plugin. -->","yoast_head_json":{"title":"Ausflug im Jura: Absinth-Trocknerei im Val-de-Travers","description":"Entdecken Sie die historische Absinth-Trocknerei in Boveresse und erfahren Sie mehr zur Geschichte des Absinth im Val-de-Travers.","robots":{"index":"index","follow":"follow","max-snippet":"max-snippet:-1","max-image-preview":"max-image-preview:large","max-video-preview":"max-video-preview:-1"},"canonical":"https:\/\/www.myvaldetravers.ch\/de\/erlebnisse\/absinth-trocknerei\/","og_locale":"de_DE","og_type":"article","og_title":"Ausflug im Jura: Absinth-Trocknerei im Val-de-Travers","og_description":"Entdecken Sie die historische Absinth-Trocknerei in Boveresse und erfahren Sie mehr zur Geschichte des Absinth im Val-de-Travers.","og_url":"https:\/\/www.myvaldetravers.ch\/de\/erlebnisse\/absinth-trocknerei\/","og_site_name":"Destination Val-de-Travers","article_publisher":"https:\/\/www.facebook.com\/DestinationValdeTravers\/","article_modified_time":"2023-09-28T13:41:17+00:00","og_image":[{"width":1367,"height":769,"url":"https:\/\/www.myvaldetravers.ch\/wp-content\/uploads\/2019\/06\/AeF_8.jpg","type":"image\/jpeg"}],"twitter_card":"summary_large_image","twitter_misc":{"Gesch\u00e4tzte Lesezeit":"2\u00a0Minuten"},"schema":{"@context":"https:\/\/schema.org","@graph":[{"@type":"WebPage","@id":"https:\/\/www.myvaldetravers.ch\/de\/erlebnisse\/absinth-trocknerei\/","url":"https:\/\/www.myvaldetravers.ch\/de\/erlebnisse\/absinth-trocknerei\/","name":"Ausflug im Jura: Absinth-Trocknerei im Val-de-Travers","isPartOf":{"@id":"https:\/\/www.myvaldetravers.ch\/de\/#website"},"primaryImageOfPage":{"@id":"https:\/\/www.myvaldetravers.ch\/de\/erlebnisse\/absinth-trocknerei\/#primaryimage"},"image":{"@id":"https:\/\/www.myvaldetravers.ch\/de\/erlebnisse\/absinth-trocknerei\/#primaryimage"},"thumbnailUrl":"https:\/\/www.myvaldetravers.ch\/wp-content\/uploads\/2019\/06\/AeF_8.jpg","datePublished":"2019-04-18T07:18:38+00:00","dateModified":"2023-09-28T13:41:17+00:00","description":"Entdecken Sie die historische Absinth-Trocknerei in Boveresse und erfahren Sie mehr zur Geschichte des Absinth im Val-de-Travers.","breadcrumb":{"@id":"https:\/\/www.myvaldetravers.ch\/de\/erlebnisse\/absinth-trocknerei\/#breadcrumb"},"inLanguage":"de","potentialAction":[{"@type":"ReadAction","target":["https:\/\/www.myvaldetravers.ch\/de\/erlebnisse\/absinth-trocknerei\/"]}]},{"@type":"ImageObject","inLanguage":"de","@id":"https:\/\/www.myvaldetravers.ch\/de\/erlebnisse\/absinth-trocknerei\/#primaryimage","url":"https:\/\/www.myvaldetravers.ch\/wp-content\/uploads\/2019\/06\/AeF_8.jpg","contentUrl":"https:\/\/www.myvaldetravers.ch\/wp-content\/uploads\/2019\/06\/AeF_8.jpg","width":1367,"height":769,"caption":"Sechoir \/ Absinth-Trocknerei, Val-de-Travers"},{"@type":"BreadcrumbList","@id":"https:\/\/www.myvaldetravers.ch\/de\/erlebnisse\/absinth-trocknerei\/#breadcrumb","itemListElement":[{"@type":"ListItem","position":1,"name":"Accueil","item":"https:\/\/www.myvaldetravers.ch\/de\/"},{"@type":"ListItem","position":2,"name":"Erlebnisse","item":"https:\/\/www.myvaldetravers.ch\/de\/erlebnisse\/"},{"@type":"ListItem","position":3,"name":"ABSINTH-TROCKNEREI"}]},{"@type":"WebSite","@id":"https:\/\/www.myvaldetravers.ch\/de\/#website","url":"https:\/\/www.myvaldetravers.ch\/de\/","name":"Destination Val-de-Travers","description":"Il y a toujours quelque chose \u00e0 faire au Val-de-Travers.","potentialAction":[{"@type":"SearchAction","target":{"@type":"EntryPoint","urlTemplate":"https:\/\/www.myvaldetravers.ch\/de\/?s={search_term_string}"},"query-input":{"@type":"PropertyValueSpecification","valueRequired":true,"valueName":"search_term_string"}}],"inLanguage":"de"}]}},"_links":{"self":[{"href":"https:\/\/www.myvaldetravers.ch\/de\/wp-json\/wp\/v2\/pages\/2222"}],"collection":[{"href":"https:\/\/www.myvaldetravers.ch\/de\/wp-json\/wp\/v2\/pages"}],"about":[{"href":"https:\/\/www.myvaldetravers.ch\/de\/wp-json\/wp\/v2\/types\/page"}],"author":[{"embeddable":true,"href":"https:\/\/www.myvaldetravers.ch\/de\/wp-json\/wp\/v2\/users\/73"}],"replies":[{"embeddable":true,"href":"https:\/\/www.myvaldetravers.ch\/de\/wp-json\/wp\/v2\/comments?post=2222"}],"version-history":[{"count":13,"href":"https:\/\/www.myvaldetravers.ch\/de\/wp-json\/wp\/v2\/pages\/2222\/revisions"}],"predecessor-version":[{"id":2349,"href":"https:\/\/www.myvaldetravers.ch\/de\/wp-json\/wp\/v2\/pages\/2222\/revisions\/2349"}],"up":[{"embeddable":true,"href":"https:\/\/www.myvaldetravers.ch\/de\/wp-json\/wp\/v2\/pages\/2155"}],"wp:featuredmedia":[{"embeddable":true,"href":"https:\/\/www.myvaldetravers.ch\/de\/wp-json\/wp\/v2\/media\/2650"}],"wp:attachment":[{"href":"https:\/\/www.myvaldetravers.ch\/de\/wp-json\/wp\/v2\/media?parent=2222"}],"curies":[{"name":"wp","href":"https:\/\/api.w.org\/{rel}","templated":true}]}}