{"id":2223,"date":"2019-04-17T15:55:25","date_gmt":"2019-04-17T13:55:25","guid":{"rendered":"https:\/\/www.myvaldetravers.ch\/experiences\/transports-publics\/"},"modified":"2026-02-05T14:12:55","modified_gmt":"2026-02-05T13:12:55","slug":"oev","status":"publish","type":"page","link":"https:\/\/www.myvaldetravers.ch\/de\/erlebnisse\/oev\/","title":{"rendered":"Unterwegs mit Zug &#038; Bus im Val-de-Travers"},"content":{"rendered":"<p>[vc_row css=&#8221;.vc_custom_1554128789554{margin-top: -0.3em !important;}&#8221;][vc_column width=&#8221;2\/3&#8243;][vc_column_text]Entdecken Sie das Val-de-Travers mit dem Zug und dem Bus von Neuch\u00e2tel bis nach Les Verri\u00e8res oder La C\u00f4te-aux-F\u00e9es. Bewundern Sie die herrlichen Landschaften, die vor Ihren Augen vorbeiziehen, w\u00e4hrend Sie Ihre Reiseroute vorbereiten, Geschichten erz\u00e4hlen, lachen oder bereits Ihr n\u00e4chstes Abenteuer im Val-de-Travers planen!<\/p>\n<h5>\u00d6FFNUNGSZEITEN UND DETAILS<\/h5>\n<p>Fahrplan\u200a: <a href=\"http:\/\/www.transn.ch\" target=\"_blank\" rel=\"noopener noreferrer\">www.transn.ch<\/a><\/p>\n<p>G\u00e4ste, die in einer Unterkunft in der Region \u00fcbernachten, k\u00f6nnen dank der <a href=\"https:\/\/www.j3l.ch\/de\/Z10779\/neuchatel-tourist-card-page\" target=\"_blank\" rel=\"noopener\">Neuch\u00e2tel Tourist Card<\/a> alle \u00f6ffentlichen Verkehrsmittel kostenlos nutzen.<\/p>\n<h5>Fahrpl\u00e4ne f\u00fcr Zug und Bus<\/h5>\n<p>[\/vc_column_text][vc_column_text]<iframe loading=\"lazy\" id=\"widget_transn\" src=\"https:\/\/transn.routerank.com\/fr\/widget?\" width=\"375\" height=\"1100\" frameborder=\"0\" marginwidth=\"0\" marginheight=\"0\" scrolling=\"no\"><\/iframe>[\/vc_column_text][\/vc_column][vc_column width=&#8221;1\/3&#8243; css=&#8221;.vc_custom_1554128972031{background-color: #f6f6f7 !important;}&#8221; el_class=&#8221;colonne-info-droite&#8221;][vc_column_text]<\/p>\n<h5><a href=\"https:\/\/www.myvaldetravers.ch\/de\/freizeitkarte\/\" target=\"_blank\" rel=\"noopener noreferrer\">Freizeitkarte Val-de-Travers<\/a><\/h5>\n<p><strong>Inbegriffen in der <a href=\"https:\/\/www.myvaldetravers.ch\/de\/freizeitkarte\/\" target=\"_blank\" rel=\"noopener noreferrer\">Freizeitkarte<\/a>:<\/strong><\/p>\n<p>Freier Zugang zu den Zonen 10,11, 30 &amp; 33\u00a0des Tarifverbunds Onde Verte[\/vc_column_text][\/vc_column][\/vc_row][vc_row][vc_column][vc_column_text]<\/p>\n<h5>Liste der verschiedenen Zug- und Buslinien in der Region<\/h5>\n<p>Trains r\u00e9gionaux :\u00a0 Buttes \u2013 Fleurier \u2013 M\u00f4tiers \u2013 Couvet \u2013 La Presta Mines d\u2019asphalte \u2013 Travers \u2013 Noiraigue \u2013 Champ-du-Moulin \u2013 B\u00f4le \u2013 Auvernier \u2013 Neuch\u00e2tel<\/p>\n<p>Trains Regio-Express : Neuch\u00e2tel \u2013 Travers \u2013 Pontarlier \u2013 Frasne, puis TGV Paris (3 mal pro Tag)<\/p>\n<p>Bus : Buttes \u2013 La C\u00f4te-aux-F\u00e9es \u00a0\u2013 Ste-Croix \u00a0(zwischen La C\u00f4te-aux-F\u00e9es und Ste-Croix, \u00a02-3 mal pro Tag)<br \/>\nBus : Couvet \u2013 Boveresse \u2013 M\u00f4tiers \u2013 Fleurier<br \/>\nBus : Fleurier \u2013 St-Sulpice \u2013 Les Bayards \u2013 Les Verri\u00e8res \u2013 Pontarlier (Frankreich)<br \/>\nBus : Les Bayards \u2013 lac des Taill\u00e8res \u2013 La Br\u00e9vine<br \/>\nBus : Fleurier \u2013 Boveresse \u2013 Couvet \u2013 Les Sagnettes \u2013 La Br\u00e9vine, dann Le Locle<br \/>\nBus : Fleurier \u2013 M\u00f4tiers \u2013 Couvet \u2013 Travers \u2013 Les Ponts-de-Martel \u00a0(2 mal pro Tag, von Montag bis Freitag)<br \/>\nBus : Couvet \u2013 Le Couvent \u2013 La Combaz \u2013 Mauborget, puis Yverdon (3 mal pro Wochenende, von Mitte mai bis Mitte September)<\/p>\n<h5>&#8220;Au fil de nos lignes&#8221;<\/h5>\n<p>Dank <strong>illustrierter Karten<\/strong> verbringen Sie unvergessliche Momente in der Region. Das Angebot an Aktivit\u00e4ten ist dank Abschnitten aller Art vielf\u00e4ltig:<\/p>\n<ul>\n<li>Sport &amp; Freizeit<\/li>\n<li>Kultur &amp; Museen<\/li>\n<li>Restaurant &amp; Terroir<\/li>\n<li>Unterkunft<\/li>\n<li>Praktisch<\/li>\n<\/ul>\n<p><a href=\"https:\/\/www.transn.ch\/fileadmin\/transn\/pdf\/ligne_221_transn.ch-OK.pdf\" target=\"_blank\" rel=\"noopener\">Karte der Linie R21 von Val-de-Travers<\/a><\/p>\n<h5>Kontakdaten der Partner<\/h5>\n<p>transN<br \/>\nBahnhof Fleurier<br \/>\n2114 Fleurier<br \/>\nT 032 924 25 26<br \/>\n<a href=\"mailto:gare.fleurier@transn.ch\" target=\"_blank\" rel=\"noopener noreferrer\">gare.fleurier@transn.ch<\/a><br \/>\n<a href=\"http:\/\/www.transn.ch\" target=\"_blank\" rel=\"noopener noreferrer\">www.transn.ch<\/a>[\/vc_column_text][\/vc_column][\/vc_row]<\/p>\n","protected":false},"excerpt":{"rendered":"<p>[vc_row css=&#8221;.vc_custom_1554128789554{margin-top: -0.3em !important;}&#8221;][vc_column width=&#8221;2\/3&#8243;][vc_column_text]Entdecken Sie das Val-de-Travers mit dem Zug und dem Bus von Neuch\u00e2tel bis nach Les Verri\u00e8res oder La C\u00f4te-aux-F\u00e9es. Bewundern Sie die herrlichen Landschaften, die vor&hellip;<\/p>\n","protected":false},"author":73,"featured_media":1581,"parent":2155,"menu_order":0,"comment_status":"closed","ping_status":"closed","template":"","meta":{"footnotes":""},"yoast_head":"<!-- This site is optimized with the Yoast SEO plugin v23.5 - https:\/\/yoast.com\/wordpress\/plugins\/seo\/ -->\n<title>Unterwegs mit Zug &amp; Bus im Val-de-Travers<\/title>\n<meta name=\"description\" content=\"Entdecken Sie das Val-de-Travers mit dem Zug und dem Bus von Neuch\u00e2tel bis nach Les Verri\u00e8res oder La C\u00f4te-aux-F\u00e9es.\" \/>\n<meta name=\"robots\" content=\"index, follow, max-snippet:-1, max-image-preview:large, max-video-preview:-1\" \/>\n<link rel=\"canonical\" href=\"https:\/\/www.myvaldetravers.ch\/de\/erlebnisse\/oev\/\" \/>\n<meta property=\"og:locale\" content=\"de_DE\" \/>\n<meta property=\"og:type\" content=\"article\" \/>\n<meta property=\"og:title\" content=\"Unterwegs mit Zug &amp; Bus im Val-de-Travers\" \/>\n<meta property=\"og:description\" content=\"Entdecken Sie das Val-de-Travers mit dem Zug und dem Bus von Neuch\u00e2tel bis nach Les Verri\u00e8res oder La C\u00f4te-aux-F\u00e9es.\" \/>\n<meta property=\"og:url\" content=\"https:\/\/www.myvaldetravers.ch\/de\/erlebnisse\/oev\/\" \/>\n<meta property=\"og:site_name\" content=\"Destination Val-de-Travers\" \/>\n<meta property=\"article:publisher\" content=\"https:\/\/www.facebook.com\/DestinationValdeTravers\/\" \/>\n<meta property=\"article:modified_time\" content=\"2026-02-05T13:12:55+00:00\" \/>\n<meta property=\"og:image\" content=\"https:\/\/www.myvaldetravers.ch\/wp-content\/uploads\/2019\/04\/p298552_224259711_4.jpg\" \/>\n\t<meta property=\"og:image:width\" content=\"800\" \/>\n\t<meta property=\"og:image:height\" content=\"533\" \/>\n\t<meta property=\"og:image:type\" content=\"image\/jpeg\" \/>\n<meta name=\"twitter:card\" content=\"summary_large_image\" \/>\n<meta name=\"twitter:label1\" content=\"Gesch\u00e4tzte Lesezeit\" \/>\n\t<meta name=\"twitter:data1\" content=\"2\u00a0Minuten\" \/>\n<script type=\"application\/ld+json\" class=\"yoast-schema-graph\">{\"@context\":\"https:\/\/schema.org\",\"@graph\":[{\"@type\":\"WebPage\",\"@id\":\"https:\/\/www.myvaldetravers.ch\/de\/erlebnisse\/oev\/\",\"url\":\"https:\/\/www.myvaldetravers.ch\/de\/erlebnisse\/oev\/\",\"name\":\"Unterwegs mit Zug & Bus im Val-de-Travers\",\"isPartOf\":{\"@id\":\"https:\/\/www.myvaldetravers.ch\/de\/#website\"},\"primaryImageOfPage\":{\"@id\":\"https:\/\/www.myvaldetravers.ch\/de\/erlebnisse\/oev\/#primaryimage\"},\"image\":{\"@id\":\"https:\/\/www.myvaldetravers.ch\/de\/erlebnisse\/oev\/#primaryimage\"},\"thumbnailUrl\":\"https:\/\/www.myvaldetravers.ch\/wp-content\/uploads\/2019\/04\/p298552_224259711_4.jpg\",\"datePublished\":\"2019-04-17T13:55:25+00:00\",\"dateModified\":\"2026-02-05T13:12:55+00:00\",\"description\":\"Entdecken Sie das Val-de-Travers mit dem Zug und dem Bus von Neuch\u00e2tel bis nach Les Verri\u00e8res oder La C\u00f4te-aux-F\u00e9es.\",\"breadcrumb\":{\"@id\":\"https:\/\/www.myvaldetravers.ch\/de\/erlebnisse\/oev\/#breadcrumb\"},\"inLanguage\":\"de\",\"potentialAction\":[{\"@type\":\"ReadAction\",\"target\":[\"https:\/\/www.myvaldetravers.ch\/de\/erlebnisse\/oev\/\"]}]},{\"@type\":\"ImageObject\",\"inLanguage\":\"de\",\"@id\":\"https:\/\/www.myvaldetravers.ch\/de\/erlebnisse\/oev\/#primaryimage\",\"url\":\"https:\/\/www.myvaldetravers.ch\/wp-content\/uploads\/2019\/04\/p298552_224259711_4.jpg\",\"contentUrl\":\"https:\/\/www.myvaldetravers.ch\/wp-content\/uploads\/2019\/04\/p298552_224259711_4.jpg\",\"width\":800,\"height\":533,\"caption\":\"Guillaume Perret \/ lundi13, pour l'Association Pays de l'absinthe\"},{\"@type\":\"BreadcrumbList\",\"@id\":\"https:\/\/www.myvaldetravers.ch\/de\/erlebnisse\/oev\/#breadcrumb\",\"itemListElement\":[{\"@type\":\"ListItem\",\"position\":1,\"name\":\"Accueil\",\"item\":\"https:\/\/www.myvaldetravers.ch\/de\/\"},{\"@type\":\"ListItem\",\"position\":2,\"name\":\"Erlebnisse\",\"item\":\"https:\/\/www.myvaldetravers.ch\/de\/erlebnisse\/\"},{\"@type\":\"ListItem\",\"position\":3,\"name\":\"Unterwegs mit Zug &#038; Bus im Val-de-Travers\"}]},{\"@type\":\"WebSite\",\"@id\":\"https:\/\/www.myvaldetravers.ch\/de\/#website\",\"url\":\"https:\/\/www.myvaldetravers.ch\/de\/\",\"name\":\"Destination Val-de-Travers\",\"description\":\"Il y a toujours quelque chose \u00e0 faire au Val-de-Travers.\",\"potentialAction\":[{\"@type\":\"SearchAction\",\"target\":{\"@type\":\"EntryPoint\",\"urlTemplate\":\"https:\/\/www.myvaldetravers.ch\/de\/?s={search_term_string}\"},\"query-input\":{\"@type\":\"PropertyValueSpecification\",\"valueRequired\":true,\"valueName\":\"search_term_string\"}}],\"inLanguage\":\"de\"}]}<\/script>\n<!-- \/ Yoast SEO plugin. -->","yoast_head_json":{"title":"Unterwegs mit Zug & Bus im Val-de-Travers","description":"Entdecken Sie das Val-de-Travers mit dem Zug und dem Bus von Neuch\u00e2tel bis nach Les Verri\u00e8res oder La C\u00f4te-aux-F\u00e9es.","robots":{"index":"index","follow":"follow","max-snippet":"max-snippet:-1","max-image-preview":"max-image-preview:large","max-video-preview":"max-video-preview:-1"},"canonical":"https:\/\/www.myvaldetravers.ch\/de\/erlebnisse\/oev\/","og_locale":"de_DE","og_type":"article","og_title":"Unterwegs mit Zug & Bus im Val-de-Travers","og_description":"Entdecken Sie das Val-de-Travers mit dem Zug und dem Bus von Neuch\u00e2tel bis nach Les Verri\u00e8res oder La C\u00f4te-aux-F\u00e9es.","og_url":"https:\/\/www.myvaldetravers.ch\/de\/erlebnisse\/oev\/","og_site_name":"Destination Val-de-Travers","article_publisher":"https:\/\/www.facebook.com\/DestinationValdeTravers\/","article_modified_time":"2026-02-05T13:12:55+00:00","og_image":[{"width":800,"height":533,"url":"https:\/\/www.myvaldetravers.ch\/wp-content\/uploads\/2019\/04\/p298552_224259711_4.jpg","type":"image\/jpeg"}],"twitter_card":"summary_large_image","twitter_misc":{"Gesch\u00e4tzte Lesezeit":"2\u00a0Minuten"},"schema":{"@context":"https:\/\/schema.org","@graph":[{"@type":"WebPage","@id":"https:\/\/www.myvaldetravers.ch\/de\/erlebnisse\/oev\/","url":"https:\/\/www.myvaldetravers.ch\/de\/erlebnisse\/oev\/","name":"Unterwegs mit Zug & Bus im Val-de-Travers","isPartOf":{"@id":"https:\/\/www.myvaldetravers.ch\/de\/#website"},"primaryImageOfPage":{"@id":"https:\/\/www.myvaldetravers.ch\/de\/erlebnisse\/oev\/#primaryimage"},"image":{"@id":"https:\/\/www.myvaldetravers.ch\/de\/erlebnisse\/oev\/#primaryimage"},"thumbnailUrl":"https:\/\/www.myvaldetravers.ch\/wp-content\/uploads\/2019\/04\/p298552_224259711_4.jpg","datePublished":"2019-04-17T13:55:25+00:00","dateModified":"2026-02-05T13:12:55+00:00","description":"Entdecken Sie das Val-de-Travers mit dem Zug und dem Bus von Neuch\u00e2tel bis nach Les Verri\u00e8res oder La C\u00f4te-aux-F\u00e9es.","breadcrumb":{"@id":"https:\/\/www.myvaldetravers.ch\/de\/erlebnisse\/oev\/#breadcrumb"},"inLanguage":"de","potentialAction":[{"@type":"ReadAction","target":["https:\/\/www.myvaldetravers.ch\/de\/erlebnisse\/oev\/"]}]},{"@type":"ImageObject","inLanguage":"de","@id":"https:\/\/www.myvaldetravers.ch\/de\/erlebnisse\/oev\/#primaryimage","url":"https:\/\/www.myvaldetravers.ch\/wp-content\/uploads\/2019\/04\/p298552_224259711_4.jpg","contentUrl":"https:\/\/www.myvaldetravers.ch\/wp-content\/uploads\/2019\/04\/p298552_224259711_4.jpg","width":800,"height":533,"caption":"Guillaume Perret \/ lundi13, pour l'Association Pays de l'absinthe"},{"@type":"BreadcrumbList","@id":"https:\/\/www.myvaldetravers.ch\/de\/erlebnisse\/oev\/#breadcrumb","itemListElement":[{"@type":"ListItem","position":1,"name":"Accueil","item":"https:\/\/www.myvaldetravers.ch\/de\/"},{"@type":"ListItem","position":2,"name":"Erlebnisse","item":"https:\/\/www.myvaldetravers.ch\/de\/erlebnisse\/"},{"@type":"ListItem","position":3,"name":"Unterwegs mit Zug &#038; Bus im Val-de-Travers"}]},{"@type":"WebSite","@id":"https:\/\/www.myvaldetravers.ch\/de\/#website","url":"https:\/\/www.myvaldetravers.ch\/de\/","name":"Destination Val-de-Travers","description":"Il y a toujours quelque chose \u00e0 faire au Val-de-Travers.","potentialAction":[{"@type":"SearchAction","target":{"@type":"EntryPoint","urlTemplate":"https:\/\/www.myvaldetravers.ch\/de\/?s={search_term_string}"},"query-input":{"@type":"PropertyValueSpecification","valueRequired":true,"valueName":"search_term_string"}}],"inLanguage":"de"}]}},"_links":{"self":[{"href":"https:\/\/www.myvaldetravers.ch\/de\/wp-json\/wp\/v2\/pages\/2223"}],"collection":[{"href":"https:\/\/www.myvaldetravers.ch\/de\/wp-json\/wp\/v2\/pages"}],"about":[{"href":"https:\/\/www.myvaldetravers.ch\/de\/wp-json\/wp\/v2\/types\/page"}],"author":[{"embeddable":true,"href":"https:\/\/www.myvaldetravers.ch\/de\/wp-json\/wp\/v2\/users\/73"}],"replies":[{"embeddable":true,"href":"https:\/\/www.myvaldetravers.ch\/de\/wp-json\/wp\/v2\/comments?post=2223"}],"version-history":[{"count":16,"href":"https:\/\/www.myvaldetravers.ch\/de\/wp-json\/wp\/v2\/pages\/2223\/revisions"}],"predecessor-version":[{"id":14839,"href":"https:\/\/www.myvaldetravers.ch\/de\/wp-json\/wp\/v2\/pages\/2223\/revisions\/14839"}],"up":[{"embeddable":true,"href":"https:\/\/www.myvaldetravers.ch\/de\/wp-json\/wp\/v2\/pages\/2155"}],"wp:featuredmedia":[{"embeddable":true,"href":"https:\/\/www.myvaldetravers.ch\/de\/wp-json\/wp\/v2\/media\/1581"}],"wp:attachment":[{"href":"https:\/\/www.myvaldetravers.ch\/de\/wp-json\/wp\/v2\/media?parent=2223"}],"curies":[{"name":"wp","href":"https:\/\/api.w.org\/{rel}","templated":true}]}}