{"id":2224,"date":"2019-04-18T08:37:09","date_gmt":"2019-04-18T06:37:09","guid":{"rendered":"https:\/\/www.myvaldetravers.ch\/experiences\/vapeur-val-de-travers\/"},"modified":"2023-09-28T16:15:07","modified_gmt":"2023-09-28T14:15:07","slug":"dampfbahn-val-de-travers","status":"publish","type":"page","link":"https:\/\/www.myvaldetravers.ch\/de\/erlebnisse\/dampfbahn-val-de-travers\/","title":{"rendered":"Val-de-Travers Dampfzug"},"content":{"rendered":"<p>[vc_row][vc_column][vc_column_text el_class=&#8221;edsi&#8221;]<p><strong>Eine Fahrt im Herzen des Val-de-Travers.<\/strong><\/p><p>Eine Eisenbahnfahrt wie in der Zeit der Dampflokomotiven des 19. Jh. quer durch das Val-de-Travers und seine bezaubernden Landschaften. Dicke Dampfwolken, historische Wagons und schrilles Pfeifen lassen die Herzen von Fans alter Lokomotiven h\u00f6her schlagen.<\/p><h5>Gut zu wissen<\/h5>- Der Tarif \"Restaurant\" beinhaltet: Rundfahrt mit Essen (Reservierung erforderlich)\r<br \/>- Kombi-Ticket: Asphaltminen von La Presta, Mauler-Kellereien und Lokomotiven-Depot des Val-de-Travers\r<br \/>- Besichtigung des Depots\r<br \/>- F\u00fchrungen auf Deutsch oder Franz\u00f6sisch nach vorheriger Anmeldung m\u00f6glich<h5>Kontaktdaten des Partners<\/h5><span class='text-uppercase'>Vapeur Val-de-Travers<\/span><br>Les Eterpilles CP 51<br>2123 St-Sulpice (NE)<br><a href='tel:+41 79 505 27 54'>+41 79 505 27 54<\/a><br><a href='mailto:info@vvt.ch'>info@vvt.ch<\/a><br><a href='https:\/\/www.vvt.ch' target='_blank'>www.vvt.ch<\/a><br><h5>\u00d6ffnungszeiten<\/h5><h5>Preise<\/h5><div class='edsi-title'>Preise Einzelg\u00e4ste (Einzelfahrt)<\/div><div class='edsi-price-container'><div class='edsi-tarif'>Erwachsene<\/div><div class='edsi-prix'>CHF\u00a012.00<\/div><div class='edsi-tarif'>Kinder (zwischen 6 und 16 Jahren)<\/div><div class='edsi-prix'>CHF\u00a06.00<\/div><div class='edsi-tarif'>Kinder (unter 6 Jahren)<\/div><div class='edsi-prix'><\/div><div class='edsi-tarif'>Familie (2 Erwachsene und 2 Kinder)<\/div><div class='edsi-prix'>CHF\u00a030.00<\/div><\/div><div class='edsi-title'>Preise Einzelg\u00e4ste (Hin- und R\u00fcckfahrt)<\/div><div class='edsi-price-container'><div class='edsi-tarif'>Erwachsene<\/div><div class='edsi-prix'>CHF\u00a020.00<\/div><div class='edsi-tarif'>Kinder (zwischen 6 und 16 Jahren)<\/div><div class='edsi-prix'>CHF\u00a010.00<\/div><div class='edsi-tarif'>Kinder (unter 6 Jahren)<\/div><div class='edsi-prix'><\/div><div class='edsi-tarif'>Familie (2 Erwachsene und 2 Kinder)<\/div><div class='edsi-prix'>CHF\u00a050.00<\/div><\/div><div class='edsi-title'>Restaurant - Brunch-Zug und Terroir Zug<\/div><div class='edsi-price-container'><div class='edsi-tarif'>Erwachsene<\/div><div class='edsi-prix'>CHF\u00a085.00<\/div><div class='edsi-tarif'>Kinder (zwischen 6 und 12 Jahren)<\/div><div class='edsi-prix'>CHF\u00a040.00<\/div><div class='edsi-tarif'>Kinder (unter 6 Jahren)<\/div><div class='edsi-prix'>CHF\u00a020.00<\/div><\/div><div class='edsi-title'>Restaurant - Fondue Zug<\/div><div class='edsi-price-container'><div class='edsi-tarif'>Erwachsene<\/div><div class='edsi-prix'>CHF\u00a065.00<\/div><div class='edsi-tarif'>Kinder (zwischen 6 und 16 Jahren)<\/div><div class='edsi-prix'>CHF\u00a030.00<\/div><div class='edsi-tarif'>Kinder (unter 6 Jahren)<\/div><div class='edsi-prix'>CHF\u00a010.00<\/div><\/div><h5>Karte<\/h5><div id='map' style='width:500px;height:300px;'><\/div>\n<script type=\"text\/javascript\" src=\"https:\/\/maps.googleapis.com\/maps\/api\/js?key=AIzaSyCTPTigCnFjWZE6vEYcD0SnK25h1MzvSMk\"><\/script>\n\n<script>\n  var markerCenter = new google.maps.LatLng(46.908369089827,6.566865138994);\n  var marker = null;\n\n function initialize() {\n  var mapProp = {\n   center: markerCenter,\n   zoom: 13,\n   mapTypeId: google.maps.MapTypeId.ROADMAP\n   };\n  var map = new google.maps.Map(document.getElementById(\"map\"),mapProp);\n\n   var marker = new google.maps.Marker({\n\t position: markerCenter,\n\t \/\/ animation: google.maps.Animation.BOUNCE,\n   });\n   marker.setMap(map);\n   \n   var infowindow = new google.maps.InfoWindow();\n   infowindow.setContent(\"Dampfbahn\");\n   infowindow.open(map, marker);\n\n }\n\n google.maps.event.addDomListener(window, 'load', initialize);\n<\/script>\n[\/vc_column_text][\/vc_column][\/vc_row][vc_row css=&#8221;.vc_custom_1554128789554{margin-top: -0.3em !important;}&#8221;][vc_column width=&#8221;2\/3&#8243;][vc_column_text]Reisen wie in der guten alten Zeit mit dem Dampfzug des Val-de-Travers! In unserem neuen Wagon-Restaurant aus dem Jahr 1930 k\u00f6nnen Sie ein K\u00e4sefondue geniessen. Besuchen Sie auch unser Eisenbahnmuseum mit der gr\u00f6ssten Schweizer Sammlung von Normalspur-Dampflokomotiven.<\/p>\n<h5>\u00d6FFNUNGSZEITEN UND DETAILS<\/h5>\n<p>Die Dampfz\u00fcge verkehren nach Fahrplan an mehreren Samstagen w\u00e4hrend des Sommers.<\/p>\n<p>Das Eisenbahnmuseum in St. Sulpice ist von Mitte April bis Mitte Oktober am Samstag ge\u00f6ffnet.<br \/>\nWeitere Ausk\u00fcnfte unter: <a href=\"http:\/\/WWW.VVT.CH\" target=\"_blank\" rel=\"noopener noreferrer\">www.vvt.ch<\/a><\/p>\n<h5>KONTAKTDATEN DES PARTNERS<\/h5>\n<p>ASSOCIATION VAPEUR VAL-DE-TRAVERS<br \/>\nLes Eterpilles<br \/>\nCP 51<br \/>\n2123 St-Sulpice<br \/>\n<a href=\"http:\/\/WWW.VVT.CH\" target=\"_blank\" rel=\"noopener noreferrer\">www.vvt.ch<\/a>[\/vc_column_text][\/vc_column][vc_column width=&#8221;1\/3&#8243; css=&#8221;.vc_custom_1554128972031{background-color: #f6f6f7 !important;}&#8221; el_class=&#8221;colonne-info-droite&#8221;][vc_column_text]<\/p>\n<h5><a href=\"https:\/\/www.myvaldetravers.ch\/de\/freizeitkarte\/\" target=\"_blank\" rel=\"noopener noreferrer\">Freizeitkarte Val-de-Travers<\/a><\/h5>\n<p><strong>Inbegriffen in der <a href=\"https:\/\/www.myvaldetravers.ch\/de\/freizeitkarte\/\" target=\"_blank\" rel=\"noopener noreferrer\">Freizeitkarte<\/a>:<\/strong><\/p>\n<p>Freie Fahrt mit dem Dampfzug des VVT.<br \/>\nFreie Besichtigung des Eisenbahnmuseums in St. Sulpice.<\/p>\n<p><a href=\"http:\/\/www.vvt.ch\" target=\"_blank\" rel=\"noopener noreferrer\">www.vvt.ch<\/a>[\/vc_column_text][\/vc_column][\/vc_row][vc_row][vc_column][vc_column_text][\/vc_column_text][vc_separator][vc_video link=&#8221;https:\/\/www.youtube.com\/watch?v=VO4-FZbK4zw&#8221;]<div class=\"cq-dagallery-container\" style=\"width:100%;margin:0 auto;\"><ul class=\"cq-dagallery\" data-gallerywidth=\"100%\" data-width=\"270\" data-height=\"\" data-color=\"#ffffff\" data-background=\"#00bfff\" data-opacity=\"0.8\"><li class=\"\" data-width=\"270\" data-height=\"\" data-margin=\"10px\" style=\"margin:10px\"><a class=\"normal\" href=\"https:\/\/www.myvaldetravers.ch\/wp-content\/uploads\/2019\/04\/VVT_DSC5565.jpg\" rel=\"222450\"><img src='https:\/\/www.myvaldetravers.ch\/wp-content\/uploads\/2019\/04\/VVT_DSC5565-270x152.jpg' width='270' height='' \/><\/a><div class=\"dagallery-info\" style=\"padding:20px;color:#ffffff;background-color:#00bfff\"><\/div><\/li><li class=\"\" data-width=\"270\" data-height=\"\" data-margin=\"10px\" style=\"margin:10px\"><a class=\"normal\" href=\"https:\/\/www.myvaldetravers.ch\/wp-content\/uploads\/2019\/04\/VVT_IMG1738_YD.jpg\" rel=\"222450\"><img src='https:\/\/www.myvaldetravers.ch\/wp-content\/uploads\/2019\/04\/VVT_IMG1738_YD-270x152.jpg' width='270' height='' \/><\/a><div class=\"dagallery-info\" style=\"padding:20px;color:#ffffff;background-color:#00bfff\"><\/div><\/li><li class=\"\" data-width=\"270\" data-height=\"\" data-margin=\"10px\" style=\"margin:10px\"><a class=\"normal\" href=\"https:\/\/www.myvaldetravers.ch\/wp-content\/uploads\/2019\/04\/VVT_Train_180901_Jessica_Gobat.jpg\" rel=\"222450\"><img src='https:\/\/www.myvaldetravers.ch\/wp-content\/uploads\/2019\/04\/VVT_Train_180901_Jessica_Gobat-270x152.jpg' width='270' height='' \/><\/a><div class=\"dagallery-info\" style=\"padding:20px;color:#ffffff;background-color:#00bfff\"><\/div><\/li><\/ul><\/div>[\/vc_column][\/vc_row]<\/p>\n","protected":false},"excerpt":{"rendered":"<p>[vc_row][vc_column][vc_column_text el_class=&#8221;edsi&#8221;][\/vc_column_text][\/vc_column][\/vc_row][vc_row css=&#8221;.vc_custom_1554128789554{margin-top: -0.3em !important;}&#8221;][vc_column width=&#8221;2\/3&#8243;][vc_column_text]Reisen wie in der guten alten Zeit mit dem Dampfzug des Val-de-Travers! In unserem neuen Wagon-Restaurant aus dem Jahr 1930 k\u00f6nnen Sie ein K\u00e4sefondue geniessen.&hellip;<\/p>\n","protected":false},"author":73,"featured_media":1607,"parent":2155,"menu_order":0,"comment_status":"closed","ping_status":"closed","template":"","meta":{"footnotes":""},"yoast_head":"<!-- This site is optimized with the Yoast SEO plugin v23.5 - https:\/\/yoast.com\/wordpress\/plugins\/seo\/ -->\n<title>Ausflug im Jura mit dem Dampfzug des Val-de-Travers<\/title>\n<meta name=\"description\" content=\"Der Dampfzug des Val-de-Travers mit Wagon-Restaurant aus dem Jahr 1930; gr\u00f6sste Schweizer Sammlung von Normalspur-Dampflokomotiven.\" \/>\n<meta name=\"robots\" content=\"index, follow, max-snippet:-1, max-image-preview:large, max-video-preview:-1\" \/>\n<link rel=\"canonical\" href=\"https:\/\/www.myvaldetravers.ch\/de\/erlebnisse\/dampfbahn-val-de-travers\/\" \/>\n<meta property=\"og:locale\" content=\"de_DE\" \/>\n<meta property=\"og:type\" content=\"article\" \/>\n<meta property=\"og:title\" content=\"Ausflug im Jura mit dem Dampfzug des Val-de-Travers\" \/>\n<meta property=\"og:description\" content=\"Der Dampfzug des Val-de-Travers mit Wagon-Restaurant aus dem Jahr 1930; gr\u00f6sste Schweizer Sammlung von Normalspur-Dampflokomotiven.\" \/>\n<meta property=\"og:url\" content=\"https:\/\/www.myvaldetravers.ch\/de\/erlebnisse\/dampfbahn-val-de-travers\/\" \/>\n<meta property=\"og:site_name\" content=\"Destination Val-de-Travers\" \/>\n<meta property=\"article:publisher\" content=\"https:\/\/www.facebook.com\/DestinationValdeTravers\/\" \/>\n<meta property=\"article:modified_time\" content=\"2023-09-28T14:15:07+00:00\" \/>\n<meta property=\"og:image\" content=\"https:\/\/www.myvaldetravers.ch\/wp-content\/uploads\/2019\/04\/VVT_Train_180901_Jessica_Gobat-1024x576.jpg\" \/>\n\t<meta property=\"og:image:width\" content=\"1024\" \/>\n\t<meta property=\"og:image:height\" content=\"576\" \/>\n\t<meta property=\"og:image:type\" content=\"image\/jpeg\" \/>\n<meta name=\"twitter:card\" content=\"summary_large_image\" \/>\n<meta name=\"twitter:label1\" content=\"Gesch\u00e4tzte Lesezeit\" \/>\n\t<meta name=\"twitter:data1\" content=\"1\u00a0Minute\" \/>\n<script type=\"application\/ld+json\" class=\"yoast-schema-graph\">{\"@context\":\"https:\/\/schema.org\",\"@graph\":[{\"@type\":\"WebPage\",\"@id\":\"https:\/\/www.myvaldetravers.ch\/de\/erlebnisse\/dampfbahn-val-de-travers\/\",\"url\":\"https:\/\/www.myvaldetravers.ch\/de\/erlebnisse\/dampfbahn-val-de-travers\/\",\"name\":\"Ausflug im Jura mit dem Dampfzug des Val-de-Travers\",\"isPartOf\":{\"@id\":\"https:\/\/www.myvaldetravers.ch\/de\/#website\"},\"primaryImageOfPage\":{\"@id\":\"https:\/\/www.myvaldetravers.ch\/de\/erlebnisse\/dampfbahn-val-de-travers\/#primaryimage\"},\"image\":{\"@id\":\"https:\/\/www.myvaldetravers.ch\/de\/erlebnisse\/dampfbahn-val-de-travers\/#primaryimage\"},\"thumbnailUrl\":\"https:\/\/www.myvaldetravers.ch\/wp-content\/uploads\/2019\/04\/VVT_Train_180901_Jessica_Gobat.jpg\",\"datePublished\":\"2019-04-18T06:37:09+00:00\",\"dateModified\":\"2023-09-28T14:15:07+00:00\",\"description\":\"Der Dampfzug des Val-de-Travers mit Wagon-Restaurant aus dem Jahr 1930; gr\u00f6sste Schweizer Sammlung von Normalspur-Dampflokomotiven.\",\"breadcrumb\":{\"@id\":\"https:\/\/www.myvaldetravers.ch\/de\/erlebnisse\/dampfbahn-val-de-travers\/#breadcrumb\"},\"inLanguage\":\"de\",\"potentialAction\":[{\"@type\":\"ReadAction\",\"target\":[\"https:\/\/www.myvaldetravers.ch\/de\/erlebnisse\/dampfbahn-val-de-travers\/\"]}]},{\"@type\":\"ImageObject\",\"inLanguage\":\"de\",\"@id\":\"https:\/\/www.myvaldetravers.ch\/de\/erlebnisse\/dampfbahn-val-de-travers\/#primaryimage\",\"url\":\"https:\/\/www.myvaldetravers.ch\/wp-content\/uploads\/2019\/04\/VVT_Train_180901_Jessica_Gobat.jpg\",\"contentUrl\":\"https:\/\/www.myvaldetravers.ch\/wp-content\/uploads\/2019\/04\/VVT_Train_180901_Jessica_Gobat.jpg\",\"width\":3862,\"height\":2172,\"caption\":\"VVT train \/ Zug, Val-de-Travers\"},{\"@type\":\"BreadcrumbList\",\"@id\":\"https:\/\/www.myvaldetravers.ch\/de\/erlebnisse\/dampfbahn-val-de-travers\/#breadcrumb\",\"itemListElement\":[{\"@type\":\"ListItem\",\"position\":1,\"name\":\"Accueil\",\"item\":\"https:\/\/www.myvaldetravers.ch\/de\/\"},{\"@type\":\"ListItem\",\"position\":2,\"name\":\"Erlebnisse\",\"item\":\"https:\/\/www.myvaldetravers.ch\/de\/erlebnisse\/\"},{\"@type\":\"ListItem\",\"position\":3,\"name\":\"Val-de-Travers Dampfzug\"}]},{\"@type\":\"WebSite\",\"@id\":\"https:\/\/www.myvaldetravers.ch\/de\/#website\",\"url\":\"https:\/\/www.myvaldetravers.ch\/de\/\",\"name\":\"Destination Val-de-Travers\",\"description\":\"Il y a toujours quelque chose \u00e0 faire au Val-de-Travers.\",\"potentialAction\":[{\"@type\":\"SearchAction\",\"target\":{\"@type\":\"EntryPoint\",\"urlTemplate\":\"https:\/\/www.myvaldetravers.ch\/de\/?s={search_term_string}\"},\"query-input\":{\"@type\":\"PropertyValueSpecification\",\"valueRequired\":true,\"valueName\":\"search_term_string\"}}],\"inLanguage\":\"de\"}]}<\/script>\n<!-- \/ Yoast SEO plugin. -->","yoast_head_json":{"title":"Ausflug im Jura mit dem Dampfzug des Val-de-Travers","description":"Der Dampfzug des Val-de-Travers mit Wagon-Restaurant aus dem Jahr 1930; gr\u00f6sste Schweizer Sammlung von Normalspur-Dampflokomotiven.","robots":{"index":"index","follow":"follow","max-snippet":"max-snippet:-1","max-image-preview":"max-image-preview:large","max-video-preview":"max-video-preview:-1"},"canonical":"https:\/\/www.myvaldetravers.ch\/de\/erlebnisse\/dampfbahn-val-de-travers\/","og_locale":"de_DE","og_type":"article","og_title":"Ausflug im Jura mit dem Dampfzug des Val-de-Travers","og_description":"Der Dampfzug des Val-de-Travers mit Wagon-Restaurant aus dem Jahr 1930; gr\u00f6sste Schweizer Sammlung von Normalspur-Dampflokomotiven.","og_url":"https:\/\/www.myvaldetravers.ch\/de\/erlebnisse\/dampfbahn-val-de-travers\/","og_site_name":"Destination Val-de-Travers","article_publisher":"https:\/\/www.facebook.com\/DestinationValdeTravers\/","article_modified_time":"2023-09-28T14:15:07+00:00","og_image":[{"width":1024,"height":576,"url":"https:\/\/www.myvaldetravers.ch\/wp-content\/uploads\/2019\/04\/VVT_Train_180901_Jessica_Gobat-1024x576.jpg","type":"image\/jpeg"}],"twitter_card":"summary_large_image","twitter_misc":{"Gesch\u00e4tzte Lesezeit":"1\u00a0Minute"},"schema":{"@context":"https:\/\/schema.org","@graph":[{"@type":"WebPage","@id":"https:\/\/www.myvaldetravers.ch\/de\/erlebnisse\/dampfbahn-val-de-travers\/","url":"https:\/\/www.myvaldetravers.ch\/de\/erlebnisse\/dampfbahn-val-de-travers\/","name":"Ausflug im Jura mit dem Dampfzug des Val-de-Travers","isPartOf":{"@id":"https:\/\/www.myvaldetravers.ch\/de\/#website"},"primaryImageOfPage":{"@id":"https:\/\/www.myvaldetravers.ch\/de\/erlebnisse\/dampfbahn-val-de-travers\/#primaryimage"},"image":{"@id":"https:\/\/www.myvaldetravers.ch\/de\/erlebnisse\/dampfbahn-val-de-travers\/#primaryimage"},"thumbnailUrl":"https:\/\/www.myvaldetravers.ch\/wp-content\/uploads\/2019\/04\/VVT_Train_180901_Jessica_Gobat.jpg","datePublished":"2019-04-18T06:37:09+00:00","dateModified":"2023-09-28T14:15:07+00:00","description":"Der Dampfzug des Val-de-Travers mit Wagon-Restaurant aus dem Jahr 1930; gr\u00f6sste Schweizer Sammlung von Normalspur-Dampflokomotiven.","breadcrumb":{"@id":"https:\/\/www.myvaldetravers.ch\/de\/erlebnisse\/dampfbahn-val-de-travers\/#breadcrumb"},"inLanguage":"de","potentialAction":[{"@type":"ReadAction","target":["https:\/\/www.myvaldetravers.ch\/de\/erlebnisse\/dampfbahn-val-de-travers\/"]}]},{"@type":"ImageObject","inLanguage":"de","@id":"https:\/\/www.myvaldetravers.ch\/de\/erlebnisse\/dampfbahn-val-de-travers\/#primaryimage","url":"https:\/\/www.myvaldetravers.ch\/wp-content\/uploads\/2019\/04\/VVT_Train_180901_Jessica_Gobat.jpg","contentUrl":"https:\/\/www.myvaldetravers.ch\/wp-content\/uploads\/2019\/04\/VVT_Train_180901_Jessica_Gobat.jpg","width":3862,"height":2172,"caption":"VVT train \/ Zug, Val-de-Travers"},{"@type":"BreadcrumbList","@id":"https:\/\/www.myvaldetravers.ch\/de\/erlebnisse\/dampfbahn-val-de-travers\/#breadcrumb","itemListElement":[{"@type":"ListItem","position":1,"name":"Accueil","item":"https:\/\/www.myvaldetravers.ch\/de\/"},{"@type":"ListItem","position":2,"name":"Erlebnisse","item":"https:\/\/www.myvaldetravers.ch\/de\/erlebnisse\/"},{"@type":"ListItem","position":3,"name":"Val-de-Travers Dampfzug"}]},{"@type":"WebSite","@id":"https:\/\/www.myvaldetravers.ch\/de\/#website","url":"https:\/\/www.myvaldetravers.ch\/de\/","name":"Destination Val-de-Travers","description":"Il y a toujours quelque chose \u00e0 faire au Val-de-Travers.","potentialAction":[{"@type":"SearchAction","target":{"@type":"EntryPoint","urlTemplate":"https:\/\/www.myvaldetravers.ch\/de\/?s={search_term_string}"},"query-input":{"@type":"PropertyValueSpecification","valueRequired":true,"valueName":"search_term_string"}}],"inLanguage":"de"}]}},"_links":{"self":[{"href":"https:\/\/www.myvaldetravers.ch\/de\/wp-json\/wp\/v2\/pages\/2224"}],"collection":[{"href":"https:\/\/www.myvaldetravers.ch\/de\/wp-json\/wp\/v2\/pages"}],"about":[{"href":"https:\/\/www.myvaldetravers.ch\/de\/wp-json\/wp\/v2\/types\/page"}],"author":[{"embeddable":true,"href":"https:\/\/www.myvaldetravers.ch\/de\/wp-json\/wp\/v2\/users\/73"}],"replies":[{"embeddable":true,"href":"https:\/\/www.myvaldetravers.ch\/de\/wp-json\/wp\/v2\/comments?post=2224"}],"version-history":[{"count":14,"href":"https:\/\/www.myvaldetravers.ch\/de\/wp-json\/wp\/v2\/pages\/2224\/revisions"}],"predecessor-version":[{"id":2358,"href":"https:\/\/www.myvaldetravers.ch\/de\/wp-json\/wp\/v2\/pages\/2224\/revisions\/2358"}],"up":[{"embeddable":true,"href":"https:\/\/www.myvaldetravers.ch\/de\/wp-json\/wp\/v2\/pages\/2155"}],"wp:featuredmedia":[{"embeddable":true,"href":"https:\/\/www.myvaldetravers.ch\/de\/wp-json\/wp\/v2\/media\/1607"}],"wp:attachment":[{"href":"https:\/\/www.myvaldetravers.ch\/de\/wp-json\/wp\/v2\/media?parent=2224"}],"curies":[{"name":"wp","href":"https:\/\/api.w.org\/{rel}","templated":true}]}}