{"id":2228,"date":"2019-04-02T09:26:12","date_gmt":"2019-04-02T07:26:12","guid":{"rendered":"https:\/\/www.myvaldetravers.ch\/passtemps\/"},"modified":"2023-09-28T16:30:53","modified_gmt":"2023-09-28T14:30:53","slug":"freizeitkarte","status":"publish","type":"page","link":"https:\/\/www.myvaldetravers.ch\/de\/freizeitkarte\/","title":{"rendered":"Freizeitkarte"},"content":{"rendered":"<p>[vc_row][vc_column][vc_column_text el_class=&#8221;edsi&#8221;]<p><strong>Zahlreiche spannende Aktivit\u00e4ten erwarten Sie im Tal der Gr\u00fcnen Fee mit dem Freizeitpass \"Pass'Temps Val-de-Travers\".<\/strong><\/p><p>Mit der Tageskarte Pass'Temps schlagen die Tourismusanbieter des Val-de Travers 18 Aktivit\u00e4ten vor: Sommer-Rodelbahn, Asphaltminen, Absinth- und Schokolade-Degustationen, Elektro-Bike, Schwimmbad, Via Ferrata usw. Dank attraktiver Unterkunfts-Erm\u00e4ssigungen haben Sie die M\u00f6glichkeit, vor Ort einen zweiten Tag voller \u00dcberraschungen zu erleben !<\/p><h5>Gut zu wissen<\/h5>In der Pauschale sind inbegriffen:\r<br \/>- 18 Aktivit\u00e4ten\r<br \/>- Attraktive Preiserm\u00e4ssigungen bei der Unterkunft<h5>Kontaktdaten des Partners<\/h5><span class='text-uppercase'>Destination Val-de-Travers<\/span><br>c\/o Boutique de la gare\r\nPlace de la gare 1<br>2103 Noiraigue<br><a href='tel:+41 32 864 90 66'>+41 32 864 90 66<\/a><br><a href='mailto:info@myvaldetravers.ch'>info@myvaldetravers.ch<\/a><br><a href='http:\/\/www.passtemps.ch' target='_blank'>www.passtemps.ch<\/a><br><h5>Preise<\/h5><div class='edsi-title'>Preise Einzelg\u00e4ste<\/div><div class='edsi-price-container'><div class='edsi-tarif'>Erwachsene<\/div><div class='edsi-prix'>CHF\u00a044.00<\/div><div class='edsi-tarif'>Kinder (zwischen 6 und 16 Jahren)<\/div><div class='edsi-prix'>CHF\u00a029.00<\/div><\/div><h5>Karte<\/h5><div id='map' style='width:500px;height:300px;'><\/div>\n<script type=\"text\/javascript\" src=\"https:\/\/maps.googleapis.com\/maps\/api\/js?key=AIzaSyCTPTigCnFjWZE6vEYcD0SnK25h1MzvSMk\"><\/script>\n\n<script>\n  var markerCenter = new google.maps.LatLng(46.954930185649,6.7218187914016);\n  var marker = null;\n\n function initialize() {\n  var mapProp = {\n   center: markerCenter,\n   zoom: 13,\n   mapTypeId: google.maps.MapTypeId.ROADMAP\n   };\n  var map = new google.maps.Map(document.getElementById(\"map\"),mapProp);\n\n   var marker = new google.maps.Marker({\n\t position: markerCenter,\n\t \/\/ animation: google.maps.Animation.BOUNCE,\n   });\n   marker.setMap(map);\n   \n   var infowindow = new google.maps.InfoWindow();\n   infowindow.setContent(\"Tageskarte Pass'Temps\");\n   infowindow.open(map, marker);\n\n }\n\n google.maps.event.addDomListener(window, 'load', initialize);\n<\/script>\n[\/vc_column_text][\/vc_column][\/vc_row][vc_row][vc_column][vc_column_text css=&#8221;.vc_custom_1619166678167{margin-bottom: 30px !important;}&#8221;]<\/p>\n<h3>Eine Karte, eine Region, 1001 Aktivit\u00e4ten<\/h3>\n<p>[\/vc_column_text][\/vc_column][\/vc_row][vc_row css=&#8221;.vc_custom_1554128789554{margin-top: -0.3em !important;}&#8221;][vc_column][vc_column_text]Die Freizeitp\u00e4sse &#8220;Pass&#8217;temps&#8221; Val-de-Travers bieten Ihnen die M\u00f6glichkeit, den ganzen Reichtum einer Region auf originelle, lustige und\u2026. wirtschaftliche Weise zu entdecken!<\/p>\n<p>Lassen Sie sich von Ihren W\u00fcnschen leiten und entdecken Sie unten die verschiedenen M\u00f6glichkeiten![\/vc_column_text][vc_separator][\/vc_column][\/vc_row][vc_row][vc_column width=&#8221;1\/2&#8243;][vc_empty_space hide_on_mobile=&#8221;&#8221;][vc_column_text]<\/p>\n<figure id=\"attachment_6324\" aria-describedby=\"caption-attachment-6324\" style=\"width: 300px\" class=\"wp-caption alignnone\"><a href=\"https:\/\/www.myvaldetravers.ch\/de\/individuelle-freizeitkarte-passtemps\/\" target=\"_blank\" rel=\"noopener\"><img loading=\"lazy\" decoding=\"async\" class=\"wp-image-6324 size-full\" src=\"https:\/\/www.myvaldetravers.ch\/wp-content\/uploads\/2021\/04\/Carte-journaliere-Passtemps-Val-de-Travers300x168.jpg\" alt=\"Carte journali\u00e8re - Pass'temps Val-de-Travers\" width=\"300\" height=\"168\" srcset=\"https:\/\/www.myvaldetravers.ch\/wp-content\/uploads\/2021\/04\/Carte-journaliere-Passtemps-Val-de-Travers300x168.jpg 300w, https:\/\/www.myvaldetravers.ch\/wp-content\/uploads\/2021\/04\/Carte-journaliere-Passtemps-Val-de-Travers300x168-270x152.jpg 270w\" sizes=\"(max-width: 300px) 100vw, 300px\" \/><\/a><figcaption id=\"caption-attachment-6324\" class=\"wp-caption-text\">Individuelle Pass&#8217;temps<\/figcaption><\/figure>\n<p>[\/vc_column_text][\/vc_column][vc_column width=&#8221;1\/2&#8243;][vc_empty_space hide_on_mobile=&#8221;&#8221;][vc_column_text]<\/p>\n<figure id=\"attachment_880\" aria-describedby=\"caption-attachment-880\" style=\"width: 300px\" class=\"wp-caption alignnone\"><a href=\"https:\/\/www.myvaldetravers.ch\/de\/schulen\/#5\" target=\"_blank\" rel=\"noopener\"><img loading=\"lazy\" decoding=\"async\" class=\"wp-image-880 size-medium\" src=\"https:\/\/www.myvaldetravers.ch\/wp-content\/uploads\/2019\/04\/ROB_TROTTINETTE-1-300x169.jpg\" alt=\"\" width=\"300\" height=\"169\" srcset=\"https:\/\/www.myvaldetravers.ch\/wp-content\/uploads\/2019\/04\/ROB_TROTTINETTE-1-300x169.jpg 300w, https:\/\/www.myvaldetravers.ch\/wp-content\/uploads\/2019\/04\/ROB_TROTTINETTE-1-768x432.jpg 768w, https:\/\/www.myvaldetravers.ch\/wp-content\/uploads\/2019\/04\/ROB_TROTTINETTE-1-1024x576.jpg 1024w, https:\/\/www.myvaldetravers.ch\/wp-content\/uploads\/2019\/04\/ROB_TROTTINETTE-1-370x208.jpg 370w, https:\/\/www.myvaldetravers.ch\/wp-content\/uploads\/2019\/04\/ROB_TROTTINETTE-1-1170x658.jpg 1170w, https:\/\/www.myvaldetravers.ch\/wp-content\/uploads\/2019\/04\/ROB_TROTTINETTE-1-760x428.jpg 760w, https:\/\/www.myvaldetravers.ch\/wp-content\/uploads\/2019\/04\/ROB_TROTTINETTE-1-270x152.jpg 270w\" sizes=\"(max-width: 300px) 100vw, 300px\" \/><\/a><figcaption id=\"caption-attachment-880\" class=\"wp-caption-text\">Pass&#8217;temps f\u00fcr Schulen<\/figcaption><\/figure>\n<p>[\/vc_column_text][\/vc_column][\/vc_row]<\/p>\n","protected":false},"excerpt":{"rendered":"<p>[vc_row][vc_column][vc_column_text el_class=&#8221;edsi&#8221;][\/vc_column_text][\/vc_column][\/vc_row][vc_row][vc_column][vc_column_text css=&#8221;.vc_custom_1619166678167{margin-bottom: 30px !important;}&#8221;] Eine Karte, eine Region, 1001 Aktivit\u00e4ten [\/vc_column_text][\/vc_column][\/vc_row][vc_row css=&#8221;.vc_custom_1554128789554{margin-top: -0.3em !important;}&#8221;][vc_column][vc_column_text]Die Freizeitp\u00e4sse &#8220;Pass&#8217;temps&#8221; Val-de-Travers bieten Ihnen die M\u00f6glichkeit, den ganzen Reichtum einer Region auf originelle, lustige&hellip;<\/p>\n","protected":false},"author":1,"featured_media":1657,"parent":0,"menu_order":0,"comment_status":"closed","ping_status":"closed","template":"","meta":{"footnotes":""},"yoast_head":"<!-- This site is optimized with the Yoast SEO plugin v23.5 - https:\/\/yoast.com\/wordpress\/plugins\/seo\/ -->\n<title>Freizeitpass &quot;Pass&#039;temps&quot; Val-de-Travers<\/title>\n<meta name=\"description\" content=\"Der Freizeitpass Val-de-Travers bietet Ihnen Rabatte und gratis Nutzung von Z\u00fcgen und Bussen in der Region Val-de-Travers und Neuenburg.\" \/>\n<meta name=\"robots\" content=\"index, follow, max-snippet:-1, max-image-preview:large, max-video-preview:-1\" \/>\n<link rel=\"canonical\" href=\"https:\/\/www.myvaldetravers.ch\/de\/freizeitkarte\/\" \/>\n<meta property=\"og:locale\" content=\"de_DE\" \/>\n<meta property=\"og:type\" content=\"article\" \/>\n<meta property=\"og:title\" content=\"Freizeitpass &quot;Pass&#039;temps&quot; Val-de-Travers\" \/>\n<meta property=\"og:description\" content=\"Der Freizeitpass Val-de-Travers bietet Ihnen Rabatte und gratis Nutzung von Z\u00fcgen und Bussen in der Region Val-de-Travers und Neuenburg.\" \/>\n<meta property=\"og:url\" content=\"https:\/\/www.myvaldetravers.ch\/de\/freizeitkarte\/\" \/>\n<meta property=\"og:site_name\" content=\"Destination Val-de-Travers\" \/>\n<meta property=\"article:publisher\" content=\"https:\/\/www.facebook.com\/DestinationValdeTravers\/\" \/>\n<meta property=\"article:modified_time\" content=\"2023-09-28T14:30:53+00:00\" \/>\n<meta property=\"og:image\" content=\"https:\/\/www.myvaldetravers.ch\/wp-content\/uploads\/2019\/04\/Carte-journali\u00e8re-Passtemps-Val-de-Travers-1-e1555935753400.jpg\" \/>\n\t<meta property=\"og:image:width\" content=\"1812\" \/>\n\t<meta property=\"og:image:height\" content=\"652\" \/>\n\t<meta property=\"og:image:type\" content=\"image\/jpeg\" \/>\n<meta name=\"twitter:card\" content=\"summary_large_image\" \/>\n<meta name=\"twitter:label1\" content=\"Gesch\u00e4tzte Lesezeit\" \/>\n\t<meta name=\"twitter:data1\" content=\"1\u00a0Minute\" \/>\n<script type=\"application\/ld+json\" class=\"yoast-schema-graph\">{\"@context\":\"https:\/\/schema.org\",\"@graph\":[{\"@type\":\"WebPage\",\"@id\":\"https:\/\/www.myvaldetravers.ch\/de\/freizeitkarte\/\",\"url\":\"https:\/\/www.myvaldetravers.ch\/de\/freizeitkarte\/\",\"name\":\"Freizeitpass \\\"Pass'temps\\\" Val-de-Travers\",\"isPartOf\":{\"@id\":\"https:\/\/www.myvaldetravers.ch\/de\/#website\"},\"primaryImageOfPage\":{\"@id\":\"https:\/\/www.myvaldetravers.ch\/de\/freizeitkarte\/#primaryimage\"},\"image\":{\"@id\":\"https:\/\/www.myvaldetravers.ch\/de\/freizeitkarte\/#primaryimage\"},\"thumbnailUrl\":\"https:\/\/www.myvaldetravers.ch\/wp-content\/uploads\/2019\/04\/Carte-journali\u00e8re-Passtemps-Val-de-Travers-1-e1555935753400.jpg\",\"datePublished\":\"2019-04-02T07:26:12+00:00\",\"dateModified\":\"2023-09-28T14:30:53+00:00\",\"description\":\"Der Freizeitpass Val-de-Travers bietet Ihnen Rabatte und gratis Nutzung von Z\u00fcgen und Bussen in der Region Val-de-Travers und Neuenburg.\",\"breadcrumb\":{\"@id\":\"https:\/\/www.myvaldetravers.ch\/de\/freizeitkarte\/#breadcrumb\"},\"inLanguage\":\"de\",\"potentialAction\":[{\"@type\":\"ReadAction\",\"target\":[\"https:\/\/www.myvaldetravers.ch\/de\/freizeitkarte\/\"]}]},{\"@type\":\"ImageObject\",\"inLanguage\":\"de\",\"@id\":\"https:\/\/www.myvaldetravers.ch\/de\/freizeitkarte\/#primaryimage\",\"url\":\"https:\/\/www.myvaldetravers.ch\/wp-content\/uploads\/2019\/04\/Carte-journali\u00e8re-Passtemps-Val-de-Travers-1-e1555935753400.jpg\",\"contentUrl\":\"https:\/\/www.myvaldetravers.ch\/wp-content\/uploads\/2019\/04\/Carte-journali\u00e8re-Passtemps-Val-de-Travers-1-e1555935753400.jpg\",\"width\":1812,\"height\":652},{\"@type\":\"BreadcrumbList\",\"@id\":\"https:\/\/www.myvaldetravers.ch\/de\/freizeitkarte\/#breadcrumb\",\"itemListElement\":[{\"@type\":\"ListItem\",\"position\":1,\"name\":\"Accueil\",\"item\":\"https:\/\/www.myvaldetravers.ch\/de\/\"},{\"@type\":\"ListItem\",\"position\":2,\"name\":\"Freizeitkarte\"}]},{\"@type\":\"WebSite\",\"@id\":\"https:\/\/www.myvaldetravers.ch\/de\/#website\",\"url\":\"https:\/\/www.myvaldetravers.ch\/de\/\",\"name\":\"Destination Val-de-Travers\",\"description\":\"Il y a toujours quelque chose \u00e0 faire au Val-de-Travers.\",\"potentialAction\":[{\"@type\":\"SearchAction\",\"target\":{\"@type\":\"EntryPoint\",\"urlTemplate\":\"https:\/\/www.myvaldetravers.ch\/de\/?s={search_term_string}\"},\"query-input\":{\"@type\":\"PropertyValueSpecification\",\"valueRequired\":true,\"valueName\":\"search_term_string\"}}],\"inLanguage\":\"de\"}]}<\/script>\n<!-- \/ Yoast SEO plugin. -->","yoast_head_json":{"title":"Freizeitpass \"Pass'temps\" Val-de-Travers","description":"Der Freizeitpass Val-de-Travers bietet Ihnen Rabatte und gratis Nutzung von Z\u00fcgen und Bussen in der Region Val-de-Travers und Neuenburg.","robots":{"index":"index","follow":"follow","max-snippet":"max-snippet:-1","max-image-preview":"max-image-preview:large","max-video-preview":"max-video-preview:-1"},"canonical":"https:\/\/www.myvaldetravers.ch\/de\/freizeitkarte\/","og_locale":"de_DE","og_type":"article","og_title":"Freizeitpass \"Pass'temps\" Val-de-Travers","og_description":"Der Freizeitpass Val-de-Travers bietet Ihnen Rabatte und gratis Nutzung von Z\u00fcgen und Bussen in der Region Val-de-Travers und Neuenburg.","og_url":"https:\/\/www.myvaldetravers.ch\/de\/freizeitkarte\/","og_site_name":"Destination Val-de-Travers","article_publisher":"https:\/\/www.facebook.com\/DestinationValdeTravers\/","article_modified_time":"2023-09-28T14:30:53+00:00","og_image":[{"width":1812,"height":652,"url":"https:\/\/www.myvaldetravers.ch\/wp-content\/uploads\/2019\/04\/Carte-journali\u00e8re-Passtemps-Val-de-Travers-1-e1555935753400.jpg","type":"image\/jpeg"}],"twitter_card":"summary_large_image","twitter_misc":{"Gesch\u00e4tzte Lesezeit":"1\u00a0Minute"},"schema":{"@context":"https:\/\/schema.org","@graph":[{"@type":"WebPage","@id":"https:\/\/www.myvaldetravers.ch\/de\/freizeitkarte\/","url":"https:\/\/www.myvaldetravers.ch\/de\/freizeitkarte\/","name":"Freizeitpass \"Pass'temps\" Val-de-Travers","isPartOf":{"@id":"https:\/\/www.myvaldetravers.ch\/de\/#website"},"primaryImageOfPage":{"@id":"https:\/\/www.myvaldetravers.ch\/de\/freizeitkarte\/#primaryimage"},"image":{"@id":"https:\/\/www.myvaldetravers.ch\/de\/freizeitkarte\/#primaryimage"},"thumbnailUrl":"https:\/\/www.myvaldetravers.ch\/wp-content\/uploads\/2019\/04\/Carte-journali\u00e8re-Passtemps-Val-de-Travers-1-e1555935753400.jpg","datePublished":"2019-04-02T07:26:12+00:00","dateModified":"2023-09-28T14:30:53+00:00","description":"Der Freizeitpass Val-de-Travers bietet Ihnen Rabatte und gratis Nutzung von Z\u00fcgen und Bussen in der Region Val-de-Travers und Neuenburg.","breadcrumb":{"@id":"https:\/\/www.myvaldetravers.ch\/de\/freizeitkarte\/#breadcrumb"},"inLanguage":"de","potentialAction":[{"@type":"ReadAction","target":["https:\/\/www.myvaldetravers.ch\/de\/freizeitkarte\/"]}]},{"@type":"ImageObject","inLanguage":"de","@id":"https:\/\/www.myvaldetravers.ch\/de\/freizeitkarte\/#primaryimage","url":"https:\/\/www.myvaldetravers.ch\/wp-content\/uploads\/2019\/04\/Carte-journali\u00e8re-Passtemps-Val-de-Travers-1-e1555935753400.jpg","contentUrl":"https:\/\/www.myvaldetravers.ch\/wp-content\/uploads\/2019\/04\/Carte-journali\u00e8re-Passtemps-Val-de-Travers-1-e1555935753400.jpg","width":1812,"height":652},{"@type":"BreadcrumbList","@id":"https:\/\/www.myvaldetravers.ch\/de\/freizeitkarte\/#breadcrumb","itemListElement":[{"@type":"ListItem","position":1,"name":"Accueil","item":"https:\/\/www.myvaldetravers.ch\/de\/"},{"@type":"ListItem","position":2,"name":"Freizeitkarte"}]},{"@type":"WebSite","@id":"https:\/\/www.myvaldetravers.ch\/de\/#website","url":"https:\/\/www.myvaldetravers.ch\/de\/","name":"Destination Val-de-Travers","description":"Il y a toujours quelque chose \u00e0 faire au Val-de-Travers.","potentialAction":[{"@type":"SearchAction","target":{"@type":"EntryPoint","urlTemplate":"https:\/\/www.myvaldetravers.ch\/de\/?s={search_term_string}"},"query-input":{"@type":"PropertyValueSpecification","valueRequired":true,"valueName":"search_term_string"}}],"inLanguage":"de"}]}},"_links":{"self":[{"href":"https:\/\/www.myvaldetravers.ch\/de\/wp-json\/wp\/v2\/pages\/2228"}],"collection":[{"href":"https:\/\/www.myvaldetravers.ch\/de\/wp-json\/wp\/v2\/pages"}],"about":[{"href":"https:\/\/www.myvaldetravers.ch\/de\/wp-json\/wp\/v2\/types\/page"}],"author":[{"embeddable":true,"href":"https:\/\/www.myvaldetravers.ch\/de\/wp-json\/wp\/v2\/users\/1"}],"replies":[{"embeddable":true,"href":"https:\/\/www.myvaldetravers.ch\/de\/wp-json\/wp\/v2\/comments?post=2228"}],"version-history":[{"count":23,"href":"https:\/\/www.myvaldetravers.ch\/de\/wp-json\/wp\/v2\/pages\/2228\/revisions"}],"predecessor-version":[{"id":11903,"href":"https:\/\/www.myvaldetravers.ch\/de\/wp-json\/wp\/v2\/pages\/2228\/revisions\/11903"}],"wp:featuredmedia":[{"embeddable":true,"href":"https:\/\/www.myvaldetravers.ch\/de\/wp-json\/wp\/v2\/media\/1657"}],"wp:attachment":[{"href":"https:\/\/www.myvaldetravers.ch\/de\/wp-json\/wp\/v2\/media?parent=2228"}],"curies":[{"name":"wp","href":"https:\/\/api.w.org\/{rel}","templated":true}]}}