{"id":2994,"date":"2026-03-20T15:00:43","date_gmt":"2026-03-20T14:00:43","guid":{"rendered":"https:\/\/www.myvaldetravers.ch\/?page_id=2994"},"modified":"2026-03-20T15:11:27","modified_gmt":"2026-03-20T14:11:27","slug":"art-motiers","status":"publish","type":"page","link":"https:\/\/www.myvaldetravers.ch\/de\/erlebnisse\/art-motiers\/","title":{"rendered":"Art M\u00f4tiers 2026"},"content":{"rendered":"<p>[vc_row css=&#8221;.vc_custom_1554128789554{margin-top: -0.3em !important;}&#8221;][vc_column width=&#8221;2\/3&#8243;][vc_column_text]Entdecken Sie Art M\u00f4tiers, ein einzigartiges Fest der zeitgen\u00f6ssischen Schweizer Kunst inmitten der Natur. Seit 1985 findet diese Freiluftausstellung nun bereits zum neunten Mal in der bezaubernden Kulisse des tausendj\u00e4hrigen Dorfes M\u00f4tiers im Herzen des Val-de-Travers statt.<\/p>\n<p>33 Schweizer K\u00fcnstler und K\u00fcnstlergruppen sowie in der Schweiz lebende K\u00fcnstler verwandeln die umliegende Landschaft in einen wahrhaftigen Kunstparcours unter freiem Himmel. Lassen Sie sich bei einem Spaziergang durch die Gassen des Dorfes und geheimnisvolle W\u00e4lder von originellen Werken \u00fcberraschen, die mit der Natur und den Legenden des Ortes in Dialog treten.<\/p>\n<p>Die Ausstellung richtet sich an passionierte Kunstliebhaber, neugierige Besucher oder Familien auf der Suche nach einem originellen Ausflugsziel und bietet zudem einen Rundgang, der f\u00fcr Menschen mit eingeschr\u00e4nkter Mobilit\u00e4t und f\u00fcr Kinderwagen geeignet ist.<\/p>\n<p>Die Ausgabe 2026 von Art M\u00f4tiers verspricht zahlreiche Neuheiten und ein Veranstaltungsprogramm, das sich \u00fcber den ganzen Sommer erstreckt.<\/p>\n<h5>ZEITPLAN UND DETAILS<\/h5>\n<div class=\"tm_pb_column tm_pb_column_1_2 tm_pb_column_7 col-xs-12 col-sm-6 col-md-6 col-lg-6 col-xl-6\">\n<div class=\"tm_pb_text tm_pb_module tm_pb_bg_layout_light tm_pb_text_align_left tm_pb_text_6\">\n<p>Vom 20. Juni bis zum 20. September 2026<\/p>\n<p>Die Ausstellung ist dienstags bis sonntags (montags geschlossen) von 9:15 bis 18:00 Uhr ge\u00f6ffnet<\/p>\n<\/div>\n<\/div>\n<h5>Weitere Informationen:<\/h5>\n<p><a href=\"https:\/\/www.artmotiers.ch\/\" target=\"_blank\" rel=\"noopener noreferrer\">www.artmotiers.ch<\/a><\/p>\n<h5>KONTAKTDATEN DES PARTNERS<\/h5>\n<p>M\u00d4TIERS ART EN PLEIN AIR<\/p>\n<p><a href=\"https:\/\/www.artmotiers.ch\/\" target=\"_blank\" rel=\"noopener noreferrer\">www.artmotiers.ch<\/a>[\/vc_column_text][\/vc_column][vc_column width=&#8221;1\/3&#8243; css=&#8221;.vc_custom_1554128972031{background-color: #f6f6f7 !important;}&#8221; el_class=&#8221;colonne-info-droite&#8221;][vc_column_text]<\/p>\n<h5><a href=\"https:\/\/www.myvaldetravers.ch\/de\/freizeitkarte\/\" target=\"_blank\" rel=\"noopener noreferrer\">Freizeitkarte Val-de-Travers<\/a><\/h5>\n<p><strong>Inbegriffen in der <a href=\"https:\/\/www.myvaldetravers.ch\/de\/freizeitkarte\/\" target=\"_blank\" rel=\"noopener noreferrer\">Freizeitkarte<\/a>:<\/strong><\/p>\n<p>Freier Eintritt w\u00e4hrend der \u00d6ffnungszeiten.<\/p>\n<p><a href=\"https:\/\/www.artmotiers.ch\/\" target=\"_blank\" rel=\"noopener noreferrer\">www.artmotiers.ch<\/a>[\/vc_column_text][\/vc_column][\/vc_row][vc_row][vc_column][vc_column_text][\/vc_column_text][vc_separator][\/vc_column][\/vc_row]<\/p>\n","protected":false},"excerpt":{"rendered":"<p>[vc_row css=&#8221;.vc_custom_1554128789554{margin-top: -0.3em !important;}&#8221;][vc_column width=&#8221;2\/3&#8243;][vc_column_text]Entdecken Sie Art M\u00f4tiers, ein einzigartiges Fest der zeitgen\u00f6ssischen Schweizer Kunst inmitten der Natur. Seit 1985 findet diese Freiluftausstellung nun bereits zum neunten Mal in der&hellip;<\/p>\n","protected":false},"author":73,"featured_media":15137,"parent":2155,"menu_order":0,"comment_status":"closed","ping_status":"closed","template":"","meta":{"footnotes":""},"yoast_head":"<!-- This site is optimized with the Yoast SEO plugin v23.5 - https:\/\/yoast.com\/wordpress\/plugins\/seo\/ -->\n<title>Kunst im Val-de-Travers: \u00abMotiers Art en plein air\u00bb<\/title>\n<meta name=\"description\" content=\"Art M\u00f4tiers: jeden Sommer neu \u00fcberraschende, faszinierende, am\u00fcsante oder irritierende zeitgen\u00f6ssische Kunst.\" \/>\n<meta name=\"robots\" content=\"index, follow, max-snippet:-1, max-image-preview:large, max-video-preview:-1\" \/>\n<link rel=\"canonical\" href=\"https:\/\/www.myvaldetravers.ch\/de\/erlebnisse\/art-motiers\/\" \/>\n<meta property=\"og:locale\" content=\"de_DE\" \/>\n<meta property=\"og:type\" content=\"article\" \/>\n<meta property=\"og:title\" content=\"Kunst im Val-de-Travers: \u00abMotiers Art en plein air\u00bb\" \/>\n<meta property=\"og:description\" content=\"Art M\u00f4tiers: jeden Sommer neu \u00fcberraschende, faszinierende, am\u00fcsante oder irritierende zeitgen\u00f6ssische Kunst.\" \/>\n<meta property=\"og:url\" content=\"https:\/\/www.myvaldetravers.ch\/de\/erlebnisse\/art-motiers\/\" \/>\n<meta property=\"og:site_name\" content=\"Destination Val-de-Travers\" \/>\n<meta property=\"article:publisher\" content=\"https:\/\/www.facebook.com\/DestinationValdeTravers\/\" \/>\n<meta property=\"article:modified_time\" content=\"2026-03-20T14:11:27+00:00\" \/>\n<meta property=\"og:image\" content=\"https:\/\/www.myvaldetravers.ch\/wp-content\/uploads\/2026\/03\/Motiers2021_libre-de-droit-11-scaled.jpg\" \/>\n\t<meta property=\"og:image:width\" content=\"2560\" \/>\n\t<meta property=\"og:image:height\" content=\"1244\" \/>\n\t<meta property=\"og:image:type\" content=\"image\/jpeg\" \/>\n<meta name=\"twitter:card\" content=\"summary_large_image\" \/>\n<meta name=\"twitter:label1\" content=\"Gesch\u00e4tzte Lesezeit\" \/>\n\t<meta name=\"twitter:data1\" content=\"2\u00a0Minuten\" \/>\n<script type=\"application\/ld+json\" class=\"yoast-schema-graph\">{\"@context\":\"https:\/\/schema.org\",\"@graph\":[{\"@type\":\"WebPage\",\"@id\":\"https:\/\/www.myvaldetravers.ch\/de\/erlebnisse\/art-motiers\/\",\"url\":\"https:\/\/www.myvaldetravers.ch\/de\/erlebnisse\/art-motiers\/\",\"name\":\"Kunst im Val-de-Travers: \u00abMotiers Art en plein air\u00bb\",\"isPartOf\":{\"@id\":\"https:\/\/www.myvaldetravers.ch\/de\/#website\"},\"primaryImageOfPage\":{\"@id\":\"https:\/\/www.myvaldetravers.ch\/de\/erlebnisse\/art-motiers\/#primaryimage\"},\"image\":{\"@id\":\"https:\/\/www.myvaldetravers.ch\/de\/erlebnisse\/art-motiers\/#primaryimage\"},\"thumbnailUrl\":\"https:\/\/www.myvaldetravers.ch\/wp-content\/uploads\/2026\/03\/Motiers2021_libre-de-droit-11-scaled.jpg\",\"datePublished\":\"2026-03-20T14:00:43+00:00\",\"dateModified\":\"2026-03-20T14:11:27+00:00\",\"description\":\"Art M\u00f4tiers: jeden Sommer neu \u00fcberraschende, faszinierende, am\u00fcsante oder irritierende zeitgen\u00f6ssische Kunst.\",\"breadcrumb\":{\"@id\":\"https:\/\/www.myvaldetravers.ch\/de\/erlebnisse\/art-motiers\/#breadcrumb\"},\"inLanguage\":\"de\",\"potentialAction\":[{\"@type\":\"ReadAction\",\"target\":[\"https:\/\/www.myvaldetravers.ch\/de\/erlebnisse\/art-motiers\/\"]}]},{\"@type\":\"ImageObject\",\"inLanguage\":\"de\",\"@id\":\"https:\/\/www.myvaldetravers.ch\/de\/erlebnisse\/art-motiers\/#primaryimage\",\"url\":\"https:\/\/www.myvaldetravers.ch\/wp-content\/uploads\/2026\/03\/Motiers2021_libre-de-droit-11-scaled.jpg\",\"contentUrl\":\"https:\/\/www.myvaldetravers.ch\/wp-content\/uploads\/2026\/03\/Motiers2021_libre-de-droit-11-scaled.jpg\",\"width\":2560,\"height\":1244},{\"@type\":\"BreadcrumbList\",\"@id\":\"https:\/\/www.myvaldetravers.ch\/de\/erlebnisse\/art-motiers\/#breadcrumb\",\"itemListElement\":[{\"@type\":\"ListItem\",\"position\":1,\"name\":\"Accueil\",\"item\":\"https:\/\/www.myvaldetravers.ch\/de\/\"},{\"@type\":\"ListItem\",\"position\":2,\"name\":\"Erlebnisse\",\"item\":\"https:\/\/www.myvaldetravers.ch\/de\/erlebnisse\/\"},{\"@type\":\"ListItem\",\"position\":3,\"name\":\"Art M\u00f4tiers 2026\"}]},{\"@type\":\"WebSite\",\"@id\":\"https:\/\/www.myvaldetravers.ch\/de\/#website\",\"url\":\"https:\/\/www.myvaldetravers.ch\/de\/\",\"name\":\"Destination Val-de-Travers\",\"description\":\"Il y a toujours quelque chose \u00e0 faire au Val-de-Travers.\",\"potentialAction\":[{\"@type\":\"SearchAction\",\"target\":{\"@type\":\"EntryPoint\",\"urlTemplate\":\"https:\/\/www.myvaldetravers.ch\/de\/?s={search_term_string}\"},\"query-input\":{\"@type\":\"PropertyValueSpecification\",\"valueRequired\":true,\"valueName\":\"search_term_string\"}}],\"inLanguage\":\"de\"}]}<\/script>\n<!-- \/ Yoast SEO plugin. -->","yoast_head_json":{"title":"Kunst im Val-de-Travers: \u00abMotiers Art en plein air\u00bb","description":"Art M\u00f4tiers: jeden Sommer neu \u00fcberraschende, faszinierende, am\u00fcsante oder irritierende zeitgen\u00f6ssische Kunst.","robots":{"index":"index","follow":"follow","max-snippet":"max-snippet:-1","max-image-preview":"max-image-preview:large","max-video-preview":"max-video-preview:-1"},"canonical":"https:\/\/www.myvaldetravers.ch\/de\/erlebnisse\/art-motiers\/","og_locale":"de_DE","og_type":"article","og_title":"Kunst im Val-de-Travers: \u00abMotiers Art en plein air\u00bb","og_description":"Art M\u00f4tiers: jeden Sommer neu \u00fcberraschende, faszinierende, am\u00fcsante oder irritierende zeitgen\u00f6ssische Kunst.","og_url":"https:\/\/www.myvaldetravers.ch\/de\/erlebnisse\/art-motiers\/","og_site_name":"Destination Val-de-Travers","article_publisher":"https:\/\/www.facebook.com\/DestinationValdeTravers\/","article_modified_time":"2026-03-20T14:11:27+00:00","og_image":[{"width":2560,"height":1244,"url":"https:\/\/www.myvaldetravers.ch\/wp-content\/uploads\/2026\/03\/Motiers2021_libre-de-droit-11-scaled.jpg","type":"image\/jpeg"}],"twitter_card":"summary_large_image","twitter_misc":{"Gesch\u00e4tzte Lesezeit":"2\u00a0Minuten"},"schema":{"@context":"https:\/\/schema.org","@graph":[{"@type":"WebPage","@id":"https:\/\/www.myvaldetravers.ch\/de\/erlebnisse\/art-motiers\/","url":"https:\/\/www.myvaldetravers.ch\/de\/erlebnisse\/art-motiers\/","name":"Kunst im Val-de-Travers: \u00abMotiers Art en plein air\u00bb","isPartOf":{"@id":"https:\/\/www.myvaldetravers.ch\/de\/#website"},"primaryImageOfPage":{"@id":"https:\/\/www.myvaldetravers.ch\/de\/erlebnisse\/art-motiers\/#primaryimage"},"image":{"@id":"https:\/\/www.myvaldetravers.ch\/de\/erlebnisse\/art-motiers\/#primaryimage"},"thumbnailUrl":"https:\/\/www.myvaldetravers.ch\/wp-content\/uploads\/2026\/03\/Motiers2021_libre-de-droit-11-scaled.jpg","datePublished":"2026-03-20T14:00:43+00:00","dateModified":"2026-03-20T14:11:27+00:00","description":"Art M\u00f4tiers: jeden Sommer neu \u00fcberraschende, faszinierende, am\u00fcsante oder irritierende zeitgen\u00f6ssische Kunst.","breadcrumb":{"@id":"https:\/\/www.myvaldetravers.ch\/de\/erlebnisse\/art-motiers\/#breadcrumb"},"inLanguage":"de","potentialAction":[{"@type":"ReadAction","target":["https:\/\/www.myvaldetravers.ch\/de\/erlebnisse\/art-motiers\/"]}]},{"@type":"ImageObject","inLanguage":"de","@id":"https:\/\/www.myvaldetravers.ch\/de\/erlebnisse\/art-motiers\/#primaryimage","url":"https:\/\/www.myvaldetravers.ch\/wp-content\/uploads\/2026\/03\/Motiers2021_libre-de-droit-11-scaled.jpg","contentUrl":"https:\/\/www.myvaldetravers.ch\/wp-content\/uploads\/2026\/03\/Motiers2021_libre-de-droit-11-scaled.jpg","width":2560,"height":1244},{"@type":"BreadcrumbList","@id":"https:\/\/www.myvaldetravers.ch\/de\/erlebnisse\/art-motiers\/#breadcrumb","itemListElement":[{"@type":"ListItem","position":1,"name":"Accueil","item":"https:\/\/www.myvaldetravers.ch\/de\/"},{"@type":"ListItem","position":2,"name":"Erlebnisse","item":"https:\/\/www.myvaldetravers.ch\/de\/erlebnisse\/"},{"@type":"ListItem","position":3,"name":"Art M\u00f4tiers 2026"}]},{"@type":"WebSite","@id":"https:\/\/www.myvaldetravers.ch\/de\/#website","url":"https:\/\/www.myvaldetravers.ch\/de\/","name":"Destination Val-de-Travers","description":"Il y a toujours quelque chose \u00e0 faire au Val-de-Travers.","potentialAction":[{"@type":"SearchAction","target":{"@type":"EntryPoint","urlTemplate":"https:\/\/www.myvaldetravers.ch\/de\/?s={search_term_string}"},"query-input":{"@type":"PropertyValueSpecification","valueRequired":true,"valueName":"search_term_string"}}],"inLanguage":"de"}]}},"_links":{"self":[{"href":"https:\/\/www.myvaldetravers.ch\/de\/wp-json\/wp\/v2\/pages\/2994"}],"collection":[{"href":"https:\/\/www.myvaldetravers.ch\/de\/wp-json\/wp\/v2\/pages"}],"about":[{"href":"https:\/\/www.myvaldetravers.ch\/de\/wp-json\/wp\/v2\/types\/page"}],"author":[{"embeddable":true,"href":"https:\/\/www.myvaldetravers.ch\/de\/wp-json\/wp\/v2\/users\/73"}],"replies":[{"embeddable":true,"href":"https:\/\/www.myvaldetravers.ch\/de\/wp-json\/wp\/v2\/comments?post=2994"}],"version-history":[{"count":9,"href":"https:\/\/www.myvaldetravers.ch\/de\/wp-json\/wp\/v2\/pages\/2994\/revisions"}],"predecessor-version":[{"id":15131,"href":"https:\/\/www.myvaldetravers.ch\/de\/wp-json\/wp\/v2\/pages\/2994\/revisions\/15131"}],"up":[{"embeddable":true,"href":"https:\/\/www.myvaldetravers.ch\/de\/wp-json\/wp\/v2\/pages\/2155"}],"wp:featuredmedia":[{"embeddable":true,"href":"https:\/\/www.myvaldetravers.ch\/de\/wp-json\/wp\/v2\/media\/15137"}],"wp:attachment":[{"href":"https:\/\/www.myvaldetravers.ch\/de\/wp-json\/wp\/v2\/media?parent=2994"}],"curies":[{"name":"wp","href":"https:\/\/api.w.org\/{rel}","templated":true}]}}