{"id":3058,"date":"2020-01-30T15:31:17","date_gmt":"2020-01-30T14:31:17","guid":{"rendered":"https:\/\/www.myvaldetravers.ch\/?page_id=3058"},"modified":"2023-09-28T16:25:16","modified_gmt":"2023-09-28T14:25:16","slug":"la-vy-aux-moines","status":"publish","type":"page","link":"https:\/\/www.myvaldetravers.ch\/de\/erlebnisse\/la-vy-aux-moines\/","title":{"rendered":"PILGERWEG LA VY AUX MOINES"},"content":{"rendered":"<p>[vc_row css=&#8221;.vc_custom_1554128789554{margin-top: -0.3em !important;}&#8221;][vc_column width=&#8221;2\/3&#8243;][vc_column_text]<\/p>\n<div class=\"vc_row wpb_row vc_row-fluid vc_custom_1554128789554\">\n<div class=\"wpb_column vc_column_container vc_col-sm-8 sc_layouts_column_icons_position_left\">\n<div class=\"vc_column-inner\">\n<div class=\"wpb_wrapper\">\n<div class=\"wpb_text_column wpb_content_element \">\n<div class=\"wpb_wrapper\">\n<p>Der Pilgerweg \u00abVy aux moines\u00bb ist ein fast 33 km langer Wanderweg zwischen M\u00f4tiers (CH) und Montbenont (FR), auf dem Sie Vielfalt der Jura-Landschaften entdecken k\u00f6nnen. W\u00e4hrend der Wanderung durchqueren Sie M\u00f4tiers, Boveresse, Monl\u00e9si, wandern am Lac des Taill\u00e8res vorbei, nach La Br\u00e9vine, bevor Sie die Grenze \u00fcberqueren und in Montbenont ankommen.<\/p>\n<p>Die Wanderung dauert insgesamt etwa zehn Stunden.<\/p>\n<h5>\u00d6ffnungszeiten und Details<\/h5>\n<p>Markierter Wanderweg, der alleine, in kleinen oder grossen Gruppen begangen werden kann.<\/p>\n<h5>ZUS\u00c4TZLICHE INFORMATIONEN<\/h5>\n<p><em><a href=\"https:\/\/www.schweizmobil.ch\/de\/suisse-a-pied\/itineraires\/route-0288.html\" target=\"_blank\" rel=\"noopener noreferrer\">Von SchweizMobil\u00a0<\/a><\/em><\/p>\n<p><em><a href=\"https:\/\/www.j3l.ch\/de\/V1609\/moenchspfad\" target=\"_blank\" rel=\"noopener noreferrer\">Von Jura-Dreiseenland<\/a><\/em><\/p>\n<p><em><a href=\"https:\/\/neuchatelrando.ch\/fr\/sentiers\/la-vy-aux-moines\/\" target=\"_blank\" rel=\"noopener noreferrer\">Von NeuchRando<\/a><\/em><\/p>\n<p><a href=\"https:\/\/www.myvaldetravers.ch\/de\/pilgerweg-la-vy-aux-moines\/\" target=\"_blank\" rel=\"noopener\"><em>Alle Details zur Geschichte und den Wegen<\/em><\/a><\/p>\n<p>&nbsp;<\/p>\n<\/div>\n<\/div>\n<\/div>\n<\/div>\n<\/div>\n<\/div>\n<p>[\/vc_column_text][\/vc_column][\/vc_row]<\/p>\n","protected":false},"excerpt":{"rendered":"<p>[vc_row css=&#8221;.vc_custom_1554128789554{margin-top: -0.3em !important;}&#8221;][vc_column width=&#8221;2\/3&#8243;][vc_column_text] Der Pilgerweg \u00abVy aux moines\u00bb ist ein fast 33 km langer Wanderweg zwischen M\u00f4tiers (CH) und Montbenont (FR), auf dem Sie Vielfalt der Jura-Landschaften entdecken&hellip;<\/p>\n","protected":false},"author":74,"featured_media":3063,"parent":2155,"menu_order":0,"comment_status":"closed","ping_status":"closed","template":"","meta":{"footnotes":""},"yoast_head":"<!-- This site is optimized with the Yoast SEO plugin v23.5 - https:\/\/yoast.com\/wordpress\/plugins\/seo\/ -->\n<title>Jura-Wanderung: Pilgerweg La Vy aux Moines<\/title>\n<meta name=\"description\" content=\"Der Pilgerweg \u00abVy aux moines\u00bb ist ein fast 33 km langer Wanderweg durch den Jura, zwischen M\u00f4tiers (CH) und Montbenont (FR).\" \/>\n<meta name=\"robots\" content=\"index, follow, max-snippet:-1, max-image-preview:large, max-video-preview:-1\" \/>\n<link rel=\"canonical\" href=\"https:\/\/www.myvaldetravers.ch\/de\/erlebnisse\/la-vy-aux-moines\/\" \/>\n<meta property=\"og:locale\" content=\"de_DE\" \/>\n<meta property=\"og:type\" content=\"article\" \/>\n<meta property=\"og:title\" content=\"Jura-Wanderung: Pilgerweg La Vy aux Moines\" \/>\n<meta property=\"og:description\" content=\"Der Pilgerweg \u00abVy aux moines\u00bb ist ein fast 33 km langer Wanderweg durch den Jura, zwischen M\u00f4tiers (CH) und Montbenont (FR).\" \/>\n<meta property=\"og:url\" content=\"https:\/\/www.myvaldetravers.ch\/de\/erlebnisse\/la-vy-aux-moines\/\" \/>\n<meta property=\"og:site_name\" content=\"Destination Val-de-Travers\" \/>\n<meta property=\"article:publisher\" content=\"https:\/\/www.facebook.com\/DestinationValdeTravers\/\" \/>\n<meta property=\"article:modified_time\" content=\"2023-09-28T14:25:16+00:00\" \/>\n<meta property=\"og:image\" content=\"https:\/\/www.myvaldetravers.ch\/wp-content\/uploads\/2020\/01\/Vy-aux-Moines-07.07.2007.jpg\" \/>\n\t<meta property=\"og:image:width\" content=\"2560\" \/>\n\t<meta property=\"og:image:height\" content=\"1440\" \/>\n\t<meta property=\"og:image:type\" content=\"image\/jpeg\" \/>\n<meta name=\"twitter:card\" content=\"summary_large_image\" \/>\n<meta name=\"twitter:label1\" content=\"Gesch\u00e4tzte Lesezeit\" \/>\n\t<meta name=\"twitter:data1\" content=\"1\u00a0Minute\" \/>\n<script type=\"application\/ld+json\" class=\"yoast-schema-graph\">{\"@context\":\"https:\/\/schema.org\",\"@graph\":[{\"@type\":\"WebPage\",\"@id\":\"https:\/\/www.myvaldetravers.ch\/de\/erlebnisse\/la-vy-aux-moines\/\",\"url\":\"https:\/\/www.myvaldetravers.ch\/de\/erlebnisse\/la-vy-aux-moines\/\",\"name\":\"Jura-Wanderung: Pilgerweg La Vy aux Moines\",\"isPartOf\":{\"@id\":\"https:\/\/www.myvaldetravers.ch\/de\/#website\"},\"primaryImageOfPage\":{\"@id\":\"https:\/\/www.myvaldetravers.ch\/de\/erlebnisse\/la-vy-aux-moines\/#primaryimage\"},\"image\":{\"@id\":\"https:\/\/www.myvaldetravers.ch\/de\/erlebnisse\/la-vy-aux-moines\/#primaryimage\"},\"thumbnailUrl\":\"https:\/\/www.myvaldetravers.ch\/wp-content\/uploads\/2020\/01\/Vy-aux-Moines-07.07.2007.jpg\",\"datePublished\":\"2020-01-30T14:31:17+00:00\",\"dateModified\":\"2023-09-28T14:25:16+00:00\",\"description\":\"Der Pilgerweg \u00abVy aux moines\u00bb ist ein fast 33 km langer Wanderweg durch den Jura, zwischen M\u00f4tiers (CH) und Montbenont (FR).\",\"breadcrumb\":{\"@id\":\"https:\/\/www.myvaldetravers.ch\/de\/erlebnisse\/la-vy-aux-moines\/#breadcrumb\"},\"inLanguage\":\"de\",\"potentialAction\":[{\"@type\":\"ReadAction\",\"target\":[\"https:\/\/www.myvaldetravers.ch\/de\/erlebnisse\/la-vy-aux-moines\/\"]}]},{\"@type\":\"ImageObject\",\"inLanguage\":\"de\",\"@id\":\"https:\/\/www.myvaldetravers.ch\/de\/erlebnisse\/la-vy-aux-moines\/#primaryimage\",\"url\":\"https:\/\/www.myvaldetravers.ch\/wp-content\/uploads\/2020\/01\/Vy-aux-Moines-07.07.2007.jpg\",\"contentUrl\":\"https:\/\/www.myvaldetravers.ch\/wp-content\/uploads\/2020\/01\/Vy-aux-Moines-07.07.2007.jpg\",\"width\":2560,\"height\":1440,\"caption\":\"Pilgerweg \/ Randonn\u00e9e Vy aux moines, Val-de-travers\"},{\"@type\":\"BreadcrumbList\",\"@id\":\"https:\/\/www.myvaldetravers.ch\/de\/erlebnisse\/la-vy-aux-moines\/#breadcrumb\",\"itemListElement\":[{\"@type\":\"ListItem\",\"position\":1,\"name\":\"Accueil\",\"item\":\"https:\/\/www.myvaldetravers.ch\/de\/\"},{\"@type\":\"ListItem\",\"position\":2,\"name\":\"Erlebnisse\",\"item\":\"https:\/\/www.myvaldetravers.ch\/de\/erlebnisse\/\"},{\"@type\":\"ListItem\",\"position\":3,\"name\":\"PILGERWEG LA VY AUX MOINES\"}]},{\"@type\":\"WebSite\",\"@id\":\"https:\/\/www.myvaldetravers.ch\/de\/#website\",\"url\":\"https:\/\/www.myvaldetravers.ch\/de\/\",\"name\":\"Destination Val-de-Travers\",\"description\":\"Il y a toujours quelque chose \u00e0 faire au Val-de-Travers.\",\"potentialAction\":[{\"@type\":\"SearchAction\",\"target\":{\"@type\":\"EntryPoint\",\"urlTemplate\":\"https:\/\/www.myvaldetravers.ch\/de\/?s={search_term_string}\"},\"query-input\":{\"@type\":\"PropertyValueSpecification\",\"valueRequired\":true,\"valueName\":\"search_term_string\"}}],\"inLanguage\":\"de\"}]}<\/script>\n<!-- \/ Yoast SEO plugin. -->","yoast_head_json":{"title":"Jura-Wanderung: Pilgerweg La Vy aux Moines","description":"Der Pilgerweg \u00abVy aux moines\u00bb ist ein fast 33 km langer Wanderweg durch den Jura, zwischen M\u00f4tiers (CH) und Montbenont (FR).","robots":{"index":"index","follow":"follow","max-snippet":"max-snippet:-1","max-image-preview":"max-image-preview:large","max-video-preview":"max-video-preview:-1"},"canonical":"https:\/\/www.myvaldetravers.ch\/de\/erlebnisse\/la-vy-aux-moines\/","og_locale":"de_DE","og_type":"article","og_title":"Jura-Wanderung: Pilgerweg La Vy aux Moines","og_description":"Der Pilgerweg \u00abVy aux moines\u00bb ist ein fast 33 km langer Wanderweg durch den Jura, zwischen M\u00f4tiers (CH) und Montbenont (FR).","og_url":"https:\/\/www.myvaldetravers.ch\/de\/erlebnisse\/la-vy-aux-moines\/","og_site_name":"Destination Val-de-Travers","article_publisher":"https:\/\/www.facebook.com\/DestinationValdeTravers\/","article_modified_time":"2023-09-28T14:25:16+00:00","og_image":[{"width":2560,"height":1440,"url":"https:\/\/www.myvaldetravers.ch\/wp-content\/uploads\/2020\/01\/Vy-aux-Moines-07.07.2007.jpg","type":"image\/jpeg"}],"twitter_card":"summary_large_image","twitter_misc":{"Gesch\u00e4tzte Lesezeit":"1\u00a0Minute"},"schema":{"@context":"https:\/\/schema.org","@graph":[{"@type":"WebPage","@id":"https:\/\/www.myvaldetravers.ch\/de\/erlebnisse\/la-vy-aux-moines\/","url":"https:\/\/www.myvaldetravers.ch\/de\/erlebnisse\/la-vy-aux-moines\/","name":"Jura-Wanderung: Pilgerweg La Vy aux Moines","isPartOf":{"@id":"https:\/\/www.myvaldetravers.ch\/de\/#website"},"primaryImageOfPage":{"@id":"https:\/\/www.myvaldetravers.ch\/de\/erlebnisse\/la-vy-aux-moines\/#primaryimage"},"image":{"@id":"https:\/\/www.myvaldetravers.ch\/de\/erlebnisse\/la-vy-aux-moines\/#primaryimage"},"thumbnailUrl":"https:\/\/www.myvaldetravers.ch\/wp-content\/uploads\/2020\/01\/Vy-aux-Moines-07.07.2007.jpg","datePublished":"2020-01-30T14:31:17+00:00","dateModified":"2023-09-28T14:25:16+00:00","description":"Der Pilgerweg \u00abVy aux moines\u00bb ist ein fast 33 km langer Wanderweg durch den Jura, zwischen M\u00f4tiers (CH) und Montbenont (FR).","breadcrumb":{"@id":"https:\/\/www.myvaldetravers.ch\/de\/erlebnisse\/la-vy-aux-moines\/#breadcrumb"},"inLanguage":"de","potentialAction":[{"@type":"ReadAction","target":["https:\/\/www.myvaldetravers.ch\/de\/erlebnisse\/la-vy-aux-moines\/"]}]},{"@type":"ImageObject","inLanguage":"de","@id":"https:\/\/www.myvaldetravers.ch\/de\/erlebnisse\/la-vy-aux-moines\/#primaryimage","url":"https:\/\/www.myvaldetravers.ch\/wp-content\/uploads\/2020\/01\/Vy-aux-Moines-07.07.2007.jpg","contentUrl":"https:\/\/www.myvaldetravers.ch\/wp-content\/uploads\/2020\/01\/Vy-aux-Moines-07.07.2007.jpg","width":2560,"height":1440,"caption":"Pilgerweg \/ Randonn\u00e9e Vy aux moines, Val-de-travers"},{"@type":"BreadcrumbList","@id":"https:\/\/www.myvaldetravers.ch\/de\/erlebnisse\/la-vy-aux-moines\/#breadcrumb","itemListElement":[{"@type":"ListItem","position":1,"name":"Accueil","item":"https:\/\/www.myvaldetravers.ch\/de\/"},{"@type":"ListItem","position":2,"name":"Erlebnisse","item":"https:\/\/www.myvaldetravers.ch\/de\/erlebnisse\/"},{"@type":"ListItem","position":3,"name":"PILGERWEG LA VY AUX MOINES"}]},{"@type":"WebSite","@id":"https:\/\/www.myvaldetravers.ch\/de\/#website","url":"https:\/\/www.myvaldetravers.ch\/de\/","name":"Destination Val-de-Travers","description":"Il y a toujours quelque chose \u00e0 faire au Val-de-Travers.","potentialAction":[{"@type":"SearchAction","target":{"@type":"EntryPoint","urlTemplate":"https:\/\/www.myvaldetravers.ch\/de\/?s={search_term_string}"},"query-input":{"@type":"PropertyValueSpecification","valueRequired":true,"valueName":"search_term_string"}}],"inLanguage":"de"}]}},"_links":{"self":[{"href":"https:\/\/www.myvaldetravers.ch\/de\/wp-json\/wp\/v2\/pages\/3058"}],"collection":[{"href":"https:\/\/www.myvaldetravers.ch\/de\/wp-json\/wp\/v2\/pages"}],"about":[{"href":"https:\/\/www.myvaldetravers.ch\/de\/wp-json\/wp\/v2\/types\/page"}],"author":[{"embeddable":true,"href":"https:\/\/www.myvaldetravers.ch\/de\/wp-json\/wp\/v2\/users\/74"}],"replies":[{"embeddable":true,"href":"https:\/\/www.myvaldetravers.ch\/de\/wp-json\/wp\/v2\/comments?post=3058"}],"version-history":[{"count":10,"href":"https:\/\/www.myvaldetravers.ch\/de\/wp-json\/wp\/v2\/pages\/3058\/revisions"}],"predecessor-version":[{"id":11901,"href":"https:\/\/www.myvaldetravers.ch\/de\/wp-json\/wp\/v2\/pages\/3058\/revisions\/11901"}],"up":[{"embeddable":true,"href":"https:\/\/www.myvaldetravers.ch\/de\/wp-json\/wp\/v2\/pages\/2155"}],"wp:featuredmedia":[{"embeddable":true,"href":"https:\/\/www.myvaldetravers.ch\/de\/wp-json\/wp\/v2\/media\/3063"}],"wp:attachment":[{"href":"https:\/\/www.myvaldetravers.ch\/de\/wp-json\/wp\/v2\/media?parent=3058"}],"curies":[{"name":"wp","href":"https:\/\/api.w.org\/{rel}","templated":true}]}}