{"id":3274,"date":"2020-02-25T15:31:41","date_gmt":"2020-02-25T14:31:41","guid":{"rendered":"https:\/\/www.myvaldetravers.ch\/?page_id=3274"},"modified":"2023-09-28T12:09:11","modified_gmt":"2023-09-28T10:09:11","slug":"rousseau","status":"publish","type":"page","link":"https:\/\/www.myvaldetravers.ch\/de\/erlebnisse\/rousseau\/","title":{"rendered":"ROUSSEAU-Museum"},"content":{"rendered":"<p>[vc_row][vc_column][vc_column_text el_class=&#8221;edsi&#8221;]<p><strong>Besuchen Sie das Haus, in welchem Jean-Jacques Rousseau zwischen 1762 und 1765 w\u00e4hrend seines Neuenburger Exils lebte.<\/strong><\/p><p>Das Rousseau-Museum gedenkt dem Aufenthalt von Jean-Jacques Rousseau in M\u00f4tiers in zwei der vier Zimmer im Obergeschoss des Hauses, in welchem er drei Jahre im Exil verbrachte.\r<br \/>Entdecken Sie rund 200 Originaldokumente \u00fcber 8 Stationen, die von seinen Erlebnissen in der Schweiz, dem Geb\u00e4ude aus dem sp\u00e4ten 15. Jahrhundert, welches er bewohnte, der aufgrund seiner Gebrechen einzigartigen Kleidung, seinen sozialen Beziehungen und dem Bild, das er seinem Publikum abgab, erz\u00e4hlen.<\/p><h5>Gut zu wissen<\/h5>* ACHTUNG: Bauarbeiten, die zur Schliessung des Museums f\u00fchren, sind f\u00fcr 2025 zu einem noch nicht festgelegten Zeitpunkt geplant. Wir empfehlen Ihnen, sich telefonisch oder per E-Mail zu erkundigen\r<br \/>* Anreise mit den \u00f6ffentlichen Verkehrsmitteln: SBB-Bahnhof von M\u00f4tiers\r<br \/>* Das Museum kann f\u00fcr Gruppen, die eine F\u00fchrung w\u00fcnschen, ausnahmsweise auch ausserhalb dieser Zeiten ge\u00f6ffnet sein\r<br \/>* Besuchsf\u00fchrer auf Franz\u00f6sisch, Deutsch, Englisch, Italienisch oder Spanisch erh\u00e4ltlich\r<br \/>* Das Museum akzeptie<h5>Kontaktdaten des Partners<\/h5><span class='text-uppercase'>Mus\u00e9e Jean-Jacques Rousseau<\/span><br>Rue Jean-Jacques Rousseau 2<br>2112 M\u00f4tiers<br><a href='tel:+41 32 860 11 94'>+41 32 860 11 94<\/a><br><a href='mailto:info@museerousseau.ch'>info@museerousseau.ch<\/a><br><a href='http:\/\/cadsandria.synology.me\/associationrousseau\/fr\/musee.html' target='_blank'>cadsandria.synology.me\/associationrousseau\/fr\/musee.html<\/a><br><h5>\u00d6ffnungszeiten<\/h5><h5>Preise<\/h5><div class='edsi-title'>Preise Einzelg\u00e4ste<\/div><div class='edsi-price-container'><div class='edsi-tarif'>Standard-Eintrittspreis<\/div><div class='edsi-prix'>CHF\u00a07.00<\/div><div class='edsi-tarif'>Eintrittspreis f\u00fcr Gruppen<\/div><div class='edsi-prix'>CHF\u00a05.00<\/div><\/div><h5>Karte<\/h5><div id='map' style='width:500px;height:300px;'><\/div>\n<script type=\"text\/javascript\" src=\"https:\/\/maps.googleapis.com\/maps\/api\/js?key=AIzaSyCTPTigCnFjWZE6vEYcD0SnK25h1MzvSMk\"><\/script>\n\n<script>\n  var markerCenter = new google.maps.LatLng(46.909467468844,6.611967086792);\n  var marker = null;\n\n function initialize() {\n  var mapProp = {\n   center: markerCenter,\n   zoom: 13,\n   mapTypeId: google.maps.MapTypeId.ROADMAP\n   };\n  var map = new google.maps.Map(document.getElementById(\"map\"),mapProp);\n\n   var marker = new google.maps.Marker({\n\t position: markerCenter,\n\t \/\/ animation: google.maps.Animation.BOUNCE,\n   });\n   marker.setMap(map);\n   \n   var infowindow = new google.maps.InfoWindow();\n   infowindow.setContent(\"Museum Jean -Jacques Rousseau\");\n   infowindow.open(map, marker);\n\n }\n\n google.maps.event.addDomListener(window, 'load', initialize);\n<\/script>\n[\/vc_column_text][\/vc_column][\/vc_row][vc_row css=&#8221;.vc_custom_1554128789554{margin-top: -0.3em !important;}&#8221;][vc_column width=&#8221;2\/3&#8243;][vc_column_text]In den Zimmern, die Jean-Jacques Rousseau w\u00e4hrend seines Exils in M\u00f4tiers im 18. Jahrhundert bewohnte, zeigt das Rousseau-Museum einige interessante Informationen \u00fcber sein \u00abAsyl der Freundschaft\u00bb in diesem Dorf.<\/p>\n<p>Das Museum ist ebenfalls der Ausgangspunkt f\u00fcr einen Spaziergang durch das Dorf zu dem Wasserfall, den Jean-Jacques Rousseau in einem seiner Briefe beschrieb.<\/p>\n<p>Im Rahmen des 500-j\u00e4hrigen Jubil\u00e4ums der Abtei von M\u00f4tiers pr\u00e4sentiert das Rousseau-Museum eine neue Vitrine: <em><a href=\"http:\/\/cadsandria.synology.me\/associationrousseau\/fr\/musee_expositions.html\" target=\"_blank\" rel=\"noopener\">Rousseau und die Abtei von M\u00f4tiers<\/a><\/em>.<\/p>\n<h5>\u00d6FFNUNGSZEITEN UND DETAILS<\/h5>\n<p style=\"text-align: left;\">Mai bis Oktober, Samstag und Sonntag, 15 &#8211; 17 Uhr und auf Anfrage<br \/>\nF\u00fchrungen f\u00fcr Gruppen bis 20 Personen.<\/p>\n<p>Preise:<br \/>\nCHF 7.00 Ewachsene<br \/>\nCHF 5.00 Kinder<\/p>\n<p><a href=\"https:\/\/www.myvaldetravers.ch\/de\/logo_swisstainable-2\/\"><img loading=\"lazy\" decoding=\"async\" class=\" wp-image-9012\" src=\"https:\/\/www.myvaldetravers.ch\/wp-content\/uploads\/2022\/07\/logo_swisstainable.jpg\" alt=\"\" width=\"199\" height=\"176\" srcset=\"https:\/\/www.myvaldetravers.ch\/wp-content\/uploads\/2022\/07\/logo_swisstainable.jpg 531w, https:\/\/www.myvaldetravers.ch\/wp-content\/uploads\/2022\/07\/logo_swisstainable-300x266.jpg 300w, https:\/\/www.myvaldetravers.ch\/wp-content\/uploads\/2022\/07\/logo_swisstainable-370x327.jpg 370w\" sizes=\"(max-width: 199px) 100vw, 199px\" \/><\/a><\/p>\n<p>Das Museum ist Swisstainable-zertifiziert<\/p>\n<h5>KONTAKTDATEN DES PARTNERS<\/h5>\n<p>Mus\u00e9e Jean-Jacques Rousseau<br \/>\nKurator Roland Kaehr<br \/>\n16, rue Jehanne-de-Hochberg<br \/>\n2000 NEUENBURG<br \/>\n<a href=\"http:\/\/cadsandria.synology.me\/associationrousseau\/fr\/index.html\" target=\"_blank\" rel=\"noopener\">Internet Seite<\/a><br \/>\nT. 032 860 11 94<br \/>\nT. 032 725 84 74<br \/>\n<a href=\"mailto:musee.rousseau@bluewin.ch\">musee.rousseau@bluewin.ch<\/a>[\/vc_column_text][\/vc_column][\/vc_row][vc_row][vc_column][vc_empty_space hide_on_mobile=&#8221;&#8221;][vc_gallery interval=&#8221;3&#8243; images=&#8221;3275,3278&#8243; img_size=&#8221;large&#8221;][\/vc_column][\/vc_row]<\/p>\n","protected":false},"excerpt":{"rendered":"<p>[vc_row][vc_column][vc_column_text el_class=&#8221;edsi&#8221;][\/vc_column_text][\/vc_column][\/vc_row][vc_row css=&#8221;.vc_custom_1554128789554{margin-top: -0.3em !important;}&#8221;][vc_column width=&#8221;2\/3&#8243;][vc_column_text]In den Zimmern, die Jean-Jacques Rousseau w\u00e4hrend seines Exils in M\u00f4tiers im 18. Jahrhundert bewohnte, zeigt das Rousseau-Museum einige interessante Informationen \u00fcber sein \u00abAsyl der&hellip;<\/p>\n","protected":false},"author":73,"featured_media":3348,"parent":2155,"menu_order":0,"comment_status":"closed","ping_status":"closed","template":"","meta":{"footnotes":""},"yoast_head":"<!-- This site is optimized with the Yoast SEO plugin v23.5 - https:\/\/yoast.com\/wordpress\/plugins\/seo\/ -->\n<title>Ausflug im Jura: Rousseau Museum in Motiers<\/title>\n<meta name=\"description\" content=\"Entdecken Sie interessante Informationen \u00fcber das Exil Rousseaus im Rousseau-Museum in Motiers, Val-de-Travers\" \/>\n<meta name=\"robots\" content=\"index, follow, max-snippet:-1, max-image-preview:large, max-video-preview:-1\" \/>\n<link rel=\"canonical\" href=\"https:\/\/www.myvaldetravers.ch\/de\/erlebnisse\/rousseau\/\" \/>\n<meta property=\"og:locale\" content=\"de_DE\" \/>\n<meta property=\"og:type\" content=\"article\" \/>\n<meta property=\"og:title\" content=\"Ausflug im Jura: Rousseau Museum in Motiers\" \/>\n<meta property=\"og:description\" content=\"Entdecken Sie interessante Informationen \u00fcber das Exil Rousseaus im Rousseau-Museum in Motiers, Val-de-Travers\" \/>\n<meta property=\"og:url\" content=\"https:\/\/www.myvaldetravers.ch\/de\/erlebnisse\/rousseau\/\" \/>\n<meta property=\"og:site_name\" content=\"Destination Val-de-Travers\" \/>\n<meta property=\"article:publisher\" content=\"https:\/\/www.facebook.com\/DestinationValdeTravers\/\" \/>\n<meta property=\"article:modified_time\" content=\"2023-09-28T10:09:11+00:00\" \/>\n<meta property=\"og:image\" content=\"https:\/\/www.myvaldetravers.ch\/wp-content\/uploads\/2020\/03\/DSC00838.jpg\" \/>\n\t<meta property=\"og:image:width\" content=\"1920\" \/>\n\t<meta property=\"og:image:height\" content=\"1080\" \/>\n\t<meta property=\"og:image:type\" content=\"image\/jpeg\" \/>\n<meta name=\"twitter:card\" content=\"summary_large_image\" \/>\n<meta name=\"twitter:label1\" content=\"Gesch\u00e4tzte Lesezeit\" \/>\n\t<meta name=\"twitter:data1\" content=\"1\u00a0Minute\" \/>\n<script type=\"application\/ld+json\" class=\"yoast-schema-graph\">{\"@context\":\"https:\/\/schema.org\",\"@graph\":[{\"@type\":\"WebPage\",\"@id\":\"https:\/\/www.myvaldetravers.ch\/de\/erlebnisse\/rousseau\/\",\"url\":\"https:\/\/www.myvaldetravers.ch\/de\/erlebnisse\/rousseau\/\",\"name\":\"Ausflug im Jura: Rousseau Museum in Motiers\",\"isPartOf\":{\"@id\":\"https:\/\/www.myvaldetravers.ch\/de\/#website\"},\"primaryImageOfPage\":{\"@id\":\"https:\/\/www.myvaldetravers.ch\/de\/erlebnisse\/rousseau\/#primaryimage\"},\"image\":{\"@id\":\"https:\/\/www.myvaldetravers.ch\/de\/erlebnisse\/rousseau\/#primaryimage\"},\"thumbnailUrl\":\"https:\/\/www.myvaldetravers.ch\/wp-content\/uploads\/2020\/03\/DSC00838.jpg\",\"datePublished\":\"2020-02-25T14:31:41+00:00\",\"dateModified\":\"2023-09-28T10:09:11+00:00\",\"description\":\"Entdecken Sie interessante Informationen \u00fcber das Exil Rousseaus im Rousseau-Museum in Motiers, Val-de-Travers\",\"breadcrumb\":{\"@id\":\"https:\/\/www.myvaldetravers.ch\/de\/erlebnisse\/rousseau\/#breadcrumb\"},\"inLanguage\":\"de\",\"potentialAction\":[{\"@type\":\"ReadAction\",\"target\":[\"https:\/\/www.myvaldetravers.ch\/de\/erlebnisse\/rousseau\/\"]}]},{\"@type\":\"ImageObject\",\"inLanguage\":\"de\",\"@id\":\"https:\/\/www.myvaldetravers.ch\/de\/erlebnisse\/rousseau\/#primaryimage\",\"url\":\"https:\/\/www.myvaldetravers.ch\/wp-content\/uploads\/2020\/03\/DSC00838.jpg\",\"contentUrl\":\"https:\/\/www.myvaldetravers.ch\/wp-content\/uploads\/2020\/03\/DSC00838.jpg\",\"width\":1920,\"height\":1080,\"caption\":\"Mus\u00e9e Rousseau, Val-de-travers\"},{\"@type\":\"BreadcrumbList\",\"@id\":\"https:\/\/www.myvaldetravers.ch\/de\/erlebnisse\/rousseau\/#breadcrumb\",\"itemListElement\":[{\"@type\":\"ListItem\",\"position\":1,\"name\":\"Accueil\",\"item\":\"https:\/\/www.myvaldetravers.ch\/de\/\"},{\"@type\":\"ListItem\",\"position\":2,\"name\":\"Erlebnisse\",\"item\":\"https:\/\/www.myvaldetravers.ch\/de\/erlebnisse\/\"},{\"@type\":\"ListItem\",\"position\":3,\"name\":\"ROUSSEAU-Museum\"}]},{\"@type\":\"WebSite\",\"@id\":\"https:\/\/www.myvaldetravers.ch\/de\/#website\",\"url\":\"https:\/\/www.myvaldetravers.ch\/de\/\",\"name\":\"Destination Val-de-Travers\",\"description\":\"Il y a toujours quelque chose \u00e0 faire au Val-de-Travers.\",\"potentialAction\":[{\"@type\":\"SearchAction\",\"target\":{\"@type\":\"EntryPoint\",\"urlTemplate\":\"https:\/\/www.myvaldetravers.ch\/de\/?s={search_term_string}\"},\"query-input\":{\"@type\":\"PropertyValueSpecification\",\"valueRequired\":true,\"valueName\":\"search_term_string\"}}],\"inLanguage\":\"de\"}]}<\/script>\n<!-- \/ Yoast SEO plugin. -->","yoast_head_json":{"title":"Ausflug im Jura: Rousseau Museum in Motiers","description":"Entdecken Sie interessante Informationen \u00fcber das Exil Rousseaus im Rousseau-Museum in Motiers, Val-de-Travers","robots":{"index":"index","follow":"follow","max-snippet":"max-snippet:-1","max-image-preview":"max-image-preview:large","max-video-preview":"max-video-preview:-1"},"canonical":"https:\/\/www.myvaldetravers.ch\/de\/erlebnisse\/rousseau\/","og_locale":"de_DE","og_type":"article","og_title":"Ausflug im Jura: Rousseau Museum in Motiers","og_description":"Entdecken Sie interessante Informationen \u00fcber das Exil Rousseaus im Rousseau-Museum in Motiers, Val-de-Travers","og_url":"https:\/\/www.myvaldetravers.ch\/de\/erlebnisse\/rousseau\/","og_site_name":"Destination Val-de-Travers","article_publisher":"https:\/\/www.facebook.com\/DestinationValdeTravers\/","article_modified_time":"2023-09-28T10:09:11+00:00","og_image":[{"width":1920,"height":1080,"url":"https:\/\/www.myvaldetravers.ch\/wp-content\/uploads\/2020\/03\/DSC00838.jpg","type":"image\/jpeg"}],"twitter_card":"summary_large_image","twitter_misc":{"Gesch\u00e4tzte Lesezeit":"1\u00a0Minute"},"schema":{"@context":"https:\/\/schema.org","@graph":[{"@type":"WebPage","@id":"https:\/\/www.myvaldetravers.ch\/de\/erlebnisse\/rousseau\/","url":"https:\/\/www.myvaldetravers.ch\/de\/erlebnisse\/rousseau\/","name":"Ausflug im Jura: Rousseau Museum in Motiers","isPartOf":{"@id":"https:\/\/www.myvaldetravers.ch\/de\/#website"},"primaryImageOfPage":{"@id":"https:\/\/www.myvaldetravers.ch\/de\/erlebnisse\/rousseau\/#primaryimage"},"image":{"@id":"https:\/\/www.myvaldetravers.ch\/de\/erlebnisse\/rousseau\/#primaryimage"},"thumbnailUrl":"https:\/\/www.myvaldetravers.ch\/wp-content\/uploads\/2020\/03\/DSC00838.jpg","datePublished":"2020-02-25T14:31:41+00:00","dateModified":"2023-09-28T10:09:11+00:00","description":"Entdecken Sie interessante Informationen \u00fcber das Exil Rousseaus im Rousseau-Museum in Motiers, Val-de-Travers","breadcrumb":{"@id":"https:\/\/www.myvaldetravers.ch\/de\/erlebnisse\/rousseau\/#breadcrumb"},"inLanguage":"de","potentialAction":[{"@type":"ReadAction","target":["https:\/\/www.myvaldetravers.ch\/de\/erlebnisse\/rousseau\/"]}]},{"@type":"ImageObject","inLanguage":"de","@id":"https:\/\/www.myvaldetravers.ch\/de\/erlebnisse\/rousseau\/#primaryimage","url":"https:\/\/www.myvaldetravers.ch\/wp-content\/uploads\/2020\/03\/DSC00838.jpg","contentUrl":"https:\/\/www.myvaldetravers.ch\/wp-content\/uploads\/2020\/03\/DSC00838.jpg","width":1920,"height":1080,"caption":"Mus\u00e9e Rousseau, Val-de-travers"},{"@type":"BreadcrumbList","@id":"https:\/\/www.myvaldetravers.ch\/de\/erlebnisse\/rousseau\/#breadcrumb","itemListElement":[{"@type":"ListItem","position":1,"name":"Accueil","item":"https:\/\/www.myvaldetravers.ch\/de\/"},{"@type":"ListItem","position":2,"name":"Erlebnisse","item":"https:\/\/www.myvaldetravers.ch\/de\/erlebnisse\/"},{"@type":"ListItem","position":3,"name":"ROUSSEAU-Museum"}]},{"@type":"WebSite","@id":"https:\/\/www.myvaldetravers.ch\/de\/#website","url":"https:\/\/www.myvaldetravers.ch\/de\/","name":"Destination Val-de-Travers","description":"Il y a toujours quelque chose \u00e0 faire au Val-de-Travers.","potentialAction":[{"@type":"SearchAction","target":{"@type":"EntryPoint","urlTemplate":"https:\/\/www.myvaldetravers.ch\/de\/?s={search_term_string}"},"query-input":{"@type":"PropertyValueSpecification","valueRequired":true,"valueName":"search_term_string"}}],"inLanguage":"de"}]}},"_links":{"self":[{"href":"https:\/\/www.myvaldetravers.ch\/de\/wp-json\/wp\/v2\/pages\/3274"}],"collection":[{"href":"https:\/\/www.myvaldetravers.ch\/de\/wp-json\/wp\/v2\/pages"}],"about":[{"href":"https:\/\/www.myvaldetravers.ch\/de\/wp-json\/wp\/v2\/types\/page"}],"author":[{"embeddable":true,"href":"https:\/\/www.myvaldetravers.ch\/de\/wp-json\/wp\/v2\/users\/73"}],"replies":[{"embeddable":true,"href":"https:\/\/www.myvaldetravers.ch\/de\/wp-json\/wp\/v2\/comments?post=3274"}],"version-history":[{"count":12,"href":"https:\/\/www.myvaldetravers.ch\/de\/wp-json\/wp\/v2\/pages\/3274\/revisions"}],"predecessor-version":[{"id":11863,"href":"https:\/\/www.myvaldetravers.ch\/de\/wp-json\/wp\/v2\/pages\/3274\/revisions\/11863"}],"up":[{"embeddable":true,"href":"https:\/\/www.myvaldetravers.ch\/de\/wp-json\/wp\/v2\/pages\/2155"}],"wp:featuredmedia":[{"embeddable":true,"href":"https:\/\/www.myvaldetravers.ch\/de\/wp-json\/wp\/v2\/media\/3348"}],"wp:attachment":[{"href":"https:\/\/www.myvaldetravers.ch\/de\/wp-json\/wp\/v2\/media?parent=3274"}],"curies":[{"name":"wp","href":"https:\/\/api.w.org\/{rel}","templated":true}]}}