{"id":3355,"date":"2020-03-10T08:36:15","date_gmt":"2020-03-10T07:36:15","guid":{"rendered":"https:\/\/www.myvaldetravers.ch\/?page_id=3355"},"modified":"2023-01-19T16:15:37","modified_gmt":"2023-01-19T15:15:37","slug":"theater-mascarons","status":"publish","type":"page","link":"https:\/\/www.myvaldetravers.ch\/de\/erlebnisse\/theater-mascarons\/","title":{"rendered":"Theater des Mascarons"},"content":{"rendered":"<p>[vc_row][vc_column][vc_column_text]Die Theatergruppe Mascarons wurde 1972 geboren. Bis heute wurden mehr als 100 hausgemachte Kreationen, dargeboten von Schauspielern und S\u00e4ngern im Alter von 4 bis 75 Jahren, ihrem treuen Publikum pr\u00e4sentiert.<\/p>\n<p>Das Repertoire der Truppe ist sehr breit. Grosse klassische Autoren werden ebenso gespielt wie zeitgen\u00f6ssisches Theater.[\/vc_column_text][vc_text_separator title=&#8221;&#8221;][\/vc_column][\/vc_row][vc_row][vc_column width=&#8221;1\/2&#8243;][vc_gallery interval=&#8221;3&#8243; images=&#8221;4137,4147,4150,4153,4156,4549,4673&#8243; img_size=&#8221;large&#8221;][\/vc_column][vc_column width=&#8221;1\/2&#8243;][vc_column_text]<\/p>\n<h6>Programmierung Januar &amp; Februar 2023<\/h6>\n<p><em><strong>Comme des B\u00eates<\/strong><\/em><\/p>\n<p>Eine Reihe von Zeugenbefragungen in einer polizeilichen Untersuchung, die sich um die Entdeckung eines kleinen M\u00e4dchens dreht, das in Begleitung eines Esels v\u00f6llig gesund ist und von einem einf\u00e4ltigen Mann mit dem Spitznamen &#8220;der B\u00e4r&#8221; eifers\u00fcchtig besch\u00fctzt wird.<\/p>\n<p>Jeder hat sein eigenes Szenario, um das Auftauchen des wilden M\u00e4dchens zu erkl\u00e4ren, aber alles dreht sich um die Feengrotte, eine H\u00f6hle in einer schwer zug\u00e4nglichen Felswand, die der Legende nach geraubte Kinder beherbergt. Der Gesang der Feen, wie der Chor einer antiken Trag\u00f6die, schiebt sich zwischen die Aussagen und enth\u00fcllt nach und nach den verborgenen Sinn des Geheimnisses.<br \/>\nDer poetische Schreibstil dieses Textes beschreibt ein anderes m\u00f6gliches Leben, weit entfernt von den immer hygienischeren und sicherheitsorientierteren Ausw\u00fcchsen unserer Gesellschaft.<\/p>\n<p>NUR AUF FRANZ\u00d6SISCH!<\/p>\n<p><strong>Datum<\/strong>:<\/p>\n<p>Sonntag, 22. Januar um 17.00 Uhr<\/p>\n<p><strong>Reservierung:<\/strong><\/p>\n<p>Telefonisch unter 079 633 48 25.<\/p>\n<p><strong>Preise<\/strong>:<br \/>\nErwachsene: CHF 25.00<br \/>\nAHV\/IV: CHF 20.00<br \/>\nCCV-Mitglieder: CHF 15.00<br \/>\nKindern: CHF 5.00<\/p>\n<p>&nbsp;<\/p>\n<p><strong><em>Coming Out<\/em><\/strong><\/p>\n<p>Ein Gipfeltreffen zwischen zwei verr\u00fcckten Kalebassenspielern, die schon lange an diesem unpassenden Hauptgericht schmoren. Vincent Kohler und Pierre Aucaigne haben also ohne ihr Wissen beschlossen, ein COMING-OUT zu machen, das keines ist!<\/p>\n<p>Sie haben sich f\u00fcr das Beste und f\u00fcr &#8230; das Lachen vereint! Vor allem aber f\u00fcr das Vergn\u00fcgen, in der \u00d6ffentlichkeit Humor zu machen. Dieses schwule Paar, aber sapiens&#8230; kommt, um uns den Faden einer unglaublichen Geschichte zu entrollen, die ihren niedrigsten drolligen Instinkten freien Lauf l\u00e4sst. Werden sie es wagen, den Zuschauern ihre Intimit\u00e4t zu offenbaren?<\/p>\n<p>NUR AUF FRANZ\u00d6SISCH!<\/p>\n<p><strong>Datum<\/strong>:<br \/>\nSamstag, 4. Februar um 20:30 Uhr<br \/>\nSonntag, 5. Februar um 17.00 Uhr<\/p>\n<p><strong>Reservierung:<\/strong><\/p>\n<p>Telefonisch unter 079 633 48 25.<\/p>\n<p><strong>Preise<\/strong>:<br \/>\nErwachsene: CHF 35.00<br \/>\nCCV-Mitglieder: CHF 30.00[\/vc_column_text][vc_empty_space alter_height=&#8221;small&#8221; hide_on_mobile=&#8221;&#8221;][vc_separator][\/vc_column][\/vc_row][vc_row][vc_column][vc_column_text]<\/p>\n<h5>KONTAKTDATEN DES PARTNERS<\/h5>\n<p>Groupe Th\u00e9\u00e2tral des Mascarons<br \/>\nGrande-Rue 14a<br \/>\n2112 M\u00f4tiers<\/p>\n<p><a href=\"http:\/\/www.mascarons.ch\/\" target=\"_blank\" rel=\"noopener noreferrer\">www.mascarons.ch<\/a><br \/>\nT 079 633.48.25 ( r\u00e9pondeur avec toutes les informations)[\/vc_column_text][\/vc_column][\/vc_row][vc_row disable_element=&#8221;yes&#8221;][vc_column][vc_column_text]<\/p>\n<h6>Bevorstehende Programmierung<\/h6>\n<p><em><strong>Coming Out<\/strong><\/em><\/p>\n<p>4. und 5. Februar 2023<\/p>\n<p>Alle Informationen zu den n\u00e4chsten Auff\u00fchrungen finden Sie unter <a href=\"https:\/\/mascarons.ch\/\" target=\"_blank\" rel=\"noopener\">www.mascarons.ch<\/a>[\/vc_column_text][\/vc_column][\/vc_row]<\/p>\n","protected":false},"excerpt":{"rendered":"<p>[vc_row][vc_column][vc_column_text]Die Theatergruppe Mascarons wurde 1972 geboren. Bis heute wurden mehr als 100 hausgemachte Kreationen, dargeboten von Schauspielern und S\u00e4ngern im Alter von 4 bis 75 Jahren, ihrem treuen Publikum pr\u00e4sentiert.&hellip;<\/p>\n","protected":false},"author":73,"featured_media":0,"parent":2155,"menu_order":0,"comment_status":"closed","ping_status":"closed","template":"","meta":{"footnotes":""},"yoast_head":"<!-- This site is optimized with the Yoast SEO plugin v23.5 - https:\/\/yoast.com\/wordpress\/plugins\/seo\/ -->\n<title>Theater des Mascarons - Destination Val-de-Travers<\/title>\n<meta name=\"description\" content=\"Das Th\u00e9\u00e2tre des mascarons in M\u00f4tiers bietet das ganze Jahr \u00fcber verschiedene Schauspiele an.\" \/>\n<meta name=\"robots\" content=\"index, follow, max-snippet:-1, max-image-preview:large, max-video-preview:-1\" \/>\n<link rel=\"canonical\" href=\"https:\/\/www.myvaldetravers.ch\/de\/erlebnisse\/theater-mascarons\/\" \/>\n<meta property=\"og:locale\" content=\"de_DE\" \/>\n<meta property=\"og:type\" content=\"article\" \/>\n<meta property=\"og:title\" content=\"Theater des Mascarons - Destination Val-de-Travers\" \/>\n<meta property=\"og:description\" content=\"Das Th\u00e9\u00e2tre des mascarons in M\u00f4tiers bietet das ganze Jahr \u00fcber verschiedene Schauspiele an.\" \/>\n<meta property=\"og:url\" content=\"https:\/\/www.myvaldetravers.ch\/de\/erlebnisse\/theater-mascarons\/\" \/>\n<meta property=\"og:site_name\" content=\"Destination Val-de-Travers\" \/>\n<meta property=\"article:publisher\" content=\"https:\/\/www.facebook.com\/DestinationValdeTravers\/\" \/>\n<meta property=\"article:modified_time\" content=\"2023-01-19T15:15:37+00:00\" \/>\n<meta name=\"twitter:card\" content=\"summary_large_image\" \/>\n<meta name=\"twitter:label1\" content=\"Gesch\u00e4tzte Lesezeit\" \/>\n\t<meta name=\"twitter:data1\" content=\"2\u00a0Minuten\" \/>\n<script type=\"application\/ld+json\" class=\"yoast-schema-graph\">{\"@context\":\"https:\/\/schema.org\",\"@graph\":[{\"@type\":\"WebPage\",\"@id\":\"https:\/\/www.myvaldetravers.ch\/de\/erlebnisse\/theater-mascarons\/\",\"url\":\"https:\/\/www.myvaldetravers.ch\/de\/erlebnisse\/theater-mascarons\/\",\"name\":\"Theater des Mascarons - Destination Val-de-Travers\",\"isPartOf\":{\"@id\":\"https:\/\/www.myvaldetravers.ch\/de\/#website\"},\"datePublished\":\"2020-03-10T07:36:15+00:00\",\"dateModified\":\"2023-01-19T15:15:37+00:00\",\"description\":\"Das Th\u00e9\u00e2tre des mascarons in M\u00f4tiers bietet das ganze Jahr \u00fcber verschiedene Schauspiele an.\",\"breadcrumb\":{\"@id\":\"https:\/\/www.myvaldetravers.ch\/de\/erlebnisse\/theater-mascarons\/#breadcrumb\"},\"inLanguage\":\"de\",\"potentialAction\":[{\"@type\":\"ReadAction\",\"target\":[\"https:\/\/www.myvaldetravers.ch\/de\/erlebnisse\/theater-mascarons\/\"]}]},{\"@type\":\"BreadcrumbList\",\"@id\":\"https:\/\/www.myvaldetravers.ch\/de\/erlebnisse\/theater-mascarons\/#breadcrumb\",\"itemListElement\":[{\"@type\":\"ListItem\",\"position\":1,\"name\":\"Accueil\",\"item\":\"https:\/\/www.myvaldetravers.ch\/de\/\"},{\"@type\":\"ListItem\",\"position\":2,\"name\":\"Erlebnisse\",\"item\":\"https:\/\/www.myvaldetravers.ch\/de\/erlebnisse\/\"},{\"@type\":\"ListItem\",\"position\":3,\"name\":\"Theater des Mascarons\"}]},{\"@type\":\"WebSite\",\"@id\":\"https:\/\/www.myvaldetravers.ch\/de\/#website\",\"url\":\"https:\/\/www.myvaldetravers.ch\/de\/\",\"name\":\"Destination Val-de-Travers\",\"description\":\"Il y a toujours quelque chose \u00e0 faire au Val-de-Travers.\",\"potentialAction\":[{\"@type\":\"SearchAction\",\"target\":{\"@type\":\"EntryPoint\",\"urlTemplate\":\"https:\/\/www.myvaldetravers.ch\/de\/?s={search_term_string}\"},\"query-input\":{\"@type\":\"PropertyValueSpecification\",\"valueRequired\":true,\"valueName\":\"search_term_string\"}}],\"inLanguage\":\"de\"}]}<\/script>\n<!-- \/ Yoast SEO plugin. -->","yoast_head_json":{"title":"Theater des Mascarons - Destination Val-de-Travers","description":"Das Th\u00e9\u00e2tre des mascarons in M\u00f4tiers bietet das ganze Jahr \u00fcber verschiedene Schauspiele an.","robots":{"index":"index","follow":"follow","max-snippet":"max-snippet:-1","max-image-preview":"max-image-preview:large","max-video-preview":"max-video-preview:-1"},"canonical":"https:\/\/www.myvaldetravers.ch\/de\/erlebnisse\/theater-mascarons\/","og_locale":"de_DE","og_type":"article","og_title":"Theater des Mascarons - Destination Val-de-Travers","og_description":"Das Th\u00e9\u00e2tre des mascarons in M\u00f4tiers bietet das ganze Jahr \u00fcber verschiedene Schauspiele an.","og_url":"https:\/\/www.myvaldetravers.ch\/de\/erlebnisse\/theater-mascarons\/","og_site_name":"Destination Val-de-Travers","article_publisher":"https:\/\/www.facebook.com\/DestinationValdeTravers\/","article_modified_time":"2023-01-19T15:15:37+00:00","twitter_card":"summary_large_image","twitter_misc":{"Gesch\u00e4tzte Lesezeit":"2\u00a0Minuten"},"schema":{"@context":"https:\/\/schema.org","@graph":[{"@type":"WebPage","@id":"https:\/\/www.myvaldetravers.ch\/de\/erlebnisse\/theater-mascarons\/","url":"https:\/\/www.myvaldetravers.ch\/de\/erlebnisse\/theater-mascarons\/","name":"Theater des Mascarons - Destination Val-de-Travers","isPartOf":{"@id":"https:\/\/www.myvaldetravers.ch\/de\/#website"},"datePublished":"2020-03-10T07:36:15+00:00","dateModified":"2023-01-19T15:15:37+00:00","description":"Das Th\u00e9\u00e2tre des mascarons in M\u00f4tiers bietet das ganze Jahr \u00fcber verschiedene Schauspiele an.","breadcrumb":{"@id":"https:\/\/www.myvaldetravers.ch\/de\/erlebnisse\/theater-mascarons\/#breadcrumb"},"inLanguage":"de","potentialAction":[{"@type":"ReadAction","target":["https:\/\/www.myvaldetravers.ch\/de\/erlebnisse\/theater-mascarons\/"]}]},{"@type":"BreadcrumbList","@id":"https:\/\/www.myvaldetravers.ch\/de\/erlebnisse\/theater-mascarons\/#breadcrumb","itemListElement":[{"@type":"ListItem","position":1,"name":"Accueil","item":"https:\/\/www.myvaldetravers.ch\/de\/"},{"@type":"ListItem","position":2,"name":"Erlebnisse","item":"https:\/\/www.myvaldetravers.ch\/de\/erlebnisse\/"},{"@type":"ListItem","position":3,"name":"Theater des Mascarons"}]},{"@type":"WebSite","@id":"https:\/\/www.myvaldetravers.ch\/de\/#website","url":"https:\/\/www.myvaldetravers.ch\/de\/","name":"Destination Val-de-Travers","description":"Il y a toujours quelque chose \u00e0 faire au Val-de-Travers.","potentialAction":[{"@type":"SearchAction","target":{"@type":"EntryPoint","urlTemplate":"https:\/\/www.myvaldetravers.ch\/de\/?s={search_term_string}"},"query-input":{"@type":"PropertyValueSpecification","valueRequired":true,"valueName":"search_term_string"}}],"inLanguage":"de"}]}},"_links":{"self":[{"href":"https:\/\/www.myvaldetravers.ch\/de\/wp-json\/wp\/v2\/pages\/3355"}],"collection":[{"href":"https:\/\/www.myvaldetravers.ch\/de\/wp-json\/wp\/v2\/pages"}],"about":[{"href":"https:\/\/www.myvaldetravers.ch\/de\/wp-json\/wp\/v2\/types\/page"}],"author":[{"embeddable":true,"href":"https:\/\/www.myvaldetravers.ch\/de\/wp-json\/wp\/v2\/users\/73"}],"replies":[{"embeddable":true,"href":"https:\/\/www.myvaldetravers.ch\/de\/wp-json\/wp\/v2\/comments?post=3355"}],"version-history":[{"count":44,"href":"https:\/\/www.myvaldetravers.ch\/de\/wp-json\/wp\/v2\/pages\/3355\/revisions"}],"predecessor-version":[{"id":10292,"href":"https:\/\/www.myvaldetravers.ch\/de\/wp-json\/wp\/v2\/pages\/3355\/revisions\/10292"}],"up":[{"embeddable":true,"href":"https:\/\/www.myvaldetravers.ch\/de\/wp-json\/wp\/v2\/pages\/2155"}],"wp:attachment":[{"href":"https:\/\/www.myvaldetravers.ch\/de\/wp-json\/wp\/v2\/media?parent=3355"}],"curies":[{"name":"wp","href":"https:\/\/api.w.org\/{rel}","templated":true}]}}