{"id":3695,"date":"2020-05-19T13:25:54","date_gmt":"2020-05-19T11:25:54","guid":{"rendered":"https:\/\/www.myvaldetravers.ch\/?page_id=3695"},"modified":"2024-04-26T15:31:10","modified_gmt":"2024-04-26T13:31:10","slug":"areuseschlucht","status":"publish","type":"page","link":"https:\/\/www.myvaldetravers.ch\/de\/erlebnisse\/areuseschlucht\/","title":{"rendered":"Die Schluchten der Areuse"},"content":{"rendered":"<p>[vc_row][vc_column][vc_column_text el_class=&#8221;edsi&#8221;]<p><strong>Die Areuse entdecken: mal breit, mal eng, hier sprudelnd, dort ruhig.<\/strong><\/p><p>Dieser bezaubernde Wanderweg folgt dem teils dahinpl\u00e4tschernden, teils tosenden Wasserlauf der Areuse. Er f\u00fchrt \u00fcber Steinbr\u00fccken, Stege und Treppen, durch felsige Engp\u00e4sse und an beeindruckend schroffen Felsw\u00e4nden entlang durch die besonders im Hochsommer herrlich k\u00fchle Schlucht.<\/p><h5>Gut zu wissen<\/h5>* Von Neuenburg aus besteht die M\u00f6glichkeit, den Zug bis Noiraigue oder Champ-du-Moulin zu nehmen, dann mit dem Tram von Boudry aus zur\u00fcck\r<br \/>* Der Wanderweg ist f\u00fcr Kinderwagen nicht geeignet\r<br \/>* Auf halber Strecke empfiehlt sich ein Besuch des Restaurant de La Truite in Champ-du-Moulin mit vielen regionalen Spezialit\u00e4ten\r<br \/>* Am Ende der Strecke am Ortseingang von Boudry probieren Sie die regionalen Spezialit\u00e4ten der Buvette \u201eLa Gorgette\u201c<h5>Karte<\/h5><div id='map' style='width:500px;height:300px;'><\/div>\n<script type=\"text\/javascript\" src=\"https:\/\/maps.googleapis.com\/maps\/api\/js?key=AIzaSyCTPTigCnFjWZE6vEYcD0SnK25h1MzvSMk\"><\/script>\n\n<script>\n  var markerCenter = new google.maps.LatLng(46.954901254736,6.7219304433092);\n  var marker = null;\n\n function initialize() {\n  var mapProp = {\n   center: markerCenter,\n   zoom: 13,\n   mapTypeId: google.maps.MapTypeId.ROADMAP\n   };\n  var map = new google.maps.Map(document.getElementById(\"map\"),mapProp);\n\n   var marker = new google.maps.Marker({\n\t position: markerCenter,\n\t \/\/ animation: google.maps.Animation.BOUNCE,\n   });\n   marker.setMap(map);\n   \n   var infowindow = new google.maps.InfoWindow();\n   infowindow.setContent(\"Areuse-Schlucht\");\n   infowindow.open(map, marker);\n\n }\n\n google.maps.event.addDomListener(window, 'load', initialize);\n<\/script>\n[\/vc_column_text][\/vc_column][\/vc_row][vc_row css=&#8221;.vc_custom_1554128789554{margin-top: -0.3em !important;}&#8221;][vc_column width=&#8221;2\/3&#8243;][vc_column_text]Das Fl\u00fcsschen Areuse durchfliesst mal breit, mal eng, mal ruhig und dann wieder mit lautem Get\u00f6se eine felsige Schlucht. Die Wanderung oder Velotour durch diese Schlucht bietet ein aussergew\u00f6hnliches Naturerlebnis und einen unvergesslichen Ausflug im Schweizer Jura.<\/p>\n<div class=\"g\">\n<div class=\"rc\" data-hveid=\"CAMQAA\" data-ved=\"2ahUKEwjbutKC3dTsAhVQJBoKHVTiD5IQFSgAMAV6BAgDEAA\">Zur Areuse-Schlucht f\u00fchrt ein familienfreundlicher <a href=\"https:\/\/www.j3l.ch\/de\/V1571\/areuse-schlucht\" target=\"_blank\" rel=\"noopener noreferrer\">Wanderweg von Noiraigue nach Boudry<\/a>. Sie k\u00f6nnen aber auch mit dem Velo oder E-Bike auf der <a href=\"https:\/\/www.j3l.ch\/de\/V2023\/l-areuse-emme-sihl\" target=\"_blank\" rel=\"noopener noreferrer\">Veloroute Fleurier-Neufchatel<\/a> zur Schlucht gelangen und dazu in Noiraigue ein <a href=\"https:\/\/www.gout-region.ch\/de\/velo\/\" target=\"_blank\" rel=\"noopener noreferrer\">Velo oder E-Bike mieten<\/a>.<\/div>\n<div data-hveid=\"CAMQAA\" data-ved=\"2ahUKEwjbutKC3dTsAhVQJBoKHVTiD5IQFSgAMAV6BAgDEAA\"><\/div>\n<\/div>\n<p>Da die Parkpl\u00e4tze in Noiraigue beschr\u00e4nkt sind, empfehlen wir Ihnen, <a href=\"https:\/\/www.sbb.ch\/\" target=\"_blank\" rel=\"noopener noreferrer\">mit dem Zug zu kommen<\/a>. Da die Wander- und Radwege am Neuenburger See enden, ist der Zug ideal. F\u00fcr Besucher mit dem Auto stehen offizielle kostenpflichtige Parkpl\u00e4tze <a href=\"https:\/\/www.val-de-travers.ch\/sites\/default\/files\/2020-03\/200304-communique-stationnement-noiraigue-annexe.pdf\" target=\"_blank\" rel=\"noopener noreferrer\">mit begrenzter Kapazit\u00e4t <\/a>zur Verf\u00fcgung. Falls die Parkpl\u00e4tze voll sein sollten, empfehlen wir Ihnen, in Travers oder Couvet zu parken und dann mit dem Zug nach Noiraigue zu fahren.<\/p>\n<h5>PRAKTISCHE TIPPS<\/h5>\n<p>SuisseMobile bietet Ihnen digitale<a href=\"https:\/\/map.wanderland.ch\/?lang=de&amp;route=all&amp;bgLayer=pk&amp;resolution=6.91&amp;season=summer&amp;E=2549861&amp;N=1200830&amp;logo=yes&amp;trackId=1998370&amp;photos=yes&amp;layers=Wanderland\" target=\"_blank\" rel=\"noopener noreferrer\"> Karten der Wander<\/a>&#8211; und <a href=\"https:\/\/map.schweizmobil.ch\/?lang=de&amp;land=veloland&amp;route=94&amp;photos=yes&amp;logo=yes&amp;season=summer&amp;resolution=121.77&amp;E=2610685&amp;N=1219882&amp;bgLayer=pk&amp;layers=Veloland\" target=\"_blank\" rel=\"noopener noreferrer\">Fahrradwege durch die Areuse-Schlucht.<\/a><\/p>\n<p>Nutzen Sie Ihren Ausflug, um <a href=\"https:\/\/www.la-truite.ch\/\">im Restaurant La Truite<\/a> Fisch aus der Region zu probieren.<\/p>\n<h5>\u00d6FFNUNGSZEITEN UND DETAILS<\/h5>\n<div class=\"tm_pb_column tm_pb_column_1_2 tm_pb_column_7 col-xs-12 col-sm-6 col-md-6 col-lg-6 col-xl-6\">\n<div class=\"tm_pb_text tm_pb_module tm_pb_bg_layout_light tm_pb_text_align_left tm_pb_text_6\">\n<p>jeden Tag ge\u00f6ffnet<\/p>\n<\/div>\n<\/div>\n<h5>KONTAKTDATEN DES PARTNERS<\/h5>\n<p>Tourisme neuch\u00e2telois<br \/>\nPlace de la gare 1<br \/>\n2103 Noiraigue<br \/>\n<a href=\"https:\/\/www.j3l.ch\/de\/Z12123\/val-de-travers\" target=\"_blank\" rel=\"noopener noreferrer\">www.j3l.ch Val-de-Travers<\/a>[\/vc_column_text][\/vc_column][vc_column width=&#8221;1\/3&#8243; css=&#8221;.vc_custom_1554128972031{background-color: #f6f6f7 !important;}&#8221; el_class=&#8221;colonne-info-droite&#8221;][vc_column_text]<\/p>\n<h5><strong><a href=\"https:\/\/www.myvaldetravers.ch\/de\/freizeitkarte\/\">FREIZEITKARTE VAL-DE-TRAVERS<\/a><\/strong><\/h5>\n<p><strong>Inbegriffen in der\u00a0<\/strong><strong><a href=\"https:\/\/www.myvaldetravers.ch\/de\/freizeitkarte\/\">Freizeitkarte<\/a><\/strong><strong>:<\/strong><\/p>\n<p>Fahrrad- oder E-Bike Verleih*.<br \/>\nReservation obligatorisch:<br \/>\nBahnhof Noiraigue T 032 864 90 64<br \/>\nSesselbahn in Buttes T 032 864 90 64<br \/>\n*Fahrrad: 1 Tag \/ E-Bike: 3 Stunden<br \/>\nE-Bike: Mindestalter 16 Jahre \/ Zuschlag<br \/>\nf\u00fcr Ganztagesmiete: CHF 18.-<\/p>\n<p>F\u00fcr E-MTB gelten die Bedingungen f\u00fcr E-Bike<\/p>\n<p><a href=\"https:\/\/www.gout-region.ch\/de\/velo\/\" target=\"_blank\" rel=\"noopener noreferrer\">www.gout-region.ch<\/a>[\/vc_column_text][\/vc_column][\/vc_row][vc_row][vc_column][vc_column_text][\/vc_column_text][vc_separator][\/vc_column][\/vc_row]<\/p>\n","protected":false},"excerpt":{"rendered":"<p>[vc_row][vc_column][vc_column_text el_class=&#8221;edsi&#8221;][\/vc_column_text][\/vc_column][\/vc_row][vc_row css=&#8221;.vc_custom_1554128789554{margin-top: -0.3em !important;}&#8221;][vc_column width=&#8221;2\/3&#8243;][vc_column_text]Das Fl\u00fcsschen Areuse durchfliesst mal breit, mal eng, mal ruhig und dann wieder mit lautem Get\u00f6se eine felsige Schlucht. Die Wanderung oder Velotour durch diese&hellip;<\/p>\n","protected":false},"author":73,"featured_media":4518,"parent":2155,"menu_order":0,"comment_status":"closed","ping_status":"closed","template":"","meta":{"footnotes":""},"yoast_head":"<!-- This site is optimized with the Yoast SEO plugin v23.5 - https:\/\/yoast.com\/wordpress\/plugins\/seo\/ -->\n<title>Ausflug im Jura: Die Areuse-Schlucht, Val-de-Travers<\/title>\n<meta name=\"description\" content=\"Eine Wanderung oder Velotour durch die Areuse-Schlucht ist ein aussergew\u00f6hnliches, unvergessliches Naturerlebnis im Schweizer Jura.\" \/>\n<meta name=\"robots\" content=\"index, follow, max-snippet:-1, max-image-preview:large, max-video-preview:-1\" \/>\n<link rel=\"canonical\" href=\"https:\/\/www.myvaldetravers.ch\/de\/erlebnisse\/areuseschlucht\/\" \/>\n<meta property=\"og:locale\" content=\"de_DE\" \/>\n<meta property=\"og:type\" content=\"article\" \/>\n<meta property=\"og:title\" content=\"Ausflug im Jura: Die Areuse-Schlucht, Val-de-Travers\" \/>\n<meta property=\"og:description\" content=\"Eine Wanderung oder Velotour durch die Areuse-Schlucht ist ein aussergew\u00f6hnliches, unvergessliches Naturerlebnis im Schweizer Jura.\" \/>\n<meta property=\"og:url\" content=\"https:\/\/www.myvaldetravers.ch\/de\/erlebnisse\/areuseschlucht\/\" \/>\n<meta property=\"og:site_name\" content=\"Destination Val-de-Travers\" \/>\n<meta property=\"article:publisher\" content=\"https:\/\/www.facebook.com\/DestinationValdeTravers\/\" \/>\n<meta property=\"article:modified_time\" content=\"2024-04-26T13:31:10+00:00\" \/>\n<meta property=\"og:image\" content=\"https:\/\/www.myvaldetravers.ch\/wp-content\/uploads\/2020\/09\/Gorges-de-lAreuse-scaled.jpg\" \/>\n\t<meta property=\"og:image:width\" content=\"2560\" \/>\n\t<meta property=\"og:image:height\" content=\"1439\" \/>\n\t<meta property=\"og:image:type\" content=\"image\/jpeg\" \/>\n<meta name=\"twitter:card\" content=\"summary_large_image\" \/>\n<meta name=\"twitter:label1\" content=\"Gesch\u00e4tzte Lesezeit\" \/>\n\t<meta name=\"twitter:data1\" content=\"2\u00a0Minuten\" \/>\n<script type=\"application\/ld+json\" class=\"yoast-schema-graph\">{\"@context\":\"https:\/\/schema.org\",\"@graph\":[{\"@type\":\"WebPage\",\"@id\":\"https:\/\/www.myvaldetravers.ch\/de\/erlebnisse\/areuseschlucht\/\",\"url\":\"https:\/\/www.myvaldetravers.ch\/de\/erlebnisse\/areuseschlucht\/\",\"name\":\"Ausflug im Jura: Die Areuse-Schlucht, Val-de-Travers\",\"isPartOf\":{\"@id\":\"https:\/\/www.myvaldetravers.ch\/de\/#website\"},\"primaryImageOfPage\":{\"@id\":\"https:\/\/www.myvaldetravers.ch\/de\/erlebnisse\/areuseschlucht\/#primaryimage\"},\"image\":{\"@id\":\"https:\/\/www.myvaldetravers.ch\/de\/erlebnisse\/areuseschlucht\/#primaryimage\"},\"thumbnailUrl\":\"https:\/\/www.myvaldetravers.ch\/wp-content\/uploads\/2020\/09\/Gorges-de-lAreuse-scaled.jpg\",\"datePublished\":\"2020-05-19T11:25:54+00:00\",\"dateModified\":\"2024-04-26T13:31:10+00:00\",\"description\":\"Eine Wanderung oder Velotour durch die Areuse-Schlucht ist ein aussergew\u00f6hnliches, unvergessliches Naturerlebnis im Schweizer Jura.\",\"breadcrumb\":{\"@id\":\"https:\/\/www.myvaldetravers.ch\/de\/erlebnisse\/areuseschlucht\/#breadcrumb\"},\"inLanguage\":\"de\",\"potentialAction\":[{\"@type\":\"ReadAction\",\"target\":[\"https:\/\/www.myvaldetravers.ch\/de\/erlebnisse\/areuseschlucht\/\"]}]},{\"@type\":\"ImageObject\",\"inLanguage\":\"de\",\"@id\":\"https:\/\/www.myvaldetravers.ch\/de\/erlebnisse\/areuseschlucht\/#primaryimage\",\"url\":\"https:\/\/www.myvaldetravers.ch\/wp-content\/uploads\/2020\/09\/Gorges-de-lAreuse-scaled.jpg\",\"contentUrl\":\"https:\/\/www.myvaldetravers.ch\/wp-content\/uploads\/2020\/09\/Gorges-de-lAreuse-scaled.jpg\",\"width\":2560,\"height\":1439,\"caption\":\"Gorges de l'Areuse, Val-de-Travers\"},{\"@type\":\"BreadcrumbList\",\"@id\":\"https:\/\/www.myvaldetravers.ch\/de\/erlebnisse\/areuseschlucht\/#breadcrumb\",\"itemListElement\":[{\"@type\":\"ListItem\",\"position\":1,\"name\":\"Accueil\",\"item\":\"https:\/\/www.myvaldetravers.ch\/de\/\"},{\"@type\":\"ListItem\",\"position\":2,\"name\":\"Erlebnisse\",\"item\":\"https:\/\/www.myvaldetravers.ch\/de\/erlebnisse\/\"},{\"@type\":\"ListItem\",\"position\":3,\"name\":\"Die Schluchten der Areuse\"}]},{\"@type\":\"WebSite\",\"@id\":\"https:\/\/www.myvaldetravers.ch\/de\/#website\",\"url\":\"https:\/\/www.myvaldetravers.ch\/de\/\",\"name\":\"Destination Val-de-Travers\",\"description\":\"Il y a toujours quelque chose \u00e0 faire au Val-de-Travers.\",\"potentialAction\":[{\"@type\":\"SearchAction\",\"target\":{\"@type\":\"EntryPoint\",\"urlTemplate\":\"https:\/\/www.myvaldetravers.ch\/de\/?s={search_term_string}\"},\"query-input\":{\"@type\":\"PropertyValueSpecification\",\"valueRequired\":true,\"valueName\":\"search_term_string\"}}],\"inLanguage\":\"de\"}]}<\/script>\n<!-- \/ Yoast SEO plugin. -->","yoast_head_json":{"title":"Ausflug im Jura: Die Areuse-Schlucht, Val-de-Travers","description":"Eine Wanderung oder Velotour durch die Areuse-Schlucht ist ein aussergew\u00f6hnliches, unvergessliches Naturerlebnis im Schweizer Jura.","robots":{"index":"index","follow":"follow","max-snippet":"max-snippet:-1","max-image-preview":"max-image-preview:large","max-video-preview":"max-video-preview:-1"},"canonical":"https:\/\/www.myvaldetravers.ch\/de\/erlebnisse\/areuseschlucht\/","og_locale":"de_DE","og_type":"article","og_title":"Ausflug im Jura: Die Areuse-Schlucht, Val-de-Travers","og_description":"Eine Wanderung oder Velotour durch die Areuse-Schlucht ist ein aussergew\u00f6hnliches, unvergessliches Naturerlebnis im Schweizer Jura.","og_url":"https:\/\/www.myvaldetravers.ch\/de\/erlebnisse\/areuseschlucht\/","og_site_name":"Destination Val-de-Travers","article_publisher":"https:\/\/www.facebook.com\/DestinationValdeTravers\/","article_modified_time":"2024-04-26T13:31:10+00:00","og_image":[{"width":2560,"height":1439,"url":"https:\/\/www.myvaldetravers.ch\/wp-content\/uploads\/2020\/09\/Gorges-de-lAreuse-scaled.jpg","type":"image\/jpeg"}],"twitter_card":"summary_large_image","twitter_misc":{"Gesch\u00e4tzte Lesezeit":"2\u00a0Minuten"},"schema":{"@context":"https:\/\/schema.org","@graph":[{"@type":"WebPage","@id":"https:\/\/www.myvaldetravers.ch\/de\/erlebnisse\/areuseschlucht\/","url":"https:\/\/www.myvaldetravers.ch\/de\/erlebnisse\/areuseschlucht\/","name":"Ausflug im Jura: Die Areuse-Schlucht, Val-de-Travers","isPartOf":{"@id":"https:\/\/www.myvaldetravers.ch\/de\/#website"},"primaryImageOfPage":{"@id":"https:\/\/www.myvaldetravers.ch\/de\/erlebnisse\/areuseschlucht\/#primaryimage"},"image":{"@id":"https:\/\/www.myvaldetravers.ch\/de\/erlebnisse\/areuseschlucht\/#primaryimage"},"thumbnailUrl":"https:\/\/www.myvaldetravers.ch\/wp-content\/uploads\/2020\/09\/Gorges-de-lAreuse-scaled.jpg","datePublished":"2020-05-19T11:25:54+00:00","dateModified":"2024-04-26T13:31:10+00:00","description":"Eine Wanderung oder Velotour durch die Areuse-Schlucht ist ein aussergew\u00f6hnliches, unvergessliches Naturerlebnis im Schweizer Jura.","breadcrumb":{"@id":"https:\/\/www.myvaldetravers.ch\/de\/erlebnisse\/areuseschlucht\/#breadcrumb"},"inLanguage":"de","potentialAction":[{"@type":"ReadAction","target":["https:\/\/www.myvaldetravers.ch\/de\/erlebnisse\/areuseschlucht\/"]}]},{"@type":"ImageObject","inLanguage":"de","@id":"https:\/\/www.myvaldetravers.ch\/de\/erlebnisse\/areuseschlucht\/#primaryimage","url":"https:\/\/www.myvaldetravers.ch\/wp-content\/uploads\/2020\/09\/Gorges-de-lAreuse-scaled.jpg","contentUrl":"https:\/\/www.myvaldetravers.ch\/wp-content\/uploads\/2020\/09\/Gorges-de-lAreuse-scaled.jpg","width":2560,"height":1439,"caption":"Gorges de l'Areuse, Val-de-Travers"},{"@type":"BreadcrumbList","@id":"https:\/\/www.myvaldetravers.ch\/de\/erlebnisse\/areuseschlucht\/#breadcrumb","itemListElement":[{"@type":"ListItem","position":1,"name":"Accueil","item":"https:\/\/www.myvaldetravers.ch\/de\/"},{"@type":"ListItem","position":2,"name":"Erlebnisse","item":"https:\/\/www.myvaldetravers.ch\/de\/erlebnisse\/"},{"@type":"ListItem","position":3,"name":"Die Schluchten der Areuse"}]},{"@type":"WebSite","@id":"https:\/\/www.myvaldetravers.ch\/de\/#website","url":"https:\/\/www.myvaldetravers.ch\/de\/","name":"Destination Val-de-Travers","description":"Il y a toujours quelque chose \u00e0 faire au Val-de-Travers.","potentialAction":[{"@type":"SearchAction","target":{"@type":"EntryPoint","urlTemplate":"https:\/\/www.myvaldetravers.ch\/de\/?s={search_term_string}"},"query-input":{"@type":"PropertyValueSpecification","valueRequired":true,"valueName":"search_term_string"}}],"inLanguage":"de"}]}},"_links":{"self":[{"href":"https:\/\/www.myvaldetravers.ch\/de\/wp-json\/wp\/v2\/pages\/3695"}],"collection":[{"href":"https:\/\/www.myvaldetravers.ch\/de\/wp-json\/wp\/v2\/pages"}],"about":[{"href":"https:\/\/www.myvaldetravers.ch\/de\/wp-json\/wp\/v2\/types\/page"}],"author":[{"embeddable":true,"href":"https:\/\/www.myvaldetravers.ch\/de\/wp-json\/wp\/v2\/users\/73"}],"replies":[{"embeddable":true,"href":"https:\/\/www.myvaldetravers.ch\/de\/wp-json\/wp\/v2\/comments?post=3695"}],"version-history":[{"count":6,"href":"https:\/\/www.myvaldetravers.ch\/de\/wp-json\/wp\/v2\/pages\/3695\/revisions"}],"predecessor-version":[{"id":12528,"href":"https:\/\/www.myvaldetravers.ch\/de\/wp-json\/wp\/v2\/pages\/3695\/revisions\/12528"}],"up":[{"embeddable":true,"href":"https:\/\/www.myvaldetravers.ch\/de\/wp-json\/wp\/v2\/pages\/2155"}],"wp:featuredmedia":[{"embeddable":true,"href":"https:\/\/www.myvaldetravers.ch\/de\/wp-json\/wp\/v2\/media\/4518"}],"wp:attachment":[{"href":"https:\/\/www.myvaldetravers.ch\/de\/wp-json\/wp\/v2\/media?parent=3695"}],"curies":[{"name":"wp","href":"https:\/\/api.w.org\/{rel}","templated":true}]}}