{"id":5282,"date":"2020-12-22T11:10:46","date_gmt":"2020-12-22T10:10:46","guid":{"rendered":"https:\/\/www.myvaldetravers.ch\/?page_id=5282"},"modified":"2026-03-23T14:00:49","modified_gmt":"2026-03-23T13:00:49","slug":"andere-kulturelle-aktivitaeten","status":"publish","type":"page","link":"https:\/\/www.myvaldetravers.ch\/de\/erlebnisse\/andere-kulturelle-aktivitaeten\/","title":{"rendered":"Andere kulturelle Aktivit\u00e4ten"},"content":{"rendered":"<p>[vc_row][vc_column][vc_column_text]In Val-de-Travers finden Sie das ganze Jahr \u00fcber eine Vielzahl kultureller Aktivit\u00e4ten.<\/p>\n<p><a href=\"https:\/\/www.myvaldetravers.ch\/de\/experiences\/kulturelle-aktivitaeten\/\" target=\"_blank\" rel=\"noopener\">Die Liste unserer Aktivit\u00e4ten, auf die verwiesen wird, finden Sie hier.<\/a>[\/vc_column_text][vc_text_separator title=&#8221;&#8221;][vc_column_text]<\/p>\n<ul>\n<li><a href=\"#auto\">Automobil-Museum, Le Man\u00e8ge<\/a><\/li>\n<li><a href=\"#banderette\">Banderette-Museum<\/a><\/li>\n<li><a href=\"#sel\">La M\u00e9moire du Sel Museum<\/a><\/li>\n<li><a href=\"#ht\">Festival Hors Tribu<\/a><\/li>\n<\/ul>\n<p>[\/vc_column_text][\/vc_column][\/vc_row][vc_row][vc_column width=&#8221;1\/2&#8243;][vc_text_separator title=&#8221;&#8221; color=&#8221;white&#8221;][vc_column_text][\/vc_column_text][vc_gallery interval=&#8221;3&#8243; images=&#8221;5495&#8243; img_size=&#8221;large&#8221;][\/vc_column][vc_column width=&#8221;1\/2&#8243;][vc_text_separator title=&#8221;Mus\u00e9es&#8221;][vc_column_text]<a name=\"abo\"><\/a>[\/vc_column_text][vc_column_text]<\/p>\n<h6>Automobil-Museum, Le Man\u00e8ge<\/h6>\n<p class=\"m-content-blocks__lead\">Das Museum beherbergt die Oldtimersammlung der Burkhardt-Felder-Stiftung. Mehr als zwanzig seltene und au\u00dfergew\u00f6hnliche Automobile, die zwischen den sp\u00e4ten 1890er und den 1980er Jahren gebaut wurden, sind in der ehemaligen Reithalle des Ch\u00e2teau d&#8217;Ivernois dauerhaft ausgestellt. Private F\u00fchrungen nur nach Vereinbarung.<\/p>\n<p><strong>Preise (mit gef\u00fchrter Tour) :<\/strong><br \/>\nVon 1 bis 8 Personen: CHF 120.00 (Pauschalpreis)<br \/>\nGruppe ab 9 Personen: CHF 15.00 pro Person<\/p>\n<p>&nbsp;<\/p>\n<p>Fondation Burkhardt-Felder<br \/>\nMus\u00e9e de l&#8217;automobile<br \/>\nGrand-Rue 7<br \/>\n2112 M\u00f4tiers<br \/>\nT 032 861 35 10<br \/>\n<a href=\"mailto:info@fondation-bf.ch\">info@fondation-bf.ch<\/a><br \/>\n<a href=\"http:\/\/www.fondation-bf.ch\/\">www.fondation-bf.ch<\/a>[\/vc_column_text][\/vc_column][\/vc_row][vc_row][vc_column width=&#8221;1\/2&#8243;][vc_column_text][\/vc_column_text][vc_gallery interval=&#8221;3&#8243; images=&#8221;4530,4536,4533&#8243; img_size=&#8221;large&#8221; el_class=&#8221;testgalerie&#8221;][\/vc_column][vc_column width=&#8221;1\/2&#8243;][vc_column_text]<a name=\"banderette\"><\/a>[\/vc_column_text][vc_separator][vc_column_text]<\/p>\n<h6>Banderette-Museum<\/h6>\n<p>Geologie und Natur rund um den Creux du Van. Museum f\u00fcr Natur-, Orts- und ethnografische Geschichte. Flora, Fauna, Mineralien, Geologie, Insekten usw. Es enth\u00e4lt einen Wolf, Informationen zur Geologie des Creux du Van, zum Jura-Karst und die Karte des Jura Club-Grundst\u00fccks in den Klippen des Creux du Van!<\/p>\n<p>Das Museum befindet sich s\u00fcdlich des Dorfes Travers auf der Bergweide Banderette im Chalet Club Jurassien, Abschnitt Soliat.<\/p>\n<p><strong>\u00d6ffnungszeiten:<\/strong><br \/>\nVom 01.05 bis 01.10:<br \/>\nSonntag: 09:30-17:00<\/p>\n<p><strong>Gratis<\/strong><\/p>\n<p>&nbsp;<\/p>\n<p>Mus\u00e9e de La Banderette<br \/>\nChalet du Club jurassien<br \/>\nLa Banderette<br \/>\n2105 Travers<br \/>\n<a href=\"http:\/\/www.clubjurassien.ch\" target=\"_blank\" rel=\"noopener\">www.clubjurassien.ch<\/a>[\/vc_column_text][\/vc_column][\/vc_row][vc_row disable_element=&#8221;yes&#8221;][vc_column width=&#8221;1\/2&#8243;][vc_column_text][\/vc_column_text][vc_gallery interval=&#8221;3&#8243; images=&#8221;5498,5501,5519&#8243; img_size=&#8221;large&#8221; el_class=&#8221;testgalerie&#8221;][\/vc_column][vc_column width=&#8221;1\/2&#8243;][vc_column_text]<a name=\"sel\"><\/a>[\/vc_column_text][vc_column_text]<\/p>\n<h6>La M\u00e9moire du Sel Museum<\/h6>\n<p>Entdecken Sie die Geschichte des Salzes, die Gewinnungsmethoden, die historischen Salinen &#8230; Aber auch den Vy Saulnier in Buttes, die Stra\u00dfe, durch die einst Salzschmuggler fuhren. Neben historischen Dokumenten besteht das Museum aus rund f\u00fcnfzehn Modellen.<\/p>\n<p><strong>\u00d6ffnungszeiten:<br \/>\n<\/strong>Vom April bis Oktober &#8211; auf Nachfrage<\/p>\n<p><strong>Preise:<br \/>\n<\/strong>Erwachsene: CHF 3.00<br \/>\nAHV, Studenten: CHF 2.00<br \/>\nKinder: gratis<\/p>\n<p>&nbsp;<\/p>\n<p>Mus\u00e9e La M\u00e9moire du Sel<br \/>\nRuelle de la Consommation 1<br \/>\n2115 Buttes<br \/>\nT 032 861 45 83<br \/>\n<a href=\"mailto:ma.barone@net2000.ch\">ma.barone@net2000.ch<\/a><br \/>\n<a href=\"http:\/\/www.travers-info.ch\/tourisme\/voy_vdt13.shtml\" target=\"_blank\" rel=\"noopener\">Site Internet<\/a>[\/vc_column_text][\/vc_column][\/vc_row][vc_row][vc_column width=&#8221;1\/2&#8243;][vc_text_separator title=&#8221;&#8221; color=&#8221;white&#8221;][vc_column_text][\/vc_column_text][vc_video link=&#8221;https:\/\/youtu.be\/dfaMN9xhEgI&#8221;][vc_gallery interval=&#8221;3&#8243; images=&#8221;5516,5531,5504&#8243; img_size=&#8221;large&#8221; el_class=&#8221;testgalerie&#8221;][\/vc_column][vc_column width=&#8221;1\/2&#8243;][vc_column_text]<a name=\"ht\"><\/a>[\/vc_column_text][vc_separator][vc_column_text]<\/p>\n<h6><strong>Hors Tribu Festival\u00a0<\/strong><\/h6>\n<p>Die Hors Tribu Association m\u00f6chte Kultur, gute Laune und \u00d6kologie in Val-de-Travers und Umgebung f\u00f6rdern. Dies haupts\u00e4chlich durch die Organisation des Hors Tribu Festivals an jedem ersten Wochenende im August, aber auch durch das Tanzen an schrulligen Abenden oder durch den Export ihres Absinth-Iglus bei Veranstaltungen in der gesamten franz\u00f6sischsprachigen Schweiz.<\/p>\n<p><strong>N\u00e4chstes Festival:<br \/>\n<\/strong>Vom 7. bis 10. August 2025<\/p>\n<p>&nbsp;<\/p>\n<p>Association Hors Tribu<br \/>\nCP 202<br \/>\n2114 Fleurier<br \/>\n<a href=\"https:\/\/horstribu.ch\/\" target=\"_blank\" rel=\"noopener\">www.horstribu.ch<\/a>[\/vc_column_text][vc_separator][\/vc_column][\/vc_row]<\/p>\n","protected":false},"excerpt":{"rendered":"<p>[vc_row][vc_column][vc_column_text]In Val-de-Travers finden Sie das ganze Jahr \u00fcber eine Vielzahl kultureller Aktivit\u00e4ten. Die Liste unserer Aktivit\u00e4ten, auf die verwiesen wird, finden Sie hier.[\/vc_column_text][vc_text_separator title=&#8221;&#8221;][vc_column_text] Automobil-Museum, Le Man\u00e8ge Banderette-Museum La M\u00e9moire&hellip;<\/p>\n","protected":false},"author":73,"featured_media":1623,"parent":2155,"menu_order":0,"comment_status":"closed","ping_status":"closed","template":"","meta":{"footnotes":""},"yoast_head":"<!-- This site is optimized with the Yoast SEO plugin v23.5 - https:\/\/yoast.com\/wordpress\/plugins\/seo\/ -->\n<title>Andere kulturelle Aktivit\u00e4ten in Val-de-Travers<\/title>\n<meta name=\"description\" content=\"Entdecken Sie unsere vielen anderen kulturellen Aktivit\u00e4ten im Val-de-Travers. Museum, Programm, f\u00fcr jeden ist etwas dabei.\" \/>\n<meta name=\"robots\" content=\"index, follow, max-snippet:-1, max-image-preview:large, max-video-preview:-1\" \/>\n<link rel=\"canonical\" href=\"https:\/\/www.myvaldetravers.ch\/de\/erlebnisse\/andere-kulturelle-aktivitaeten\/\" \/>\n<meta property=\"og:locale\" content=\"de_DE\" \/>\n<meta property=\"og:type\" content=\"article\" \/>\n<meta property=\"og:title\" content=\"Andere kulturelle Aktivit\u00e4ten in Val-de-Travers\" \/>\n<meta property=\"og:description\" content=\"Entdecken Sie unsere vielen anderen kulturellen Aktivit\u00e4ten im Val-de-Travers. Museum, Programm, f\u00fcr jeden ist etwas dabei.\" \/>\n<meta property=\"og:url\" content=\"https:\/\/www.myvaldetravers.ch\/de\/erlebnisse\/andere-kulturelle-aktivitaeten\/\" \/>\n<meta property=\"og:site_name\" content=\"Destination Val-de-Travers\" \/>\n<meta property=\"article:publisher\" content=\"https:\/\/www.facebook.com\/DestinationValdeTravers\/\" \/>\n<meta property=\"article:modified_time\" content=\"2026-03-23T13:00:49+00:00\" \/>\n<meta property=\"og:image\" content=\"https:\/\/www.myvaldetravers.ch\/wp-content\/uploads\/2019\/04\/170928_MMascarons_copyr_SpotMagazine_lr037.jpg\" \/>\n\t<meta property=\"og:image:width\" content=\"1499\" \/>\n\t<meta property=\"og:image:height\" content=\"844\" \/>\n\t<meta property=\"og:image:type\" content=\"image\/jpeg\" \/>\n<meta name=\"twitter:card\" content=\"summary_large_image\" \/>\n<meta name=\"twitter:label1\" content=\"Gesch\u00e4tzte Lesezeit\" \/>\n\t<meta name=\"twitter:data1\" content=\"5\u00a0Minuten\" \/>\n<script type=\"application\/ld+json\" class=\"yoast-schema-graph\">{\"@context\":\"https:\/\/schema.org\",\"@graph\":[{\"@type\":\"WebPage\",\"@id\":\"https:\/\/www.myvaldetravers.ch\/de\/erlebnisse\/andere-kulturelle-aktivitaeten\/\",\"url\":\"https:\/\/www.myvaldetravers.ch\/de\/erlebnisse\/andere-kulturelle-aktivitaeten\/\",\"name\":\"Andere kulturelle Aktivit\u00e4ten in Val-de-Travers\",\"isPartOf\":{\"@id\":\"https:\/\/www.myvaldetravers.ch\/de\/#website\"},\"primaryImageOfPage\":{\"@id\":\"https:\/\/www.myvaldetravers.ch\/de\/erlebnisse\/andere-kulturelle-aktivitaeten\/#primaryimage\"},\"image\":{\"@id\":\"https:\/\/www.myvaldetravers.ch\/de\/erlebnisse\/andere-kulturelle-aktivitaeten\/#primaryimage\"},\"thumbnailUrl\":\"https:\/\/www.myvaldetravers.ch\/wp-content\/uploads\/2019\/04\/170928_MMascarons_copyr_SpotMagazine_lr037.jpg\",\"datePublished\":\"2020-12-22T10:10:46+00:00\",\"dateModified\":\"2026-03-23T13:00:49+00:00\",\"description\":\"Entdecken Sie unsere vielen anderen kulturellen Aktivit\u00e4ten im Val-de-Travers. Museum, Programm, f\u00fcr jeden ist etwas dabei.\",\"breadcrumb\":{\"@id\":\"https:\/\/www.myvaldetravers.ch\/de\/erlebnisse\/andere-kulturelle-aktivitaeten\/#breadcrumb\"},\"inLanguage\":\"de\",\"potentialAction\":[{\"@type\":\"ReadAction\",\"target\":[\"https:\/\/www.myvaldetravers.ch\/de\/erlebnisse\/andere-kulturelle-aktivitaeten\/\"]}]},{\"@type\":\"ImageObject\",\"inLanguage\":\"de\",\"@id\":\"https:\/\/www.myvaldetravers.ch\/de\/erlebnisse\/andere-kulturelle-aktivitaeten\/#primaryimage\",\"url\":\"https:\/\/www.myvaldetravers.ch\/wp-content\/uploads\/2019\/04\/170928_MMascarons_copyr_SpotMagazine_lr037.jpg\",\"contentUrl\":\"https:\/\/www.myvaldetravers.ch\/wp-content\/uploads\/2019\/04\/170928_MMascarons_copyr_SpotMagazine_lr037.jpg\",\"width\":1499,\"height\":844,\"caption\":\"Mus\u00e9e des Mascarons, Motiers, val-de-travers\"},{\"@type\":\"BreadcrumbList\",\"@id\":\"https:\/\/www.myvaldetravers.ch\/de\/erlebnisse\/andere-kulturelle-aktivitaeten\/#breadcrumb\",\"itemListElement\":[{\"@type\":\"ListItem\",\"position\":1,\"name\":\"Accueil\",\"item\":\"https:\/\/www.myvaldetravers.ch\/de\/\"},{\"@type\":\"ListItem\",\"position\":2,\"name\":\"Erlebnisse\",\"item\":\"https:\/\/www.myvaldetravers.ch\/de\/erlebnisse\/\"},{\"@type\":\"ListItem\",\"position\":3,\"name\":\"Andere kulturelle Aktivit\u00e4ten\"}]},{\"@type\":\"WebSite\",\"@id\":\"https:\/\/www.myvaldetravers.ch\/de\/#website\",\"url\":\"https:\/\/www.myvaldetravers.ch\/de\/\",\"name\":\"Destination Val-de-Travers\",\"description\":\"Il y a toujours quelque chose \u00e0 faire au Val-de-Travers.\",\"potentialAction\":[{\"@type\":\"SearchAction\",\"target\":{\"@type\":\"EntryPoint\",\"urlTemplate\":\"https:\/\/www.myvaldetravers.ch\/de\/?s={search_term_string}\"},\"query-input\":{\"@type\":\"PropertyValueSpecification\",\"valueRequired\":true,\"valueName\":\"search_term_string\"}}],\"inLanguage\":\"de\"}]}<\/script>\n<!-- \/ Yoast SEO plugin. -->","yoast_head_json":{"title":"Andere kulturelle Aktivit\u00e4ten in Val-de-Travers","description":"Entdecken Sie unsere vielen anderen kulturellen Aktivit\u00e4ten im Val-de-Travers. Museum, Programm, f\u00fcr jeden ist etwas dabei.","robots":{"index":"index","follow":"follow","max-snippet":"max-snippet:-1","max-image-preview":"max-image-preview:large","max-video-preview":"max-video-preview:-1"},"canonical":"https:\/\/www.myvaldetravers.ch\/de\/erlebnisse\/andere-kulturelle-aktivitaeten\/","og_locale":"de_DE","og_type":"article","og_title":"Andere kulturelle Aktivit\u00e4ten in Val-de-Travers","og_description":"Entdecken Sie unsere vielen anderen kulturellen Aktivit\u00e4ten im Val-de-Travers. Museum, Programm, f\u00fcr jeden ist etwas dabei.","og_url":"https:\/\/www.myvaldetravers.ch\/de\/erlebnisse\/andere-kulturelle-aktivitaeten\/","og_site_name":"Destination Val-de-Travers","article_publisher":"https:\/\/www.facebook.com\/DestinationValdeTravers\/","article_modified_time":"2026-03-23T13:00:49+00:00","og_image":[{"width":1499,"height":844,"url":"https:\/\/www.myvaldetravers.ch\/wp-content\/uploads\/2019\/04\/170928_MMascarons_copyr_SpotMagazine_lr037.jpg","type":"image\/jpeg"}],"twitter_card":"summary_large_image","twitter_misc":{"Gesch\u00e4tzte Lesezeit":"5\u00a0Minuten"},"schema":{"@context":"https:\/\/schema.org","@graph":[{"@type":"WebPage","@id":"https:\/\/www.myvaldetravers.ch\/de\/erlebnisse\/andere-kulturelle-aktivitaeten\/","url":"https:\/\/www.myvaldetravers.ch\/de\/erlebnisse\/andere-kulturelle-aktivitaeten\/","name":"Andere kulturelle Aktivit\u00e4ten in Val-de-Travers","isPartOf":{"@id":"https:\/\/www.myvaldetravers.ch\/de\/#website"},"primaryImageOfPage":{"@id":"https:\/\/www.myvaldetravers.ch\/de\/erlebnisse\/andere-kulturelle-aktivitaeten\/#primaryimage"},"image":{"@id":"https:\/\/www.myvaldetravers.ch\/de\/erlebnisse\/andere-kulturelle-aktivitaeten\/#primaryimage"},"thumbnailUrl":"https:\/\/www.myvaldetravers.ch\/wp-content\/uploads\/2019\/04\/170928_MMascarons_copyr_SpotMagazine_lr037.jpg","datePublished":"2020-12-22T10:10:46+00:00","dateModified":"2026-03-23T13:00:49+00:00","description":"Entdecken Sie unsere vielen anderen kulturellen Aktivit\u00e4ten im Val-de-Travers. Museum, Programm, f\u00fcr jeden ist etwas dabei.","breadcrumb":{"@id":"https:\/\/www.myvaldetravers.ch\/de\/erlebnisse\/andere-kulturelle-aktivitaeten\/#breadcrumb"},"inLanguage":"de","potentialAction":[{"@type":"ReadAction","target":["https:\/\/www.myvaldetravers.ch\/de\/erlebnisse\/andere-kulturelle-aktivitaeten\/"]}]},{"@type":"ImageObject","inLanguage":"de","@id":"https:\/\/www.myvaldetravers.ch\/de\/erlebnisse\/andere-kulturelle-aktivitaeten\/#primaryimage","url":"https:\/\/www.myvaldetravers.ch\/wp-content\/uploads\/2019\/04\/170928_MMascarons_copyr_SpotMagazine_lr037.jpg","contentUrl":"https:\/\/www.myvaldetravers.ch\/wp-content\/uploads\/2019\/04\/170928_MMascarons_copyr_SpotMagazine_lr037.jpg","width":1499,"height":844,"caption":"Mus\u00e9e des Mascarons, Motiers, val-de-travers"},{"@type":"BreadcrumbList","@id":"https:\/\/www.myvaldetravers.ch\/de\/erlebnisse\/andere-kulturelle-aktivitaeten\/#breadcrumb","itemListElement":[{"@type":"ListItem","position":1,"name":"Accueil","item":"https:\/\/www.myvaldetravers.ch\/de\/"},{"@type":"ListItem","position":2,"name":"Erlebnisse","item":"https:\/\/www.myvaldetravers.ch\/de\/erlebnisse\/"},{"@type":"ListItem","position":3,"name":"Andere kulturelle Aktivit\u00e4ten"}]},{"@type":"WebSite","@id":"https:\/\/www.myvaldetravers.ch\/de\/#website","url":"https:\/\/www.myvaldetravers.ch\/de\/","name":"Destination Val-de-Travers","description":"Il y a toujours quelque chose \u00e0 faire au Val-de-Travers.","potentialAction":[{"@type":"SearchAction","target":{"@type":"EntryPoint","urlTemplate":"https:\/\/www.myvaldetravers.ch\/de\/?s={search_term_string}"},"query-input":{"@type":"PropertyValueSpecification","valueRequired":true,"valueName":"search_term_string"}}],"inLanguage":"de"}]}},"_links":{"self":[{"href":"https:\/\/www.myvaldetravers.ch\/de\/wp-json\/wp\/v2\/pages\/5282"}],"collection":[{"href":"https:\/\/www.myvaldetravers.ch\/de\/wp-json\/wp\/v2\/pages"}],"about":[{"href":"https:\/\/www.myvaldetravers.ch\/de\/wp-json\/wp\/v2\/types\/page"}],"author":[{"embeddable":true,"href":"https:\/\/www.myvaldetravers.ch\/de\/wp-json\/wp\/v2\/users\/73"}],"replies":[{"embeddable":true,"href":"https:\/\/www.myvaldetravers.ch\/de\/wp-json\/wp\/v2\/comments?post=5282"}],"version-history":[{"count":24,"href":"https:\/\/www.myvaldetravers.ch\/de\/wp-json\/wp\/v2\/pages\/5282\/revisions"}],"predecessor-version":[{"id":15186,"href":"https:\/\/www.myvaldetravers.ch\/de\/wp-json\/wp\/v2\/pages\/5282\/revisions\/15186"}],"up":[{"embeddable":true,"href":"https:\/\/www.myvaldetravers.ch\/de\/wp-json\/wp\/v2\/pages\/2155"}],"wp:featuredmedia":[{"embeddable":true,"href":"https:\/\/www.myvaldetravers.ch\/de\/wp-json\/wp\/v2\/media\/1623"}],"wp:attachment":[{"href":"https:\/\/www.myvaldetravers.ch\/de\/wp-json\/wp\/v2\/media?parent=5282"}],"curies":[{"name":"wp","href":"https:\/\/api.w.org\/{rel}","templated":true}]}}