{"id":5387,"date":"2020-12-11T14:56:53","date_gmt":"2020-12-11T13:56:53","guid":{"rendered":"https:\/\/www.myvaldetravers.ch\/contact-ski-de-fond\/"},"modified":"2021-01-12T10:32:04","modified_gmt":"2021-01-12T09:32:04","slug":"kontakt-skilanglauf","status":"publish","type":"page","link":"https:\/\/www.myvaldetravers.ch\/de\/kontakt-skilanglauf\/","title":{"rendered":"Kontaktformular &#8211; Langlaufangebot"},"content":{"rendered":"<p>[vc_row][vc_column][vc_column_text]\n<div class=\"wpcf7 no-js\" id=\"wpcf7-f5385-o1\" lang=\"fr-FR\" dir=\"ltr\">\n<div class=\"screen-reader-response\"><p role=\"status\" aria-live=\"polite\" aria-atomic=\"true\"><\/p> <ul><\/ul><\/div>\n<form action=\"\/de\/wp-json\/wp\/v2\/pages\/5387#wpcf7-f5385-o1\" method=\"post\" class=\"wpcf7-form init\" aria-label=\"Formulaire de contact\" novalidate=\"novalidate\" data-status=\"init\">\n<div style=\"display: none;\">\n<input type=\"hidden\" name=\"_wpcf7\" value=\"5385\" \/>\n<input type=\"hidden\" name=\"_wpcf7_version\" value=\"5.9.8\" \/>\n<input type=\"hidden\" name=\"_wpcf7_locale\" value=\"fr_FR\" \/>\n<input type=\"hidden\" name=\"_wpcf7_unit_tag\" value=\"wpcf7-f5385-o1\" \/>\n<input type=\"hidden\" name=\"_wpcf7_container_post\" value=\"0\" \/>\n<input type=\"hidden\" name=\"_wpcf7_posted_data_hash\" value=\"\" \/>\n<input type=\"hidden\" name=\"_wpcf7_recaptcha_response\" value=\"\" \/>\n<\/div>\n<H3>Ich m\u00f6chte ein Angebot erhalten f\u00fcr:\n<\/h3>\n<p><span class=\"wpcf7-form-control-wrap\" data-name=\"menu-754\"><select class=\"wpcf7-form-control wpcf7-select wpcf7-validates-as-required\" aria-required=\"true\" aria-invalid=\"false\" name=\"menu-754\"><option value=\"W\u00e4hlen Sie den gew\u00fcnschten Aufenthalt aus\">W\u00e4hlen Sie den gew\u00fcnschten Aufenthalt aus<\/option><option value=\"Langlaufausflug &quot;Im herzen des Val-de-Travers&quot; - 3 N\u00e4chte in 3 verschiedenen Hotels (CHF 471.00 pro Person)\">Langlaufausflug &quot;Im herzen des Val-de-Travers&quot; - 3 N\u00e4chte in 3 verschiedenen Hotels (CHF 471.00 pro Person)<\/option><option value=\"Langlaufausflug &quot;Rund um Couvet&quot; - 3 N\u00e4chte im das Hotel de l&#039;Aigle (CHF 346.00 pro Person)\">Langlaufausflug &quot;Rund um Couvet&quot; - 3 N\u00e4chte im das Hotel de l&#039;Aigle (CHF 346.00 pro Person)<\/option><option value=\"Ich m\u00f6chte, dass Sie mich f\u00fcr ein pers\u00f6nliches Angebot kontaktieren\">Ich m\u00f6chte, dass Sie mich f\u00fcr ein pers\u00f6nliches Angebot kontaktieren<\/option><\/select><\/span>\n<\/p>\n<p>Geben Sie die Anzahl der Personen ein, die am Aufenthalt teilnehmen:<br \/>\n<span class=\"wpcf7-form-control-wrap\" data-name=\"number-332\"><input class=\"wpcf7-form-control wpcf7-number wpcf7-validates-as-required wpcf7-validates-as-number\" min=\"1\" aria-required=\"true\" aria-invalid=\"false\" value=\"\" type=\"number\" name=\"number-332\" \/><\/span>\n<\/p>\n<p>Geben Sie das Startdatum des Aufenthalts an:<br \/>\n<span class=\"wpcf7-form-control-wrap\" data-name=\"date-478\"><input class=\"wpcf7-form-control wpcf7-date wpcf7-validates-as-required wpcf7-validates-as-date\" aria-required=\"true\" aria-invalid=\"false\" value=\"\" type=\"date\" name=\"date-478\" \/><\/span>\n<\/p>\n<p>Ich interessiere mich f\u00fcr die Option der vierten Nacht:<br \/>\n<span class=\"wpcf7-form-control-wrap\" data-name=\"menu-703\"><select class=\"wpcf7-form-control wpcf7-select\" aria-invalid=\"false\" name=\"menu-703\"><option value=\"\">&#8212;Veuillez choisir une option&#8212;<\/option><option value=\"Ja\">Ja<\/option><option value=\"Nein\">Nein<\/option><\/select><\/span>\n<\/p>\n<h4>Ihre Kontaktdaten:\n<\/h4>\n<p><span class=\"wpcf7-form-control-wrap\" data-name=\"prenom\"><input size=\"40\" maxlength=\"400\" class=\"wpcf7-form-control wpcf7-text wpcf7-validates-as-required\" tabindex=\"5\" aria-required=\"true\" aria-invalid=\"false\" placeholder=\"Vorname\" value=\"\" type=\"text\" name=\"prenom\" \/><\/span>\n<\/p>\n<p><span class=\"wpcf7-form-control-wrap\" data-name=\"nom\"><input size=\"40\" maxlength=\"400\" class=\"wpcf7-form-control wpcf7-text wpcf7-validates-as-required\" tabindex=\"10\" aria-required=\"true\" aria-invalid=\"false\" placeholder=\"Name\" value=\"\" type=\"text\" name=\"nom\" \/><\/span>\n<\/p>\n<p><span class=\"wpcf7-form-control-wrap\" data-name=\"tel\"><input size=\"40\" maxlength=\"400\" class=\"wpcf7-form-control wpcf7-text wpcf7-validates-as-required\" tabindex=\"20\" aria-required=\"true\" aria-invalid=\"false\" placeholder=\"Tel.\" value=\"\" type=\"text\" name=\"tel\" \/><\/span>\n<\/p>\n<p><span class=\"wpcf7-form-control-wrap\" data-name=\"email\"><input size=\"40\" maxlength=\"400\" class=\"wpcf7-form-control wpcf7-email wpcf7-validates-as-required wpcf7-text wpcf7-validates-as-email\" tabindex=\"25\" aria-required=\"true\" aria-invalid=\"false\" placeholder=\"Email\" value=\"\" type=\"email\" name=\"email\" \/><\/span>\n<\/p>\n<p><span class=\"wpcf7-form-control-wrap\" data-name=\"message\"><textarea cols=\"40\" rows=\"10\" maxlength=\"2000\" class=\"wpcf7-form-control wpcf7-textarea\" tabindex=\"40\" aria-invalid=\"false\" placeholder=\"Ihre Nachricht (optional)\" name=\"message\"><\/textarea><\/span>\n<\/p>\n<p><input class=\"wpcf7-form-control wpcf7-submit has-spinner\" type=\"submit\" value=\"eine Offerte einholen\" \/>\n<\/p><p style=\"display: none !important;\" class=\"akismet-fields-container\" data-prefix=\"_wpcf7_ak_\"><label>&#916;<textarea name=\"_wpcf7_ak_hp_textarea\" cols=\"45\" rows=\"8\" maxlength=\"100\"><\/textarea><\/label><input type=\"hidden\" id=\"ak_js_1\" name=\"_wpcf7_ak_js\" value=\"10\"\/><script>document.getElementById( \"ak_js_1\" ).setAttribute( \"value\", ( new Date() ).getTime() );<\/script><\/p><div class=\"wpcf7-response-output\" aria-hidden=\"true\"><\/div>\n<\/form>\n<\/div>\n[\/vc_column_text][\/vc_column][\/vc_row]<\/p>\n","protected":false},"excerpt":{"rendered":"<p>[vc_row][vc_column][vc_column_text][\/vc_column_text][\/vc_column][\/vc_row]<\/p>\n","protected":false},"author":74,"featured_media":0,"parent":0,"menu_order":0,"comment_status":"closed","ping_status":"closed","template":"","meta":{"footnotes":""},"yoast_head":"<!-- This site is optimized with the Yoast SEO plugin v23.5 - https:\/\/yoast.com\/wordpress\/plugins\/seo\/ -->\n<title>Kontaktformular - Langlaufangebot - Destination Val-de-Travers<\/title>\n<meta name=\"robots\" content=\"index, follow, max-snippet:-1, max-image-preview:large, max-video-preview:-1\" \/>\n<link rel=\"canonical\" href=\"https:\/\/www.myvaldetravers.ch\/de\/kontakt-skilanglauf\/\" \/>\n<meta property=\"og:locale\" content=\"de_DE\" \/>\n<meta property=\"og:type\" content=\"article\" \/>\n<meta property=\"og:title\" content=\"Kontaktformular - Langlaufangebot - Destination Val-de-Travers\" \/>\n<meta property=\"og:description\" content=\"[vc_row][vc_column][vc_column_text][\/vc_column_text][\/vc_column][\/vc_row]\" \/>\n<meta property=\"og:url\" content=\"https:\/\/www.myvaldetravers.ch\/de\/kontakt-skilanglauf\/\" \/>\n<meta property=\"og:site_name\" content=\"Destination Val-de-Travers\" \/>\n<meta property=\"article:publisher\" content=\"https:\/\/www.facebook.com\/DestinationValdeTravers\/\" \/>\n<meta property=\"article:modified_time\" content=\"2021-01-12T09:32:04+00:00\" \/>\n<meta name=\"twitter:card\" content=\"summary_large_image\" \/>\n<script type=\"application\/ld+json\" class=\"yoast-schema-graph\">{\"@context\":\"https:\/\/schema.org\",\"@graph\":[{\"@type\":\"WebPage\",\"@id\":\"https:\/\/www.myvaldetravers.ch\/de\/kontakt-skilanglauf\/\",\"url\":\"https:\/\/www.myvaldetravers.ch\/de\/kontakt-skilanglauf\/\",\"name\":\"Kontaktformular - Langlaufangebot - Destination Val-de-Travers\",\"isPartOf\":{\"@id\":\"https:\/\/www.myvaldetravers.ch\/de\/#website\"},\"datePublished\":\"2020-12-11T13:56:53+00:00\",\"dateModified\":\"2021-01-12T09:32:04+00:00\",\"breadcrumb\":{\"@id\":\"https:\/\/www.myvaldetravers.ch\/de\/kontakt-skilanglauf\/#breadcrumb\"},\"inLanguage\":\"de\",\"potentialAction\":[{\"@type\":\"ReadAction\",\"target\":[\"https:\/\/www.myvaldetravers.ch\/de\/kontakt-skilanglauf\/\"]}]},{\"@type\":\"BreadcrumbList\",\"@id\":\"https:\/\/www.myvaldetravers.ch\/de\/kontakt-skilanglauf\/#breadcrumb\",\"itemListElement\":[{\"@type\":\"ListItem\",\"position\":1,\"name\":\"Accueil\",\"item\":\"https:\/\/www.myvaldetravers.ch\/de\/\"},{\"@type\":\"ListItem\",\"position\":2,\"name\":\"Kontaktformular &#8211; Langlaufangebot\"}]},{\"@type\":\"WebSite\",\"@id\":\"https:\/\/www.myvaldetravers.ch\/de\/#website\",\"url\":\"https:\/\/www.myvaldetravers.ch\/de\/\",\"name\":\"Destination Val-de-Travers\",\"description\":\"Il y a toujours quelque chose \u00e0 faire au Val-de-Travers.\",\"potentialAction\":[{\"@type\":\"SearchAction\",\"target\":{\"@type\":\"EntryPoint\",\"urlTemplate\":\"https:\/\/www.myvaldetravers.ch\/de\/?s={search_term_string}\"},\"query-input\":{\"@type\":\"PropertyValueSpecification\",\"valueRequired\":true,\"valueName\":\"search_term_string\"}}],\"inLanguage\":\"de\"}]}<\/script>\n<!-- \/ Yoast SEO plugin. -->","yoast_head_json":{"title":"Kontaktformular - Langlaufangebot - Destination Val-de-Travers","robots":{"index":"index","follow":"follow","max-snippet":"max-snippet:-1","max-image-preview":"max-image-preview:large","max-video-preview":"max-video-preview:-1"},"canonical":"https:\/\/www.myvaldetravers.ch\/de\/kontakt-skilanglauf\/","og_locale":"de_DE","og_type":"article","og_title":"Kontaktformular - Langlaufangebot - Destination Val-de-Travers","og_description":"[vc_row][vc_column][vc_column_text][\/vc_column_text][\/vc_column][\/vc_row]","og_url":"https:\/\/www.myvaldetravers.ch\/de\/kontakt-skilanglauf\/","og_site_name":"Destination Val-de-Travers","article_publisher":"https:\/\/www.facebook.com\/DestinationValdeTravers\/","article_modified_time":"2021-01-12T09:32:04+00:00","twitter_card":"summary_large_image","schema":{"@context":"https:\/\/schema.org","@graph":[{"@type":"WebPage","@id":"https:\/\/www.myvaldetravers.ch\/de\/kontakt-skilanglauf\/","url":"https:\/\/www.myvaldetravers.ch\/de\/kontakt-skilanglauf\/","name":"Kontaktformular - Langlaufangebot - Destination Val-de-Travers","isPartOf":{"@id":"https:\/\/www.myvaldetravers.ch\/de\/#website"},"datePublished":"2020-12-11T13:56:53+00:00","dateModified":"2021-01-12T09:32:04+00:00","breadcrumb":{"@id":"https:\/\/www.myvaldetravers.ch\/de\/kontakt-skilanglauf\/#breadcrumb"},"inLanguage":"de","potentialAction":[{"@type":"ReadAction","target":["https:\/\/www.myvaldetravers.ch\/de\/kontakt-skilanglauf\/"]}]},{"@type":"BreadcrumbList","@id":"https:\/\/www.myvaldetravers.ch\/de\/kontakt-skilanglauf\/#breadcrumb","itemListElement":[{"@type":"ListItem","position":1,"name":"Accueil","item":"https:\/\/www.myvaldetravers.ch\/de\/"},{"@type":"ListItem","position":2,"name":"Kontaktformular &#8211; Langlaufangebot"}]},{"@type":"WebSite","@id":"https:\/\/www.myvaldetravers.ch\/de\/#website","url":"https:\/\/www.myvaldetravers.ch\/de\/","name":"Destination Val-de-Travers","description":"Il y a toujours quelque chose \u00e0 faire au Val-de-Travers.","potentialAction":[{"@type":"SearchAction","target":{"@type":"EntryPoint","urlTemplate":"https:\/\/www.myvaldetravers.ch\/de\/?s={search_term_string}"},"query-input":{"@type":"PropertyValueSpecification","valueRequired":true,"valueName":"search_term_string"}}],"inLanguage":"de"}]}},"_links":{"self":[{"href":"https:\/\/www.myvaldetravers.ch\/de\/wp-json\/wp\/v2\/pages\/5387"}],"collection":[{"href":"https:\/\/www.myvaldetravers.ch\/de\/wp-json\/wp\/v2\/pages"}],"about":[{"href":"https:\/\/www.myvaldetravers.ch\/de\/wp-json\/wp\/v2\/types\/page"}],"author":[{"embeddable":true,"href":"https:\/\/www.myvaldetravers.ch\/de\/wp-json\/wp\/v2\/users\/74"}],"replies":[{"embeddable":true,"href":"https:\/\/www.myvaldetravers.ch\/de\/wp-json\/wp\/v2\/comments?post=5387"}],"version-history":[{"count":2,"href":"https:\/\/www.myvaldetravers.ch\/de\/wp-json\/wp\/v2\/pages\/5387\/revisions"}],"predecessor-version":[{"id":5389,"href":"https:\/\/www.myvaldetravers.ch\/de\/wp-json\/wp\/v2\/pages\/5387\/revisions\/5389"}],"wp:attachment":[{"href":"https:\/\/www.myvaldetravers.ch\/de\/wp-json\/wp\/v2\/media?parent=5387"}],"curies":[{"name":"wp","href":"https:\/\/api.w.org\/{rel}","templated":true}]}}