{"id":5782,"date":"2021-05-28T10:48:42","date_gmt":"2021-05-28T08:48:42","guid":{"rendered":"https:\/\/www.myvaldetravers.ch\/?page_id=5782"},"modified":"2026-03-23T14:43:03","modified_gmt":"2026-03-23T13:43:03","slug":"unterkuenfte-im-val-de-travers","status":"publish","type":"page","link":"https:\/\/www.myvaldetravers.ch\/de\/erlebnisse\/unterkuenfte-im-val-de-travers\/","title":{"rendered":"Unterk\u00fcnfte im Val-de-Travers"},"content":{"rendered":"<p>[vc_row][vc_column][vc_column_text]Im Val-de-Travers finden Sie fast 1200 Betten in verschiedensten Unterk\u00fcnften, f\u00fcr jeden Geschmack, jede Gelegenheit und jedes Budget: vom Hotel bis zum Bed &amp; Breakfast, \u00fcber Agrotourismus und Ferienwohnungen bis zum Campingplatz und Ferienlager ist alles dabei.<\/p>\n<p>Wir w\u00fcnschen Ihnen einen sch\u00f6nen Aufenthalt in Val-de-Travers![\/vc_column_text][vc_separator][\/vc_column][\/vc_row][vc_row][vc_column width=&#8221;1\/3&#8243;][vc_empty_space hide_on_mobile=&#8221;&#8221;][vc_column_text]<\/p>\n<figure id=\"attachment_2757\" aria-describedby=\"caption-attachment-2757\" style=\"width: 300px\" class=\"wp-caption alignnone\"><a href=\"https:\/\/www.myvaldetravers.ch\/de\/hotels\/\" target=\"_blank\" rel=\"noopener\"><img loading=\"lazy\" decoding=\"async\" class=\"wp-image-2757 size-medium\" src=\"https:\/\/www.myvaldetravers.ch\/wp-content\/uploads\/2019\/10\/H\u00f4tel-de-lAigle-chambre-double-300x169.jpg\" alt=\"H\u00f4tel de l'Aigle - chambre double\" width=\"300\" height=\"169\" srcset=\"https:\/\/www.myvaldetravers.ch\/wp-content\/uploads\/2019\/10\/H\u00f4tel-de-lAigle-chambre-double-300x169.jpg 300w, https:\/\/www.myvaldetravers.ch\/wp-content\/uploads\/2019\/10\/H\u00f4tel-de-lAigle-chambre-double-768x432.jpg 768w, https:\/\/www.myvaldetravers.ch\/wp-content\/uploads\/2019\/10\/H\u00f4tel-de-lAigle-chambre-double-1024x576.jpg 1024w, https:\/\/www.myvaldetravers.ch\/wp-content\/uploads\/2019\/10\/H\u00f4tel-de-lAigle-chambre-double-370x208.jpg 370w, https:\/\/www.myvaldetravers.ch\/wp-content\/uploads\/2019\/10\/H\u00f4tel-de-lAigle-chambre-double-1170x658.jpg 1170w, https:\/\/www.myvaldetravers.ch\/wp-content\/uploads\/2019\/10\/H\u00f4tel-de-lAigle-chambre-double-760x428.jpg 760w, https:\/\/www.myvaldetravers.ch\/wp-content\/uploads\/2019\/10\/H\u00f4tel-de-lAigle-chambre-double-270x152.jpg 270w, https:\/\/www.myvaldetravers.ch\/wp-content\/uploads\/2019\/10\/H\u00f4tel-de-lAigle-chambre-double.jpg 1770w\" sizes=\"(max-width: 300px) 100vw, 300px\" \/><\/a><figcaption id=\"caption-attachment-2757\" class=\"wp-caption-text\">Hotels<\/figcaption><\/figure>\n<p>[\/vc_column_text][\/vc_column][vc_column width=&#8221;1\/3&#8243;][vc_empty_space hide_on_mobile=&#8221;&#8221;][vc_column_text]<\/p>\n<figure id=\"attachment_2954\" aria-describedby=\"caption-attachment-2954\" style=\"width: 300px\" class=\"wp-caption alignnone\"><a href=\"https:\/\/www.myvaldetravers.ch\/de\/gaestezimmer-b-and-b\/\" target=\"_blank\" rel=\"noopener\"><img loading=\"lazy\" decoding=\"async\" class=\"wp-image-2954 size-medium\" src=\"https:\/\/www.myvaldetravers.ch\/wp-content\/uploads\/2019\/11\/03Chambre-Provence-300x169.jpg\" alt=\"photo chambre T22\" width=\"300\" height=\"169\" srcset=\"https:\/\/www.myvaldetravers.ch\/wp-content\/uploads\/2019\/11\/03Chambre-Provence-300x169.jpg 300w, https:\/\/www.myvaldetravers.ch\/wp-content\/uploads\/2019\/11\/03Chambre-Provence-1024x576.jpg 1024w, https:\/\/www.myvaldetravers.ch\/wp-content\/uploads\/2019\/11\/03Chambre-Provence-768x432.jpg 768w, https:\/\/www.myvaldetravers.ch\/wp-content\/uploads\/2019\/11\/03Chambre-Provence-1536x864.jpg 1536w, https:\/\/www.myvaldetravers.ch\/wp-content\/uploads\/2019\/11\/03Chambre-Provence-2048x1152.jpg 2048w, https:\/\/www.myvaldetravers.ch\/wp-content\/uploads\/2019\/11\/03Chambre-Provence-370x208.jpg 370w, https:\/\/www.myvaldetravers.ch\/wp-content\/uploads\/2019\/11\/03Chambre-Provence-1170x658.jpg 1170w, https:\/\/www.myvaldetravers.ch\/wp-content\/uploads\/2019\/11\/03Chambre-Provence-760x428.jpg 760w, https:\/\/www.myvaldetravers.ch\/wp-content\/uploads\/2019\/11\/03Chambre-Provence-270x152.jpg 270w\" sizes=\"(max-width: 300px) 100vw, 300px\" \/><\/a><figcaption id=\"caption-attachment-2954\" class=\"wp-caption-text\">G\u00e4stezimmer und Bed &amp; Breakfast<\/figcaption><\/figure>\n<p>[\/vc_column_text][\/vc_column][vc_column width=&#8221;1\/3&#8243;][vc_empty_space hide_on_mobile=&#8221;&#8221;][vc_column_text]<\/p>\n<figure id=\"attachment_3098\" aria-describedby=\"caption-attachment-3098\" style=\"width: 300px\" class=\"wp-caption alignnone\"><a href=\"https:\/\/www.myvaldetravers.ch\/de\/ferienwohnungen\/\" target=\"_blank\" rel=\"noopener\"><img loading=\"lazy\" decoding=\"async\" class=\"wp-image-3098 size-medium\" src=\"https:\/\/www.myvaldetravers.ch\/wp-content\/uploads\/2020\/02\/studio-1_2000-Sandoz-Travers-300x169.jpg\" alt=\"Studio Sandoz Travers - cuisine\" width=\"300\" height=\"169\" srcset=\"https:\/\/www.myvaldetravers.ch\/wp-content\/uploads\/2020\/02\/studio-1_2000-Sandoz-Travers-300x169.jpg 300w, https:\/\/www.myvaldetravers.ch\/wp-content\/uploads\/2020\/02\/studio-1_2000-Sandoz-Travers-1024x576.jpg 1024w, https:\/\/www.myvaldetravers.ch\/wp-content\/uploads\/2020\/02\/studio-1_2000-Sandoz-Travers-768x432.jpg 768w, https:\/\/www.myvaldetravers.ch\/wp-content\/uploads\/2020\/02\/studio-1_2000-Sandoz-Travers-1536x864.jpg 1536w, https:\/\/www.myvaldetravers.ch\/wp-content\/uploads\/2020\/02\/studio-1_2000-Sandoz-Travers-370x208.jpg 370w, https:\/\/www.myvaldetravers.ch\/wp-content\/uploads\/2020\/02\/studio-1_2000-Sandoz-Travers-1170x658.jpg 1170w, https:\/\/www.myvaldetravers.ch\/wp-content\/uploads\/2020\/02\/studio-1_2000-Sandoz-Travers-760x427.jpg 760w, https:\/\/www.myvaldetravers.ch\/wp-content\/uploads\/2020\/02\/studio-1_2000-Sandoz-Travers-270x152.jpg 270w, https:\/\/www.myvaldetravers.ch\/wp-content\/uploads\/2020\/02\/studio-1_2000-Sandoz-Travers.jpg 1999w\" sizes=\"(max-width: 300px) 100vw, 300px\" \/><\/a><figcaption id=\"caption-attachment-3098\" class=\"wp-caption-text\">Ferienwohnungen<\/figcaption><\/figure>\n<p>[\/vc_column_text][\/vc_column][\/vc_row][vc_row][vc_column width=&#8221;1\/3&#8243;][vc_empty_space hide_on_mobile=&#8221;&#8221;][vc_column_text]<\/p>\n<figure id=\"attachment_4233\" aria-describedby=\"caption-attachment-4233\" style=\"width: 300px\" class=\"wp-caption alignnone\"><a href=\"https:\/\/www.myvaldetravers.ch\/de\/erlebnisse\/camping-ungewohnliche-unterkunfte\/\" target=\"_blank\" rel=\"noopener\"><img loading=\"lazy\" decoding=\"async\" class=\"wp-image-4233 size-medium\" src=\"https:\/\/www.myvaldetravers.ch\/wp-content\/uploads\/2020\/07\/camping-de-Fleurier-300x170.jpg\" alt=\"camping de Fleurier\" width=\"300\" height=\"170\" srcset=\"https:\/\/www.myvaldetravers.ch\/wp-content\/uploads\/2020\/07\/camping-de-Fleurier-300x170.jpg 300w, https:\/\/www.myvaldetravers.ch\/wp-content\/uploads\/2020\/07\/camping-de-Fleurier-768x435.jpg 768w, https:\/\/www.myvaldetravers.ch\/wp-content\/uploads\/2020\/07\/camping-de-Fleurier-370x210.jpg 370w, https:\/\/www.myvaldetravers.ch\/wp-content\/uploads\/2020\/07\/camping-de-Fleurier-760x430.jpg 760w, https:\/\/www.myvaldetravers.ch\/wp-content\/uploads\/2020\/07\/camping-de-Fleurier-270x152.jpg 270w, https:\/\/www.myvaldetravers.ch\/wp-content\/uploads\/2020\/07\/camping-de-Fleurier.jpg 800w\" sizes=\"(max-width: 300px) 100vw, 300px\" \/><\/a><figcaption id=\"caption-attachment-4233\" class=\"wp-caption-text\">Campingpl\u00e4tze und ungewohnliche Unterk\u00fcnfte<\/figcaption><\/figure>\n<p>[\/vc_column_text][\/vc_column][vc_column width=&#8221;1\/3&#8243;][vc_empty_space hide_on_mobile=&#8221;&#8221;][vc_column_text]<\/p>\n<figure id=\"attachment_4029\" aria-describedby=\"caption-attachment-4029\" style=\"width: 300px\" class=\"wp-caption alignnone\"><a href=\"https:\/\/www.myvaldetravers.ch\/de\/erlebnisse\/gruppenunterkunft\/\" target=\"_blank\" rel=\"noopener\"><img loading=\"lazy\" decoding=\"async\" class=\"wp-image-4029 size-medium\" src=\"https:\/\/www.myvaldetravers.ch\/wp-content\/uploads\/2020\/06\/Chambre-de-6-2-300x169.jpg\" alt=\"espaceVAL- chambre\" width=\"300\" height=\"169\" srcset=\"https:\/\/www.myvaldetravers.ch\/wp-content\/uploads\/2020\/06\/Chambre-de-6-2-300x169.jpg 300w, https:\/\/www.myvaldetravers.ch\/wp-content\/uploads\/2020\/06\/Chambre-de-6-2-1024x576.jpg 1024w, https:\/\/www.myvaldetravers.ch\/wp-content\/uploads\/2020\/06\/Chambre-de-6-2-768x432.jpg 768w, https:\/\/www.myvaldetravers.ch\/wp-content\/uploads\/2020\/06\/Chambre-de-6-2-1536x864.jpg 1536w, https:\/\/www.myvaldetravers.ch\/wp-content\/uploads\/2020\/06\/Chambre-de-6-2-370x208.jpg 370w, https:\/\/www.myvaldetravers.ch\/wp-content\/uploads\/2020\/06\/Chambre-de-6-2-1170x658.jpg 1170w, https:\/\/www.myvaldetravers.ch\/wp-content\/uploads\/2020\/06\/Chambre-de-6-2-760x427.jpg 760w, https:\/\/www.myvaldetravers.ch\/wp-content\/uploads\/2020\/06\/Chambre-de-6-2-270x152.jpg 270w, https:\/\/www.myvaldetravers.ch\/wp-content\/uploads\/2020\/06\/Chambre-de-6-2.jpg 1638w\" sizes=\"(max-width: 300px) 100vw, 300px\" \/><\/a><figcaption id=\"caption-attachment-4029\" class=\"wp-caption-text\">Gruppen Unterk\u00fcnfte<\/figcaption><\/figure>\n<p>[\/vc_column_text][\/vc_column][vc_column width=&#8221;1\/3&#8243;][vc_empty_space hide_on_mobile=&#8221;&#8221;][vc_column_text]<\/p>\n<figure id=\"attachment_7457\" aria-describedby=\"caption-attachment-7457\" style=\"width: 300px\" class=\"wp-caption alignnone\"><a href=\"https:\/\/www.myvaldetravers.ch\/de\/ferienhaeuser\/\" target=\"_blank\" rel=\"noopener\"><img loading=\"lazy\" decoding=\"async\" class=\"wp-image-7457 size-full\" src=\"https:\/\/www.myvaldetravers.ch\/wp-content\/uploads\/2021\/09\/Quarre13.ch_batiment.jpg\" alt=\"\" width=\"300\" height=\"168\" srcset=\"https:\/\/www.myvaldetravers.ch\/wp-content\/uploads\/2021\/09\/Quarre13.ch_batiment.jpg 300w, https:\/\/www.myvaldetravers.ch\/wp-content\/uploads\/2021\/09\/Quarre13.ch_batiment-270x152.jpg 270w\" sizes=\"(max-width: 300px) 100vw, 300px\" \/><\/a><figcaption id=\"caption-attachment-7457\" class=\"wp-caption-text\">Ferienh\u00e4user<\/figcaption><\/figure>\n<p>[\/vc_column_text][\/vc_column][\/vc_row][vc_row][vc_column width=&#8221;1\/3&#8243;][vc_empty_space hide_on_mobile=&#8221;&#8221;][vc_column_text]<\/p>\n<figure id=\"attachment_10027\" aria-describedby=\"caption-attachment-10027\" style=\"width: 301px\" class=\"wp-caption alignnone\"><a href=\"https:\/\/www.myvaldetravers.ch\/de\/swisscanyontrail\/\" rel=\"attachment wp-att-10021\"><img loading=\"lazy\" decoding=\"async\" class=\"wp-image-10027 size-full\" src=\"https:\/\/www.myvaldetravers.ch\/wp-content\/uploads\/2022\/11\/swisscanyontrail300.jpg\" alt=\"\" width=\"301\" height=\"169\" srcset=\"https:\/\/www.myvaldetravers.ch\/wp-content\/uploads\/2022\/11\/swisscanyontrail300.jpg 301w, https:\/\/www.myvaldetravers.ch\/wp-content\/uploads\/2022\/11\/swisscanyontrail300-270x152.jpg 270w\" sizes=\"(max-width: 301px) 100vw, 301px\" \/><\/a><figcaption id=\"caption-attachment-10027\" class=\"wp-caption-text\">Unterk\u00fcnfte w\u00e4hrend des Swiss Canyon Trail<\/figcaption><\/figure>\n<p>[\/vc_column_text][\/vc_column][vc_column width=&#8221;1\/3&#8243;][vc_empty_space hide_on_mobile=&#8221;&#8221;][vc_column_text]<\/p>\n<figure id=\"attachment_15189\" aria-describedby=\"caption-attachment-15189\" style=\"width: 300px\" class=\"wp-caption alignnone\"><a href=\"https:\/\/www.myvaldetravers.ch\/de\/unterkuenfte-ar-mood-festival\/\" target=\"_blank\" rel=\"noopener\"><img loading=\"lazy\" decoding=\"async\" class=\"wp-image-15189 size-full\" src=\"https:\/\/www.myvaldetravers.ch\/wp-content\/uploads\/2026\/03\/300-x-169-site-desti-14.png\" alt=\"\" width=\"300\" height=\"169\" srcset=\"https:\/\/www.myvaldetravers.ch\/wp-content\/uploads\/2026\/03\/300-x-169-site-desti-14.png 300w, https:\/\/www.myvaldetravers.ch\/wp-content\/uploads\/2026\/03\/300-x-169-site-desti-14-270x152.png 270w\" sizes=\"(max-width: 300px) 100vw, 300px\" \/><\/a><figcaption id=\"caption-attachment-15189\" class=\"wp-caption-text\">Unterk\u00fcnfte w\u00e4hrend des AR Mood Festival<\/figcaption><\/figure>\n<p>[\/vc_column_text][\/vc_column][vc_column width=&#8221;1\/3&#8243;][vc_empty_space hide_on_mobile=&#8221;&#8221;][vc_column_text]<\/p>\n<figure id=\"attachment_11130\" aria-describedby=\"caption-attachment-11130\" style=\"width: 300px\" class=\"wp-caption alignnone\"><a href=\"https:\/\/www.myvaldetravers.ch\/de\/unterkuenfte-waehrend-absinthe-en-fete\/\" target=\"_blank\" rel=\"noopener\"><img loading=\"lazy\" decoding=\"async\" class=\"wp-image-11130 size-full\" src=\"https:\/\/www.myvaldetravers.ch\/wp-content\/uploads\/2023\/04\/AeF_logo300.jpg\" alt=\"\" width=\"300\" height=\"169\" srcset=\"https:\/\/www.myvaldetravers.ch\/wp-content\/uploads\/2023\/04\/AeF_logo300.jpg 300w, https:\/\/www.myvaldetravers.ch\/wp-content\/uploads\/2023\/04\/AeF_logo300-270x152.jpg 270w\" sizes=\"(max-width: 300px) 100vw, 300px\" \/><\/a><figcaption id=\"caption-attachment-11130\" class=\"wp-caption-text\">Unterk\u00fcnfte w\u00e4hrend Absinthe en f\u00eate<\/figcaption><\/figure>\n<p>[\/vc_column_text][\/vc_column][\/vc_row][vc_row][vc_column width=&#8221;1\/3&#8243;][vc_empty_space hide_on_mobile=&#8221;&#8221;][vc_column_text]<\/p>\n<figure id=\"attachment_14881\" aria-describedby=\"caption-attachment-14881\" style=\"width: 300px\" class=\"wp-caption alignnone\"><a href=\"https:\/\/www.myvaldetravers.ch\/de\/mom-som\/\"><img loading=\"lazy\" decoding=\"async\" class=\"wp-image-14881 size-full\" src=\"https:\/\/www.myvaldetravers.ch\/wp-content\/uploads\/2026\/02\/300-x-169-site-desti-10.png\" alt=\"\" width=\"300\" height=\"169\" srcset=\"https:\/\/www.myvaldetravers.ch\/wp-content\/uploads\/2026\/02\/300-x-169-site-desti-10.png 300w, https:\/\/www.myvaldetravers.ch\/wp-content\/uploads\/2026\/02\/300-x-169-site-desti-10-270x152.png 270w\" sizes=\"(max-width: 300px) 100vw, 300px\" \/><\/a><figcaption id=\"caption-attachment-14881\" class=\"wp-caption-text\">Unterk\u00fcnfte w\u00e4hrend der Schweizer Meisterschaft im Orientierungslauf &#8211; MOM-SOM 2026<\/figcaption><\/figure>\n<p>[\/vc_column_text][\/vc_column][vc_column width=&#8221;1\/3&#8243;][vc_empty_space hide_on_mobile=&#8221;&#8221;][\/vc_column][vc_column width=&#8221;1\/3&#8243;][vc_empty_space hide_on_mobile=&#8221;&#8221;][\/vc_column][\/vc_row][vc_row][vc_column][vc_separator][\/vc_column][\/vc_row][vc_row][vc_column width=&#8221;1\/2&#8243;][vc_empty_space hide_on_mobile=&#8221;&#8221;][vc_column_text]Bei einem Aufenthalt in einer offiziellen Unterkunft, zum Beispiel G\u00e4sterzimmern oder Hotels, im Kanton Neuenburg erhalten Sie f\u00fcr die Kurtaxe die\u00a0<a href=\"https:\/\/www.j3l.ch\/de\/Z10779\/neuchatel-tourist-card-page\" target=\"_blank\" rel=\"noopener noreferrer\"><strong>Neuchatel Tourist Card<\/strong><\/a>, mit der Sie Zugang zu vielen Attraktionen des Kantons erhalten. Mit dieser Karte ist der \u00f6ffentliche Verkehr im ganzen Kanton Neuenburg kostenlos.[\/vc_column_text][\/vc_column][vc_column width=&#8221;1\/2&#8243;][vc_empty_space hide_on_mobile=&#8221;&#8221;][vc_single_image image=&#8221;10200&#8243; img_size=&#8221;&#8221; onclick=&#8221;custom_link&#8221; img_link_target=&#8221;_blank&#8221; css_animation=&#8221;flipInX&#8221; link=&#8221;https:\/\/www.j3l.ch\/de\/Z10779\/neuenburg-tourist-card&#8221;][\/vc_column][\/vc_row]<\/p>\n","protected":false},"excerpt":{"rendered":"<p>[vc_row][vc_column][vc_column_text]Im Val-de-Travers finden Sie fast 1200 Betten in verschiedensten Unterk\u00fcnften, f\u00fcr jeden Geschmack, jede Gelegenheit und jedes Budget: vom Hotel bis zum Bed &amp; Breakfast, \u00fcber Agrotourismus und Ferienwohnungen bis&hellip;<\/p>\n","protected":false},"author":73,"featured_media":2758,"parent":2155,"menu_order":0,"comment_status":"closed","ping_status":"closed","template":"","meta":{"footnotes":""},"yoast_head":"<!-- This site is optimized with the Yoast SEO plugin v23.5 - https:\/\/yoast.com\/wordpress\/plugins\/seo\/ -->\n<title>Destination Val-deTravers: die Unterk\u00fcnfte<\/title>\n<meta name=\"description\" content=\"Das Val-de-Travers bietet verschiedenste Unterk\u00fcnfte: Hotels, B&amp;B, Ferienwohnungen, Campingp\u00e4tze und Ferienlager.\" \/>\n<meta name=\"robots\" content=\"index, follow, max-snippet:-1, max-image-preview:large, max-video-preview:-1\" \/>\n<link rel=\"canonical\" href=\"https:\/\/www.myvaldetravers.ch\/de\/erlebnisse\/unterkuenfte-im-val-de-travers\/\" \/>\n<meta property=\"og:locale\" content=\"de_DE\" \/>\n<meta property=\"og:type\" content=\"article\" \/>\n<meta property=\"og:title\" content=\"Destination Val-deTravers: die Unterk\u00fcnfte\" \/>\n<meta property=\"og:description\" content=\"Das Val-de-Travers bietet verschiedenste Unterk\u00fcnfte: Hotels, B&amp;B, Ferienwohnungen, Campingp\u00e4tze und Ferienlager.\" \/>\n<meta property=\"og:url\" content=\"https:\/\/www.myvaldetravers.ch\/de\/erlebnisse\/unterkuenfte-im-val-de-travers\/\" \/>\n<meta property=\"og:site_name\" content=\"Destination Val-de-Travers\" \/>\n<meta property=\"article:publisher\" content=\"https:\/\/www.facebook.com\/DestinationValdeTravers\/\" \/>\n<meta property=\"article:modified_time\" content=\"2026-03-23T13:43:03+00:00\" \/>\n<meta property=\"og:image\" content=\"https:\/\/www.myvaldetravers.ch\/wp-content\/uploads\/2019\/10\/H\u00f4tel-de-lAigle-chambre-double.jpg\" \/>\n\t<meta property=\"og:image:width\" content=\"1770\" \/>\n\t<meta property=\"og:image:height\" content=\"996\" \/>\n\t<meta property=\"og:image:type\" content=\"image\/jpeg\" \/>\n<meta name=\"twitter:card\" content=\"summary_large_image\" \/>\n<meta name=\"twitter:label1\" content=\"Gesch\u00e4tzte Lesezeit\" \/>\n\t<meta name=\"twitter:data1\" content=\"4\u00a0Minuten\" \/>\n<script type=\"application\/ld+json\" class=\"yoast-schema-graph\">{\"@context\":\"https:\/\/schema.org\",\"@graph\":[{\"@type\":\"WebPage\",\"@id\":\"https:\/\/www.myvaldetravers.ch\/de\/erlebnisse\/unterkuenfte-im-val-de-travers\/\",\"url\":\"https:\/\/www.myvaldetravers.ch\/de\/erlebnisse\/unterkuenfte-im-val-de-travers\/\",\"name\":\"Destination Val-deTravers: die Unterk\u00fcnfte\",\"isPartOf\":{\"@id\":\"https:\/\/www.myvaldetravers.ch\/de\/#website\"},\"primaryImageOfPage\":{\"@id\":\"https:\/\/www.myvaldetravers.ch\/de\/erlebnisse\/unterkuenfte-im-val-de-travers\/#primaryimage\"},\"image\":{\"@id\":\"https:\/\/www.myvaldetravers.ch\/de\/erlebnisse\/unterkuenfte-im-val-de-travers\/#primaryimage\"},\"thumbnailUrl\":\"https:\/\/www.myvaldetravers.ch\/wp-content\/uploads\/2019\/10\/H\u00f4tel-de-lAigle-chambre-double.jpg\",\"datePublished\":\"2021-05-28T08:48:42+00:00\",\"dateModified\":\"2026-03-23T13:43:03+00:00\",\"description\":\"Das Val-de-Travers bietet verschiedenste Unterk\u00fcnfte: Hotels, B&B, Ferienwohnungen, Campingp\u00e4tze und Ferienlager.\",\"breadcrumb\":{\"@id\":\"https:\/\/www.myvaldetravers.ch\/de\/erlebnisse\/unterkuenfte-im-val-de-travers\/#breadcrumb\"},\"inLanguage\":\"de\",\"potentialAction\":[{\"@type\":\"ReadAction\",\"target\":[\"https:\/\/www.myvaldetravers.ch\/de\/erlebnisse\/unterkuenfte-im-val-de-travers\/\"]}]},{\"@type\":\"ImageObject\",\"inLanguage\":\"de\",\"@id\":\"https:\/\/www.myvaldetravers.ch\/de\/erlebnisse\/unterkuenfte-im-val-de-travers\/#primaryimage\",\"url\":\"https:\/\/www.myvaldetravers.ch\/wp-content\/uploads\/2019\/10\/H\u00f4tel-de-lAigle-chambre-double.jpg\",\"contentUrl\":\"https:\/\/www.myvaldetravers.ch\/wp-content\/uploads\/2019\/10\/H\u00f4tel-de-lAigle-chambre-double.jpg\",\"width\":1770,\"height\":996,\"caption\":\"H\u00f4tel de l'Aigle, Couvet, Val-de-Travers\"},{\"@type\":\"BreadcrumbList\",\"@id\":\"https:\/\/www.myvaldetravers.ch\/de\/erlebnisse\/unterkuenfte-im-val-de-travers\/#breadcrumb\",\"itemListElement\":[{\"@type\":\"ListItem\",\"position\":1,\"name\":\"Accueil\",\"item\":\"https:\/\/www.myvaldetravers.ch\/de\/\"},{\"@type\":\"ListItem\",\"position\":2,\"name\":\"Erlebnisse\",\"item\":\"https:\/\/www.myvaldetravers.ch\/de\/erlebnisse\/\"},{\"@type\":\"ListItem\",\"position\":3,\"name\":\"Unterk\u00fcnfte im Val-de-Travers\"}]},{\"@type\":\"WebSite\",\"@id\":\"https:\/\/www.myvaldetravers.ch\/de\/#website\",\"url\":\"https:\/\/www.myvaldetravers.ch\/de\/\",\"name\":\"Destination Val-de-Travers\",\"description\":\"Il y a toujours quelque chose \u00e0 faire au Val-de-Travers.\",\"potentialAction\":[{\"@type\":\"SearchAction\",\"target\":{\"@type\":\"EntryPoint\",\"urlTemplate\":\"https:\/\/www.myvaldetravers.ch\/de\/?s={search_term_string}\"},\"query-input\":{\"@type\":\"PropertyValueSpecification\",\"valueRequired\":true,\"valueName\":\"search_term_string\"}}],\"inLanguage\":\"de\"}]}<\/script>\n<!-- \/ Yoast SEO plugin. -->","yoast_head_json":{"title":"Destination Val-deTravers: die Unterk\u00fcnfte","description":"Das Val-de-Travers bietet verschiedenste Unterk\u00fcnfte: Hotels, B&B, Ferienwohnungen, Campingp\u00e4tze und Ferienlager.","robots":{"index":"index","follow":"follow","max-snippet":"max-snippet:-1","max-image-preview":"max-image-preview:large","max-video-preview":"max-video-preview:-1"},"canonical":"https:\/\/www.myvaldetravers.ch\/de\/erlebnisse\/unterkuenfte-im-val-de-travers\/","og_locale":"de_DE","og_type":"article","og_title":"Destination Val-deTravers: die Unterk\u00fcnfte","og_description":"Das Val-de-Travers bietet verschiedenste Unterk\u00fcnfte: Hotels, B&B, Ferienwohnungen, Campingp\u00e4tze und Ferienlager.","og_url":"https:\/\/www.myvaldetravers.ch\/de\/erlebnisse\/unterkuenfte-im-val-de-travers\/","og_site_name":"Destination Val-de-Travers","article_publisher":"https:\/\/www.facebook.com\/DestinationValdeTravers\/","article_modified_time":"2026-03-23T13:43:03+00:00","og_image":[{"width":1770,"height":996,"url":"https:\/\/www.myvaldetravers.ch\/wp-content\/uploads\/2019\/10\/H\u00f4tel-de-lAigle-chambre-double.jpg","type":"image\/jpeg"}],"twitter_card":"summary_large_image","twitter_misc":{"Gesch\u00e4tzte Lesezeit":"4\u00a0Minuten"},"schema":{"@context":"https:\/\/schema.org","@graph":[{"@type":"WebPage","@id":"https:\/\/www.myvaldetravers.ch\/de\/erlebnisse\/unterkuenfte-im-val-de-travers\/","url":"https:\/\/www.myvaldetravers.ch\/de\/erlebnisse\/unterkuenfte-im-val-de-travers\/","name":"Destination Val-deTravers: die Unterk\u00fcnfte","isPartOf":{"@id":"https:\/\/www.myvaldetravers.ch\/de\/#website"},"primaryImageOfPage":{"@id":"https:\/\/www.myvaldetravers.ch\/de\/erlebnisse\/unterkuenfte-im-val-de-travers\/#primaryimage"},"image":{"@id":"https:\/\/www.myvaldetravers.ch\/de\/erlebnisse\/unterkuenfte-im-val-de-travers\/#primaryimage"},"thumbnailUrl":"https:\/\/www.myvaldetravers.ch\/wp-content\/uploads\/2019\/10\/H\u00f4tel-de-lAigle-chambre-double.jpg","datePublished":"2021-05-28T08:48:42+00:00","dateModified":"2026-03-23T13:43:03+00:00","description":"Das Val-de-Travers bietet verschiedenste Unterk\u00fcnfte: Hotels, B&B, Ferienwohnungen, Campingp\u00e4tze und Ferienlager.","breadcrumb":{"@id":"https:\/\/www.myvaldetravers.ch\/de\/erlebnisse\/unterkuenfte-im-val-de-travers\/#breadcrumb"},"inLanguage":"de","potentialAction":[{"@type":"ReadAction","target":["https:\/\/www.myvaldetravers.ch\/de\/erlebnisse\/unterkuenfte-im-val-de-travers\/"]}]},{"@type":"ImageObject","inLanguage":"de","@id":"https:\/\/www.myvaldetravers.ch\/de\/erlebnisse\/unterkuenfte-im-val-de-travers\/#primaryimage","url":"https:\/\/www.myvaldetravers.ch\/wp-content\/uploads\/2019\/10\/H\u00f4tel-de-lAigle-chambre-double.jpg","contentUrl":"https:\/\/www.myvaldetravers.ch\/wp-content\/uploads\/2019\/10\/H\u00f4tel-de-lAigle-chambre-double.jpg","width":1770,"height":996,"caption":"H\u00f4tel de l'Aigle, Couvet, Val-de-Travers"},{"@type":"BreadcrumbList","@id":"https:\/\/www.myvaldetravers.ch\/de\/erlebnisse\/unterkuenfte-im-val-de-travers\/#breadcrumb","itemListElement":[{"@type":"ListItem","position":1,"name":"Accueil","item":"https:\/\/www.myvaldetravers.ch\/de\/"},{"@type":"ListItem","position":2,"name":"Erlebnisse","item":"https:\/\/www.myvaldetravers.ch\/de\/erlebnisse\/"},{"@type":"ListItem","position":3,"name":"Unterk\u00fcnfte im Val-de-Travers"}]},{"@type":"WebSite","@id":"https:\/\/www.myvaldetravers.ch\/de\/#website","url":"https:\/\/www.myvaldetravers.ch\/de\/","name":"Destination Val-de-Travers","description":"Il y a toujours quelque chose \u00e0 faire au Val-de-Travers.","potentialAction":[{"@type":"SearchAction","target":{"@type":"EntryPoint","urlTemplate":"https:\/\/www.myvaldetravers.ch\/de\/?s={search_term_string}"},"query-input":{"@type":"PropertyValueSpecification","valueRequired":true,"valueName":"search_term_string"}}],"inLanguage":"de"}]}},"_links":{"self":[{"href":"https:\/\/www.myvaldetravers.ch\/de\/wp-json\/wp\/v2\/pages\/5782"}],"collection":[{"href":"https:\/\/www.myvaldetravers.ch\/de\/wp-json\/wp\/v2\/pages"}],"about":[{"href":"https:\/\/www.myvaldetravers.ch\/de\/wp-json\/wp\/v2\/types\/page"}],"author":[{"embeddable":true,"href":"https:\/\/www.myvaldetravers.ch\/de\/wp-json\/wp\/v2\/users\/73"}],"replies":[{"embeddable":true,"href":"https:\/\/www.myvaldetravers.ch\/de\/wp-json\/wp\/v2\/comments?post=5782"}],"version-history":[{"count":43,"href":"https:\/\/www.myvaldetravers.ch\/de\/wp-json\/wp\/v2\/pages\/5782\/revisions"}],"predecessor-version":[{"id":15197,"href":"https:\/\/www.myvaldetravers.ch\/de\/wp-json\/wp\/v2\/pages\/5782\/revisions\/15197"}],"up":[{"embeddable":true,"href":"https:\/\/www.myvaldetravers.ch\/de\/wp-json\/wp\/v2\/pages\/2155"}],"wp:featuredmedia":[{"embeddable":true,"href":"https:\/\/www.myvaldetravers.ch\/de\/wp-json\/wp\/v2\/media\/2758"}],"wp:attachment":[{"href":"https:\/\/www.myvaldetravers.ch\/de\/wp-json\/wp\/v2\/media?parent=5782"}],"curies":[{"name":"wp","href":"https:\/\/api.w.org\/{rel}","templated":true}]}}