{"id":5931,"date":"2021-04-20T13:21:29","date_gmt":"2021-04-20T11:21:29","guid":{"rendered":"https:\/\/www.myvaldetravers.ch\/?page_id=5931"},"modified":"2025-08-15T11:47:22","modified_gmt":"2025-08-15T09:47:22","slug":"haus-der-industrie","status":"publish","type":"page","link":"https:\/\/www.myvaldetravers.ch\/de\/erlebnisse\/haus-der-industrie\/","title":{"rendered":"Haus der Industrie"},"content":{"rendered":"<p>[vc_row][vc_column][vc_column_text el_class=&#8221;edsi&#8221;]<p><strong>Ein Begegnungsort, der das industrielle Leben im Val-de-Travers aufzeigt<\/strong><\/p><p>Im fr\u00fcheren Lebensmittelgesch\u00e4ft erhalten die Besucher Einblick in die reiche industrielle Vergangenheit des Tals. Interessant sind die kleinen Ausstellungen, ein Getr\u00e4nkekiosk oder Werkst\u00e4tten, wo Uhrmacher oder Strickfreunde inmitten alter Maschinen ihre K\u00fcnste zeigen.<\/p><h5>Gut zu wissen<\/h5>- Ge\u00f6ffnet nach Vereinbarung f\u00fcr Gruppen<h5>Kontaktdaten des Partners<\/h5><span class='text-uppercase'>Maison de l'industrie<\/span><br>Rue des Tilleuls 6<br>2103 Noiraigue<br><a href='tel:+41 79 445 65 82'>+41 79 445 65 82<\/a><br><a href='mailto:info@maison-industrie.ch'>info@maison-industrie.ch<\/a><br><a href='https:\/\/maison-industrie.ch' target='_blank'>maison-industrie.ch<\/a><br><h5>\u00d6ffnungszeiten<\/h5><h5>Preise<\/h5><div class='edsi-title'>Einzelpreis<\/div><div class='edsi-price-container'><div class='edsi-tarif'>Eintritt<\/div><div class='edsi-prix'><\/div><\/div><div class='edsi-title'>Gef\u00fchrte Tour<\/div><div class='edsi-price-container'><div class='edsi-tarif'>Up to 10 people<\/div><div class='edsi-prix'>CHF\u00a050.00<\/div><\/div><h5>Karte<\/h5><div id='map' style='width:500px;height:300px;'><\/div>\n<script type=\"text\/javascript\" src=\"https:\/\/maps.googleapis.com\/maps\/api\/js?key=AIzaSyCTPTigCnFjWZE6vEYcD0SnK25h1MzvSMk\"><\/script>\n\n<script>\n  var markerCenter = new google.maps.LatLng(46.954826015998,6.7243938317442);\n  var marker = null;\n\n function initialize() {\n  var mapProp = {\n   center: markerCenter,\n   zoom: 13,\n   mapTypeId: google.maps.MapTypeId.ROADMAP\n   };\n  var map = new google.maps.Map(document.getElementById(\"map\"),mapProp);\n\n   var marker = new google.maps.Marker({\n\t position: markerCenter,\n\t \/\/ animation: google.maps.Animation.BOUNCE,\n   });\n   marker.setMap(map);\n   \n   var infowindow = new google.maps.InfoWindow();\n   infowindow.setContent(\"Industriehaus\");\n   infowindow.open(map, marker);\n\n }\n\n google.maps.event.addDomListener(window, 'load', initialize);\n<\/script>\n[\/vc_column_text][\/vc_column][\/vc_row][vc_row css=&#8221;.vc_custom_1554128789554{margin-top: -0.3em !important;}&#8221;][vc_column width=&#8221;2\/3&#8243;][vc_column_text]<\/p>\n<div class=\"richtext\">\n<p>Im Val-de-Travers geht es nicht nur um die Uhrenindustrie! Entdecken Sie die reiche Vergangenheit der Region im Haus der Industrie (Maison de l&#8217;Industrie), einem Gemeindezentrum, das das industrielle Leben des Val-de-Travers beleuchtet.<\/p>\n<p>Im fr\u00fcheren Lebensmittelgesch\u00e4ft in Noiraigue k\u00f6nnen sich Besucher \u00fcber die Herstellung von Werkzeugen f\u00fcr die Uhrenindustrie, den Bau von mechanischen Maschinen und die weltber\u00fchmten Dubied-Strickmaschinen informieren. Interessant sind die kleinen Ausstellungen, ein Getr\u00e4nkekiosk oder Werkst\u00e4tten, wo Uhrmacher oder Strickfreunde inmitten alter Maschinen ihre K\u00fcnste zeigen.<\/p>\n<\/div>\n<h5>\u00d6ffnungszeiten und Details<\/h5>\n<div class=\"tm_pb_column tm_pb_column_1_2 tm_pb_column_7 col-xs-12 col-sm-6 col-md-6 col-lg-6 col-xl-6\">\n<div class=\"tm_pb_text tm_pb_module tm_pb_bg_layout_light tm_pb_text_align_left tm_pb_text_6\">\n<ul>\n<li data-start=\"51\" data-end=\"231\">Standort Noiraigue: Ge\u00f6ffnet samstags und sonntags von 09:00 bis 18:00 Uhr. Vorf\u00fchrungen finden gem\u00e4ss dem detaillierten Programm auf der Website des Hauses der Industrie statt.<\/li>\n<li data-start=\"233\" data-end=\"368\">Standort Couvet: Restaurierungs- und Ausbildungsaktivit\u00e4ten an Dubied-Maschinen jeden Donnerstagnachmittag von 14:00 bis 17:00 Uhr.<\/li>\n<\/ul>\n<\/div>\n<\/div>\n<h5>Kontaktdaten des Partners<\/h5>\n<p>MAISON DE L&#8217;INDUSTRIE<br \/>\n<span class=\"m-contact__org__address__street\">Rue des Tilleuls 6<br \/>\n<\/span><span class=\"m-contact__org__address__locality\"><span class=\"m-contact__org__address__locality__zip\">2103\u00a0<\/span><span class=\"m-contact__org__address__locality__city\">Noiraigue<\/span><\/span><br \/>\nT 079 445 65 82<br \/>\n<a class=\"m-contact__org__media-channels__website m-link__link--external\" href=\"https:\/\/maison-industrie.ch\/\" target=\"_blank\" rel=\"noopener\">www.maison-industrie.ch<\/a><\/p>\n<p>COUVET<br \/>\nLa MADI-Espace Dubied<br \/>\nRue des Moulins 2<br \/>\n2108 Couvet<br \/>\nT 079 445 65 82[\/vc_column_text][\/vc_column][vc_column width=&#8221;1\/3&#8243; css=&#8221;.vc_custom_1554128972031{background-color: #f6f6f7 !important;}&#8221; el_class=&#8221;colonne-info-droite&#8221;][vc_column_text]<\/p>\n<h5 style=\"text-align: left;\"><a href=\"https:\/\/www.myvaldetravers.ch\/de\/freizeitkarte\/\" target=\"_blank\" rel=\"noopener noreferrer\">Freizeitkarte Val-de-Travers<\/a><\/h5>\n<p><strong>Inbegriffen in der\u00a0<a href=\"https:\/\/www.myvaldetravers.ch\/de\/freizeitkarte\/\" target=\"_blank\" rel=\"noopener noreferrer\">Freizeitkarte<\/a>:<br \/>\n<\/strong>Freier Eintritt w\u00e4hrend der \u00d6ffnungszeiten.<\/p>\n<p><a href=\"https:\/\/maison-industrie.ch\/\" target=\"_blank\" rel=\"noopener noreferrer\">www.maison-industrie.ch<\/a>[\/vc_column_text][\/vc_column][\/vc_row][vc_row][vc_column][vc_column_text][\/vc_column_text][vc_separator]<div class=\"cq-dagallery-container\" style=\"width:100%;margin:0 auto;\"><ul class=\"cq-dagallery\" data-gallerywidth=\"100%\" data-width=\"270\" data-height=\"\" data-color=\"#ffffff\" data-background=\"#00bfff\" data-opacity=\"0.8\"><li class=\"\" data-width=\"270\" data-height=\"\" data-margin=\"10px\" style=\"margin:10px\"><a class=\"normal\" href=\"https:\/\/www.myvaldetravers.ch\/wp-content\/uploads\/2021\/04\/enfants-MADI1.jpg\" rel=\"593121\"><img src='https:\/\/www.myvaldetravers.ch\/wp-content\/uploads\/2021\/04\/enfants-MADI1-270x152.jpg' width='270' height='' \/><\/a><div class=\"dagallery-info\" style=\"padding:20px;color:#ffffff;background-color:#00bfff\"><\/div><\/li><li class=\"\" data-width=\"270\" data-height=\"\" data-margin=\"10px\" style=\"margin:10px\"><a class=\"normal\" href=\"https:\/\/www.myvaldetravers.ch\/wp-content\/uploads\/2025\/08\/MADI-scaled.jpg\" rel=\"593121\"><img src='https:\/\/www.myvaldetravers.ch\/wp-content\/uploads\/2025\/08\/MADI-scaled-270x125.jpg' width='270' height='' \/><\/a><div class=\"dagallery-info\" style=\"padding:20px;color:#ffffff;background-color:#00bfff\"><\/div><\/li><li class=\"\" data-width=\"270\" data-height=\"\" data-margin=\"10px\" style=\"margin:10px\"><a class=\"normal\" href=\"https:\/\/www.myvaldetravers.ch\/wp-content\/uploads\/2025\/08\/MAdi-3.jpg\" rel=\"593121\"><img src='https:\/\/www.myvaldetravers.ch\/wp-content\/uploads\/2025\/08\/MAdi-3-270x124.jpg' width='270' height='' \/><\/a><div class=\"dagallery-info\" style=\"padding:20px;color:#ffffff;background-color:#00bfff\"><\/div><\/li><li class=\"\" data-width=\"270\" data-height=\"\" data-margin=\"10px\" style=\"margin:10px\"><a class=\"normal\" href=\"https:\/\/www.myvaldetravers.ch\/wp-content\/uploads\/2025\/08\/MADI-2.jpg\" rel=\"593121\"><img src='https:\/\/www.myvaldetravers.ch\/wp-content\/uploads\/2025\/08\/MADI-2-270x124.jpg' width='270' height='' \/><\/a><div class=\"dagallery-info\" style=\"padding:20px;color:#ffffff;background-color:#00bfff\"><\/div><\/li><li class=\"\" data-width=\"270\" data-height=\"\" data-margin=\"10px\" style=\"margin:10px\"><a class=\"normal\" href=\"https:\/\/www.myvaldetravers.ch\/wp-content\/uploads\/2025\/08\/MADI-4-1-rotated.jpg\" rel=\"593121\"><img src='https:\/\/www.myvaldetravers.ch\/wp-content\/uploads\/2025\/08\/MADI-4-1-rotated-270x125.jpg' width='270' height='' \/><\/a><div class=\"dagallery-info\" style=\"padding:20px;color:#ffffff;background-color:#00bfff\"><\/div><\/li><li class=\"\" data-width=\"270\" data-height=\"\" data-margin=\"10px\" style=\"margin:10px\"><a class=\"normal\" href=\"https:\/\/www.myvaldetravers.ch\/wp-content\/uploads\/2025\/08\/MADI-1.jpg\" rel=\"593121\"><img src='https:\/\/www.myvaldetravers.ch\/wp-content\/uploads\/2025\/08\/MADI-1-270x125.jpg' width='270' height='' \/><\/a><div class=\"dagallery-info\" style=\"padding:20px;color:#ffffff;background-color:#00bfff\"><\/div><\/li><\/ul><\/div>[\/vc_column][\/vc_row]<\/p>\n","protected":false},"excerpt":{"rendered":"<p>[vc_row][vc_column][vc_column_text el_class=&#8221;edsi&#8221;][\/vc_column_text][\/vc_column][\/vc_row][vc_row css=&#8221;.vc_custom_1554128789554{margin-top: -0.3em !important;}&#8221;][vc_column width=&#8221;2\/3&#8243;][vc_column_text] Im Val-de-Travers geht es nicht nur um die Uhrenindustrie! Entdecken Sie die reiche Vergangenheit der Region im Haus der Industrie (Maison de l&#8217;Industrie), einem&hellip;<\/p>\n","protected":false},"author":73,"featured_media":5269,"parent":2155,"menu_order":0,"comment_status":"closed","ping_status":"closed","template":"","meta":{"footnotes":""},"yoast_head":"<!-- This site is optimized with the Yoast SEO plugin v23.5 - https:\/\/yoast.com\/wordpress\/plugins\/seo\/ -->\n<title>Haus der Industrie: industrielle Vergangenheit des Val-de-Travers<\/title>\n<meta name=\"description\" content=\"Im Val-de-Travers geht es nicht nur um Uhren und Uhrmacherei! Entdecken Sie die reiche industrielle Vergangenheit dank des Maison de l&#039;Industrie.\" \/>\n<meta name=\"robots\" content=\"index, follow, max-snippet:-1, max-image-preview:large, max-video-preview:-1\" \/>\n<link rel=\"canonical\" href=\"https:\/\/www.myvaldetravers.ch\/de\/erlebnisse\/haus-der-industrie\/\" \/>\n<meta property=\"og:locale\" content=\"de_DE\" \/>\n<meta property=\"og:type\" content=\"article\" \/>\n<meta property=\"og:title\" content=\"Haus der Industrie: industrielle Vergangenheit des Val-de-Travers\" \/>\n<meta property=\"og:description\" content=\"Im Val-de-Travers geht es nicht nur um Uhren und Uhrmacherei! Entdecken Sie die reiche industrielle Vergangenheit dank des Maison de l&#039;Industrie.\" \/>\n<meta property=\"og:url\" content=\"https:\/\/www.myvaldetravers.ch\/de\/erlebnisse\/haus-der-industrie\/\" \/>\n<meta property=\"og:site_name\" content=\"Destination Val-de-Travers\" \/>\n<meta property=\"article:publisher\" content=\"https:\/\/www.facebook.com\/DestinationValdeTravers\/\" \/>\n<meta property=\"article:modified_time\" content=\"2025-08-15T09:47:22+00:00\" \/>\n<meta property=\"og:image\" content=\"https:\/\/www.myvaldetravers.ch\/wp-content\/uploads\/2020\/12\/Dubied-scaled.jpg\" \/>\n\t<meta property=\"og:image:width\" content=\"2560\" \/>\n\t<meta property=\"og:image:height\" content=\"1440\" \/>\n\t<meta property=\"og:image:type\" content=\"image\/jpeg\" \/>\n<meta name=\"twitter:card\" content=\"summary_large_image\" \/>\n<meta name=\"twitter:label1\" content=\"Gesch\u00e4tzte Lesezeit\" \/>\n\t<meta name=\"twitter:data1\" content=\"3\u00a0Minuten\" \/>\n<script type=\"application\/ld+json\" class=\"yoast-schema-graph\">{\"@context\":\"https:\/\/schema.org\",\"@graph\":[{\"@type\":\"WebPage\",\"@id\":\"https:\/\/www.myvaldetravers.ch\/de\/erlebnisse\/haus-der-industrie\/\",\"url\":\"https:\/\/www.myvaldetravers.ch\/de\/erlebnisse\/haus-der-industrie\/\",\"name\":\"Haus der Industrie: industrielle Vergangenheit des Val-de-Travers\",\"isPartOf\":{\"@id\":\"https:\/\/www.myvaldetravers.ch\/de\/#website\"},\"primaryImageOfPage\":{\"@id\":\"https:\/\/www.myvaldetravers.ch\/de\/erlebnisse\/haus-der-industrie\/#primaryimage\"},\"image\":{\"@id\":\"https:\/\/www.myvaldetravers.ch\/de\/erlebnisse\/haus-der-industrie\/#primaryimage\"},\"thumbnailUrl\":\"https:\/\/www.myvaldetravers.ch\/wp-content\/uploads\/2020\/12\/Dubied-scaled.jpg\",\"datePublished\":\"2021-04-20T11:21:29+00:00\",\"dateModified\":\"2025-08-15T09:47:22+00:00\",\"description\":\"Im Val-de-Travers geht es nicht nur um Uhren und Uhrmacherei! Entdecken Sie die reiche industrielle Vergangenheit dank des Maison de l'Industrie.\",\"breadcrumb\":{\"@id\":\"https:\/\/www.myvaldetravers.ch\/de\/erlebnisse\/haus-der-industrie\/#breadcrumb\"},\"inLanguage\":\"de\",\"potentialAction\":[{\"@type\":\"ReadAction\",\"target\":[\"https:\/\/www.myvaldetravers.ch\/de\/erlebnisse\/haus-der-industrie\/\"]}]},{\"@type\":\"ImageObject\",\"inLanguage\":\"de\",\"@id\":\"https:\/\/www.myvaldetravers.ch\/de\/erlebnisse\/haus-der-industrie\/#primaryimage\",\"url\":\"https:\/\/www.myvaldetravers.ch\/wp-content\/uploads\/2020\/12\/Dubied-scaled.jpg\",\"contentUrl\":\"https:\/\/www.myvaldetravers.ch\/wp-content\/uploads\/2020\/12\/Dubied-scaled.jpg\",\"width\":2560,\"height\":1440,\"caption\":\"Maison de l'Industrie\"},{\"@type\":\"BreadcrumbList\",\"@id\":\"https:\/\/www.myvaldetravers.ch\/de\/erlebnisse\/haus-der-industrie\/#breadcrumb\",\"itemListElement\":[{\"@type\":\"ListItem\",\"position\":1,\"name\":\"Accueil\",\"item\":\"https:\/\/www.myvaldetravers.ch\/de\/\"},{\"@type\":\"ListItem\",\"position\":2,\"name\":\"Erlebnisse\",\"item\":\"https:\/\/www.myvaldetravers.ch\/de\/erlebnisse\/\"},{\"@type\":\"ListItem\",\"position\":3,\"name\":\"Haus der Industrie\"}]},{\"@type\":\"WebSite\",\"@id\":\"https:\/\/www.myvaldetravers.ch\/de\/#website\",\"url\":\"https:\/\/www.myvaldetravers.ch\/de\/\",\"name\":\"Destination Val-de-Travers\",\"description\":\"Il y a toujours quelque chose \u00e0 faire au Val-de-Travers.\",\"potentialAction\":[{\"@type\":\"SearchAction\",\"target\":{\"@type\":\"EntryPoint\",\"urlTemplate\":\"https:\/\/www.myvaldetravers.ch\/de\/?s={search_term_string}\"},\"query-input\":{\"@type\":\"PropertyValueSpecification\",\"valueRequired\":true,\"valueName\":\"search_term_string\"}}],\"inLanguage\":\"de\"}]}<\/script>\n<!-- \/ Yoast SEO plugin. -->","yoast_head_json":{"title":"Haus der Industrie: industrielle Vergangenheit des Val-de-Travers","description":"Im Val-de-Travers geht es nicht nur um Uhren und Uhrmacherei! Entdecken Sie die reiche industrielle Vergangenheit dank des Maison de l'Industrie.","robots":{"index":"index","follow":"follow","max-snippet":"max-snippet:-1","max-image-preview":"max-image-preview:large","max-video-preview":"max-video-preview:-1"},"canonical":"https:\/\/www.myvaldetravers.ch\/de\/erlebnisse\/haus-der-industrie\/","og_locale":"de_DE","og_type":"article","og_title":"Haus der Industrie: industrielle Vergangenheit des Val-de-Travers","og_description":"Im Val-de-Travers geht es nicht nur um Uhren und Uhrmacherei! Entdecken Sie die reiche industrielle Vergangenheit dank des Maison de l'Industrie.","og_url":"https:\/\/www.myvaldetravers.ch\/de\/erlebnisse\/haus-der-industrie\/","og_site_name":"Destination Val-de-Travers","article_publisher":"https:\/\/www.facebook.com\/DestinationValdeTravers\/","article_modified_time":"2025-08-15T09:47:22+00:00","og_image":[{"width":2560,"height":1440,"url":"https:\/\/www.myvaldetravers.ch\/wp-content\/uploads\/2020\/12\/Dubied-scaled.jpg","type":"image\/jpeg"}],"twitter_card":"summary_large_image","twitter_misc":{"Gesch\u00e4tzte Lesezeit":"3\u00a0Minuten"},"schema":{"@context":"https:\/\/schema.org","@graph":[{"@type":"WebPage","@id":"https:\/\/www.myvaldetravers.ch\/de\/erlebnisse\/haus-der-industrie\/","url":"https:\/\/www.myvaldetravers.ch\/de\/erlebnisse\/haus-der-industrie\/","name":"Haus der Industrie: industrielle Vergangenheit des Val-de-Travers","isPartOf":{"@id":"https:\/\/www.myvaldetravers.ch\/de\/#website"},"primaryImageOfPage":{"@id":"https:\/\/www.myvaldetravers.ch\/de\/erlebnisse\/haus-der-industrie\/#primaryimage"},"image":{"@id":"https:\/\/www.myvaldetravers.ch\/de\/erlebnisse\/haus-der-industrie\/#primaryimage"},"thumbnailUrl":"https:\/\/www.myvaldetravers.ch\/wp-content\/uploads\/2020\/12\/Dubied-scaled.jpg","datePublished":"2021-04-20T11:21:29+00:00","dateModified":"2025-08-15T09:47:22+00:00","description":"Im Val-de-Travers geht es nicht nur um Uhren und Uhrmacherei! Entdecken Sie die reiche industrielle Vergangenheit dank des Maison de l'Industrie.","breadcrumb":{"@id":"https:\/\/www.myvaldetravers.ch\/de\/erlebnisse\/haus-der-industrie\/#breadcrumb"},"inLanguage":"de","potentialAction":[{"@type":"ReadAction","target":["https:\/\/www.myvaldetravers.ch\/de\/erlebnisse\/haus-der-industrie\/"]}]},{"@type":"ImageObject","inLanguage":"de","@id":"https:\/\/www.myvaldetravers.ch\/de\/erlebnisse\/haus-der-industrie\/#primaryimage","url":"https:\/\/www.myvaldetravers.ch\/wp-content\/uploads\/2020\/12\/Dubied-scaled.jpg","contentUrl":"https:\/\/www.myvaldetravers.ch\/wp-content\/uploads\/2020\/12\/Dubied-scaled.jpg","width":2560,"height":1440,"caption":"Maison de l'Industrie"},{"@type":"BreadcrumbList","@id":"https:\/\/www.myvaldetravers.ch\/de\/erlebnisse\/haus-der-industrie\/#breadcrumb","itemListElement":[{"@type":"ListItem","position":1,"name":"Accueil","item":"https:\/\/www.myvaldetravers.ch\/de\/"},{"@type":"ListItem","position":2,"name":"Erlebnisse","item":"https:\/\/www.myvaldetravers.ch\/de\/erlebnisse\/"},{"@type":"ListItem","position":3,"name":"Haus der Industrie"}]},{"@type":"WebSite","@id":"https:\/\/www.myvaldetravers.ch\/de\/#website","url":"https:\/\/www.myvaldetravers.ch\/de\/","name":"Destination Val-de-Travers","description":"Il y a toujours quelque chose \u00e0 faire au Val-de-Travers.","potentialAction":[{"@type":"SearchAction","target":{"@type":"EntryPoint","urlTemplate":"https:\/\/www.myvaldetravers.ch\/de\/?s={search_term_string}"},"query-input":{"@type":"PropertyValueSpecification","valueRequired":true,"valueName":"search_term_string"}}],"inLanguage":"de"}]}},"_links":{"self":[{"href":"https:\/\/www.myvaldetravers.ch\/de\/wp-json\/wp\/v2\/pages\/5931"}],"collection":[{"href":"https:\/\/www.myvaldetravers.ch\/de\/wp-json\/wp\/v2\/pages"}],"about":[{"href":"https:\/\/www.myvaldetravers.ch\/de\/wp-json\/wp\/v2\/types\/page"}],"author":[{"embeddable":true,"href":"https:\/\/www.myvaldetravers.ch\/de\/wp-json\/wp\/v2\/users\/73"}],"replies":[{"embeddable":true,"href":"https:\/\/www.myvaldetravers.ch\/de\/wp-json\/wp\/v2\/comments?post=5931"}],"version-history":[{"count":14,"href":"https:\/\/www.myvaldetravers.ch\/de\/wp-json\/wp\/v2\/pages\/5931\/revisions"}],"predecessor-version":[{"id":14469,"href":"https:\/\/www.myvaldetravers.ch\/de\/wp-json\/wp\/v2\/pages\/5931\/revisions\/14469"}],"up":[{"embeddable":true,"href":"https:\/\/www.myvaldetravers.ch\/de\/wp-json\/wp\/v2\/pages\/2155"}],"wp:featuredmedia":[{"embeddable":true,"href":"https:\/\/www.myvaldetravers.ch\/de\/wp-json\/wp\/v2\/media\/5269"}],"wp:attachment":[{"href":"https:\/\/www.myvaldetravers.ch\/de\/wp-json\/wp\/v2\/media?parent=5931"}],"curies":[{"name":"wp","href":"https:\/\/api.w.org\/{rel}","templated":true}]}}