{"id":6014,"date":"2021-04-22T16:51:44","date_gmt":"2021-04-22T14:51:44","guid":{"rendered":"https:\/\/www.myvaldetravers.ch\/?page_id=6014"},"modified":"2021-04-28T13:17:22","modified_gmt":"2021-04-28T11:17:22","slug":"cafes-bars","status":"publish","type":"page","link":"https:\/\/www.myvaldetravers.ch\/de\/erlebnisse\/cafes-bars\/","title":{"rendered":"Caf\u00e9s, Tea-rooms &#038; Bars in Val-de-Travers"},"content":{"rendered":"<p>[vc_row][vc_column][vc_column_text]<\/p>\n<div class=\"wpb_text_column wpb_content_element \">\n<div class=\"wpb_wrapper\">\n<p>Diese Seite befindet sich im Aufbau!<\/p>\n<p>Viele Einrichtungen finden Sie auf der Website von\u00a0<a href=\"https:\/\/www.j3l.ch\/de\/Z12123\/val-de-travers\" target=\"_blank\" rel=\"noopener\">Neuch\u00e2tel Tourismus<\/a>.<\/p>\n<\/div>\n<\/div>\n<div class=\"vc_separator wpb_content_element vc_separator_align_center vc_sep_width_100 vc_sep_pos_align_center vc_separator_no_text vc_sep_color_grey\"><\/div>\n<p>[\/vc_column_text][vc_separator][\/vc_column][\/vc_row][vc_row disable_element=&#8221;yes&#8221;][vc_column][vc_column_text]Ob vor oder nach Ihren Aktivit\u00e4ten, Sie werden im Val-de-Travers immer ein ge\u00f6ffnetes Lokal finden, das Sie zu einem Aperitif oder zu einem Fr\u00fchst\u00fcck unterwegs empf\u00e4ngt!<\/p>\n<p>Einige Einrichtungen sind hier noch nicht aufgef\u00fchrt, Sie finden sie auf der <a href=\"https:\/\/www.j3l.ch\/de\/Z12123\/val-de-travers\" target=\"_blank\" rel=\"noopener\">Website von Neuch\u00e2tel Tourismus.<\/a>[\/vc_column_text][vc_separator][vc_column_text]<\/p>\n<ul>\n<li><a href=\"#noiraigue\">Restaurants \u00e0 Noiraigue<\/a><\/li>\n<li><a href=\"#travers\">Restaurants \u00e0 Travers<\/a><\/li>\n<li><a href=\"#couvet\">Restaurants \u00e0 Couvet<\/a><\/li>\n<li><a href=\"#motiers\">Restaurants \u00e0 M\u00f4tiers<\/a><\/li>\n<li><a href=\"#fleurier\">Restaurants \u00e0 Fleurier<\/a><\/li>\n<li><a href=\"#buttes\">Restaurants \u00e0 Buttes<\/a><\/li>\n<li><a href=\"#bayards\">Restaurants aux Bayards<\/a><\/li>\n<li><a href=\"#verrieres\">Restaurants aux Verri\u00e8res<\/a><\/li>\n<li><a href=\"#coteauxfees\">Restaurants \u00e0 la C\u00f4te-aux-F\u00e9es<\/a><\/li>\n<\/ul>\n<p>[\/vc_column_text][\/vc_column][\/vc_row][vc_row disable_element=&#8221;yes&#8221;][vc_column width=&#8221;1\/2&#8243;][vc_text_separator title=&#8221;&#8221; color=&#8221;white&#8221;][vc_column_text][\/vc_column_text][vc_gallery interval=&#8221;3&#8243; images=&#8221;4765,4749,4769,4763,4761&#8243; img_size=&#8221;medium&#8221;][\/vc_column][vc_column width=&#8221;1\/2&#8243;][vc_text_separator title=&#8221;Restaurants \u00e0 Travers&#8221;][vc_column_text]<a name=\"travers\"><\/a>[\/vc_column_text][vc_column_text]<\/p>\n<h6>H\u00d4TEL-GRILL LE CR\u00caT DE L\u2019ANNEAU<\/h6>\n<p>L\u2019H\u00f4tel &amp; Grill Travers vous accueille dans une ambiance chaleureuse au c\u0153ur du Val de Travers. D\u00e9gustez des sp\u00e9cialit\u00e9s de la r\u00e9gion, cuisin\u00e9es au grill. Situe\u0301 a\u0300 8km du Creux du Van et \u00e0 1,5 km de la gare de Travers, voici une belle escale pour votre excursion au Creux du Van ou dans la vall\u00e9e de l\u2019Absinthe.<\/p>\n<p><strong>H\u00f4tel &amp; Grill &#8211; Travers<\/strong><br \/>\nCr\u00eat de l\u2019anneau 1<br \/>\n2105 Travers<br \/>\nT 032 580 01 88<br \/>\n<a href=\"mailto:Info@hotelgrill-travers.ch\">Info@hotelgrill-travers.ch<\/a><br \/>\n<a href=\"http:\/\/www.hotelgrill-travers.ch\" target=\"_blank\" rel=\"noopener noreferrer\">www.hotelgrill-travers.ch<\/a>[\/vc_column_text][\/vc_column][\/vc_row][vc_row disable_element=&#8221;yes&#8221;][vc_column width=&#8221;1\/2&#8243;][vc_text_separator title=&#8221;&#8221; color=&#8221;white&#8221;][vc_column_text][\/vc_column_text][vc_gallery interval=&#8221;3&#8243; images=&#8221;4799,4578&#8243; img_size=&#8221;medium&#8221;][\/vc_column][vc_column width=&#8221;1\/2&#8243;][vc_text_separator title=&#8221;Restaurants \u00e0 M\u00f4tiers&#8221;][vc_column_text]<a name=\"motiers\"><\/a>[\/vc_column_text][vc_column_text]<\/p>\n<h6><strong>\u00c0 C\u00d4T\u00c9: CAF\u00c9, CONCERTS, EXPOSITIONS<\/strong><\/h6>\n<p><span class=\"color\">A C\u00f4t\u00e9 ?<\/span> C\u2019est une maison ancienne avec une longue tradition d\u2019auberge, situ\u00e9e au centre du village, \u00e0 deux pas de la gare et face au Prieur\u00e9. A C\u00f4t\u00e9 est devenue une maison aux vies multiples. Il y a un petit Caf\u00e9 lumineux, une petite salle et une jolie terrasse, ouverts en fin de semaine et par p\u00e9riodes avec des expositions, des concerts et \u00e0 l\u2019heure de l\u2019ap\u00e9ro, des rencontres avec des personnes aux trajectoires de vie captivantes.<\/p>\n<p><strong>A C\u00f4t\u00e9<\/strong><br \/>\nrue Centrale 8<br \/>\n2112 M\u00f4tiers<br \/>\nT 079 240 13 13<br \/>\n<a href=\"https:\/\/acote-motiers.ch\/index.php\/fr\/cafe\" target=\"_blank\" rel=\"noopener\">www.acote-motiers.ch<\/a>[\/vc_column_text][vc_separator][\/vc_column][\/vc_row][vc_row disable_element=&#8221;yes&#8221;][vc_column width=&#8221;1\/2&#8243;][vc_gallery interval=&#8221;3&#8243; images=&#8221;3200&#8243; img_size=&#8221;medium&#8221;][\/vc_column][vc_column width=&#8221;1\/2&#8243;][vc_column_text]<\/p>\n<h6>RESTAURANT LES SIX-COMMUNES<\/h6>\n<p>Nora et Joffrey se r\u00e9jouissent de vous accueillir dans magnifique b\u00e2tisse du XVIe si\u00e8cle, class\u00e9e monument historique et situ\u00e9e au c\u0153ur du village de M\u00f4tiers. Joffrey mettra \u00e0 profit son amour des produits frais et locaux et son exp\u00e9rience internationale en cuisine tandis que Nora sera l\u00e0 pour vous accueillir et s\u2019occuper du service en salle.<\/p>\n<p><strong>Restaurant Les Six-Communes<\/strong><br \/>\nRue centrale\u00a0 1<br \/>\n2112 M\u00f4tiers<br \/>\nT 032 861 20 00<br \/>\n<a href=\"http:\/\/www.sixcommunes.ch\" target=\"_blank\" rel=\"noopener noreferrer\">www.sixcommunes.ch<\/a>[\/vc_column_text][vc_empty_space hide_on_mobile=&#8221;&#8221;]<div class=\"sc_item_button sc_button_wrap\"><a href=\"https:\/\/sixcommunes.ch\/reservation\/\" id=\"sc_button_1855718895\" class=\"sc_button sc_button_default sc_button_size_normal sc_button_icon_left\"><span class=\"sc_button_text\"><span class=\"sc_button_title\">R\u00e9server une table<\/span><\/span><!-- \/.sc_button_text --><\/a><!-- \/.sc_button --><\/div><!-- \/.sc_item_button -->[\/vc_column][\/vc_row]<\/p>\n","protected":false},"excerpt":{"rendered":"<p>[vc_row][vc_column][vc_column_text] Diese Seite befindet sich im Aufbau! Viele Einrichtungen finden Sie auf der Website von\u00a0Neuch\u00e2tel Tourismus. [\/vc_column_text][vc_separator][\/vc_column][\/vc_row][vc_row disable_element=&#8221;yes&#8221;][vc_column][vc_column_text]Ob vor oder nach Ihren Aktivit\u00e4ten, Sie werden im Val-de-Travers immer ein ge\u00f6ffnetes&hellip;<\/p>\n","protected":false},"author":73,"featured_media":3821,"parent":2155,"menu_order":0,"comment_status":"closed","ping_status":"closed","template":"","meta":{"footnotes":""},"yoast_head":"<!-- This site is optimized with the Yoast SEO plugin v23.5 - https:\/\/yoast.com\/wordpress\/plugins\/seo\/ -->\n<title>Caf\u00e9s, Tea-rooms &amp; Bars in Val-de-Travers<\/title>\n<meta name=\"description\" content=\"Es geht nichts \u00fcber ein Kaffee-Croissant und einen Aperitif, um Ihren Wandertag zu beginnen und zu beenden. Unsere Einrichtungen warten auf Sie.\" \/>\n<meta name=\"robots\" content=\"index, follow, max-snippet:-1, max-image-preview:large, max-video-preview:-1\" \/>\n<link rel=\"canonical\" href=\"https:\/\/www.myvaldetravers.ch\/de\/erlebnisse\/cafes-bars\/\" \/>\n<meta property=\"og:locale\" content=\"de_DE\" \/>\n<meta property=\"og:type\" content=\"article\" \/>\n<meta property=\"og:title\" content=\"Caf\u00e9s, Tea-rooms &amp; Bars in Val-de-Travers\" \/>\n<meta property=\"og:description\" content=\"Es geht nichts \u00fcber ein Kaffee-Croissant und einen Aperitif, um Ihren Wandertag zu beginnen und zu beenden. Unsere Einrichtungen warten auf Sie.\" \/>\n<meta property=\"og:url\" content=\"https:\/\/www.myvaldetravers.ch\/de\/erlebnisse\/cafes-bars\/\" \/>\n<meta property=\"og:site_name\" content=\"Destination Val-de-Travers\" \/>\n<meta property=\"article:publisher\" content=\"https:\/\/www.facebook.com\/DestinationValdeTravers\/\" \/>\n<meta property=\"article:modified_time\" content=\"2021-04-28T11:17:22+00:00\" \/>\n<meta property=\"og:image\" content=\"https:\/\/www.myvaldetravers.ch\/wp-content\/uploads\/2020\/05\/H\u00f4tel-de-ville-Les-Verri\u00e8res-Bar.jpg\" \/>\n\t<meta property=\"og:image:width\" content=\"1584\" \/>\n\t<meta property=\"og:image:height\" content=\"891\" \/>\n\t<meta property=\"og:image:type\" content=\"image\/jpeg\" \/>\n<meta name=\"twitter:card\" content=\"summary_large_image\" \/>\n<meta name=\"twitter:label1\" content=\"Gesch\u00e4tzte Lesezeit\" \/>\n\t<meta name=\"twitter:data1\" content=\"2\u00a0Minuten\" \/>\n<script type=\"application\/ld+json\" class=\"yoast-schema-graph\">{\"@context\":\"https:\/\/schema.org\",\"@graph\":[{\"@type\":\"WebPage\",\"@id\":\"https:\/\/www.myvaldetravers.ch\/de\/erlebnisse\/cafes-bars\/\",\"url\":\"https:\/\/www.myvaldetravers.ch\/de\/erlebnisse\/cafes-bars\/\",\"name\":\"Caf\u00e9s, Tea-rooms & Bars in Val-de-Travers\",\"isPartOf\":{\"@id\":\"https:\/\/www.myvaldetravers.ch\/de\/#website\"},\"primaryImageOfPage\":{\"@id\":\"https:\/\/www.myvaldetravers.ch\/de\/erlebnisse\/cafes-bars\/#primaryimage\"},\"image\":{\"@id\":\"https:\/\/www.myvaldetravers.ch\/de\/erlebnisse\/cafes-bars\/#primaryimage\"},\"thumbnailUrl\":\"https:\/\/www.myvaldetravers.ch\/wp-content\/uploads\/2020\/05\/H\u00f4tel-de-ville-Les-Verri\u00e8res-Bar.jpg\",\"datePublished\":\"2021-04-22T14:51:44+00:00\",\"dateModified\":\"2021-04-28T11:17:22+00:00\",\"description\":\"Es geht nichts \u00fcber ein Kaffee-Croissant und einen Aperitif, um Ihren Wandertag zu beginnen und zu beenden. Unsere Einrichtungen warten auf Sie.\",\"breadcrumb\":{\"@id\":\"https:\/\/www.myvaldetravers.ch\/de\/erlebnisse\/cafes-bars\/#breadcrumb\"},\"inLanguage\":\"de\",\"potentialAction\":[{\"@type\":\"ReadAction\",\"target\":[\"https:\/\/www.myvaldetravers.ch\/de\/erlebnisse\/cafes-bars\/\"]}]},{\"@type\":\"ImageObject\",\"inLanguage\":\"de\",\"@id\":\"https:\/\/www.myvaldetravers.ch\/de\/erlebnisse\/cafes-bars\/#primaryimage\",\"url\":\"https:\/\/www.myvaldetravers.ch\/wp-content\/uploads\/2020\/05\/H\u00f4tel-de-ville-Les-Verri\u00e8res-Bar.jpg\",\"contentUrl\":\"https:\/\/www.myvaldetravers.ch\/wp-content\/uploads\/2020\/05\/H\u00f4tel-de-ville-Les-Verri\u00e8res-Bar.jpg\",\"width\":1584,\"height\":891,\"caption\":\"Bar Restaurant H\u00f4tel de ville, Les Verri\u00e8res, Val-de-Travers\"},{\"@type\":\"BreadcrumbList\",\"@id\":\"https:\/\/www.myvaldetravers.ch\/de\/erlebnisse\/cafes-bars\/#breadcrumb\",\"itemListElement\":[{\"@type\":\"ListItem\",\"position\":1,\"name\":\"Accueil\",\"item\":\"https:\/\/www.myvaldetravers.ch\/de\/\"},{\"@type\":\"ListItem\",\"position\":2,\"name\":\"Erlebnisse\",\"item\":\"https:\/\/www.myvaldetravers.ch\/de\/erlebnisse\/\"},{\"@type\":\"ListItem\",\"position\":3,\"name\":\"Caf\u00e9s, Tea-rooms &#038; Bars in Val-de-Travers\"}]},{\"@type\":\"WebSite\",\"@id\":\"https:\/\/www.myvaldetravers.ch\/de\/#website\",\"url\":\"https:\/\/www.myvaldetravers.ch\/de\/\",\"name\":\"Destination Val-de-Travers\",\"description\":\"Il y a toujours quelque chose \u00e0 faire au Val-de-Travers.\",\"potentialAction\":[{\"@type\":\"SearchAction\",\"target\":{\"@type\":\"EntryPoint\",\"urlTemplate\":\"https:\/\/www.myvaldetravers.ch\/de\/?s={search_term_string}\"},\"query-input\":{\"@type\":\"PropertyValueSpecification\",\"valueRequired\":true,\"valueName\":\"search_term_string\"}}],\"inLanguage\":\"de\"}]}<\/script>\n<!-- \/ Yoast SEO plugin. -->","yoast_head_json":{"title":"Caf\u00e9s, Tea-rooms & Bars in Val-de-Travers","description":"Es geht nichts \u00fcber ein Kaffee-Croissant und einen Aperitif, um Ihren Wandertag zu beginnen und zu beenden. Unsere Einrichtungen warten auf Sie.","robots":{"index":"index","follow":"follow","max-snippet":"max-snippet:-1","max-image-preview":"max-image-preview:large","max-video-preview":"max-video-preview:-1"},"canonical":"https:\/\/www.myvaldetravers.ch\/de\/erlebnisse\/cafes-bars\/","og_locale":"de_DE","og_type":"article","og_title":"Caf\u00e9s, Tea-rooms & Bars in Val-de-Travers","og_description":"Es geht nichts \u00fcber ein Kaffee-Croissant und einen Aperitif, um Ihren Wandertag zu beginnen und zu beenden. Unsere Einrichtungen warten auf Sie.","og_url":"https:\/\/www.myvaldetravers.ch\/de\/erlebnisse\/cafes-bars\/","og_site_name":"Destination Val-de-Travers","article_publisher":"https:\/\/www.facebook.com\/DestinationValdeTravers\/","article_modified_time":"2021-04-28T11:17:22+00:00","og_image":[{"width":1584,"height":891,"url":"https:\/\/www.myvaldetravers.ch\/wp-content\/uploads\/2020\/05\/H\u00f4tel-de-ville-Les-Verri\u00e8res-Bar.jpg","type":"image\/jpeg"}],"twitter_card":"summary_large_image","twitter_misc":{"Gesch\u00e4tzte Lesezeit":"2\u00a0Minuten"},"schema":{"@context":"https:\/\/schema.org","@graph":[{"@type":"WebPage","@id":"https:\/\/www.myvaldetravers.ch\/de\/erlebnisse\/cafes-bars\/","url":"https:\/\/www.myvaldetravers.ch\/de\/erlebnisse\/cafes-bars\/","name":"Caf\u00e9s, Tea-rooms & Bars in Val-de-Travers","isPartOf":{"@id":"https:\/\/www.myvaldetravers.ch\/de\/#website"},"primaryImageOfPage":{"@id":"https:\/\/www.myvaldetravers.ch\/de\/erlebnisse\/cafes-bars\/#primaryimage"},"image":{"@id":"https:\/\/www.myvaldetravers.ch\/de\/erlebnisse\/cafes-bars\/#primaryimage"},"thumbnailUrl":"https:\/\/www.myvaldetravers.ch\/wp-content\/uploads\/2020\/05\/H\u00f4tel-de-ville-Les-Verri\u00e8res-Bar.jpg","datePublished":"2021-04-22T14:51:44+00:00","dateModified":"2021-04-28T11:17:22+00:00","description":"Es geht nichts \u00fcber ein Kaffee-Croissant und einen Aperitif, um Ihren Wandertag zu beginnen und zu beenden. Unsere Einrichtungen warten auf Sie.","breadcrumb":{"@id":"https:\/\/www.myvaldetravers.ch\/de\/erlebnisse\/cafes-bars\/#breadcrumb"},"inLanguage":"de","potentialAction":[{"@type":"ReadAction","target":["https:\/\/www.myvaldetravers.ch\/de\/erlebnisse\/cafes-bars\/"]}]},{"@type":"ImageObject","inLanguage":"de","@id":"https:\/\/www.myvaldetravers.ch\/de\/erlebnisse\/cafes-bars\/#primaryimage","url":"https:\/\/www.myvaldetravers.ch\/wp-content\/uploads\/2020\/05\/H\u00f4tel-de-ville-Les-Verri\u00e8res-Bar.jpg","contentUrl":"https:\/\/www.myvaldetravers.ch\/wp-content\/uploads\/2020\/05\/H\u00f4tel-de-ville-Les-Verri\u00e8res-Bar.jpg","width":1584,"height":891,"caption":"Bar Restaurant H\u00f4tel de ville, Les Verri\u00e8res, Val-de-Travers"},{"@type":"BreadcrumbList","@id":"https:\/\/www.myvaldetravers.ch\/de\/erlebnisse\/cafes-bars\/#breadcrumb","itemListElement":[{"@type":"ListItem","position":1,"name":"Accueil","item":"https:\/\/www.myvaldetravers.ch\/de\/"},{"@type":"ListItem","position":2,"name":"Erlebnisse","item":"https:\/\/www.myvaldetravers.ch\/de\/erlebnisse\/"},{"@type":"ListItem","position":3,"name":"Caf\u00e9s, Tea-rooms &#038; Bars in Val-de-Travers"}]},{"@type":"WebSite","@id":"https:\/\/www.myvaldetravers.ch\/de\/#website","url":"https:\/\/www.myvaldetravers.ch\/de\/","name":"Destination Val-de-Travers","description":"Il y a toujours quelque chose \u00e0 faire au Val-de-Travers.","potentialAction":[{"@type":"SearchAction","target":{"@type":"EntryPoint","urlTemplate":"https:\/\/www.myvaldetravers.ch\/de\/?s={search_term_string}"},"query-input":{"@type":"PropertyValueSpecification","valueRequired":true,"valueName":"search_term_string"}}],"inLanguage":"de"}]}},"_links":{"self":[{"href":"https:\/\/www.myvaldetravers.ch\/de\/wp-json\/wp\/v2\/pages\/6014"}],"collection":[{"href":"https:\/\/www.myvaldetravers.ch\/de\/wp-json\/wp\/v2\/pages"}],"about":[{"href":"https:\/\/www.myvaldetravers.ch\/de\/wp-json\/wp\/v2\/types\/page"}],"author":[{"embeddable":true,"href":"https:\/\/www.myvaldetravers.ch\/de\/wp-json\/wp\/v2\/users\/73"}],"replies":[{"embeddable":true,"href":"https:\/\/www.myvaldetravers.ch\/de\/wp-json\/wp\/v2\/comments?post=6014"}],"version-history":[{"count":8,"href":"https:\/\/www.myvaldetravers.ch\/de\/wp-json\/wp\/v2\/pages\/6014\/revisions"}],"predecessor-version":[{"id":6388,"href":"https:\/\/www.myvaldetravers.ch\/de\/wp-json\/wp\/v2\/pages\/6014\/revisions\/6388"}],"up":[{"embeddable":true,"href":"https:\/\/www.myvaldetravers.ch\/de\/wp-json\/wp\/v2\/pages\/2155"}],"wp:featuredmedia":[{"embeddable":true,"href":"https:\/\/www.myvaldetravers.ch\/de\/wp-json\/wp\/v2\/media\/3821"}],"wp:attachment":[{"href":"https:\/\/www.myvaldetravers.ch\/de\/wp-json\/wp\/v2\/media?parent=6014"}],"curies":[{"name":"wp","href":"https:\/\/api.w.org\/{rel}","templated":true}]}}