{"id":6017,"date":"2021-04-22T15:53:30","date_gmt":"2021-04-22T13:53:30","guid":{"rendered":"https:\/\/www.myvaldetravers.ch\/?page_id=6017"},"modified":"2025-05-12T09:22:18","modified_gmt":"2025-05-12T07:22:18","slug":"besichtigung-verkostung","status":"publish","type":"page","link":"https:\/\/www.myvaldetravers.ch\/de\/erlebnisse\/besichtigung-verkostung\/","title":{"rendered":"Besichtigung und Verkostung von lokalen Produkten"},"content":{"rendered":"<p>[vc_row][vc_column][vc_column_text]Die Kunsthandwerker des Val-de-Travers freuen sich, Sie zu einem Besuch mit anschliessender Verkostung (wenn m\u00f6glich) in ihren Labors, Kellern und anderen Produktionsst\u00e4tten zu empfangen!<\/p>\n<p>Besuche sind generell nur nach Voranmeldung m\u00f6glich. Bitte wenden Sie sich direkt an unsere Produzenten, um mehr \u00fcber Zeiten, Preise und minimale oder maximale Personenzahlen zu erfahren.[\/vc_column_text][\/vc_column][\/vc_row][vc_row][vc_column width=&#8221;1\/2&#8243;][vc_separator][vc_column_text]<\/p>\n<h6><strong>Caves Mauler, M\u00f4tiers<\/strong><\/h6>\n<p>Seit 1829 erzeugt die Familie Mauler aussergew\u00f6hnliche Weine in der herrlichen Umgebung des Prieur\u00e9 de St-Pierre in M\u00f4tiers. Tauchen Sie ein in die faszinierende Welt der gro\u00dfen Schaumweine bei einer F\u00fchrung mit anschliessender Verkostung.<\/p>\n<p><strong>Mauler &amp; Cie<\/strong><br \/>\nLe Prieur\u00e9 St-Pierre<br \/>\n2112 M\u00f4tiers<br \/>\nT\u00a0<span class=\"LrzXr zdqRlf kno-fv\"><span role=\"link\" aria-label=\"Appeler le 032 862 03 03\">032 862 03 03<br \/>\n<a href=\"mailto:mailbox@mauler.ch\">mailbox@mauler.ch<\/a><br \/>\n<a href=\"https:\/\/www.mauler.ch\/fr\/\" target=\"_blank\" rel=\"noopener\">www.mauler.ch<\/a><br \/>\n<\/span><\/span>[\/vc_column_text][vc_empty_space hide_on_mobile=&#8221;&#8221;]<div class=\"sc_item_button sc_button_wrap\"><a href=\"https:\/\/www.mauler.ch\/de\/caveau.php\" id=\"sc_button_1852232270\" class=\"sc_button sc_button_default sc_button_size_normal sc_button_icon_left\"><span class=\"sc_button_text\"><span class=\"sc_button_title\">Buchen Sie Ihren Besuch<\/span><\/span><!-- \/.sc_button_text --><\/a><!-- \/.sc_button --><\/div><!-- \/.sc_item_button -->[\/vc_column][vc_column width=&#8221;1\/2&#8243;][vc_separator color=&#8221;white&#8221;][vc_gallery interval=&#8221;3&#8243; images=&#8221;3194,3191&#8243; img_size=&#8221;large&#8221;][\/vc_column][\/vc_row][vc_row][vc_column width=&#8221;1\/2&#8243;][vc_separator][vc_column_text]<\/p>\n<h6>B\u00fcffelhof, Travers<\/h6>\n<p>Die Geschichte beginnt im Dezember 1999, als die Br\u00fcder St\u00e4hli, Georges und Daniel, 20 asiatische B\u00fcffel aus Italien in die Schweiz importieren.<\/p>\n<p>Sie leisteten damit Pionierarbeit, denn sie waren die ersten, die in der Westschweiz mit der Zucht dieser Tiere begannen. Mit derzeit 350 Tieren beherbergt die St\u00e4hli-Farm in Travers die gr\u00f6\u00dfte B\u00fcffelherde der Schweiz.<\/p>\n<p>Besuchen Sie die Farm und erfahren Sie alles \u00fcber diese sanften Riesen. Bei der anschlie\u00dfenden Verkostung k\u00f6nnen Sie sich von all unseren B\u00fcffelprodukten \u00fcberzeugen.<\/p>\n<p><strong>B\u00fcffelhof St\u00e4hli<\/strong><br \/>\nLe bois de Croix 1<br \/>\n2103 Travers<br \/>\nT 079 138 27 28<br \/>\n<a href=\"mailto:info@staehliproduitsfermiers.ch\">info@staehliproduitsfermiers.ch<\/a><br \/>\n<a href=\"https:\/\/www.staehliproduitsfermiers.ch\/\">www.staehliproduitsfermiers.ch\u00a0<\/a>[\/vc_column_text][vc_empty_space hide_on_mobile=&#8221;&#8221;]<div class=\"sc_item_button sc_button_wrap\"><a href=\"https:\/\/www.staehliproduitsfermiers.ch\/home-fr\/evenements\/visiter-les-buffles\/\" id=\"sc_button_1266878366\" class=\"sc_button sc_button_default sc_button_size_normal sc_button_icon_left\"><span class=\"sc_button_text\"><span class=\"sc_button_title\">Buchen Sie Ihren Besuch<\/span><\/span><!-- \/.sc_button_text --><\/a><!-- \/.sc_button --><\/div><!-- \/.sc_item_button -->[vc_single_image image=&#8221;9012&#8243;][\/vc_column][vc_column width=&#8221;1\/2&#8243;][vc_separator color=&#8221;white&#8221;][vc_gallery interval=&#8221;3&#8243; images=&#8221;10225,10228&#8243; img_size=&#8221;large&#8221;][\/vc_column][\/vc_row][vc_row][vc_column width=&#8221;1\/2&#8243;][vc_separator][vc_column_text]<\/p>\n<h6>Espace Jacot, M\u00f4tiers<\/h6>\n<p>Entdecken Sie die kreative und einzigartige Welt dieser Meister-Chocolatiers bei einem Besuch und einer Verkostung im neuen Espace Jacot in M\u00f4tiers.<\/p>\n<p><span style=\"color: #1d1d1d;\"><b>Jacot Chocolat<br \/>\n<\/b><\/span>Rue de la Gare 8a<br \/>\n2112 M\u00f4tiers<br \/>\nT 058 201 90 00<br \/>\n<a href=\"mailto:espacejacot@jacotchocolatier.ch\" target=\"_blank\" rel=\"noopener\">espacejacot@jacotchocolatier.ch<\/a><br \/>\n<a href=\"https:\/\/jacotchocolaterie.ch\/de\/degustation\/#\/\" target=\"_blank\" rel=\"noopener noreferrer\">www.jacotchocolatier.ch<\/a>[\/vc_column_text][vc_empty_space hide_on_mobile=&#8221;&#8221;]<div class=\"sc_item_button sc_button_wrap\"><a href=\"https:\/\/jacotchocolaterie.ch\/de\/degustation\/#\/\" id=\"sc_button_1622103257\" class=\"sc_button sc_button_default sc_button_size_normal sc_button_icon_left\"><span class=\"sc_button_text\"><span class=\"sc_button_title\">Buchen Sie Ihren Besuch<\/span><\/span><!-- \/.sc_button_text --><\/a><!-- \/.sc_button --><\/div><!-- \/.sc_item_button -->[\/vc_column][vc_column width=&#8221;1\/2&#8243;][vc_separator color=&#8221;white&#8221;][vc_gallery interval=&#8221;3&#8243; images=&#8221;13181,13172,13153&#8243; img_size=&#8221;large&#8221;][\/vc_column][\/vc_row]<\/p>\n","protected":false},"excerpt":{"rendered":"<p>[vc_row][vc_column][vc_column_text]Die Kunsthandwerker des Val-de-Travers freuen sich, Sie zu einem Besuch mit anschliessender Verkostung (wenn m\u00f6glich) in ihren Labors, Kellern und anderen Produktionsst\u00e4tten zu empfangen! Besuche sind generell nur nach Voranmeldung&hellip;<\/p>\n","protected":false},"author":73,"featured_media":6041,"parent":2155,"menu_order":0,"comment_status":"closed","ping_status":"closed","template":"","meta":{"footnotes":""},"yoast_head":"<!-- This site is optimized with the Yoast SEO plugin v23.5 - https:\/\/yoast.com\/wordpress\/plugins\/seo\/ -->\n<title>Besichtigung und Verkostung von lokalen Produkten aus dem Val-de-Travers<\/title>\n<meta name=\"description\" content=\"Entdecken Sie die lokalen Produkte des Val-de-Travers bei einer Besichtigung der Produktionsst\u00e4tten. Und was w\u00e4re ein Besuch ohne eine Verkostung am Ende?\" \/>\n<meta name=\"robots\" content=\"index, follow, max-snippet:-1, max-image-preview:large, max-video-preview:-1\" \/>\n<link rel=\"canonical\" href=\"https:\/\/www.myvaldetravers.ch\/de\/erlebnisse\/besichtigung-verkostung\/\" \/>\n<meta property=\"og:locale\" content=\"de_DE\" \/>\n<meta property=\"og:type\" content=\"article\" \/>\n<meta property=\"og:title\" content=\"Besichtigung und Verkostung von lokalen Produkten aus dem Val-de-Travers\" \/>\n<meta property=\"og:description\" content=\"Entdecken Sie die lokalen Produkte des Val-de-Travers bei einer Besichtigung der Produktionsst\u00e4tten. Und was w\u00e4re ein Besuch ohne eine Verkostung am Ende?\" \/>\n<meta property=\"og:url\" content=\"https:\/\/www.myvaldetravers.ch\/de\/erlebnisse\/besichtigung-verkostung\/\" \/>\n<meta property=\"og:site_name\" content=\"Destination Val-de-Travers\" \/>\n<meta property=\"article:publisher\" content=\"https:\/\/www.facebook.com\/DestinationValdeTravers\/\" \/>\n<meta property=\"article:modified_time\" content=\"2025-05-12T07:22:18+00:00\" \/>\n<meta property=\"og:image\" content=\"https:\/\/www.myvaldetravers.ch\/wp-content\/uploads\/2021\/04\/cacao_feves.jpg\" \/>\n\t<meta property=\"og:image:width\" content=\"1920\" \/>\n\t<meta property=\"og:image:height\" content=\"500\" \/>\n\t<meta property=\"og:image:type\" content=\"image\/jpeg\" \/>\n<meta name=\"twitter:card\" content=\"summary_large_image\" \/>\n<meta name=\"twitter:label1\" content=\"Gesch\u00e4tzte Lesezeit\" \/>\n\t<meta name=\"twitter:data1\" content=\"2\u00a0Minuten\" \/>\n<script type=\"application\/ld+json\" class=\"yoast-schema-graph\">{\"@context\":\"https:\/\/schema.org\",\"@graph\":[{\"@type\":\"WebPage\",\"@id\":\"https:\/\/www.myvaldetravers.ch\/de\/erlebnisse\/besichtigung-verkostung\/\",\"url\":\"https:\/\/www.myvaldetravers.ch\/de\/erlebnisse\/besichtigung-verkostung\/\",\"name\":\"Besichtigung und Verkostung von lokalen Produkten aus dem Val-de-Travers\",\"isPartOf\":{\"@id\":\"https:\/\/www.myvaldetravers.ch\/de\/#website\"},\"primaryImageOfPage\":{\"@id\":\"https:\/\/www.myvaldetravers.ch\/de\/erlebnisse\/besichtigung-verkostung\/#primaryimage\"},\"image\":{\"@id\":\"https:\/\/www.myvaldetravers.ch\/de\/erlebnisse\/besichtigung-verkostung\/#primaryimage\"},\"thumbnailUrl\":\"https:\/\/www.myvaldetravers.ch\/wp-content\/uploads\/2021\/04\/cacao_feves.jpg\",\"datePublished\":\"2021-04-22T13:53:30+00:00\",\"dateModified\":\"2025-05-12T07:22:18+00:00\",\"description\":\"Entdecken Sie die lokalen Produkte des Val-de-Travers bei einer Besichtigung der Produktionsst\u00e4tten. Und was w\u00e4re ein Besuch ohne eine Verkostung am Ende?\",\"breadcrumb\":{\"@id\":\"https:\/\/www.myvaldetravers.ch\/de\/erlebnisse\/besichtigung-verkostung\/#breadcrumb\"},\"inLanguage\":\"de\",\"potentialAction\":[{\"@type\":\"ReadAction\",\"target\":[\"https:\/\/www.myvaldetravers.ch\/de\/erlebnisse\/besichtigung-verkostung\/\"]}]},{\"@type\":\"ImageObject\",\"inLanguage\":\"de\",\"@id\":\"https:\/\/www.myvaldetravers.ch\/de\/erlebnisse\/besichtigung-verkostung\/#primaryimage\",\"url\":\"https:\/\/www.myvaldetravers.ch\/wp-content\/uploads\/2021\/04\/cacao_feves.jpg\",\"contentUrl\":\"https:\/\/www.myvaldetravers.ch\/wp-content\/uploads\/2021\/04\/cacao_feves.jpg\",\"width\":1920,\"height\":500},{\"@type\":\"BreadcrumbList\",\"@id\":\"https:\/\/www.myvaldetravers.ch\/de\/erlebnisse\/besichtigung-verkostung\/#breadcrumb\",\"itemListElement\":[{\"@type\":\"ListItem\",\"position\":1,\"name\":\"Accueil\",\"item\":\"https:\/\/www.myvaldetravers.ch\/de\/\"},{\"@type\":\"ListItem\",\"position\":2,\"name\":\"Erlebnisse\",\"item\":\"https:\/\/www.myvaldetravers.ch\/de\/erlebnisse\/\"},{\"@type\":\"ListItem\",\"position\":3,\"name\":\"Besichtigung und Verkostung von lokalen Produkten\"}]},{\"@type\":\"WebSite\",\"@id\":\"https:\/\/www.myvaldetravers.ch\/de\/#website\",\"url\":\"https:\/\/www.myvaldetravers.ch\/de\/\",\"name\":\"Destination Val-de-Travers\",\"description\":\"Il y a toujours quelque chose \u00e0 faire au Val-de-Travers.\",\"potentialAction\":[{\"@type\":\"SearchAction\",\"target\":{\"@type\":\"EntryPoint\",\"urlTemplate\":\"https:\/\/www.myvaldetravers.ch\/de\/?s={search_term_string}\"},\"query-input\":{\"@type\":\"PropertyValueSpecification\",\"valueRequired\":true,\"valueName\":\"search_term_string\"}}],\"inLanguage\":\"de\"}]}<\/script>\n<!-- \/ Yoast SEO plugin. -->","yoast_head_json":{"title":"Besichtigung und Verkostung von lokalen Produkten aus dem Val-de-Travers","description":"Entdecken Sie die lokalen Produkte des Val-de-Travers bei einer Besichtigung der Produktionsst\u00e4tten. Und was w\u00e4re ein Besuch ohne eine Verkostung am Ende?","robots":{"index":"index","follow":"follow","max-snippet":"max-snippet:-1","max-image-preview":"max-image-preview:large","max-video-preview":"max-video-preview:-1"},"canonical":"https:\/\/www.myvaldetravers.ch\/de\/erlebnisse\/besichtigung-verkostung\/","og_locale":"de_DE","og_type":"article","og_title":"Besichtigung und Verkostung von lokalen Produkten aus dem Val-de-Travers","og_description":"Entdecken Sie die lokalen Produkte des Val-de-Travers bei einer Besichtigung der Produktionsst\u00e4tten. Und was w\u00e4re ein Besuch ohne eine Verkostung am Ende?","og_url":"https:\/\/www.myvaldetravers.ch\/de\/erlebnisse\/besichtigung-verkostung\/","og_site_name":"Destination Val-de-Travers","article_publisher":"https:\/\/www.facebook.com\/DestinationValdeTravers\/","article_modified_time":"2025-05-12T07:22:18+00:00","og_image":[{"width":1920,"height":500,"url":"https:\/\/www.myvaldetravers.ch\/wp-content\/uploads\/2021\/04\/cacao_feves.jpg","type":"image\/jpeg"}],"twitter_card":"summary_large_image","twitter_misc":{"Gesch\u00e4tzte Lesezeit":"2\u00a0Minuten"},"schema":{"@context":"https:\/\/schema.org","@graph":[{"@type":"WebPage","@id":"https:\/\/www.myvaldetravers.ch\/de\/erlebnisse\/besichtigung-verkostung\/","url":"https:\/\/www.myvaldetravers.ch\/de\/erlebnisse\/besichtigung-verkostung\/","name":"Besichtigung und Verkostung von lokalen Produkten aus dem Val-de-Travers","isPartOf":{"@id":"https:\/\/www.myvaldetravers.ch\/de\/#website"},"primaryImageOfPage":{"@id":"https:\/\/www.myvaldetravers.ch\/de\/erlebnisse\/besichtigung-verkostung\/#primaryimage"},"image":{"@id":"https:\/\/www.myvaldetravers.ch\/de\/erlebnisse\/besichtigung-verkostung\/#primaryimage"},"thumbnailUrl":"https:\/\/www.myvaldetravers.ch\/wp-content\/uploads\/2021\/04\/cacao_feves.jpg","datePublished":"2021-04-22T13:53:30+00:00","dateModified":"2025-05-12T07:22:18+00:00","description":"Entdecken Sie die lokalen Produkte des Val-de-Travers bei einer Besichtigung der Produktionsst\u00e4tten. Und was w\u00e4re ein Besuch ohne eine Verkostung am Ende?","breadcrumb":{"@id":"https:\/\/www.myvaldetravers.ch\/de\/erlebnisse\/besichtigung-verkostung\/#breadcrumb"},"inLanguage":"de","potentialAction":[{"@type":"ReadAction","target":["https:\/\/www.myvaldetravers.ch\/de\/erlebnisse\/besichtigung-verkostung\/"]}]},{"@type":"ImageObject","inLanguage":"de","@id":"https:\/\/www.myvaldetravers.ch\/de\/erlebnisse\/besichtigung-verkostung\/#primaryimage","url":"https:\/\/www.myvaldetravers.ch\/wp-content\/uploads\/2021\/04\/cacao_feves.jpg","contentUrl":"https:\/\/www.myvaldetravers.ch\/wp-content\/uploads\/2021\/04\/cacao_feves.jpg","width":1920,"height":500},{"@type":"BreadcrumbList","@id":"https:\/\/www.myvaldetravers.ch\/de\/erlebnisse\/besichtigung-verkostung\/#breadcrumb","itemListElement":[{"@type":"ListItem","position":1,"name":"Accueil","item":"https:\/\/www.myvaldetravers.ch\/de\/"},{"@type":"ListItem","position":2,"name":"Erlebnisse","item":"https:\/\/www.myvaldetravers.ch\/de\/erlebnisse\/"},{"@type":"ListItem","position":3,"name":"Besichtigung und Verkostung von lokalen Produkten"}]},{"@type":"WebSite","@id":"https:\/\/www.myvaldetravers.ch\/de\/#website","url":"https:\/\/www.myvaldetravers.ch\/de\/","name":"Destination Val-de-Travers","description":"Il y a toujours quelque chose \u00e0 faire au Val-de-Travers.","potentialAction":[{"@type":"SearchAction","target":{"@type":"EntryPoint","urlTemplate":"https:\/\/www.myvaldetravers.ch\/de\/?s={search_term_string}"},"query-input":{"@type":"PropertyValueSpecification","valueRequired":true,"valueName":"search_term_string"}}],"inLanguage":"de"}]}},"_links":{"self":[{"href":"https:\/\/www.myvaldetravers.ch\/de\/wp-json\/wp\/v2\/pages\/6017"}],"collection":[{"href":"https:\/\/www.myvaldetravers.ch\/de\/wp-json\/wp\/v2\/pages"}],"about":[{"href":"https:\/\/www.myvaldetravers.ch\/de\/wp-json\/wp\/v2\/types\/page"}],"author":[{"embeddable":true,"href":"https:\/\/www.myvaldetravers.ch\/de\/wp-json\/wp\/v2\/users\/73"}],"replies":[{"embeddable":true,"href":"https:\/\/www.myvaldetravers.ch\/de\/wp-json\/wp\/v2\/comments?post=6017"}],"version-history":[{"count":15,"href":"https:\/\/www.myvaldetravers.ch\/de\/wp-json\/wp\/v2\/pages\/6017\/revisions"}],"predecessor-version":[{"id":14220,"href":"https:\/\/www.myvaldetravers.ch\/de\/wp-json\/wp\/v2\/pages\/6017\/revisions\/14220"}],"up":[{"embeddable":true,"href":"https:\/\/www.myvaldetravers.ch\/de\/wp-json\/wp\/v2\/pages\/2155"}],"wp:featuredmedia":[{"embeddable":true,"href":"https:\/\/www.myvaldetravers.ch\/de\/wp-json\/wp\/v2\/media\/6041"}],"wp:attachment":[{"href":"https:\/\/www.myvaldetravers.ch\/de\/wp-json\/wp\/v2\/media?parent=6017"}],"curies":[{"name":"wp","href":"https:\/\/api.w.org\/{rel}","templated":true}]}}