{"id":6045,"date":"2021-04-22T15:41:35","date_gmt":"2021-04-22T13:41:35","guid":{"rendered":"https:\/\/www.myvaldetravers.ch\/?page_id=6045"},"modified":"2025-08-21T12:14:14","modified_gmt":"2025-08-21T10:14:14","slug":"verkaufsstellen","status":"publish","type":"page","link":"https:\/\/www.myvaldetravers.ch\/de\/erlebnisse\/verkaufsstellen\/","title":{"rendered":"Verkaufsstellen"},"content":{"rendered":"<p>[vc_row][vc_column][vc_column_text]In jedem Dorf finden Sie eine Verkaufsstelle oder einen kleinen Laden, der Ihnen die guten Produkte unserer lokalen Handwerker anbietet! Warten Sie nicht l\u00e4nger und holen Sie sich ein St\u00fcck des Val-de-Travers nach Hause![\/vc_column_text][vc_separator][vc_column_text]<\/p>\n<ul>\n<li><a href=\"#noiraigue\">Verkaufsstelle in Noiraigue<\/a><\/li>\n<li><a href=\"#travers\">Verkaufsstelle in Travers<\/a><\/li>\n<li><a href=\"#couvet\">Verkaufsstelle in Couvet<\/a><\/li>\n<li><a href=\"#motiers\">Verkaufsstelle in M\u00f4tiers<\/a><\/li>\n<li><a href=\"#fleurier\">Verkaufsstelle in Fleurier<\/a><\/li>\n<li><a href=\"#buttes\">Verkaufsstelle in Buttes<\/a><\/li>\n<li><a href=\"#bayards\">Verkaufsstelle in Bayards<\/a><\/li>\n<\/ul>\n<p>[\/vc_column_text][\/vc_column][\/vc_row][vc_row][vc_column width=&#8221;1\/2&#8243;][vc_text_separator title=&#8221;Noiraigue&#8221;][vc_column_text]<a name=\"noiraigue\"><\/a>[\/vc_column_text][vc_column_text]<\/p>\n<h6><strong>Boutique am Bahnhof Noiraigue<\/strong><\/h6>\n<p>Im Bahnhof Noiraigue werden Sie sicher f\u00fcndig. Absinthe, Pralinen, landwirtschaftliche Produkte, K\u00e4se und Charcuterie sind nur einige der angebotenen Produkte. Auf dem R\u00fcckweg von den Gorges de l&#8217;Areuse oder dem Creux du Van sollten Sie nicht z\u00f6gern, einen Stopp einzulegen!<\/p>\n<p><strong>Boutique Go\u00fbt &amp; R\u00e9gion<\/strong><br \/>\nPlace de la Gare 1<br \/>\n2103 Noiraigue<br \/>\nT 032 864b 90 64<br \/>\n<a href=\"mailto:info@gout-region.ch\">info@gout-region.ch<\/a><br \/>\n<a href=\"https:\/\/www.gout-region.ch\/\" target=\"_blank\" rel=\"noopener\">www.gout-region.ch<\/a>[\/vc_column_text][vc_single_image image=&#8221;7069&#8243;][\/vc_column][vc_column width=&#8221;1\/2&#8243;][vc_text_separator title=&#8221;&#8221; color=&#8221;white&#8221;][vc_column_text][\/vc_column_text][vc_gallery interval=&#8221;3&#8243; images=&#8221;5977,6047&#8243; img_size=&#8221;large&#8221;][\/vc_column][\/vc_row][vc_row][vc_column width=&#8221;1\/2&#8243;][vc_text_separator title=&#8221;Travers&#8221;][vc_column_text]<a name=\"travers\"><\/a>[\/vc_column_text][vc_column_text]<\/p>\n<h6>Discount ABC<\/h6>\n<p>Die St\u00e4rke des Discount ABC in Travers? Seine Produktvielfalt und seine vielen lokalen Produkte! Hier finden Sie das ganze Jahr \u00fcber, was Sie brauchen!<\/p>\n<p><strong>Discount ABC<\/strong><br \/>\nRue Mi\u00e9ville 11<br \/>\n2105 Travers<br \/>\nT 032 863 13 63<br \/>\n<a href=\"mailto:info@discountabc.ch\">info@discountabc.ch<\/a><br \/>\n<a href=\"https:\/\/www.discountabc.ch\/\" target=\"_blank\" rel=\"noopener noreferrer\">www.discountabc.ch<\/a>[\/vc_column_text][\/vc_column][vc_column width=&#8221;1\/2&#8243;][vc_text_separator title=&#8221;&#8221; color=&#8221;white&#8221;][vc_column_text][\/vc_column_text][vc_gallery interval=&#8221;3&#8243; images=&#8221;6053&#8243; img_size=&#8221;large&#8221;][\/vc_column][\/vc_row][vc_row][vc_column width=&#8221;1\/2&#8243;][vc_separator][vc_column_text]<\/p>\n<h6>Au Grenier Gourmand<\/h6>\n<p>Marmeladen, Sirupe, Mineurs Nudeln (mit Holzkohle) oder F\u00e9es Nudeln (mit Absinth) Risotto und andere K\u00f6stlichkeiten erwarten Sie im Grenier Gourmand!<\/p>\n<p><strong>Au Grenier Gourmand<\/strong><br \/>\nRue du Stand 5<br \/>\n2113 Boveresse<br \/>\nT 078 716 34 64<br \/>\n<a href=\"mailto:info@augreniergourmand.ch\" data-cke-saved-href=\"mailto:daniel@augreniergourmand.ch\">info@augreniergourmand.ch<\/a><br \/>\n<a href=\"https:\/\/augreniergourmand.ch\/\" target=\"_blank\" rel=\"noopener\">www.augreniergourmand.ch<\/a>[\/vc_column_text][\/vc_column][vc_column width=&#8221;1\/2&#8243;][vc_text_separator title=&#8221;&#8221; color=&#8221;white&#8221;][vc_gallery interval=&#8221;3&#8243; images=&#8221;6056,6059,6062&#8243; img_size=&#8221;large&#8221; el_class=&#8221;testgalerie&#8221;][\/vc_column][\/vc_row][vc_row][vc_column width=&#8221;1\/2&#8243;][vc_separator][vc_column_text]<\/p>\n<h6>LE PETIT BUFFLE \u2013 HOFLADEN<\/h6>\n<p>Der Hof St\u00e4hli freut sich, Sie in seinem Hofladen begr\u00fcssen zu d\u00fcrfen! Hier bekommen Sie alles, was das Herz des B\u00fcffelliebhabers begehrt: K\u00e4se, Milch, Glace und Fleisch vom B\u00fcffel sowie Eier, hausgemachte Konfit\u00fcren und besonders sch\u00f6ne Accessoires rund um das Thema B\u00fcffel..<\/p>\n<p><strong>Le Petit Buffle<br \/>\n<\/strong>Ferme Sth\u00e4li<br \/>\nLes Quarres 3<br \/>\n2105 Travers<br \/>\nT 079 138 27 29<br \/>\n<a href=\"mailto:info@staehliproduitsfermiers.ch\">info@staehliproduitsfermiers.ch<\/a><br \/>\n<a href=\"https:\/\/www.staehliproduitsfermiers.ch\/home-de\/hofladen\/\" target=\"_blank\" rel=\"noopener\">www.staehliproduitsfermiers.ch<\/a>[\/vc_column_text][vc_single_image image=&#8221;7069&#8243;][\/vc_column][vc_column width=&#8221;1\/2&#8243;][vc_text_separator title=&#8221;&#8221; color=&#8221;white&#8221;][vc_gallery interval=&#8221;3&#8243; images=&#8221;7133,7130,7124,7121,7115&#8243; img_size=&#8221;large&#8221;][\/vc_column][\/vc_row][vc_row][vc_column width=&#8221;1\/2&#8243;][vc_separator][vc_column_text]<\/p>\n<h6>Boutique des Asphaltminen<\/h6>\n<p>Die Boutique des Asphaltminen bietet viele hochwertige und abwechslungsreiche Produkte.<\/p>\n<p><strong>Mines d&#8217;asphalte<\/strong><br \/>\nSite de la Presta<br \/>\n2105 Travers<br \/>\nT 032 864 90 64<br \/>\n<a href=\"mailto:info@gout-region.ch\">info@gout-region.ch<\/a><br \/>\n<a href=\"https:\/\/www.mines-asphalte.ch\/boutique\/\" target=\"_blank\" rel=\"noopener\">www.mines-asphalte.ch<\/a>[\/vc_column_text][vc_single_image image=&#8221;7069&#8243;][\/vc_column][vc_column width=&#8221;1\/2&#8243;][vc_text_separator title=&#8221;&#8221; color=&#8221;white&#8221;][vc_gallery interval=&#8221;3&#8243; images=&#8221;6080,6083&#8243; img_size=&#8221;large&#8221;][\/vc_column][\/vc_row][vc_row][vc_column width=&#8221;1\/2&#8243;][vc_separator][vc_column_text]<\/p>\n<h6>Boutique des H\u00f4tel de l&#8217;Aigle<\/h6>\n<p>Ein Laden im Inneren des H\u00f4tel de l&#8217;Aigle bietet eine grosse Auswahl an lokalen Produkten. Sie m\u00fcssen nicht im Hotel bleiben, um sich zu verw\u00f6hnen!<\/p>\n<p><strong>H\u00f4tel Restaurant de l&#8217;Aigle<\/strong><br \/>\nGrand&#8217;Rue 27<br \/>\n2108 Couvet<br \/>\nT 032 864 90 50<br \/>\n<a href=\"mailto:info@gout-region.ch\">info@gout-region.ch<\/a><br \/>\n<a href=\"https:\/\/www.hotel-aigle.ch\/\" target=\"_blank\" rel=\"noopener\">www.hotel-aigle.ch<\/a>[\/vc_column_text][vc_single_image image=&#8221;7069&#8243;][\/vc_column][vc_column width=&#8221;1\/2&#8243;][vc_text_separator title=&#8221;&#8221; color=&#8221;white&#8221;][vc_gallery interval=&#8221;3&#8243; images=&#8221;6068,6071,6074&#8243; img_size=&#8221;large&#8221;][\/vc_column][\/vc_row][vc_row][vc_column width=&#8221;1\/2&#8243;][vc_text_separator title=&#8221;M\u00f4tiers&#8221;][vc_column_text]<a name=\"motiers\"><\/a>[\/vc_column_text][vc_column_text]<\/p>\n<h6>Glace de la Ferme &#8211; Famille Schopfer<\/h6>\n<div class=\"tm_pb_text tm_pb_module tm_pb_bg_layout_light tm_pb_text_align_left tm_pb_text_2\">\n<p>Lassen Sie sich nicht von dem Namen t\u00e4uschen, Les Glaces de la Ferme ist viel mehr als nur Eiscreme! Eier, lokales Fleisch, b\u00e4uerliche Produkte, Mehl und viele andere \u00dcberraschungen erwarten Sie!<\/p>\n<p><strong>Glace de la Ferme<\/strong><br \/>\nRue du Ch\u00e2teau 8<br \/>\n2112 M\u00f4tiers<br \/>\nT 079 708 39 31<br \/>\n<a href=\"glaceschopfer@gmail.com\">glaceschopfer@gmail.com<\/a><br \/>\n<a href=\"https:\/\/www.facebook.com\/Glace-de-la-Ferme-Famille-Schopfer-635102449840341\/\" target=\"_blank\" rel=\"noopener\">Page Facebook<\/a><\/p>\n<\/div>\n<p>[\/vc_column_text][\/vc_column][vc_column width=&#8221;1\/2&#8243;][vc_text_separator title=&#8221;&#8221; color=&#8221;white&#8221;][vc_column_text][\/vc_column_text][vc_gallery interval=&#8221;3&#8243; images=&#8221;6086,6089,6092&#8243; img_size=&#8221;large&#8221; el_class=&#8221;testgalerie&#8221;][\/vc_column][\/vc_row][vc_row][vc_column width=&#8221;1\/2&#8243;][vc_separator][vc_column_text]<\/p>\n<h6><strong>MAISON DE L\u2019ABSINTHE<\/strong><\/h6>\n<div class=\"tm_pb_text tm_pb_module tm_pb_bg_layout_light tm_pb_text_align_left tm_pb_text_2\">\n<p>Sobald Sie eintreten, wird Sie der Geruch in das wunderbare Land des Absinths versetzen. Aber die Boutique Maison de l\u2019Absinthe hat viel mehr zu bieten als einfache, aber k\u00f6stliche Flaschen. Lokale Produkte, Kleidung und B\u00fccher warten auf Sie!<\/p>\n<p><strong>Maison de l\u2019Absinthe<\/strong><br \/>\nGrande Rue 10<br \/>\n2112 M\u00f4tiers<br \/>\nT 032 860 10 00<br \/>\n<a class=\"sign\" href=\"mailto:info@maison-absinthe.ch\">info@maison-absinthe.ch<\/a><br \/>\n<a href=\"https:\/\/www.maison-absinthe.ch\/page.php?label=home\" target=\"_blank\" rel=\"noopener\">www.maison-absinthe.ch<\/a><\/p>\n<\/div>\n<div class=\"tm_pb_text tm_pb_module tm_pb_bg_layout_light tm_pb_text_align_left tm_pb_text_2\"><\/div>\n<p>[\/vc_column_text][vc_single_image image=&#8221;7069&#8243;][\/vc_column][vc_column width=&#8221;1\/2&#8243;][vc_text_separator title=&#8221;&#8221; color=&#8221;white&#8221;][vc_gallery interval=&#8221;3&#8243; images=&#8221;1821,6408&#8243; img_size=&#8221;large&#8221; el_class=&#8221;testgalerie&#8221;][\/vc_column][\/vc_row][vc_row][vc_column width=&#8221;1\/2&#8243;][vc_text_separator title=&#8221;Fleurier&#8221;][vc_column_text]<\/p>\n<h6>Chez Steffy<\/h6>\n<div class=\"tm_pb_text tm_pb_module tm_pb_bg_layout_light tm_pb_text_align_left tm_pb_text_2\">\n<p>Chez Steffy ist ein K\u00e4seladen, der sich auf lokale Produkte konzentriert, aber nicht nur! Meringues, hausgemachte Biere, eine Auswahl an Fleisch, \u00d6l und Mehl sind ebenfalls erh\u00e4ltlich!<\/p>\n<p><strong>Chez Steffy<\/strong><br \/>\nGrand-Rue 26a<br \/>\n2114 Fleurier<br \/>\nT 032 861 16 61<br \/>\n<a href=\"mailto:chez-steffy-laiterie@hotmail.com\" target=\"_blank\" rel=\"noopener\">chez-steffy-laiterie@hotmail.com<\/a><br \/>\n<a href=\"http:\/\/www.laiterie-chez-steffy.ch\" target=\"_blank\" rel=\"noopener\">www.laiterie-chez-steffy.ch<\/a><\/p>\n<\/div>\n<p>[\/vc_column_text][\/vc_column][vc_column width=&#8221;1\/2&#8243;][vc_separator][vc_gallery interval=&#8221;3&#8243; images=&#8221;6105,6108&#8243; img_size=&#8221;large&#8221; el_class=&#8221;testgalerie&#8221;][\/vc_column][\/vc_row][vc_row][vc_column width=&#8221;1\/2&#8243;][vc_text_separator title=&#8221;Buttes&#8221;][vc_column_text]<a name=\"buttes\"><\/a>[\/vc_column_text][vc_column_text]<\/p>\n<h6>Laden le Foyer<\/h6>\n<p>Wenn Sie vor der Weiterfahrt noch ein Andenken an das Val-de-Travers kaufen m\u00f6chten, werden Sie im kleinen Laden in Buttes f\u00fcndig.<\/p>\n<p><strong>Le Foyer<\/strong><br \/>\nRue du Milieu 7<br \/>\n2115\u00a0Buttes<br \/>\nT 032 861 12 43[\/vc_column_text][\/vc_column][vc_column width=&#8221;1\/2&#8243;][\/vc_column][\/vc_row][vc_row][vc_column width=&#8221;1\/2&#8243;][vc_text_separator title=&#8221;Les Bayards&#8221;][vc_column_text]<a name=\"bayards\"><\/a>[\/vc_column_text][vc_column_text]<\/p>\n<h6>Au P&#8217;tit Moulin<\/h6>\n<div class=\"tm_pb_text tm_pb_module tm_pb_bg_layout_light tm_pb_text_align_left tm_pb_text_2\">\n<p>Lokale Produkte, darunter eine grosse Auswahl an K\u00e4se und Geselligkeit, das ist es, was Sie im &#8220;Au P&#8217;tit Moulin&#8221; erwartet!<\/p>\n<p><strong>Au P&#8217;tit Moulin<br \/>\n<\/strong>Quartier du Milieu 76<br \/>\n2127 Les Bayards<br \/>\nT 032 866 12 40<\/p>\n<\/div>\n<p>[\/vc_column_text][\/vc_column][vc_column width=&#8221;1\/2&#8243;][\/vc_column][\/vc_row][vc_row][vc_column][vc_column_text]<\/p>\n<p>[\/vc_column_text][\/vc_column][\/vc_row]<\/p>\n","protected":false},"excerpt":{"rendered":"<p>[vc_row][vc_column][vc_column_text]In jedem Dorf finden Sie eine Verkaufsstelle oder einen kleinen Laden, der Ihnen die guten Produkte unserer lokalen Handwerker anbietet! Warten Sie nicht l\u00e4nger und holen Sie sich ein St\u00fcck&hellip;<\/p>\n","protected":false},"author":73,"featured_media":6073,"parent":2155,"menu_order":0,"comment_status":"closed","ping_status":"closed","template":"","meta":{"footnotes":""},"yoast_head":"<!-- This site is optimized with the Yoast SEO plugin v23.5 - https:\/\/yoast.com\/wordpress\/plugins\/seo\/ -->\n<title>Verkaufsstellen f\u00fcr lokale Produkte im Val-de-Travers<\/title>\n<meta name=\"description\" content=\"Im Val-de-Travers hat jedes Dorf einen kleinen Laden oder eine Verkaufsstelle f\u00fcr lokale Produkte! Bringen Sie ein St\u00fcck des Vallon nach Hause!\" \/>\n<meta name=\"robots\" content=\"index, follow, max-snippet:-1, max-image-preview:large, max-video-preview:-1\" \/>\n<link rel=\"canonical\" href=\"https:\/\/www.myvaldetravers.ch\/de\/erlebnisse\/verkaufsstellen\/\" \/>\n<meta property=\"og:locale\" content=\"de_DE\" \/>\n<meta property=\"og:type\" content=\"article\" \/>\n<meta property=\"og:title\" content=\"Verkaufsstellen f\u00fcr lokale Produkte im Val-de-Travers\" \/>\n<meta property=\"og:description\" content=\"Im Val-de-Travers hat jedes Dorf einen kleinen Laden oder eine Verkaufsstelle f\u00fcr lokale Produkte! Bringen Sie ein St\u00fcck des Vallon nach Hause!\" \/>\n<meta property=\"og:url\" content=\"https:\/\/www.myvaldetravers.ch\/de\/erlebnisse\/verkaufsstellen\/\" \/>\n<meta property=\"og:site_name\" content=\"Destination Val-de-Travers\" \/>\n<meta property=\"article:publisher\" content=\"https:\/\/www.facebook.com\/DestinationValdeTravers\/\" \/>\n<meta property=\"article:modified_time\" content=\"2025-08-21T10:14:14+00:00\" \/>\n<meta property=\"og:image\" content=\"https:\/\/www.myvaldetravers.ch\/wp-content\/uploads\/2021\/04\/20201201_094310-scaled.jpg\" \/>\n\t<meta property=\"og:image:width\" content=\"2560\" \/>\n\t<meta property=\"og:image:height\" content=\"1920\" \/>\n\t<meta property=\"og:image:type\" content=\"image\/jpeg\" \/>\n<meta name=\"twitter:card\" content=\"summary_large_image\" \/>\n<meta name=\"twitter:label1\" content=\"Gesch\u00e4tzte Lesezeit\" \/>\n\t<meta name=\"twitter:data1\" content=\"4\u00a0Minuten\" \/>\n<script type=\"application\/ld+json\" class=\"yoast-schema-graph\">{\"@context\":\"https:\/\/schema.org\",\"@graph\":[{\"@type\":\"WebPage\",\"@id\":\"https:\/\/www.myvaldetravers.ch\/de\/erlebnisse\/verkaufsstellen\/\",\"url\":\"https:\/\/www.myvaldetravers.ch\/de\/erlebnisse\/verkaufsstellen\/\",\"name\":\"Verkaufsstellen f\u00fcr lokale Produkte im Val-de-Travers\",\"isPartOf\":{\"@id\":\"https:\/\/www.myvaldetravers.ch\/de\/#website\"},\"primaryImageOfPage\":{\"@id\":\"https:\/\/www.myvaldetravers.ch\/de\/erlebnisse\/verkaufsstellen\/#primaryimage\"},\"image\":{\"@id\":\"https:\/\/www.myvaldetravers.ch\/de\/erlebnisse\/verkaufsstellen\/#primaryimage\"},\"thumbnailUrl\":\"https:\/\/www.myvaldetravers.ch\/wp-content\/uploads\/2021\/04\/20201201_094310-scaled.jpg\",\"datePublished\":\"2021-04-22T13:41:35+00:00\",\"dateModified\":\"2025-08-21T10:14:14+00:00\",\"description\":\"Im Val-de-Travers hat jedes Dorf einen kleinen Laden oder eine Verkaufsstelle f\u00fcr lokale Produkte! Bringen Sie ein St\u00fcck des Vallon nach Hause!\",\"breadcrumb\":{\"@id\":\"https:\/\/www.myvaldetravers.ch\/de\/erlebnisse\/verkaufsstellen\/#breadcrumb\"},\"inLanguage\":\"de\",\"potentialAction\":[{\"@type\":\"ReadAction\",\"target\":[\"https:\/\/www.myvaldetravers.ch\/de\/erlebnisse\/verkaufsstellen\/\"]}]},{\"@type\":\"ImageObject\",\"inLanguage\":\"de\",\"@id\":\"https:\/\/www.myvaldetravers.ch\/de\/erlebnisse\/verkaufsstellen\/#primaryimage\",\"url\":\"https:\/\/www.myvaldetravers.ch\/wp-content\/uploads\/2021\/04\/20201201_094310-scaled.jpg\",\"contentUrl\":\"https:\/\/www.myvaldetravers.ch\/wp-content\/uploads\/2021\/04\/20201201_094310-scaled.jpg\",\"width\":2560,\"height\":1920},{\"@type\":\"BreadcrumbList\",\"@id\":\"https:\/\/www.myvaldetravers.ch\/de\/erlebnisse\/verkaufsstellen\/#breadcrumb\",\"itemListElement\":[{\"@type\":\"ListItem\",\"position\":1,\"name\":\"Accueil\",\"item\":\"https:\/\/www.myvaldetravers.ch\/de\/\"},{\"@type\":\"ListItem\",\"position\":2,\"name\":\"Erlebnisse\",\"item\":\"https:\/\/www.myvaldetravers.ch\/de\/erlebnisse\/\"},{\"@type\":\"ListItem\",\"position\":3,\"name\":\"Verkaufsstellen\"}]},{\"@type\":\"WebSite\",\"@id\":\"https:\/\/www.myvaldetravers.ch\/de\/#website\",\"url\":\"https:\/\/www.myvaldetravers.ch\/de\/\",\"name\":\"Destination Val-de-Travers\",\"description\":\"Il y a toujours quelque chose \u00e0 faire au Val-de-Travers.\",\"potentialAction\":[{\"@type\":\"SearchAction\",\"target\":{\"@type\":\"EntryPoint\",\"urlTemplate\":\"https:\/\/www.myvaldetravers.ch\/de\/?s={search_term_string}\"},\"query-input\":{\"@type\":\"PropertyValueSpecification\",\"valueRequired\":true,\"valueName\":\"search_term_string\"}}],\"inLanguage\":\"de\"}]}<\/script>\n<!-- \/ Yoast SEO plugin. -->","yoast_head_json":{"title":"Verkaufsstellen f\u00fcr lokale Produkte im Val-de-Travers","description":"Im Val-de-Travers hat jedes Dorf einen kleinen Laden oder eine Verkaufsstelle f\u00fcr lokale Produkte! Bringen Sie ein St\u00fcck des Vallon nach Hause!","robots":{"index":"index","follow":"follow","max-snippet":"max-snippet:-1","max-image-preview":"max-image-preview:large","max-video-preview":"max-video-preview:-1"},"canonical":"https:\/\/www.myvaldetravers.ch\/de\/erlebnisse\/verkaufsstellen\/","og_locale":"de_DE","og_type":"article","og_title":"Verkaufsstellen f\u00fcr lokale Produkte im Val-de-Travers","og_description":"Im Val-de-Travers hat jedes Dorf einen kleinen Laden oder eine Verkaufsstelle f\u00fcr lokale Produkte! Bringen Sie ein St\u00fcck des Vallon nach Hause!","og_url":"https:\/\/www.myvaldetravers.ch\/de\/erlebnisse\/verkaufsstellen\/","og_site_name":"Destination Val-de-Travers","article_publisher":"https:\/\/www.facebook.com\/DestinationValdeTravers\/","article_modified_time":"2025-08-21T10:14:14+00:00","og_image":[{"width":2560,"height":1920,"url":"https:\/\/www.myvaldetravers.ch\/wp-content\/uploads\/2021\/04\/20201201_094310-scaled.jpg","type":"image\/jpeg"}],"twitter_card":"summary_large_image","twitter_misc":{"Gesch\u00e4tzte Lesezeit":"4\u00a0Minuten"},"schema":{"@context":"https:\/\/schema.org","@graph":[{"@type":"WebPage","@id":"https:\/\/www.myvaldetravers.ch\/de\/erlebnisse\/verkaufsstellen\/","url":"https:\/\/www.myvaldetravers.ch\/de\/erlebnisse\/verkaufsstellen\/","name":"Verkaufsstellen f\u00fcr lokale Produkte im Val-de-Travers","isPartOf":{"@id":"https:\/\/www.myvaldetravers.ch\/de\/#website"},"primaryImageOfPage":{"@id":"https:\/\/www.myvaldetravers.ch\/de\/erlebnisse\/verkaufsstellen\/#primaryimage"},"image":{"@id":"https:\/\/www.myvaldetravers.ch\/de\/erlebnisse\/verkaufsstellen\/#primaryimage"},"thumbnailUrl":"https:\/\/www.myvaldetravers.ch\/wp-content\/uploads\/2021\/04\/20201201_094310-scaled.jpg","datePublished":"2021-04-22T13:41:35+00:00","dateModified":"2025-08-21T10:14:14+00:00","description":"Im Val-de-Travers hat jedes Dorf einen kleinen Laden oder eine Verkaufsstelle f\u00fcr lokale Produkte! Bringen Sie ein St\u00fcck des Vallon nach Hause!","breadcrumb":{"@id":"https:\/\/www.myvaldetravers.ch\/de\/erlebnisse\/verkaufsstellen\/#breadcrumb"},"inLanguage":"de","potentialAction":[{"@type":"ReadAction","target":["https:\/\/www.myvaldetravers.ch\/de\/erlebnisse\/verkaufsstellen\/"]}]},{"@type":"ImageObject","inLanguage":"de","@id":"https:\/\/www.myvaldetravers.ch\/de\/erlebnisse\/verkaufsstellen\/#primaryimage","url":"https:\/\/www.myvaldetravers.ch\/wp-content\/uploads\/2021\/04\/20201201_094310-scaled.jpg","contentUrl":"https:\/\/www.myvaldetravers.ch\/wp-content\/uploads\/2021\/04\/20201201_094310-scaled.jpg","width":2560,"height":1920},{"@type":"BreadcrumbList","@id":"https:\/\/www.myvaldetravers.ch\/de\/erlebnisse\/verkaufsstellen\/#breadcrumb","itemListElement":[{"@type":"ListItem","position":1,"name":"Accueil","item":"https:\/\/www.myvaldetravers.ch\/de\/"},{"@type":"ListItem","position":2,"name":"Erlebnisse","item":"https:\/\/www.myvaldetravers.ch\/de\/erlebnisse\/"},{"@type":"ListItem","position":3,"name":"Verkaufsstellen"}]},{"@type":"WebSite","@id":"https:\/\/www.myvaldetravers.ch\/de\/#website","url":"https:\/\/www.myvaldetravers.ch\/de\/","name":"Destination Val-de-Travers","description":"Il y a toujours quelque chose \u00e0 faire au Val-de-Travers.","potentialAction":[{"@type":"SearchAction","target":{"@type":"EntryPoint","urlTemplate":"https:\/\/www.myvaldetravers.ch\/de\/?s={search_term_string}"},"query-input":{"@type":"PropertyValueSpecification","valueRequired":true,"valueName":"search_term_string"}}],"inLanguage":"de"}]}},"_links":{"self":[{"href":"https:\/\/www.myvaldetravers.ch\/de\/wp-json\/wp\/v2\/pages\/6045"}],"collection":[{"href":"https:\/\/www.myvaldetravers.ch\/de\/wp-json\/wp\/v2\/pages"}],"about":[{"href":"https:\/\/www.myvaldetravers.ch\/de\/wp-json\/wp\/v2\/types\/page"}],"author":[{"embeddable":true,"href":"https:\/\/www.myvaldetravers.ch\/de\/wp-json\/wp\/v2\/users\/73"}],"replies":[{"embeddable":true,"href":"https:\/\/www.myvaldetravers.ch\/de\/wp-json\/wp\/v2\/comments?post=6045"}],"version-history":[{"count":24,"href":"https:\/\/www.myvaldetravers.ch\/de\/wp-json\/wp\/v2\/pages\/6045\/revisions"}],"predecessor-version":[{"id":14476,"href":"https:\/\/www.myvaldetravers.ch\/de\/wp-json\/wp\/v2\/pages\/6045\/revisions\/14476"}],"up":[{"embeddable":true,"href":"https:\/\/www.myvaldetravers.ch\/de\/wp-json\/wp\/v2\/pages\/2155"}],"wp:featuredmedia":[{"embeddable":true,"href":"https:\/\/www.myvaldetravers.ch\/de\/wp-json\/wp\/v2\/media\/6073"}],"wp:attachment":[{"href":"https:\/\/www.myvaldetravers.ch\/de\/wp-json\/wp\/v2\/media?parent=6045"}],"curies":[{"name":"wp","href":"https:\/\/api.w.org\/{rel}","templated":true}]}}