{"id":6160,"date":"2021-04-22T15:15:11","date_gmt":"2021-04-22T13:15:11","guid":{"rendered":"https:\/\/www.myvaldetravers.ch\/?page_id=6160"},"modified":"2025-08-21T12:13:51","modified_gmt":"2025-08-21T10:13:51","slug":"direktverkauf","status":"publish","type":"page","link":"https:\/\/www.myvaldetravers.ch\/de\/erlebnisse\/direktverkauf\/","title":{"rendered":"Direktverkauf von lokalen Produkten"},"content":{"rendered":"<p>[vc_row][vc_column][vc_column_text]Auf dieser Seite finden Sie die Kunsthandwerker und Produzenten des Val-de-Travers, die Sie gerne in ihren spezifischen Verkaufsr\u00e4umen begr\u00fc\u00dfen.<\/p>\n<p>.<\/p>\n<p>Wir informieren Sie, dass nicht alle von ihnen bestimmte \u00d6ffnungszeiten haben. Bitte erkundigen Sie sich vorher \u00fcber deren Kontaktinformationen.[\/vc_column_text][vc_separator][vc_column_text]<\/p>\n<ul>\n<li><a href=\"#travers\">Produzenten in Travers<\/a><\/li>\n<li><a href=\"#motiers\">Produzenten in M\u00f4tiers<\/a><\/li>\n<li><a href=\"#boveresse\">Produzenten in Boveresse<\/a><\/li>\n<li><a href=\"#fleurier\">Produzenten in Fleurier<\/a><\/li>\n<li><a href=\"#buttes\">Produzenten in Buttes<\/a><\/li>\n<\/ul>\n<p>[\/vc_column_text][\/vc_column][\/vc_row][vc_row][vc_column width=&#8221;1\/2&#8243;][vc_text_separator title=&#8221;Travers&#8221;][vc_column_text]<a name=\"travers\"><\/a>[\/vc_column_text][vc_column_text]<\/p>\n<h6>Le Petit Buffle &#8211; Hofladen<\/h6>\n<p>Der Hof St\u00e4hli freut sich, Sie in seinem Hofladen begr\u00fcssen zu d\u00fcrfen! Hier bekommen Sie alles, was das Herz des B\u00fcffelliebhabers begehrt: K\u00e4se, Milch, Glace und Fleisch vom B\u00fcffel sowie Eier, hausgemachte Konfit\u00fcren und besonders sch\u00f6ne Accessoires rund um das Thema B\u00fcffel..<\/p>\n<p><b>Le Petit Buffle<br \/>\n<\/b><b><\/b>Ferme Sth\u00e4li<br \/>\nLes Quarres 3<br \/>\n2105 Travers<br \/>\nT 079 138 27 29<br \/>\n<a href=\"mailto:info@staehliproduitsfermiers.ch\">info@staehliproduitsfermiers.ch<\/a><br \/>\n<a href=\"https:\/\/www.staehliproduitsfermiers.ch\/home-de\/hofladen\/\" target=\"_blank\" rel=\"noopener\">www.staehliproduitsfermiers.ch<\/a>[\/vc_column_text][vc_single_image image=&#8221;9012&#8243;][\/vc_column][vc_column width=&#8221;1\/2&#8243;][vc_separator color=&#8221;white&#8221;][vc_gallery interval=&#8221;3&#8243; images=&#8221;7115,7121,7124,7130,7133&#8243; img_size=&#8221;large&#8221;][\/vc_column][\/vc_row][vc_row][vc_column width=&#8221;1\/2&#8243;][vc_text_separator title=&#8221;M\u00f4tiers&#8221;][vc_column_text]<a name=\"motiers\"><\/a>[\/vc_column_text][vc_column_text]<\/p>\n<h6><strong>Caves Mauler<\/strong><\/h6>\n<p>Seit 1829 erzeugt die Familie Mauler aussergew\u00f6hnliche Weine in der herrlichen Umgebung des Prieur\u00e9 de St-Pierre in M\u00f4tiers.<\/p>\n<p><strong>Mauler &amp; Cie<\/strong><br \/>\nLe Prieur\u00e9 St-Pierre<br \/>\n2112 M\u00f4tiers<br \/>\nT\u00a0032 862 03 03<br \/>\n<a href=\"mailto:mailbox@mauler.ch\">mailbox@mauler.ch<\/a><br \/>\n<a href=\"https:\/\/www.mauler.ch\/fr\/\" target=\"_blank\" rel=\"noopener\">www.mauler.ch<\/a>[\/vc_column_text][\/vc_column][vc_column width=&#8221;1\/2&#8243;][vc_separator color=&#8221;white&#8221;][vc_column_text][\/vc_column_text][vc_gallery interval=&#8221;3&#8243; images=&#8221;3194,3191&#8243; img_size=&#8221;large&#8221;][\/vc_column][\/vc_row][vc_row][vc_column width=&#8221;1\/2&#8243;][vc_separator][vc_column_text]<\/p>\n<h6>Jacot Haute Chocolaterie<\/h6>\n<p>Die Boutique in M\u00f4tiers bietet Ihnen ein wunderbares Sortiment an Schokolade und anderen Pralin\u00e9s und Spezialit\u00e4ten. Wecken Sie au\u00dferdem Ihre Sinne dank mehrerer Workshops rund um die Schokolade. Weitere Informationen finden Sie <a href=\"https:\/\/jacotchocolaterie.ch\/atelier-degustation\/#\/\">hier<\/a>.<\/p>\n<p><b>Jacot Haute Chocolaterie<\/b><br \/>\nGrand-Rue 22<br \/>\n2114 Fleurier<br \/>\nT 058 201 90 09<br \/>\n<a href=\"mailto:info@jacotchocolatier.ch\" target=\"_blank\" rel=\"noopener\">info@jacotchocolatier.ch<\/a><br \/>\n<a href=\"https:\/\/www.jacotchocolatier.ch\/\" target=\"_blank\" rel=\"noopener noreferrer\">www.jacotchocolatier.ch<\/a>[\/vc_column_text][\/vc_column][vc_column width=&#8221;1\/2&#8243;][vc_separator color=&#8221;white&#8221;][vc_gallery interval=&#8221;3&#8243; images=&#8221;12297,12291,12279&#8243; img_size=&#8221;large&#8221;][\/vc_column][\/vc_row][vc_row][vc_column width=&#8221;1\/2&#8243;][vc_separator][vc_column_text]<\/p>\n<h6>Glace de la Ferme &#8211; Famille Schopfer<\/h6>\n<p>Lassen Sie sich nicht von dem Namen t\u00e4uschen, Les Glaces de la Ferme ist viel mehr als nur Eiscreme! Eier, lokales Fleisch, b\u00e4uerliche Produkte, Mehl und viele andere \u00dcberraschungen erwarten Sie!<\/p>\n<p><b>Glace de la Ferme<\/b><br \/>\nRue du Ch\u00e2teau 8<br \/>\n2112 M\u00f4tiers<br \/>\nT 079 708 39 31<br \/>\n<a href=\"glaceschopfer@gmail.com\">glaceschopfer@gmail.com<\/a><br \/>\n<a href=\"https:\/\/www.facebook.com\/Glace-de-la-Ferme-Famille-Schopfer-635102449840341\/\" target=\"_blank\" rel=\"noopener\">Page Facebook<\/a>[\/vc_column_text][\/vc_column][vc_column width=&#8221;1\/2&#8243;][vc_separator color=&#8221;white&#8221;][vc_gallery interval=&#8221;3&#8243; images=&#8221;6092,6089,6086&#8243; img_size=&#8221;large&#8221; el_class=&#8221;testgalerie&#8221;][\/vc_column][\/vc_row][vc_row][vc_column width=&#8221;1\/2&#8243;][vc_text_separator title=&#8221;Boveresse&#8221;][vc_column_text]<a name=\"boveresse\"><\/a>[\/vc_column_text][vc_column_text]<\/p>\n<h6>Au Grenier Gourmand<\/h6>\n<p>Marmeladen, Sirupe, Mineurs Nudeln (mit Holzkohle) oder F\u00e9es Nudeln (mit Absinth) Risotto und andere K\u00f6stlichkeiten erwarten Sie im Grenier Gourmand!<\/p>\n<p><b>Au Grenier Gourmand<\/b><br \/>\nRue du Stand 3<br \/>\n2113 Boveresse<br \/>\nT 078 716 34 64<br \/>\n<a href=\"mailto:info@augreniergourmand.ch\" data-cke-saved-href=\"mailto:daniel@augreniergourmand.ch\">info@augreniergourmand.ch<\/a><br \/>\n<a href=\"https:\/\/augreniergourmand.ch\/\" target=\"_blank\" rel=\"noopener\">www.augreniergourmand.ch<\/a>[\/vc_column_text][\/vc_column][vc_column width=&#8221;1\/2&#8243;][vc_separator color=&#8221;white&#8221;][vc_column_text][\/vc_column_text][vc_gallery interval=&#8221;3&#8243; images=&#8221;6056,6059,6062&#8243; img_size=&#8221;large&#8221; el_class=&#8221;testgalerie&#8221;][\/vc_column][\/vc_row][vc_row][vc_column width=&#8221;1\/2&#8243;][vc_text_separator title=&#8221;Fleurier&#8221;][vc_column_text]<a name=\"fleurier\"><\/a>[\/vc_column_text][vc_column_text]<\/p>\n<h6><strong>Schokolade Douceur des F\u00e9es<\/strong><\/h6>\n<p>Wenn Sie Schokolade und authentische Geschmacksrichtungen m\u00f6gen, dann sind Sie hier genau richtig!<\/p>\n<p><b>Schokolade &#8220;Douceur des F\u00e9es&#8221;<\/b><br \/>\nRue de l&#8217;H\u00f4pital 12<br \/>\n2114 Fleurier<br \/>\nT\u00a0032 861 10 31<br \/>\n<a href=\"mailto:contact@choco-feeverte.com\">contact@choco-feeverte.com<\/a><br \/>\n<a href=\"http:\/\/choco-feeverte.com\/index.html\" target=\"_blank\" rel=\"noopener\">www.choco-feeverte.com<\/a>[\/vc_column_text][\/vc_column][vc_column width=&#8221;1\/2&#8243;][vc_separator color=&#8221;white&#8221;][vc_column_text][\/vc_column_text][vc_gallery interval=&#8221;3&#8243; images=&#8221;6161,6164&#8243; img_size=&#8221;large&#8221;][\/vc_column][\/vc_row][vc_row][vc_column width=&#8221;1\/2&#8243;][vc_text_separator title=&#8221;Buttes&#8221;][vc_column_text]<a name=\"buttes\"><\/a>[\/vc_column_text][vc_column_text]<\/p>\n<h6><strong>Brasserie artisanale Val-de-Travers<\/strong><\/h6>\n<p>Eine Brauerei aus pur &#8220;Vallonniers&#8221;, inmitten unserer Absinth brennenden Freunde! Dies ist der Slogan von &#8220;La BAV&#8221;.<\/p>\n<p><strong>Brasserie artisanale Val-de-Travers<\/strong><br \/>\nFaubourg 19<br \/>\n2115 Buttes<br \/>\n<a href=\"mailto:bavbiere@gmail.com\">bavbiere@gmail.com<\/a><br \/>\n<a href=\"https:\/\/bavbiere.ch\/\" target=\"_blank\" rel=\"noopener\">www.bavbiere.ch<\/a>[\/vc_column_text][\/vc_column][vc_column width=&#8221;1\/2&#8243;][vc_separator color=&#8221;white&#8221;][vc_column_text][\/vc_column_text][vc_gallery interval=&#8221;3&#8243; images=&#8221;6392,6395,6398,6401&#8243; img_size=&#8221;large&#8221; el_class=&#8221;testgalerie&#8221;][\/vc_column][\/vc_row]<\/p>\n","protected":false},"excerpt":{"rendered":"<p>[vc_row][vc_column][vc_column_text]Auf dieser Seite finden Sie die Kunsthandwerker und Produzenten des Val-de-Travers, die Sie gerne in ihren spezifischen Verkaufsr\u00e4umen begr\u00fc\u00dfen. . Wir informieren Sie, dass nicht alle von ihnen bestimmte \u00d6ffnungszeiten&hellip;<\/p>\n","protected":false},"author":73,"featured_media":7129,"parent":2155,"menu_order":0,"comment_status":"closed","ping_status":"closed","template":"","meta":{"footnotes":""},"yoast_head":"<!-- This site is optimized with the Yoast SEO plugin v23.5 - https:\/\/yoast.com\/wordpress\/plugins\/seo\/ -->\n<title>Direktverkauf im Val-de-Travers<\/title>\n<meta name=\"description\" content=\"Die Produzenten und Handwerker des Val-de-Travers warten auf Sie, um ihre lokalen Produkte zu entdecken!\" \/>\n<meta name=\"robots\" content=\"index, follow, max-snippet:-1, max-image-preview:large, max-video-preview:-1\" \/>\n<link rel=\"canonical\" href=\"https:\/\/www.myvaldetravers.ch\/de\/erlebnisse\/direktverkauf\/\" \/>\n<meta property=\"og:locale\" content=\"de_DE\" \/>\n<meta property=\"og:type\" content=\"article\" \/>\n<meta property=\"og:title\" content=\"Direktverkauf im Val-de-Travers\" \/>\n<meta property=\"og:description\" content=\"Die Produzenten und Handwerker des Val-de-Travers warten auf Sie, um ihre lokalen Produkte zu entdecken!\" \/>\n<meta property=\"og:url\" content=\"https:\/\/www.myvaldetravers.ch\/de\/erlebnisse\/direktverkauf\/\" \/>\n<meta property=\"og:site_name\" content=\"Destination Val-de-Travers\" \/>\n<meta property=\"article:publisher\" content=\"https:\/\/www.facebook.com\/DestinationValdeTravers\/\" \/>\n<meta property=\"article:modified_time\" content=\"2025-08-21T10:13:51+00:00\" \/>\n<meta property=\"og:image\" content=\"https:\/\/www.myvaldetravers.ch\/wp-content\/uploads\/2021\/07\/petit_buffle3.png\" \/>\n\t<meta property=\"og:image:width\" content=\"605\" \/>\n\t<meta property=\"og:image:height\" content=\"454\" \/>\n\t<meta property=\"og:image:type\" content=\"image\/png\" \/>\n<meta name=\"twitter:card\" content=\"summary_large_image\" \/>\n<meta name=\"twitter:label1\" content=\"Gesch\u00e4tzte Lesezeit\" \/>\n\t<meta name=\"twitter:data1\" content=\"3\u00a0Minuten\" \/>\n<script type=\"application\/ld+json\" class=\"yoast-schema-graph\">{\"@context\":\"https:\/\/schema.org\",\"@graph\":[{\"@type\":\"WebPage\",\"@id\":\"https:\/\/www.myvaldetravers.ch\/de\/erlebnisse\/direktverkauf\/\",\"url\":\"https:\/\/www.myvaldetravers.ch\/de\/erlebnisse\/direktverkauf\/\",\"name\":\"Direktverkauf im Val-de-Travers\",\"isPartOf\":{\"@id\":\"https:\/\/www.myvaldetravers.ch\/de\/#website\"},\"primaryImageOfPage\":{\"@id\":\"https:\/\/www.myvaldetravers.ch\/de\/erlebnisse\/direktverkauf\/#primaryimage\"},\"image\":{\"@id\":\"https:\/\/www.myvaldetravers.ch\/de\/erlebnisse\/direktverkauf\/#primaryimage\"},\"thumbnailUrl\":\"https:\/\/www.myvaldetravers.ch\/wp-content\/uploads\/2021\/07\/petit_buffle3.png\",\"datePublished\":\"2021-04-22T13:15:11+00:00\",\"dateModified\":\"2025-08-21T10:13:51+00:00\",\"description\":\"Die Produzenten und Handwerker des Val-de-Travers warten auf Sie, um ihre lokalen Produkte zu entdecken!\",\"breadcrumb\":{\"@id\":\"https:\/\/www.myvaldetravers.ch\/de\/erlebnisse\/direktverkauf\/#breadcrumb\"},\"inLanguage\":\"de\",\"potentialAction\":[{\"@type\":\"ReadAction\",\"target\":[\"https:\/\/www.myvaldetravers.ch\/de\/erlebnisse\/direktverkauf\/\"]}]},{\"@type\":\"ImageObject\",\"inLanguage\":\"de\",\"@id\":\"https:\/\/www.myvaldetravers.ch\/de\/erlebnisse\/direktverkauf\/#primaryimage\",\"url\":\"https:\/\/www.myvaldetravers.ch\/wp-content\/uploads\/2021\/07\/petit_buffle3.png\",\"contentUrl\":\"https:\/\/www.myvaldetravers.ch\/wp-content\/uploads\/2021\/07\/petit_buffle3.png\",\"width\":605,\"height\":454},{\"@type\":\"BreadcrumbList\",\"@id\":\"https:\/\/www.myvaldetravers.ch\/de\/erlebnisse\/direktverkauf\/#breadcrumb\",\"itemListElement\":[{\"@type\":\"ListItem\",\"position\":1,\"name\":\"Accueil\",\"item\":\"https:\/\/www.myvaldetravers.ch\/de\/\"},{\"@type\":\"ListItem\",\"position\":2,\"name\":\"Erlebnisse\",\"item\":\"https:\/\/www.myvaldetravers.ch\/de\/erlebnisse\/\"},{\"@type\":\"ListItem\",\"position\":3,\"name\":\"Direktverkauf von lokalen Produkten\"}]},{\"@type\":\"WebSite\",\"@id\":\"https:\/\/www.myvaldetravers.ch\/de\/#website\",\"url\":\"https:\/\/www.myvaldetravers.ch\/de\/\",\"name\":\"Destination Val-de-Travers\",\"description\":\"Il y a toujours quelque chose \u00e0 faire au Val-de-Travers.\",\"potentialAction\":[{\"@type\":\"SearchAction\",\"target\":{\"@type\":\"EntryPoint\",\"urlTemplate\":\"https:\/\/www.myvaldetravers.ch\/de\/?s={search_term_string}\"},\"query-input\":{\"@type\":\"PropertyValueSpecification\",\"valueRequired\":true,\"valueName\":\"search_term_string\"}}],\"inLanguage\":\"de\"}]}<\/script>\n<!-- \/ Yoast SEO plugin. -->","yoast_head_json":{"title":"Direktverkauf im Val-de-Travers","description":"Die Produzenten und Handwerker des Val-de-Travers warten auf Sie, um ihre lokalen Produkte zu entdecken!","robots":{"index":"index","follow":"follow","max-snippet":"max-snippet:-1","max-image-preview":"max-image-preview:large","max-video-preview":"max-video-preview:-1"},"canonical":"https:\/\/www.myvaldetravers.ch\/de\/erlebnisse\/direktverkauf\/","og_locale":"de_DE","og_type":"article","og_title":"Direktverkauf im Val-de-Travers","og_description":"Die Produzenten und Handwerker des Val-de-Travers warten auf Sie, um ihre lokalen Produkte zu entdecken!","og_url":"https:\/\/www.myvaldetravers.ch\/de\/erlebnisse\/direktverkauf\/","og_site_name":"Destination Val-de-Travers","article_publisher":"https:\/\/www.facebook.com\/DestinationValdeTravers\/","article_modified_time":"2025-08-21T10:13:51+00:00","og_image":[{"width":605,"height":454,"url":"https:\/\/www.myvaldetravers.ch\/wp-content\/uploads\/2021\/07\/petit_buffle3.png","type":"image\/png"}],"twitter_card":"summary_large_image","twitter_misc":{"Gesch\u00e4tzte Lesezeit":"3\u00a0Minuten"},"schema":{"@context":"https:\/\/schema.org","@graph":[{"@type":"WebPage","@id":"https:\/\/www.myvaldetravers.ch\/de\/erlebnisse\/direktverkauf\/","url":"https:\/\/www.myvaldetravers.ch\/de\/erlebnisse\/direktverkauf\/","name":"Direktverkauf im Val-de-Travers","isPartOf":{"@id":"https:\/\/www.myvaldetravers.ch\/de\/#website"},"primaryImageOfPage":{"@id":"https:\/\/www.myvaldetravers.ch\/de\/erlebnisse\/direktverkauf\/#primaryimage"},"image":{"@id":"https:\/\/www.myvaldetravers.ch\/de\/erlebnisse\/direktverkauf\/#primaryimage"},"thumbnailUrl":"https:\/\/www.myvaldetravers.ch\/wp-content\/uploads\/2021\/07\/petit_buffle3.png","datePublished":"2021-04-22T13:15:11+00:00","dateModified":"2025-08-21T10:13:51+00:00","description":"Die Produzenten und Handwerker des Val-de-Travers warten auf Sie, um ihre lokalen Produkte zu entdecken!","breadcrumb":{"@id":"https:\/\/www.myvaldetravers.ch\/de\/erlebnisse\/direktverkauf\/#breadcrumb"},"inLanguage":"de","potentialAction":[{"@type":"ReadAction","target":["https:\/\/www.myvaldetravers.ch\/de\/erlebnisse\/direktverkauf\/"]}]},{"@type":"ImageObject","inLanguage":"de","@id":"https:\/\/www.myvaldetravers.ch\/de\/erlebnisse\/direktverkauf\/#primaryimage","url":"https:\/\/www.myvaldetravers.ch\/wp-content\/uploads\/2021\/07\/petit_buffle3.png","contentUrl":"https:\/\/www.myvaldetravers.ch\/wp-content\/uploads\/2021\/07\/petit_buffle3.png","width":605,"height":454},{"@type":"BreadcrumbList","@id":"https:\/\/www.myvaldetravers.ch\/de\/erlebnisse\/direktverkauf\/#breadcrumb","itemListElement":[{"@type":"ListItem","position":1,"name":"Accueil","item":"https:\/\/www.myvaldetravers.ch\/de\/"},{"@type":"ListItem","position":2,"name":"Erlebnisse","item":"https:\/\/www.myvaldetravers.ch\/de\/erlebnisse\/"},{"@type":"ListItem","position":3,"name":"Direktverkauf von lokalen Produkten"}]},{"@type":"WebSite","@id":"https:\/\/www.myvaldetravers.ch\/de\/#website","url":"https:\/\/www.myvaldetravers.ch\/de\/","name":"Destination Val-de-Travers","description":"Il y a toujours quelque chose \u00e0 faire au Val-de-Travers.","potentialAction":[{"@type":"SearchAction","target":{"@type":"EntryPoint","urlTemplate":"https:\/\/www.myvaldetravers.ch\/de\/?s={search_term_string}"},"query-input":{"@type":"PropertyValueSpecification","valueRequired":true,"valueName":"search_term_string"}}],"inLanguage":"de"}]}},"_links":{"self":[{"href":"https:\/\/www.myvaldetravers.ch\/de\/wp-json\/wp\/v2\/pages\/6160"}],"collection":[{"href":"https:\/\/www.myvaldetravers.ch\/de\/wp-json\/wp\/v2\/pages"}],"about":[{"href":"https:\/\/www.myvaldetravers.ch\/de\/wp-json\/wp\/v2\/types\/page"}],"author":[{"embeddable":true,"href":"https:\/\/www.myvaldetravers.ch\/de\/wp-json\/wp\/v2\/users\/73"}],"replies":[{"embeddable":true,"href":"https:\/\/www.myvaldetravers.ch\/de\/wp-json\/wp\/v2\/comments?post=6160"}],"version-history":[{"count":27,"href":"https:\/\/www.myvaldetravers.ch\/de\/wp-json\/wp\/v2\/pages\/6160\/revisions"}],"predecessor-version":[{"id":14475,"href":"https:\/\/www.myvaldetravers.ch\/de\/wp-json\/wp\/v2\/pages\/6160\/revisions\/14475"}],"up":[{"embeddable":true,"href":"https:\/\/www.myvaldetravers.ch\/de\/wp-json\/wp\/v2\/pages\/2155"}],"wp:featuredmedia":[{"embeddable":true,"href":"https:\/\/www.myvaldetravers.ch\/de\/wp-json\/wp\/v2\/media\/7129"}],"wp:attachment":[{"href":"https:\/\/www.myvaldetravers.ch\/de\/wp-json\/wp\/v2\/media?parent=6160"}],"curies":[{"name":"wp","href":"https:\/\/api.w.org\/{rel}","templated":true}]}}