{"id":6375,"date":"2021-04-28T13:08:18","date_gmt":"2021-04-28T11:08:18","guid":{"rendered":"https:\/\/www.myvaldetravers.ch\/gasthoefe-val-de-travers\/"},"modified":"2025-08-21T12:11:13","modified_gmt":"2025-08-21T10:11:13","slug":"gasthoefe","status":"publish","type":"page","link":"https:\/\/www.myvaldetravers.ch\/de\/gasthoefe\/","title":{"rendered":"Gasth\u00f6fe Val-de-Travers"},"content":{"rendered":"<p>[vc_row][vc_column][vc_column_text]In den H\u00f6henlagen des Val-de-Travers finden Sie auf Ihren Wanderungen zahlreiche Berggasth\u00f6fe und Almh\u00fctten. Ob Sie nun etwas trinken oder ein typisches Gericht, oft mit Formage, probieren m\u00f6chten, machen Sie unterwegs Halt und Sie werden immer herzlich willkommen sein. Die meisten dieser Einrichtungen sind nur in den Sommermonaten von April bis Oktober ge\u00f6ffnet.<\/p>\n<p>Viele Einrichtungen finden Sie auf der Website von <a href=\"https:\/\/www.j3l.ch\/de\/Z12123\/val-de-travers\" target=\"_blank\" rel=\"noopener\">Neuch\u00e2tel Tourismus<\/a>.[\/vc_column_text][vc_separator][\/vc_column][\/vc_row][vc_row][vc_column width=&#8221;1\/2&#8243;][vc_column_text]<\/p>\n<h6>LA FERME ROBERT, Creux du Van<\/h6>\n<p>Die Ferme Robert liegt inmitten des Naturschutzgebiets Creux-du-Van, am Fusse des majest\u00e4tischen Zirkus. Wenn Sie sich nach Ruhe sehnen, sich inmitten der Natur und eines Naturschutzgebietes wiederfinden m\u00f6chten, ist dies der perfekte Ort f\u00fcr Sie.<\/p>\n<p>T 032 863 31 40<br \/>\nlafermerobert@bluewin.ch<br \/>\n<a href=\"https:\/\/www.ferme-robert.ch\/le-restaurant\/\" target=\"_blank\" rel=\"noopener\">www.ferme-robert.ch\/le-restaurant\/<\/a>[\/vc_column_text][\/vc_column][vc_column width=&#8221;1\/2&#8243;][vc_gallery interval=&#8221;3&#8243; images=&#8221;1777,1790&#8243; img_size=&#8221;large&#8221;][\/vc_column][\/vc_row][vc_row][vc_column width=&#8221;1\/2&#8243;][vc_separator][vc_column_text]<\/p>\n<h6>Buvette les Oeillons, Creux du Van<\/h6>\n<p>Diese baumbestandene Oase der Ruhe voller Tiere, die eine breite Terrasse umrahmen, auf der der sympathische Wirt gerne ein paar Worte wechselt. Seit 2016 gibt es kein Restaurant mehr, sondern einen Stand-Buvette, der in der sch\u00f6nen Jahreszeit je nach Wetterlage ge\u00f6ffnet ist und Ihnen Getr\u00e4nke, Eis und Schokoriegel anbietet und Ihnen die kleine Pause vor dem grossen Aufstieg zum Soliat erm\u00f6glicht.<\/p>\n<p class=\"font_8\">Les Oeillons 1<br \/>\n2103 Noiraigue<br \/>\nT 032 863 31 35<br \/>\n<a href=\"mailto:ferme@oeillons.ch\" data-auto-recognition=\"true\">ferme@oeillons.ch<\/a><br \/>\n<a href=\"https:\/\/soppel40.wixsite.com\/oeillons\" target=\"_blank\" rel=\"noopener\">www.oeillons.ch<\/a><\/p>\n<p>[\/vc_column_text][\/vc_column][vc_column width=&#8221;1\/2&#8243;][vc_separator color=&#8221;white&#8221;][vc_gallery interval=&#8221;3&#8243; images=&#8221;9056&#8243; img_size=&#8221;large&#8221;][\/vc_column][\/vc_row][vc_row][vc_column width=&#8221;1\/2&#8243;][vc_separator][vc_column_text]<\/p>\n<h6>Restaurant le Soliat, Creux du Van<\/h6>\n<p>Eine grosse Auswahl an kleinen und grossen Speisen, Eis, Desserts, heissen und kalten Getr\u00e4nken, Aperitifs, Weinen und nat\u00fcrlich dem legend\u00e4ren Absinth aus dem Val-de-Travers erwartet Sie in Le Soliat.<\/p>\n<p class=\"font_8\">2108 Couvet<br \/>\nT 032 863 31 36<br \/>\n<a href=\"https:\/\/www.lesoliat.ch\/68\/accueil\">www.lesoliat.ch<\/a><\/p>\n<p>[\/vc_column_text][\/vc_column][vc_column width=&#8221;1\/2&#8243;][vc_separator color=&#8221;white&#8221;][vc_gallery interval=&#8221;3&#8243; images=&#8221;9071&#8243; img_size=&#8221;large&#8221;][\/vc_column][\/vc_row][vc_row][vc_column width=&#8221;1\/2&#8243;][vc_separator][vc_column_text]<\/p>\n<h6>Les Petites Fauconni\u00e8res, Creux du Van<\/h6>\n<p>Das Team der Petites Fauconni\u00e8res empf\u00e4ngt Sie von Mai bis Oktober in einer wundersch\u00f6nen Umgebung. Hier k\u00f6nnen Sie die Windfl\u00fcge von Pilzr\u00f6sti, hausgemachten R\u00f6sti, Malakoffs, Rahm- und Haselnusskuchen neben anderen Spezialit\u00e4ten entdecken. Auf den markierten Rundwegen zu Fu\u00df ben\u00f6tigen Sie 5 Minuten vom Parkplatz Favre oder 5 Minuten mit dem Auto und 25 Minuten vom Creux du Van aus zu Fu\u00df.<\/p>\n<p class=\"font_8\">2108 Couvet<br \/>\nT 032 863 31 22<br \/>\n<a href=\"mailto:buvettedesfauconnieres@gmail.com\">buvettedesfauconnieres@gmail.com<\/a><\/p>\n<p>[\/vc_column_text][\/vc_column][vc_column width=&#8221;1\/2&#8243;][vc_separator color=&#8221;white&#8221;][vc_gallery interval=&#8221;3&#8243; images=&#8221;12395,12392,12398,12389&#8243; img_size=&#8221;large&#8221;][\/vc_column][\/vc_row][vc_row][vc_column width=&#8221;1\/2&#8243;][vc_separator][vc_column_text]<\/p>\n<h6>Restaurant les Pl\u00e2nes, Couvet<\/h6>\n<p>Das Restaurant Les Pl\u00e2nes ist ein ehemaliger Bauernhof aus dem 18. Jahrhundert, der auf 1100 m H\u00f6he liegt. Seine grosse Terrasse mit Blick auf Felder, Wiesen und W\u00e4lder soweit das Auge reicht und auf der anderen Seite des Geb\u00e4udes der Tiefblick auf das mit Weiden ausgekleidete Tal sind die starken Anziehungspunkte dieses typischen Ortes in den Neuenburger Bergen.<\/p>\n<p>2108 Couvet<br \/>\nT 032 863 11 65<br \/>\n<a href=\"mailto:brasserielesplanes@gmail.com\" target=\"_blank\" rel=\"noopener\">brasserielesplanes@gmail.com<\/a><br \/>\n<a href=\"https:\/\/restaurant-lesplanes.ch\/\" target=\"_blank\" rel=\"noopener\">www.restaurant-lesplanes.ch<\/a>[\/vc_column_text][\/vc_column][vc_column width=&#8221;1\/2&#8243;][vc_separator color=&#8221;white&#8221;][vc_gallery interval=&#8221;3&#8243; images=&#8221;8032,8029,8026&#8243; img_size=&#8221;large&#8221;][\/vc_column][\/vc_row][vc_row][vc_column width=&#8221;1\/2&#8243;][vc_separator][vc_column_text]<\/p>\n<h6>Auberge de la Robellaz &#8211; Chez Katon, Buttes<\/h6>\n<p>Katon und sein Team empfangen Sie Sommer wie Winter am oberen Ende des <a href=\"https:\/\/www.myvaldetravers.ch\/de\/erlebnisse\/robella-freizeitpark\/\" target=\"_blank\" rel=\"noopener\">Sessellifts von La Robella<\/a>! Ein famili\u00e4res Restaurant mit guter Laune.<\/p>\n<p>2115 Buttes<br \/>\nT 032 861 13 84\u00a0 ou 076 411 16 73<br \/>\n<a href=\"https:\/\/www.larobellazchezkaton.com\/\" target=\"_blank\" rel=\"noopener\">www.larobellazchezkaton.com<\/a>[\/vc_column_text][\/vc_column][vc_column width=&#8221;1\/2&#8243;][vc_separator color=&#8221;white&#8221;][vc_gallery interval=&#8221;3&#8243; images=&#8221;14274,14271,14268,14265&#8243; img_size=&#8221;large&#8221;][\/vc_column][\/vc_row][vc_row][vc_column width=&#8221;1\/2&#8243;][vc_separator][vc_column_text]<\/p>\n<h6>Restaurant Chalet des Pr\u00e9s, Mont-de-Buttes<\/h6>\n<p>Das Chalet des Pr\u00e8s liegt inmitten der Neuenburger Berge in einer idyllischen Umgebung. Neben einer paradiesischen Umgebung bietet Ihnen das Chalet die M\u00f6glichkeit, die K\u00f6stlichkeiten der umliegenden Region zu probieren, die sich aus Fleisch und K\u00e4se zusammensetzen, aber auch die in der Region bekannten Kutteln nach Neuenburger Art und nicht zu vergessen die ausgezeichneten R\u00f6sti.<\/p>\n<p>Les Pr\u00e9s 1<br \/>\n2116 Mont-de-Buttes<br \/>\nT 032 865 11 75<br \/>\n<a href=\"mailto:anitaetairesafonso@gmail.com\">anitaetairesafonso@gmail.com<\/a>[\/vc_column_text][\/vc_column][vc_column width=&#8221;1\/2&#8243;][vc_separator color=&#8221;white&#8221;][vc_gallery interval=&#8221;3&#8243; images=&#8221;9049&#8243; img_size=&#8221;large&#8221;][\/vc_column][\/vc_row][vc_row][vc_column width=&#8221;1\/2&#8243;][vc_separator][vc_column_text]<\/p>\n<h6>Alpage du Mont-Barres, Les Verri\u00e8res<\/h6>\n<p>Die Terrasse der Alpage du Mont-Barres ist ein traumhafter Ort, um dort Ihre Sommerabende zu verbringen und dabei einen wundersch\u00f6nen Sonnenuntergang zu geniessen. Hier k\u00f6nnen Sie herzhafte Tartaros und ausgezeichnete K\u00e4segerichte geniessen.<\/p>\n<p>Belle-Perche<br \/>\n2126\u00a0Les Verri\u00e8res<br \/>\nT 032 866 14 58[\/vc_column_text][\/vc_column][vc_column width=&#8221;1\/2&#8243;][vc_separator color=&#8221;white&#8221;][\/vc_column][\/vc_row][vc_row][vc_column][vc_empty_space alter_height=&#8221;large&#8221; hide_on_mobile=&#8221;&#8221;][vc_column_text]<\/p>\n<h3>Und in der N\u00e4he<\/h3>\n<p>[\/vc_column_text][\/vc_column][\/vc_row][vc_row][vc_column width=&#8221;1\/2&#8243;][vc_separator][vc_column_text]<\/p>\n<h6>Restaurant La Baronne, Creux du van<\/h6>\n<p>In ihrem imposanten Neuenburger Bauernhaus inmitten gr\u00fcner Weiden tr\u00e4gt die Baronne ihren Namen zu Recht! Auf 1376 m \u00fc. M. kann man sich hier mit saisonalen Suppen, Landschinken, Fondue und K\u00e4seschnitten, R\u00f6sti, Brettchen, Rohkost und hausgemachtem Geb\u00e4ck st\u00e4rken. Das Brot ist hausgemacht und man geht nicht ohne eine lokale Trockenwurst nach Hause.<\/p>\n<p>Route de la Baronne<br \/>\n2027 Montalchez<br \/>\nT 032 863 31 34[\/vc_column_text][\/vc_column][vc_column width=&#8221;1\/2&#8243;][vc_separator color=&#8221;white&#8221;][vc_gallery interval=&#8221;3&#8243; images=&#8221;9124,9127,9043&#8243; img_size=&#8221;large&#8221; el_class=&#8221;testgalerie&#8221;][\/vc_column][\/vc_row][vc_row][vc_column width=&#8221;1\/2&#8243;][vc_separator][vc_column_text]<\/p>\n<h6>Restaurant La Grand-Vy, Creux du Van<\/h6>\n<p>Dieser historische Bauernhof wurde 2013 restauriert und serviert eine f\u00fcr eine Metairie in grosser H\u00f6he (1381 m) ausgefeilte K\u00fcche; das Entrec\u00f4te ist mit Pinot Noir, der Schinken mit Morcheln, das Kotelett mit Senf, das Eisparfait mit Absinth&#8230; und die hausgemachten Obstkuchen.<\/p>\n<p>2023 Gorgier<br \/>\nT 032 835 11 41[\/vc_column_text][\/vc_column][vc_column width=&#8221;1\/2&#8243;][vc_separator color=&#8221;white&#8221;][vc_gallery interval=&#8221;3&#8243; images=&#8221;9052&#8243; img_size=&#8221;large&#8221;][\/vc_column][\/vc_row][vc_row][vc_column width=&#8221;1\/2&#8243;][vc_separator][vc_column_text]<\/p>\n<h6>Restaurant La Roche-Devant, Creux du Van<\/h6>\n<p>La Roche-Devant liegt auf den Bergr\u00fccken des Jura und bietet ein aussergew\u00f6hnliches Panorama auf den Neuenburgersee und die Schweizer Alpen. In einer freundlichen und famili\u00e4ren Atmosph\u00e4re freut sich das Team darauf, Sie zu empfangen.<\/p>\n<p>2023 Gorgier<br \/>\nT 032 835 12 72<br \/>\n<a href=\"https:\/\/www.larochedevant.com\/\">www.larochedevant.com<\/a>[\/vc_column_text][\/vc_column][vc_column width=&#8221;1\/2&#8243;][vc_separator color=&#8221;white&#8221;][vc_gallery interval=&#8221;3&#8243; images=&#8221;9068,9065&#8243; img_size=&#8221;large&#8221; el_class=&#8221;testgalerie&#8221;][\/vc_column][\/vc_row][vc_row][vc_column width=&#8221;1\/2&#8243;][vc_separator][vc_column_text]<\/p>\n<h6>La Grandsonnaz-Dessus, Bullet<\/h6>\n<p>La Grandsonnaz-Dessus liegt nur 25 Minuten zu Fuss vom Chasseron entfernt, einem Gipfel, von dem aus Sie einen herrlichen Blick auf die Ebene haben. Hausgemachte R\u00f6sti und K\u00e4segerichte, Fondue moiti\u00e9-moiti\u00e9 und hausgemachte Desserts k\u00f6nnen Sie auf ihrer sch\u00f6nen Terrasse, umgeben von den Tieren des Bauernhofs, ohne M\u00e4ssigung geniessen.<\/p>\n<p>1453 Bullet<br \/>\nT 024 454 23 62[\/vc_column_text][\/vc_column][vc_column width=&#8221;1\/2&#8243;][vc_separator color=&#8221;white&#8221;][vc_gallery interval=&#8221;3&#8243; images=&#8221;9086&#8243; img_size=&#8221;large&#8221;][\/vc_column][\/vc_row][vc_row disable_element=&#8221;yes&#8221;][vc_column width=&#8221;1\/2&#8243;][vc_separator][vc_column_text]<\/p>\n<h6>Restaurant Les Rochat, Provence<\/h6>\n<p>Zwischen See und Bergen, auf den Jurak\u00e4mmen, liegt das Restaurant am Anfang der Langlaufloipe Les Cluds &#8211; Ste Croix in der N\u00e4he des Creux du Van. Die Speisekarte \u00e4ndert sich mit den Jahreszeiten und den regionalen Spezialit\u00e4ten, aber es sind immer die Produkte aus der Region, die geehrt werden: Knochenschinken, Filet Mignon mit Pilzen, hausgemachtes Cordon Bleu, Schmorgerichte, Fondues und Charbonnades.<\/p>\n<p>1428 Provence<br \/>\nT 024 434 11 61<br \/>\n<a href=\"mailto:info@restaurantlesrochat.ch\">info@restaurantlesrochat.ch<\/a><br \/>\n<a href=\"http:\/\/restaurantlesrochat.ch\/\" target=\"_blank\" rel=\"noopener\">www.restaurantlesrochat.ch<\/a>[\/vc_column_text][\/vc_column][vc_column width=&#8221;1\/2&#8243;][vc_separator color=&#8221;white&#8221;][vc_gallery interval=&#8221;3&#8243; images=&#8221;9074&#8243; img_size=&#8221;large&#8221;][\/vc_column][\/vc_row][vc_row][vc_column width=&#8221;1\/2&#8243;][vc_separator][vc_column_text]<\/p>\n<h6>Restaurant La Combaz, La Combaz<\/h6>\n<p>Zwischen W\u00e4ldern und Weiden liegt das Restaurant la Combaz ganz in der N\u00e4he der Sehensw\u00fcrdigkeit Creux-du-Van. Das Restaurant La Combaz, ganz aus Holzbalken, bietet Ihnen eine gem\u00fctliche und warme Atmosph\u00e4re f\u00fcr schmackhafte Mahlzeiten. Hier k\u00f6nnen Sie Alpgerichte, Fondues, Cro\u00fbtes und vor allem hausgemachte Kuchen geniessen, die Gross und Klein begeistern werden. Verpassen Sie nicht den Klassiker von La Combaz: die K\u00e4sekrapfen.<\/p>\n<p>1453 La Combaz<br \/>\nT 024 436 11 53[\/vc_column_text][\/vc_column][vc_column width=&#8221;1\/2&#8243;][vc_separator color=&#8221;white&#8221;][vc_gallery interval=&#8221;3&#8243; images=&#8221;9077&#8243; img_size=&#8221;large&#8221;][\/vc_column][\/vc_row][vc_row][vc_column width=&#8221;1\/2&#8243;][vc_separator][vc_column_text]<\/p>\n<h6>Restaurant Les Cluds, Bullet<\/h6>\n<p>Das Restaurant des Cluds, seit 1938 im Besitz der Familie Chablaix, bietet Ihnen eine gem\u00fctliche Atmosph\u00e4re f\u00fcr ein Essen mit Familie oder Freunden, ein Gesellschaftstreffen oder nur eine Erfrischung nach einem Spaziergang in unserer sch\u00f6nen Region des Balcon du Jura.<\/p>\n<p>1453 Les Cluds &#8211; Bullet<br \/>\nT 024 454 25 94<br \/>\n<a href=\"mailto:restaurantlescluds@bluewin.ch\">restaurantlescluds@bluewin.ch<\/a><br \/>\n<a href=\"https:\/\/www.restaurantlescluds.ch\/\" target=\"_blank\" rel=\"noopener\">www.restaurantlescluds.ch<\/a>[\/vc_column_text][\/vc_column][vc_column width=&#8221;1\/2&#8243;][vc_separator color=&#8221;white&#8221;][vc_gallery interval=&#8221;3&#8243; images=&#8221;9083,9080&#8243; img_size=&#8221;large&#8221; el_class=&#8221;testgalerie&#8221;][\/vc_column][\/vc_row]<\/p>\n","protected":false},"excerpt":{"rendered":"<p>[vc_row][vc_column][vc_column_text]In den H\u00f6henlagen des Val-de-Travers finden Sie auf Ihren Wanderungen zahlreiche Berggasth\u00f6fe und Almh\u00fctten. Ob Sie nun etwas trinken oder ein typisches Gericht, oft mit Formage, probieren m\u00f6chten, machen Sie&hellip;<\/p>\n","protected":false},"author":73,"featured_media":14274,"parent":0,"menu_order":0,"comment_status":"closed","ping_status":"closed","template":"","meta":{"footnotes":""},"yoast_head":"<!-- This site is optimized with the Yoast SEO plugin v23.5 - https:\/\/yoast.com\/wordpress\/plugins\/seo\/ -->\n<title>Almh\u00fctten und Gasth\u00f6fe<\/title>\n<meta name=\"description\" content=\"Der herzliche, famili\u00e4re Empfang auf den Alm- und Kleinbauernh\u00f6fen des Val-de-Travers ist den Abstecher w\u00e4hrend Ihrer Wanderungen wert!\" \/>\n<meta name=\"robots\" content=\"index, follow, max-snippet:-1, max-image-preview:large, max-video-preview:-1\" \/>\n<link rel=\"canonical\" href=\"https:\/\/www.myvaldetravers.ch\/de\/gasthoefe\/\" \/>\n<meta property=\"og:locale\" content=\"de_DE\" \/>\n<meta property=\"og:type\" content=\"article\" \/>\n<meta property=\"og:title\" content=\"Almh\u00fctten und Gasth\u00f6fe\" \/>\n<meta property=\"og:description\" content=\"Der herzliche, famili\u00e4re Empfang auf den Alm- und Kleinbauernh\u00f6fen des Val-de-Travers ist den Abstecher w\u00e4hrend Ihrer Wanderungen wert!\" \/>\n<meta property=\"og:url\" content=\"https:\/\/www.myvaldetravers.ch\/de\/gasthoefe\/\" \/>\n<meta property=\"og:site_name\" content=\"Destination Val-de-Travers\" \/>\n<meta property=\"article:publisher\" content=\"https:\/\/www.facebook.com\/DestinationValdeTravers\/\" \/>\n<meta property=\"article:modified_time\" content=\"2025-08-21T10:11:13+00:00\" \/>\n<meta property=\"og:image\" content=\"https:\/\/www.myvaldetravers.ch\/wp-content\/uploads\/2025\/06\/20250529_143900.jpg\" \/>\n\t<meta property=\"og:image:width\" content=\"1232\" \/>\n\t<meta property=\"og:image:height\" content=\"924\" \/>\n\t<meta property=\"og:image:type\" content=\"image\/jpeg\" \/>\n<meta name=\"twitter:card\" content=\"summary_large_image\" \/>\n<meta name=\"twitter:label1\" content=\"Gesch\u00e4tzte Lesezeit\" \/>\n\t<meta name=\"twitter:data1\" content=\"12\u00a0Minuten\" \/>\n<script type=\"application\/ld+json\" class=\"yoast-schema-graph\">{\"@context\":\"https:\/\/schema.org\",\"@graph\":[{\"@type\":\"WebPage\",\"@id\":\"https:\/\/www.myvaldetravers.ch\/de\/gasthoefe\/\",\"url\":\"https:\/\/www.myvaldetravers.ch\/de\/gasthoefe\/\",\"name\":\"Almh\u00fctten und Gasth\u00f6fe\",\"isPartOf\":{\"@id\":\"https:\/\/www.myvaldetravers.ch\/de\/#website\"},\"primaryImageOfPage\":{\"@id\":\"https:\/\/www.myvaldetravers.ch\/de\/gasthoefe\/#primaryimage\"},\"image\":{\"@id\":\"https:\/\/www.myvaldetravers.ch\/de\/gasthoefe\/#primaryimage\"},\"thumbnailUrl\":\"https:\/\/www.myvaldetravers.ch\/wp-content\/uploads\/2025\/06\/20250529_143900.jpg\",\"datePublished\":\"2021-04-28T11:08:18+00:00\",\"dateModified\":\"2025-08-21T10:11:13+00:00\",\"description\":\"Der herzliche, famili\u00e4re Empfang auf den Alm- und Kleinbauernh\u00f6fen des Val-de-Travers ist den Abstecher w\u00e4hrend Ihrer Wanderungen wert!\",\"breadcrumb\":{\"@id\":\"https:\/\/www.myvaldetravers.ch\/de\/gasthoefe\/#breadcrumb\"},\"inLanguage\":\"de\",\"potentialAction\":[{\"@type\":\"ReadAction\",\"target\":[\"https:\/\/www.myvaldetravers.ch\/de\/gasthoefe\/\"]}]},{\"@type\":\"ImageObject\",\"inLanguage\":\"de\",\"@id\":\"https:\/\/www.myvaldetravers.ch\/de\/gasthoefe\/#primaryimage\",\"url\":\"https:\/\/www.myvaldetravers.ch\/wp-content\/uploads\/2025\/06\/20250529_143900.jpg\",\"contentUrl\":\"https:\/\/www.myvaldetravers.ch\/wp-content\/uploads\/2025\/06\/20250529_143900.jpg\",\"width\":1232,\"height\":924},{\"@type\":\"BreadcrumbList\",\"@id\":\"https:\/\/www.myvaldetravers.ch\/de\/gasthoefe\/#breadcrumb\",\"itemListElement\":[{\"@type\":\"ListItem\",\"position\":1,\"name\":\"Accueil\",\"item\":\"https:\/\/www.myvaldetravers.ch\/de\/\"},{\"@type\":\"ListItem\",\"position\":2,\"name\":\"Gasth\u00f6fe Val-de-Travers\"}]},{\"@type\":\"WebSite\",\"@id\":\"https:\/\/www.myvaldetravers.ch\/de\/#website\",\"url\":\"https:\/\/www.myvaldetravers.ch\/de\/\",\"name\":\"Destination Val-de-Travers\",\"description\":\"Il y a toujours quelque chose \u00e0 faire au Val-de-Travers.\",\"potentialAction\":[{\"@type\":\"SearchAction\",\"target\":{\"@type\":\"EntryPoint\",\"urlTemplate\":\"https:\/\/www.myvaldetravers.ch\/de\/?s={search_term_string}\"},\"query-input\":{\"@type\":\"PropertyValueSpecification\",\"valueRequired\":true,\"valueName\":\"search_term_string\"}}],\"inLanguage\":\"de\"}]}<\/script>\n<!-- \/ Yoast SEO plugin. -->","yoast_head_json":{"title":"Almh\u00fctten und Gasth\u00f6fe","description":"Der herzliche, famili\u00e4re Empfang auf den Alm- und Kleinbauernh\u00f6fen des Val-de-Travers ist den Abstecher w\u00e4hrend Ihrer Wanderungen wert!","robots":{"index":"index","follow":"follow","max-snippet":"max-snippet:-1","max-image-preview":"max-image-preview:large","max-video-preview":"max-video-preview:-1"},"canonical":"https:\/\/www.myvaldetravers.ch\/de\/gasthoefe\/","og_locale":"de_DE","og_type":"article","og_title":"Almh\u00fctten und Gasth\u00f6fe","og_description":"Der herzliche, famili\u00e4re Empfang auf den Alm- und Kleinbauernh\u00f6fen des Val-de-Travers ist den Abstecher w\u00e4hrend Ihrer Wanderungen wert!","og_url":"https:\/\/www.myvaldetravers.ch\/de\/gasthoefe\/","og_site_name":"Destination Val-de-Travers","article_publisher":"https:\/\/www.facebook.com\/DestinationValdeTravers\/","article_modified_time":"2025-08-21T10:11:13+00:00","og_image":[{"width":1232,"height":924,"url":"https:\/\/www.myvaldetravers.ch\/wp-content\/uploads\/2025\/06\/20250529_143900.jpg","type":"image\/jpeg"}],"twitter_card":"summary_large_image","twitter_misc":{"Gesch\u00e4tzte Lesezeit":"12\u00a0Minuten"},"schema":{"@context":"https:\/\/schema.org","@graph":[{"@type":"WebPage","@id":"https:\/\/www.myvaldetravers.ch\/de\/gasthoefe\/","url":"https:\/\/www.myvaldetravers.ch\/de\/gasthoefe\/","name":"Almh\u00fctten und Gasth\u00f6fe","isPartOf":{"@id":"https:\/\/www.myvaldetravers.ch\/de\/#website"},"primaryImageOfPage":{"@id":"https:\/\/www.myvaldetravers.ch\/de\/gasthoefe\/#primaryimage"},"image":{"@id":"https:\/\/www.myvaldetravers.ch\/de\/gasthoefe\/#primaryimage"},"thumbnailUrl":"https:\/\/www.myvaldetravers.ch\/wp-content\/uploads\/2025\/06\/20250529_143900.jpg","datePublished":"2021-04-28T11:08:18+00:00","dateModified":"2025-08-21T10:11:13+00:00","description":"Der herzliche, famili\u00e4re Empfang auf den Alm- und Kleinbauernh\u00f6fen des Val-de-Travers ist den Abstecher w\u00e4hrend Ihrer Wanderungen wert!","breadcrumb":{"@id":"https:\/\/www.myvaldetravers.ch\/de\/gasthoefe\/#breadcrumb"},"inLanguage":"de","potentialAction":[{"@type":"ReadAction","target":["https:\/\/www.myvaldetravers.ch\/de\/gasthoefe\/"]}]},{"@type":"ImageObject","inLanguage":"de","@id":"https:\/\/www.myvaldetravers.ch\/de\/gasthoefe\/#primaryimage","url":"https:\/\/www.myvaldetravers.ch\/wp-content\/uploads\/2025\/06\/20250529_143900.jpg","contentUrl":"https:\/\/www.myvaldetravers.ch\/wp-content\/uploads\/2025\/06\/20250529_143900.jpg","width":1232,"height":924},{"@type":"BreadcrumbList","@id":"https:\/\/www.myvaldetravers.ch\/de\/gasthoefe\/#breadcrumb","itemListElement":[{"@type":"ListItem","position":1,"name":"Accueil","item":"https:\/\/www.myvaldetravers.ch\/de\/"},{"@type":"ListItem","position":2,"name":"Gasth\u00f6fe Val-de-Travers"}]},{"@type":"WebSite","@id":"https:\/\/www.myvaldetravers.ch\/de\/#website","url":"https:\/\/www.myvaldetravers.ch\/de\/","name":"Destination Val-de-Travers","description":"Il y a toujours quelque chose \u00e0 faire au Val-de-Travers.","potentialAction":[{"@type":"SearchAction","target":{"@type":"EntryPoint","urlTemplate":"https:\/\/www.myvaldetravers.ch\/de\/?s={search_term_string}"},"query-input":{"@type":"PropertyValueSpecification","valueRequired":true,"valueName":"search_term_string"}}],"inLanguage":"de"}]}},"_links":{"self":[{"href":"https:\/\/www.myvaldetravers.ch\/de\/wp-json\/wp\/v2\/pages\/6375"}],"collection":[{"href":"https:\/\/www.myvaldetravers.ch\/de\/wp-json\/wp\/v2\/pages"}],"about":[{"href":"https:\/\/www.myvaldetravers.ch\/de\/wp-json\/wp\/v2\/types\/page"}],"author":[{"embeddable":true,"href":"https:\/\/www.myvaldetravers.ch\/de\/wp-json\/wp\/v2\/users\/73"}],"replies":[{"embeddable":true,"href":"https:\/\/www.myvaldetravers.ch\/de\/wp-json\/wp\/v2\/comments?post=6375"}],"version-history":[{"count":38,"href":"https:\/\/www.myvaldetravers.ch\/de\/wp-json\/wp\/v2\/pages\/6375\/revisions"}],"predecessor-version":[{"id":14472,"href":"https:\/\/www.myvaldetravers.ch\/de\/wp-json\/wp\/v2\/pages\/6375\/revisions\/14472"}],"wp:featuredmedia":[{"embeddable":true,"href":"https:\/\/www.myvaldetravers.ch\/de\/wp-json\/wp\/v2\/media\/14274"}],"wp:attachment":[{"href":"https:\/\/www.myvaldetravers.ch\/de\/wp-json\/wp\/v2\/media?parent=6375"}],"curies":[{"name":"wp","href":"https:\/\/api.w.org\/{rel}","templated":true}]}}