{"id":6735,"date":"2021-06-02T14:31:54","date_gmt":"2021-06-02T12:31:54","guid":{"rendered":"https:\/\/www.myvaldetravers.ch\/?page_id=6735"},"modified":"2023-09-28T12:16:26","modified_gmt":"2023-09-28T10:16:26","slug":"poeta-raisse-schluchten","status":"publish","type":"page","link":"https:\/\/www.myvaldetravers.ch\/de\/erlebnisse\/poeta-raisse-schluchten\/","title":{"rendered":"Po\u00ebta-Raisse Schluchten"},"content":{"rendered":"<p>[vc_row][vc_column][vc_column_text el_class=&#8221;edsi&#8221;]<p><strong>Mitten im mysteri\u00f6sen Land des Absinths der pr\u00e4chtige Wasserfall von M\u00f4tiers und die sch\u00f6ne Waldwanderung in der Po\u00ebta-Raisse-Schlucht<\/strong><\/p><p>Nicht weit vom idyllischen Dorf M\u00f4tiers, wo sich auch das Maison de l\u2018Absinthe befindet, bilden der Rousseau-Wasserfall und die Grotte  de la Cascade Ausgangspunkt einer kontrastreichen Wanderung. Hier beginnt der Schluchtenweg durch eine Reihe von Tobel und vorbei an Wasserf\u00e4llen. Eine w\u00fcrdige Umgebung f\u00fcr das Land des Absinths, in dem so mancher eine Fee zu sehen glaubte. Den Abschluss bildet eine gr\u00fcne Wiesenwiesenlandschaft bis hinunter nach Fleurier.<\/p><h5>Gut zu wissen<\/h5>- Die Schluchten sind vom 1. November bis zum 30. April geschlossen<h5>\u00d6ffnungszeiten<\/h5><h5>Karte<\/h5><div id='map' style='width:500px;height:300px;'><\/div>\n<script type=\"text\/javascript\" src=\"https:\/\/maps.googleapis.com\/maps\/api\/js?key=AIzaSyCTPTigCnFjWZE6vEYcD0SnK25h1MzvSMk\"><\/script>\n\n<script>\n  var markerCenter = new google.maps.LatLng(46.911819694859,6.6102604925211);\n  var marker = null;\n\n function initialize() {\n  var mapProp = {\n   center: markerCenter,\n   zoom: 13,\n   mapTypeId: google.maps.MapTypeId.ROADMAP\n   };\n  var map = new google.maps.Map(document.getElementById(\"map\"),mapProp);\n\n   var marker = new google.maps.Marker({\n\t position: markerCenter,\n\t \/\/ animation: google.maps.Animation.BOUNCE,\n   });\n   marker.setMap(map);\n   \n   var infowindow = new google.maps.InfoWindow();\n   infowindow.setContent(\"Po?ta-Raisse-Schluchten\");\n   infowindow.open(map, marker);\n\n }\n\n google.maps.event.addDomListener(window, 'load', initialize);\n<\/script>\n[\/vc_column_text][\/vc_column][\/vc_row][vc_row css=&#8221;.vc_custom_1554128789554{margin-top: -0.3em !important;}&#8221;][vc_column][vc_column_text]Entdecken Sie die \u00fcberraschenden und grossartigen Gorges de la Po\u00ebta-Raisse in M\u00f4tiers!<\/p>\n<p>Diese Wanderung f\u00fchrt Sie von M\u00f4tiers \u00fcber die Po\u00ebta-Raisse-Schlucht nach La Robella. Wasserf\u00e4lle und steile Korridore begleiten Sie bis zum Ausgang der Schluchten, in der N\u00e4he des Robella. In La Robella angekommen, k\u00f6nnen Sie zu Fuss weiter nach Fleurier und dann nach M\u00f4tiers gehen oder mit <a href=\"https:\/\/www.robella.ch\/de\/sesselbahn.html\" target=\"_blank\" rel=\"noopener\">dem Sessellift<\/a> hinunter zum <a href=\"https:\/\/www.myvaldetravers.ch\/de\/erlebnisse\/oev\/\" target=\"_blank\" rel=\"noopener\">Bus- und Bahnbahnhof<\/a> fahren.<\/p>\n<p>Seien Sie vorsichtig, der Weg kann nach starken Regenf\u00e4llen oder St\u00fcrmen rutschig sein.<\/p>\n<h5>Praktische Tipps<\/h5>\n<p>Weitere Informationen <a href=\"https:\/\/www.j3l.ch\/de\/V1605\/poeta-raisse-schluchten\" target=\"_blank\" rel=\"noopener noreferrer\">auf der Website von Jura &amp; Trois-Lacs<\/a><\/p>\n<p>SuisseMobile bietet Ihnen <a href=\"https:\/\/map.wanderland.ch\/?lang=de&amp;route=all&amp;bgLayer=pk&amp;resolution=39.45&amp;season=summer&amp;E=2533402&amp;N=1199784&amp;logo=yes&amp;photos=yes&amp;layers=Wanderland&amp;trackId=1995074\" target=\"_blank\" rel=\"noopener\">digitale Karten<\/a> der Wanderwege.<\/p>\n<h5>\u00d6FFNUNGSZEITEN UND DETAILS<\/h5>\n<p>Die Schluchten sind von<strong> 31. Oktober bis mindestens 30.<\/strong> <strong>April geschlossen<\/strong>. Fragen Sie vor Ihrer Wanderung nach Informationen!<\/p>\n<h5>KONTAKTDATEN DES PARTNERS<\/h5>\n<p>Tourisme neuch\u00e2telois<br \/>\nPlace de la gare 1<br \/>\n2103 Noiraigue<br \/>\n<a href=\"https:\/\/www.j3l.ch\/de\/Z12123\/val-de-travers\" target=\"_blank\" rel=\"noopener noreferrer\">www.j3l.ch<\/a>[\/vc_column_text][\/vc_column][\/vc_row][vc_row][vc_column][vc_column_text][\/vc_column_text][vc_separator]<div class=\"cq-dagallery-container\" style=\"width:100%;margin:0 auto;\"><ul class=\"cq-dagallery\" data-gallerywidth=\"100%\" data-width=\"270\" data-height=\"\" data-color=\"#ffffff\" data-background=\"#00bfff\" data-opacity=\"0.8\"><li class=\"\" data-width=\"270\" data-height=\"\" data-margin=\"10px\" style=\"margin:10px\"><a class=\"normal\" href=\"https:\/\/www.myvaldetravers.ch\/wp-content\/uploads\/2019\/05\/\u00a9GuillaumePerret_VDT_CascadeMotiers_1.jpg\" rel=\"6735100\"><img src='https:\/\/www.myvaldetravers.ch\/wp-content\/uploads\/2019\/05\/\u00a9GuillaumePerret_VDT_CascadeMotiers_1-270x180.jpg' width='270' height='' \/><\/a><div class=\"dagallery-info\" style=\"padding:20px;color:#ffffff;background-color:#00bfff\"><\/div><\/li><li class=\"\" data-width=\"270\" data-height=\"\" data-margin=\"10px\" style=\"margin:10px\"><a class=\"normal\" href=\"https:\/\/www.myvaldetravers.ch\/wp-content\/uploads\/2019\/05\/IMG_9996.jpg\" rel=\"6735100\"><img src='https:\/\/www.myvaldetravers.ch\/wp-content\/uploads\/2019\/05\/IMG_9996-270x152.jpg' width='270' height='' \/><\/a><div class=\"dagallery-info\" style=\"padding:20px;color:#ffffff;background-color:#00bfff\"><\/div><\/li><\/ul><\/div>[\/vc_column][\/vc_row]<\/p>\n","protected":false},"excerpt":{"rendered":"<p>[vc_row][vc_column][vc_column_text el_class=&#8221;edsi&#8221;][\/vc_column_text][\/vc_column][\/vc_row][vc_row css=&#8221;.vc_custom_1554128789554{margin-top: -0.3em !important;}&#8221;][vc_column][vc_column_text]Entdecken Sie die \u00fcberraschenden und grossartigen Gorges de la Po\u00ebta-Raisse in M\u00f4tiers! Diese Wanderung f\u00fchrt Sie von M\u00f4tiers \u00fcber die Po\u00ebta-Raisse-Schlucht nach La Robella. Wasserf\u00e4lle und&hellip;<\/p>\n","protected":false},"author":73,"featured_media":2046,"parent":2155,"menu_order":0,"comment_status":"closed","ping_status":"closed","template":"","meta":{"footnotes":""},"yoast_head":"<!-- This site is optimized with the Yoast SEO plugin v23.5 - https:\/\/yoast.com\/wordpress\/plugins\/seo\/ -->\n<title>Po\u00ebta-Raisse Schluchten - Destination Val-de-Travers<\/title>\n<meta name=\"description\" content=\"Entdecken Sie die Gorges de la P\u00f6eta-Raisse vom Dorf M\u00f4tiers aus. Zur\u00fcck mit dem Sessellift oder zu Fuss f\u00fcr die Sportlicheren!\" \/>\n<meta name=\"robots\" content=\"index, follow, max-snippet:-1, max-image-preview:large, max-video-preview:-1\" \/>\n<link rel=\"canonical\" href=\"https:\/\/www.myvaldetravers.ch\/de\/erlebnisse\/poeta-raisse-schluchten\/\" \/>\n<meta property=\"og:locale\" content=\"de_DE\" \/>\n<meta property=\"og:type\" content=\"article\" \/>\n<meta property=\"og:title\" content=\"Po\u00ebta-Raisse Schluchten - Destination Val-de-Travers\" \/>\n<meta property=\"og:description\" content=\"Entdecken Sie die Gorges de la P\u00f6eta-Raisse vom Dorf M\u00f4tiers aus. Zur\u00fcck mit dem Sessellift oder zu Fuss f\u00fcr die Sportlicheren!\" \/>\n<meta property=\"og:url\" content=\"https:\/\/www.myvaldetravers.ch\/de\/erlebnisse\/poeta-raisse-schluchten\/\" \/>\n<meta property=\"og:site_name\" content=\"Destination Val-de-Travers\" \/>\n<meta property=\"article:publisher\" content=\"https:\/\/www.facebook.com\/DestinationValdeTravers\/\" \/>\n<meta property=\"article:modified_time\" content=\"2023-09-28T10:16:26+00:00\" \/>\n<meta property=\"og:image\" content=\"https:\/\/www.myvaldetravers.ch\/wp-content\/uploads\/2019\/05\/IMG_9996-1024x576.jpg\" \/>\n\t<meta property=\"og:image:width\" content=\"1024\" \/>\n\t<meta property=\"og:image:height\" content=\"576\" \/>\n\t<meta property=\"og:image:type\" content=\"image\/jpeg\" \/>\n<meta name=\"twitter:card\" content=\"summary_large_image\" \/>\n<meta name=\"twitter:label1\" content=\"Gesch\u00e4tzte Lesezeit\" \/>\n\t<meta name=\"twitter:data1\" content=\"1\u00a0Minute\" \/>\n<script type=\"application\/ld+json\" class=\"yoast-schema-graph\">{\"@context\":\"https:\/\/schema.org\",\"@graph\":[{\"@type\":\"WebPage\",\"@id\":\"https:\/\/www.myvaldetravers.ch\/de\/erlebnisse\/poeta-raisse-schluchten\/\",\"url\":\"https:\/\/www.myvaldetravers.ch\/de\/erlebnisse\/poeta-raisse-schluchten\/\",\"name\":\"Po\u00ebta-Raisse Schluchten - Destination Val-de-Travers\",\"isPartOf\":{\"@id\":\"https:\/\/www.myvaldetravers.ch\/de\/#website\"},\"primaryImageOfPage\":{\"@id\":\"https:\/\/www.myvaldetravers.ch\/de\/erlebnisse\/poeta-raisse-schluchten\/#primaryimage\"},\"image\":{\"@id\":\"https:\/\/www.myvaldetravers.ch\/de\/erlebnisse\/poeta-raisse-schluchten\/#primaryimage\"},\"thumbnailUrl\":\"https:\/\/www.myvaldetravers.ch\/wp-content\/uploads\/2019\/05\/IMG_9996.jpg\",\"datePublished\":\"2021-06-02T12:31:54+00:00\",\"dateModified\":\"2023-09-28T10:16:26+00:00\",\"description\":\"Entdecken Sie die Gorges de la P\u00f6eta-Raisse vom Dorf M\u00f4tiers aus. Zur\u00fcck mit dem Sessellift oder zu Fuss f\u00fcr die Sportlicheren!\",\"breadcrumb\":{\"@id\":\"https:\/\/www.myvaldetravers.ch\/de\/erlebnisse\/poeta-raisse-schluchten\/#breadcrumb\"},\"inLanguage\":\"de\",\"potentialAction\":[{\"@type\":\"ReadAction\",\"target\":[\"https:\/\/www.myvaldetravers.ch\/de\/erlebnisse\/poeta-raisse-schluchten\/\"]}]},{\"@type\":\"ImageObject\",\"inLanguage\":\"de\",\"@id\":\"https:\/\/www.myvaldetravers.ch\/de\/erlebnisse\/poeta-raisse-schluchten\/#primaryimage\",\"url\":\"https:\/\/www.myvaldetravers.ch\/wp-content\/uploads\/2019\/05\/IMG_9996.jpg\",\"contentUrl\":\"https:\/\/www.myvaldetravers.ch\/wp-content\/uploads\/2019\/05\/IMG_9996.jpg\",\"width\":5471,\"height\":3078,\"caption\":\"Gorges Po\u00ebta-Raisse\"},{\"@type\":\"BreadcrumbList\",\"@id\":\"https:\/\/www.myvaldetravers.ch\/de\/erlebnisse\/poeta-raisse-schluchten\/#breadcrumb\",\"itemListElement\":[{\"@type\":\"ListItem\",\"position\":1,\"name\":\"Accueil\",\"item\":\"https:\/\/www.myvaldetravers.ch\/de\/\"},{\"@type\":\"ListItem\",\"position\":2,\"name\":\"Erlebnisse\",\"item\":\"https:\/\/www.myvaldetravers.ch\/de\/erlebnisse\/\"},{\"@type\":\"ListItem\",\"position\":3,\"name\":\"Po\u00ebta-Raisse Schluchten\"}]},{\"@type\":\"WebSite\",\"@id\":\"https:\/\/www.myvaldetravers.ch\/de\/#website\",\"url\":\"https:\/\/www.myvaldetravers.ch\/de\/\",\"name\":\"Destination Val-de-Travers\",\"description\":\"Il y a toujours quelque chose \u00e0 faire au Val-de-Travers.\",\"potentialAction\":[{\"@type\":\"SearchAction\",\"target\":{\"@type\":\"EntryPoint\",\"urlTemplate\":\"https:\/\/www.myvaldetravers.ch\/de\/?s={search_term_string}\"},\"query-input\":{\"@type\":\"PropertyValueSpecification\",\"valueRequired\":true,\"valueName\":\"search_term_string\"}}],\"inLanguage\":\"de\"}]}<\/script>\n<!-- \/ Yoast SEO plugin. -->","yoast_head_json":{"title":"Po\u00ebta-Raisse Schluchten - Destination Val-de-Travers","description":"Entdecken Sie die Gorges de la P\u00f6eta-Raisse vom Dorf M\u00f4tiers aus. Zur\u00fcck mit dem Sessellift oder zu Fuss f\u00fcr die Sportlicheren!","robots":{"index":"index","follow":"follow","max-snippet":"max-snippet:-1","max-image-preview":"max-image-preview:large","max-video-preview":"max-video-preview:-1"},"canonical":"https:\/\/www.myvaldetravers.ch\/de\/erlebnisse\/poeta-raisse-schluchten\/","og_locale":"de_DE","og_type":"article","og_title":"Po\u00ebta-Raisse Schluchten - Destination Val-de-Travers","og_description":"Entdecken Sie die Gorges de la P\u00f6eta-Raisse vom Dorf M\u00f4tiers aus. Zur\u00fcck mit dem Sessellift oder zu Fuss f\u00fcr die Sportlicheren!","og_url":"https:\/\/www.myvaldetravers.ch\/de\/erlebnisse\/poeta-raisse-schluchten\/","og_site_name":"Destination Val-de-Travers","article_publisher":"https:\/\/www.facebook.com\/DestinationValdeTravers\/","article_modified_time":"2023-09-28T10:16:26+00:00","og_image":[{"width":1024,"height":576,"url":"https:\/\/www.myvaldetravers.ch\/wp-content\/uploads\/2019\/05\/IMG_9996-1024x576.jpg","type":"image\/jpeg"}],"twitter_card":"summary_large_image","twitter_misc":{"Gesch\u00e4tzte Lesezeit":"1\u00a0Minute"},"schema":{"@context":"https:\/\/schema.org","@graph":[{"@type":"WebPage","@id":"https:\/\/www.myvaldetravers.ch\/de\/erlebnisse\/poeta-raisse-schluchten\/","url":"https:\/\/www.myvaldetravers.ch\/de\/erlebnisse\/poeta-raisse-schluchten\/","name":"Po\u00ebta-Raisse Schluchten - Destination Val-de-Travers","isPartOf":{"@id":"https:\/\/www.myvaldetravers.ch\/de\/#website"},"primaryImageOfPage":{"@id":"https:\/\/www.myvaldetravers.ch\/de\/erlebnisse\/poeta-raisse-schluchten\/#primaryimage"},"image":{"@id":"https:\/\/www.myvaldetravers.ch\/de\/erlebnisse\/poeta-raisse-schluchten\/#primaryimage"},"thumbnailUrl":"https:\/\/www.myvaldetravers.ch\/wp-content\/uploads\/2019\/05\/IMG_9996.jpg","datePublished":"2021-06-02T12:31:54+00:00","dateModified":"2023-09-28T10:16:26+00:00","description":"Entdecken Sie die Gorges de la P\u00f6eta-Raisse vom Dorf M\u00f4tiers aus. Zur\u00fcck mit dem Sessellift oder zu Fuss f\u00fcr die Sportlicheren!","breadcrumb":{"@id":"https:\/\/www.myvaldetravers.ch\/de\/erlebnisse\/poeta-raisse-schluchten\/#breadcrumb"},"inLanguage":"de","potentialAction":[{"@type":"ReadAction","target":["https:\/\/www.myvaldetravers.ch\/de\/erlebnisse\/poeta-raisse-schluchten\/"]}]},{"@type":"ImageObject","inLanguage":"de","@id":"https:\/\/www.myvaldetravers.ch\/de\/erlebnisse\/poeta-raisse-schluchten\/#primaryimage","url":"https:\/\/www.myvaldetravers.ch\/wp-content\/uploads\/2019\/05\/IMG_9996.jpg","contentUrl":"https:\/\/www.myvaldetravers.ch\/wp-content\/uploads\/2019\/05\/IMG_9996.jpg","width":5471,"height":3078,"caption":"Gorges Po\u00ebta-Raisse"},{"@type":"BreadcrumbList","@id":"https:\/\/www.myvaldetravers.ch\/de\/erlebnisse\/poeta-raisse-schluchten\/#breadcrumb","itemListElement":[{"@type":"ListItem","position":1,"name":"Accueil","item":"https:\/\/www.myvaldetravers.ch\/de\/"},{"@type":"ListItem","position":2,"name":"Erlebnisse","item":"https:\/\/www.myvaldetravers.ch\/de\/erlebnisse\/"},{"@type":"ListItem","position":3,"name":"Po\u00ebta-Raisse Schluchten"}]},{"@type":"WebSite","@id":"https:\/\/www.myvaldetravers.ch\/de\/#website","url":"https:\/\/www.myvaldetravers.ch\/de\/","name":"Destination Val-de-Travers","description":"Il y a toujours quelque chose \u00e0 faire au Val-de-Travers.","potentialAction":[{"@type":"SearchAction","target":{"@type":"EntryPoint","urlTemplate":"https:\/\/www.myvaldetravers.ch\/de\/?s={search_term_string}"},"query-input":{"@type":"PropertyValueSpecification","valueRequired":true,"valueName":"search_term_string"}}],"inLanguage":"de"}]}},"_links":{"self":[{"href":"https:\/\/www.myvaldetravers.ch\/de\/wp-json\/wp\/v2\/pages\/6735"}],"collection":[{"href":"https:\/\/www.myvaldetravers.ch\/de\/wp-json\/wp\/v2\/pages"}],"about":[{"href":"https:\/\/www.myvaldetravers.ch\/de\/wp-json\/wp\/v2\/types\/page"}],"author":[{"embeddable":true,"href":"https:\/\/www.myvaldetravers.ch\/de\/wp-json\/wp\/v2\/users\/73"}],"replies":[{"embeddable":true,"href":"https:\/\/www.myvaldetravers.ch\/de\/wp-json\/wp\/v2\/comments?post=6735"}],"version-history":[{"count":16,"href":"https:\/\/www.myvaldetravers.ch\/de\/wp-json\/wp\/v2\/pages\/6735\/revisions"}],"predecessor-version":[{"id":11867,"href":"https:\/\/www.myvaldetravers.ch\/de\/wp-json\/wp\/v2\/pages\/6735\/revisions\/11867"}],"up":[{"embeddable":true,"href":"https:\/\/www.myvaldetravers.ch\/de\/wp-json\/wp\/v2\/pages\/2155"}],"wp:featuredmedia":[{"embeddable":true,"href":"https:\/\/www.myvaldetravers.ch\/de\/wp-json\/wp\/v2\/media\/2046"}],"wp:attachment":[{"href":"https:\/\/www.myvaldetravers.ch\/de\/wp-json\/wp\/v2\/media?parent=6735"}],"curies":[{"name":"wp","href":"https:\/\/api.w.org\/{rel}","templated":true}]}}