{"id":6772,"date":"2021-06-02T15:46:02","date_gmt":"2021-06-02T13:46:02","guid":{"rendered":"https:\/\/www.myvaldetravers.ch\/erlebnisse\/interaktiven-spaziergaenge-totemi\/"},"modified":"2021-07-07T16:39:24","modified_gmt":"2021-07-07T14:39:24","slug":"totemi","status":"publish","type":"page","link":"https:\/\/www.myvaldetravers.ch\/de\/erlebnisse\/totemi\/","title":{"rendered":"Interaktiven Spazierg\u00e4nge Totemi"},"content":{"rendered":"<p>[vc_row][vc_column][vc_column_text]Die <a href=\"https:\/\/totemi.ch\/\">Totemi-Touren<\/a> sind interaktive Spazierg\u00e4nge mit dem Smartphone, entwickelt von der Neuenburger Firma Talk To Me. Es gibt zwei Touren im Val-de-Travers, also schnappen Sie sich Ihre Smartphones und los geht\u2019s!<br \/>\nSie k\u00f6nnen die Totemi-App kostenlos im\u00a0<a href=\"https:\/\/play.google.com\/store\/apps\/details?id=com.talktome.totemi\" target=\"_blank\" rel=\"noopener noreferrer\">Play Store<\/a>\u00a0und im\u00a0<a href=\"https:\/\/itunes.apple.com\/us\/app\/totemi\/id1270763356?l=fr&amp;ls=1&amp;mt=8\" target=\"_blank\" rel=\"noopener noreferrer\">App Store<\/a>\u00a0herunterladen.[\/vc_column_text][\/vc_column][\/vc_row][vc_row][vc_column width=&#8221;1\/2&#8243;][vc_separator][vc_column_text]<\/p>\n<h3>\u201eDES MOINES \u00c0 LA F\u00c9E VERTE\u201c<\/h3>\n<p><strong>Das Dorf M\u00f4tiers<\/strong> hat ein reiches und abwechslungsreiches Erbe. Vom Tempel bis zur Grande Rue, entdecken Sie den Reichtum dieses markanten Dorfes neu.<\/p>\n<p><a href=\"https:\/\/totemi.ch\/parcours\/moines-a-fee-verte\/\" target=\"_blank\" rel=\"noopener\">Die Tour<\/a>\u00a0dauert ca.\u00a0<strong>1.5 Std.<\/strong>mit insgesamt 12 Kapiteln, verteilt auf nur 1km. Einfacher Zugang vom Bahnhof von M\u00f4tiers und ideal f\u00fcr Familien, mit der M\u00f6glichkeit, es mit einem Kinderwagen zu tun. Finden Sie die angeschlossenen Klemmen und die Geschichte geh\u00f6rt Ihnen!<br \/>\n<em>Achtung: die Erkl\u00e4rungen sind nur auf Franz\u00f6sisch<\/em>[\/vc_column_text][vc_empty_space hide_on_mobile=&#8221;&#8221;][\/vc_column][vc_column width=&#8221;1\/2&#8243;][vc_separator color=&#8221;white&#8221;][vc_single_image image=&#8221;5899&#8243; img_size=&#8221;large&#8221;][\/vc_column][\/vc_row][vc_row][vc_column width=&#8221;1\/2&#8243;][vc_separator][vc_column_text]<\/p>\n<h3>DER GARTEN DER MINENARBEITER IN LA PRESTA<\/h3>\n<p>Diese\u00a0<a href=\"https:\/\/totemi.ch\/parcours\/jardin-des-mines\/\" target=\"_blank\" rel=\"noopener\">zweite Tour<\/a>\u00a0beginnt im Garten der Minenarbeiter, gegen\u00fcber den\u00a0<a href=\"https:\/\/www.mines-asphalte.ch\/de\/\" target=\"_blank\" rel=\"noopener\">Asphaltminen<\/a>\u00a0von Presta. Erfahren Sie mehr \u00fcber das Leben der verschiedenen Tiergemeinschaften, die sich in diesem Biotop angesiedelt haben, durch eine interaktive Tour, die praktische Erfahrungen und digitale Animationen kombiniert. Der Garten der Minenarbeiter, sein Teich und sein Waldweg bieten Ihnen einen Moment aus der Zeit im Herzen eines privilegierten Ortes!<\/p>\n<p>Es erwarten Sie 7 Kapitel mit einer Dauer von ca.\u00a0<strong>1.5 Std.<\/strong>. Ideal f\u00fcr Familien mit dem Zug in der N\u00e4he und der M\u00f6glichkeit, mit einem Kinderwagen zu reisen.<br \/>\n<a href=\"https:\/\/www.mines-asphalte.ch\/de\/garten\/\" target=\"_blank\" rel=\"noopener\">Eine Forschertasche<\/a> mit Material zur besseren Beobachtung der Fauna und Flora sowie der Verleih eines Tablets sind an der Rezeption der Asphaltminen erh\u00e4ltlich, um das Erlebnis in v\u00f6lliger Versenkung zu erleben! Sie k\u00f6nnen die Tasche und das Tablet <strong>direkt reservieren<\/strong>, <a href=\"https:\/\/offers.myswitzerland.com\/de\/map\/3uB6kWNU7Mll4J8fThwyyr?menuItem=5IAIJaa7Dxo6Uhdif44gmj&amp;search=garten+der+minenarbeiter&amp;product=MYS_CM-4f2d9a74-1cd5-4119-9ca5-8e9aa4bcc4f9\" target=\"_blank\" rel=\"noopener\">\u00fcber diesen Link<\/a>. Ein Tablet ist ausreichend f\u00fcr 4 Personen.[\/vc_column_text][vc_empty_space hide_on_mobile=&#8221;&#8221;][\/vc_column][vc_column width=&#8221;1\/2&#8243;][vc_separator color=&#8221;white&#8221;][vc_single_image image=&#8221;5918&#8243; img_size=&#8221;large&#8221;][vc_empty_space hide_on_mobile=&#8221;&#8221;][vc_single_image image=&#8221;7068&#8243; alignment=&#8221;center&#8221;][vc_column_text]<\/p>\n<p style=\"text-align: center;\">Aktivit\u00e4t zertifiziert <em><a href=\"https:\/\/www.mines-asphalte.ch\/de\/garten-minenarbeiter-swisstainable\/\" target=\"_blank\" rel=\"noopener\">Swisstainable<\/a><\/em><\/p>\n<p>[\/vc_column_text][\/vc_column][\/vc_row][vc_row][vc_column][vc_column_text]<\/p>\n<h5>KONTAKTDATEN DES PARTNERS<\/h5>\n<p><strong>&#8220;Des moines \u00e0 la F\u00e9e verte&#8221;<\/strong><\/p>\n<p><span class=\"m-contact__org__name\">Talk to me<br \/>\n<\/span><span class=\"m-contact__org__address\"><span class=\"m-contact__org__address__street\">Rue du Seyon 2<br \/>\n<\/span><span class=\"m-contact__org__address__locality\"><span class=\"m-contact__org__address__locality__zip\">2000\u00a0<\/span><span class=\"m-contact__org__address__locality__city\">Neuch\u00e2tel<br \/>\n<\/span><\/span><\/span><span class=\"m-contact__org__media-channels m-contact__org__media-channels--separated\">T 032 534 98 48<br \/>\n<a class=\"m-contact__org__media-channels__email m-link__link--email\" href=\"mailto:info@totemi.ch\">info@totemi.ch<\/a><br \/>\n<\/span><\/p>\n<p><strong>Garten der Minenarbeiter<\/strong><\/p>\n<p>Mines d&#8217;asphalte<br \/>\nLa Presta<br \/>\n2105 Travers<br \/>\nT 032 864 90 64<br \/>\n<a href=\"https:\/\/www.mines-asphalte.ch\/de\" target=\"_blank\" rel=\"noopener noreferrer\">www.mines-asphalte.ch<\/a>[\/vc_column_text][\/vc_column][\/vc_row]<\/p>\n","protected":false},"excerpt":{"rendered":"<p>[vc_row][vc_column][vc_column_text]Die Totemi-Touren sind interaktive Spazierg\u00e4nge mit dem Smartphone, entwickelt von der Neuenburger Firma Talk To Me. Es gibt zwei Touren im Val-de-Travers, also schnappen Sie sich Ihre Smartphones und los&hellip;<\/p>\n","protected":false},"author":73,"featured_media":5920,"parent":2155,"menu_order":0,"comment_status":"closed","ping_status":"closed","template":"","meta":{"footnotes":""},"yoast_head":"<!-- This site is optimized with the Yoast SEO plugin v23.5 - https:\/\/yoast.com\/wordpress\/plugins\/seo\/ -->\n<title>Interaktiven Spazierg\u00e4nge Totemi - Destination Val-de-Travers<\/title>\n<meta name=\"robots\" content=\"index, follow, max-snippet:-1, max-image-preview:large, max-video-preview:-1\" \/>\n<link rel=\"canonical\" href=\"https:\/\/www.myvaldetravers.ch\/de\/erlebnisse\/totemi\/\" \/>\n<meta property=\"og:locale\" content=\"de_DE\" \/>\n<meta property=\"og:type\" content=\"article\" \/>\n<meta property=\"og:title\" content=\"Interaktiven Spazierg\u00e4nge Totemi - Destination Val-de-Travers\" \/>\n<meta property=\"og:description\" content=\"[vc_row][vc_column][vc_column_text]Die Totemi-Touren sind interaktive Spazierg\u00e4nge mit dem Smartphone, entwickelt von der Neuenburger Firma Talk To Me. Es gibt zwei Touren im Val-de-Travers, also schnappen Sie sich Ihre Smartphones und los&hellip;\" \/>\n<meta property=\"og:url\" content=\"https:\/\/www.myvaldetravers.ch\/de\/erlebnisse\/totemi\/\" \/>\n<meta property=\"og:site_name\" content=\"Destination Val-de-Travers\" \/>\n<meta property=\"article:publisher\" content=\"https:\/\/www.facebook.com\/DestinationValdeTravers\/\" \/>\n<meta property=\"article:modified_time\" content=\"2021-07-07T14:39:24+00:00\" \/>\n<meta property=\"og:image\" content=\"https:\/\/www.myvaldetravers.ch\/wp-content\/uploads\/2021\/04\/totemi_min_768-1024x498.png\" \/>\n\t<meta property=\"og:image:width\" content=\"1024\" \/>\n\t<meta property=\"og:image:height\" content=\"498\" \/>\n\t<meta property=\"og:image:type\" content=\"image\/png\" \/>\n<meta name=\"twitter:card\" content=\"summary_large_image\" \/>\n<meta name=\"twitter:label1\" content=\"Gesch\u00e4tzte Lesezeit\" \/>\n\t<meta name=\"twitter:data1\" content=\"2\u00a0Minuten\" \/>\n<script type=\"application\/ld+json\" class=\"yoast-schema-graph\">{\"@context\":\"https:\/\/schema.org\",\"@graph\":[{\"@type\":\"WebPage\",\"@id\":\"https:\/\/www.myvaldetravers.ch\/de\/erlebnisse\/totemi\/\",\"url\":\"https:\/\/www.myvaldetravers.ch\/de\/erlebnisse\/totemi\/\",\"name\":\"Interaktiven Spazierg\u00e4nge Totemi - Destination Val-de-Travers\",\"isPartOf\":{\"@id\":\"https:\/\/www.myvaldetravers.ch\/de\/#website\"},\"primaryImageOfPage\":{\"@id\":\"https:\/\/www.myvaldetravers.ch\/de\/erlebnisse\/totemi\/#primaryimage\"},\"image\":{\"@id\":\"https:\/\/www.myvaldetravers.ch\/de\/erlebnisse\/totemi\/#primaryimage\"},\"thumbnailUrl\":\"https:\/\/www.myvaldetravers.ch\/wp-content\/uploads\/2021\/04\/totemi_min_768.png\",\"datePublished\":\"2021-06-02T13:46:02+00:00\",\"dateModified\":\"2021-07-07T14:39:24+00:00\",\"breadcrumb\":{\"@id\":\"https:\/\/www.myvaldetravers.ch\/de\/erlebnisse\/totemi\/#breadcrumb\"},\"inLanguage\":\"de\",\"potentialAction\":[{\"@type\":\"ReadAction\",\"target\":[\"https:\/\/www.myvaldetravers.ch\/de\/erlebnisse\/totemi\/\"]}]},{\"@type\":\"ImageObject\",\"inLanguage\":\"de\",\"@id\":\"https:\/\/www.myvaldetravers.ch\/de\/erlebnisse\/totemi\/#primaryimage\",\"url\":\"https:\/\/www.myvaldetravers.ch\/wp-content\/uploads\/2021\/04\/totemi_min_768.png\",\"contentUrl\":\"https:\/\/www.myvaldetravers.ch\/wp-content\/uploads\/2021\/04\/totemi_min_768.png\",\"width\":1579,\"height\":768},{\"@type\":\"BreadcrumbList\",\"@id\":\"https:\/\/www.myvaldetravers.ch\/de\/erlebnisse\/totemi\/#breadcrumb\",\"itemListElement\":[{\"@type\":\"ListItem\",\"position\":1,\"name\":\"Accueil\",\"item\":\"https:\/\/www.myvaldetravers.ch\/de\/\"},{\"@type\":\"ListItem\",\"position\":2,\"name\":\"Erlebnisse\",\"item\":\"https:\/\/www.myvaldetravers.ch\/de\/erlebnisse\/\"},{\"@type\":\"ListItem\",\"position\":3,\"name\":\"Interaktiven Spazierg\u00e4nge Totemi\"}]},{\"@type\":\"WebSite\",\"@id\":\"https:\/\/www.myvaldetravers.ch\/de\/#website\",\"url\":\"https:\/\/www.myvaldetravers.ch\/de\/\",\"name\":\"Destination Val-de-Travers\",\"description\":\"Il y a toujours quelque chose \u00e0 faire au Val-de-Travers.\",\"potentialAction\":[{\"@type\":\"SearchAction\",\"target\":{\"@type\":\"EntryPoint\",\"urlTemplate\":\"https:\/\/www.myvaldetravers.ch\/de\/?s={search_term_string}\"},\"query-input\":{\"@type\":\"PropertyValueSpecification\",\"valueRequired\":true,\"valueName\":\"search_term_string\"}}],\"inLanguage\":\"de\"}]}<\/script>\n<!-- \/ Yoast SEO plugin. -->","yoast_head_json":{"title":"Interaktiven Spazierg\u00e4nge Totemi - Destination Val-de-Travers","robots":{"index":"index","follow":"follow","max-snippet":"max-snippet:-1","max-image-preview":"max-image-preview:large","max-video-preview":"max-video-preview:-1"},"canonical":"https:\/\/www.myvaldetravers.ch\/de\/erlebnisse\/totemi\/","og_locale":"de_DE","og_type":"article","og_title":"Interaktiven Spazierg\u00e4nge Totemi - Destination Val-de-Travers","og_description":"[vc_row][vc_column][vc_column_text]Die Totemi-Touren sind interaktive Spazierg\u00e4nge mit dem Smartphone, entwickelt von der Neuenburger Firma Talk To Me. Es gibt zwei Touren im Val-de-Travers, also schnappen Sie sich Ihre Smartphones und los&hellip;","og_url":"https:\/\/www.myvaldetravers.ch\/de\/erlebnisse\/totemi\/","og_site_name":"Destination Val-de-Travers","article_publisher":"https:\/\/www.facebook.com\/DestinationValdeTravers\/","article_modified_time":"2021-07-07T14:39:24+00:00","og_image":[{"width":1024,"height":498,"url":"https:\/\/www.myvaldetravers.ch\/wp-content\/uploads\/2021\/04\/totemi_min_768-1024x498.png","type":"image\/png"}],"twitter_card":"summary_large_image","twitter_misc":{"Gesch\u00e4tzte Lesezeit":"2\u00a0Minuten"},"schema":{"@context":"https:\/\/schema.org","@graph":[{"@type":"WebPage","@id":"https:\/\/www.myvaldetravers.ch\/de\/erlebnisse\/totemi\/","url":"https:\/\/www.myvaldetravers.ch\/de\/erlebnisse\/totemi\/","name":"Interaktiven Spazierg\u00e4nge Totemi - Destination Val-de-Travers","isPartOf":{"@id":"https:\/\/www.myvaldetravers.ch\/de\/#website"},"primaryImageOfPage":{"@id":"https:\/\/www.myvaldetravers.ch\/de\/erlebnisse\/totemi\/#primaryimage"},"image":{"@id":"https:\/\/www.myvaldetravers.ch\/de\/erlebnisse\/totemi\/#primaryimage"},"thumbnailUrl":"https:\/\/www.myvaldetravers.ch\/wp-content\/uploads\/2021\/04\/totemi_min_768.png","datePublished":"2021-06-02T13:46:02+00:00","dateModified":"2021-07-07T14:39:24+00:00","breadcrumb":{"@id":"https:\/\/www.myvaldetravers.ch\/de\/erlebnisse\/totemi\/#breadcrumb"},"inLanguage":"de","potentialAction":[{"@type":"ReadAction","target":["https:\/\/www.myvaldetravers.ch\/de\/erlebnisse\/totemi\/"]}]},{"@type":"ImageObject","inLanguage":"de","@id":"https:\/\/www.myvaldetravers.ch\/de\/erlebnisse\/totemi\/#primaryimage","url":"https:\/\/www.myvaldetravers.ch\/wp-content\/uploads\/2021\/04\/totemi_min_768.png","contentUrl":"https:\/\/www.myvaldetravers.ch\/wp-content\/uploads\/2021\/04\/totemi_min_768.png","width":1579,"height":768},{"@type":"BreadcrumbList","@id":"https:\/\/www.myvaldetravers.ch\/de\/erlebnisse\/totemi\/#breadcrumb","itemListElement":[{"@type":"ListItem","position":1,"name":"Accueil","item":"https:\/\/www.myvaldetravers.ch\/de\/"},{"@type":"ListItem","position":2,"name":"Erlebnisse","item":"https:\/\/www.myvaldetravers.ch\/de\/erlebnisse\/"},{"@type":"ListItem","position":3,"name":"Interaktiven Spazierg\u00e4nge Totemi"}]},{"@type":"WebSite","@id":"https:\/\/www.myvaldetravers.ch\/de\/#website","url":"https:\/\/www.myvaldetravers.ch\/de\/","name":"Destination Val-de-Travers","description":"Il y a toujours quelque chose \u00e0 faire au Val-de-Travers.","potentialAction":[{"@type":"SearchAction","target":{"@type":"EntryPoint","urlTemplate":"https:\/\/www.myvaldetravers.ch\/de\/?s={search_term_string}"},"query-input":{"@type":"PropertyValueSpecification","valueRequired":true,"valueName":"search_term_string"}}],"inLanguage":"de"}]}},"_links":{"self":[{"href":"https:\/\/www.myvaldetravers.ch\/de\/wp-json\/wp\/v2\/pages\/6772"}],"collection":[{"href":"https:\/\/www.myvaldetravers.ch\/de\/wp-json\/wp\/v2\/pages"}],"about":[{"href":"https:\/\/www.myvaldetravers.ch\/de\/wp-json\/wp\/v2\/types\/page"}],"author":[{"embeddable":true,"href":"https:\/\/www.myvaldetravers.ch\/de\/wp-json\/wp\/v2\/users\/73"}],"replies":[{"embeddable":true,"href":"https:\/\/www.myvaldetravers.ch\/de\/wp-json\/wp\/v2\/comments?post=6772"}],"version-history":[{"count":9,"href":"https:\/\/www.myvaldetravers.ch\/de\/wp-json\/wp\/v2\/pages\/6772\/revisions"}],"predecessor-version":[{"id":7091,"href":"https:\/\/www.myvaldetravers.ch\/de\/wp-json\/wp\/v2\/pages\/6772\/revisions\/7091"}],"up":[{"embeddable":true,"href":"https:\/\/www.myvaldetravers.ch\/de\/wp-json\/wp\/v2\/pages\/2155"}],"wp:featuredmedia":[{"embeddable":true,"href":"https:\/\/www.myvaldetravers.ch\/de\/wp-json\/wp\/v2\/media\/5920"}],"wp:attachment":[{"href":"https:\/\/www.myvaldetravers.ch\/de\/wp-json\/wp\/v2\/media?parent=6772"}],"curies":[{"name":"wp","href":"https:\/\/api.w.org\/{rel}","templated":true}]}}