{"id":6830,"date":"2021-06-23T16:33:17","date_gmt":"2021-06-23T14:33:17","guid":{"rendered":"https:\/\/www.myvaldetravers.ch\/?page_id=6830"},"modified":"2021-06-23T16:35:03","modified_gmt":"2021-06-23T14:35:03","slug":"step2blind","status":"publish","type":"page","link":"https:\/\/www.myvaldetravers.ch\/de\/erlebnisse\/step2blind\/","title":{"rendered":"Step2Blind &#8211; anders sehen"},"content":{"rendered":"<p>[vc_row][vc_column][vc_column_text]<\/p>\n<h2>Entdecken Sie das Val-de-Travers mit allen Sinnen<\/h2>\n<p>Sehen Sie mit Ihren H\u00e4nden und Ohren! Eine andere Art zu sehen, zu f\u00fchlen und zu ber\u00fchren, das bietet Ihnen Step2blind durch verschiedene Aktivit\u00e4ten.<\/p>\n<p>Step2blind bietet <a href=\"https:\/\/www.step2blind.ch\/tag\/activites\/\" target=\"_blank\" rel=\"noopener\">viele Aktivit\u00e4ten<\/a> und Workshops an, ob f\u00fcr Familien, Gruppen, Heime, Firmen oder Schulen. Viele dieser Workshops finden im Val-de-Travers statt.<\/p>\n<p>Spazierg\u00e4nge, Essen im Dunkeln, Olympiaden, Kunst,&#8230; Schl\u00fcpfen Sie f\u00fcr ein paar Stunden in die Schuhe eines Blinden, tauschen Sie sich aus, kommunizieren Sie und entwickeln Sie Vertrauen in sich und andere. Finden Sie <a href=\"https:\/\/www.step2blind.ch\/%c3%a9v%c3%a8nements\/\" target=\"_blank\" rel=\"noopener\">hier<\/a> die n\u00e4chsten <strong>\u00f6ffentlichen Veranstaltungen<\/strong>.[\/vc_column_text][\/vc_column][\/vc_row][vc_row][vc_column][vc_column_text]<\/p>\n<h5>Kontaktdaten des Partner<\/h5>\n<p><strong>Step2Blind<\/strong><\/p>\n<p><span class=\"m-contact__org__address\"><span class=\"m-contact__org__address__locality\"><span class=\"m-contact__org__address__locality__city\">Chemin Montant 8<br \/>\n<\/span><\/span><\/span><span class=\"m-contact__org__media-channels m-contact__org__media-channels--separated\">2017 Boudry<br \/>\n<a href=\"mailto:info@step2blind.com\">info@step2blind.com<\/a><br \/>\n<a href=\"https:\/\/www.step2blind.ch\/\" target=\"_blank\" rel=\"noopener\">www.step2blind.ch<\/a><\/span>[\/vc_column_text][vc_empty_space hide_on_mobile=&#8221;&#8221;][\/vc_column][\/vc_row][vc_row][vc_column width=&#8221;1\/2&#8243;][vc_video link=&#8221;https:\/\/www.youtube.com\/watch?v=BW0AdAZPz0g&#8221;][\/vc_column][vc_column width=&#8221;1\/2&#8243;][\/vc_column][\/vc_row]<\/p>\n","protected":false},"excerpt":{"rendered":"<p>[vc_row][vc_column][vc_column_text] Entdecken Sie das Val-de-Travers mit allen Sinnen Sehen Sie mit Ihren H\u00e4nden und Ohren! Eine andere Art zu sehen, zu f\u00fchlen und zu ber\u00fchren, das bietet Ihnen Step2blind durch&hellip;<\/p>\n","protected":false},"author":73,"featured_media":6978,"parent":2155,"menu_order":0,"comment_status":"closed","ping_status":"closed","template":"","meta":{"footnotes":""},"yoast_head":"<!-- This site is optimized with the Yoast SEO plugin v23.5 - https:\/\/yoast.com\/wordpress\/plugins\/seo\/ -->\n<title>Step2Blind - anders sehen - Destination Val-de-Travers<\/title>\n<meta name=\"description\" content=\"Sehen Sie mit Ihren H\u00e4nden und Ohren! Eine andere Art zu sehen, zu f\u00fchlen und zu ber\u00fchren, das bietet Ihnen Step2blind.\" \/>\n<meta name=\"robots\" content=\"index, follow, max-snippet:-1, max-image-preview:large, max-video-preview:-1\" \/>\n<link rel=\"canonical\" href=\"https:\/\/www.myvaldetravers.ch\/de\/erlebnisse\/step2blind\/\" \/>\n<meta property=\"og:locale\" content=\"de_DE\" \/>\n<meta property=\"og:type\" content=\"article\" \/>\n<meta property=\"og:title\" content=\"Step2Blind - anders sehen - Destination Val-de-Travers\" \/>\n<meta property=\"og:description\" content=\"Sehen Sie mit Ihren H\u00e4nden und Ohren! Eine andere Art zu sehen, zu f\u00fchlen und zu ber\u00fchren, das bietet Ihnen Step2blind.\" \/>\n<meta property=\"og:url\" content=\"https:\/\/www.myvaldetravers.ch\/de\/erlebnisse\/step2blind\/\" \/>\n<meta property=\"og:site_name\" content=\"Destination Val-de-Travers\" \/>\n<meta property=\"article:publisher\" content=\"https:\/\/www.facebook.com\/DestinationValdeTravers\/\" \/>\n<meta property=\"article:modified_time\" content=\"2021-06-23T14:35:03+00:00\" \/>\n<meta property=\"og:image\" content=\"https:\/\/www.myvaldetravers.ch\/wp-content\/uploads\/2021\/06\/20201017_102405_resized.jpg\" \/>\n\t<meta property=\"og:image:width\" content=\"1152\" \/>\n\t<meta property=\"og:image:height\" content=\"648\" \/>\n\t<meta property=\"og:image:type\" content=\"image\/jpeg\" \/>\n<meta name=\"twitter:card\" content=\"summary_large_image\" \/>\n<meta name=\"twitter:label1\" content=\"Gesch\u00e4tzte Lesezeit\" \/>\n\t<meta name=\"twitter:data1\" content=\"1\u00a0Minute\" \/>\n<script type=\"application\/ld+json\" class=\"yoast-schema-graph\">{\"@context\":\"https:\/\/schema.org\",\"@graph\":[{\"@type\":\"WebPage\",\"@id\":\"https:\/\/www.myvaldetravers.ch\/de\/erlebnisse\/step2blind\/\",\"url\":\"https:\/\/www.myvaldetravers.ch\/de\/erlebnisse\/step2blind\/\",\"name\":\"Step2Blind - anders sehen - Destination Val-de-Travers\",\"isPartOf\":{\"@id\":\"https:\/\/www.myvaldetravers.ch\/de\/#website\"},\"primaryImageOfPage\":{\"@id\":\"https:\/\/www.myvaldetravers.ch\/de\/erlebnisse\/step2blind\/#primaryimage\"},\"image\":{\"@id\":\"https:\/\/www.myvaldetravers.ch\/de\/erlebnisse\/step2blind\/#primaryimage\"},\"thumbnailUrl\":\"https:\/\/www.myvaldetravers.ch\/wp-content\/uploads\/2021\/06\/20201017_102405_resized.jpg\",\"datePublished\":\"2021-06-23T14:33:17+00:00\",\"dateModified\":\"2021-06-23T14:35:03+00:00\",\"description\":\"Sehen Sie mit Ihren H\u00e4nden und Ohren! Eine andere Art zu sehen, zu f\u00fchlen und zu ber\u00fchren, das bietet Ihnen Step2blind.\",\"breadcrumb\":{\"@id\":\"https:\/\/www.myvaldetravers.ch\/de\/erlebnisse\/step2blind\/#breadcrumb\"},\"inLanguage\":\"de\",\"potentialAction\":[{\"@type\":\"ReadAction\",\"target\":[\"https:\/\/www.myvaldetravers.ch\/de\/erlebnisse\/step2blind\/\"]}]},{\"@type\":\"ImageObject\",\"inLanguage\":\"de\",\"@id\":\"https:\/\/www.myvaldetravers.ch\/de\/erlebnisse\/step2blind\/#primaryimage\",\"url\":\"https:\/\/www.myvaldetravers.ch\/wp-content\/uploads\/2021\/06\/20201017_102405_resized.jpg\",\"contentUrl\":\"https:\/\/www.myvaldetravers.ch\/wp-content\/uploads\/2021\/06\/20201017_102405_resized.jpg\",\"width\":1152,\"height\":648},{\"@type\":\"BreadcrumbList\",\"@id\":\"https:\/\/www.myvaldetravers.ch\/de\/erlebnisse\/step2blind\/#breadcrumb\",\"itemListElement\":[{\"@type\":\"ListItem\",\"position\":1,\"name\":\"Accueil\",\"item\":\"https:\/\/www.myvaldetravers.ch\/de\/\"},{\"@type\":\"ListItem\",\"position\":2,\"name\":\"Erlebnisse\",\"item\":\"https:\/\/www.myvaldetravers.ch\/de\/erlebnisse\/\"},{\"@type\":\"ListItem\",\"position\":3,\"name\":\"Step2Blind &#8211; anders sehen\"}]},{\"@type\":\"WebSite\",\"@id\":\"https:\/\/www.myvaldetravers.ch\/de\/#website\",\"url\":\"https:\/\/www.myvaldetravers.ch\/de\/\",\"name\":\"Destination Val-de-Travers\",\"description\":\"Il y a toujours quelque chose \u00e0 faire au Val-de-Travers.\",\"potentialAction\":[{\"@type\":\"SearchAction\",\"target\":{\"@type\":\"EntryPoint\",\"urlTemplate\":\"https:\/\/www.myvaldetravers.ch\/de\/?s={search_term_string}\"},\"query-input\":{\"@type\":\"PropertyValueSpecification\",\"valueRequired\":true,\"valueName\":\"search_term_string\"}}],\"inLanguage\":\"de\"}]}<\/script>\n<!-- \/ Yoast SEO plugin. -->","yoast_head_json":{"title":"Step2Blind - anders sehen - Destination Val-de-Travers","description":"Sehen Sie mit Ihren H\u00e4nden und Ohren! Eine andere Art zu sehen, zu f\u00fchlen und zu ber\u00fchren, das bietet Ihnen Step2blind.","robots":{"index":"index","follow":"follow","max-snippet":"max-snippet:-1","max-image-preview":"max-image-preview:large","max-video-preview":"max-video-preview:-1"},"canonical":"https:\/\/www.myvaldetravers.ch\/de\/erlebnisse\/step2blind\/","og_locale":"de_DE","og_type":"article","og_title":"Step2Blind - anders sehen - Destination Val-de-Travers","og_description":"Sehen Sie mit Ihren H\u00e4nden und Ohren! Eine andere Art zu sehen, zu f\u00fchlen und zu ber\u00fchren, das bietet Ihnen Step2blind.","og_url":"https:\/\/www.myvaldetravers.ch\/de\/erlebnisse\/step2blind\/","og_site_name":"Destination Val-de-Travers","article_publisher":"https:\/\/www.facebook.com\/DestinationValdeTravers\/","article_modified_time":"2021-06-23T14:35:03+00:00","og_image":[{"width":1152,"height":648,"url":"https:\/\/www.myvaldetravers.ch\/wp-content\/uploads\/2021\/06\/20201017_102405_resized.jpg","type":"image\/jpeg"}],"twitter_card":"summary_large_image","twitter_misc":{"Gesch\u00e4tzte Lesezeit":"1\u00a0Minute"},"schema":{"@context":"https:\/\/schema.org","@graph":[{"@type":"WebPage","@id":"https:\/\/www.myvaldetravers.ch\/de\/erlebnisse\/step2blind\/","url":"https:\/\/www.myvaldetravers.ch\/de\/erlebnisse\/step2blind\/","name":"Step2Blind - anders sehen - Destination Val-de-Travers","isPartOf":{"@id":"https:\/\/www.myvaldetravers.ch\/de\/#website"},"primaryImageOfPage":{"@id":"https:\/\/www.myvaldetravers.ch\/de\/erlebnisse\/step2blind\/#primaryimage"},"image":{"@id":"https:\/\/www.myvaldetravers.ch\/de\/erlebnisse\/step2blind\/#primaryimage"},"thumbnailUrl":"https:\/\/www.myvaldetravers.ch\/wp-content\/uploads\/2021\/06\/20201017_102405_resized.jpg","datePublished":"2021-06-23T14:33:17+00:00","dateModified":"2021-06-23T14:35:03+00:00","description":"Sehen Sie mit Ihren H\u00e4nden und Ohren! Eine andere Art zu sehen, zu f\u00fchlen und zu ber\u00fchren, das bietet Ihnen Step2blind.","breadcrumb":{"@id":"https:\/\/www.myvaldetravers.ch\/de\/erlebnisse\/step2blind\/#breadcrumb"},"inLanguage":"de","potentialAction":[{"@type":"ReadAction","target":["https:\/\/www.myvaldetravers.ch\/de\/erlebnisse\/step2blind\/"]}]},{"@type":"ImageObject","inLanguage":"de","@id":"https:\/\/www.myvaldetravers.ch\/de\/erlebnisse\/step2blind\/#primaryimage","url":"https:\/\/www.myvaldetravers.ch\/wp-content\/uploads\/2021\/06\/20201017_102405_resized.jpg","contentUrl":"https:\/\/www.myvaldetravers.ch\/wp-content\/uploads\/2021\/06\/20201017_102405_resized.jpg","width":1152,"height":648},{"@type":"BreadcrumbList","@id":"https:\/\/www.myvaldetravers.ch\/de\/erlebnisse\/step2blind\/#breadcrumb","itemListElement":[{"@type":"ListItem","position":1,"name":"Accueil","item":"https:\/\/www.myvaldetravers.ch\/de\/"},{"@type":"ListItem","position":2,"name":"Erlebnisse","item":"https:\/\/www.myvaldetravers.ch\/de\/erlebnisse\/"},{"@type":"ListItem","position":3,"name":"Step2Blind &#8211; anders sehen"}]},{"@type":"WebSite","@id":"https:\/\/www.myvaldetravers.ch\/de\/#website","url":"https:\/\/www.myvaldetravers.ch\/de\/","name":"Destination Val-de-Travers","description":"Il y a toujours quelque chose \u00e0 faire au Val-de-Travers.","potentialAction":[{"@type":"SearchAction","target":{"@type":"EntryPoint","urlTemplate":"https:\/\/www.myvaldetravers.ch\/de\/?s={search_term_string}"},"query-input":{"@type":"PropertyValueSpecification","valueRequired":true,"valueName":"search_term_string"}}],"inLanguage":"de"}]}},"_links":{"self":[{"href":"https:\/\/www.myvaldetravers.ch\/de\/wp-json\/wp\/v2\/pages\/6830"}],"collection":[{"href":"https:\/\/www.myvaldetravers.ch\/de\/wp-json\/wp\/v2\/pages"}],"about":[{"href":"https:\/\/www.myvaldetravers.ch\/de\/wp-json\/wp\/v2\/types\/page"}],"author":[{"embeddable":true,"href":"https:\/\/www.myvaldetravers.ch\/de\/wp-json\/wp\/v2\/users\/73"}],"replies":[{"embeddable":true,"href":"https:\/\/www.myvaldetravers.ch\/de\/wp-json\/wp\/v2\/comments?post=6830"}],"version-history":[{"count":9,"href":"https:\/\/www.myvaldetravers.ch\/de\/wp-json\/wp\/v2\/pages\/6830\/revisions"}],"predecessor-version":[{"id":6991,"href":"https:\/\/www.myvaldetravers.ch\/de\/wp-json\/wp\/v2\/pages\/6830\/revisions\/6991"}],"up":[{"embeddable":true,"href":"https:\/\/www.myvaldetravers.ch\/de\/wp-json\/wp\/v2\/pages\/2155"}],"wp:featuredmedia":[{"embeddable":true,"href":"https:\/\/www.myvaldetravers.ch\/de\/wp-json\/wp\/v2\/media\/6978"}],"wp:attachment":[{"href":"https:\/\/www.myvaldetravers.ch\/de\/wp-json\/wp\/v2\/media?parent=6830"}],"curies":[{"name":"wp","href":"https:\/\/api.w.org\/{rel}","templated":true}]}}