{"id":7409,"date":"2021-09-06T15:23:28","date_gmt":"2021-09-06T13:23:28","guid":{"rendered":"https:\/\/www.myvaldetravers.ch\/?page_id=7409"},"modified":"2025-04-10T15:17:39","modified_gmt":"2025-04-10T13:17:39","slug":"vw-museum","status":"publish","type":"page","link":"https:\/\/www.myvaldetravers.ch\/de\/erlebnisse\/vw-museum\/","title":{"rendered":"Volkswrecks Bar &#038; Museum"},"content":{"rendered":"<p>[vc_row][vc_column][vc_column_text el_class=&#8221;edsi&#8221;]<p><strong>Originelles Museum, das eine Privatsammlung von Fahrzeugen der Jahre 1950 bis 1979 zeigt.<\/strong><\/p><p>An diesem absolut einzigartigen Ort hat St\u00e9phane sein Lieblingsauto, den K\u00e4fer, zum Fetisch erhoben. Die ungew\u00f6hnlichen und geschickt orchestrierten Inszenierungen laden dazu ein, die VWs in einem fr\u00f6hlich entspannten und geselligen Ambiente zu entdecken.<\/p><h5>Gut zu wissen<\/h5>* Bankkarten werden nicht akzeptiert<h5>Kontaktdaten des Partners<\/h5><span class='text-uppercase'>Mus\u00e9e et bar Oldtimer Volkswagen<\/span><br>Rue des Fosseaux 3<br>2123 St-Sulpice<br><a href='tel:+41 79 278 09 89'>+41 79 278 09 89<\/a><br><a href='mailto:info@musee-vw.ch'>info@musee-vw.ch<\/a><br><a href='http:\/\/www.musee-vw.ch' target='_blank'>www.musee-vw.ch<\/a><br><h5>\u00d6ffnungszeiten<\/h5><h5>Preise<\/h5><div class='edsi-title'>Preise Einzelg\u00e4ste<\/div><div class='edsi-price-container'><div class='edsi-tarif'>Erwachsene<\/div><div class='edsi-prix'>CHF\u00a015.00<\/div><div class='edsi-tarif'>Kinder (ab 6 Jahren)<\/div><div class='edsi-prix'>CHF\u00a05.00<\/div><\/div><h5>Karte<\/h5><div id='map' style='width:500px;height:300px;'><\/div>\n<script type=\"text\/javascript\" src=\"https:\/\/maps.googleapis.com\/maps\/api\/js?key=AIzaSyCTPTigCnFjWZE6vEYcD0SnK25h1MzvSMk\"><\/script>\n\n<script>\n  var markerCenter = new google.maps.LatLng(46.910947036922,6.5583062797623);\n  var marker = null;\n\n function initialize() {\n  var mapProp = {\n   center: markerCenter,\n   zoom: 13,\n   mapTypeId: google.maps.MapTypeId.ROADMAP\n   };\n  var map = new google.maps.Map(document.getElementById(\"map\"),mapProp);\n\n   var marker = new google.maps.Marker({\n\t position: markerCenter,\n\t \/\/ animation: google.maps.Animation.BOUNCE,\n   });\n   marker.setMap(map);\n   \n   var infowindow = new google.maps.InfoWindow();\n   infowindow.setContent(\"Museum und Bar Oldtimer Volkswagen\");\n   infowindow.open(map, marker);\n\n }\n\n google.maps.event.addDomListener(window, 'load', initialize);\n<\/script>\n[\/vc_column_text][\/vc_column][\/vc_row][vc_row css=&#8221;.vc_custom_1554128789554{margin-top: -0.3em !important;}&#8221;][vc_column][vc_column_text]Das Oldtimer Volkswagen Museum wurde im November 2006 gegr\u00fcndet und am 1. April 2007 der \u00d6ffentlichkeit zug\u00e4nglich gemacht. Die Privatsammlung von St\u00e9phane Leuba umfasst rund 150 Fahrzeuge aus den Jahren 1950 bis 1979. K\u00e4fer, Bus, 181, Karman, Typ 3, Buggy, Porsche 914\u2026 sind die Fahrzeugtypen, die Sie w\u00e4hrend des Besuchs auf 2 Etagen bewundern k\u00f6nnen.<\/p>\n<p>Die verr\u00fcckte Geschichte, dieses Automuseum zu schaffen, wurde aus einer Laune heraus geboren. Die Idee ist, die Kinder in den unrestaurierten Autos im Erdgeschoss spielen zu lassen, wo sie ber\u00fchren, rennen und sich ans Steuer setzen k\u00f6nnen.<\/p>\n<h5>\u00d6FFNUNGSZEITEN UND DETAILS<\/h5>\n<div class=\"tm_pb_column tm_pb_column_1_2 tm_pb_column_7 col-xs-12 col-sm-6 col-md-6 col-lg-6 col-xl-6\">\n<div class=\"tm_pb_text tm_pb_module tm_pb_bg_layout_light tm_pb_text_align_left tm_pb_text_6\">\n<p>Von 01.04 bis 31.10<br \/>\nSamstag und Sonntag: 10:00-17:00 Uhr<\/p>\n<p><strong>Preise:<br \/>\n<\/strong>Erwachsene: CHF 15.00<br \/>\nKinder (ab 6 Jahre alt): CHF 5.00<\/p>\n<\/div>\n<\/div>\n<h5>KONTAKTDATEN DES PARTNERS<\/h5>\n<p>Mus\u00e9e Oldtimer Volkswagen<br \/>\nRte des fosseaux 9<br \/>\n2123 St-Sulpice<br \/>\nT 079 278 09 89<br \/>\n<a href=\"mailto:info@musee-vw.ch\">info@musee-vw.ch<\/a><br \/>\n<a href=\"https:\/\/www.musee-vw.ch\/\" target=\"_blank\" rel=\"noopener\">www.musee-vw.ch<\/a>[\/vc_column_text][\/vc_column][\/vc_row][vc_row][vc_column][vc_column_text][\/vc_column_text][vc_separator]<div class=\"cq-dagallery-container\" style=\"width:100%;margin:0 auto;\"><ul class=\"cq-dagallery\" data-gallerywidth=\"100%\" data-width=\"270\" data-height=\"\" data-color=\"#ffffff\" data-background=\"#00bfff\" data-opacity=\"0.8\"><li class=\"\" data-width=\"270\" data-height=\"\" data-margin=\"10px\" style=\"margin:10px\"><a class=\"normal\" href=\"https:\/\/www.myvaldetravers.ch\/wp-content\/uploads\/2021\/01\/VW.jpg\" rel=\"740935\"><img src='https:\/\/www.myvaldetravers.ch\/wp-content\/uploads\/2021\/01\/VW-270x180.jpg' width='270' height='' \/><\/a><div class=\"dagallery-info\" style=\"padding:20px;color:#ffffff;background-color:#00bfff\"><\/div><\/li><li class=\"\" data-width=\"270\" data-height=\"\" data-margin=\"10px\" style=\"margin:10px\"><a class=\"normal\" href=\"https:\/\/www.myvaldetravers.ch\/wp-content\/uploads\/2021\/01\/VW2.jpg\" rel=\"740935\"><img src='https:\/\/www.myvaldetravers.ch\/wp-content\/uploads\/2021\/01\/VW2-270x180.jpg' width='270' height='' \/><\/a><div class=\"dagallery-info\" style=\"padding:20px;color:#ffffff;background-color:#00bfff\"><\/div><\/li><li class=\"\" data-width=\"270\" data-height=\"\" data-margin=\"10px\" style=\"margin:10px\"><a class=\"normal\" href=\"https:\/\/www.myvaldetravers.ch\/wp-content\/uploads\/2021\/01\/Vw3.jpg\" rel=\"740935\"><img src='https:\/\/www.myvaldetravers.ch\/wp-content\/uploads\/2021\/01\/Vw3-270x180.jpg' width='270' height='' \/><\/a><div class=\"dagallery-info\" style=\"padding:20px;color:#ffffff;background-color:#00bfff\"><\/div><\/li><\/ul><\/div>[\/vc_column][\/vc_row]<\/p>\n","protected":false},"excerpt":{"rendered":"<p>[vc_row][vc_column][vc_column_text el_class=&#8221;edsi&#8221;][\/vc_column_text][\/vc_column][\/vc_row][vc_row css=&#8221;.vc_custom_1554128789554{margin-top: -0.3em !important;}&#8221;][vc_column][vc_column_text]Das Oldtimer Volkswagen Museum wurde im November 2006 gegr\u00fcndet und am 1. April 2007 der \u00d6ffentlichkeit zug\u00e4nglich gemacht. Die Privatsammlung von St\u00e9phane Leuba umfasst rund 150&hellip;<\/p>\n","protected":false},"author":73,"featured_media":5525,"parent":2155,"menu_order":0,"comment_status":"closed","ping_status":"closed","template":"","meta":{"footnotes":""},"yoast_head":"<!-- This site is optimized with the Yoast SEO plugin v23.5 - https:\/\/yoast.com\/wordpress\/plugins\/seo\/ -->\n<title>Volkswrecks Bar &amp; Museum - VW-Museum - Destination Val-de-Travers<\/title>\n<meta name=\"description\" content=\"Entdecken Sie die Sammlung eines VW-Liebhabers in einer m\u00e4rchenhaften Welt mit verschiedenen Modellen, die im Laufe der Jahre gesammelt wurden!\" \/>\n<meta name=\"robots\" content=\"index, follow, max-snippet:-1, max-image-preview:large, max-video-preview:-1\" \/>\n<link rel=\"canonical\" href=\"https:\/\/www.myvaldetravers.ch\/de\/erlebnisse\/vw-museum\/\" \/>\n<meta property=\"og:locale\" content=\"de_DE\" \/>\n<meta property=\"og:type\" content=\"article\" \/>\n<meta property=\"og:title\" content=\"Volkswrecks Bar &amp; Museum - VW-Museum - Destination Val-de-Travers\" \/>\n<meta property=\"og:description\" content=\"Entdecken Sie die Sammlung eines VW-Liebhabers in einer m\u00e4rchenhaften Welt mit verschiedenen Modellen, die im Laufe der Jahre gesammelt wurden!\" \/>\n<meta property=\"og:url\" content=\"https:\/\/www.myvaldetravers.ch\/de\/erlebnisse\/vw-museum\/\" \/>\n<meta property=\"og:site_name\" content=\"Destination Val-de-Travers\" \/>\n<meta property=\"article:publisher\" content=\"https:\/\/www.facebook.com\/DestinationValdeTravers\/\" \/>\n<meta property=\"article:modified_time\" content=\"2025-04-10T13:17:39+00:00\" \/>\n<meta property=\"og:image\" content=\"https:\/\/www.myvaldetravers.ch\/wp-content\/uploads\/2021\/01\/VW2.jpg\" \/>\n\t<meta property=\"og:image:width\" content=\"2500\" \/>\n\t<meta property=\"og:image:height\" content=\"1668\" \/>\n\t<meta property=\"og:image:type\" content=\"image\/jpeg\" \/>\n<meta name=\"twitter:card\" content=\"summary_large_image\" \/>\n<meta name=\"twitter:label1\" content=\"Gesch\u00e4tzte Lesezeit\" \/>\n\t<meta name=\"twitter:data1\" content=\"1\u00a0Minute\" \/>\n<script type=\"application\/ld+json\" class=\"yoast-schema-graph\">{\"@context\":\"https:\/\/schema.org\",\"@graph\":[{\"@type\":\"WebPage\",\"@id\":\"https:\/\/www.myvaldetravers.ch\/de\/erlebnisse\/vw-museum\/\",\"url\":\"https:\/\/www.myvaldetravers.ch\/de\/erlebnisse\/vw-museum\/\",\"name\":\"Volkswrecks Bar & Museum - VW-Museum - Destination Val-de-Travers\",\"isPartOf\":{\"@id\":\"https:\/\/www.myvaldetravers.ch\/de\/#website\"},\"primaryImageOfPage\":{\"@id\":\"https:\/\/www.myvaldetravers.ch\/de\/erlebnisse\/vw-museum\/#primaryimage\"},\"image\":{\"@id\":\"https:\/\/www.myvaldetravers.ch\/de\/erlebnisse\/vw-museum\/#primaryimage\"},\"thumbnailUrl\":\"https:\/\/www.myvaldetravers.ch\/wp-content\/uploads\/2021\/01\/VW2.jpg\",\"datePublished\":\"2021-09-06T13:23:28+00:00\",\"dateModified\":\"2025-04-10T13:17:39+00:00\",\"description\":\"Entdecken Sie die Sammlung eines VW-Liebhabers in einer m\u00e4rchenhaften Welt mit verschiedenen Modellen, die im Laufe der Jahre gesammelt wurden!\",\"breadcrumb\":{\"@id\":\"https:\/\/www.myvaldetravers.ch\/de\/erlebnisse\/vw-museum\/#breadcrumb\"},\"inLanguage\":\"de\",\"potentialAction\":[{\"@type\":\"ReadAction\",\"target\":[\"https:\/\/www.myvaldetravers.ch\/de\/erlebnisse\/vw-museum\/\"]}]},{\"@type\":\"ImageObject\",\"inLanguage\":\"de\",\"@id\":\"https:\/\/www.myvaldetravers.ch\/de\/erlebnisse\/vw-museum\/#primaryimage\",\"url\":\"https:\/\/www.myvaldetravers.ch\/wp-content\/uploads\/2021\/01\/VW2.jpg\",\"contentUrl\":\"https:\/\/www.myvaldetravers.ch\/wp-content\/uploads\/2021\/01\/VW2.jpg\",\"width\":2500,\"height\":1668,\"caption\":\"Mod\u00e8le Volkswreck Bar & Museum \u00a9 Volkswreck Bar & Museum\"},{\"@type\":\"BreadcrumbList\",\"@id\":\"https:\/\/www.myvaldetravers.ch\/de\/erlebnisse\/vw-museum\/#breadcrumb\",\"itemListElement\":[{\"@type\":\"ListItem\",\"position\":1,\"name\":\"Accueil\",\"item\":\"https:\/\/www.myvaldetravers.ch\/de\/\"},{\"@type\":\"ListItem\",\"position\":2,\"name\":\"Erlebnisse\",\"item\":\"https:\/\/www.myvaldetravers.ch\/de\/erlebnisse\/\"},{\"@type\":\"ListItem\",\"position\":3,\"name\":\"Volkswrecks Bar &#038; Museum\"}]},{\"@type\":\"WebSite\",\"@id\":\"https:\/\/www.myvaldetravers.ch\/de\/#website\",\"url\":\"https:\/\/www.myvaldetravers.ch\/de\/\",\"name\":\"Destination Val-de-Travers\",\"description\":\"Il y a toujours quelque chose \u00e0 faire au Val-de-Travers.\",\"potentialAction\":[{\"@type\":\"SearchAction\",\"target\":{\"@type\":\"EntryPoint\",\"urlTemplate\":\"https:\/\/www.myvaldetravers.ch\/de\/?s={search_term_string}\"},\"query-input\":{\"@type\":\"PropertyValueSpecification\",\"valueRequired\":true,\"valueName\":\"search_term_string\"}}],\"inLanguage\":\"de\"}]}<\/script>\n<!-- \/ Yoast SEO plugin. -->","yoast_head_json":{"title":"Volkswrecks Bar & Museum - VW-Museum - Destination Val-de-Travers","description":"Entdecken Sie die Sammlung eines VW-Liebhabers in einer m\u00e4rchenhaften Welt mit verschiedenen Modellen, die im Laufe der Jahre gesammelt wurden!","robots":{"index":"index","follow":"follow","max-snippet":"max-snippet:-1","max-image-preview":"max-image-preview:large","max-video-preview":"max-video-preview:-1"},"canonical":"https:\/\/www.myvaldetravers.ch\/de\/erlebnisse\/vw-museum\/","og_locale":"de_DE","og_type":"article","og_title":"Volkswrecks Bar & Museum - VW-Museum - Destination Val-de-Travers","og_description":"Entdecken Sie die Sammlung eines VW-Liebhabers in einer m\u00e4rchenhaften Welt mit verschiedenen Modellen, die im Laufe der Jahre gesammelt wurden!","og_url":"https:\/\/www.myvaldetravers.ch\/de\/erlebnisse\/vw-museum\/","og_site_name":"Destination Val-de-Travers","article_publisher":"https:\/\/www.facebook.com\/DestinationValdeTravers\/","article_modified_time":"2025-04-10T13:17:39+00:00","og_image":[{"width":2500,"height":1668,"url":"https:\/\/www.myvaldetravers.ch\/wp-content\/uploads\/2021\/01\/VW2.jpg","type":"image\/jpeg"}],"twitter_card":"summary_large_image","twitter_misc":{"Gesch\u00e4tzte Lesezeit":"1\u00a0Minute"},"schema":{"@context":"https:\/\/schema.org","@graph":[{"@type":"WebPage","@id":"https:\/\/www.myvaldetravers.ch\/de\/erlebnisse\/vw-museum\/","url":"https:\/\/www.myvaldetravers.ch\/de\/erlebnisse\/vw-museum\/","name":"Volkswrecks Bar & Museum - VW-Museum - Destination Val-de-Travers","isPartOf":{"@id":"https:\/\/www.myvaldetravers.ch\/de\/#website"},"primaryImageOfPage":{"@id":"https:\/\/www.myvaldetravers.ch\/de\/erlebnisse\/vw-museum\/#primaryimage"},"image":{"@id":"https:\/\/www.myvaldetravers.ch\/de\/erlebnisse\/vw-museum\/#primaryimage"},"thumbnailUrl":"https:\/\/www.myvaldetravers.ch\/wp-content\/uploads\/2021\/01\/VW2.jpg","datePublished":"2021-09-06T13:23:28+00:00","dateModified":"2025-04-10T13:17:39+00:00","description":"Entdecken Sie die Sammlung eines VW-Liebhabers in einer m\u00e4rchenhaften Welt mit verschiedenen Modellen, die im Laufe der Jahre gesammelt wurden!","breadcrumb":{"@id":"https:\/\/www.myvaldetravers.ch\/de\/erlebnisse\/vw-museum\/#breadcrumb"},"inLanguage":"de","potentialAction":[{"@type":"ReadAction","target":["https:\/\/www.myvaldetravers.ch\/de\/erlebnisse\/vw-museum\/"]}]},{"@type":"ImageObject","inLanguage":"de","@id":"https:\/\/www.myvaldetravers.ch\/de\/erlebnisse\/vw-museum\/#primaryimage","url":"https:\/\/www.myvaldetravers.ch\/wp-content\/uploads\/2021\/01\/VW2.jpg","contentUrl":"https:\/\/www.myvaldetravers.ch\/wp-content\/uploads\/2021\/01\/VW2.jpg","width":2500,"height":1668,"caption":"Mod\u00e8le Volkswreck Bar & Museum \u00a9 Volkswreck Bar & Museum"},{"@type":"BreadcrumbList","@id":"https:\/\/www.myvaldetravers.ch\/de\/erlebnisse\/vw-museum\/#breadcrumb","itemListElement":[{"@type":"ListItem","position":1,"name":"Accueil","item":"https:\/\/www.myvaldetravers.ch\/de\/"},{"@type":"ListItem","position":2,"name":"Erlebnisse","item":"https:\/\/www.myvaldetravers.ch\/de\/erlebnisse\/"},{"@type":"ListItem","position":3,"name":"Volkswrecks Bar &#038; Museum"}]},{"@type":"WebSite","@id":"https:\/\/www.myvaldetravers.ch\/de\/#website","url":"https:\/\/www.myvaldetravers.ch\/de\/","name":"Destination Val-de-Travers","description":"Il y a toujours quelque chose \u00e0 faire au Val-de-Travers.","potentialAction":[{"@type":"SearchAction","target":{"@type":"EntryPoint","urlTemplate":"https:\/\/www.myvaldetravers.ch\/de\/?s={search_term_string}"},"query-input":{"@type":"PropertyValueSpecification","valueRequired":true,"valueName":"search_term_string"}}],"inLanguage":"de"}]}},"_links":{"self":[{"href":"https:\/\/www.myvaldetravers.ch\/de\/wp-json\/wp\/v2\/pages\/7409"}],"collection":[{"href":"https:\/\/www.myvaldetravers.ch\/de\/wp-json\/wp\/v2\/pages"}],"about":[{"href":"https:\/\/www.myvaldetravers.ch\/de\/wp-json\/wp\/v2\/types\/page"}],"author":[{"embeddable":true,"href":"https:\/\/www.myvaldetravers.ch\/de\/wp-json\/wp\/v2\/users\/73"}],"replies":[{"embeddable":true,"href":"https:\/\/www.myvaldetravers.ch\/de\/wp-json\/wp\/v2\/comments?post=7409"}],"version-history":[{"count":9,"href":"https:\/\/www.myvaldetravers.ch\/de\/wp-json\/wp\/v2\/pages\/7409\/revisions"}],"predecessor-version":[{"id":14125,"href":"https:\/\/www.myvaldetravers.ch\/de\/wp-json\/wp\/v2\/pages\/7409\/revisions\/14125"}],"up":[{"embeddable":true,"href":"https:\/\/www.myvaldetravers.ch\/de\/wp-json\/wp\/v2\/pages\/2155"}],"wp:featuredmedia":[{"embeddable":true,"href":"https:\/\/www.myvaldetravers.ch\/de\/wp-json\/wp\/v2\/media\/5525"}],"wp:attachment":[{"href":"https:\/\/www.myvaldetravers.ch\/de\/wp-json\/wp\/v2\/media?parent=7409"}],"curies":[{"name":"wp","href":"https:\/\/api.w.org\/{rel}","templated":true}]}}