{"id":7660,"date":"2021-10-01T10:34:11","date_gmt":"2021-10-01T08:34:11","guid":{"rendered":"https:\/\/www.myvaldetravers.ch\/?page_id=7660"},"modified":"2023-09-28T11:50:20","modified_gmt":"2023-09-28T09:50:20","slug":"reiten","status":"publish","type":"page","link":"https:\/\/www.myvaldetravers.ch\/de\/erlebnisse\/reiten\/","title":{"rendered":"Reiten &#8211; K-Pretty Ranch"},"content":{"rendered":"<p>[vc_row][vc_column][vc_column_text el_class=&#8221;edsi&#8221;]<p><strong>Eine idyllische Ranch inmitten der Natur, die Ausritte und Wanderungen in der Umgebung des Val-de-Travers anbietet<\/strong><\/p><p>Bei einem Tages- oder Mehrtagesritt durch die prachtvollen Landschaften des Val-de-Travers erleben Sie tolle Momente der Gemeinschaft mit den Pferden und lernen dieses wunderbare Tier besser kennen.<\/p><h5>Gut zu wissen<\/h5>- Mindestens 4 Anmeldungen f\u00fcr die 7-st\u00fcndigen und 2-t\u00e4gigen Touren<h5>Kontaktdaten des Partners<\/h5><span class='text-uppercase'>K-Pretty Ranch<\/span><br>Le Cr\u00eat-Pellaton 3<br>2105 Travers<br><a href='tel:+41 79 690 53 33'>+41 79 690 53 33<\/a><br><a href='mailto:k-prettyranch@bluewin.ch'>k-prettyranch@bluewin.ch<\/a><br><a href='https:\/\/www.k-prettyranch.com' target='_blank'>www.k-prettyranch.com<\/a><br><h5>Preise<\/h5><div class='edsi-title'>Preise Einzelg\u00e4ste<\/div><div class='edsi-price-container'><div class='edsi-tarif'>1,5 Stunden Ausritt<\/div><div class='edsi-prix'>CHF\u00a050.00<\/div><div class='edsi-tarif'>2,5 bis 3 Stunden Ausritt<\/div><div class='edsi-prix'>CHF\u00a090.00<\/div><div class='edsi-tarif'>7 Stunden Ausritt<\/div><div class='edsi-prix'>CHF\u00a0160.00<\/div><div class='edsi-tarif'>2-t\u00e4giger Ausritt<\/div><div class='edsi-prix'>CHF\u00a0380.00<\/div><\/div><h5>Karte<\/h5><div id='map' style='width:500px;height:300px;'><\/div>\n<script type=\"text\/javascript\" src=\"https:\/\/maps.googleapis.com\/maps\/api\/js?key=AIzaSyCTPTigCnFjWZE6vEYcD0SnK25h1MzvSMk\"><\/script>\n\n<script>\n  var markerCenter = new google.maps.LatLng(46.969587603031,6.6861804683563);\n  var marker = null;\n\n function initialize() {\n  var mapProp = {\n   center: markerCenter,\n   zoom: 13,\n   mapTypeId: google.maps.MapTypeId.ROADMAP\n   };\n  var map = new google.maps.Map(document.getElementById(\"map\"),mapProp);\n\n   var marker = new google.maps.Marker({\n\t position: markerCenter,\n\t \/\/ animation: google.maps.Animation.BOUNCE,\n   });\n   marker.setMap(map);\n   \n   var infowindow = new google.maps.InfoWindow();\n   infowindow.setContent(\"K-Pretty Ranch\");\n   infowindow.open(map, marker);\n\n }\n\n google.maps.event.addDomListener(window, 'load', initialize);\n<\/script>\n[\/vc_column_text][\/vc_column][\/vc_row][vc_row][vc_column][vc_column_text]<\/p>\n<h2>Entdecken Sie das Val-de-Travers auf dem Pferder\u00fccken<\/h2>\n<p>Lassen Sie den Alltag hinter sich, lassen Sie sich von unseren Pferden f\u00fchren und erleben Sie die Natur. Cathy und Meryl bringen Sie in eine sichere Umgebung, in eine ruhige und gute Stimmung. Sie bieten Ausritte von 1h30 bis 2 Tagen an, f\u00fcr Jung und Alt, Anf\u00e4nger oder Fortgeschrittene, ab CHF 30.00 pro Person.<\/p>\n<p><a href=\"https:\/\/www.k-prettyranch.com\/randonn%C3%A9es\" target=\"_blank\" rel=\"noopener\">Hier<\/a> finden Sie alle Vorschl\u00e4ge f\u00fcr Spazierg\u00e4nge in der Sommersaison. Und verpassen Sie nicht ihr <a href=\"https:\/\/www.myvaldetravers.ch\/de\/100-women\/\" target=\"_blank\" rel=\"noopener\">100% Women-Angebot<\/a> am 15. Mai und 28. August.[\/vc_column_text][\/vc_column][\/vc_row][vc_row][vc_column][vc_column_text]<\/p>\n<h5>KONTAKTDATEN DES PARTNERS<\/h5>\n<p>K-Pretty Ranch<br \/>\nLe Cr\u00eat-Pellaton 3<br \/>\n2105 Travers<br \/>\nT 079 690 53 33 \/ 079 289 30 17<br \/>\n<a href=\"mailto:k-prettyranch@bluewin.ch\">k-prettyranch@bluewin.ch<\/a><br \/>\n<a href=\"https:\/\/www.k-prettyranch.com\/\" target=\"_blank\" rel=\"noopener noreferrer\">www.k-prettyranch.com<\/a>[\/vc_column_text][vc_empty_space hide_on_mobile=&#8221;&#8221;][\/vc_column][\/vc_row][vc_row][vc_column width=&#8221;1\/2&#8243;][vc_video link=&#8221;https:\/\/youtu.be\/s4FSKJ6z_KQ&#8221;][\/vc_column][vc_column width=&#8221;1\/2&#8243;][\/vc_column][\/vc_row]<\/p>\n","protected":false},"excerpt":{"rendered":"<p>[vc_row][vc_column][vc_column_text el_class=&#8221;edsi&#8221;][\/vc_column_text][\/vc_column][\/vc_row][vc_row][vc_column][vc_column_text] Entdecken Sie das Val-de-Travers auf dem Pferder\u00fccken Lassen Sie den Alltag hinter sich, lassen Sie sich von unseren Pferden f\u00fchren und erleben Sie die Natur. Cathy und Meryl&hellip;<\/p>\n","protected":false},"author":73,"featured_media":7673,"parent":2155,"menu_order":0,"comment_status":"closed","ping_status":"closed","template":"","meta":{"footnotes":""},"yoast_head":"<!-- This site is optimized with the Yoast SEO plugin v23.5 - https:\/\/yoast.com\/wordpress\/plugins\/seo\/ -->\n<title>Reiten - K-Pretty Ranch - Destination Val-de-Travers<\/title>\n<meta name=\"description\" content=\"Entdecken Sie die Landschaft des Val-de-Travers auf dem Pferder\u00fccken! Ob f\u00fcr ein paar Stunden oder ein paar Tage, die K-Pretty Ranch wartet auf Sie!\" \/>\n<meta name=\"robots\" content=\"index, follow, max-snippet:-1, max-image-preview:large, max-video-preview:-1\" \/>\n<link rel=\"canonical\" href=\"https:\/\/www.myvaldetravers.ch\/de\/erlebnisse\/reiten\/\" \/>\n<meta property=\"og:locale\" content=\"de_DE\" \/>\n<meta property=\"og:type\" content=\"article\" \/>\n<meta property=\"og:title\" content=\"Reiten - K-Pretty Ranch - Destination Val-de-Travers\" \/>\n<meta property=\"og:description\" content=\"Entdecken Sie die Landschaft des Val-de-Travers auf dem Pferder\u00fccken! Ob f\u00fcr ein paar Stunden oder ein paar Tage, die K-Pretty Ranch wartet auf Sie!\" \/>\n<meta property=\"og:url\" content=\"https:\/\/www.myvaldetravers.ch\/de\/erlebnisse\/reiten\/\" \/>\n<meta property=\"og:site_name\" content=\"Destination Val-de-Travers\" \/>\n<meta property=\"article:publisher\" content=\"https:\/\/www.facebook.com\/DestinationValdeTravers\/\" \/>\n<meta property=\"article:modified_time\" content=\"2023-09-28T09:50:20+00:00\" \/>\n<meta property=\"og:image\" content=\"https:\/\/www.myvaldetravers.ch\/wp-content\/uploads\/2021\/10\/k-pretty-ranch-bastien-e1633078303459.png\" \/>\n\t<meta property=\"og:image:width\" content=\"1286\" \/>\n\t<meta property=\"og:image:height\" content=\"857\" \/>\n\t<meta property=\"og:image:type\" content=\"image\/png\" \/>\n<meta name=\"twitter:card\" content=\"summary_large_image\" \/>\n<meta name=\"twitter:label1\" content=\"Gesch\u00e4tzte Lesezeit\" \/>\n\t<meta name=\"twitter:data1\" content=\"1\u00a0Minute\" \/>\n<script type=\"application\/ld+json\" class=\"yoast-schema-graph\">{\"@context\":\"https:\/\/schema.org\",\"@graph\":[{\"@type\":\"WebPage\",\"@id\":\"https:\/\/www.myvaldetravers.ch\/de\/erlebnisse\/reiten\/\",\"url\":\"https:\/\/www.myvaldetravers.ch\/de\/erlebnisse\/reiten\/\",\"name\":\"Reiten - K-Pretty Ranch - Destination Val-de-Travers\",\"isPartOf\":{\"@id\":\"https:\/\/www.myvaldetravers.ch\/de\/#website\"},\"primaryImageOfPage\":{\"@id\":\"https:\/\/www.myvaldetravers.ch\/de\/erlebnisse\/reiten\/#primaryimage\"},\"image\":{\"@id\":\"https:\/\/www.myvaldetravers.ch\/de\/erlebnisse\/reiten\/#primaryimage\"},\"thumbnailUrl\":\"https:\/\/www.myvaldetravers.ch\/wp-content\/uploads\/2021\/10\/k-pretty-ranch-bastien-e1633078303459.png\",\"datePublished\":\"2021-10-01T08:34:11+00:00\",\"dateModified\":\"2023-09-28T09:50:20+00:00\",\"description\":\"Entdecken Sie die Landschaft des Val-de-Travers auf dem Pferder\u00fccken! Ob f\u00fcr ein paar Stunden oder ein paar Tage, die K-Pretty Ranch wartet auf Sie!\",\"breadcrumb\":{\"@id\":\"https:\/\/www.myvaldetravers.ch\/de\/erlebnisse\/reiten\/#breadcrumb\"},\"inLanguage\":\"de\",\"potentialAction\":[{\"@type\":\"ReadAction\",\"target\":[\"https:\/\/www.myvaldetravers.ch\/de\/erlebnisse\/reiten\/\"]}]},{\"@type\":\"ImageObject\",\"inLanguage\":\"de\",\"@id\":\"https:\/\/www.myvaldetravers.ch\/de\/erlebnisse\/reiten\/#primaryimage\",\"url\":\"https:\/\/www.myvaldetravers.ch\/wp-content\/uploads\/2021\/10\/k-pretty-ranch-bastien-e1633078303459.png\",\"contentUrl\":\"https:\/\/www.myvaldetravers.ch\/wp-content\/uploads\/2021\/10\/k-pretty-ranch-bastien-e1633078303459.png\",\"width\":1286,\"height\":857,\"caption\":\"balade \u00e0 chaval, K-Pretty Ranch Cr\u00e9dit photo: Bastien Droux\"},{\"@type\":\"BreadcrumbList\",\"@id\":\"https:\/\/www.myvaldetravers.ch\/de\/erlebnisse\/reiten\/#breadcrumb\",\"itemListElement\":[{\"@type\":\"ListItem\",\"position\":1,\"name\":\"Accueil\",\"item\":\"https:\/\/www.myvaldetravers.ch\/de\/\"},{\"@type\":\"ListItem\",\"position\":2,\"name\":\"Erlebnisse\",\"item\":\"https:\/\/www.myvaldetravers.ch\/de\/erlebnisse\/\"},{\"@type\":\"ListItem\",\"position\":3,\"name\":\"Reiten &#8211; K-Pretty Ranch\"}]},{\"@type\":\"WebSite\",\"@id\":\"https:\/\/www.myvaldetravers.ch\/de\/#website\",\"url\":\"https:\/\/www.myvaldetravers.ch\/de\/\",\"name\":\"Destination Val-de-Travers\",\"description\":\"Il y a toujours quelque chose \u00e0 faire au Val-de-Travers.\",\"potentialAction\":[{\"@type\":\"SearchAction\",\"target\":{\"@type\":\"EntryPoint\",\"urlTemplate\":\"https:\/\/www.myvaldetravers.ch\/de\/?s={search_term_string}\"},\"query-input\":{\"@type\":\"PropertyValueSpecification\",\"valueRequired\":true,\"valueName\":\"search_term_string\"}}],\"inLanguage\":\"de\"}]}<\/script>\n<!-- \/ Yoast SEO plugin. -->","yoast_head_json":{"title":"Reiten - K-Pretty Ranch - Destination Val-de-Travers","description":"Entdecken Sie die Landschaft des Val-de-Travers auf dem Pferder\u00fccken! Ob f\u00fcr ein paar Stunden oder ein paar Tage, die K-Pretty Ranch wartet auf Sie!","robots":{"index":"index","follow":"follow","max-snippet":"max-snippet:-1","max-image-preview":"max-image-preview:large","max-video-preview":"max-video-preview:-1"},"canonical":"https:\/\/www.myvaldetravers.ch\/de\/erlebnisse\/reiten\/","og_locale":"de_DE","og_type":"article","og_title":"Reiten - K-Pretty Ranch - Destination Val-de-Travers","og_description":"Entdecken Sie die Landschaft des Val-de-Travers auf dem Pferder\u00fccken! Ob f\u00fcr ein paar Stunden oder ein paar Tage, die K-Pretty Ranch wartet auf Sie!","og_url":"https:\/\/www.myvaldetravers.ch\/de\/erlebnisse\/reiten\/","og_site_name":"Destination Val-de-Travers","article_publisher":"https:\/\/www.facebook.com\/DestinationValdeTravers\/","article_modified_time":"2023-09-28T09:50:20+00:00","og_image":[{"width":1286,"height":857,"url":"https:\/\/www.myvaldetravers.ch\/wp-content\/uploads\/2021\/10\/k-pretty-ranch-bastien-e1633078303459.png","type":"image\/png"}],"twitter_card":"summary_large_image","twitter_misc":{"Gesch\u00e4tzte Lesezeit":"1\u00a0Minute"},"schema":{"@context":"https:\/\/schema.org","@graph":[{"@type":"WebPage","@id":"https:\/\/www.myvaldetravers.ch\/de\/erlebnisse\/reiten\/","url":"https:\/\/www.myvaldetravers.ch\/de\/erlebnisse\/reiten\/","name":"Reiten - K-Pretty Ranch - Destination Val-de-Travers","isPartOf":{"@id":"https:\/\/www.myvaldetravers.ch\/de\/#website"},"primaryImageOfPage":{"@id":"https:\/\/www.myvaldetravers.ch\/de\/erlebnisse\/reiten\/#primaryimage"},"image":{"@id":"https:\/\/www.myvaldetravers.ch\/de\/erlebnisse\/reiten\/#primaryimage"},"thumbnailUrl":"https:\/\/www.myvaldetravers.ch\/wp-content\/uploads\/2021\/10\/k-pretty-ranch-bastien-e1633078303459.png","datePublished":"2021-10-01T08:34:11+00:00","dateModified":"2023-09-28T09:50:20+00:00","description":"Entdecken Sie die Landschaft des Val-de-Travers auf dem Pferder\u00fccken! Ob f\u00fcr ein paar Stunden oder ein paar Tage, die K-Pretty Ranch wartet auf Sie!","breadcrumb":{"@id":"https:\/\/www.myvaldetravers.ch\/de\/erlebnisse\/reiten\/#breadcrumb"},"inLanguage":"de","potentialAction":[{"@type":"ReadAction","target":["https:\/\/www.myvaldetravers.ch\/de\/erlebnisse\/reiten\/"]}]},{"@type":"ImageObject","inLanguage":"de","@id":"https:\/\/www.myvaldetravers.ch\/de\/erlebnisse\/reiten\/#primaryimage","url":"https:\/\/www.myvaldetravers.ch\/wp-content\/uploads\/2021\/10\/k-pretty-ranch-bastien-e1633078303459.png","contentUrl":"https:\/\/www.myvaldetravers.ch\/wp-content\/uploads\/2021\/10\/k-pretty-ranch-bastien-e1633078303459.png","width":1286,"height":857,"caption":"balade \u00e0 chaval, K-Pretty Ranch Cr\u00e9dit photo: Bastien Droux"},{"@type":"BreadcrumbList","@id":"https:\/\/www.myvaldetravers.ch\/de\/erlebnisse\/reiten\/#breadcrumb","itemListElement":[{"@type":"ListItem","position":1,"name":"Accueil","item":"https:\/\/www.myvaldetravers.ch\/de\/"},{"@type":"ListItem","position":2,"name":"Erlebnisse","item":"https:\/\/www.myvaldetravers.ch\/de\/erlebnisse\/"},{"@type":"ListItem","position":3,"name":"Reiten &#8211; K-Pretty Ranch"}]},{"@type":"WebSite","@id":"https:\/\/www.myvaldetravers.ch\/de\/#website","url":"https:\/\/www.myvaldetravers.ch\/de\/","name":"Destination Val-de-Travers","description":"Il y a toujours quelque chose \u00e0 faire au Val-de-Travers.","potentialAction":[{"@type":"SearchAction","target":{"@type":"EntryPoint","urlTemplate":"https:\/\/www.myvaldetravers.ch\/de\/?s={search_term_string}"},"query-input":{"@type":"PropertyValueSpecification","valueRequired":true,"valueName":"search_term_string"}}],"inLanguage":"de"}]}},"_links":{"self":[{"href":"https:\/\/www.myvaldetravers.ch\/de\/wp-json\/wp\/v2\/pages\/7660"}],"collection":[{"href":"https:\/\/www.myvaldetravers.ch\/de\/wp-json\/wp\/v2\/pages"}],"about":[{"href":"https:\/\/www.myvaldetravers.ch\/de\/wp-json\/wp\/v2\/types\/page"}],"author":[{"embeddable":true,"href":"https:\/\/www.myvaldetravers.ch\/de\/wp-json\/wp\/v2\/users\/73"}],"replies":[{"embeddable":true,"href":"https:\/\/www.myvaldetravers.ch\/de\/wp-json\/wp\/v2\/comments?post=7660"}],"version-history":[{"count":14,"href":"https:\/\/www.myvaldetravers.ch\/de\/wp-json\/wp\/v2\/pages\/7660\/revisions"}],"predecessor-version":[{"id":11852,"href":"https:\/\/www.myvaldetravers.ch\/de\/wp-json\/wp\/v2\/pages\/7660\/revisions\/11852"}],"up":[{"embeddable":true,"href":"https:\/\/www.myvaldetravers.ch\/de\/wp-json\/wp\/v2\/pages\/2155"}],"wp:featuredmedia":[{"embeddable":true,"href":"https:\/\/www.myvaldetravers.ch\/de\/wp-json\/wp\/v2\/media\/7673"}],"wp:attachment":[{"href":"https:\/\/www.myvaldetravers.ch\/de\/wp-json\/wp\/v2\/media?parent=7660"}],"curies":[{"name":"wp","href":"https:\/\/api.w.org\/{rel}","templated":true}]}}