{"id":8935,"date":"2022-07-19T11:55:30","date_gmt":"2022-07-19T09:55:30","guid":{"rendered":"https:\/\/www.myvaldetravers.ch\/?page_id=8935"},"modified":"2024-03-20T16:07:40","modified_gmt":"2024-03-20T15:07:40","slug":"australische-ureinwohnerkunst","status":"publish","type":"page","link":"https:\/\/www.myvaldetravers.ch\/de\/australische-ureinwohnerkunst\/","title":{"rendered":"Museum f\u00fcr australische Ureinwohnerkunst, la grange"},"content":{"rendered":"<p>[vc_row][vc_column][vc_column_text el_class=&#8221;edsi&#8221;]<p><strong>Reise durch das Australien der Aborigines in einem architektonischen Bijou.<\/strong><\/p><p>Hinter dem massiven Eingangstor einer wundersch\u00f6n restaurierten ehemaligen Scheune verbirgt sich ein echter Schatz: Kunstwerke der Ureinwohner Australiens mit Bildern, Farben, Skulpturen, Artefakten und vor allem heiligen Motiven, die ihre Tiefgr\u00fcndigkeit erahnen lassen.<\/p><h5>Gut zu wissen<\/h5>- Anreise mit den \u00f6ffentlichen Verkehrsmitteln: SBB-Bahnhof von M\u00f4tiers\r<br \/>- F\u00fchrungen das ganze Jahr \u00fcber nach Voranmeldung<h5>Kontaktdaten des Partners<\/h5><span class='text-uppercase'>Fondation Burkhardt-Felder\r\nMus\u00e9e de l\u2019art aborig\u00e8ne australien \"La grange\"<\/span><br>Grand-Rue 7<br>2112 M\u00f4tiers<br><a href='tel:+41 32 861 35 10'>+41 32 861 35 10<\/a><br><a href='mailto:info@fondation-bf.ch'>info@fondation-bf.ch<\/a><br><a href='https:\/\/www.fondation-bf.ch' target='_blank'>www.fondation-bf.ch<\/a><br><h5>\u00d6ffnungszeiten<\/h5><h5>Preise<\/h5><div class='edsi-title'>Preise Einzelg\u00e4ste<\/div><div class='edsi-price-container'><div class='edsi-tarif'>Erwachsene<\/div><div class='edsi-prix'>CHF\u00a012.00<\/div><div class='edsi-tarif'>AHV, Studenten<\/div><div class='edsi-prix'>CHF\u00a08.00<\/div><div class='edsi-tarif'>Kinder (bis zu 12 Jahren)<\/div><div class='edsi-prix'><\/div><\/div><div class='edsi-title'>Gruppentarife (ab 8 Personen)<\/div><div class='edsi-price-container'><div class='edsi-tarif'>Erwachsene, AHV, Studenten<\/div><div class='edsi-prix'>CHF\u00a07.00<\/div><\/div><div class='edsi-title'>F\u00fchrung<\/div><div class='edsi-price-container'><div class='edsi-tarif'>Auf Voranmeldung<\/div><div class='edsi-prix'>CHF\u00a0100.00<\/div><\/div><h5>Karte<\/h5><div id='map' style='width:500px;height:300px;'><\/div>\n<script type=\"text\/javascript\" src=\"https:\/\/maps.googleapis.com\/maps\/api\/js?key=AIzaSyCTPTigCnFjWZE6vEYcD0SnK25h1MzvSMk\"><\/script>\n\n<script>\n  var markerCenter = new google.maps.LatLng(46.910380029756,6.6118501472581);\n  var marker = null;\n\n function initialize() {\n  var mapProp = {\n   center: markerCenter,\n   zoom: 13,\n   mapTypeId: google.maps.MapTypeId.ROADMAP\n   };\n  var map = new google.maps.Map(document.getElementById(\"map\"),mapProp);\n\n   var marker = new google.maps.Marker({\n\t position: markerCenter,\n\t \/\/ animation: google.maps.Animation.BOUNCE,\n   });\n   marker.setMap(map);\n   \n   var infowindow = new google.maps.InfoWindow();\n   infowindow.setContent(\"Museum f?r die Kunst der australischen Aborigines\");\n   infowindow.open(map, marker);\n\n }\n\n google.maps.event.addDomListener(window, 'load', initialize);\n<\/script>\n[\/vc_column_text][\/vc_column][\/vc_row][vc_row css=&#8221;.vc_custom_1658223634480{margin-top: -0.3em !important;}&#8221;][vc_column width=&#8221;2\/3&#8243;][vc_column_text]<\/p>\n<h5>Fondation Burkhardt-Felder &#8211; Museum f\u00fcr australische Ureinwohnerkunst<\/h5>\n<p>In einer sorgf\u00e4ltig restaurierten ehemaligen Scheune aus dem 18. Jahrhundert enth\u00fcllt das Museum den Reichtum und die Vielfalt der zeitgen\u00f6ssischen Kunst der australischen Aborigines. Gem\u00e4lde auf Leinwand oder Rinde, Skulpturen, Gravuren, Artefakte&#8230; Die wechselnden Ausstellungen laden dazu ein, eine faszinierende Welt der Farben und Motive zwischen Tradition und Moderne zu entdecken.<\/p>\n<h6>Zurzeit und bis zum 27. Oktober 2024<\/h6>\n<p>Die Ausstellung <em>Utopia in Colours<\/em> umfasst eine Auswahl von Gem\u00e4lden renommierter K\u00fcnstler aus der Region Utopia, die nord\u00f6stlich von Alice Springs in Zentralaustralien liegt. Seit den sp\u00e4ten 1980er Jahren erforschen die K\u00fcnstler dieser Region mit Leinwand und Acryl neue M\u00f6glichkeiten, ihre Tr\u00e4ume auszudr\u00fccken. In einer F\u00fclle von Punkten, Liniengeflechten und Farben enth\u00fcllt die Ausstellung die Eleganz und die erstaunliche Farbpalette, mit der die K\u00fcnstler Anmatyerr und Alyawarr aus Utopia ihr angestammtes Land zelebrieren.<\/p>\n<p>&nbsp;<\/p>\n<h5>\u00d6ffnungszeiten und Details<\/h5>\n<p>Vom 11.06 -29.10.2023 und vom 24.05 &#8211; 27.10.2024 :<br \/>\nFreitag, Samstag und Sonntag von 14:00 bis 18:00 Uhr.<br \/>\nGef\u00fchrte Besichtigungen das ganze Jahr \u00fcber nach vorheriger Anmeldung<br \/>\n<strong>Preise:<\/strong><br \/>\nErwachsene: CHF 12.00<br \/>\nAHV, Studenten: CHF 8.00<br \/>\nKinder (bis zu 12 Jahren): Gratis<\/p>\n<h5>Kontaktdaten des Partners<\/h5>\n<p>Fondation Burkhardt-Felder-Mus\u00e9e d&#8217;art aborig\u00e8ne australien<br \/>\nGrand-Rue 7<br \/>\n2112 M\u00f4tiers<br \/>\nT 032 861 35 10<br \/>\n<a href=\"mailto:info@fondation-bf.ch\">info@fondation-bf.ch<\/a><a href=\"http:\/\/ww2.fondation-bf.ch\" target=\"_blank\" rel=\"noopener\"><br \/>\n<\/a><a href=\"http:\/\/www.fondation-bf.ch\" target=\"_blank\" rel=\"noopener\">www.fondation-bf.ch<\/a>[\/vc_column_text][\/vc_column][vc_column width=&#8221;1\/3&#8243; el_class=&#8221;colonne-info-droite&#8221;][\/vc_column][\/vc_row][vc_row][vc_column][vc_column_text][\/vc_column_text][vc_separator]<div class=\"cq-dagallery-container\" style=\"width:100%;margin:0 auto;\"><ul class=\"cq-dagallery\" data-gallerywidth=\"100%\" data-width=\"270\" data-height=\"\" data-color=\"#ffffff\" data-background=\"#00bfff\" data-opacity=\"0.8\"><li class=\"\" data-width=\"270\" data-height=\"\" data-margin=\"10px\" style=\"margin:10px\"><a class=\"normal\" href=\"https:\/\/www.myvaldetravers.ch\/wp-content\/uploads\/2021\/01\/musee-la-grange_2.jpg\" rel=\"893524\"><img src='https:\/\/www.myvaldetravers.ch\/wp-content\/uploads\/2021\/01\/musee-la-grange_2-270x180.jpg' width='270' height='' \/><\/a><div class=\"dagallery-info\" style=\"padding:20px;color:#ffffff;background-color:#00bfff\"><\/div><\/li><li class=\"\" data-width=\"270\" data-height=\"\" data-margin=\"10px\" style=\"margin:10px\"><a class=\"normal\" href=\"https:\/\/www.myvaldetravers.ch\/wp-content\/uploads\/2021\/01\/interieur-totem_2000-1.jpg\" rel=\"893524\"><img src='https:\/\/www.myvaldetravers.ch\/wp-content\/uploads\/2021\/01\/interieur-totem_2000-1-270x180.jpg' width='270' height='' \/><\/a><div class=\"dagallery-info\" style=\"padding:20px;color:#ffffff;background-color:#00bfff\"><\/div><\/li><li class=\"\" data-width=\"270\" data-height=\"\" data-margin=\"10px\" style=\"margin:10px\"><a class=\"normal\" href=\"https:\/\/www.myvaldetravers.ch\/wp-content\/uploads\/2021\/01\/musee-la-grange_2000.jpg\" rel=\"893524\"><img src='https:\/\/www.myvaldetravers.ch\/wp-content\/uploads\/2021\/01\/musee-la-grange_2000-270x181.jpg' width='270' height='' \/><\/a><div class=\"dagallery-info\" style=\"padding:20px;color:#ffffff;background-color:#00bfff\"><\/div><\/li><\/ul><\/div>[\/vc_column][\/vc_row]<\/p>\n","protected":false},"excerpt":{"rendered":"<p>[vc_row][vc_column][vc_column_text el_class=&#8221;edsi&#8221;][\/vc_column_text][\/vc_column][\/vc_row][vc_row css=&#8221;.vc_custom_1658223634480{margin-top: -0.3em !important;}&#8221;][vc_column width=&#8221;2\/3&#8243;][vc_column_text] Fondation Burkhardt-Felder &#8211; Museum f\u00fcr australische Ureinwohnerkunst In einer sorgf\u00e4ltig restaurierten ehemaligen Scheune aus dem 18. Jahrhundert enth\u00fcllt das Museum den Reichtum und die&hellip;<\/p>\n","protected":false},"author":73,"featured_media":12327,"parent":0,"menu_order":0,"comment_status":"closed","ping_status":"closed","template":"","meta":{"footnotes":""},"yoast_head":"<!-- This site is optimized with the Yoast SEO plugin v23.5 - https:\/\/yoast.com\/wordpress\/plugins\/seo\/ -->\n<title>Museum der Aborigines, La Grange - Destination Val-de-Travers<\/title>\n<meta name=\"description\" content=\"Reisen Sie nach Australien und zu den K\u00fcnsten der Aborigines, wenn Sie das Museum La Grange in M\u00f4tiers betreten.\" \/>\n<meta name=\"robots\" content=\"index, follow, max-snippet:-1, max-image-preview:large, max-video-preview:-1\" \/>\n<link rel=\"canonical\" href=\"https:\/\/www.myvaldetravers.ch\/de\/australische-ureinwohnerkunst\/\" \/>\n<meta property=\"og:locale\" content=\"de_DE\" \/>\n<meta property=\"og:type\" content=\"article\" \/>\n<meta property=\"og:title\" content=\"Museum der Aborigines, La Grange - Destination Val-de-Travers\" \/>\n<meta property=\"og:description\" content=\"Reisen Sie nach Australien und zu den K\u00fcnsten der Aborigines, wenn Sie das Museum La Grange in M\u00f4tiers betreten.\" \/>\n<meta property=\"og:url\" content=\"https:\/\/www.myvaldetravers.ch\/de\/australische-ureinwohnerkunst\/\" \/>\n<meta property=\"og:site_name\" content=\"Destination Val-de-Travers\" \/>\n<meta property=\"article:publisher\" content=\"https:\/\/www.facebook.com\/DestinationValdeTravers\/\" \/>\n<meta property=\"article:modified_time\" content=\"2024-03-20T15:07:40+00:00\" \/>\n<meta property=\"og:image\" content=\"https:\/\/www.myvaldetravers.ch\/wp-content\/uploads\/2024\/03\/Image-musee-art-aborigene.jpg\" \/>\n\t<meta property=\"og:image:width\" content=\"2081\" \/>\n\t<meta property=\"og:image:height\" content=\"922\" \/>\n\t<meta property=\"og:image:type\" content=\"image\/jpeg\" \/>\n<meta name=\"twitter:card\" content=\"summary_large_image\" \/>\n<meta name=\"twitter:label1\" content=\"Gesch\u00e4tzte Lesezeit\" \/>\n\t<meta name=\"twitter:data1\" content=\"2\u00a0Minuten\" \/>\n<script type=\"application\/ld+json\" class=\"yoast-schema-graph\">{\"@context\":\"https:\/\/schema.org\",\"@graph\":[{\"@type\":\"WebPage\",\"@id\":\"https:\/\/www.myvaldetravers.ch\/de\/australische-ureinwohnerkunst\/\",\"url\":\"https:\/\/www.myvaldetravers.ch\/de\/australische-ureinwohnerkunst\/\",\"name\":\"Museum der Aborigines, La Grange - Destination Val-de-Travers\",\"isPartOf\":{\"@id\":\"https:\/\/www.myvaldetravers.ch\/de\/#website\"},\"primaryImageOfPage\":{\"@id\":\"https:\/\/www.myvaldetravers.ch\/de\/australische-ureinwohnerkunst\/#primaryimage\"},\"image\":{\"@id\":\"https:\/\/www.myvaldetravers.ch\/de\/australische-ureinwohnerkunst\/#primaryimage\"},\"thumbnailUrl\":\"https:\/\/www.myvaldetravers.ch\/wp-content\/uploads\/2024\/03\/Image-musee-art-aborigene.jpg\",\"datePublished\":\"2022-07-19T09:55:30+00:00\",\"dateModified\":\"2024-03-20T15:07:40+00:00\",\"description\":\"Reisen Sie nach Australien und zu den K\u00fcnsten der Aborigines, wenn Sie das Museum La Grange in M\u00f4tiers betreten.\",\"breadcrumb\":{\"@id\":\"https:\/\/www.myvaldetravers.ch\/de\/australische-ureinwohnerkunst\/#breadcrumb\"},\"inLanguage\":\"de\",\"potentialAction\":[{\"@type\":\"ReadAction\",\"target\":[\"https:\/\/www.myvaldetravers.ch\/de\/australische-ureinwohnerkunst\/\"]}]},{\"@type\":\"ImageObject\",\"inLanguage\":\"de\",\"@id\":\"https:\/\/www.myvaldetravers.ch\/de\/australische-ureinwohnerkunst\/#primaryimage\",\"url\":\"https:\/\/www.myvaldetravers.ch\/wp-content\/uploads\/2024\/03\/Image-musee-art-aborigene.jpg\",\"contentUrl\":\"https:\/\/www.myvaldetravers.ch\/wp-content\/uploads\/2024\/03\/Image-musee-art-aborigene.jpg\",\"width\":2081,\"height\":922},{\"@type\":\"BreadcrumbList\",\"@id\":\"https:\/\/www.myvaldetravers.ch\/de\/australische-ureinwohnerkunst\/#breadcrumb\",\"itemListElement\":[{\"@type\":\"ListItem\",\"position\":1,\"name\":\"Accueil\",\"item\":\"https:\/\/www.myvaldetravers.ch\/de\/\"},{\"@type\":\"ListItem\",\"position\":2,\"name\":\"Museum f\u00fcr australische Ureinwohnerkunst, la grange\"}]},{\"@type\":\"WebSite\",\"@id\":\"https:\/\/www.myvaldetravers.ch\/de\/#website\",\"url\":\"https:\/\/www.myvaldetravers.ch\/de\/\",\"name\":\"Destination Val-de-Travers\",\"description\":\"Il y a toujours quelque chose \u00e0 faire au Val-de-Travers.\",\"potentialAction\":[{\"@type\":\"SearchAction\",\"target\":{\"@type\":\"EntryPoint\",\"urlTemplate\":\"https:\/\/www.myvaldetravers.ch\/de\/?s={search_term_string}\"},\"query-input\":{\"@type\":\"PropertyValueSpecification\",\"valueRequired\":true,\"valueName\":\"search_term_string\"}}],\"inLanguage\":\"de\"}]}<\/script>\n<!-- \/ Yoast SEO plugin. -->","yoast_head_json":{"title":"Museum der Aborigines, La Grange - Destination Val-de-Travers","description":"Reisen Sie nach Australien und zu den K\u00fcnsten der Aborigines, wenn Sie das Museum La Grange in M\u00f4tiers betreten.","robots":{"index":"index","follow":"follow","max-snippet":"max-snippet:-1","max-image-preview":"max-image-preview:large","max-video-preview":"max-video-preview:-1"},"canonical":"https:\/\/www.myvaldetravers.ch\/de\/australische-ureinwohnerkunst\/","og_locale":"de_DE","og_type":"article","og_title":"Museum der Aborigines, La Grange - Destination Val-de-Travers","og_description":"Reisen Sie nach Australien und zu den K\u00fcnsten der Aborigines, wenn Sie das Museum La Grange in M\u00f4tiers betreten.","og_url":"https:\/\/www.myvaldetravers.ch\/de\/australische-ureinwohnerkunst\/","og_site_name":"Destination Val-de-Travers","article_publisher":"https:\/\/www.facebook.com\/DestinationValdeTravers\/","article_modified_time":"2024-03-20T15:07:40+00:00","og_image":[{"width":2081,"height":922,"url":"https:\/\/www.myvaldetravers.ch\/wp-content\/uploads\/2024\/03\/Image-musee-art-aborigene.jpg","type":"image\/jpeg"}],"twitter_card":"summary_large_image","twitter_misc":{"Gesch\u00e4tzte Lesezeit":"2\u00a0Minuten"},"schema":{"@context":"https:\/\/schema.org","@graph":[{"@type":"WebPage","@id":"https:\/\/www.myvaldetravers.ch\/de\/australische-ureinwohnerkunst\/","url":"https:\/\/www.myvaldetravers.ch\/de\/australische-ureinwohnerkunst\/","name":"Museum der Aborigines, La Grange - Destination Val-de-Travers","isPartOf":{"@id":"https:\/\/www.myvaldetravers.ch\/de\/#website"},"primaryImageOfPage":{"@id":"https:\/\/www.myvaldetravers.ch\/de\/australische-ureinwohnerkunst\/#primaryimage"},"image":{"@id":"https:\/\/www.myvaldetravers.ch\/de\/australische-ureinwohnerkunst\/#primaryimage"},"thumbnailUrl":"https:\/\/www.myvaldetravers.ch\/wp-content\/uploads\/2024\/03\/Image-musee-art-aborigene.jpg","datePublished":"2022-07-19T09:55:30+00:00","dateModified":"2024-03-20T15:07:40+00:00","description":"Reisen Sie nach Australien und zu den K\u00fcnsten der Aborigines, wenn Sie das Museum La Grange in M\u00f4tiers betreten.","breadcrumb":{"@id":"https:\/\/www.myvaldetravers.ch\/de\/australische-ureinwohnerkunst\/#breadcrumb"},"inLanguage":"de","potentialAction":[{"@type":"ReadAction","target":["https:\/\/www.myvaldetravers.ch\/de\/australische-ureinwohnerkunst\/"]}]},{"@type":"ImageObject","inLanguage":"de","@id":"https:\/\/www.myvaldetravers.ch\/de\/australische-ureinwohnerkunst\/#primaryimage","url":"https:\/\/www.myvaldetravers.ch\/wp-content\/uploads\/2024\/03\/Image-musee-art-aborigene.jpg","contentUrl":"https:\/\/www.myvaldetravers.ch\/wp-content\/uploads\/2024\/03\/Image-musee-art-aborigene.jpg","width":2081,"height":922},{"@type":"BreadcrumbList","@id":"https:\/\/www.myvaldetravers.ch\/de\/australische-ureinwohnerkunst\/#breadcrumb","itemListElement":[{"@type":"ListItem","position":1,"name":"Accueil","item":"https:\/\/www.myvaldetravers.ch\/de\/"},{"@type":"ListItem","position":2,"name":"Museum f\u00fcr australische Ureinwohnerkunst, la grange"}]},{"@type":"WebSite","@id":"https:\/\/www.myvaldetravers.ch\/de\/#website","url":"https:\/\/www.myvaldetravers.ch\/de\/","name":"Destination Val-de-Travers","description":"Il y a toujours quelque chose \u00e0 faire au Val-de-Travers.","potentialAction":[{"@type":"SearchAction","target":{"@type":"EntryPoint","urlTemplate":"https:\/\/www.myvaldetravers.ch\/de\/?s={search_term_string}"},"query-input":{"@type":"PropertyValueSpecification","valueRequired":true,"valueName":"search_term_string"}}],"inLanguage":"de"}]}},"_links":{"self":[{"href":"https:\/\/www.myvaldetravers.ch\/de\/wp-json\/wp\/v2\/pages\/8935"}],"collection":[{"href":"https:\/\/www.myvaldetravers.ch\/de\/wp-json\/wp\/v2\/pages"}],"about":[{"href":"https:\/\/www.myvaldetravers.ch\/de\/wp-json\/wp\/v2\/types\/page"}],"author":[{"embeddable":true,"href":"https:\/\/www.myvaldetravers.ch\/de\/wp-json\/wp\/v2\/users\/73"}],"replies":[{"embeddable":true,"href":"https:\/\/www.myvaldetravers.ch\/de\/wp-json\/wp\/v2\/comments?post=8935"}],"version-history":[{"count":15,"href":"https:\/\/www.myvaldetravers.ch\/de\/wp-json\/wp\/v2\/pages\/8935\/revisions"}],"predecessor-version":[{"id":12331,"href":"https:\/\/www.myvaldetravers.ch\/de\/wp-json\/wp\/v2\/pages\/8935\/revisions\/12331"}],"wp:featuredmedia":[{"embeddable":true,"href":"https:\/\/www.myvaldetravers.ch\/de\/wp-json\/wp\/v2\/media\/12327"}],"wp:attachment":[{"href":"https:\/\/www.myvaldetravers.ch\/de\/wp-json\/wp\/v2\/media?parent=8935"}],"curies":[{"name":"wp","href":"https:\/\/api.w.org\/{rel}","templated":true}]}}