{"id":9852,"date":"2022-11-22T08:55:57","date_gmt":"2022-11-22T07:55:57","guid":{"rendered":"https:\/\/www.myvaldetravers.ch\/?page_id=9852"},"modified":"2025-01-23T15:45:25","modified_gmt":"2025-01-23T14:45:25","slug":"begleitete-schneeschuhwanderung","status":"publish","type":"page","link":"https:\/\/www.myvaldetravers.ch\/de\/begleitete-schneeschuhwanderung\/","title":{"rendered":"Begleitete Schneeschuhwanderung"},"content":{"rendered":"<p>[vc_row css=&#8221;.vc_custom_1554128789554{margin-top: -0.3em !important;}&#8221;][vc_column][vc_column_text]<\/p>\n<h2>Begleitete Nachtwanderung mit Schneeschuhen<\/h2>\n<p>Vergessen Sie alle Sorgen, schnallen Sie sich Ihre Schneeschuhe an und folgen Sie unserem F\u00fchrer, um die verschneiten Landschaften des Val-de-Travers zu entdecken![\/vc_column_text][vc_separator][\/vc_column][\/vc_row][vc_row][vc_column][vc_empty_space hide_on_mobile=&#8221;&#8221;][vc_column_text]<\/p>\n<h3>Ein Augenblick f\u00fcr sich<\/h3>\n<p>Bei Einbruch der Dunkelheit, um 17.00 Uhr, treffen Sie sich im Hotel Restaurant de l&#8217;Aigle in Couvet, wo Sie Ihr Wanderleiter in Empfang nehmen wird.<\/p>\n<p>Um den Abend gut zu beginnen, erwartet Sie ein kleiner Imbiss. Dies wird auch die Gelegenheit sein, die Schneeschuhe zu \u00fcberpr\u00fcfen. Diese k\u00f6nnen gemietet werden, falls Sie keine haben.<\/p>\n<p>Um 17:45 Uhr geht es los, das Abenteuer beginnt! Sobald Sie am Ort der Wanderung angekommen sind, lassen Sie sich vom Mondlicht und dem ruhigen Rhythmus Ihrer Schritte durch eine m\u00e4rchenhafte und unbekannte Winterlandschaft f\u00fchren. Die Wanderung dauert ca. 2 Stunden. Unterwegs werden Sie von einer kleinen Kostprobe regionaler Produkte und einigen Anekdoten aus der Region begleitet.<\/p>\n<p>Wir schlagen Ihnen vor, diesen magischen Moment mit einem K\u00e4sefondue oder anderen Berggerichten in einem Restaurant oder Chalet in unserer Gegend fortzusetzen.[\/vc_column_text][vc_gallery interval=&#8221;3&#8243; images=&#8221;9892,9886,9889&#8243; img_size=&#8221;large&#8221;][\/vc_column][\/vc_row][vc_row][vc_column width=&#8221;1\/3&#8243;][vc_empty_space hide_on_mobile=&#8221;&#8221;][vc_column_text]<\/p>\n<h3>Gut zu wissen<\/h3>\n<ul>\n<li>Die Wanderung ist f\u00fcr alle ab 8 Jahren geeignet. Preise f\u00fcr Kinder auf <a href=\"mailto:info@myvaldetravers.ch\">Anfrage<\/a>.<\/li>\n<li>Treffpunkt im H\u00f4tel-Restaurant de l&#8217;Aigle um 17.00 Uhr, Einstellung der Schneeschuhe im Warmen und kleiner Imbiss<\/li>\n<li>Bringen Sie Ihre pers\u00f6nliche Winterausr\u00fcstung mit (einschlie\u00dflich einer Stirnlampe).<\/li>\n<li>Wanderung von etwa 2 Stunden. Strecke von maximal 4 km. Niveau: leicht<\/li>\n<li>Bei geringem Schneefall wird eine Fackelwanderung angeboten.<\/li>\n<li>Vom H\u00f4tel de l&#8217;Aigle aus Fahrt mit Privatautos zum Ort der Wanderung (Pl\u00e4tze f\u00fcr nicht motorisierte Personen verf\u00fcgbar, bitte melden Sie Ihre Bed\u00fcrfnisse bei der Buchung an).<\/li>\n<li>Anreise mit \u00f6ffentlichen Verkehrsmitteln m\u00f6glich, da der Bus Sie nur wenige Schritte vom H\u00f4tel-Restaurant de l&#8217;Aigle entfernt absetzt.<\/li>\n<\/ul>\n<p>[\/vc_column_text][\/vc_column][vc_column width=&#8221;1\/3&#8243;][vc_empty_space hide_on_mobile=&#8221;&#8221;][vc_column_text]<\/p>\n<h3>Optionen f\u00fcr den Spaziergang<\/h3>\n<p>Sie haben vier M\u00f6glichkeiten:<\/p>\n<ul>\n<li>Option 1: Nur die Wanderung &#8211; CHF 46.00<\/li>\n<li>Option 2: Wanderung mit Verleih von Schneeschuhen und Wanderst\u00f6cken &#8211; CHF 66.00<\/li>\n<li>Option 3: Wanderung mit Essen &#8211; CHF 71.00<\/li>\n<li>Option 4: Wanderung mit Verleih und Essen &#8211; CHF 91.00<\/li>\n<\/ul>\n<p>[\/vc_column_text][\/vc_column][vc_column width=&#8221;1\/3&#8243;][vc_empty_space hide_on_mobile=&#8221;&#8221;][vc_column_text]<\/p>\n<h3>Die Datum<\/h3>\n<ul>\n<li>1. Februaur 2025<\/li>\n<li>15. Februar 2025<\/li>\n<li>Andere Daten auf Anfrage per <a href=\"mailto:info@myvaldetravers.ch\">E-Mail<\/a> oder Telefon. Ab 6 Personen (Minimum CHF 240.00).<\/li>\n<\/ul>\n<p>[\/vc_column_text][\/vc_column][\/vc_row][vc_row][vc_column][vc_empty_space alter_height=&#8221;small&#8221; hide_on_mobile=&#8221;&#8221;][vc_column_text]<\/p>\n<h2>Buchen Sie Ihren Ausflug online!<\/h2>\n<p>W\u00e4hlen Sie das gew\u00fcnschte Datum und die gew\u00fcnschten Optionen![\/vc_column_text][vc_empty_space hide_on_mobile=&#8221;&#8221;][vc_raw_js]JTNDaHRtbCUzRSUyMCUzQ2RpdiUyMGlkJTNEJTIyYm91dG9ucmVzZXJ2ZXIlMjIlM0UlMEElM0NzY3JpcHQlM0UlMEF3aW5kb3cuVFdFQlNIT1AlMjAlM0QlMjAlN0IlMEFjb25maWclM0ElMjAlMjdOZXVjaGF0ZWwtU2VydmljZVByb3ZpZGVyX3RkcyUyNyUyQyUwQWxhbmd1YWdlJTNBJTIwJTI3ZGUlMjclMkMlMEF0aGVtZSUzQSUyMCU3QiUwQXN0aWNreSUzQSUyMCU3QiUwQW9mZnNldCUzQSUyMDIwJTJDJTBBekluZGV4JTNBJTIwMiUwQSU3RCUwQSU3RCUwQSU3RCUwQSUzQyUyRnNjcmlwdCUzRSUwQSUwQSUzQ3N0eWxlJTNFJTBBJTIzdHdlYnNob3AlMjAlN0IlMEEtLXR3LWJ1dHRvbi1jb2xvciUzQSUyMCUyM2NkZDMwMCUzQiUwQS0tdHctYnV0dG9uLXRleHQtY29sb3IlM0ElMjAlMjNmZmYlM0IlMEEtLXR3LWJ1dHRvbi1wcmljZS1jb2xvciUzQSUyMCUyM2NkZDMwMCUzQiUwQS0tdHctYnV0dG9uLXByaWNlLXRleHQtY29sb3IlM0ElMjAlMjNmZmYlM0IlMEEtLXR3LWJveC1jb2xvciUzQSUyMCUyM2NkZDMwMCUzQiUwQS0tdHctYm94LXRleHQtY29sb3IlM0ElMjAlMjNmZmYlM0IlMEEtLXR3LWJvb2tpbmctY29sb3IlM0ElMjAlMjNjZGQzMDAlM0IlMEEtLXR3LWJvb2tpbmctdGV4dC1jb2xvciUzQSUyMCUyM2ZmZiUzQiUwQSU3RCUwQSUzQyUyRnN0eWxlJTNFJTBBJTNDdHdzLWV4cGVyaWVuY2Utd2lkZ2V0JTIwZGF0YS1pZCUzRCUyMlREUzAwMDIwMDEzOTIwNTIwNjYyJTIyJTNFJTNDJTJGdHdzLWV4cGVyaWVuY2Utd2lkZ2V0JTNFJTBBJTNDc2NyaXB0JTIwc3JjJTNEJTIyaHR0cHMlM0ElMkYlMkZ0d2Vic2hvcC50b21hcy10cmF2ZWwuY29tJTJGYXBwJTJGZXhwZXJpZW5jZSUyRndpZGdldCUyRmFwcC5qcyUyMiUzRSUzQyUyRnNjcmlwdCUzRSUwQSUzQyUyRmRpdiUzRSUzQyUyRmh0bWwlM0U=[\/vc_raw_js][vc_empty_space alter_height=&#8221;huge&#8221; hide_on_mobile=&#8221;&#8221;][\/vc_column][\/vc_row][vc_row][vc_column][vc_column_text]<\/p>\n<h2>M\u00f6chten Sie einen anderen Ausflug organisieren?<\/h2>\n<p>Wir organisieren gerne weitere Termine und Ausfl\u00fcge nach Ihren W\u00fcnschen!<\/p>\n<p>Bitte kontaktieren Sie uns <a href=\"tel:0041328649066\">telefonisch<\/a> oder per <a href=\"mailto:info@myvaldetravers.ch\">E-Mail<\/a>.[\/vc_column_text][\/vc_column][\/vc_row]<\/p>\n","protected":false},"excerpt":{"rendered":"<p>[vc_row css=&#8221;.vc_custom_1554128789554{margin-top: -0.3em !important;}&#8221;][vc_column][vc_column_text] Begleitete Nachtwanderung mit Schneeschuhen Vergessen Sie alle Sorgen, schnallen Sie sich Ihre Schneeschuhe an und folgen Sie unserem F\u00fchrer, um die verschneiten Landschaften des Val-de-Travers zu&hellip;<\/p>\n","protected":false},"author":73,"featured_media":13504,"parent":0,"menu_order":0,"comment_status":"closed","ping_status":"closed","template":"","meta":{"footnotes":""},"yoast_head":"<!-- This site is optimized with the Yoast SEO plugin v23.5 - https:\/\/yoast.com\/wordpress\/plugins\/seo\/ -->\n<title>Begleitete Schneeschuhwanderung - Destination Val-de-Travers<\/title>\n<meta name=\"description\" content=\"Eine Schneeschuhwanderung bei Einbruch der Dunkelheit mit Begleitung. So schaffen Sie sich unvergessliche Erinnerungen in Les Cernets!\" \/>\n<meta name=\"robots\" content=\"index, follow, max-snippet:-1, max-image-preview:large, max-video-preview:-1\" \/>\n<link rel=\"canonical\" href=\"https:\/\/www.myvaldetravers.ch\/de\/begleitete-schneeschuhwanderung\/\" \/>\n<meta property=\"og:locale\" content=\"de_DE\" \/>\n<meta property=\"og:type\" content=\"article\" \/>\n<meta property=\"og:title\" content=\"Begleitete Schneeschuhwanderung - Destination Val-de-Travers\" \/>\n<meta property=\"og:description\" content=\"Eine Schneeschuhwanderung bei Einbruch der Dunkelheit mit Begleitung. So schaffen Sie sich unvergessliche Erinnerungen in Les Cernets!\" \/>\n<meta property=\"og:url\" content=\"https:\/\/www.myvaldetravers.ch\/de\/begleitete-schneeschuhwanderung\/\" \/>\n<meta property=\"og:site_name\" content=\"Destination Val-de-Travers\" \/>\n<meta property=\"article:publisher\" content=\"https:\/\/www.facebook.com\/DestinationValdeTravers\/\" \/>\n<meta property=\"article:modified_time\" content=\"2025-01-23T14:45:25+00:00\" \/>\n<meta property=\"og:image\" content=\"https:\/\/www.myvaldetravers.ch\/wp-content\/uploads\/2024\/09\/raquettes1920.jpg\" \/>\n\t<meta property=\"og:image:width\" content=\"1920\" \/>\n\t<meta property=\"og:image:height\" content=\"500\" \/>\n\t<meta property=\"og:image:type\" content=\"image\/jpeg\" \/>\n<meta name=\"twitter:card\" content=\"summary_large_image\" \/>\n<meta name=\"twitter:label1\" content=\"Gesch\u00e4tzte Lesezeit\" \/>\n\t<meta name=\"twitter:data1\" content=\"3\u00a0Minuten\" \/>\n<script type=\"application\/ld+json\" class=\"yoast-schema-graph\">{\"@context\":\"https:\/\/schema.org\",\"@graph\":[{\"@type\":\"WebPage\",\"@id\":\"https:\/\/www.myvaldetravers.ch\/de\/begleitete-schneeschuhwanderung\/\",\"url\":\"https:\/\/www.myvaldetravers.ch\/de\/begleitete-schneeschuhwanderung\/\",\"name\":\"Begleitete Schneeschuhwanderung - Destination Val-de-Travers\",\"isPartOf\":{\"@id\":\"https:\/\/www.myvaldetravers.ch\/de\/#website\"},\"primaryImageOfPage\":{\"@id\":\"https:\/\/www.myvaldetravers.ch\/de\/begleitete-schneeschuhwanderung\/#primaryimage\"},\"image\":{\"@id\":\"https:\/\/www.myvaldetravers.ch\/de\/begleitete-schneeschuhwanderung\/#primaryimage\"},\"thumbnailUrl\":\"https:\/\/www.myvaldetravers.ch\/wp-content\/uploads\/2024\/09\/raquettes1920.jpg\",\"datePublished\":\"2022-11-22T07:55:57+00:00\",\"dateModified\":\"2025-01-23T14:45:25+00:00\",\"description\":\"Eine Schneeschuhwanderung bei Einbruch der Dunkelheit mit Begleitung. So schaffen Sie sich unvergessliche Erinnerungen in Les Cernets!\",\"breadcrumb\":{\"@id\":\"https:\/\/www.myvaldetravers.ch\/de\/begleitete-schneeschuhwanderung\/#breadcrumb\"},\"inLanguage\":\"de\",\"potentialAction\":[{\"@type\":\"ReadAction\",\"target\":[\"https:\/\/www.myvaldetravers.ch\/de\/begleitete-schneeschuhwanderung\/\"]}]},{\"@type\":\"ImageObject\",\"inLanguage\":\"de\",\"@id\":\"https:\/\/www.myvaldetravers.ch\/de\/begleitete-schneeschuhwanderung\/#primaryimage\",\"url\":\"https:\/\/www.myvaldetravers.ch\/wp-content\/uploads\/2024\/09\/raquettes1920.jpg\",\"contentUrl\":\"https:\/\/www.myvaldetravers.ch\/wp-content\/uploads\/2024\/09\/raquettes1920.jpg\",\"width\":1920,\"height\":500,\"caption\":\"OLYMPUS DIGITAL CAMERA\"},{\"@type\":\"BreadcrumbList\",\"@id\":\"https:\/\/www.myvaldetravers.ch\/de\/begleitete-schneeschuhwanderung\/#breadcrumb\",\"itemListElement\":[{\"@type\":\"ListItem\",\"position\":1,\"name\":\"Accueil\",\"item\":\"https:\/\/www.myvaldetravers.ch\/de\/\"},{\"@type\":\"ListItem\",\"position\":2,\"name\":\"Begleitete Schneeschuhwanderung\"}]},{\"@type\":\"WebSite\",\"@id\":\"https:\/\/www.myvaldetravers.ch\/de\/#website\",\"url\":\"https:\/\/www.myvaldetravers.ch\/de\/\",\"name\":\"Destination Val-de-Travers\",\"description\":\"Il y a toujours quelque chose \u00e0 faire au Val-de-Travers.\",\"potentialAction\":[{\"@type\":\"SearchAction\",\"target\":{\"@type\":\"EntryPoint\",\"urlTemplate\":\"https:\/\/www.myvaldetravers.ch\/de\/?s={search_term_string}\"},\"query-input\":{\"@type\":\"PropertyValueSpecification\",\"valueRequired\":true,\"valueName\":\"search_term_string\"}}],\"inLanguage\":\"de\"}]}<\/script>\n<!-- \/ Yoast SEO plugin. -->","yoast_head_json":{"title":"Begleitete Schneeschuhwanderung - Destination Val-de-Travers","description":"Eine Schneeschuhwanderung bei Einbruch der Dunkelheit mit Begleitung. So schaffen Sie sich unvergessliche Erinnerungen in Les Cernets!","robots":{"index":"index","follow":"follow","max-snippet":"max-snippet:-1","max-image-preview":"max-image-preview:large","max-video-preview":"max-video-preview:-1"},"canonical":"https:\/\/www.myvaldetravers.ch\/de\/begleitete-schneeschuhwanderung\/","og_locale":"de_DE","og_type":"article","og_title":"Begleitete Schneeschuhwanderung - Destination Val-de-Travers","og_description":"Eine Schneeschuhwanderung bei Einbruch der Dunkelheit mit Begleitung. So schaffen Sie sich unvergessliche Erinnerungen in Les Cernets!","og_url":"https:\/\/www.myvaldetravers.ch\/de\/begleitete-schneeschuhwanderung\/","og_site_name":"Destination Val-de-Travers","article_publisher":"https:\/\/www.facebook.com\/DestinationValdeTravers\/","article_modified_time":"2025-01-23T14:45:25+00:00","og_image":[{"width":1920,"height":500,"url":"https:\/\/www.myvaldetravers.ch\/wp-content\/uploads\/2024\/09\/raquettes1920.jpg","type":"image\/jpeg"}],"twitter_card":"summary_large_image","twitter_misc":{"Gesch\u00e4tzte Lesezeit":"3\u00a0Minuten"},"schema":{"@context":"https:\/\/schema.org","@graph":[{"@type":"WebPage","@id":"https:\/\/www.myvaldetravers.ch\/de\/begleitete-schneeschuhwanderung\/","url":"https:\/\/www.myvaldetravers.ch\/de\/begleitete-schneeschuhwanderung\/","name":"Begleitete Schneeschuhwanderung - Destination Val-de-Travers","isPartOf":{"@id":"https:\/\/www.myvaldetravers.ch\/de\/#website"},"primaryImageOfPage":{"@id":"https:\/\/www.myvaldetravers.ch\/de\/begleitete-schneeschuhwanderung\/#primaryimage"},"image":{"@id":"https:\/\/www.myvaldetravers.ch\/de\/begleitete-schneeschuhwanderung\/#primaryimage"},"thumbnailUrl":"https:\/\/www.myvaldetravers.ch\/wp-content\/uploads\/2024\/09\/raquettes1920.jpg","datePublished":"2022-11-22T07:55:57+00:00","dateModified":"2025-01-23T14:45:25+00:00","description":"Eine Schneeschuhwanderung bei Einbruch der Dunkelheit mit Begleitung. So schaffen Sie sich unvergessliche Erinnerungen in Les Cernets!","breadcrumb":{"@id":"https:\/\/www.myvaldetravers.ch\/de\/begleitete-schneeschuhwanderung\/#breadcrumb"},"inLanguage":"de","potentialAction":[{"@type":"ReadAction","target":["https:\/\/www.myvaldetravers.ch\/de\/begleitete-schneeschuhwanderung\/"]}]},{"@type":"ImageObject","inLanguage":"de","@id":"https:\/\/www.myvaldetravers.ch\/de\/begleitete-schneeschuhwanderung\/#primaryimage","url":"https:\/\/www.myvaldetravers.ch\/wp-content\/uploads\/2024\/09\/raquettes1920.jpg","contentUrl":"https:\/\/www.myvaldetravers.ch\/wp-content\/uploads\/2024\/09\/raquettes1920.jpg","width":1920,"height":500,"caption":"OLYMPUS DIGITAL CAMERA"},{"@type":"BreadcrumbList","@id":"https:\/\/www.myvaldetravers.ch\/de\/begleitete-schneeschuhwanderung\/#breadcrumb","itemListElement":[{"@type":"ListItem","position":1,"name":"Accueil","item":"https:\/\/www.myvaldetravers.ch\/de\/"},{"@type":"ListItem","position":2,"name":"Begleitete Schneeschuhwanderung"}]},{"@type":"WebSite","@id":"https:\/\/www.myvaldetravers.ch\/de\/#website","url":"https:\/\/www.myvaldetravers.ch\/de\/","name":"Destination Val-de-Travers","description":"Il y a toujours quelque chose \u00e0 faire au Val-de-Travers.","potentialAction":[{"@type":"SearchAction","target":{"@type":"EntryPoint","urlTemplate":"https:\/\/www.myvaldetravers.ch\/de\/?s={search_term_string}"},"query-input":{"@type":"PropertyValueSpecification","valueRequired":true,"valueName":"search_term_string"}}],"inLanguage":"de"}]}},"_links":{"self":[{"href":"https:\/\/www.myvaldetravers.ch\/de\/wp-json\/wp\/v2\/pages\/9852"}],"collection":[{"href":"https:\/\/www.myvaldetravers.ch\/de\/wp-json\/wp\/v2\/pages"}],"about":[{"href":"https:\/\/www.myvaldetravers.ch\/de\/wp-json\/wp\/v2\/types\/page"}],"author":[{"embeddable":true,"href":"https:\/\/www.myvaldetravers.ch\/de\/wp-json\/wp\/v2\/users\/73"}],"replies":[{"embeddable":true,"href":"https:\/\/www.myvaldetravers.ch\/de\/wp-json\/wp\/v2\/comments?post=9852"}],"version-history":[{"count":23,"href":"https:\/\/www.myvaldetravers.ch\/de\/wp-json\/wp\/v2\/pages\/9852\/revisions"}],"predecessor-version":[{"id":13853,"href":"https:\/\/www.myvaldetravers.ch\/de\/wp-json\/wp\/v2\/pages\/9852\/revisions\/13853"}],"wp:featuredmedia":[{"embeddable":true,"href":"https:\/\/www.myvaldetravers.ch\/de\/wp-json\/wp\/v2\/media\/13504"}],"wp:attachment":[{"href":"https:\/\/www.myvaldetravers.ch\/de\/wp-json\/wp\/v2\/media?parent=9852"}],"curies":[{"name":"wp","href":"https:\/\/api.w.org\/{rel}","templated":true}]}}